{"id":70589,"date":"2024-05-10T16:50:48","date_gmt":"2024-05-10T16:50:48","guid":{"rendered":"https:\/\/www.loopkinglaces.com\/products\/elegant-sac-a-chaussures-noir-avec-un-cordon-sophistique-en-cuir-blanc\/"},"modified":"2024-05-10T16:50:48","modified_gmt":"2024-05-10T16:50:48","slug":"elegant-sac-a-chaussures-noir-avec-un-cordon-sophistique-en-cuir-blanc","status":"publish","type":"product","link":"https:\/\/www.loopkinglaces.com\/fr\/products\/elegant-sac-a-chaussures-noir-avec-un-cordon-sophistique-en-cuir-blanc\/","title":{"rendered":"\u00c9l\u00e9gant sac \u00e0 chaussures noir avec un cordon sophistiqu\u00e9 en cuir blanc"},"content":{"rendered":"","protected":false},"excerpt":{"rendered":"<p><strong>Sac \u00e0 chaussures noir avec cordon<\/strong> en cuir blanc Am\u00e9liore le rangement de tes chaussures avec ce sac \u00e0 chaussures noir dot\u00e9 d&#8217;un cordon en cuir blanc.<br \/>\n\u00c9l\u00e9gant, durable et con\u00e7u pour \u00eatre pratique et \u00e9l\u00e9gant.   <strong>Caract\u00e9ristiques :<\/strong><\/p>\n<ul>\n<li><strong>Design \u00e9l\u00e9gant :<\/strong> Sac noir avec un cordon en cuir blanc contrastant.<\/li>\n<li><strong>Qualit\u00e9 sup\u00e9rieure :<\/strong> Tissu durable pour une utilisation de longue dur\u00e9e.<\/li>\n<li><strong>Fermeture s\u00e9curis\u00e9e :<\/strong> Le cordon en cuir garde tes chaussures en s\u00e9curit\u00e9 et organis\u00e9es.<\/li>\n<li><strong>Facile \u00e0 transporter :<\/strong> L\u00e9ger et compact pour faciliter les d\u00e9placements.<\/li>\n<\/ul>\n","protected":false},"featured_media":57159,"comment_status":"closed","ping_status":"closed","template":"","meta":{"_acf_changed":false},"product_brand":[],"product_cat":[1434],"product_tag":[],"woo-feed-brand":[],"class_list":{"0":"post-70589","1":"product","2":"type-product","3":"status-publish","4":"has-post-thumbnail","6":"product_cat-non-classe","8":"first","9":"instock","10":"taxable","11":"shipping-taxable","12":"purchasable","13":"product-type-simple"},"acf":[],"yoast_head":"<!-- This site is optimized with the Yoast SEO plugin v27.4 - https:\/\/yoast.com\/product\/yoast-seo-wordpress\/ -->\n<title>Sac \u00e0 chaussures noir avec cordon de serrage en cuir blanc | Rangement \u00e9l\u00e9gant des chaussures<\/title>\n<meta name=\"description\" content=\"Sac \u00e0 chaussures noir \u00e9l\u00e9gant avec cordon en cuir blanc. \u00c9l\u00e9gant, durable et parfait pour les voyages ou le rangement des chaussures \u00e0 la maison.\" \/>\n<meta name=\"robots\" content=\"index, follow, max-snippet:-1, max-image-preview:large, max-video-preview:-1\" \/>\n<link rel=\"canonical\" href=\"https:\/\/www.loopkinglaces.com\/fr\/products\/elegant-sac-a-chaussures-noir-avec-un-cordon-sophistique-en-cuir-blanc\/\" \/>\n<meta property=\"og:locale\" content=\"fr_FR\" \/>\n<meta property=\"og:type\" content=\"article\" \/>\n<meta property=\"og:title\" content=\"Sac \u00e0 chaussures noir avec cordon de serrage en cuir blanc | Rangement \u00e9l\u00e9gant des chaussures\" \/>\n<meta property=\"og:description\" content=\"Sac \u00e0 chaussures noir \u00e9l\u00e9gant avec cordon en cuir blanc. \u00c9l\u00e9gant, durable et parfait pour les voyages ou le rangement des chaussures \u00e0 la maison.\" \/>\n<meta property=\"og:url\" content=\"https:\/\/www.loopkinglaces.com\/fr\/products\/elegant-sac-a-chaussures-noir-avec-un-cordon-sophistique-en-cuir-blanc\/\" \/>\n<meta property=\"og:site_name\" content=\"Luxury Gold Tip Shoelaces by Loop King Laces\" \/>\n<meta property=\"article:publisher\" content=\"https:\/\/www.facebook.com\/LoopKingLaces\/\" \/>\n<meta property=\"og:image\" content=\"https:\/\/www.loopkinglaces.com\/wp-content\/uploads\/0412A-48-scaled.jpg\" \/>\n\t<meta property=\"og:image:width\" content=\"2560\" \/>\n\t<meta property=\"og:image:height\" content=\"1707\" \/>\n\t<meta property=\"og:image:type\" content=\"image\/jpeg\" \/>\n<meta name=\"twitter:card\" content=\"summary_large_image\" \/>\n<meta name=\"twitter:site\" content=\"@loopkinglaces\" \/>\n<script type=\"application\/ld+json\" class=\"yoast-schema-graph\">{\"@context\":\"https:\\\/\\\/schema.org\",\"@graph\":[{\"@type\":[\"WebPage\",\"ItemPage\"],\"@id\":\"https:\\\/\\\/www.loopkinglaces.com\\\/fr\\\/products\\\/elegant-sac-a-chaussures-noir-avec-un-cordon-sophistique-en-cuir-blanc\\\/\",\"url\":\"https:\\\/\\\/www.loopkinglaces.com\\\/fr\\\/products\\\/elegant-sac-a-chaussures-noir-avec-un-cordon-sophistique-en-cuir-blanc\\\/\",\"name\":\"Sac \u00e0 chaussures noir avec cordon de serrage en cuir blanc | Rangement \u00e9l\u00e9gant des chaussures\",\"isPartOf\":{\"@id\":\"https:\\\/\\\/www.loopkinglaces.com\\\/fr\\\/#website\"},\"primaryImageOfPage\":{\"@id\":\"https:\\\/\\\/www.loopkinglaces.com\\\/fr\\\/products\\\/elegant-sac-a-chaussures-noir-avec-un-cordon-sophistique-en-cuir-blanc\\\/#primaryimage\"},\"image\":{\"@id\":\"https:\\\/\\\/www.loopkinglaces.com\\\/fr\\\/products\\\/elegant-sac-a-chaussures-noir-avec-un-cordon-sophistique-en-cuir-blanc\\\/#primaryimage\"},\"thumbnailUrl\":\"https:\\\/\\\/www.loopkinglaces.com\\\/wp-content\\\/uploads\\\/0412A-48-scaled.jpg\",\"datePublished\":\"2024-05-10T16:50:48+00:00\",\"description\":\"Sac \u00e0 chaussures noir \u00e9l\u00e9gant avec cordon en cuir blanc. \u00c9l\u00e9gant, durable et parfait pour les voyages ou le rangement des chaussures \u00e0 la maison.\",\"breadcrumb\":{\"@id\":\"https:\\\/\\\/www.loopkinglaces.com\\\/fr\\\/products\\\/elegant-sac-a-chaussures-noir-avec-un-cordon-sophistique-en-cuir-blanc\\\/#breadcrumb\"},\"inLanguage\":\"fr-FR\",\"potentialAction\":[{\"@type\":\"ReadAction\",\"target\":[\"https:\\\/\\\/www.loopkinglaces.com\\\/fr\\\/products\\\/elegant-sac-a-chaussures-noir-avec-un-cordon-sophistique-en-cuir-blanc\\\/\"]}]},{\"@type\":\"ImageObject\",\"inLanguage\":\"fr-FR\",\"@id\":\"https:\\\/\\\/www.loopkinglaces.com\\\/fr\\\/products\\\/elegant-sac-a-chaussures-noir-avec-un-cordon-sophistique-en-cuir-blanc\\\/#primaryimage\",\"url\":\"https:\\\/\\\/www.loopkinglaces.com\\\/wp-content\\\/uploads\\\/0412A-48-scaled.jpg\",\"contentUrl\":\"https:\\\/\\\/www.loopkinglaces.com\\\/wp-content\\\/uploads\\\/0412A-48-scaled.jpg\",\"width\":2560,\"height\":1707},{\"@type\":\"BreadcrumbList\",\"@id\":\"https:\\\/\\\/www.loopkinglaces.com\\\/fr\\\/products\\\/elegant-sac-a-chaussures-noir-avec-un-cordon-sophistique-en-cuir-blanc\\\/#breadcrumb\",\"itemListElement\":[{\"@type\":\"ListItem\",\"position\":1,\"name\":\"Home\",\"item\":\"https:\\\/\\\/www.loopkinglaces.com\\\/fr\\\/\"},{\"@type\":\"ListItem\",\"position\":2,\"name\":\"ACHETER DES LACES\",\"item\":\"https:\\\/\\\/www.loopkinglaces.com\\\/fr\\\/acheter-des-laces\\\/\"},{\"@type\":\"ListItem\",\"position\":3,\"name\":\"\u00c9l\u00e9gant sac \u00e0 chaussures noir avec un cordon sophistiqu\u00e9 en cuir blanc\"}]},{\"@type\":\"WebSite\",\"@id\":\"https:\\\/\\\/www.loopkinglaces.com\\\/fr\\\/#website\",\"url\":\"https:\\\/\\\/www.loopkinglaces.com\\\/fr\\\/\",\"name\":\"Luxury Gold Tip Shoelaces by Loop King Laces\",\"description\":\"Rope Laces, Flat Waxed Laces and Leather Laces. All With Gold Tips.\",\"publisher\":{\"@id\":\"https:\\\/\\\/www.loopkinglaces.com\\\/fr\\\/#organization\"},\"potentialAction\":[{\"@type\":\"SearchAction\",\"target\":{\"@type\":\"EntryPoint\",\"urlTemplate\":\"https:\\\/\\\/www.loopkinglaces.com\\\/fr\\\/?s={search_term_string}\"},\"query-input\":{\"@type\":\"PropertyValueSpecification\",\"valueRequired\":true,\"valueName\":\"search_term_string\"}}],\"inLanguage\":\"fr-FR\"},{\"@type\":\"Organization\",\"@id\":\"https:\\\/\\\/www.loopkinglaces.com\\\/fr\\\/#organization\",\"name\":\"Loop King Laces\",\"url\":\"https:\\\/\\\/www.loopkinglaces.com\\\/fr\\\/\",\"logo\":{\"@type\":\"ImageObject\",\"inLanguage\":\"fr-FR\",\"@id\":\"https:\\\/\\\/www.loopkinglaces.com\\\/fr\\\/#\\\/schema\\\/logo\\\/image\\\/\",\"url\":\"https:\\\/\\\/www.loopkinglaces.com\\\/wp-content\\\/uploads\\\/LOOP-KING-LACES.1.1-01-LOGO-HI-RES-OFFICIAL-1.png\",\"contentUrl\":\"https:\\\/\\\/www.loopkinglaces.com\\\/wp-content\\\/uploads\\\/LOOP-KING-LACES.1.1-01-LOGO-HI-RES-OFFICIAL-1.png\",\"width\":128,\"height\":91,\"caption\":\"Loop King Laces\"},\"image\":{\"@id\":\"https:\\\/\\\/www.loopkinglaces.com\\\/fr\\\/#\\\/schema\\\/logo\\\/image\\\/\"},\"sameAs\":[\"https:\\\/\\\/www.facebook.com\\\/LoopKingLaces\\\/\",\"https:\\\/\\\/x.com\\\/loopkinglaces\",\"https:\\\/\\\/www.instagram.com\\\/loopkinglaces\\\/\"]}]}<\/script>\n<!-- \/ Yoast SEO plugin. -->","yoast_head_json":{"title":"Sac \u00e0 chaussures noir avec cordon de serrage en cuir blanc | Rangement \u00e9l\u00e9gant des chaussures","description":"Sac \u00e0 chaussures noir \u00e9l\u00e9gant avec cordon en cuir blanc. \u00c9l\u00e9gant, durable et parfait pour les voyages ou le rangement des chaussures \u00e0 la maison.","robots":{"index":"index","follow":"follow","max-snippet":"max-snippet:-1","max-image-preview":"max-image-preview:large","max-video-preview":"max-video-preview:-1"},"canonical":"https:\/\/www.loopkinglaces.com\/fr\/products\/elegant-sac-a-chaussures-noir-avec-un-cordon-sophistique-en-cuir-blanc\/","og_locale":"fr_FR","og_type":"article","og_title":"Sac \u00e0 chaussures noir avec cordon de serrage en cuir blanc | Rangement \u00e9l\u00e9gant des chaussures","og_description":"Sac \u00e0 chaussures noir \u00e9l\u00e9gant avec cordon en cuir blanc. \u00c9l\u00e9gant, durable et parfait pour les voyages ou le rangement des chaussures \u00e0 la maison.","og_url":"https:\/\/www.loopkinglaces.com\/fr\/products\/elegant-sac-a-chaussures-noir-avec-un-cordon-sophistique-en-cuir-blanc\/","og_site_name":"Luxury Gold Tip Shoelaces by Loop King Laces","article_publisher":"https:\/\/www.facebook.com\/LoopKingLaces\/","og_image":[{"width":2560,"height":1707,"url":"https:\/\/www.loopkinglaces.com\/wp-content\/uploads\/0412A-48-scaled.jpg","type":"image\/jpeg"}],"twitter_card":"summary_large_image","twitter_site":"@loopkinglaces","schema":{"@context":"https:\/\/schema.org","@graph":[{"@type":["WebPage","ItemPage"],"@id":"https:\/\/www.loopkinglaces.com\/fr\/products\/elegant-sac-a-chaussures-noir-avec-un-cordon-sophistique-en-cuir-blanc\/","url":"https:\/\/www.loopkinglaces.com\/fr\/products\/elegant-sac-a-chaussures-noir-avec-un-cordon-sophistique-en-cuir-blanc\/","name":"Sac \u00e0 chaussures noir avec cordon de serrage en cuir blanc | Rangement \u00e9l\u00e9gant des chaussures","isPartOf":{"@id":"https:\/\/www.loopkinglaces.com\/fr\/#website"},"primaryImageOfPage":{"@id":"https:\/\/www.loopkinglaces.com\/fr\/products\/elegant-sac-a-chaussures-noir-avec-un-cordon-sophistique-en-cuir-blanc\/#primaryimage"},"image":{"@id":"https:\/\/www.loopkinglaces.com\/fr\/products\/elegant-sac-a-chaussures-noir-avec-un-cordon-sophistique-en-cuir-blanc\/#primaryimage"},"thumbnailUrl":"https:\/\/www.loopkinglaces.com\/wp-content\/uploads\/0412A-48-scaled.jpg","datePublished":"2024-05-10T16:50:48+00:00","description":"Sac \u00e0 chaussures noir \u00e9l\u00e9gant avec cordon en cuir blanc. \u00c9l\u00e9gant, durable et parfait pour les voyages ou le rangement des chaussures \u00e0 la maison.","breadcrumb":{"@id":"https:\/\/www.loopkinglaces.com\/fr\/products\/elegant-sac-a-chaussures-noir-avec-un-cordon-sophistique-en-cuir-blanc\/#breadcrumb"},"inLanguage":"fr-FR","potentialAction":[{"@type":"ReadAction","target":["https:\/\/www.loopkinglaces.com\/fr\/products\/elegant-sac-a-chaussures-noir-avec-un-cordon-sophistique-en-cuir-blanc\/"]}]},{"@type":"ImageObject","inLanguage":"fr-FR","@id":"https:\/\/www.loopkinglaces.com\/fr\/products\/elegant-sac-a-chaussures-noir-avec-un-cordon-sophistique-en-cuir-blanc\/#primaryimage","url":"https:\/\/www.loopkinglaces.com\/wp-content\/uploads\/0412A-48-scaled.jpg","contentUrl":"https:\/\/www.loopkinglaces.com\/wp-content\/uploads\/0412A-48-scaled.jpg","width":2560,"height":1707},{"@type":"BreadcrumbList","@id":"https:\/\/www.loopkinglaces.com\/fr\/products\/elegant-sac-a-chaussures-noir-avec-un-cordon-sophistique-en-cuir-blanc\/#breadcrumb","itemListElement":[{"@type":"ListItem","position":1,"name":"Home","item":"https:\/\/www.loopkinglaces.com\/fr\/"},{"@type":"ListItem","position":2,"name":"ACHETER DES LACES","item":"https:\/\/www.loopkinglaces.com\/fr\/acheter-des-laces\/"},{"@type":"ListItem","position":3,"name":"\u00c9l\u00e9gant sac \u00e0 chaussures noir avec un cordon sophistiqu\u00e9 en cuir blanc"}]},{"@type":"WebSite","@id":"https:\/\/www.loopkinglaces.com\/fr\/#website","url":"https:\/\/www.loopkinglaces.com\/fr\/","name":"Luxury Gold Tip Shoelaces by Loop King Laces","description":"Rope Laces, Flat Waxed Laces and Leather Laces. All With Gold Tips.","publisher":{"@id":"https:\/\/www.loopkinglaces.com\/fr\/#organization"},"potentialAction":[{"@type":"SearchAction","target":{"@type":"EntryPoint","urlTemplate":"https:\/\/www.loopkinglaces.com\/fr\/?s={search_term_string}"},"query-input":{"@type":"PropertyValueSpecification","valueRequired":true,"valueName":"search_term_string"}}],"inLanguage":"fr-FR"},{"@type":"Organization","@id":"https:\/\/www.loopkinglaces.com\/fr\/#organization","name":"Loop King Laces","url":"https:\/\/www.loopkinglaces.com\/fr\/","logo":{"@type":"ImageObject","inLanguage":"fr-FR","@id":"https:\/\/www.loopkinglaces.com\/fr\/#\/schema\/logo\/image\/","url":"https:\/\/www.loopkinglaces.com\/wp-content\/uploads\/LOOP-KING-LACES.1.1-01-LOGO-HI-RES-OFFICIAL-1.png","contentUrl":"https:\/\/www.loopkinglaces.com\/wp-content\/uploads\/LOOP-KING-LACES.1.1-01-LOGO-HI-RES-OFFICIAL-1.png","width":128,"height":91,"caption":"Loop King Laces"},"image":{"@id":"https:\/\/www.loopkinglaces.com\/fr\/#\/schema\/logo\/image\/"},"sameAs":["https:\/\/www.facebook.com\/LoopKingLaces\/","https:\/\/x.com\/loopkinglaces","https:\/\/www.instagram.com\/loopkinglaces\/"]}]}},"_links":{"self":[{"href":"https:\/\/www.loopkinglaces.com\/fr\/wp-json\/wp\/v2\/product\/70589","targetHints":{"allow":["GET"]}}],"collection":[{"href":"https:\/\/www.loopkinglaces.com\/fr\/wp-json\/wp\/v2\/product"}],"about":[{"href":"https:\/\/www.loopkinglaces.com\/fr\/wp-json\/wp\/v2\/types\/product"}],"replies":[{"embeddable":true,"href":"https:\/\/www.loopkinglaces.com\/fr\/wp-json\/wp\/v2\/comments?post=70589"}],"wp:featuredmedia":[{"embeddable":true,"href":"https:\/\/www.loopkinglaces.com\/fr\/wp-json\/wp\/v2\/media\/57159"}],"wp:attachment":[{"href":"https:\/\/www.loopkinglaces.com\/fr\/wp-json\/wp\/v2\/media?parent=70589"}],"wp:term":[{"taxonomy":"product_brand","embeddable":true,"href":"https:\/\/www.loopkinglaces.com\/fr\/wp-json\/wp\/v2\/product_brand?post=70589"},{"taxonomy":"product_cat","embeddable":true,"href":"https:\/\/www.loopkinglaces.com\/fr\/wp-json\/wp\/v2\/product_cat?post=70589"},{"taxonomy":"product_tag","embeddable":true,"href":"https:\/\/www.loopkinglaces.com\/fr\/wp-json\/wp\/v2\/product_tag?post=70589"},{"taxonomy":"woo-feed-brand","embeddable":true,"href":"https:\/\/www.loopkinglaces.com\/fr\/wp-json\/wp\/v2\/woo-feed-brand?post=70589"}],"curies":[{"name":"wp","href":"https:\/\/api.w.org\/{rel}","templated":true}]}}