{"id":70372,"date":"2024-02-07T15:51:42","date_gmt":"2024-02-07T15:51:42","guid":{"rendered":"https:\/\/www.loopkinglaces.com\/products\/des-protecteurs-de-plis-robustes-qui-gardent-les-chaussures-de-sport-en-pleine-forme\/"},"modified":"2024-02-07T15:51:42","modified_gmt":"2024-02-07T15:51:42","slug":"des-protecteurs-de-plis-robustes-qui-gardent-les-chaussures-de-sport-en-pleine-forme","status":"publish","type":"product","link":"https:\/\/www.loopkinglaces.com\/fr\/products\/des-protecteurs-de-plis-robustes-qui-gardent-les-chaussures-de-sport-en-pleine-forme\/","title":{"rendered":"Des protecteurs de plis robustes qui gardent les chaussures de sport en pleine forme"},"content":{"rendered":"<p><span style=\"font-weight: 400;\">Alors si tu veux tirer le meilleur parti d&#8217;une nouvelle paire de Yeezys, de Jordans ou de Chuck Taylors, les protecteurs de plis devraient \u00eatre ton tout prochain achat.  <\/span><\/p>\n<p><span style=\"font-weight: 400;\">Ne te contente pas de prot\u00e8ge-plis de qualit\u00e9 inf\u00e9rieure qui se plieront et se casseront apr\u00e8s seulement quelques mois.<br \/>\nNos prot\u00e8ge-plis sont dot\u00e9s des caract\u00e9ristiques suivantes   <\/span><b>des mat\u00e9riaux de premi\u00e8re qualit\u00e9 <\/b><span style=\"font-weight: 400;\">afin de garantir qu&#8217;ils te serviront pendant tr\u00e8s longtemps. <\/span><span style=\"font-weight: 400;\">Gr\u00e2ce \u00e0 nos protecteurs de plis qui renforcent ta paire de chaussures pr\u00e9f\u00e9r\u00e9e, tu n&#8217;auras plus \u00e0 t&#8217;inqui\u00e9ter de la formation de plis inesth\u00e9tiques de sit\u00f4t. <\/span> <\/p>\n","protected":false},"excerpt":{"rendered":"<p><i><span style=\"font-weight: 400;\">Tu viens d&#8217;investir dans une nouvelle paire de baskets haut de gamme ?<\/span><\/i><\/p>\n<p><span style=\"font-weight: 400;\">Si c&#8217;est le cas, tu voudras faire tout ce qui est en ton pouvoir pour qu&#8217;ils aient l&#8217;air tout neufs.<br \/>\nLe plus important, c&#8217;est que tu as besoin d&#8217;une paire de   <\/span><b>protecteurs de plis<\/b><span style=\"font-weight: 400;\"> pour t&#8217;assurer que tes bo\u00eetes \u00e0 orteils ne d\u00e9veloppent pas de plis inesth\u00e9tiques. <\/span> <\/p>\n<p><span style=\"font-weight: 400;\">Sans protecteur de plis, le mat\u00e9riau de tes bo\u00eetes \u00e0 orteils se contorsionnera et se pliera \u00e0 chaque pas que tu feras.<br \/>\nAvec le temps, des plis profonds commenceront \u00e0 appara\u00eetre, ce qui les fera para\u00eetre vieux et us\u00e9s.   <\/span><\/p>\n<p><span style=\"font-weight: 400;\">Nos protecteurs de plis sont incroyables car ils ajoutent \u00e0 la dur\u00e9e de vie de tes baskets.  <\/span><\/p>\n<p><span style=\"font-weight: 400;\">Vois la liste compl\u00e8te des caract\u00e9ristiques ci-dessous :<\/span><\/p>\n<ul>\n<li style=\"font-weight: 400;\" aria-level=\"1\"><span style=\"font-weight: 400;\">Mat\u00e9riaux durables pour une dur\u00e9e de vie extra-longue.<\/span><\/li>\n<li style=\"font-weight: 400;\" aria-level=\"1\"><span style=\"font-weight: 400;\">Disponible en noir et blanc<\/span><\/li>\n<li style=\"font-weight: 400;\" aria-level=\"1\"><span style=\"font-weight: 400;\">Emballage scell\u00e9 et superbe<\/span><\/li>\n<li style=\"font-weight: 400;\" aria-level=\"1\"><span style=\"font-weight: 400;\">Convient \u00e0 toutes les grandes marques de chaussures de sport<\/span><\/li>\n<li style=\"font-weight: 400;\" aria-level=\"1\"><span style=\"font-weight: 400;\">Emp\u00eache la formation de plis dans les bo\u00eetes \u00e0 orteils.<\/span><\/li>\n<\/ul>\n","protected":false},"featured_media":70373,"comment_status":"open","ping_status":"closed","template":"","meta":{"_acf_changed":false},"product_brand":[],"product_cat":[1185,1434,947],"product_tag":[],"woo-feed-brand":[],"class_list":{"0":"post-70372","1":"product","2":"type-product","3":"status-publish","4":"has-post-thumbnail","6":"product_cat-lacets-a-pointe-dor","7":"product_cat-non-classe","8":"product_cat-tous-les-lacets","10":"first","11":"instock","12":"taxable","13":"shipping-taxable","14":"purchasable","15":"product-type-variable"},"acf":[],"yoast_head":"<!-- This site is optimized with the Yoast SEO plugin v27.3 - https:\/\/yoast.com\/product\/yoast-seo-wordpress\/ -->\n<title>Protecteurs de plis haut de gamme pour une bo\u00eete \u00e0 orteils sup\u00e9rieure impeccable<\/title>\n<meta name=\"description\" content=\"Les plis profonds ruinent l&#039;apparence de n&#039;importe quelle basket, et la mauvaise nouvelle est qu&#039;ils sont in\u00e9vitables \u00e0 moins que tu n&#039;aies une protection - alors regarde nos protections contre les plis.\" \/>\n<meta name=\"robots\" content=\"index, follow, max-snippet:-1, max-image-preview:large, max-video-preview:-1\" \/>\n<link rel=\"canonical\" href=\"https:\/\/www.loopkinglaces.com\/fr\/products\/des-protecteurs-de-plis-robustes-qui-gardent-les-chaussures-de-sport-en-pleine-forme\/\" \/>\n<meta property=\"og:locale\" content=\"fr_FR\" \/>\n<meta property=\"og:type\" content=\"article\" \/>\n<meta property=\"og:title\" content=\"Protecteurs de plis haut de gamme pour une bo\u00eete \u00e0 orteils sup\u00e9rieure impeccable\" \/>\n<meta property=\"og:description\" content=\"Les plis profonds ruinent l&#039;apparence de n&#039;importe quelle basket, et la mauvaise nouvelle est qu&#039;ils sont in\u00e9vitables \u00e0 moins que tu n&#039;aies une protection - alors regarde nos protections contre les plis.\" \/>\n<meta property=\"og:url\" content=\"https:\/\/www.loopkinglaces.com\/fr\/products\/des-protecteurs-de-plis-robustes-qui-gardent-les-chaussures-de-sport-en-pleine-forme\/\" \/>\n<meta property=\"og:site_name\" content=\"Luxury Gold Tip Shoelaces by Loop King Laces\" \/>\n<meta property=\"article:publisher\" content=\"https:\/\/www.facebook.com\/LoopKingLaces\/\" \/>\n<meta property=\"og:image\" content=\"https:\/\/www.loopkinglaces.com\/wp-content\/uploads\/Crease-Protector-Yellow-3.jpg\" \/>\n\t<meta property=\"og:image:width\" content=\"578\" \/>\n\t<meta property=\"og:image:height\" content=\"575\" \/>\n\t<meta property=\"og:image:type\" content=\"image\/jpeg\" \/>\n<meta name=\"twitter:card\" content=\"summary_large_image\" \/>\n<meta name=\"twitter:site\" content=\"@loopkinglaces\" \/>\n<meta name=\"twitter:label1\" content=\"Dur\u00e9e de lecture estim\u00e9e\" \/>\n\t<meta name=\"twitter:data1\" content=\"1 minute\" \/>\n<script type=\"application\/ld+json\" class=\"yoast-schema-graph\">{\"@context\":\"https:\\\/\\\/schema.org\",\"@graph\":[{\"@type\":[\"WebPage\",\"ItemPage\"],\"@id\":\"https:\\\/\\\/www.loopkinglaces.com\\\/fr\\\/products\\\/des-protecteurs-de-plis-robustes-qui-gardent-les-chaussures-de-sport-en-pleine-forme\\\/\",\"url\":\"https:\\\/\\\/www.loopkinglaces.com\\\/fr\\\/products\\\/des-protecteurs-de-plis-robustes-qui-gardent-les-chaussures-de-sport-en-pleine-forme\\\/\",\"name\":\"Protecteurs de plis haut de gamme pour une bo\u00eete \u00e0 orteils sup\u00e9rieure impeccable\",\"isPartOf\":{\"@id\":\"https:\\\/\\\/www.loopkinglaces.com\\\/fr\\\/#website\"},\"primaryImageOfPage\":{\"@id\":\"https:\\\/\\\/www.loopkinglaces.com\\\/fr\\\/products\\\/des-protecteurs-de-plis-robustes-qui-gardent-les-chaussures-de-sport-en-pleine-forme\\\/#primaryimage\"},\"image\":{\"@id\":\"https:\\\/\\\/www.loopkinglaces.com\\\/fr\\\/products\\\/des-protecteurs-de-plis-robustes-qui-gardent-les-chaussures-de-sport-en-pleine-forme\\\/#primaryimage\"},\"thumbnailUrl\":\"https:\\\/\\\/www.loopkinglaces.com\\\/wp-content\\\/uploads\\\/Crease-Protector-Yellow-3.jpg\",\"datePublished\":\"2024-02-07T15:51:42+00:00\",\"description\":\"Les plis profonds ruinent l'apparence de n'importe quelle basket, et la mauvaise nouvelle est qu'ils sont in\u00e9vitables \u00e0 moins que tu n'aies une protection - alors regarde nos protections contre les plis.\",\"breadcrumb\":{\"@id\":\"https:\\\/\\\/www.loopkinglaces.com\\\/fr\\\/products\\\/des-protecteurs-de-plis-robustes-qui-gardent-les-chaussures-de-sport-en-pleine-forme\\\/#breadcrumb\"},\"inLanguage\":\"fr-FR\",\"potentialAction\":[{\"@type\":\"ReadAction\",\"target\":[\"https:\\\/\\\/www.loopkinglaces.com\\\/fr\\\/products\\\/des-protecteurs-de-plis-robustes-qui-gardent-les-chaussures-de-sport-en-pleine-forme\\\/\"]}]},{\"@type\":\"ImageObject\",\"inLanguage\":\"fr-FR\",\"@id\":\"https:\\\/\\\/www.loopkinglaces.com\\\/fr\\\/products\\\/des-protecteurs-de-plis-robustes-qui-gardent-les-chaussures-de-sport-en-pleine-forme\\\/#primaryimage\",\"url\":\"https:\\\/\\\/www.loopkinglaces.com\\\/wp-content\\\/uploads\\\/Crease-Protector-Yellow-3.jpg\",\"contentUrl\":\"https:\\\/\\\/www.loopkinglaces.com\\\/wp-content\\\/uploads\\\/Crease-Protector-Yellow-3.jpg\",\"width\":578,\"height\":575},{\"@type\":\"BreadcrumbList\",\"@id\":\"https:\\\/\\\/www.loopkinglaces.com\\\/fr\\\/products\\\/des-protecteurs-de-plis-robustes-qui-gardent-les-chaussures-de-sport-en-pleine-forme\\\/#breadcrumb\",\"itemListElement\":[{\"@type\":\"ListItem\",\"position\":1,\"name\":\"Home\",\"item\":\"https:\\\/\\\/www.loopkinglaces.com\\\/fr\\\/\"},{\"@type\":\"ListItem\",\"position\":2,\"name\":\"ACHETER DES LACES\",\"item\":\"https:\\\/\\\/www.loopkinglaces.com\\\/fr\\\/acheter-des-laces\\\/\"},{\"@type\":\"ListItem\",\"position\":3,\"name\":\"Des protecteurs de plis robustes qui gardent les chaussures de sport en pleine forme\"}]},{\"@type\":\"WebSite\",\"@id\":\"https:\\\/\\\/www.loopkinglaces.com\\\/fr\\\/#website\",\"url\":\"https:\\\/\\\/www.loopkinglaces.com\\\/fr\\\/\",\"name\":\"Luxury Gold Tip Shoelaces by Loop King Laces\",\"description\":\"Rope Laces, Flat Waxed Laces and Leather Laces. All With Gold Tips.\",\"publisher\":{\"@id\":\"https:\\\/\\\/www.loopkinglaces.com\\\/fr\\\/#organization\"},\"potentialAction\":[{\"@type\":\"SearchAction\",\"target\":{\"@type\":\"EntryPoint\",\"urlTemplate\":\"https:\\\/\\\/www.loopkinglaces.com\\\/fr\\\/?s={search_term_string}\"},\"query-input\":{\"@type\":\"PropertyValueSpecification\",\"valueRequired\":true,\"valueName\":\"search_term_string\"}}],\"inLanguage\":\"fr-FR\"},{\"@type\":\"Organization\",\"@id\":\"https:\\\/\\\/www.loopkinglaces.com\\\/fr\\\/#organization\",\"name\":\"Loop King Laces\",\"url\":\"https:\\\/\\\/www.loopkinglaces.com\\\/fr\\\/\",\"logo\":{\"@type\":\"ImageObject\",\"inLanguage\":\"fr-FR\",\"@id\":\"https:\\\/\\\/www.loopkinglaces.com\\\/fr\\\/#\\\/schema\\\/logo\\\/image\\\/\",\"url\":\"https:\\\/\\\/www.loopkinglaces.com\\\/wp-content\\\/uploads\\\/LOOP-KING-LACES.1.1-01-LOGO-HI-RES-OFFICIAL-1.png\",\"contentUrl\":\"https:\\\/\\\/www.loopkinglaces.com\\\/wp-content\\\/uploads\\\/LOOP-KING-LACES.1.1-01-LOGO-HI-RES-OFFICIAL-1.png\",\"width\":128,\"height\":91,\"caption\":\"Loop King Laces\"},\"image\":{\"@id\":\"https:\\\/\\\/www.loopkinglaces.com\\\/fr\\\/#\\\/schema\\\/logo\\\/image\\\/\"},\"sameAs\":[\"https:\\\/\\\/www.facebook.com\\\/LoopKingLaces\\\/\",\"https:\\\/\\\/x.com\\\/loopkinglaces\",\"https:\\\/\\\/www.instagram.com\\\/loopkinglaces\\\/\"]}]}<\/script>\n<!-- \/ Yoast SEO plugin. -->","yoast_head_json":{"title":"Protecteurs de plis haut de gamme pour une bo\u00eete \u00e0 orteils sup\u00e9rieure impeccable","description":"Les plis profonds ruinent l'apparence de n'importe quelle basket, et la mauvaise nouvelle est qu'ils sont in\u00e9vitables \u00e0 moins que tu n'aies une protection - alors regarde nos protections contre les plis.","robots":{"index":"index","follow":"follow","max-snippet":"max-snippet:-1","max-image-preview":"max-image-preview:large","max-video-preview":"max-video-preview:-1"},"canonical":"https:\/\/www.loopkinglaces.com\/fr\/products\/des-protecteurs-de-plis-robustes-qui-gardent-les-chaussures-de-sport-en-pleine-forme\/","og_locale":"fr_FR","og_type":"article","og_title":"Protecteurs de plis haut de gamme pour une bo\u00eete \u00e0 orteils sup\u00e9rieure impeccable","og_description":"Les plis profonds ruinent l'apparence de n'importe quelle basket, et la mauvaise nouvelle est qu'ils sont in\u00e9vitables \u00e0 moins que tu n'aies une protection - alors regarde nos protections contre les plis.","og_url":"https:\/\/www.loopkinglaces.com\/fr\/products\/des-protecteurs-de-plis-robustes-qui-gardent-les-chaussures-de-sport-en-pleine-forme\/","og_site_name":"Luxury Gold Tip Shoelaces by Loop King Laces","article_publisher":"https:\/\/www.facebook.com\/LoopKingLaces\/","og_image":[{"width":578,"height":575,"url":"https:\/\/www.loopkinglaces.com\/wp-content\/uploads\/Crease-Protector-Yellow-3.jpg","type":"image\/jpeg"}],"twitter_card":"summary_large_image","twitter_site":"@loopkinglaces","twitter_misc":{"Dur\u00e9e de lecture estim\u00e9e":"1 minute"},"schema":{"@context":"https:\/\/schema.org","@graph":[{"@type":["WebPage","ItemPage"],"@id":"https:\/\/www.loopkinglaces.com\/fr\/products\/des-protecteurs-de-plis-robustes-qui-gardent-les-chaussures-de-sport-en-pleine-forme\/","url":"https:\/\/www.loopkinglaces.com\/fr\/products\/des-protecteurs-de-plis-robustes-qui-gardent-les-chaussures-de-sport-en-pleine-forme\/","name":"Protecteurs de plis haut de gamme pour une bo\u00eete \u00e0 orteils sup\u00e9rieure impeccable","isPartOf":{"@id":"https:\/\/www.loopkinglaces.com\/fr\/#website"},"primaryImageOfPage":{"@id":"https:\/\/www.loopkinglaces.com\/fr\/products\/des-protecteurs-de-plis-robustes-qui-gardent-les-chaussures-de-sport-en-pleine-forme\/#primaryimage"},"image":{"@id":"https:\/\/www.loopkinglaces.com\/fr\/products\/des-protecteurs-de-plis-robustes-qui-gardent-les-chaussures-de-sport-en-pleine-forme\/#primaryimage"},"thumbnailUrl":"https:\/\/www.loopkinglaces.com\/wp-content\/uploads\/Crease-Protector-Yellow-3.jpg","datePublished":"2024-02-07T15:51:42+00:00","description":"Les plis profonds ruinent l'apparence de n'importe quelle basket, et la mauvaise nouvelle est qu'ils sont in\u00e9vitables \u00e0 moins que tu n'aies une protection - alors regarde nos protections contre les plis.","breadcrumb":{"@id":"https:\/\/www.loopkinglaces.com\/fr\/products\/des-protecteurs-de-plis-robustes-qui-gardent-les-chaussures-de-sport-en-pleine-forme\/#breadcrumb"},"inLanguage":"fr-FR","potentialAction":[{"@type":"ReadAction","target":["https:\/\/www.loopkinglaces.com\/fr\/products\/des-protecteurs-de-plis-robustes-qui-gardent-les-chaussures-de-sport-en-pleine-forme\/"]}]},{"@type":"ImageObject","inLanguage":"fr-FR","@id":"https:\/\/www.loopkinglaces.com\/fr\/products\/des-protecteurs-de-plis-robustes-qui-gardent-les-chaussures-de-sport-en-pleine-forme\/#primaryimage","url":"https:\/\/www.loopkinglaces.com\/wp-content\/uploads\/Crease-Protector-Yellow-3.jpg","contentUrl":"https:\/\/www.loopkinglaces.com\/wp-content\/uploads\/Crease-Protector-Yellow-3.jpg","width":578,"height":575},{"@type":"BreadcrumbList","@id":"https:\/\/www.loopkinglaces.com\/fr\/products\/des-protecteurs-de-plis-robustes-qui-gardent-les-chaussures-de-sport-en-pleine-forme\/#breadcrumb","itemListElement":[{"@type":"ListItem","position":1,"name":"Home","item":"https:\/\/www.loopkinglaces.com\/fr\/"},{"@type":"ListItem","position":2,"name":"ACHETER DES LACES","item":"https:\/\/www.loopkinglaces.com\/fr\/acheter-des-laces\/"},{"@type":"ListItem","position":3,"name":"Des protecteurs de plis robustes qui gardent les chaussures de sport en pleine forme"}]},{"@type":"WebSite","@id":"https:\/\/www.loopkinglaces.com\/fr\/#website","url":"https:\/\/www.loopkinglaces.com\/fr\/","name":"Luxury Gold Tip Shoelaces by Loop King Laces","description":"Rope Laces, Flat Waxed Laces and Leather Laces. All With Gold Tips.","publisher":{"@id":"https:\/\/www.loopkinglaces.com\/fr\/#organization"},"potentialAction":[{"@type":"SearchAction","target":{"@type":"EntryPoint","urlTemplate":"https:\/\/www.loopkinglaces.com\/fr\/?s={search_term_string}"},"query-input":{"@type":"PropertyValueSpecification","valueRequired":true,"valueName":"search_term_string"}}],"inLanguage":"fr-FR"},{"@type":"Organization","@id":"https:\/\/www.loopkinglaces.com\/fr\/#organization","name":"Loop King Laces","url":"https:\/\/www.loopkinglaces.com\/fr\/","logo":{"@type":"ImageObject","inLanguage":"fr-FR","@id":"https:\/\/www.loopkinglaces.com\/fr\/#\/schema\/logo\/image\/","url":"https:\/\/www.loopkinglaces.com\/wp-content\/uploads\/LOOP-KING-LACES.1.1-01-LOGO-HI-RES-OFFICIAL-1.png","contentUrl":"https:\/\/www.loopkinglaces.com\/wp-content\/uploads\/LOOP-KING-LACES.1.1-01-LOGO-HI-RES-OFFICIAL-1.png","width":128,"height":91,"caption":"Loop King Laces"},"image":{"@id":"https:\/\/www.loopkinglaces.com\/fr\/#\/schema\/logo\/image\/"},"sameAs":["https:\/\/www.facebook.com\/LoopKingLaces\/","https:\/\/x.com\/loopkinglaces","https:\/\/www.instagram.com\/loopkinglaces\/"]}]}},"_links":{"self":[{"href":"https:\/\/www.loopkinglaces.com\/fr\/wp-json\/wp\/v2\/product\/70372","targetHints":{"allow":["GET"]}}],"collection":[{"href":"https:\/\/www.loopkinglaces.com\/fr\/wp-json\/wp\/v2\/product"}],"about":[{"href":"https:\/\/www.loopkinglaces.com\/fr\/wp-json\/wp\/v2\/types\/product"}],"replies":[{"embeddable":true,"href":"https:\/\/www.loopkinglaces.com\/fr\/wp-json\/wp\/v2\/comments?post=70372"}],"wp:featuredmedia":[{"embeddable":true,"href":"https:\/\/www.loopkinglaces.com\/fr\/wp-json\/wp\/v2\/media\/70373"}],"wp:attachment":[{"href":"https:\/\/www.loopkinglaces.com\/fr\/wp-json\/wp\/v2\/media?parent=70372"}],"wp:term":[{"taxonomy":"product_brand","embeddable":true,"href":"https:\/\/www.loopkinglaces.com\/fr\/wp-json\/wp\/v2\/product_brand?post=70372"},{"taxonomy":"product_cat","embeddable":true,"href":"https:\/\/www.loopkinglaces.com\/fr\/wp-json\/wp\/v2\/product_cat?post=70372"},{"taxonomy":"product_tag","embeddable":true,"href":"https:\/\/www.loopkinglaces.com\/fr\/wp-json\/wp\/v2\/product_tag?post=70372"},{"taxonomy":"woo-feed-brand","embeddable":true,"href":"https:\/\/www.loopkinglaces.com\/fr\/wp-json\/wp\/v2\/woo-feed-brand?post=70372"}],"curies":[{"name":"wp","href":"https:\/\/api.w.org\/{rel}","templated":true}]}}