{"id":70340,"date":"2024-02-07T16:07:02","date_gmt":"2024-02-07T16:07:02","guid":{"rendered":"https:\/\/www.loopkinglaces.com\/products\/protecteurs-de-semelles-flexibles-pour-ameliorer-proteger-et-renforcer-les-chaussures-de-fantaisie\/"},"modified":"2024-02-07T16:07:02","modified_gmt":"2024-02-07T16:07:02","slug":"protecteurs-de-semelles-flexibles-pour-ameliorer-proteger-et-renforcer-les-chaussures-de-fantaisie","status":"publish","type":"product","link":"https:\/\/www.loopkinglaces.com\/fr\/products\/protecteurs-de-semelles-flexibles-pour-ameliorer-proteger-et-renforcer-les-chaussures-de-fantaisie\/","title":{"rendered":"Protecteurs de semelles flexibles pour am\u00e9liorer, prot\u00e9ger et renforcer les chaussures de fantaisie"},"content":{"rendered":"<p><i><span style=\"font-weight: 400;\">Tu viens d&#8217;acheter une nouvelle paire de chaussures de ville en cuir ?<\/span><\/i><\/p>\n<p><span style=\"font-weight: 400;\">Tu devras alors faire tout ce qui est en ton pouvoir pour qu&#8217;ils aient l&#8217;air tout neufs.<br \/>\nEn particulier ,   <\/span><b>Les semelles de tes chaussures ont besoin d&#8217;\u00eatre prot\u00e9g\u00e9es contre l&#8217;usure.<\/b><span style=\"font-weight: 400;\">. <\/span> <\/p>\n<p><span style=\"font-weight: 400;\">Consid\u00e8re tes chaussures comme un investissement similaire \u00e0 celui d&#8217;une voiture ou d&#8217;une maison.<br \/>\nEnfin, d\u00e8s que tu les ram\u00e8nes \u00e0 la maison,   <\/span><b>la valeur commence \u00e0 diminuer<\/b><span style=\"font-weight: 400;\">. <\/span><span style=\"font-weight: 400;\">Le meilleur moyen de conserver la valeur de tes chaussures est d&#8217;utiliser des protecteurs de semelles. <\/span><span style=\"font-weight: 400;\">Ils feront aussi durer tes chaussures beaucoup plus longtemps, ce qui signifie que tu pourras les porter longtemps sans te soucier de les faire ressemeler. <\/span> <\/p>\n","protected":false},"excerpt":{"rendered":"<p><span style=\"font-weight: 400;\">Nos protecteurs de semelles sont dot\u00e9s de mat\u00e9riaux de premi\u00e8re qualit\u00e9 et d&#8217;une conception de pointe pour garantir que chaque centim\u00e8tre carr\u00e9 de ta semelle reste prot\u00e9g\u00e9.  <\/span><\/p>\n<p><span style=\"font-weight: 400;\">Ce qui est encore mieux, c&#8217;est qu&#8217;ils emp\u00eachent le processus d&#8217;oxydation, qui est ce qui fait que tes semelles prennent une vilaine teinte jaune.<br \/>\nNos protecteurs de semelles couvrent l&#8217;int\u00e9gralit\u00e9 de chaque semelle pour s&#8217;assurer que l&#8217;oxydation ne se produit pas.   <\/span><\/p>\n<p><span style=\"font-weight: 400;\">Ils ont \u00e9galement un aspect lisse et raffin\u00e9, de sorte que tu n&#8217;auras pas \u00e0 t&#8217;inqui\u00e9ter que quelqu&#8217;un puisse apercevoir tes protecteurs de semelles comme c&#8217;est le cas avec d&#8217;autres marques. <\/span><span style=\"font-weight: 400;\">En outre, nos protecteurs de semelles <\/span><b>font de la tra\u00een\u00e9e du talon une chose du pass\u00e9<\/b><span style=\"font-weight: 400;\">. <\/span><span style=\"font-weight: 400;\">Tes chaussures sont mises \u00e0 rude \u00e9preuve \u00e0 chaque pas que tu fais, en particulier le talon, c&#8217;est pourquoi il est si important de renforcer tes semelles. <\/span><span style=\"font-weight: 400;\">Voir la liste compl\u00e8te des caract\u00e9ristiques ci-dessous :<\/span><\/p>\n<ul>\n<li style=\"font-weight: 400;\" aria-level=\"1\"><span style=\"font-weight: 400;\">Mat\u00e9riaux de premi\u00e8re qualit\u00e9<\/span><\/li>\n<li style=\"font-weight: 400;\" aria-level=\"1\"><span style=\"font-weight: 400;\">Emballage scell\u00e9 et superbe  <\/span><\/li>\n<li style=\"font-weight: 400;\" aria-level=\"1\"><span style=\"font-weight: 400;\">Durera plus longtemps que les autres marques<\/span><\/li>\n<li style=\"font-weight: 400;\" aria-level=\"1\"><span style=\"font-weight: 400;\">Protection compl\u00e8te pour \u00e9viter l&#8217;oxydation et la tra\u00een\u00e9e du talon<\/span><\/li>\n<\/ul>\n","protected":false},"featured_media":56260,"comment_status":"open","ping_status":"closed","template":"","meta":{"_acf_changed":false},"product_brand":[],"product_cat":[1185,1434,947],"product_tag":[],"woo-feed-brand":[],"class_list":{"0":"post-70340","1":"product","2":"type-product","3":"status-publish","4":"has-post-thumbnail","6":"product_cat-lacets-a-pointe-dor","7":"product_cat-non-classe","8":"product_cat-tous-les-lacets","10":"first","11":"instock","12":"taxable","13":"shipping-taxable","14":"purchasable","15":"product-type-simple"},"acf":[],"yoast_head":"<!-- This site is optimized with the Yoast SEO plugin v27.4 - https:\/\/yoast.com\/product\/yoast-seo-wordpress\/ -->\n<title>Des protecteurs de semelles durables pour prolonger la dur\u00e9e de vie de tes chaussures.<\/title>\n<meta name=\"description\" content=\"Tu veux que tes chaussures de ville restent impeccables ? Alors tu dois jeter un coup d&#039;\u0153il \u00e0 nos protecteurs de semelles de premier ordre pour prot\u00e9ger tes chaussures des \u00e9l\u00e9ments.\" \/>\n<meta name=\"robots\" content=\"index, follow, max-snippet:-1, max-image-preview:large, max-video-preview:-1\" \/>\n<link rel=\"canonical\" href=\"https:\/\/www.loopkinglaces.com\/fr\/products\/protecteurs-de-semelles-flexibles-pour-ameliorer-proteger-et-renforcer-les-chaussures-de-fantaisie\/\" \/>\n<meta property=\"og:locale\" content=\"fr_FR\" \/>\n<meta property=\"og:type\" content=\"article\" \/>\n<meta property=\"og:title\" content=\"Des protecteurs de semelles durables pour prolonger la dur\u00e9e de vie de tes chaussures.\" \/>\n<meta property=\"og:description\" content=\"Tu veux que tes chaussures de ville restent impeccables ? Alors tu dois jeter un coup d&#039;\u0153il \u00e0 nos protecteurs de semelles de premier ordre pour prot\u00e9ger tes chaussures des \u00e9l\u00e9ments.\" \/>\n<meta property=\"og:url\" content=\"https:\/\/www.loopkinglaces.com\/fr\/products\/protecteurs-de-semelles-flexibles-pour-ameliorer-proteger-et-renforcer-les-chaussures-de-fantaisie\/\" \/>\n<meta property=\"og:site_name\" content=\"Luxury Gold Tip Shoelaces by Loop King Laces\" \/>\n<meta property=\"article:publisher\" content=\"https:\/\/www.facebook.com\/LoopKingLaces\/\" \/>\n<meta property=\"og:image\" content=\"https:\/\/www.loopkinglaces.com\/wp-content\/uploads\/LKL-Sole-Protector-Front.png\" \/>\n\t<meta property=\"og:image:width\" content=\"584\" \/>\n\t<meta property=\"og:image:height\" content=\"1575\" \/>\n\t<meta property=\"og:image:type\" content=\"image\/png\" \/>\n<meta name=\"twitter:card\" content=\"summary_large_image\" \/>\n<meta name=\"twitter:site\" content=\"@loopkinglaces\" \/>\n<meta name=\"twitter:label1\" content=\"Dur\u00e9e de lecture estim\u00e9e\" \/>\n\t<meta name=\"twitter:data1\" content=\"1 minute\" \/>\n<script type=\"application\/ld+json\" class=\"yoast-schema-graph\">{\"@context\":\"https:\\\/\\\/schema.org\",\"@graph\":[{\"@type\":[\"WebPage\",\"ItemPage\"],\"@id\":\"https:\\\/\\\/www.loopkinglaces.com\\\/fr\\\/products\\\/protecteurs-de-semelles-flexibles-pour-ameliorer-proteger-et-renforcer-les-chaussures-de-fantaisie\\\/\",\"url\":\"https:\\\/\\\/www.loopkinglaces.com\\\/fr\\\/products\\\/protecteurs-de-semelles-flexibles-pour-ameliorer-proteger-et-renforcer-les-chaussures-de-fantaisie\\\/\",\"name\":\"Des protecteurs de semelles durables pour prolonger la dur\u00e9e de vie de tes chaussures.\",\"isPartOf\":{\"@id\":\"https:\\\/\\\/www.loopkinglaces.com\\\/fr\\\/#website\"},\"primaryImageOfPage\":{\"@id\":\"https:\\\/\\\/www.loopkinglaces.com\\\/fr\\\/products\\\/protecteurs-de-semelles-flexibles-pour-ameliorer-proteger-et-renforcer-les-chaussures-de-fantaisie\\\/#primaryimage\"},\"image\":{\"@id\":\"https:\\\/\\\/www.loopkinglaces.com\\\/fr\\\/products\\\/protecteurs-de-semelles-flexibles-pour-ameliorer-proteger-et-renforcer-les-chaussures-de-fantaisie\\\/#primaryimage\"},\"thumbnailUrl\":\"https:\\\/\\\/www.loopkinglaces.com\\\/wp-content\\\/uploads\\\/LKL-Sole-Protector-Front.png\",\"datePublished\":\"2024-02-07T16:07:02+00:00\",\"description\":\"Tu veux que tes chaussures de ville restent impeccables ? Alors tu dois jeter un coup d'\u0153il \u00e0 nos protecteurs de semelles de premier ordre pour prot\u00e9ger tes chaussures des \u00e9l\u00e9ments.\",\"breadcrumb\":{\"@id\":\"https:\\\/\\\/www.loopkinglaces.com\\\/fr\\\/products\\\/protecteurs-de-semelles-flexibles-pour-ameliorer-proteger-et-renforcer-les-chaussures-de-fantaisie\\\/#breadcrumb\"},\"inLanguage\":\"fr-FR\",\"potentialAction\":[{\"@type\":\"ReadAction\",\"target\":[\"https:\\\/\\\/www.loopkinglaces.com\\\/fr\\\/products\\\/protecteurs-de-semelles-flexibles-pour-ameliorer-proteger-et-renforcer-les-chaussures-de-fantaisie\\\/\"]}]},{\"@type\":\"ImageObject\",\"inLanguage\":\"fr-FR\",\"@id\":\"https:\\\/\\\/www.loopkinglaces.com\\\/fr\\\/products\\\/protecteurs-de-semelles-flexibles-pour-ameliorer-proteger-et-renforcer-les-chaussures-de-fantaisie\\\/#primaryimage\",\"url\":\"https:\\\/\\\/www.loopkinglaces.com\\\/wp-content\\\/uploads\\\/LKL-Sole-Protector-Front.png\",\"contentUrl\":\"https:\\\/\\\/www.loopkinglaces.com\\\/wp-content\\\/uploads\\\/LKL-Sole-Protector-Front.png\",\"width\":584,\"height\":1575},{\"@type\":\"BreadcrumbList\",\"@id\":\"https:\\\/\\\/www.loopkinglaces.com\\\/fr\\\/products\\\/protecteurs-de-semelles-flexibles-pour-ameliorer-proteger-et-renforcer-les-chaussures-de-fantaisie\\\/#breadcrumb\",\"itemListElement\":[{\"@type\":\"ListItem\",\"position\":1,\"name\":\"Home\",\"item\":\"https:\\\/\\\/www.loopkinglaces.com\\\/fr\\\/\"},{\"@type\":\"ListItem\",\"position\":2,\"name\":\"ACHETER DES LACES\",\"item\":\"https:\\\/\\\/www.loopkinglaces.com\\\/fr\\\/acheter-des-laces\\\/\"},{\"@type\":\"ListItem\",\"position\":3,\"name\":\"Protecteurs de semelles flexibles pour am\u00e9liorer, prot\u00e9ger et renforcer les chaussures de fantaisie\"}]},{\"@type\":\"WebSite\",\"@id\":\"https:\\\/\\\/www.loopkinglaces.com\\\/fr\\\/#website\",\"url\":\"https:\\\/\\\/www.loopkinglaces.com\\\/fr\\\/\",\"name\":\"Luxury Gold Tip Shoelaces by Loop King Laces\",\"description\":\"Rope Laces, Flat Waxed Laces and Leather Laces. All With Gold Tips.\",\"publisher\":{\"@id\":\"https:\\\/\\\/www.loopkinglaces.com\\\/fr\\\/#organization\"},\"potentialAction\":[{\"@type\":\"SearchAction\",\"target\":{\"@type\":\"EntryPoint\",\"urlTemplate\":\"https:\\\/\\\/www.loopkinglaces.com\\\/fr\\\/?s={search_term_string}\"},\"query-input\":{\"@type\":\"PropertyValueSpecification\",\"valueRequired\":true,\"valueName\":\"search_term_string\"}}],\"inLanguage\":\"fr-FR\"},{\"@type\":\"Organization\",\"@id\":\"https:\\\/\\\/www.loopkinglaces.com\\\/fr\\\/#organization\",\"name\":\"Loop King Laces\",\"url\":\"https:\\\/\\\/www.loopkinglaces.com\\\/fr\\\/\",\"logo\":{\"@type\":\"ImageObject\",\"inLanguage\":\"fr-FR\",\"@id\":\"https:\\\/\\\/www.loopkinglaces.com\\\/fr\\\/#\\\/schema\\\/logo\\\/image\\\/\",\"url\":\"https:\\\/\\\/www.loopkinglaces.com\\\/wp-content\\\/uploads\\\/LOOP-KING-LACES.1.1-01-LOGO-HI-RES-OFFICIAL-1.png\",\"contentUrl\":\"https:\\\/\\\/www.loopkinglaces.com\\\/wp-content\\\/uploads\\\/LOOP-KING-LACES.1.1-01-LOGO-HI-RES-OFFICIAL-1.png\",\"width\":128,\"height\":91,\"caption\":\"Loop King Laces\"},\"image\":{\"@id\":\"https:\\\/\\\/www.loopkinglaces.com\\\/fr\\\/#\\\/schema\\\/logo\\\/image\\\/\"},\"sameAs\":[\"https:\\\/\\\/www.facebook.com\\\/LoopKingLaces\\\/\",\"https:\\\/\\\/x.com\\\/loopkinglaces\",\"https:\\\/\\\/www.instagram.com\\\/loopkinglaces\\\/\"]}]}<\/script>\n<!-- \/ Yoast SEO plugin. -->","yoast_head_json":{"title":"Des protecteurs de semelles durables pour prolonger la dur\u00e9e de vie de tes chaussures.","description":"Tu veux que tes chaussures de ville restent impeccables ? Alors tu dois jeter un coup d'\u0153il \u00e0 nos protecteurs de semelles de premier ordre pour prot\u00e9ger tes chaussures des \u00e9l\u00e9ments.","robots":{"index":"index","follow":"follow","max-snippet":"max-snippet:-1","max-image-preview":"max-image-preview:large","max-video-preview":"max-video-preview:-1"},"canonical":"https:\/\/www.loopkinglaces.com\/fr\/products\/protecteurs-de-semelles-flexibles-pour-ameliorer-proteger-et-renforcer-les-chaussures-de-fantaisie\/","og_locale":"fr_FR","og_type":"article","og_title":"Des protecteurs de semelles durables pour prolonger la dur\u00e9e de vie de tes chaussures.","og_description":"Tu veux que tes chaussures de ville restent impeccables ? Alors tu dois jeter un coup d'\u0153il \u00e0 nos protecteurs de semelles de premier ordre pour prot\u00e9ger tes chaussures des \u00e9l\u00e9ments.","og_url":"https:\/\/www.loopkinglaces.com\/fr\/products\/protecteurs-de-semelles-flexibles-pour-ameliorer-proteger-et-renforcer-les-chaussures-de-fantaisie\/","og_site_name":"Luxury Gold Tip Shoelaces by Loop King Laces","article_publisher":"https:\/\/www.facebook.com\/LoopKingLaces\/","og_image":[{"width":584,"height":1575,"url":"https:\/\/www.loopkinglaces.com\/wp-content\/uploads\/LKL-Sole-Protector-Front.png","type":"image\/png"}],"twitter_card":"summary_large_image","twitter_site":"@loopkinglaces","twitter_misc":{"Dur\u00e9e de lecture estim\u00e9e":"1 minute"},"schema":{"@context":"https:\/\/schema.org","@graph":[{"@type":["WebPage","ItemPage"],"@id":"https:\/\/www.loopkinglaces.com\/fr\/products\/protecteurs-de-semelles-flexibles-pour-ameliorer-proteger-et-renforcer-les-chaussures-de-fantaisie\/","url":"https:\/\/www.loopkinglaces.com\/fr\/products\/protecteurs-de-semelles-flexibles-pour-ameliorer-proteger-et-renforcer-les-chaussures-de-fantaisie\/","name":"Des protecteurs de semelles durables pour prolonger la dur\u00e9e de vie de tes chaussures.","isPartOf":{"@id":"https:\/\/www.loopkinglaces.com\/fr\/#website"},"primaryImageOfPage":{"@id":"https:\/\/www.loopkinglaces.com\/fr\/products\/protecteurs-de-semelles-flexibles-pour-ameliorer-proteger-et-renforcer-les-chaussures-de-fantaisie\/#primaryimage"},"image":{"@id":"https:\/\/www.loopkinglaces.com\/fr\/products\/protecteurs-de-semelles-flexibles-pour-ameliorer-proteger-et-renforcer-les-chaussures-de-fantaisie\/#primaryimage"},"thumbnailUrl":"https:\/\/www.loopkinglaces.com\/wp-content\/uploads\/LKL-Sole-Protector-Front.png","datePublished":"2024-02-07T16:07:02+00:00","description":"Tu veux que tes chaussures de ville restent impeccables ? Alors tu dois jeter un coup d'\u0153il \u00e0 nos protecteurs de semelles de premier ordre pour prot\u00e9ger tes chaussures des \u00e9l\u00e9ments.","breadcrumb":{"@id":"https:\/\/www.loopkinglaces.com\/fr\/products\/protecteurs-de-semelles-flexibles-pour-ameliorer-proteger-et-renforcer-les-chaussures-de-fantaisie\/#breadcrumb"},"inLanguage":"fr-FR","potentialAction":[{"@type":"ReadAction","target":["https:\/\/www.loopkinglaces.com\/fr\/products\/protecteurs-de-semelles-flexibles-pour-ameliorer-proteger-et-renforcer-les-chaussures-de-fantaisie\/"]}]},{"@type":"ImageObject","inLanguage":"fr-FR","@id":"https:\/\/www.loopkinglaces.com\/fr\/products\/protecteurs-de-semelles-flexibles-pour-ameliorer-proteger-et-renforcer-les-chaussures-de-fantaisie\/#primaryimage","url":"https:\/\/www.loopkinglaces.com\/wp-content\/uploads\/LKL-Sole-Protector-Front.png","contentUrl":"https:\/\/www.loopkinglaces.com\/wp-content\/uploads\/LKL-Sole-Protector-Front.png","width":584,"height":1575},{"@type":"BreadcrumbList","@id":"https:\/\/www.loopkinglaces.com\/fr\/products\/protecteurs-de-semelles-flexibles-pour-ameliorer-proteger-et-renforcer-les-chaussures-de-fantaisie\/#breadcrumb","itemListElement":[{"@type":"ListItem","position":1,"name":"Home","item":"https:\/\/www.loopkinglaces.com\/fr\/"},{"@type":"ListItem","position":2,"name":"ACHETER DES LACES","item":"https:\/\/www.loopkinglaces.com\/fr\/acheter-des-laces\/"},{"@type":"ListItem","position":3,"name":"Protecteurs de semelles flexibles pour am\u00e9liorer, prot\u00e9ger et renforcer les chaussures de fantaisie"}]},{"@type":"WebSite","@id":"https:\/\/www.loopkinglaces.com\/fr\/#website","url":"https:\/\/www.loopkinglaces.com\/fr\/","name":"Luxury Gold Tip Shoelaces by Loop King Laces","description":"Rope Laces, Flat Waxed Laces and Leather Laces. All With Gold Tips.","publisher":{"@id":"https:\/\/www.loopkinglaces.com\/fr\/#organization"},"potentialAction":[{"@type":"SearchAction","target":{"@type":"EntryPoint","urlTemplate":"https:\/\/www.loopkinglaces.com\/fr\/?s={search_term_string}"},"query-input":{"@type":"PropertyValueSpecification","valueRequired":true,"valueName":"search_term_string"}}],"inLanguage":"fr-FR"},{"@type":"Organization","@id":"https:\/\/www.loopkinglaces.com\/fr\/#organization","name":"Loop King Laces","url":"https:\/\/www.loopkinglaces.com\/fr\/","logo":{"@type":"ImageObject","inLanguage":"fr-FR","@id":"https:\/\/www.loopkinglaces.com\/fr\/#\/schema\/logo\/image\/","url":"https:\/\/www.loopkinglaces.com\/wp-content\/uploads\/LOOP-KING-LACES.1.1-01-LOGO-HI-RES-OFFICIAL-1.png","contentUrl":"https:\/\/www.loopkinglaces.com\/wp-content\/uploads\/LOOP-KING-LACES.1.1-01-LOGO-HI-RES-OFFICIAL-1.png","width":128,"height":91,"caption":"Loop King Laces"},"image":{"@id":"https:\/\/www.loopkinglaces.com\/fr\/#\/schema\/logo\/image\/"},"sameAs":["https:\/\/www.facebook.com\/LoopKingLaces\/","https:\/\/x.com\/loopkinglaces","https:\/\/www.instagram.com\/loopkinglaces\/"]}]}},"_links":{"self":[{"href":"https:\/\/www.loopkinglaces.com\/fr\/wp-json\/wp\/v2\/product\/70340","targetHints":{"allow":["GET"]}}],"collection":[{"href":"https:\/\/www.loopkinglaces.com\/fr\/wp-json\/wp\/v2\/product"}],"about":[{"href":"https:\/\/www.loopkinglaces.com\/fr\/wp-json\/wp\/v2\/types\/product"}],"replies":[{"embeddable":true,"href":"https:\/\/www.loopkinglaces.com\/fr\/wp-json\/wp\/v2\/comments?post=70340"}],"wp:featuredmedia":[{"embeddable":true,"href":"https:\/\/www.loopkinglaces.com\/fr\/wp-json\/wp\/v2\/media\/56260"}],"wp:attachment":[{"href":"https:\/\/www.loopkinglaces.com\/fr\/wp-json\/wp\/v2\/media?parent=70340"}],"wp:term":[{"taxonomy":"product_brand","embeddable":true,"href":"https:\/\/www.loopkinglaces.com\/fr\/wp-json\/wp\/v2\/product_brand?post=70340"},{"taxonomy":"product_cat","embeddable":true,"href":"https:\/\/www.loopkinglaces.com\/fr\/wp-json\/wp\/v2\/product_cat?post=70340"},{"taxonomy":"product_tag","embeddable":true,"href":"https:\/\/www.loopkinglaces.com\/fr\/wp-json\/wp\/v2\/product_tag?post=70340"},{"taxonomy":"woo-feed-brand","embeddable":true,"href":"https:\/\/www.loopkinglaces.com\/fr\/wp-json\/wp\/v2\/woo-feed-brand?post=70340"}],"curies":[{"name":"wp","href":"https:\/\/api.w.org\/{rel}","templated":true}]}}