{"id":70280,"date":"2023-12-11T19:03:47","date_gmt":"2023-12-11T19:03:47","guid":{"rendered":"https:\/\/www.loopkinglaces.com\/products\/lacets-en-coton-plat-violet-vintage-delave-avec-embouts-transparents\/"},"modified":"2023-12-11T19:03:47","modified_gmt":"2023-12-11T19:03:47","slug":"lacets-en-coton-plat-violet-vintage-delave-avec-embouts-transparents","status":"publish","type":"product","link":"https:\/\/www.loopkinglaces.com\/fr\/products\/lacets-en-coton-plat-violet-vintage-delave-avec-embouts-transparents\/","title":{"rendered":"Lacets en coton plat violet vintage d\u00e9lav\u00e9 avec embouts transparents"},"content":{"rendered":"<p>Capture l&#8217;essence du style vintage et de la durabilit\u00e9 moderne avec les lacets de chaussures en coton plat d\u00e9lav\u00e9 Vintage Faded de Loop King.<br \/>\nCes lacets, con\u00e7us pour rehausser le style de tes chaussures, pr\u00e9sentent un effet vintage d\u00e9lav\u00e9 unique, ajoutant une touche r\u00e9tro \u00e0 n&#8217;importe quel mod\u00e8le de chaussure.<br \/>\nFabriqu\u00e9s en coton de haute qualit\u00e9, ils offrent un confort et une usure durable.<br \/>\nLes pointes transparentes accentuent non seulement l&#8217;attrait r\u00e9tro des lacets, mais offrent \u00e9galement une r\u00e9sistance accrue \u00e0 l&#8217;effilochage.<br \/>\nAdapt\u00e9s \u00e0 tous les types de chaussures, des baskets d\u00e9contract\u00e9es aux chaussures habill\u00e9es formelles, ces lacets sont polyvalents et chics.<br \/>\nAm\u00e9liore ta collection de chaussures avec ces lacets exquis, id\u00e9aux pour ceux qui appr\u00e9cient une combinaison d&#8217;esth\u00e9tique classique et de robustesse contemporaine.<br \/>\nNos lacets s&#8217;adaptent \u00e0 tous les diff\u00e9rents types de baskets et de marques, y compris Adidas, Nike, VANS et ainsi de suite, visite notre <a href=\"\/shoelace-size-chart\/\">guide des tailles<\/a> o\u00f9 tu pourras trouver la taille de lacets parfaite pour tes chaussures.        &nbsp;<\/p>\n","protected":false},"excerpt":{"rendered":"<p><strong>Purple Vintage Faded Flat Cotton Shoelaces with Clear Tips<\/strong> Am\u00e9liore ton style avec les Loop King&#8217;s Vintage Faded Flat Cotton Shoelaces : Un m\u00e9lange de style nostalgique et de durabilit\u00e9 moderne.<br \/>\nCes lacets sont con\u00e7us pour transformer tes chaussures, avec un effet d\u00e9lav\u00e9 unique qui rappelle une \u00e9poque r\u00e9volue.<br \/>\nFabriqu\u00e9s en coton de premi\u00e8re qualit\u00e9, ils promettent \u00e0 la fois confort et endurance.<br \/>\nLes embouts transparents renforcent le charme vintage des lacets tout en offrant une protection suppl\u00e9mentaire contre l&#8217;usure.<br \/>\nParfaits pour tous les styles de chaussures, des baskets sportives aux chaussures habill\u00e9es chics, ces lacets offrent polyvalence et \u00e9l\u00e9gance.<br \/>\nDonne \u00e0 tes chaussures un coup de neuf vintage avec ces lacets de qualit\u00e9 sup\u00e9rieure, le choix id\u00e9al pour ceux qui appr\u00e9cient un m\u00e9lange de style intemporel et de qualit\u00e9 moderne Voir les caract\u00e9ristiques ci-dessous :       <\/p>\n<ul>\n<li>Teint\u00e9 \u00e0 la main avec une touche personnelle (il n&#8217;y a pas deux lacets identiques).<\/li>\n<li>Mat\u00e9riaux de premi\u00e8re qualit\u00e9<\/li>\n<li>Dur\u00e9e de vie <strong>3 fois plus longue<\/strong> que les lacets ordinaires<\/li>\n<li>Embouts en plastique transparent de haute qualit\u00e9<\/li>\n<li>Polyester Coton<\/li>\n<li>Beautiful Loop King Emballage par lacet<\/li>\n<\/ul>\n","protected":false},"featured_media":70304,"comment_status":"open","ping_status":"closed","template":"","meta":{"_acf_changed":false},"product_brand":[],"product_cat":[969,1449,1660,1195,968,947],"product_tag":[967,962,966,965,961,964,963],"woo-feed-brand":[],"class_list":{"0":"post-70280","1":"product","2":"type-product","3":"status-publish","4":"has-post-thumbnail","6":"product_cat-decouvre-le-charme-des-lacets-en-coton-plat-delave-de-loop-kings-vintage-avec-des-embouts-transparents","7":"product_cat-des-lacets-de-chaussures-violets-qui-eclatent-sadaptent-bien-et-rendent-les-autres-jaloux","8":"product_cat-des-lacets-ultraboost-de-premiere-qualite-pour-electrifier-tes-chaussures","9":"product_cat-lacets-nike-sb-modernes-et-haut-de-gamme","10":"product_cat-lacets-tie-dye-une-touche-funky-sur-les-chaussures-classiques","11":"product_cat-tous-les-lacets","12":"product_tag-gris-fr","13":"product_tag-lacets","14":"product_tag-lacets-a-pointe-dor","15":"product_tag-lacets-en-corde","16":"product_tag-loop-king-fr","17":"product_tag-noir","18":"product_tag-pointe-en-metal","20":"first","21":"instock","22":"taxable","23":"shipping-taxable","24":"product-type-variable"},"acf":[],"yoast_head":"<!-- This site is optimized with the Yoast SEO plugin v27.4 - https:\/\/yoast.com\/product\/yoast-seo-wordpress\/ -->\n<title>Lacets en coton plat violet vintage d\u00e9lav\u00e9 avec embouts transparents - Loop King<\/title>\n<meta name=\"description\" content=\"Incorpore une ambiance vintage dans ta garde-robe de chaussures avec les lacets vintage d\u00e9color\u00e9s Purple. Con\u00e7us pour un \u00e9quilibre parfait entre classique et moderne. Magasinez maintenant !\" \/>\n<meta name=\"robots\" content=\"index, follow, max-snippet:-1, max-image-preview:large, max-video-preview:-1\" \/>\n<link rel=\"canonical\" href=\"https:\/\/www.loopkinglaces.com\/fr\/products\/lacets-en-coton-plat-violet-vintage-delave-avec-embouts-transparents\/\" \/>\n<meta property=\"og:locale\" content=\"fr_FR\" \/>\n<meta property=\"og:type\" content=\"article\" \/>\n<meta property=\"og:title\" content=\"Lacets en coton plat violet vintage d\u00e9lav\u00e9 avec embouts transparents - Loop King\" \/>\n<meta property=\"og:description\" content=\"Incorpore une ambiance vintage dans ta garde-robe de chaussures avec les lacets vintage d\u00e9color\u00e9s Purple. Con\u00e7us pour un \u00e9quilibre parfait entre classique et moderne. Magasinez maintenant !\" \/>\n<meta property=\"og:url\" content=\"https:\/\/www.loopkinglaces.com\/fr\/products\/lacets-en-coton-plat-violet-vintage-delave-avec-embouts-transparents\/\" \/>\n<meta property=\"og:site_name\" content=\"Luxury Gold Tip Shoelaces by Loop King Laces\" \/>\n<meta property=\"article:publisher\" content=\"https:\/\/www.facebook.com\/LoopKingLaces\/\" \/>\n<meta property=\"og:image\" content=\"https:\/\/www.loopkinglaces.com\/wp-content\/uploads\/Purple-Vintage-scaled.jpg\" \/>\n\t<meta property=\"og:image:width\" content=\"2560\" \/>\n\t<meta property=\"og:image:height\" content=\"2560\" \/>\n\t<meta property=\"og:image:type\" content=\"image\/jpeg\" \/>\n<meta name=\"twitter:card\" content=\"summary_large_image\" \/>\n<meta name=\"twitter:site\" content=\"@loopkinglaces\" \/>\n<meta name=\"twitter:label1\" content=\"Dur\u00e9e de lecture estim\u00e9e\" \/>\n\t<meta name=\"twitter:data1\" content=\"1 minute\" \/>\n<script type=\"application\/ld+json\" class=\"yoast-schema-graph\">{\"@context\":\"https:\\\/\\\/schema.org\",\"@graph\":[{\"@type\":[\"WebPage\",\"ItemPage\"],\"@id\":\"https:\\\/\\\/www.loopkinglaces.com\\\/fr\\\/products\\\/lacets-en-coton-plat-violet-vintage-delave-avec-embouts-transparents\\\/\",\"url\":\"https:\\\/\\\/www.loopkinglaces.com\\\/fr\\\/products\\\/lacets-en-coton-plat-violet-vintage-delave-avec-embouts-transparents\\\/\",\"name\":\"Lacets en coton plat violet vintage d\u00e9lav\u00e9 avec embouts transparents - Loop King\",\"isPartOf\":{\"@id\":\"https:\\\/\\\/www.loopkinglaces.com\\\/fr\\\/#website\"},\"primaryImageOfPage\":{\"@id\":\"https:\\\/\\\/www.loopkinglaces.com\\\/fr\\\/products\\\/lacets-en-coton-plat-violet-vintage-delave-avec-embouts-transparents\\\/#primaryimage\"},\"image\":{\"@id\":\"https:\\\/\\\/www.loopkinglaces.com\\\/fr\\\/products\\\/lacets-en-coton-plat-violet-vintage-delave-avec-embouts-transparents\\\/#primaryimage\"},\"thumbnailUrl\":\"https:\\\/\\\/www.loopkinglaces.com\\\/wp-content\\\/uploads\\\/Purple-Vintage-scaled.jpg\",\"datePublished\":\"2023-12-11T19:03:47+00:00\",\"description\":\"Incorpore une ambiance vintage dans ta garde-robe de chaussures avec les lacets vintage d\u00e9color\u00e9s Purple. Con\u00e7us pour un \u00e9quilibre parfait entre classique et moderne. Magasinez maintenant !\",\"breadcrumb\":{\"@id\":\"https:\\\/\\\/www.loopkinglaces.com\\\/fr\\\/products\\\/lacets-en-coton-plat-violet-vintage-delave-avec-embouts-transparents\\\/#breadcrumb\"},\"inLanguage\":\"fr-FR\",\"potentialAction\":[{\"@type\":\"ReadAction\",\"target\":[\"https:\\\/\\\/www.loopkinglaces.com\\\/fr\\\/products\\\/lacets-en-coton-plat-violet-vintage-delave-avec-embouts-transparents\\\/\"]}]},{\"@type\":\"ImageObject\",\"inLanguage\":\"fr-FR\",\"@id\":\"https:\\\/\\\/www.loopkinglaces.com\\\/fr\\\/products\\\/lacets-en-coton-plat-violet-vintage-delave-avec-embouts-transparents\\\/#primaryimage\",\"url\":\"https:\\\/\\\/www.loopkinglaces.com\\\/wp-content\\\/uploads\\\/Purple-Vintage-scaled.jpg\",\"contentUrl\":\"https:\\\/\\\/www.loopkinglaces.com\\\/wp-content\\\/uploads\\\/Purple-Vintage-scaled.jpg\",\"width\":2560,\"height\":2560},{\"@type\":\"BreadcrumbList\",\"@id\":\"https:\\\/\\\/www.loopkinglaces.com\\\/fr\\\/products\\\/lacets-en-coton-plat-violet-vintage-delave-avec-embouts-transparents\\\/#breadcrumb\",\"itemListElement\":[{\"@type\":\"ListItem\",\"position\":1,\"name\":\"Home\",\"item\":\"https:\\\/\\\/www.loopkinglaces.com\\\/fr\\\/\"},{\"@type\":\"ListItem\",\"position\":2,\"name\":\"ACHETER DES LACES\",\"item\":\"https:\\\/\\\/www.loopkinglaces.com\\\/fr\\\/acheter-des-laces\\\/\"},{\"@type\":\"ListItem\",\"position\":3,\"name\":\"Lacets en coton plat violet vintage d\u00e9lav\u00e9 avec embouts transparents\"}]},{\"@type\":\"WebSite\",\"@id\":\"https:\\\/\\\/www.loopkinglaces.com\\\/fr\\\/#website\",\"url\":\"https:\\\/\\\/www.loopkinglaces.com\\\/fr\\\/\",\"name\":\"Luxury Gold Tip Shoelaces by Loop King Laces\",\"description\":\"Rope Laces, Flat Waxed Laces and Leather Laces. All With Gold Tips.\",\"publisher\":{\"@id\":\"https:\\\/\\\/www.loopkinglaces.com\\\/fr\\\/#organization\"},\"potentialAction\":[{\"@type\":\"SearchAction\",\"target\":{\"@type\":\"EntryPoint\",\"urlTemplate\":\"https:\\\/\\\/www.loopkinglaces.com\\\/fr\\\/?s={search_term_string}\"},\"query-input\":{\"@type\":\"PropertyValueSpecification\",\"valueRequired\":true,\"valueName\":\"search_term_string\"}}],\"inLanguage\":\"fr-FR\"},{\"@type\":\"Organization\",\"@id\":\"https:\\\/\\\/www.loopkinglaces.com\\\/fr\\\/#organization\",\"name\":\"Loop King Laces\",\"url\":\"https:\\\/\\\/www.loopkinglaces.com\\\/fr\\\/\",\"logo\":{\"@type\":\"ImageObject\",\"inLanguage\":\"fr-FR\",\"@id\":\"https:\\\/\\\/www.loopkinglaces.com\\\/fr\\\/#\\\/schema\\\/logo\\\/image\\\/\",\"url\":\"https:\\\/\\\/www.loopkinglaces.com\\\/wp-content\\\/uploads\\\/LOOP-KING-LACES.1.1-01-LOGO-HI-RES-OFFICIAL-1.png\",\"contentUrl\":\"https:\\\/\\\/www.loopkinglaces.com\\\/wp-content\\\/uploads\\\/LOOP-KING-LACES.1.1-01-LOGO-HI-RES-OFFICIAL-1.png\",\"width\":128,\"height\":91,\"caption\":\"Loop King Laces\"},\"image\":{\"@id\":\"https:\\\/\\\/www.loopkinglaces.com\\\/fr\\\/#\\\/schema\\\/logo\\\/image\\\/\"},\"sameAs\":[\"https:\\\/\\\/www.facebook.com\\\/LoopKingLaces\\\/\",\"https:\\\/\\\/x.com\\\/loopkinglaces\",\"https:\\\/\\\/www.instagram.com\\\/loopkinglaces\\\/\"]}]}<\/script>\n<!-- \/ Yoast SEO plugin. -->","yoast_head_json":{"title":"Lacets en coton plat violet vintage d\u00e9lav\u00e9 avec embouts transparents - Loop King","description":"Incorpore une ambiance vintage dans ta garde-robe de chaussures avec les lacets vintage d\u00e9color\u00e9s Purple. Con\u00e7us pour un \u00e9quilibre parfait entre classique et moderne. Magasinez maintenant !","robots":{"index":"index","follow":"follow","max-snippet":"max-snippet:-1","max-image-preview":"max-image-preview:large","max-video-preview":"max-video-preview:-1"},"canonical":"https:\/\/www.loopkinglaces.com\/fr\/products\/lacets-en-coton-plat-violet-vintage-delave-avec-embouts-transparents\/","og_locale":"fr_FR","og_type":"article","og_title":"Lacets en coton plat violet vintage d\u00e9lav\u00e9 avec embouts transparents - Loop King","og_description":"Incorpore une ambiance vintage dans ta garde-robe de chaussures avec les lacets vintage d\u00e9color\u00e9s Purple. Con\u00e7us pour un \u00e9quilibre parfait entre classique et moderne. Magasinez maintenant !","og_url":"https:\/\/www.loopkinglaces.com\/fr\/products\/lacets-en-coton-plat-violet-vintage-delave-avec-embouts-transparents\/","og_site_name":"Luxury Gold Tip Shoelaces by Loop King Laces","article_publisher":"https:\/\/www.facebook.com\/LoopKingLaces\/","og_image":[{"width":2560,"height":2560,"url":"https:\/\/www.loopkinglaces.com\/wp-content\/uploads\/Purple-Vintage-scaled.jpg","type":"image\/jpeg"}],"twitter_card":"summary_large_image","twitter_site":"@loopkinglaces","twitter_misc":{"Dur\u00e9e de lecture estim\u00e9e":"1 minute"},"schema":{"@context":"https:\/\/schema.org","@graph":[{"@type":["WebPage","ItemPage"],"@id":"https:\/\/www.loopkinglaces.com\/fr\/products\/lacets-en-coton-plat-violet-vintage-delave-avec-embouts-transparents\/","url":"https:\/\/www.loopkinglaces.com\/fr\/products\/lacets-en-coton-plat-violet-vintage-delave-avec-embouts-transparents\/","name":"Lacets en coton plat violet vintage d\u00e9lav\u00e9 avec embouts transparents - Loop King","isPartOf":{"@id":"https:\/\/www.loopkinglaces.com\/fr\/#website"},"primaryImageOfPage":{"@id":"https:\/\/www.loopkinglaces.com\/fr\/products\/lacets-en-coton-plat-violet-vintage-delave-avec-embouts-transparents\/#primaryimage"},"image":{"@id":"https:\/\/www.loopkinglaces.com\/fr\/products\/lacets-en-coton-plat-violet-vintage-delave-avec-embouts-transparents\/#primaryimage"},"thumbnailUrl":"https:\/\/www.loopkinglaces.com\/wp-content\/uploads\/Purple-Vintage-scaled.jpg","datePublished":"2023-12-11T19:03:47+00:00","description":"Incorpore une ambiance vintage dans ta garde-robe de chaussures avec les lacets vintage d\u00e9color\u00e9s Purple. Con\u00e7us pour un \u00e9quilibre parfait entre classique et moderne. Magasinez maintenant !","breadcrumb":{"@id":"https:\/\/www.loopkinglaces.com\/fr\/products\/lacets-en-coton-plat-violet-vintage-delave-avec-embouts-transparents\/#breadcrumb"},"inLanguage":"fr-FR","potentialAction":[{"@type":"ReadAction","target":["https:\/\/www.loopkinglaces.com\/fr\/products\/lacets-en-coton-plat-violet-vintage-delave-avec-embouts-transparents\/"]}]},{"@type":"ImageObject","inLanguage":"fr-FR","@id":"https:\/\/www.loopkinglaces.com\/fr\/products\/lacets-en-coton-plat-violet-vintage-delave-avec-embouts-transparents\/#primaryimage","url":"https:\/\/www.loopkinglaces.com\/wp-content\/uploads\/Purple-Vintage-scaled.jpg","contentUrl":"https:\/\/www.loopkinglaces.com\/wp-content\/uploads\/Purple-Vintage-scaled.jpg","width":2560,"height":2560},{"@type":"BreadcrumbList","@id":"https:\/\/www.loopkinglaces.com\/fr\/products\/lacets-en-coton-plat-violet-vintage-delave-avec-embouts-transparents\/#breadcrumb","itemListElement":[{"@type":"ListItem","position":1,"name":"Home","item":"https:\/\/www.loopkinglaces.com\/fr\/"},{"@type":"ListItem","position":2,"name":"ACHETER DES LACES","item":"https:\/\/www.loopkinglaces.com\/fr\/acheter-des-laces\/"},{"@type":"ListItem","position":3,"name":"Lacets en coton plat violet vintage d\u00e9lav\u00e9 avec embouts transparents"}]},{"@type":"WebSite","@id":"https:\/\/www.loopkinglaces.com\/fr\/#website","url":"https:\/\/www.loopkinglaces.com\/fr\/","name":"Luxury Gold Tip Shoelaces by Loop King Laces","description":"Rope Laces, Flat Waxed Laces and Leather Laces. All With Gold Tips.","publisher":{"@id":"https:\/\/www.loopkinglaces.com\/fr\/#organization"},"potentialAction":[{"@type":"SearchAction","target":{"@type":"EntryPoint","urlTemplate":"https:\/\/www.loopkinglaces.com\/fr\/?s={search_term_string}"},"query-input":{"@type":"PropertyValueSpecification","valueRequired":true,"valueName":"search_term_string"}}],"inLanguage":"fr-FR"},{"@type":"Organization","@id":"https:\/\/www.loopkinglaces.com\/fr\/#organization","name":"Loop King Laces","url":"https:\/\/www.loopkinglaces.com\/fr\/","logo":{"@type":"ImageObject","inLanguage":"fr-FR","@id":"https:\/\/www.loopkinglaces.com\/fr\/#\/schema\/logo\/image\/","url":"https:\/\/www.loopkinglaces.com\/wp-content\/uploads\/LOOP-KING-LACES.1.1-01-LOGO-HI-RES-OFFICIAL-1.png","contentUrl":"https:\/\/www.loopkinglaces.com\/wp-content\/uploads\/LOOP-KING-LACES.1.1-01-LOGO-HI-RES-OFFICIAL-1.png","width":128,"height":91,"caption":"Loop King Laces"},"image":{"@id":"https:\/\/www.loopkinglaces.com\/fr\/#\/schema\/logo\/image\/"},"sameAs":["https:\/\/www.facebook.com\/LoopKingLaces\/","https:\/\/x.com\/loopkinglaces","https:\/\/www.instagram.com\/loopkinglaces\/"]}]}},"_links":{"self":[{"href":"https:\/\/www.loopkinglaces.com\/fr\/wp-json\/wp\/v2\/product\/70280","targetHints":{"allow":["GET"]}}],"collection":[{"href":"https:\/\/www.loopkinglaces.com\/fr\/wp-json\/wp\/v2\/product"}],"about":[{"href":"https:\/\/www.loopkinglaces.com\/fr\/wp-json\/wp\/v2\/types\/product"}],"replies":[{"embeddable":true,"href":"https:\/\/www.loopkinglaces.com\/fr\/wp-json\/wp\/v2\/comments?post=70280"}],"wp:featuredmedia":[{"embeddable":true,"href":"https:\/\/www.loopkinglaces.com\/fr\/wp-json\/wp\/v2\/media\/70304"}],"wp:attachment":[{"href":"https:\/\/www.loopkinglaces.com\/fr\/wp-json\/wp\/v2\/media?parent=70280"}],"wp:term":[{"taxonomy":"product_brand","embeddable":true,"href":"https:\/\/www.loopkinglaces.com\/fr\/wp-json\/wp\/v2\/product_brand?post=70280"},{"taxonomy":"product_cat","embeddable":true,"href":"https:\/\/www.loopkinglaces.com\/fr\/wp-json\/wp\/v2\/product_cat?post=70280"},{"taxonomy":"product_tag","embeddable":true,"href":"https:\/\/www.loopkinglaces.com\/fr\/wp-json\/wp\/v2\/product_tag?post=70280"},{"taxonomy":"woo-feed-brand","embeddable":true,"href":"https:\/\/www.loopkinglaces.com\/fr\/wp-json\/wp\/v2\/woo-feed-brand?post=70280"}],"curies":[{"name":"wp","href":"https:\/\/api.w.org\/{rel}","templated":true}]}}