{"id":70208,"date":"2023-12-11T16:32:01","date_gmt":"2023-12-11T16:32:01","guid":{"rendered":"https:\/\/www.loopkinglaces.com\/products\/lacets-plats-en-coton-rouge-vintage-delave-avec-embouts-transparents\/"},"modified":"2023-12-11T16:32:01","modified_gmt":"2023-12-11T16:32:01","slug":"lacets-plats-en-coton-rouge-vintage-delave-avec-embouts-transparents","status":"publish","type":"product","link":"https:\/\/www.loopkinglaces.com\/fr\/products\/lacets-plats-en-coton-rouge-vintage-delave-avec-embouts-transparents\/","title":{"rendered":"Lacets plats en coton rouge vintage d\u00e9lav\u00e9 avec embouts transparents"},"content":{"rendered":"<p>D\u00e9couvre le m\u00e9lange parfait de charme r\u00e9tro et de durabilit\u00e9 moderne avec les lacets de chaussures en coton plat d\u00e9lav\u00e9 vintage de Loop King.<br \/>\nCes lacets, con\u00e7us pour \u00e9lever tes chaussures, pr\u00e9sentent un aspect vintage d\u00e9lav\u00e9 unique qui ajoute une touche de nostalgie \u00e0 n&#8217;importe quel style de chaussure.<br \/>\nFabriqu\u00e9s en coton de haute qualit\u00e9, ils promettent \u00e0 la fois confort et usure durable.<br \/>\nLes embouts transparents renforcent non seulement l&#8217;attrait vintage des lacets, mais assurent \u00e9galement une durabilit\u00e9 suppl\u00e9mentaire contre l&#8217;effilochage.<br \/>\nAdapt\u00e9s \u00e0 tous les types de chaussures, des baskets d\u00e9contract\u00e9es aux chaussures habill\u00e9es, ces lacets offrent polyvalence et style.<br \/>\nAm\u00e9liore ton jeu de chaussures avec ces lacets exquis, id\u00e9aux pour ceux qui appr\u00e9cient la fusion de l&#8217;esth\u00e9tique classique et de la qualit\u00e9 contemporaine.<br \/>\nNos lacets s&#8217;adaptent \u00e0 tous les types de baskets et de marques, y compris Adidas, Nike, VANS et ainsi de suite, visite notre <a href=\"\/shoelace-size-chart\/\">guide des tailles<\/a> o\u00f9 tu pourras trouver la taille de lacets parfaite pour tes chaussures.        &nbsp;<\/p>\n","protected":false},"excerpt":{"rendered":"<p><strong>Lacets plats rouges en coton d\u00e9lav\u00e9 Vintage avec bouts transparents<\/strong> Entre dans un monde o\u00f9 le style classique et l&#8217;artisanat moderne convergent avec les lacets plats en coton d\u00e9lav\u00e9 Vintage de Loop King.<br \/>\nCes lacets, con\u00e7us pour les adeptes de la mode, arborent un design d\u00e9lav\u00e9 distinctif qui donne \u00e0 tes chaussures une touche vintage unique.<br \/>\nLa mati\u00e8re en coton de haute qualit\u00e9 garantit qu&#8217;ils ne sont pas seulement \u00e9l\u00e9gants, mais aussi robustes et confortables pour un usage quotidien.<br \/>\nAccentu\u00e9s par des pointes claires innovantes, ces lacets r\u00e9sistent \u00e0 l&#8217;effilochage, ce qui garantit que tes chaussures restent impeccables plus longtemps.<br \/>\nQu&#8217;il s&#8217;agisse de rajeunir de vieux favoris ou d&#8217;ajouter une touche sp\u00e9ciale \u00e0 de nouveaux achats, ces lacets sont le choix id\u00e9al pour un look \u00e9l\u00e9gant et poli.<br \/>\nAdopte l&#8217;\u00e9l\u00e9gance d&#8217;antan avec une touche contemporaine gr\u00e2ce \u00e0 ces lacets exquis de Loop King.<br \/>\nVoir les caract\u00e9ristiques ci-dessous :        <\/p>\n<ul>\n<li>Teint\u00e9 \u00e0 la main avec une touche personnelle (il n&#8217;y a pas deux lacets identiques).<\/li>\n<li>Mat\u00e9riaux de premi\u00e8re qualit\u00e9<\/li>\n<li>Dur\u00e9e de vie <strong>3 fois plus longue<\/strong> que les lacets ordinaires<\/li>\n<li>Embouts en plastique transparent de haute qualit\u00e9<\/li>\n<li>Polyester Coton<\/li>\n<li>Beautiful Loop King Emballage par lacet<\/li>\n<\/ul>\n","protected":false},"featured_media":70215,"comment_status":"open","ping_status":"closed","template":"","meta":{"_acf_changed":false},"product_brand":[],"product_cat":[1067,969,1210,1357,953,1236,1670,1713,1063,968,1509,1187,947],"product_tag":[967,962,966,965,961,964,963],"woo-feed-brand":[],"class_list":{"0":"post-70208","1":"product","2":"type-product","3":"status-publish","4":"has-post-thumbnail","6":"product_cat-choisis-parmi-notre-collection-de-lacets-colores-de-grande-qualite","7":"product_cat-decouvre-le-charme-des-lacets-en-coton-plat-delave-de-loop-kings-vintage-avec-des-embouts-transparents","8":"product_cat-des-lacets-de-bottes-robustes-qui-ont-lair-incroyables-et-qui-durent-longtemps","9":"product_cat-des-lacets-de-chaussures-de-ville-pour-hommes-plus-performants-que-les-originaux","10":"product_cat-lacets-de-52-pouces","11":"product_cat-lacets-de-63-pouces-lultime-changement-de-jeu-pour-les-lacets-de-chaussures","12":"product_cat-lacets-de-bottes-de-randonnee-rouges-luxuriants-qui-resistent-aux-elements-agressifs","13":"product_cat-lacets-pour-chaussures-new-balance-ameliore-ton-look","14":"product_cat-lacets-reebok-renove-tes-chaussures","15":"product_cat-lacets-tie-dye-une-touche-funky-sur-les-chaussures-classiques","16":"product_cat-pourquoi-les-lacets-de-course-a-pied-sont-plus-importants-que-tu-ne-le-penses","17":"product_cat-tes-nouveaux-lacets-de-jordan-1-materiaux-de-premiere-qualite-et-de-luxe","18":"product_cat-tous-les-lacets","19":"product_tag-gris-fr","20":"product_tag-lacets","21":"product_tag-lacets-a-pointe-dor","22":"product_tag-lacets-en-corde","23":"product_tag-loop-king-fr","24":"product_tag-noir","25":"product_tag-pointe-en-metal","27":"first","28":"instock","29":"taxable","30":"shipping-taxable","31":"purchasable","32":"product-type-variable"},"acf":[],"yoast_head":"<!-- This site is optimized with the Yoast SEO plugin v27.4 - https:\/\/yoast.com\/product\/yoast-seo-wordpress\/ -->\n<title>Lacets plats en coton rouge vintage d\u00e9lav\u00e9 avec embouts transparents - Loop King<\/title>\n<meta name=\"description\" content=\"Ajoute une touche d&#039;\u00e9l\u00e9gance vintage \u00e0 tes chaussures avec les lacets rouges vintage d\u00e9lav\u00e9s de Loop King. Id\u00e9al pour un style \u00e0 la fois classique et contemporain. Acheter maintenant !\" \/>\n<meta name=\"robots\" content=\"index, follow, max-snippet:-1, max-image-preview:large, max-video-preview:-1\" \/>\n<link rel=\"canonical\" href=\"https:\/\/www.loopkinglaces.com\/fr\/products\/lacets-plats-en-coton-rouge-vintage-delave-avec-embouts-transparents\/\" \/>\n<meta property=\"og:locale\" content=\"fr_FR\" \/>\n<meta property=\"og:type\" content=\"article\" \/>\n<meta property=\"og:title\" content=\"Lacets plats en coton rouge vintage d\u00e9lav\u00e9 avec embouts transparents - Loop King\" \/>\n<meta property=\"og:description\" content=\"Ajoute une touche d&#039;\u00e9l\u00e9gance vintage \u00e0 tes chaussures avec les lacets rouges vintage d\u00e9lav\u00e9s de Loop King. Id\u00e9al pour un style \u00e0 la fois classique et contemporain. Acheter maintenant !\" \/>\n<meta property=\"og:url\" content=\"https:\/\/www.loopkinglaces.com\/fr\/products\/lacets-plats-en-coton-rouge-vintage-delave-avec-embouts-transparents\/\" \/>\n<meta property=\"og:site_name\" content=\"Luxury Gold Tip Shoelaces by Loop King Laces\" \/>\n<meta property=\"article:publisher\" content=\"https:\/\/www.facebook.com\/LoopKingLaces\/\" \/>\n<meta property=\"og:image\" content=\"https:\/\/www.loopkinglaces.com\/wp-content\/uploads\/IMG_9926-scaled.jpg\" \/>\n\t<meta property=\"og:image:width\" content=\"2560\" \/>\n\t<meta property=\"og:image:height\" content=\"2560\" \/>\n\t<meta property=\"og:image:type\" content=\"image\/jpeg\" \/>\n<meta name=\"twitter:card\" content=\"summary_large_image\" \/>\n<meta name=\"twitter:site\" content=\"@loopkinglaces\" \/>\n<meta name=\"twitter:label1\" content=\"Dur\u00e9e de lecture estim\u00e9e\" \/>\n\t<meta name=\"twitter:data1\" content=\"1 minute\" \/>\n<script type=\"application\/ld+json\" class=\"yoast-schema-graph\">{\"@context\":\"https:\\\/\\\/schema.org\",\"@graph\":[{\"@type\":[\"WebPage\",\"ItemPage\"],\"@id\":\"https:\\\/\\\/www.loopkinglaces.com\\\/fr\\\/products\\\/lacets-plats-en-coton-rouge-vintage-delave-avec-embouts-transparents\\\/\",\"url\":\"https:\\\/\\\/www.loopkinglaces.com\\\/fr\\\/products\\\/lacets-plats-en-coton-rouge-vintage-delave-avec-embouts-transparents\\\/\",\"name\":\"Lacets plats en coton rouge vintage d\u00e9lav\u00e9 avec embouts transparents - Loop King\",\"isPartOf\":{\"@id\":\"https:\\\/\\\/www.loopkinglaces.com\\\/fr\\\/#website\"},\"primaryImageOfPage\":{\"@id\":\"https:\\\/\\\/www.loopkinglaces.com\\\/fr\\\/products\\\/lacets-plats-en-coton-rouge-vintage-delave-avec-embouts-transparents\\\/#primaryimage\"},\"image\":{\"@id\":\"https:\\\/\\\/www.loopkinglaces.com\\\/fr\\\/products\\\/lacets-plats-en-coton-rouge-vintage-delave-avec-embouts-transparents\\\/#primaryimage\"},\"thumbnailUrl\":\"https:\\\/\\\/www.loopkinglaces.com\\\/wp-content\\\/uploads\\\/IMG_9926-scaled.jpg\",\"datePublished\":\"2023-12-11T16:32:01+00:00\",\"description\":\"Ajoute une touche d'\u00e9l\u00e9gance vintage \u00e0 tes chaussures avec les lacets rouges vintage d\u00e9lav\u00e9s de Loop King. Id\u00e9al pour un style \u00e0 la fois classique et contemporain. Acheter maintenant !\",\"breadcrumb\":{\"@id\":\"https:\\\/\\\/www.loopkinglaces.com\\\/fr\\\/products\\\/lacets-plats-en-coton-rouge-vintage-delave-avec-embouts-transparents\\\/#breadcrumb\"},\"inLanguage\":\"fr-FR\",\"potentialAction\":[{\"@type\":\"ReadAction\",\"target\":[\"https:\\\/\\\/www.loopkinglaces.com\\\/fr\\\/products\\\/lacets-plats-en-coton-rouge-vintage-delave-avec-embouts-transparents\\\/\"]}]},{\"@type\":\"ImageObject\",\"inLanguage\":\"fr-FR\",\"@id\":\"https:\\\/\\\/www.loopkinglaces.com\\\/fr\\\/products\\\/lacets-plats-en-coton-rouge-vintage-delave-avec-embouts-transparents\\\/#primaryimage\",\"url\":\"https:\\\/\\\/www.loopkinglaces.com\\\/wp-content\\\/uploads\\\/IMG_9926-scaled.jpg\",\"contentUrl\":\"https:\\\/\\\/www.loopkinglaces.com\\\/wp-content\\\/uploads\\\/IMG_9926-scaled.jpg\",\"width\":2560,\"height\":2560},{\"@type\":\"BreadcrumbList\",\"@id\":\"https:\\\/\\\/www.loopkinglaces.com\\\/fr\\\/products\\\/lacets-plats-en-coton-rouge-vintage-delave-avec-embouts-transparents\\\/#breadcrumb\",\"itemListElement\":[{\"@type\":\"ListItem\",\"position\":1,\"name\":\"Home\",\"item\":\"https:\\\/\\\/www.loopkinglaces.com\\\/fr\\\/\"},{\"@type\":\"ListItem\",\"position\":2,\"name\":\"ACHETER DES LACES\",\"item\":\"https:\\\/\\\/www.loopkinglaces.com\\\/fr\\\/acheter-des-laces\\\/\"},{\"@type\":\"ListItem\",\"position\":3,\"name\":\"Lacets plats en coton rouge vintage d\u00e9lav\u00e9 avec embouts transparents\"}]},{\"@type\":\"WebSite\",\"@id\":\"https:\\\/\\\/www.loopkinglaces.com\\\/fr\\\/#website\",\"url\":\"https:\\\/\\\/www.loopkinglaces.com\\\/fr\\\/\",\"name\":\"Luxury Gold Tip Shoelaces by Loop King Laces\",\"description\":\"Rope Laces, Flat Waxed Laces and Leather Laces. All With Gold Tips.\",\"publisher\":{\"@id\":\"https:\\\/\\\/www.loopkinglaces.com\\\/fr\\\/#organization\"},\"potentialAction\":[{\"@type\":\"SearchAction\",\"target\":{\"@type\":\"EntryPoint\",\"urlTemplate\":\"https:\\\/\\\/www.loopkinglaces.com\\\/fr\\\/?s={search_term_string}\"},\"query-input\":{\"@type\":\"PropertyValueSpecification\",\"valueRequired\":true,\"valueName\":\"search_term_string\"}}],\"inLanguage\":\"fr-FR\"},{\"@type\":\"Organization\",\"@id\":\"https:\\\/\\\/www.loopkinglaces.com\\\/fr\\\/#organization\",\"name\":\"Loop King Laces\",\"url\":\"https:\\\/\\\/www.loopkinglaces.com\\\/fr\\\/\",\"logo\":{\"@type\":\"ImageObject\",\"inLanguage\":\"fr-FR\",\"@id\":\"https:\\\/\\\/www.loopkinglaces.com\\\/fr\\\/#\\\/schema\\\/logo\\\/image\\\/\",\"url\":\"https:\\\/\\\/www.loopkinglaces.com\\\/wp-content\\\/uploads\\\/LOOP-KING-LACES.1.1-01-LOGO-HI-RES-OFFICIAL-1.png\",\"contentUrl\":\"https:\\\/\\\/www.loopkinglaces.com\\\/wp-content\\\/uploads\\\/LOOP-KING-LACES.1.1-01-LOGO-HI-RES-OFFICIAL-1.png\",\"width\":128,\"height\":91,\"caption\":\"Loop King Laces\"},\"image\":{\"@id\":\"https:\\\/\\\/www.loopkinglaces.com\\\/fr\\\/#\\\/schema\\\/logo\\\/image\\\/\"},\"sameAs\":[\"https:\\\/\\\/www.facebook.com\\\/LoopKingLaces\\\/\",\"https:\\\/\\\/x.com\\\/loopkinglaces\",\"https:\\\/\\\/www.instagram.com\\\/loopkinglaces\\\/\"]}]}<\/script>\n<!-- \/ Yoast SEO plugin. -->","yoast_head_json":{"title":"Lacets plats en coton rouge vintage d\u00e9lav\u00e9 avec embouts transparents - Loop King","description":"Ajoute une touche d'\u00e9l\u00e9gance vintage \u00e0 tes chaussures avec les lacets rouges vintage d\u00e9lav\u00e9s de Loop King. Id\u00e9al pour un style \u00e0 la fois classique et contemporain. Acheter maintenant !","robots":{"index":"index","follow":"follow","max-snippet":"max-snippet:-1","max-image-preview":"max-image-preview:large","max-video-preview":"max-video-preview:-1"},"canonical":"https:\/\/www.loopkinglaces.com\/fr\/products\/lacets-plats-en-coton-rouge-vintage-delave-avec-embouts-transparents\/","og_locale":"fr_FR","og_type":"article","og_title":"Lacets plats en coton rouge vintage d\u00e9lav\u00e9 avec embouts transparents - Loop King","og_description":"Ajoute une touche d'\u00e9l\u00e9gance vintage \u00e0 tes chaussures avec les lacets rouges vintage d\u00e9lav\u00e9s de Loop King. Id\u00e9al pour un style \u00e0 la fois classique et contemporain. Acheter maintenant !","og_url":"https:\/\/www.loopkinglaces.com\/fr\/products\/lacets-plats-en-coton-rouge-vintage-delave-avec-embouts-transparents\/","og_site_name":"Luxury Gold Tip Shoelaces by Loop King Laces","article_publisher":"https:\/\/www.facebook.com\/LoopKingLaces\/","og_image":[{"width":2560,"height":2560,"url":"https:\/\/www.loopkinglaces.com\/wp-content\/uploads\/IMG_9926-scaled.jpg","type":"image\/jpeg"}],"twitter_card":"summary_large_image","twitter_site":"@loopkinglaces","twitter_misc":{"Dur\u00e9e de lecture estim\u00e9e":"1 minute"},"schema":{"@context":"https:\/\/schema.org","@graph":[{"@type":["WebPage","ItemPage"],"@id":"https:\/\/www.loopkinglaces.com\/fr\/products\/lacets-plats-en-coton-rouge-vintage-delave-avec-embouts-transparents\/","url":"https:\/\/www.loopkinglaces.com\/fr\/products\/lacets-plats-en-coton-rouge-vintage-delave-avec-embouts-transparents\/","name":"Lacets plats en coton rouge vintage d\u00e9lav\u00e9 avec embouts transparents - Loop King","isPartOf":{"@id":"https:\/\/www.loopkinglaces.com\/fr\/#website"},"primaryImageOfPage":{"@id":"https:\/\/www.loopkinglaces.com\/fr\/products\/lacets-plats-en-coton-rouge-vintage-delave-avec-embouts-transparents\/#primaryimage"},"image":{"@id":"https:\/\/www.loopkinglaces.com\/fr\/products\/lacets-plats-en-coton-rouge-vintage-delave-avec-embouts-transparents\/#primaryimage"},"thumbnailUrl":"https:\/\/www.loopkinglaces.com\/wp-content\/uploads\/IMG_9926-scaled.jpg","datePublished":"2023-12-11T16:32:01+00:00","description":"Ajoute une touche d'\u00e9l\u00e9gance vintage \u00e0 tes chaussures avec les lacets rouges vintage d\u00e9lav\u00e9s de Loop King. Id\u00e9al pour un style \u00e0 la fois classique et contemporain. Acheter maintenant !","breadcrumb":{"@id":"https:\/\/www.loopkinglaces.com\/fr\/products\/lacets-plats-en-coton-rouge-vintage-delave-avec-embouts-transparents\/#breadcrumb"},"inLanguage":"fr-FR","potentialAction":[{"@type":"ReadAction","target":["https:\/\/www.loopkinglaces.com\/fr\/products\/lacets-plats-en-coton-rouge-vintage-delave-avec-embouts-transparents\/"]}]},{"@type":"ImageObject","inLanguage":"fr-FR","@id":"https:\/\/www.loopkinglaces.com\/fr\/products\/lacets-plats-en-coton-rouge-vintage-delave-avec-embouts-transparents\/#primaryimage","url":"https:\/\/www.loopkinglaces.com\/wp-content\/uploads\/IMG_9926-scaled.jpg","contentUrl":"https:\/\/www.loopkinglaces.com\/wp-content\/uploads\/IMG_9926-scaled.jpg","width":2560,"height":2560},{"@type":"BreadcrumbList","@id":"https:\/\/www.loopkinglaces.com\/fr\/products\/lacets-plats-en-coton-rouge-vintage-delave-avec-embouts-transparents\/#breadcrumb","itemListElement":[{"@type":"ListItem","position":1,"name":"Home","item":"https:\/\/www.loopkinglaces.com\/fr\/"},{"@type":"ListItem","position":2,"name":"ACHETER DES LACES","item":"https:\/\/www.loopkinglaces.com\/fr\/acheter-des-laces\/"},{"@type":"ListItem","position":3,"name":"Lacets plats en coton rouge vintage d\u00e9lav\u00e9 avec embouts transparents"}]},{"@type":"WebSite","@id":"https:\/\/www.loopkinglaces.com\/fr\/#website","url":"https:\/\/www.loopkinglaces.com\/fr\/","name":"Luxury Gold Tip Shoelaces by Loop King Laces","description":"Rope Laces, Flat Waxed Laces and Leather Laces. All With Gold Tips.","publisher":{"@id":"https:\/\/www.loopkinglaces.com\/fr\/#organization"},"potentialAction":[{"@type":"SearchAction","target":{"@type":"EntryPoint","urlTemplate":"https:\/\/www.loopkinglaces.com\/fr\/?s={search_term_string}"},"query-input":{"@type":"PropertyValueSpecification","valueRequired":true,"valueName":"search_term_string"}}],"inLanguage":"fr-FR"},{"@type":"Organization","@id":"https:\/\/www.loopkinglaces.com\/fr\/#organization","name":"Loop King Laces","url":"https:\/\/www.loopkinglaces.com\/fr\/","logo":{"@type":"ImageObject","inLanguage":"fr-FR","@id":"https:\/\/www.loopkinglaces.com\/fr\/#\/schema\/logo\/image\/","url":"https:\/\/www.loopkinglaces.com\/wp-content\/uploads\/LOOP-KING-LACES.1.1-01-LOGO-HI-RES-OFFICIAL-1.png","contentUrl":"https:\/\/www.loopkinglaces.com\/wp-content\/uploads\/LOOP-KING-LACES.1.1-01-LOGO-HI-RES-OFFICIAL-1.png","width":128,"height":91,"caption":"Loop King Laces"},"image":{"@id":"https:\/\/www.loopkinglaces.com\/fr\/#\/schema\/logo\/image\/"},"sameAs":["https:\/\/www.facebook.com\/LoopKingLaces\/","https:\/\/x.com\/loopkinglaces","https:\/\/www.instagram.com\/loopkinglaces\/"]}]}},"_links":{"self":[{"href":"https:\/\/www.loopkinglaces.com\/fr\/wp-json\/wp\/v2\/product\/70208","targetHints":{"allow":["GET"]}}],"collection":[{"href":"https:\/\/www.loopkinglaces.com\/fr\/wp-json\/wp\/v2\/product"}],"about":[{"href":"https:\/\/www.loopkinglaces.com\/fr\/wp-json\/wp\/v2\/types\/product"}],"replies":[{"embeddable":true,"href":"https:\/\/www.loopkinglaces.com\/fr\/wp-json\/wp\/v2\/comments?post=70208"}],"wp:featuredmedia":[{"embeddable":true,"href":"https:\/\/www.loopkinglaces.com\/fr\/wp-json\/wp\/v2\/media\/70215"}],"wp:attachment":[{"href":"https:\/\/www.loopkinglaces.com\/fr\/wp-json\/wp\/v2\/media?parent=70208"}],"wp:term":[{"taxonomy":"product_brand","embeddable":true,"href":"https:\/\/www.loopkinglaces.com\/fr\/wp-json\/wp\/v2\/product_brand?post=70208"},{"taxonomy":"product_cat","embeddable":true,"href":"https:\/\/www.loopkinglaces.com\/fr\/wp-json\/wp\/v2\/product_cat?post=70208"},{"taxonomy":"product_tag","embeddable":true,"href":"https:\/\/www.loopkinglaces.com\/fr\/wp-json\/wp\/v2\/product_tag?post=70208"},{"taxonomy":"woo-feed-brand","embeddable":true,"href":"https:\/\/www.loopkinglaces.com\/fr\/wp-json\/wp\/v2\/woo-feed-brand?post=70208"}],"curies":[{"name":"wp","href":"https:\/\/api.w.org\/{rel}","templated":true}]}}