{"id":70115,"date":"2023-12-08T18:54:13","date_gmt":"2023-12-08T18:54:13","guid":{"rendered":"https:\/\/www.loopkinglaces.com\/products\/lacets-de-corde-minces-orange-avec-pointes-transparentes\/"},"modified":"2023-12-08T18:54:13","modified_gmt":"2023-12-08T18:54:13","slug":"lacets-de-corde-minces-orange-avec-pointes-transparentes","status":"publish","type":"product","link":"https:\/\/www.loopkinglaces.com\/fr\/products\/lacets-de-corde-minces-orange-avec-pointes-transparentes\/","title":{"rendered":"Lacets de corde minces orange avec pointes transparentes"},"content":{"rendered":"<h3><a href=\"https:\/\/www.loopkinglaces.com\/\">Lacets de luxe pour baskets<\/a><\/h3>\n<p>  \u00c9l\u00e8ve ton ensemble de chaussures avec les lacets Loop King.<br \/>\nNos lacets en corde fine, \u00e9quip\u00e9s d&#8217;embouts en plastique transparent, sont fabriqu\u00e9s avec des mat\u00e9riaux de qualit\u00e9 sup\u00e9rieure.<br \/>\nCes lacets offrent une dur\u00e9e de vie tripl\u00e9e par rapport aux lacets normaux.<br \/>\nNos lacets s&#8217;adaptent \u00e0 tous les diff\u00e9rents types de baskets et de marques, y compris Adidas, Nike, VANS et ainsi de suite, visite notre <a href=\"\/shoelace-size-chart\/\">guide des tailles<\/a> o\u00f9 tu pourras trouver la taille de lacets parfaite pour tes chaussures.     &nbsp;<\/p>\n","protected":false},"excerpt":{"rendered":"<p>Lacets <strong>de corde minces orange avec embouts transparents<\/strong> Am\u00e9liore ton exp\u00e9rience de la chaussure avec les lacets Loop King.<br \/>\nLes lacets \u00e0 corde fine, dot\u00e9s d&#8217;embouts en plastique transparent, sont fabriqu\u00e9s \u00e0 partir de mat\u00e9riaux de la plus haute qualit\u00e9.<br \/>\nCon\u00e7us pour une durabilit\u00e9 accrue, ils durent trois fois plus longtemps que les lacets ordinaires.<br \/>\nExamine leurs caract\u00e9ristiques compl\u00e8tes ci-dessous :     <\/p>\n<ul>\n<li>Largeur de 2,5 \u00e0 3 mm (ronde)<\/li>\n<li>Mat\u00e9riaux de premi\u00e8re qualit\u00e9<\/li>\n<li>Dur\u00e9e de vie <strong>3 fois plus longue<\/strong> que les lacets ordinaires<\/li>\n<li>Embouts en plastique transparent de haute qualit\u00e9<\/li>\n<li>100 % coton longuement agraf\u00e9<\/li>\n<li>Beautiful Loop King Emballage par lacet<\/li>\n<\/ul>\n","protected":false},"featured_media":70123,"comment_status":"open","ping_status":"closed","template":"","meta":{"_acf_changed":false},"product_brand":[],"product_cat":[960,956,957,1352,1238,1387,959,947],"product_tag":[967,962,966,965,961,964,963],"woo-feed-brand":[],"class_list":{"0":"post-70115","1":"product","2":"type-product","3":"status-publish","4":"has-post-thumbnail","6":"product_cat-decouvre-lelegance-des-lacets-fins-en-corde-avec-des-embouts-en-plastique-transparent-durables","7":"product_cat-des-lacets-de-chaussures-habillees-pour-sortir-en-ville-avec-style","8":"product_cat-des-lacets-de-golf-elegants-et-durables-pour-briller-sur-le-parcours","9":"product_cat-lacets-cole-haan-un-traitement-luxueux-pour-tes-chaussures","10":"product_cat-lacets-de-bottes-de-60-pouces-des-lacets-plus-longs-pour-une-declaration-de-style-ultime","11":"product_cat-lacets-de-chaussures-orange-options-haut-de-gamme","12":"product_cat-lacets-fins-une-petite-touche-a-ton-look-classique","13":"product_cat-tous-les-lacets","14":"product_tag-gris-fr","15":"product_tag-lacets","16":"product_tag-lacets-a-pointe-dor","17":"product_tag-lacets-en-corde","18":"product_tag-loop-king-fr","19":"product_tag-noir","20":"product_tag-pointe-en-metal","22":"first","23":"instock","24":"taxable","25":"shipping-taxable","26":"purchasable","27":"product-type-variable"},"acf":[],"yoast_head":"<!-- This site is optimized with the Yoast SEO plugin v27.4 - https:\/\/yoast.com\/product\/yoast-seo-wordpress\/ -->\n<title>Lacets de corde minces orange avec embouts transparents - de Loop King<\/title>\n<meta name=\"description\" content=\"Fais l&#039;exp\u00e9rience de l&#039;\u00e9l\u00e9gance avec les lacets de corde minces orange de Loop King. Qualit\u00e9 sup\u00e9rieure, bouts clairs, parfaits pour toutes les occasions. Ach\u00e8te maintenant pour une m\u00e9tamorphose de tes chaussures !\" \/>\n<meta name=\"robots\" content=\"index, follow, max-snippet:-1, max-image-preview:large, max-video-preview:-1\" \/>\n<link rel=\"canonical\" href=\"https:\/\/www.loopkinglaces.com\/fr\/products\/lacets-de-corde-minces-orange-avec-pointes-transparentes\/\" \/>\n<meta property=\"og:locale\" content=\"fr_FR\" \/>\n<meta property=\"og:type\" content=\"article\" \/>\n<meta property=\"og:title\" content=\"Lacets de corde minces orange avec embouts transparents - de Loop King\" \/>\n<meta property=\"og:description\" content=\"Fais l&#039;exp\u00e9rience de l&#039;\u00e9l\u00e9gance avec les lacets de corde minces orange de Loop King. Qualit\u00e9 sup\u00e9rieure, bouts clairs, parfaits pour toutes les occasions. Ach\u00e8te maintenant pour une m\u00e9tamorphose de tes chaussures !\" \/>\n<meta property=\"og:url\" content=\"https:\/\/www.loopkinglaces.com\/fr\/products\/lacets-de-corde-minces-orange-avec-pointes-transparentes\/\" \/>\n<meta property=\"og:site_name\" content=\"Luxury Gold Tip Shoelaces by Loop King Laces\" \/>\n<meta property=\"article:publisher\" content=\"https:\/\/www.facebook.com\/LoopKingLaces\/\" \/>\n<meta property=\"og:image\" content=\"https:\/\/www.loopkinglaces.com\/wp-content\/uploads\/Orange-Thin-Rope-800x800.jpg\" \/>\n\t<meta property=\"og:image:width\" content=\"800\" \/>\n\t<meta property=\"og:image:height\" content=\"800\" \/>\n\t<meta property=\"og:image:type\" content=\"image\/jpeg\" \/>\n<meta name=\"twitter:card\" content=\"summary_large_image\" \/>\n<meta name=\"twitter:site\" content=\"@loopkinglaces\" \/>\n<script type=\"application\/ld+json\" class=\"yoast-schema-graph\">{\"@context\":\"https:\\\/\\\/schema.org\",\"@graph\":[{\"@type\":[\"WebPage\",\"ItemPage\"],\"@id\":\"https:\\\/\\\/www.loopkinglaces.com\\\/fr\\\/products\\\/lacets-de-corde-minces-orange-avec-pointes-transparentes\\\/\",\"url\":\"https:\\\/\\\/www.loopkinglaces.com\\\/fr\\\/products\\\/lacets-de-corde-minces-orange-avec-pointes-transparentes\\\/\",\"name\":\"Lacets de corde minces orange avec embouts transparents - de Loop King\",\"isPartOf\":{\"@id\":\"https:\\\/\\\/www.loopkinglaces.com\\\/fr\\\/#website\"},\"primaryImageOfPage\":{\"@id\":\"https:\\\/\\\/www.loopkinglaces.com\\\/fr\\\/products\\\/lacets-de-corde-minces-orange-avec-pointes-transparentes\\\/#primaryimage\"},\"image\":{\"@id\":\"https:\\\/\\\/www.loopkinglaces.com\\\/fr\\\/products\\\/lacets-de-corde-minces-orange-avec-pointes-transparentes\\\/#primaryimage\"},\"thumbnailUrl\":\"https:\\\/\\\/www.loopkinglaces.com\\\/wp-content\\\/uploads\\\/Orange-Thin-Rope.jpg\",\"datePublished\":\"2023-12-08T18:54:13+00:00\",\"description\":\"Fais l'exp\u00e9rience de l'\u00e9l\u00e9gance avec les lacets de corde minces orange de Loop King. Qualit\u00e9 sup\u00e9rieure, bouts clairs, parfaits pour toutes les occasions. Ach\u00e8te maintenant pour une m\u00e9tamorphose de tes chaussures !\",\"breadcrumb\":{\"@id\":\"https:\\\/\\\/www.loopkinglaces.com\\\/fr\\\/products\\\/lacets-de-corde-minces-orange-avec-pointes-transparentes\\\/#breadcrumb\"},\"inLanguage\":\"fr-FR\",\"potentialAction\":[{\"@type\":\"ReadAction\",\"target\":[\"https:\\\/\\\/www.loopkinglaces.com\\\/fr\\\/products\\\/lacets-de-corde-minces-orange-avec-pointes-transparentes\\\/\"]}]},{\"@type\":\"ImageObject\",\"inLanguage\":\"fr-FR\",\"@id\":\"https:\\\/\\\/www.loopkinglaces.com\\\/fr\\\/products\\\/lacets-de-corde-minces-orange-avec-pointes-transparentes\\\/#primaryimage\",\"url\":\"https:\\\/\\\/www.loopkinglaces.com\\\/wp-content\\\/uploads\\\/Orange-Thin-Rope.jpg\",\"contentUrl\":\"https:\\\/\\\/www.loopkinglaces.com\\\/wp-content\\\/uploads\\\/Orange-Thin-Rope.jpg\",\"width\":2420,\"height\":2419},{\"@type\":\"BreadcrumbList\",\"@id\":\"https:\\\/\\\/www.loopkinglaces.com\\\/fr\\\/products\\\/lacets-de-corde-minces-orange-avec-pointes-transparentes\\\/#breadcrumb\",\"itemListElement\":[{\"@type\":\"ListItem\",\"position\":1,\"name\":\"Home\",\"item\":\"https:\\\/\\\/www.loopkinglaces.com\\\/fr\\\/\"},{\"@type\":\"ListItem\",\"position\":2,\"name\":\"ACHETER DES LACES\",\"item\":\"https:\\\/\\\/www.loopkinglaces.com\\\/fr\\\/acheter-des-laces\\\/\"},{\"@type\":\"ListItem\",\"position\":3,\"name\":\"Lacets de corde minces orange avec pointes transparentes\"}]},{\"@type\":\"WebSite\",\"@id\":\"https:\\\/\\\/www.loopkinglaces.com\\\/fr\\\/#website\",\"url\":\"https:\\\/\\\/www.loopkinglaces.com\\\/fr\\\/\",\"name\":\"Luxury Gold Tip Shoelaces by Loop King Laces\",\"description\":\"Rope Laces, Flat Waxed Laces and Leather Laces. All With Gold Tips.\",\"publisher\":{\"@id\":\"https:\\\/\\\/www.loopkinglaces.com\\\/fr\\\/#organization\"},\"potentialAction\":[{\"@type\":\"SearchAction\",\"target\":{\"@type\":\"EntryPoint\",\"urlTemplate\":\"https:\\\/\\\/www.loopkinglaces.com\\\/fr\\\/?s={search_term_string}\"},\"query-input\":{\"@type\":\"PropertyValueSpecification\",\"valueRequired\":true,\"valueName\":\"search_term_string\"}}],\"inLanguage\":\"fr-FR\"},{\"@type\":\"Organization\",\"@id\":\"https:\\\/\\\/www.loopkinglaces.com\\\/fr\\\/#organization\",\"name\":\"Loop King Laces\",\"url\":\"https:\\\/\\\/www.loopkinglaces.com\\\/fr\\\/\",\"logo\":{\"@type\":\"ImageObject\",\"inLanguage\":\"fr-FR\",\"@id\":\"https:\\\/\\\/www.loopkinglaces.com\\\/fr\\\/#\\\/schema\\\/logo\\\/image\\\/\",\"url\":\"https:\\\/\\\/www.loopkinglaces.com\\\/wp-content\\\/uploads\\\/LOOP-KING-LACES.1.1-01-LOGO-HI-RES-OFFICIAL-1.png\",\"contentUrl\":\"https:\\\/\\\/www.loopkinglaces.com\\\/wp-content\\\/uploads\\\/LOOP-KING-LACES.1.1-01-LOGO-HI-RES-OFFICIAL-1.png\",\"width\":128,\"height\":91,\"caption\":\"Loop King Laces\"},\"image\":{\"@id\":\"https:\\\/\\\/www.loopkinglaces.com\\\/fr\\\/#\\\/schema\\\/logo\\\/image\\\/\"},\"sameAs\":[\"https:\\\/\\\/www.facebook.com\\\/LoopKingLaces\\\/\",\"https:\\\/\\\/x.com\\\/loopkinglaces\",\"https:\\\/\\\/www.instagram.com\\\/loopkinglaces\\\/\"]}]}<\/script>\n<!-- \/ Yoast SEO plugin. -->","yoast_head_json":{"title":"Lacets de corde minces orange avec embouts transparents - de Loop King","description":"Fais l'exp\u00e9rience de l'\u00e9l\u00e9gance avec les lacets de corde minces orange de Loop King. Qualit\u00e9 sup\u00e9rieure, bouts clairs, parfaits pour toutes les occasions. Ach\u00e8te maintenant pour une m\u00e9tamorphose de tes chaussures !","robots":{"index":"index","follow":"follow","max-snippet":"max-snippet:-1","max-image-preview":"max-image-preview:large","max-video-preview":"max-video-preview:-1"},"canonical":"https:\/\/www.loopkinglaces.com\/fr\/products\/lacets-de-corde-minces-orange-avec-pointes-transparentes\/","og_locale":"fr_FR","og_type":"article","og_title":"Lacets de corde minces orange avec embouts transparents - de Loop King","og_description":"Fais l'exp\u00e9rience de l'\u00e9l\u00e9gance avec les lacets de corde minces orange de Loop King. Qualit\u00e9 sup\u00e9rieure, bouts clairs, parfaits pour toutes les occasions. Ach\u00e8te maintenant pour une m\u00e9tamorphose de tes chaussures !","og_url":"https:\/\/www.loopkinglaces.com\/fr\/products\/lacets-de-corde-minces-orange-avec-pointes-transparentes\/","og_site_name":"Luxury Gold Tip Shoelaces by Loop King Laces","article_publisher":"https:\/\/www.facebook.com\/LoopKingLaces\/","og_image":[{"width":800,"height":800,"url":"https:\/\/www.loopkinglaces.com\/wp-content\/uploads\/Orange-Thin-Rope-800x800.jpg","type":"image\/jpeg"}],"twitter_card":"summary_large_image","twitter_site":"@loopkinglaces","schema":{"@context":"https:\/\/schema.org","@graph":[{"@type":["WebPage","ItemPage"],"@id":"https:\/\/www.loopkinglaces.com\/fr\/products\/lacets-de-corde-minces-orange-avec-pointes-transparentes\/","url":"https:\/\/www.loopkinglaces.com\/fr\/products\/lacets-de-corde-minces-orange-avec-pointes-transparentes\/","name":"Lacets de corde minces orange avec embouts transparents - de Loop King","isPartOf":{"@id":"https:\/\/www.loopkinglaces.com\/fr\/#website"},"primaryImageOfPage":{"@id":"https:\/\/www.loopkinglaces.com\/fr\/products\/lacets-de-corde-minces-orange-avec-pointes-transparentes\/#primaryimage"},"image":{"@id":"https:\/\/www.loopkinglaces.com\/fr\/products\/lacets-de-corde-minces-orange-avec-pointes-transparentes\/#primaryimage"},"thumbnailUrl":"https:\/\/www.loopkinglaces.com\/wp-content\/uploads\/Orange-Thin-Rope.jpg","datePublished":"2023-12-08T18:54:13+00:00","description":"Fais l'exp\u00e9rience de l'\u00e9l\u00e9gance avec les lacets de corde minces orange de Loop King. Qualit\u00e9 sup\u00e9rieure, bouts clairs, parfaits pour toutes les occasions. Ach\u00e8te maintenant pour une m\u00e9tamorphose de tes chaussures !","breadcrumb":{"@id":"https:\/\/www.loopkinglaces.com\/fr\/products\/lacets-de-corde-minces-orange-avec-pointes-transparentes\/#breadcrumb"},"inLanguage":"fr-FR","potentialAction":[{"@type":"ReadAction","target":["https:\/\/www.loopkinglaces.com\/fr\/products\/lacets-de-corde-minces-orange-avec-pointes-transparentes\/"]}]},{"@type":"ImageObject","inLanguage":"fr-FR","@id":"https:\/\/www.loopkinglaces.com\/fr\/products\/lacets-de-corde-minces-orange-avec-pointes-transparentes\/#primaryimage","url":"https:\/\/www.loopkinglaces.com\/wp-content\/uploads\/Orange-Thin-Rope.jpg","contentUrl":"https:\/\/www.loopkinglaces.com\/wp-content\/uploads\/Orange-Thin-Rope.jpg","width":2420,"height":2419},{"@type":"BreadcrumbList","@id":"https:\/\/www.loopkinglaces.com\/fr\/products\/lacets-de-corde-minces-orange-avec-pointes-transparentes\/#breadcrumb","itemListElement":[{"@type":"ListItem","position":1,"name":"Home","item":"https:\/\/www.loopkinglaces.com\/fr\/"},{"@type":"ListItem","position":2,"name":"ACHETER DES LACES","item":"https:\/\/www.loopkinglaces.com\/fr\/acheter-des-laces\/"},{"@type":"ListItem","position":3,"name":"Lacets de corde minces orange avec pointes transparentes"}]},{"@type":"WebSite","@id":"https:\/\/www.loopkinglaces.com\/fr\/#website","url":"https:\/\/www.loopkinglaces.com\/fr\/","name":"Luxury Gold Tip Shoelaces by Loop King Laces","description":"Rope Laces, Flat Waxed Laces and Leather Laces. All With Gold Tips.","publisher":{"@id":"https:\/\/www.loopkinglaces.com\/fr\/#organization"},"potentialAction":[{"@type":"SearchAction","target":{"@type":"EntryPoint","urlTemplate":"https:\/\/www.loopkinglaces.com\/fr\/?s={search_term_string}"},"query-input":{"@type":"PropertyValueSpecification","valueRequired":true,"valueName":"search_term_string"}}],"inLanguage":"fr-FR"},{"@type":"Organization","@id":"https:\/\/www.loopkinglaces.com\/fr\/#organization","name":"Loop King Laces","url":"https:\/\/www.loopkinglaces.com\/fr\/","logo":{"@type":"ImageObject","inLanguage":"fr-FR","@id":"https:\/\/www.loopkinglaces.com\/fr\/#\/schema\/logo\/image\/","url":"https:\/\/www.loopkinglaces.com\/wp-content\/uploads\/LOOP-KING-LACES.1.1-01-LOGO-HI-RES-OFFICIAL-1.png","contentUrl":"https:\/\/www.loopkinglaces.com\/wp-content\/uploads\/LOOP-KING-LACES.1.1-01-LOGO-HI-RES-OFFICIAL-1.png","width":128,"height":91,"caption":"Loop King Laces"},"image":{"@id":"https:\/\/www.loopkinglaces.com\/fr\/#\/schema\/logo\/image\/"},"sameAs":["https:\/\/www.facebook.com\/LoopKingLaces\/","https:\/\/x.com\/loopkinglaces","https:\/\/www.instagram.com\/loopkinglaces\/"]}]}},"_links":{"self":[{"href":"https:\/\/www.loopkinglaces.com\/fr\/wp-json\/wp\/v2\/product\/70115","targetHints":{"allow":["GET"]}}],"collection":[{"href":"https:\/\/www.loopkinglaces.com\/fr\/wp-json\/wp\/v2\/product"}],"about":[{"href":"https:\/\/www.loopkinglaces.com\/fr\/wp-json\/wp\/v2\/types\/product"}],"replies":[{"embeddable":true,"href":"https:\/\/www.loopkinglaces.com\/fr\/wp-json\/wp\/v2\/comments?post=70115"}],"wp:featuredmedia":[{"embeddable":true,"href":"https:\/\/www.loopkinglaces.com\/fr\/wp-json\/wp\/v2\/media\/70123"}],"wp:attachment":[{"href":"https:\/\/www.loopkinglaces.com\/fr\/wp-json\/wp\/v2\/media?parent=70115"}],"wp:term":[{"taxonomy":"product_brand","embeddable":true,"href":"https:\/\/www.loopkinglaces.com\/fr\/wp-json\/wp\/v2\/product_brand?post=70115"},{"taxonomy":"product_cat","embeddable":true,"href":"https:\/\/www.loopkinglaces.com\/fr\/wp-json\/wp\/v2\/product_cat?post=70115"},{"taxonomy":"product_tag","embeddable":true,"href":"https:\/\/www.loopkinglaces.com\/fr\/wp-json\/wp\/v2\/product_tag?post=70115"},{"taxonomy":"woo-feed-brand","embeddable":true,"href":"https:\/\/www.loopkinglaces.com\/fr\/wp-json\/wp\/v2\/woo-feed-brand?post=70115"}],"curies":[{"name":"wp","href":"https:\/\/api.w.org\/{rel}","templated":true}]}}