{"id":70098,"date":"2023-11-03T18:00:06","date_gmt":"2023-11-03T18:00:06","guid":{"rendered":"https:\/\/www.loopkinglaces.com\/products\/lacets-en-silicone-arc-en-ciel\/"},"modified":"2025-06-09T13:26:05","modified_gmt":"2025-06-09T13:26:05","slug":"lacets-en-silicone-arc-en-ciel","status":"publish","type":"product","link":"https:\/\/www.loopkinglaces.com\/fr\/products\/lacets-en-silicone-arc-en-ciel\/","title":{"rendered":"Lacets en silicone arc-en-ciel"},"content":{"rendered":"<p>Transforme tes chaussures avec les lacets en silicone de Loop King Laces, le m\u00e9lange ultime de fonctionnalit\u00e9 high-tech et de design \u00e9l\u00e9gant.<br \/>\nDis adieu \u00e0 la corv\u00e9e des n\u0153uds avec nos lacets en silicone durables qui se verrouillent en place.<br \/>\nParfaits pour les athl\u00e8tes, les professionnels occup\u00e9s et les enfants, ces lacets imperm\u00e9ables et r\u00e9sistants \u00e0 la salet\u00e9 conservent un aspect impeccable tout en offrant un ajustement confortable et s\u00fbr pour n&#8217;importe quelle chaussure.<br \/>\nChoisis parmi une vari\u00e9t\u00e9 de couleurs pour personnaliser ton style.<br \/>\nAdopte la facilit\u00e9 des lacets en silicone de Loop King et entre dans l&#8217;avenir de la chaussure.    <\/p>\n","protected":false},"excerpt":{"rendered":"<p><strong>Lacets en silicone arc-en-ciel<\/strong> Am\u00e9liore ton jeu de chaussures avec les lacets en silicone innovants de Loop King Laces, o\u00f9 la technologie de pointe rencontre le style minimaliste.<br \/>\nDis adieu \u00e0 la corv\u00e9e quotidienne de faire des n\u0153uds avec ces lacets en silicone robustes qui garantissent un ajustement stable.<br \/>\nId\u00e9aux pour les sportifs, les carri\u00e9ristes ou les enfants actifs, nos lacets hydrofuges et r\u00e9sistants \u00e0 la salet\u00e9 permettent \u00e0 tes chaussures d&#8217;avoir une apparence impeccable et d&#8217;\u00eatre bien ajust\u00e9es.<br \/>\nDisponibles en plusieurs teintes pour s&#8217;adapter \u00e0 ton style unique.<br \/>\nGlisse-toi dans la commodit\u00e9 des lacets en silicone de Loop King, ta porte d&#8217;entr\u00e9e vers un style de chaussure moderne.<br \/>\nLes caract\u00e9ristiques principales comprennent :       <\/p>\n<ul>\n<li>Mat\u00e9riaux de premi\u00e8re qualit\u00e9<\/li>\n<li>Emballage scell\u00e9 et superbe<\/li>\n<li>Caoutchouc de silicone 100 % \u00e9cologique<\/li>\n<li>Facile \u00e0 nettoyer et qui ne s&#8217;\u00e9jecte pas facilement<\/li>\n<li>Largeur de 7 mm<\/li>\n<\/ul>\n","protected":false},"featured_media":70101,"comment_status":"open","ping_status":"closed","template":"","meta":{"_acf_changed":false},"product_brand":[],"product_cat":[980,981,982,983,947],"product_tag":[986,984,962,966,961,964,985,963],"woo-feed-brand":[],"class_list":{"0":"post-70098","1":"product","2":"type-product","3":"status-publish","4":"has-post-thumbnail","6":"product_cat-des-lacets-nike-air-force-1-elegants-pour-impressionner","7":"product_cat-des-lacets-sans-fil-qui-te-font-gagner-du-temps-et-qui-sont-superbes","8":"product_cat-lacets-en-caoutchouc-lessor-des-lacets-elastiques","9":"product_cat-les-lacets-rapides-mettre-fin-aux-vieilles-habitudes-de-ligotage","10":"product_cat-tous-les-lacets","11":"product_tag-cire","12":"product_tag-cire-plat","13":"product_tag-lacets","14":"product_tag-lacets-a-pointe-dor","15":"product_tag-loop-king-fr","16":"product_tag-noir","17":"product_tag-plat","18":"product_tag-pointe-en-metal","20":"first","21":"instock","22":"taxable","23":"shipping-taxable","24":"purchasable","25":"product-type-simple"},"acf":[],"yoast_head":"<!-- This site is optimized with the Yoast SEO plugin v27.4 - https:\/\/yoast.com\/product\/yoast-seo-wordpress\/ -->\n<title>Lacets en silicone arc-en-ciel<\/title>\n<meta name=\"description\" content=\"\u00c9l\u00e8ve tes chaussures avec les lacets en silicone Loop King&#039; - sans n\u0153ud, \u00e9l\u00e9gants et robustes pour un ajustement sans effort. Magasine maintenant pour la fusion de la fonction et de la mode.\" \/>\n<meta name=\"robots\" content=\"index, follow, max-snippet:-1, max-image-preview:large, max-video-preview:-1\" \/>\n<link rel=\"canonical\" href=\"https:\/\/www.loopkinglaces.com\/fr\/products\/lacets-en-silicone-arc-en-ciel\/\" \/>\n<meta property=\"og:locale\" content=\"fr_FR\" \/>\n<meta property=\"og:type\" content=\"article\" \/>\n<meta property=\"og:title\" content=\"Lacets en silicone arc-en-ciel\" \/>\n<meta property=\"og:description\" content=\"\u00c9l\u00e8ve tes chaussures avec les lacets en silicone Loop King&#039; - sans n\u0153ud, \u00e9l\u00e9gants et robustes pour un ajustement sans effort. Magasine maintenant pour la fusion de la fonction et de la mode.\" \/>\n<meta property=\"og:url\" content=\"https:\/\/www.loopkinglaces.com\/fr\/products\/lacets-en-silicone-arc-en-ciel\/\" \/>\n<meta property=\"og:site_name\" content=\"Luxury Gold Tip Shoelaces by Loop King Laces\" \/>\n<meta property=\"article:publisher\" content=\"https:\/\/www.facebook.com\/LoopKingLaces\/\" \/>\n<meta property=\"article:modified_time\" content=\"2025-06-09T13:26:05+00:00\" \/>\n<meta property=\"og:image\" content=\"https:\/\/www.loopkinglaces.com\/wp-content\/uploads\/IMG_9295-scaled.jpg\" \/>\n\t<meta property=\"og:image:width\" content=\"2560\" \/>\n\t<meta property=\"og:image:height\" content=\"2560\" \/>\n\t<meta property=\"og:image:type\" content=\"image\/jpeg\" \/>\n<meta name=\"twitter:card\" content=\"summary_large_image\" \/>\n<meta name=\"twitter:site\" content=\"@loopkinglaces\" \/>\n<meta name=\"twitter:label1\" content=\"Dur\u00e9e de lecture estim\u00e9e\" \/>\n\t<meta name=\"twitter:data1\" content=\"1 minute\" \/>\n<script type=\"application\/ld+json\" class=\"yoast-schema-graph\">{\"@context\":\"https:\\\/\\\/schema.org\",\"@graph\":[{\"@type\":[\"WebPage\",\"ItemPage\"],\"@id\":\"https:\\\/\\\/www.loopkinglaces.com\\\/fr\\\/products\\\/lacets-en-silicone-arc-en-ciel\\\/\",\"url\":\"https:\\\/\\\/www.loopkinglaces.com\\\/fr\\\/products\\\/lacets-en-silicone-arc-en-ciel\\\/\",\"name\":\"Lacets en silicone arc-en-ciel\",\"isPartOf\":{\"@id\":\"https:\\\/\\\/www.loopkinglaces.com\\\/fr\\\/#website\"},\"primaryImageOfPage\":{\"@id\":\"https:\\\/\\\/www.loopkinglaces.com\\\/fr\\\/products\\\/lacets-en-silicone-arc-en-ciel\\\/#primaryimage\"},\"image\":{\"@id\":\"https:\\\/\\\/www.loopkinglaces.com\\\/fr\\\/products\\\/lacets-en-silicone-arc-en-ciel\\\/#primaryimage\"},\"thumbnailUrl\":\"https:\\\/\\\/www.loopkinglaces.com\\\/wp-content\\\/uploads\\\/IMG_9295-scaled.jpg\",\"datePublished\":\"2023-11-03T18:00:06+00:00\",\"dateModified\":\"2025-06-09T13:26:05+00:00\",\"description\":\"\u00c9l\u00e8ve tes chaussures avec les lacets en silicone Loop King' - sans n\u0153ud, \u00e9l\u00e9gants et robustes pour un ajustement sans effort. Magasine maintenant pour la fusion de la fonction et de la mode.\",\"breadcrumb\":{\"@id\":\"https:\\\/\\\/www.loopkinglaces.com\\\/fr\\\/products\\\/lacets-en-silicone-arc-en-ciel\\\/#breadcrumb\"},\"inLanguage\":\"fr-FR\",\"potentialAction\":[{\"@type\":\"ReadAction\",\"target\":[\"https:\\\/\\\/www.loopkinglaces.com\\\/fr\\\/products\\\/lacets-en-silicone-arc-en-ciel\\\/\"]}]},{\"@type\":\"ImageObject\",\"inLanguage\":\"fr-FR\",\"@id\":\"https:\\\/\\\/www.loopkinglaces.com\\\/fr\\\/products\\\/lacets-en-silicone-arc-en-ciel\\\/#primaryimage\",\"url\":\"https:\\\/\\\/www.loopkinglaces.com\\\/wp-content\\\/uploads\\\/IMG_9295-scaled.jpg\",\"contentUrl\":\"https:\\\/\\\/www.loopkinglaces.com\\\/wp-content\\\/uploads\\\/IMG_9295-scaled.jpg\",\"width\":2560,\"height\":2560},{\"@type\":\"BreadcrumbList\",\"@id\":\"https:\\\/\\\/www.loopkinglaces.com\\\/fr\\\/products\\\/lacets-en-silicone-arc-en-ciel\\\/#breadcrumb\",\"itemListElement\":[{\"@type\":\"ListItem\",\"position\":1,\"name\":\"Home\",\"item\":\"https:\\\/\\\/www.loopkinglaces.com\\\/fr\\\/\"},{\"@type\":\"ListItem\",\"position\":2,\"name\":\"ACHETER DES LACES\",\"item\":\"https:\\\/\\\/www.loopkinglaces.com\\\/fr\\\/acheter-des-laces\\\/\"},{\"@type\":\"ListItem\",\"position\":3,\"name\":\"Lacets en silicone arc-en-ciel\"}]},{\"@type\":\"WebSite\",\"@id\":\"https:\\\/\\\/www.loopkinglaces.com\\\/fr\\\/#website\",\"url\":\"https:\\\/\\\/www.loopkinglaces.com\\\/fr\\\/\",\"name\":\"Luxury Gold Tip Shoelaces by Loop King Laces\",\"description\":\"Rope Laces, Flat Waxed Laces and Leather Laces. All With Gold Tips.\",\"publisher\":{\"@id\":\"https:\\\/\\\/www.loopkinglaces.com\\\/fr\\\/#organization\"},\"potentialAction\":[{\"@type\":\"SearchAction\",\"target\":{\"@type\":\"EntryPoint\",\"urlTemplate\":\"https:\\\/\\\/www.loopkinglaces.com\\\/fr\\\/?s={search_term_string}\"},\"query-input\":{\"@type\":\"PropertyValueSpecification\",\"valueRequired\":true,\"valueName\":\"search_term_string\"}}],\"inLanguage\":\"fr-FR\"},{\"@type\":\"Organization\",\"@id\":\"https:\\\/\\\/www.loopkinglaces.com\\\/fr\\\/#organization\",\"name\":\"Loop King Laces\",\"url\":\"https:\\\/\\\/www.loopkinglaces.com\\\/fr\\\/\",\"logo\":{\"@type\":\"ImageObject\",\"inLanguage\":\"fr-FR\",\"@id\":\"https:\\\/\\\/www.loopkinglaces.com\\\/fr\\\/#\\\/schema\\\/logo\\\/image\\\/\",\"url\":\"https:\\\/\\\/www.loopkinglaces.com\\\/wp-content\\\/uploads\\\/LOOP-KING-LACES.1.1-01-LOGO-HI-RES-OFFICIAL-1.png\",\"contentUrl\":\"https:\\\/\\\/www.loopkinglaces.com\\\/wp-content\\\/uploads\\\/LOOP-KING-LACES.1.1-01-LOGO-HI-RES-OFFICIAL-1.png\",\"width\":128,\"height\":91,\"caption\":\"Loop King Laces\"},\"image\":{\"@id\":\"https:\\\/\\\/www.loopkinglaces.com\\\/fr\\\/#\\\/schema\\\/logo\\\/image\\\/\"},\"sameAs\":[\"https:\\\/\\\/www.facebook.com\\\/LoopKingLaces\\\/\",\"https:\\\/\\\/x.com\\\/loopkinglaces\",\"https:\\\/\\\/www.instagram.com\\\/loopkinglaces\\\/\"]}]}<\/script>\n<!-- \/ Yoast SEO plugin. -->","yoast_head_json":{"title":"Lacets en silicone arc-en-ciel","description":"\u00c9l\u00e8ve tes chaussures avec les lacets en silicone Loop King' - sans n\u0153ud, \u00e9l\u00e9gants et robustes pour un ajustement sans effort. Magasine maintenant pour la fusion de la fonction et de la mode.","robots":{"index":"index","follow":"follow","max-snippet":"max-snippet:-1","max-image-preview":"max-image-preview:large","max-video-preview":"max-video-preview:-1"},"canonical":"https:\/\/www.loopkinglaces.com\/fr\/products\/lacets-en-silicone-arc-en-ciel\/","og_locale":"fr_FR","og_type":"article","og_title":"Lacets en silicone arc-en-ciel","og_description":"\u00c9l\u00e8ve tes chaussures avec les lacets en silicone Loop King' - sans n\u0153ud, \u00e9l\u00e9gants et robustes pour un ajustement sans effort. Magasine maintenant pour la fusion de la fonction et de la mode.","og_url":"https:\/\/www.loopkinglaces.com\/fr\/products\/lacets-en-silicone-arc-en-ciel\/","og_site_name":"Luxury Gold Tip Shoelaces by Loop King Laces","article_publisher":"https:\/\/www.facebook.com\/LoopKingLaces\/","article_modified_time":"2025-06-09T13:26:05+00:00","og_image":[{"width":2560,"height":2560,"url":"https:\/\/www.loopkinglaces.com\/wp-content\/uploads\/IMG_9295-scaled.jpg","type":"image\/jpeg"}],"twitter_card":"summary_large_image","twitter_site":"@loopkinglaces","twitter_misc":{"Dur\u00e9e de lecture estim\u00e9e":"1 minute"},"schema":{"@context":"https:\/\/schema.org","@graph":[{"@type":["WebPage","ItemPage"],"@id":"https:\/\/www.loopkinglaces.com\/fr\/products\/lacets-en-silicone-arc-en-ciel\/","url":"https:\/\/www.loopkinglaces.com\/fr\/products\/lacets-en-silicone-arc-en-ciel\/","name":"Lacets en silicone arc-en-ciel","isPartOf":{"@id":"https:\/\/www.loopkinglaces.com\/fr\/#website"},"primaryImageOfPage":{"@id":"https:\/\/www.loopkinglaces.com\/fr\/products\/lacets-en-silicone-arc-en-ciel\/#primaryimage"},"image":{"@id":"https:\/\/www.loopkinglaces.com\/fr\/products\/lacets-en-silicone-arc-en-ciel\/#primaryimage"},"thumbnailUrl":"https:\/\/www.loopkinglaces.com\/wp-content\/uploads\/IMG_9295-scaled.jpg","datePublished":"2023-11-03T18:00:06+00:00","dateModified":"2025-06-09T13:26:05+00:00","description":"\u00c9l\u00e8ve tes chaussures avec les lacets en silicone Loop King' - sans n\u0153ud, \u00e9l\u00e9gants et robustes pour un ajustement sans effort. Magasine maintenant pour la fusion de la fonction et de la mode.","breadcrumb":{"@id":"https:\/\/www.loopkinglaces.com\/fr\/products\/lacets-en-silicone-arc-en-ciel\/#breadcrumb"},"inLanguage":"fr-FR","potentialAction":[{"@type":"ReadAction","target":["https:\/\/www.loopkinglaces.com\/fr\/products\/lacets-en-silicone-arc-en-ciel\/"]}]},{"@type":"ImageObject","inLanguage":"fr-FR","@id":"https:\/\/www.loopkinglaces.com\/fr\/products\/lacets-en-silicone-arc-en-ciel\/#primaryimage","url":"https:\/\/www.loopkinglaces.com\/wp-content\/uploads\/IMG_9295-scaled.jpg","contentUrl":"https:\/\/www.loopkinglaces.com\/wp-content\/uploads\/IMG_9295-scaled.jpg","width":2560,"height":2560},{"@type":"BreadcrumbList","@id":"https:\/\/www.loopkinglaces.com\/fr\/products\/lacets-en-silicone-arc-en-ciel\/#breadcrumb","itemListElement":[{"@type":"ListItem","position":1,"name":"Home","item":"https:\/\/www.loopkinglaces.com\/fr\/"},{"@type":"ListItem","position":2,"name":"ACHETER DES LACES","item":"https:\/\/www.loopkinglaces.com\/fr\/acheter-des-laces\/"},{"@type":"ListItem","position":3,"name":"Lacets en silicone arc-en-ciel"}]},{"@type":"WebSite","@id":"https:\/\/www.loopkinglaces.com\/fr\/#website","url":"https:\/\/www.loopkinglaces.com\/fr\/","name":"Luxury Gold Tip Shoelaces by Loop King Laces","description":"Rope Laces, Flat Waxed Laces and Leather Laces. All With Gold Tips.","publisher":{"@id":"https:\/\/www.loopkinglaces.com\/fr\/#organization"},"potentialAction":[{"@type":"SearchAction","target":{"@type":"EntryPoint","urlTemplate":"https:\/\/www.loopkinglaces.com\/fr\/?s={search_term_string}"},"query-input":{"@type":"PropertyValueSpecification","valueRequired":true,"valueName":"search_term_string"}}],"inLanguage":"fr-FR"},{"@type":"Organization","@id":"https:\/\/www.loopkinglaces.com\/fr\/#organization","name":"Loop King Laces","url":"https:\/\/www.loopkinglaces.com\/fr\/","logo":{"@type":"ImageObject","inLanguage":"fr-FR","@id":"https:\/\/www.loopkinglaces.com\/fr\/#\/schema\/logo\/image\/","url":"https:\/\/www.loopkinglaces.com\/wp-content\/uploads\/LOOP-KING-LACES.1.1-01-LOGO-HI-RES-OFFICIAL-1.png","contentUrl":"https:\/\/www.loopkinglaces.com\/wp-content\/uploads\/LOOP-KING-LACES.1.1-01-LOGO-HI-RES-OFFICIAL-1.png","width":128,"height":91,"caption":"Loop King Laces"},"image":{"@id":"https:\/\/www.loopkinglaces.com\/fr\/#\/schema\/logo\/image\/"},"sameAs":["https:\/\/www.facebook.com\/LoopKingLaces\/","https:\/\/x.com\/loopkinglaces","https:\/\/www.instagram.com\/loopkinglaces\/"]}]}},"_links":{"self":[{"href":"https:\/\/www.loopkinglaces.com\/fr\/wp-json\/wp\/v2\/product\/70098","targetHints":{"allow":["GET"]}}],"collection":[{"href":"https:\/\/www.loopkinglaces.com\/fr\/wp-json\/wp\/v2\/product"}],"about":[{"href":"https:\/\/www.loopkinglaces.com\/fr\/wp-json\/wp\/v2\/types\/product"}],"replies":[{"embeddable":true,"href":"https:\/\/www.loopkinglaces.com\/fr\/wp-json\/wp\/v2\/comments?post=70098"}],"wp:featuredmedia":[{"embeddable":true,"href":"https:\/\/www.loopkinglaces.com\/fr\/wp-json\/wp\/v2\/media\/70101"}],"wp:attachment":[{"href":"https:\/\/www.loopkinglaces.com\/fr\/wp-json\/wp\/v2\/media?parent=70098"}],"wp:term":[{"taxonomy":"product_brand","embeddable":true,"href":"https:\/\/www.loopkinglaces.com\/fr\/wp-json\/wp\/v2\/product_brand?post=70098"},{"taxonomy":"product_cat","embeddable":true,"href":"https:\/\/www.loopkinglaces.com\/fr\/wp-json\/wp\/v2\/product_cat?post=70098"},{"taxonomy":"product_tag","embeddable":true,"href":"https:\/\/www.loopkinglaces.com\/fr\/wp-json\/wp\/v2\/product_tag?post=70098"},{"taxonomy":"woo-feed-brand","embeddable":true,"href":"https:\/\/www.loopkinglaces.com\/fr\/wp-json\/wp\/v2\/woo-feed-brand?post=70098"}],"curies":[{"name":"wp","href":"https:\/\/api.w.org\/{rel}","templated":true}]}}