{"id":70050,"date":"2023-11-01T20:35:55","date_gmt":"2023-11-01T20:35:55","guid":{"rendered":"https:\/\/www.loopkinglaces.com\/products\/lacets-blancs-pailletes-avec-pointes-en-plastique-transparent\/"},"modified":"2023-11-01T20:35:55","modified_gmt":"2023-11-01T20:35:55","slug":"lacets-blancs-pailletes-avec-pointes-en-plastique-transparent","status":"publish","type":"product","link":"https:\/\/www.loopkinglaces.com\/fr\/products\/lacets-blancs-pailletes-avec-pointes-en-plastique-transparent\/","title":{"rendered":"Lacets blancs paillet\u00e9s avec pointes en plastique transparent"},"content":{"rendered":"<p>Infuse un peu de caract\u00e8re \u00e0 tes vieilles baskets gr\u00e2ce \u00e0 nos lacets blancs paillet\u00e9s avec embouts en plastique transparent.<br \/>\nCes lacets pr\u00e9sentent une impression authentique et color\u00e9e avec des paillettes pour un style distinctif.<br \/>\nIls ne sont pas seulement esth\u00e9tiques, ils sont aussi fabriqu\u00e9s \u00e0 partir de mat\u00e9riaux de haute qualit\u00e9 pour une durabilit\u00e9 soutenue.<br \/>\nLes embouts gaufr\u00e9s ajoutent une touche haut de gamme tout en prot\u00e9geant les lacets contre l&#8217;effilochage &#8211; ce qui te donne une qualit\u00e9 et un style sup\u00e9rieurs.   <\/p>\n","protected":false},"excerpt":{"rendered":"<p><strong>Lacets blancs paillet\u00e9s avec embouts en plastique transparent<\/strong> Ravive tes baskets pr\u00e9f\u00e9r\u00e9es avec nos lacets blancs paillet\u00e9s saisissants avec embouts en plastique transparent pour un style durable.<br \/>\nL&#8217;impression r\u00e9aliste des lacets dans un spectre de couleurs et de paillettes garantit que tes chaussures ne passeront pas inaper\u00e7ues.<br \/>\nCon\u00e7us pour le style et la substance, ils sont fabriqu\u00e9s avec des mat\u00e9riaux de premi\u00e8re qualit\u00e9, et les embouts gaufr\u00e9s offrent une finition luxueuse ainsi qu&#8217;une protection contre l&#8217;effilochage &#8211; tu gagnes bien plus que de simples lacets ; tu gagnes une qualit\u00e9 qui dure.<br \/>\nLes caract\u00e9ristiques principales comprennent :     <\/p>\n<ul>\n<li style=\"font-weight: 400;\" aria-level=\"1\">Mat\u00e9riaux de premi\u00e8re qualit\u00e9<\/li>\n<li style=\"font-weight: 400;\" aria-level=\"1\">Emballage scell\u00e9 et superbe<\/li>\n<li style=\"font-weight: 400;\" aria-level=\"1\">Diff\u00e9rentes longueurs sont disponibles<\/li>\n<li style=\"font-weight: 400;\" aria-level=\"1\">Convient \u00e0 toutes les grandes marques (Nike, Adidas, Reebok, Converse, Vans)<\/li>\n<li style=\"font-weight: 400;\" aria-level=\"1\">Embouts en plastique transparent<\/li>\n<\/ul>\n","protected":false},"featured_media":70060,"comment_status":"open","ping_status":"closed","template":"","meta":{"_acf_changed":false},"product_brand":[],"product_cat":[1065,1207,1087,1429,1108,1351,1062,1222,1353,1201,1407,1215,1356,1064,1406,947],"product_tag":[986,984,962,966,961,964,985,963],"woo-feed-brand":[],"class_list":{"0":"post-70050","1":"product","2":"type-product","3":"status-publish","4":"has-post-thumbnail","6":"product_cat-collection-de-lacets-nmd-impressionnante","7":"product_cat-des-lacets-de-chaussures-skechers-de-haut-niveau-qui-ajoutent-de-lintrigue-de-la-valeur-et-du-confort","8":"product_cat-des-lacets-en-coton-de-premiere-qualite-qui-surpassent-en-tous-points-les-autres-marques","9":"product_cat-des-lacets-noirs-et-blancs-de-premiere-qualite-pour-un-look-elegant","10":"product_cat-fais-scintiller-tes-chaussures-avec-des-lacets-pailletes-de-premiere-qualite","11":"product_cat-lacets-asics-personnalise-tes-chaussures","12":"product_cat-lacets-balenciaga-lacets-haut-de-gamme-et-tendance","13":"product_cat-lacets-burberry-qui-amelioreront-tes-chaussures","14":"product_cat-lacets-colores-a-la-mode-pour-chaussures-de-sport","15":"product_cat-lacets-de-chaussures-de-qualite-superieure","16":"product_cat-lacets-nike-blancs-aussi-brillants-quune-etoile","17":"product_cat-lacets-nike-blazer-pour-un-style-superieur-et-des-tendances","18":"product_cat-les-lacets-delite-de-jordan-1-bordeaux-white-qui-ont-lair-luxueux","19":"product_cat-premier-doc-marten-laces-remise-a-neuf-de-tes-chaussures","20":"product_cat-selection-de-lacets-blancs-classiques-et-premium","21":"product_cat-tous-les-lacets","22":"product_tag-cire","23":"product_tag-cire-plat","24":"product_tag-lacets","25":"product_tag-lacets-a-pointe-dor","26":"product_tag-loop-king-fr","27":"product_tag-noir","28":"product_tag-plat","29":"product_tag-pointe-en-metal","31":"first","32":"instock","33":"taxable","34":"shipping-taxable","35":"purchasable","36":"product-type-variable"},"acf":[],"yoast_head":"<!-- This site is optimized with the Yoast SEO plugin v27.4 - https:\/\/yoast.com\/product\/yoast-seo-wordpress\/ -->\n<title>Lacets blancs paillet\u00e9s avec pointes en plastique transparent<\/title>\n<meta name=\"description\" content=\"Revitalise ton jeu de chaussures avec nos enchanteurs lacets \u00e0 paillettes blanches pour un look immacul\u00e9 et gracieux qui relie magnifiquement n&#039;importe quelle tenue.\" \/>\n<meta name=\"robots\" content=\"index, follow, max-snippet:-1, max-image-preview:large, max-video-preview:-1\" \/>\n<link rel=\"canonical\" href=\"https:\/\/www.loopkinglaces.com\/fr\/products\/lacets-blancs-pailletes-avec-pointes-en-plastique-transparent\/\" \/>\n<meta property=\"og:locale\" content=\"fr_FR\" \/>\n<meta property=\"og:type\" content=\"article\" \/>\n<meta property=\"og:title\" content=\"Lacets blancs paillet\u00e9s avec pointes en plastique transparent\" \/>\n<meta property=\"og:description\" content=\"Revitalise ton jeu de chaussures avec nos enchanteurs lacets \u00e0 paillettes blanches pour un look immacul\u00e9 et gracieux qui relie magnifiquement n&#039;importe quelle tenue.\" \/>\n<meta property=\"og:url\" content=\"https:\/\/www.loopkinglaces.com\/fr\/products\/lacets-blancs-pailletes-avec-pointes-en-plastique-transparent\/\" \/>\n<meta property=\"og:site_name\" content=\"Luxury Gold Tip Shoelaces by Loop King Laces\" \/>\n<meta property=\"article:publisher\" content=\"https:\/\/www.facebook.com\/LoopKingLaces\/\" \/>\n<meta property=\"og:image\" content=\"https:\/\/www.loopkinglaces.com\/wp-content\/uploads\/COTGLWHICT-1-scaled.jpg\" \/>\n\t<meta property=\"og:image:width\" content=\"2560\" \/>\n\t<meta property=\"og:image:height\" content=\"2560\" \/>\n\t<meta property=\"og:image:type\" content=\"image\/jpeg\" \/>\n<meta name=\"twitter:card\" content=\"summary_large_image\" \/>\n<meta name=\"twitter:site\" content=\"@loopkinglaces\" \/>\n<script type=\"application\/ld+json\" class=\"yoast-schema-graph\">{\"@context\":\"https:\\\/\\\/schema.org\",\"@graph\":[{\"@type\":[\"WebPage\",\"ItemPage\"],\"@id\":\"https:\\\/\\\/www.loopkinglaces.com\\\/fr\\\/products\\\/lacets-blancs-pailletes-avec-pointes-en-plastique-transparent\\\/\",\"url\":\"https:\\\/\\\/www.loopkinglaces.com\\\/fr\\\/products\\\/lacets-blancs-pailletes-avec-pointes-en-plastique-transparent\\\/\",\"name\":\"Lacets blancs paillet\u00e9s avec pointes en plastique transparent\",\"isPartOf\":{\"@id\":\"https:\\\/\\\/www.loopkinglaces.com\\\/fr\\\/#website\"},\"primaryImageOfPage\":{\"@id\":\"https:\\\/\\\/www.loopkinglaces.com\\\/fr\\\/products\\\/lacets-blancs-pailletes-avec-pointes-en-plastique-transparent\\\/#primaryimage\"},\"image\":{\"@id\":\"https:\\\/\\\/www.loopkinglaces.com\\\/fr\\\/products\\\/lacets-blancs-pailletes-avec-pointes-en-plastique-transparent\\\/#primaryimage\"},\"thumbnailUrl\":\"https:\\\/\\\/www.loopkinglaces.com\\\/wp-content\\\/uploads\\\/COTGLWHICT-1-scaled.jpg\",\"datePublished\":\"2023-11-01T20:35:55+00:00\",\"description\":\"Revitalise ton jeu de chaussures avec nos enchanteurs lacets \u00e0 paillettes blanches pour un look immacul\u00e9 et gracieux qui relie magnifiquement n'importe quelle tenue.\",\"breadcrumb\":{\"@id\":\"https:\\\/\\\/www.loopkinglaces.com\\\/fr\\\/products\\\/lacets-blancs-pailletes-avec-pointes-en-plastique-transparent\\\/#breadcrumb\"},\"inLanguage\":\"fr-FR\",\"potentialAction\":[{\"@type\":\"ReadAction\",\"target\":[\"https:\\\/\\\/www.loopkinglaces.com\\\/fr\\\/products\\\/lacets-blancs-pailletes-avec-pointes-en-plastique-transparent\\\/\"]}]},{\"@type\":\"ImageObject\",\"inLanguage\":\"fr-FR\",\"@id\":\"https:\\\/\\\/www.loopkinglaces.com\\\/fr\\\/products\\\/lacets-blancs-pailletes-avec-pointes-en-plastique-transparent\\\/#primaryimage\",\"url\":\"https:\\\/\\\/www.loopkinglaces.com\\\/wp-content\\\/uploads\\\/COTGLWHICT-1-scaled.jpg\",\"contentUrl\":\"https:\\\/\\\/www.loopkinglaces.com\\\/wp-content\\\/uploads\\\/COTGLWHICT-1-scaled.jpg\",\"width\":2560,\"height\":2560},{\"@type\":\"BreadcrumbList\",\"@id\":\"https:\\\/\\\/www.loopkinglaces.com\\\/fr\\\/products\\\/lacets-blancs-pailletes-avec-pointes-en-plastique-transparent\\\/#breadcrumb\",\"itemListElement\":[{\"@type\":\"ListItem\",\"position\":1,\"name\":\"Home\",\"item\":\"https:\\\/\\\/www.loopkinglaces.com\\\/fr\\\/\"},{\"@type\":\"ListItem\",\"position\":2,\"name\":\"ACHETER DES LACES\",\"item\":\"https:\\\/\\\/www.loopkinglaces.com\\\/fr\\\/acheter-des-laces\\\/\"},{\"@type\":\"ListItem\",\"position\":3,\"name\":\"Lacets blancs paillet\u00e9s avec pointes en plastique transparent\"}]},{\"@type\":\"WebSite\",\"@id\":\"https:\\\/\\\/www.loopkinglaces.com\\\/fr\\\/#website\",\"url\":\"https:\\\/\\\/www.loopkinglaces.com\\\/fr\\\/\",\"name\":\"Luxury Gold Tip Shoelaces by Loop King Laces\",\"description\":\"Rope Laces, Flat Waxed Laces and Leather Laces. All With Gold Tips.\",\"publisher\":{\"@id\":\"https:\\\/\\\/www.loopkinglaces.com\\\/fr\\\/#organization\"},\"potentialAction\":[{\"@type\":\"SearchAction\",\"target\":{\"@type\":\"EntryPoint\",\"urlTemplate\":\"https:\\\/\\\/www.loopkinglaces.com\\\/fr\\\/?s={search_term_string}\"},\"query-input\":{\"@type\":\"PropertyValueSpecification\",\"valueRequired\":true,\"valueName\":\"search_term_string\"}}],\"inLanguage\":\"fr-FR\"},{\"@type\":\"Organization\",\"@id\":\"https:\\\/\\\/www.loopkinglaces.com\\\/fr\\\/#organization\",\"name\":\"Loop King Laces\",\"url\":\"https:\\\/\\\/www.loopkinglaces.com\\\/fr\\\/\",\"logo\":{\"@type\":\"ImageObject\",\"inLanguage\":\"fr-FR\",\"@id\":\"https:\\\/\\\/www.loopkinglaces.com\\\/fr\\\/#\\\/schema\\\/logo\\\/image\\\/\",\"url\":\"https:\\\/\\\/www.loopkinglaces.com\\\/wp-content\\\/uploads\\\/LOOP-KING-LACES.1.1-01-LOGO-HI-RES-OFFICIAL-1.png\",\"contentUrl\":\"https:\\\/\\\/www.loopkinglaces.com\\\/wp-content\\\/uploads\\\/LOOP-KING-LACES.1.1-01-LOGO-HI-RES-OFFICIAL-1.png\",\"width\":128,\"height\":91,\"caption\":\"Loop King Laces\"},\"image\":{\"@id\":\"https:\\\/\\\/www.loopkinglaces.com\\\/fr\\\/#\\\/schema\\\/logo\\\/image\\\/\"},\"sameAs\":[\"https:\\\/\\\/www.facebook.com\\\/LoopKingLaces\\\/\",\"https:\\\/\\\/x.com\\\/loopkinglaces\",\"https:\\\/\\\/www.instagram.com\\\/loopkinglaces\\\/\"]}]}<\/script>\n<!-- \/ Yoast SEO plugin. -->","yoast_head_json":{"title":"Lacets blancs paillet\u00e9s avec pointes en plastique transparent","description":"Revitalise ton jeu de chaussures avec nos enchanteurs lacets \u00e0 paillettes blanches pour un look immacul\u00e9 et gracieux qui relie magnifiquement n'importe quelle tenue.","robots":{"index":"index","follow":"follow","max-snippet":"max-snippet:-1","max-image-preview":"max-image-preview:large","max-video-preview":"max-video-preview:-1"},"canonical":"https:\/\/www.loopkinglaces.com\/fr\/products\/lacets-blancs-pailletes-avec-pointes-en-plastique-transparent\/","og_locale":"fr_FR","og_type":"article","og_title":"Lacets blancs paillet\u00e9s avec pointes en plastique transparent","og_description":"Revitalise ton jeu de chaussures avec nos enchanteurs lacets \u00e0 paillettes blanches pour un look immacul\u00e9 et gracieux qui relie magnifiquement n'importe quelle tenue.","og_url":"https:\/\/www.loopkinglaces.com\/fr\/products\/lacets-blancs-pailletes-avec-pointes-en-plastique-transparent\/","og_site_name":"Luxury Gold Tip Shoelaces by Loop King Laces","article_publisher":"https:\/\/www.facebook.com\/LoopKingLaces\/","og_image":[{"width":2560,"height":2560,"url":"https:\/\/www.loopkinglaces.com\/wp-content\/uploads\/COTGLWHICT-1-scaled.jpg","type":"image\/jpeg"}],"twitter_card":"summary_large_image","twitter_site":"@loopkinglaces","schema":{"@context":"https:\/\/schema.org","@graph":[{"@type":["WebPage","ItemPage"],"@id":"https:\/\/www.loopkinglaces.com\/fr\/products\/lacets-blancs-pailletes-avec-pointes-en-plastique-transparent\/","url":"https:\/\/www.loopkinglaces.com\/fr\/products\/lacets-blancs-pailletes-avec-pointes-en-plastique-transparent\/","name":"Lacets blancs paillet\u00e9s avec pointes en plastique transparent","isPartOf":{"@id":"https:\/\/www.loopkinglaces.com\/fr\/#website"},"primaryImageOfPage":{"@id":"https:\/\/www.loopkinglaces.com\/fr\/products\/lacets-blancs-pailletes-avec-pointes-en-plastique-transparent\/#primaryimage"},"image":{"@id":"https:\/\/www.loopkinglaces.com\/fr\/products\/lacets-blancs-pailletes-avec-pointes-en-plastique-transparent\/#primaryimage"},"thumbnailUrl":"https:\/\/www.loopkinglaces.com\/wp-content\/uploads\/COTGLWHICT-1-scaled.jpg","datePublished":"2023-11-01T20:35:55+00:00","description":"Revitalise ton jeu de chaussures avec nos enchanteurs lacets \u00e0 paillettes blanches pour un look immacul\u00e9 et gracieux qui relie magnifiquement n'importe quelle tenue.","breadcrumb":{"@id":"https:\/\/www.loopkinglaces.com\/fr\/products\/lacets-blancs-pailletes-avec-pointes-en-plastique-transparent\/#breadcrumb"},"inLanguage":"fr-FR","potentialAction":[{"@type":"ReadAction","target":["https:\/\/www.loopkinglaces.com\/fr\/products\/lacets-blancs-pailletes-avec-pointes-en-plastique-transparent\/"]}]},{"@type":"ImageObject","inLanguage":"fr-FR","@id":"https:\/\/www.loopkinglaces.com\/fr\/products\/lacets-blancs-pailletes-avec-pointes-en-plastique-transparent\/#primaryimage","url":"https:\/\/www.loopkinglaces.com\/wp-content\/uploads\/COTGLWHICT-1-scaled.jpg","contentUrl":"https:\/\/www.loopkinglaces.com\/wp-content\/uploads\/COTGLWHICT-1-scaled.jpg","width":2560,"height":2560},{"@type":"BreadcrumbList","@id":"https:\/\/www.loopkinglaces.com\/fr\/products\/lacets-blancs-pailletes-avec-pointes-en-plastique-transparent\/#breadcrumb","itemListElement":[{"@type":"ListItem","position":1,"name":"Home","item":"https:\/\/www.loopkinglaces.com\/fr\/"},{"@type":"ListItem","position":2,"name":"ACHETER DES LACES","item":"https:\/\/www.loopkinglaces.com\/fr\/acheter-des-laces\/"},{"@type":"ListItem","position":3,"name":"Lacets blancs paillet\u00e9s avec pointes en plastique transparent"}]},{"@type":"WebSite","@id":"https:\/\/www.loopkinglaces.com\/fr\/#website","url":"https:\/\/www.loopkinglaces.com\/fr\/","name":"Luxury Gold Tip Shoelaces by Loop King Laces","description":"Rope Laces, Flat Waxed Laces and Leather Laces. All With Gold Tips.","publisher":{"@id":"https:\/\/www.loopkinglaces.com\/fr\/#organization"},"potentialAction":[{"@type":"SearchAction","target":{"@type":"EntryPoint","urlTemplate":"https:\/\/www.loopkinglaces.com\/fr\/?s={search_term_string}"},"query-input":{"@type":"PropertyValueSpecification","valueRequired":true,"valueName":"search_term_string"}}],"inLanguage":"fr-FR"},{"@type":"Organization","@id":"https:\/\/www.loopkinglaces.com\/fr\/#organization","name":"Loop King Laces","url":"https:\/\/www.loopkinglaces.com\/fr\/","logo":{"@type":"ImageObject","inLanguage":"fr-FR","@id":"https:\/\/www.loopkinglaces.com\/fr\/#\/schema\/logo\/image\/","url":"https:\/\/www.loopkinglaces.com\/wp-content\/uploads\/LOOP-KING-LACES.1.1-01-LOGO-HI-RES-OFFICIAL-1.png","contentUrl":"https:\/\/www.loopkinglaces.com\/wp-content\/uploads\/LOOP-KING-LACES.1.1-01-LOGO-HI-RES-OFFICIAL-1.png","width":128,"height":91,"caption":"Loop King Laces"},"image":{"@id":"https:\/\/www.loopkinglaces.com\/fr\/#\/schema\/logo\/image\/"},"sameAs":["https:\/\/www.facebook.com\/LoopKingLaces\/","https:\/\/x.com\/loopkinglaces","https:\/\/www.instagram.com\/loopkinglaces\/"]}]}},"_links":{"self":[{"href":"https:\/\/www.loopkinglaces.com\/fr\/wp-json\/wp\/v2\/product\/70050","targetHints":{"allow":["GET"]}}],"collection":[{"href":"https:\/\/www.loopkinglaces.com\/fr\/wp-json\/wp\/v2\/product"}],"about":[{"href":"https:\/\/www.loopkinglaces.com\/fr\/wp-json\/wp\/v2\/types\/product"}],"replies":[{"embeddable":true,"href":"https:\/\/www.loopkinglaces.com\/fr\/wp-json\/wp\/v2\/comments?post=70050"}],"wp:featuredmedia":[{"embeddable":true,"href":"https:\/\/www.loopkinglaces.com\/fr\/wp-json\/wp\/v2\/media\/70060"}],"wp:attachment":[{"href":"https:\/\/www.loopkinglaces.com\/fr\/wp-json\/wp\/v2\/media?parent=70050"}],"wp:term":[{"taxonomy":"product_brand","embeddable":true,"href":"https:\/\/www.loopkinglaces.com\/fr\/wp-json\/wp\/v2\/product_brand?post=70050"},{"taxonomy":"product_cat","embeddable":true,"href":"https:\/\/www.loopkinglaces.com\/fr\/wp-json\/wp\/v2\/product_cat?post=70050"},{"taxonomy":"product_tag","embeddable":true,"href":"https:\/\/www.loopkinglaces.com\/fr\/wp-json\/wp\/v2\/product_tag?post=70050"},{"taxonomy":"woo-feed-brand","embeddable":true,"href":"https:\/\/www.loopkinglaces.com\/fr\/wp-json\/wp\/v2\/woo-feed-brand?post=70050"}],"curies":[{"name":"wp","href":"https:\/\/api.w.org\/{rel}","templated":true}]}}