{"id":70003,"date":"2023-11-01T20:22:32","date_gmt":"2023-11-01T20:22:32","guid":{"rendered":"https:\/\/www.loopkinglaces.com\/products\/lacets-a-paillettes-argentees-avec-pointes-en-plastique-transparent\/"},"modified":"2023-11-01T20:22:32","modified_gmt":"2023-11-01T20:22:32","slug":"lacets-a-paillettes-argentees-avec-pointes-en-plastique-transparent","status":"publish","type":"product","link":"https:\/\/www.loopkinglaces.com\/fr\/products\/lacets-a-paillettes-argentees-avec-pointes-en-plastique-transparent\/","title":{"rendered":"Lacets \u00e0 paillettes argent\u00e9es avec pointes en plastique transparent"},"content":{"rendered":"<p>Tes chaussures de sport sont-elles ternes ?<br \/>\nNos lacets \u00e0 paillettes argent\u00e9es avec embouts en plastique transparent offrent une am\u00e9lioration visuelle \u00e9tonnante avec leur impression riche en couleurs et leurs paillettes \u00e9tincelantes.<br \/>\nIls ne sont pas seulement \u00e9l\u00e9gants, ils sont aussi con\u00e7us pour durer, ce qui garantit que le style et la qualit\u00e9 vont de pair.<br \/>\nAvec des pointes gaufr\u00e9es pour plus de luxe et de r\u00e9sistance \u00e0 l&#8217;effilochage, ces lacets sont plus que des lacets, ils sont un gage de qualit\u00e9.   <\/p>\n","protected":false},"excerpt":{"rendered":"<p><strong>Lacets \u00e0 paillettes argent\u00e9es avec embouts en plastique transparent<\/strong> Donne \u00e0 tes chaussures une nouvelle allure avec nos lacets \u00e0 paillettes argent\u00e9es avec embouts en plastique transparent pour un ajustement sans faille.<br \/>\nLes lacets affichent un imprim\u00e9 vivant dans un \u00e9ventail de couleurs avec des mouchetures pour plus d&#8217;\u00e9l\u00e9gance.<br \/>\nAu-del\u00e0 de leur attrait chic, ces lacets sont con\u00e7us avec des mat\u00e9riaux de premi\u00e8re qualit\u00e9 pour une utilisation durable, et les embouts gaufr\u00e9s offrent une touche luxueuse et une protection suppl\u00e9mentaire contre l&#8217;effilochage &#8211; ce qui te garantit une v\u00e9ritable qualit\u00e9 ainsi qu&#8217;un design \u00e9l\u00e9gant.<br \/>\nLes caract\u00e9ristiques principales comprennent :     <\/p>\n<ul>\n<li style=\"font-weight: 400;\" aria-level=\"1\">Mat\u00e9riaux de premi\u00e8re qualit\u00e9<\/li>\n<li style=\"font-weight: 400;\" aria-level=\"1\">Emballage scell\u00e9 et superbe<\/li>\n<li style=\"font-weight: 400;\" aria-level=\"1\">Diff\u00e9rentes longueurs sont disponibles<\/li>\n<li style=\"font-weight: 400;\" aria-level=\"1\">Convient \u00e0 toutes les grandes marques (Nike, Adidas, Reebok, Converse, Vans)<\/li>\n<li style=\"font-weight: 400;\" aria-level=\"1\">Embouts en plastique transparent<\/li>\n<\/ul>\n","protected":false},"featured_media":70013,"comment_status":"open","ping_status":"closed","template":"","meta":{"_acf_changed":false},"product_brand":[],"product_cat":[1065,1066,1087,1108,1353,1217,1060,1356,1206,947],"product_tag":[986,984,962,966,961,964,985,963],"woo-feed-brand":[],"class_list":{"0":"post-70003","1":"product","2":"type-product","3":"status-publish","4":"has-post-thumbnail","6":"product_cat-collection-de-lacets-nmd-impressionnante","7":"product_cat-collection-elegante-de-lacets-de-45-pouces","8":"product_cat-des-lacets-en-coton-de-premiere-qualite-qui-surpassent-en-tous-points-les-autres-marques","9":"product_cat-fais-scintiller-tes-chaussures-avec-des-lacets-pailletes-de-premiere-qualite","10":"product_cat-lacets-colores-a-la-mode-pour-chaussures-de-sport","11":"product_cat-lacets-colores-de-converse-high-top-qui-ont-lair-fabuleux-et-volants","12":"product_cat-lacets-converse-pour-remettre-tes-chucks-au-gout-du-jour","13":"product_cat-les-lacets-delite-de-jordan-1-bordeaux-white-qui-ont-lair-luxueux","14":"product_cat-les-lacets-nike-dunk-parfaits-qui-ont-lair-incroyables-et-qui-durent-longtemps","15":"product_cat-tous-les-lacets","16":"product_tag-cire","17":"product_tag-cire-plat","18":"product_tag-lacets","19":"product_tag-lacets-a-pointe-dor","20":"product_tag-loop-king-fr","21":"product_tag-noir","22":"product_tag-plat","23":"product_tag-pointe-en-metal","25":"first","26":"instock","27":"taxable","28":"shipping-taxable","29":"purchasable","30":"product-type-variable"},"acf":[],"yoast_head":"<!-- This site is optimized with the Yoast SEO plugin v27.4 - https:\/\/yoast.com\/product\/yoast-seo-wordpress\/ -->\n<title>Lacets \u00e0 paillettes argent\u00e9es avec pointes en plastique transparent<\/title>\n<meta name=\"description\" content=\"Infuse une touche de glam \u00e0 tes tenues quotidiennes avec nos lacets de chaussures \u00e0 paillettes argent\u00e9es avec embouts en plastique transparent pour offrir \u00e0 tes chaussures un look raffin\u00e9 et \u00e9l\u00e9gant.\" \/>\n<meta name=\"robots\" content=\"index, follow, max-snippet:-1, max-image-preview:large, max-video-preview:-1\" \/>\n<link rel=\"canonical\" href=\"https:\/\/www.loopkinglaces.com\/fr\/products\/lacets-a-paillettes-argentees-avec-pointes-en-plastique-transparent\/\" \/>\n<meta property=\"og:locale\" content=\"fr_FR\" \/>\n<meta property=\"og:type\" content=\"article\" \/>\n<meta property=\"og:title\" content=\"Lacets \u00e0 paillettes argent\u00e9es avec pointes en plastique transparent\" \/>\n<meta property=\"og:description\" content=\"Infuse une touche de glam \u00e0 tes tenues quotidiennes avec nos lacets de chaussures \u00e0 paillettes argent\u00e9es avec embouts en plastique transparent pour offrir \u00e0 tes chaussures un look raffin\u00e9 et \u00e9l\u00e9gant.\" \/>\n<meta property=\"og:url\" content=\"https:\/\/www.loopkinglaces.com\/fr\/products\/lacets-a-paillettes-argentees-avec-pointes-en-plastique-transparent\/\" \/>\n<meta property=\"og:site_name\" content=\"Luxury Gold Tip Shoelaces by Loop King Laces\" \/>\n<meta property=\"article:publisher\" content=\"https:\/\/www.facebook.com\/LoopKingLaces\/\" \/>\n<meta property=\"og:image\" content=\"https:\/\/www.loopkinglaces.com\/wp-content\/uploads\/Silver-Glitter-Laces-2-scaled.jpg\" \/>\n\t<meta property=\"og:image:width\" content=\"2560\" \/>\n\t<meta property=\"og:image:height\" content=\"2560\" \/>\n\t<meta property=\"og:image:type\" content=\"image\/jpeg\" \/>\n<meta name=\"twitter:card\" content=\"summary_large_image\" \/>\n<meta name=\"twitter:site\" content=\"@loopkinglaces\" \/>\n<script type=\"application\/ld+json\" class=\"yoast-schema-graph\">{\"@context\":\"https:\\\/\\\/schema.org\",\"@graph\":[{\"@type\":[\"WebPage\",\"ItemPage\"],\"@id\":\"https:\\\/\\\/www.loopkinglaces.com\\\/fr\\\/products\\\/lacets-a-paillettes-argentees-avec-pointes-en-plastique-transparent\\\/\",\"url\":\"https:\\\/\\\/www.loopkinglaces.com\\\/fr\\\/products\\\/lacets-a-paillettes-argentees-avec-pointes-en-plastique-transparent\\\/\",\"name\":\"Lacets \u00e0 paillettes argent\u00e9es avec pointes en plastique transparent\",\"isPartOf\":{\"@id\":\"https:\\\/\\\/www.loopkinglaces.com\\\/fr\\\/#website\"},\"primaryImageOfPage\":{\"@id\":\"https:\\\/\\\/www.loopkinglaces.com\\\/fr\\\/products\\\/lacets-a-paillettes-argentees-avec-pointes-en-plastique-transparent\\\/#primaryimage\"},\"image\":{\"@id\":\"https:\\\/\\\/www.loopkinglaces.com\\\/fr\\\/products\\\/lacets-a-paillettes-argentees-avec-pointes-en-plastique-transparent\\\/#primaryimage\"},\"thumbnailUrl\":\"https:\\\/\\\/www.loopkinglaces.com\\\/wp-content\\\/uploads\\\/Silver-Glitter-Laces-2-scaled.jpg\",\"datePublished\":\"2023-11-01T20:22:32+00:00\",\"description\":\"Infuse une touche de glam \u00e0 tes tenues quotidiennes avec nos lacets de chaussures \u00e0 paillettes argent\u00e9es avec embouts en plastique transparent pour offrir \u00e0 tes chaussures un look raffin\u00e9 et \u00e9l\u00e9gant.\",\"breadcrumb\":{\"@id\":\"https:\\\/\\\/www.loopkinglaces.com\\\/fr\\\/products\\\/lacets-a-paillettes-argentees-avec-pointes-en-plastique-transparent\\\/#breadcrumb\"},\"inLanguage\":\"fr-FR\",\"potentialAction\":[{\"@type\":\"ReadAction\",\"target\":[\"https:\\\/\\\/www.loopkinglaces.com\\\/fr\\\/products\\\/lacets-a-paillettes-argentees-avec-pointes-en-plastique-transparent\\\/\"]}]},{\"@type\":\"ImageObject\",\"inLanguage\":\"fr-FR\",\"@id\":\"https:\\\/\\\/www.loopkinglaces.com\\\/fr\\\/products\\\/lacets-a-paillettes-argentees-avec-pointes-en-plastique-transparent\\\/#primaryimage\",\"url\":\"https:\\\/\\\/www.loopkinglaces.com\\\/wp-content\\\/uploads\\\/Silver-Glitter-Laces-2-scaled.jpg\",\"contentUrl\":\"https:\\\/\\\/www.loopkinglaces.com\\\/wp-content\\\/uploads\\\/Silver-Glitter-Laces-2-scaled.jpg\",\"width\":2560,\"height\":2560},{\"@type\":\"BreadcrumbList\",\"@id\":\"https:\\\/\\\/www.loopkinglaces.com\\\/fr\\\/products\\\/lacets-a-paillettes-argentees-avec-pointes-en-plastique-transparent\\\/#breadcrumb\",\"itemListElement\":[{\"@type\":\"ListItem\",\"position\":1,\"name\":\"Home\",\"item\":\"https:\\\/\\\/www.loopkinglaces.com\\\/fr\\\/\"},{\"@type\":\"ListItem\",\"position\":2,\"name\":\"ACHETER DES LACES\",\"item\":\"https:\\\/\\\/www.loopkinglaces.com\\\/fr\\\/acheter-des-laces\\\/\"},{\"@type\":\"ListItem\",\"position\":3,\"name\":\"Lacets \u00e0 paillettes argent\u00e9es avec pointes en plastique transparent\"}]},{\"@type\":\"WebSite\",\"@id\":\"https:\\\/\\\/www.loopkinglaces.com\\\/fr\\\/#website\",\"url\":\"https:\\\/\\\/www.loopkinglaces.com\\\/fr\\\/\",\"name\":\"Luxury Gold Tip Shoelaces by Loop King Laces\",\"description\":\"Rope Laces, Flat Waxed Laces and Leather Laces. All With Gold Tips.\",\"publisher\":{\"@id\":\"https:\\\/\\\/www.loopkinglaces.com\\\/fr\\\/#organization\"},\"potentialAction\":[{\"@type\":\"SearchAction\",\"target\":{\"@type\":\"EntryPoint\",\"urlTemplate\":\"https:\\\/\\\/www.loopkinglaces.com\\\/fr\\\/?s={search_term_string}\"},\"query-input\":{\"@type\":\"PropertyValueSpecification\",\"valueRequired\":true,\"valueName\":\"search_term_string\"}}],\"inLanguage\":\"fr-FR\"},{\"@type\":\"Organization\",\"@id\":\"https:\\\/\\\/www.loopkinglaces.com\\\/fr\\\/#organization\",\"name\":\"Loop King Laces\",\"url\":\"https:\\\/\\\/www.loopkinglaces.com\\\/fr\\\/\",\"logo\":{\"@type\":\"ImageObject\",\"inLanguage\":\"fr-FR\",\"@id\":\"https:\\\/\\\/www.loopkinglaces.com\\\/fr\\\/#\\\/schema\\\/logo\\\/image\\\/\",\"url\":\"https:\\\/\\\/www.loopkinglaces.com\\\/wp-content\\\/uploads\\\/LOOP-KING-LACES.1.1-01-LOGO-HI-RES-OFFICIAL-1.png\",\"contentUrl\":\"https:\\\/\\\/www.loopkinglaces.com\\\/wp-content\\\/uploads\\\/LOOP-KING-LACES.1.1-01-LOGO-HI-RES-OFFICIAL-1.png\",\"width\":128,\"height\":91,\"caption\":\"Loop King Laces\"},\"image\":{\"@id\":\"https:\\\/\\\/www.loopkinglaces.com\\\/fr\\\/#\\\/schema\\\/logo\\\/image\\\/\"},\"sameAs\":[\"https:\\\/\\\/www.facebook.com\\\/LoopKingLaces\\\/\",\"https:\\\/\\\/x.com\\\/loopkinglaces\",\"https:\\\/\\\/www.instagram.com\\\/loopkinglaces\\\/\"]}]}<\/script>\n<!-- \/ Yoast SEO plugin. -->","yoast_head_json":{"title":"Lacets \u00e0 paillettes argent\u00e9es avec pointes en plastique transparent","description":"Infuse une touche de glam \u00e0 tes tenues quotidiennes avec nos lacets de chaussures \u00e0 paillettes argent\u00e9es avec embouts en plastique transparent pour offrir \u00e0 tes chaussures un look raffin\u00e9 et \u00e9l\u00e9gant.","robots":{"index":"index","follow":"follow","max-snippet":"max-snippet:-1","max-image-preview":"max-image-preview:large","max-video-preview":"max-video-preview:-1"},"canonical":"https:\/\/www.loopkinglaces.com\/fr\/products\/lacets-a-paillettes-argentees-avec-pointes-en-plastique-transparent\/","og_locale":"fr_FR","og_type":"article","og_title":"Lacets \u00e0 paillettes argent\u00e9es avec pointes en plastique transparent","og_description":"Infuse une touche de glam \u00e0 tes tenues quotidiennes avec nos lacets de chaussures \u00e0 paillettes argent\u00e9es avec embouts en plastique transparent pour offrir \u00e0 tes chaussures un look raffin\u00e9 et \u00e9l\u00e9gant.","og_url":"https:\/\/www.loopkinglaces.com\/fr\/products\/lacets-a-paillettes-argentees-avec-pointes-en-plastique-transparent\/","og_site_name":"Luxury Gold Tip Shoelaces by Loop King Laces","article_publisher":"https:\/\/www.facebook.com\/LoopKingLaces\/","og_image":[{"width":2560,"height":2560,"url":"https:\/\/www.loopkinglaces.com\/wp-content\/uploads\/Silver-Glitter-Laces-2-scaled.jpg","type":"image\/jpeg"}],"twitter_card":"summary_large_image","twitter_site":"@loopkinglaces","schema":{"@context":"https:\/\/schema.org","@graph":[{"@type":["WebPage","ItemPage"],"@id":"https:\/\/www.loopkinglaces.com\/fr\/products\/lacets-a-paillettes-argentees-avec-pointes-en-plastique-transparent\/","url":"https:\/\/www.loopkinglaces.com\/fr\/products\/lacets-a-paillettes-argentees-avec-pointes-en-plastique-transparent\/","name":"Lacets \u00e0 paillettes argent\u00e9es avec pointes en plastique transparent","isPartOf":{"@id":"https:\/\/www.loopkinglaces.com\/fr\/#website"},"primaryImageOfPage":{"@id":"https:\/\/www.loopkinglaces.com\/fr\/products\/lacets-a-paillettes-argentees-avec-pointes-en-plastique-transparent\/#primaryimage"},"image":{"@id":"https:\/\/www.loopkinglaces.com\/fr\/products\/lacets-a-paillettes-argentees-avec-pointes-en-plastique-transparent\/#primaryimage"},"thumbnailUrl":"https:\/\/www.loopkinglaces.com\/wp-content\/uploads\/Silver-Glitter-Laces-2-scaled.jpg","datePublished":"2023-11-01T20:22:32+00:00","description":"Infuse une touche de glam \u00e0 tes tenues quotidiennes avec nos lacets de chaussures \u00e0 paillettes argent\u00e9es avec embouts en plastique transparent pour offrir \u00e0 tes chaussures un look raffin\u00e9 et \u00e9l\u00e9gant.","breadcrumb":{"@id":"https:\/\/www.loopkinglaces.com\/fr\/products\/lacets-a-paillettes-argentees-avec-pointes-en-plastique-transparent\/#breadcrumb"},"inLanguage":"fr-FR","potentialAction":[{"@type":"ReadAction","target":["https:\/\/www.loopkinglaces.com\/fr\/products\/lacets-a-paillettes-argentees-avec-pointes-en-plastique-transparent\/"]}]},{"@type":"ImageObject","inLanguage":"fr-FR","@id":"https:\/\/www.loopkinglaces.com\/fr\/products\/lacets-a-paillettes-argentees-avec-pointes-en-plastique-transparent\/#primaryimage","url":"https:\/\/www.loopkinglaces.com\/wp-content\/uploads\/Silver-Glitter-Laces-2-scaled.jpg","contentUrl":"https:\/\/www.loopkinglaces.com\/wp-content\/uploads\/Silver-Glitter-Laces-2-scaled.jpg","width":2560,"height":2560},{"@type":"BreadcrumbList","@id":"https:\/\/www.loopkinglaces.com\/fr\/products\/lacets-a-paillettes-argentees-avec-pointes-en-plastique-transparent\/#breadcrumb","itemListElement":[{"@type":"ListItem","position":1,"name":"Home","item":"https:\/\/www.loopkinglaces.com\/fr\/"},{"@type":"ListItem","position":2,"name":"ACHETER DES LACES","item":"https:\/\/www.loopkinglaces.com\/fr\/acheter-des-laces\/"},{"@type":"ListItem","position":3,"name":"Lacets \u00e0 paillettes argent\u00e9es avec pointes en plastique transparent"}]},{"@type":"WebSite","@id":"https:\/\/www.loopkinglaces.com\/fr\/#website","url":"https:\/\/www.loopkinglaces.com\/fr\/","name":"Luxury Gold Tip Shoelaces by Loop King Laces","description":"Rope Laces, Flat Waxed Laces and Leather Laces. All With Gold Tips.","publisher":{"@id":"https:\/\/www.loopkinglaces.com\/fr\/#organization"},"potentialAction":[{"@type":"SearchAction","target":{"@type":"EntryPoint","urlTemplate":"https:\/\/www.loopkinglaces.com\/fr\/?s={search_term_string}"},"query-input":{"@type":"PropertyValueSpecification","valueRequired":true,"valueName":"search_term_string"}}],"inLanguage":"fr-FR"},{"@type":"Organization","@id":"https:\/\/www.loopkinglaces.com\/fr\/#organization","name":"Loop King Laces","url":"https:\/\/www.loopkinglaces.com\/fr\/","logo":{"@type":"ImageObject","inLanguage":"fr-FR","@id":"https:\/\/www.loopkinglaces.com\/fr\/#\/schema\/logo\/image\/","url":"https:\/\/www.loopkinglaces.com\/wp-content\/uploads\/LOOP-KING-LACES.1.1-01-LOGO-HI-RES-OFFICIAL-1.png","contentUrl":"https:\/\/www.loopkinglaces.com\/wp-content\/uploads\/LOOP-KING-LACES.1.1-01-LOGO-HI-RES-OFFICIAL-1.png","width":128,"height":91,"caption":"Loop King Laces"},"image":{"@id":"https:\/\/www.loopkinglaces.com\/fr\/#\/schema\/logo\/image\/"},"sameAs":["https:\/\/www.facebook.com\/LoopKingLaces\/","https:\/\/x.com\/loopkinglaces","https:\/\/www.instagram.com\/loopkinglaces\/"]}]}},"_links":{"self":[{"href":"https:\/\/www.loopkinglaces.com\/fr\/wp-json\/wp\/v2\/product\/70003","targetHints":{"allow":["GET"]}}],"collection":[{"href":"https:\/\/www.loopkinglaces.com\/fr\/wp-json\/wp\/v2\/product"}],"about":[{"href":"https:\/\/www.loopkinglaces.com\/fr\/wp-json\/wp\/v2\/types\/product"}],"replies":[{"embeddable":true,"href":"https:\/\/www.loopkinglaces.com\/fr\/wp-json\/wp\/v2\/comments?post=70003"}],"wp:featuredmedia":[{"embeddable":true,"href":"https:\/\/www.loopkinglaces.com\/fr\/wp-json\/wp\/v2\/media\/70013"}],"wp:attachment":[{"href":"https:\/\/www.loopkinglaces.com\/fr\/wp-json\/wp\/v2\/media?parent=70003"}],"wp:term":[{"taxonomy":"product_brand","embeddable":true,"href":"https:\/\/www.loopkinglaces.com\/fr\/wp-json\/wp\/v2\/product_brand?post=70003"},{"taxonomy":"product_cat","embeddable":true,"href":"https:\/\/www.loopkinglaces.com\/fr\/wp-json\/wp\/v2\/product_cat?post=70003"},{"taxonomy":"product_tag","embeddable":true,"href":"https:\/\/www.loopkinglaces.com\/fr\/wp-json\/wp\/v2\/product_tag?post=70003"},{"taxonomy":"woo-feed-brand","embeddable":true,"href":"https:\/\/www.loopkinglaces.com\/fr\/wp-json\/wp\/v2\/woo-feed-brand?post=70003"}],"curies":[{"name":"wp","href":"https:\/\/api.w.org\/{rel}","templated":true}]}}