{"id":69985,"date":"2023-11-01T20:29:48","date_gmt":"2023-11-01T20:29:48","guid":{"rendered":"https:\/\/www.loopkinglaces.com\/products\/lacets-dores-pailletes-avec-pointes-en-plastique-transparent\/"},"modified":"2023-11-01T20:29:48","modified_gmt":"2023-11-01T20:29:48","slug":"lacets-dores-pailletes-avec-pointes-en-plastique-transparent","status":"publish","type":"product","link":"https:\/\/www.loopkinglaces.com\/fr\/products\/lacets-dores-pailletes-avec-pointes-en-plastique-transparent\/","title":{"rendered":"Lacets dor\u00e9s paillet\u00e9s avec pointes en plastique transparent"},"content":{"rendered":"<p>Mets \u00e0 jour tes baskets avec nos chic lacets \u00e0 paillettes dor\u00e9es avec embouts en plastique transparent pour une touche sophistiqu\u00e9e.<br \/>\nAvec leur impression color\u00e9e r\u00e9aliste et leurs d\u00e9tails mouchet\u00e9s, ces lacets servent de support visuel id\u00e9al.<br \/>\nIls sont fabriqu\u00e9s \u00e0 partir de mat\u00e9riaux s\u00e9lectionn\u00e9s pour une utilisation \u00e0 long terme, et les embouts gaufr\u00e9s ajoutent une note d&#8217;\u00e9l\u00e9gance tout en offrant une r\u00e9sistance \u00e0 l&#8217;effilochage &#8211; la qualit\u00e9 est au rendez-vous avec chaque lacet.  <\/p>\n","protected":false},"excerpt":{"rendered":"<p><strong>Lacets \u00e0 paillettes dor\u00e9es avec embouts en plastique transparents<\/strong> Ajoute du piquant \u00e0 tes chaussures avec nos lacets \u00e0 paillettes dor\u00e9es avec embouts en plastique transparents pour une meilleure durabilit\u00e9.<br \/>\nLes lacets pr\u00e9sentent une impression vibrante et r\u00e9aliste avec des taches color\u00e9es qui attirent l&#8217;\u0153il.<br \/>\nParfaits pour tous les \u00e9v\u00e9nements, ils sont fabriqu\u00e9s \u00e0 partir de mat\u00e9riaux durables, et les embouts gaufr\u00e9s injectent une dose suppl\u00e9mentaire de luxe tout en prot\u00e9geant contre l&#8217;usure &#8211; une qualit\u00e9 \u00e0 laquelle tu peux faire confiance.<br \/>\nLes caract\u00e9ristiques principales comprennent :     <\/p>\n<ul>\n<li style=\"font-weight: 400;\" aria-level=\"1\">Mat\u00e9riaux de premi\u00e8re qualit\u00e9<\/li>\n<li style=\"font-weight: 400;\" aria-level=\"1\">Emballage scell\u00e9 et superbe<\/li>\n<li style=\"font-weight: 400;\" aria-level=\"1\">Diff\u00e9rentes longueurs sont disponibles<\/li>\n<li style=\"font-weight: 400;\" aria-level=\"1\">Convient \u00e0 toutes les grandes marques (Nike, Adidas, Reebok, Converse, Vans)<\/li>\n<li style=\"font-weight: 400;\" aria-level=\"1\">Embouts en plastique transparent<\/li>\n<\/ul>\n","protected":false},"featured_media":70001,"comment_status":"open","ping_status":"closed","template":"","meta":{"_acf_changed":false},"product_brand":[],"product_cat":[1087,980,1108,1058,1351,1353,1450,1215,1444,1355,947],"product_tag":[986,984,962,966,961,964,985,963],"woo-feed-brand":[],"class_list":{"0":"post-69985","1":"product","2":"type-product","3":"status-publish","4":"has-post-thumbnail","6":"product_cat-des-lacets-en-coton-de-premiere-qualite-qui-surpassent-en-tous-points-les-autres-marques","7":"product_cat-des-lacets-nike-air-force-1-elegants-pour-impressionner","8":"product_cat-fais-scintiller-tes-chaussures-avec-des-lacets-pailletes-de-premiere-qualite","9":"product_cat-lacets-adidas-pour-ultraboost-superior-laces","10":"product_cat-lacets-asics-personnalise-tes-chaussures","11":"product_cat-lacets-colores-a-la-mode-pour-chaussures-de-sport","12":"product_cat-lacets-dores-de-qualite-superieure-le-choix-du-luxe","13":"product_cat-lacets-nike-blazer-pour-un-style-superieur-et-des-tendances","14":"product_cat-lacets-sympas-ameliore-ton-jeu-de-chaussures","15":"product_cat-les-lacets-epoustouflants-de-la-jordan-5-rendent-les-lacets-de-chaussures-obsoletes","16":"product_cat-tous-les-lacets","17":"product_tag-cire","18":"product_tag-cire-plat","19":"product_tag-lacets","20":"product_tag-lacets-a-pointe-dor","21":"product_tag-loop-king-fr","22":"product_tag-noir","23":"product_tag-plat","24":"product_tag-pointe-en-metal","26":"first","27":"instock","28":"taxable","29":"shipping-taxable","30":"purchasable","31":"product-type-variable"},"acf":[],"yoast_head":"<!-- This site is optimized with the Yoast SEO plugin v27.4 - https:\/\/yoast.com\/product\/yoast-seo-wordpress\/ -->\n<title>Lacets dor\u00e9s paillet\u00e9s avec pointes en plastique transparent<\/title>\n<meta name=\"description\" content=\"Accentue tes chaussures avec la sophistication subtile de nos lacets \u00e0 paillettes dor\u00e9es avec embouts en plastique transparent pour rehausser n&#039;importe quelle tenue d&#039;une touche d&#039;\u00e9clat.\" \/>\n<meta name=\"robots\" content=\"index, follow, max-snippet:-1, max-image-preview:large, max-video-preview:-1\" \/>\n<link rel=\"canonical\" href=\"https:\/\/www.loopkinglaces.com\/fr\/products\/lacets-dores-pailletes-avec-pointes-en-plastique-transparent\/\" \/>\n<meta property=\"og:locale\" content=\"fr_FR\" \/>\n<meta property=\"og:type\" content=\"article\" \/>\n<meta property=\"og:title\" content=\"Lacets dor\u00e9s paillet\u00e9s avec pointes en plastique transparent\" \/>\n<meta property=\"og:description\" content=\"Accentue tes chaussures avec la sophistication subtile de nos lacets \u00e0 paillettes dor\u00e9es avec embouts en plastique transparent pour rehausser n&#039;importe quelle tenue d&#039;une touche d&#039;\u00e9clat.\" \/>\n<meta property=\"og:url\" content=\"https:\/\/www.loopkinglaces.com\/fr\/products\/lacets-dores-pailletes-avec-pointes-en-plastique-transparent\/\" \/>\n<meta property=\"og:site_name\" content=\"Luxury Gold Tip Shoelaces by Loop King Laces\" \/>\n<meta property=\"article:publisher\" content=\"https:\/\/www.facebook.com\/LoopKingLaces\/\" \/>\n<meta property=\"og:image\" content=\"https:\/\/www.loopkinglaces.com\/wp-content\/uploads\/Gold-Glitter-Laces-2-scaled.jpg\" \/>\n\t<meta property=\"og:image:width\" content=\"2560\" \/>\n\t<meta property=\"og:image:height\" content=\"2560\" \/>\n\t<meta property=\"og:image:type\" content=\"image\/jpeg\" \/>\n<meta name=\"twitter:card\" content=\"summary_large_image\" \/>\n<meta name=\"twitter:site\" content=\"@loopkinglaces\" \/>\n<script type=\"application\/ld+json\" class=\"yoast-schema-graph\">{\"@context\":\"https:\\\/\\\/schema.org\",\"@graph\":[{\"@type\":[\"WebPage\",\"ItemPage\"],\"@id\":\"https:\\\/\\\/www.loopkinglaces.com\\\/fr\\\/products\\\/lacets-dores-pailletes-avec-pointes-en-plastique-transparent\\\/\",\"url\":\"https:\\\/\\\/www.loopkinglaces.com\\\/fr\\\/products\\\/lacets-dores-pailletes-avec-pointes-en-plastique-transparent\\\/\",\"name\":\"Lacets dor\u00e9s paillet\u00e9s avec pointes en plastique transparent\",\"isPartOf\":{\"@id\":\"https:\\\/\\\/www.loopkinglaces.com\\\/fr\\\/#website\"},\"primaryImageOfPage\":{\"@id\":\"https:\\\/\\\/www.loopkinglaces.com\\\/fr\\\/products\\\/lacets-dores-pailletes-avec-pointes-en-plastique-transparent\\\/#primaryimage\"},\"image\":{\"@id\":\"https:\\\/\\\/www.loopkinglaces.com\\\/fr\\\/products\\\/lacets-dores-pailletes-avec-pointes-en-plastique-transparent\\\/#primaryimage\"},\"thumbnailUrl\":\"https:\\\/\\\/www.loopkinglaces.com\\\/wp-content\\\/uploads\\\/Gold-Glitter-Laces-2-scaled.jpg\",\"datePublished\":\"2023-11-01T20:29:48+00:00\",\"description\":\"Accentue tes chaussures avec la sophistication subtile de nos lacets \u00e0 paillettes dor\u00e9es avec embouts en plastique transparent pour rehausser n'importe quelle tenue d'une touche d'\u00e9clat.\",\"breadcrumb\":{\"@id\":\"https:\\\/\\\/www.loopkinglaces.com\\\/fr\\\/products\\\/lacets-dores-pailletes-avec-pointes-en-plastique-transparent\\\/#breadcrumb\"},\"inLanguage\":\"fr-FR\",\"potentialAction\":[{\"@type\":\"ReadAction\",\"target\":[\"https:\\\/\\\/www.loopkinglaces.com\\\/fr\\\/products\\\/lacets-dores-pailletes-avec-pointes-en-plastique-transparent\\\/\"]}]},{\"@type\":\"ImageObject\",\"inLanguage\":\"fr-FR\",\"@id\":\"https:\\\/\\\/www.loopkinglaces.com\\\/fr\\\/products\\\/lacets-dores-pailletes-avec-pointes-en-plastique-transparent\\\/#primaryimage\",\"url\":\"https:\\\/\\\/www.loopkinglaces.com\\\/wp-content\\\/uploads\\\/Gold-Glitter-Laces-2-scaled.jpg\",\"contentUrl\":\"https:\\\/\\\/www.loopkinglaces.com\\\/wp-content\\\/uploads\\\/Gold-Glitter-Laces-2-scaled.jpg\",\"width\":2560,\"height\":2560},{\"@type\":\"BreadcrumbList\",\"@id\":\"https:\\\/\\\/www.loopkinglaces.com\\\/fr\\\/products\\\/lacets-dores-pailletes-avec-pointes-en-plastique-transparent\\\/#breadcrumb\",\"itemListElement\":[{\"@type\":\"ListItem\",\"position\":1,\"name\":\"Home\",\"item\":\"https:\\\/\\\/www.loopkinglaces.com\\\/fr\\\/\"},{\"@type\":\"ListItem\",\"position\":2,\"name\":\"ACHETER DES LACES\",\"item\":\"https:\\\/\\\/www.loopkinglaces.com\\\/fr\\\/acheter-des-laces\\\/\"},{\"@type\":\"ListItem\",\"position\":3,\"name\":\"Lacets dor\u00e9s paillet\u00e9s avec pointes en plastique transparent\"}]},{\"@type\":\"WebSite\",\"@id\":\"https:\\\/\\\/www.loopkinglaces.com\\\/fr\\\/#website\",\"url\":\"https:\\\/\\\/www.loopkinglaces.com\\\/fr\\\/\",\"name\":\"Luxury Gold Tip Shoelaces by Loop King Laces\",\"description\":\"Rope Laces, Flat Waxed Laces and Leather Laces. All With Gold Tips.\",\"publisher\":{\"@id\":\"https:\\\/\\\/www.loopkinglaces.com\\\/fr\\\/#organization\"},\"potentialAction\":[{\"@type\":\"SearchAction\",\"target\":{\"@type\":\"EntryPoint\",\"urlTemplate\":\"https:\\\/\\\/www.loopkinglaces.com\\\/fr\\\/?s={search_term_string}\"},\"query-input\":{\"@type\":\"PropertyValueSpecification\",\"valueRequired\":true,\"valueName\":\"search_term_string\"}}],\"inLanguage\":\"fr-FR\"},{\"@type\":\"Organization\",\"@id\":\"https:\\\/\\\/www.loopkinglaces.com\\\/fr\\\/#organization\",\"name\":\"Loop King Laces\",\"url\":\"https:\\\/\\\/www.loopkinglaces.com\\\/fr\\\/\",\"logo\":{\"@type\":\"ImageObject\",\"inLanguage\":\"fr-FR\",\"@id\":\"https:\\\/\\\/www.loopkinglaces.com\\\/fr\\\/#\\\/schema\\\/logo\\\/image\\\/\",\"url\":\"https:\\\/\\\/www.loopkinglaces.com\\\/wp-content\\\/uploads\\\/LOOP-KING-LACES.1.1-01-LOGO-HI-RES-OFFICIAL-1.png\",\"contentUrl\":\"https:\\\/\\\/www.loopkinglaces.com\\\/wp-content\\\/uploads\\\/LOOP-KING-LACES.1.1-01-LOGO-HI-RES-OFFICIAL-1.png\",\"width\":128,\"height\":91,\"caption\":\"Loop King Laces\"},\"image\":{\"@id\":\"https:\\\/\\\/www.loopkinglaces.com\\\/fr\\\/#\\\/schema\\\/logo\\\/image\\\/\"},\"sameAs\":[\"https:\\\/\\\/www.facebook.com\\\/LoopKingLaces\\\/\",\"https:\\\/\\\/x.com\\\/loopkinglaces\",\"https:\\\/\\\/www.instagram.com\\\/loopkinglaces\\\/\"]}]}<\/script>\n<!-- \/ Yoast SEO plugin. -->","yoast_head_json":{"title":"Lacets dor\u00e9s paillet\u00e9s avec pointes en plastique transparent","description":"Accentue tes chaussures avec la sophistication subtile de nos lacets \u00e0 paillettes dor\u00e9es avec embouts en plastique transparent pour rehausser n'importe quelle tenue d'une touche d'\u00e9clat.","robots":{"index":"index","follow":"follow","max-snippet":"max-snippet:-1","max-image-preview":"max-image-preview:large","max-video-preview":"max-video-preview:-1"},"canonical":"https:\/\/www.loopkinglaces.com\/fr\/products\/lacets-dores-pailletes-avec-pointes-en-plastique-transparent\/","og_locale":"fr_FR","og_type":"article","og_title":"Lacets dor\u00e9s paillet\u00e9s avec pointes en plastique transparent","og_description":"Accentue tes chaussures avec la sophistication subtile de nos lacets \u00e0 paillettes dor\u00e9es avec embouts en plastique transparent pour rehausser n'importe quelle tenue d'une touche d'\u00e9clat.","og_url":"https:\/\/www.loopkinglaces.com\/fr\/products\/lacets-dores-pailletes-avec-pointes-en-plastique-transparent\/","og_site_name":"Luxury Gold Tip Shoelaces by Loop King Laces","article_publisher":"https:\/\/www.facebook.com\/LoopKingLaces\/","og_image":[{"width":2560,"height":2560,"url":"https:\/\/www.loopkinglaces.com\/wp-content\/uploads\/Gold-Glitter-Laces-2-scaled.jpg","type":"image\/jpeg"}],"twitter_card":"summary_large_image","twitter_site":"@loopkinglaces","schema":{"@context":"https:\/\/schema.org","@graph":[{"@type":["WebPage","ItemPage"],"@id":"https:\/\/www.loopkinglaces.com\/fr\/products\/lacets-dores-pailletes-avec-pointes-en-plastique-transparent\/","url":"https:\/\/www.loopkinglaces.com\/fr\/products\/lacets-dores-pailletes-avec-pointes-en-plastique-transparent\/","name":"Lacets dor\u00e9s paillet\u00e9s avec pointes en plastique transparent","isPartOf":{"@id":"https:\/\/www.loopkinglaces.com\/fr\/#website"},"primaryImageOfPage":{"@id":"https:\/\/www.loopkinglaces.com\/fr\/products\/lacets-dores-pailletes-avec-pointes-en-plastique-transparent\/#primaryimage"},"image":{"@id":"https:\/\/www.loopkinglaces.com\/fr\/products\/lacets-dores-pailletes-avec-pointes-en-plastique-transparent\/#primaryimage"},"thumbnailUrl":"https:\/\/www.loopkinglaces.com\/wp-content\/uploads\/Gold-Glitter-Laces-2-scaled.jpg","datePublished":"2023-11-01T20:29:48+00:00","description":"Accentue tes chaussures avec la sophistication subtile de nos lacets \u00e0 paillettes dor\u00e9es avec embouts en plastique transparent pour rehausser n'importe quelle tenue d'une touche d'\u00e9clat.","breadcrumb":{"@id":"https:\/\/www.loopkinglaces.com\/fr\/products\/lacets-dores-pailletes-avec-pointes-en-plastique-transparent\/#breadcrumb"},"inLanguage":"fr-FR","potentialAction":[{"@type":"ReadAction","target":["https:\/\/www.loopkinglaces.com\/fr\/products\/lacets-dores-pailletes-avec-pointes-en-plastique-transparent\/"]}]},{"@type":"ImageObject","inLanguage":"fr-FR","@id":"https:\/\/www.loopkinglaces.com\/fr\/products\/lacets-dores-pailletes-avec-pointes-en-plastique-transparent\/#primaryimage","url":"https:\/\/www.loopkinglaces.com\/wp-content\/uploads\/Gold-Glitter-Laces-2-scaled.jpg","contentUrl":"https:\/\/www.loopkinglaces.com\/wp-content\/uploads\/Gold-Glitter-Laces-2-scaled.jpg","width":2560,"height":2560},{"@type":"BreadcrumbList","@id":"https:\/\/www.loopkinglaces.com\/fr\/products\/lacets-dores-pailletes-avec-pointes-en-plastique-transparent\/#breadcrumb","itemListElement":[{"@type":"ListItem","position":1,"name":"Home","item":"https:\/\/www.loopkinglaces.com\/fr\/"},{"@type":"ListItem","position":2,"name":"ACHETER DES LACES","item":"https:\/\/www.loopkinglaces.com\/fr\/acheter-des-laces\/"},{"@type":"ListItem","position":3,"name":"Lacets dor\u00e9s paillet\u00e9s avec pointes en plastique transparent"}]},{"@type":"WebSite","@id":"https:\/\/www.loopkinglaces.com\/fr\/#website","url":"https:\/\/www.loopkinglaces.com\/fr\/","name":"Luxury Gold Tip Shoelaces by Loop King Laces","description":"Rope Laces, Flat Waxed Laces and Leather Laces. All With Gold Tips.","publisher":{"@id":"https:\/\/www.loopkinglaces.com\/fr\/#organization"},"potentialAction":[{"@type":"SearchAction","target":{"@type":"EntryPoint","urlTemplate":"https:\/\/www.loopkinglaces.com\/fr\/?s={search_term_string}"},"query-input":{"@type":"PropertyValueSpecification","valueRequired":true,"valueName":"search_term_string"}}],"inLanguage":"fr-FR"},{"@type":"Organization","@id":"https:\/\/www.loopkinglaces.com\/fr\/#organization","name":"Loop King Laces","url":"https:\/\/www.loopkinglaces.com\/fr\/","logo":{"@type":"ImageObject","inLanguage":"fr-FR","@id":"https:\/\/www.loopkinglaces.com\/fr\/#\/schema\/logo\/image\/","url":"https:\/\/www.loopkinglaces.com\/wp-content\/uploads\/LOOP-KING-LACES.1.1-01-LOGO-HI-RES-OFFICIAL-1.png","contentUrl":"https:\/\/www.loopkinglaces.com\/wp-content\/uploads\/LOOP-KING-LACES.1.1-01-LOGO-HI-RES-OFFICIAL-1.png","width":128,"height":91,"caption":"Loop King Laces"},"image":{"@id":"https:\/\/www.loopkinglaces.com\/fr\/#\/schema\/logo\/image\/"},"sameAs":["https:\/\/www.facebook.com\/LoopKingLaces\/","https:\/\/x.com\/loopkinglaces","https:\/\/www.instagram.com\/loopkinglaces\/"]}]}},"_links":{"self":[{"href":"https:\/\/www.loopkinglaces.com\/fr\/wp-json\/wp\/v2\/product\/69985","targetHints":{"allow":["GET"]}}],"collection":[{"href":"https:\/\/www.loopkinglaces.com\/fr\/wp-json\/wp\/v2\/product"}],"about":[{"href":"https:\/\/www.loopkinglaces.com\/fr\/wp-json\/wp\/v2\/types\/product"}],"replies":[{"embeddable":true,"href":"https:\/\/www.loopkinglaces.com\/fr\/wp-json\/wp\/v2\/comments?post=69985"}],"wp:featuredmedia":[{"embeddable":true,"href":"https:\/\/www.loopkinglaces.com\/fr\/wp-json\/wp\/v2\/media\/70001"}],"wp:attachment":[{"href":"https:\/\/www.loopkinglaces.com\/fr\/wp-json\/wp\/v2\/media?parent=69985"}],"wp:term":[{"taxonomy":"product_brand","embeddable":true,"href":"https:\/\/www.loopkinglaces.com\/fr\/wp-json\/wp\/v2\/product_brand?post=69985"},{"taxonomy":"product_cat","embeddable":true,"href":"https:\/\/www.loopkinglaces.com\/fr\/wp-json\/wp\/v2\/product_cat?post=69985"},{"taxonomy":"product_tag","embeddable":true,"href":"https:\/\/www.loopkinglaces.com\/fr\/wp-json\/wp\/v2\/product_tag?post=69985"},{"taxonomy":"woo-feed-brand","embeddable":true,"href":"https:\/\/www.loopkinglaces.com\/fr\/wp-json\/wp\/v2\/woo-feed-brand?post=69985"}],"curies":[{"name":"wp","href":"https:\/\/api.w.org\/{rel}","templated":true}]}}