{"id":69813,"date":"2023-11-01T19:00:37","date_gmt":"2023-11-01T19:00:37","guid":{"rendered":"https:\/\/www.loopkinglaces.com\/products\/lacets-en-coton-plat-noir-et-blanc-avec-embouts-en-plastique-transparent\/"},"modified":"2023-11-01T19:00:37","modified_gmt":"2023-11-01T19:00:37","slug":"lacets-en-coton-plat-noir-et-blanc-avec-embouts-en-plastique-transparent","status":"publish","type":"product","link":"https:\/\/www.loopkinglaces.com\/fr\/products\/lacets-en-coton-plat-noir-et-blanc-avec-embouts-en-plastique-transparent\/","title":{"rendered":"Lacets en coton plat noir et blanc avec embouts en plastique transparent"},"content":{"rendered":"<p>Lorsque la rapidit\u00e9 est de rigueur, nos lacets plats en coton \u00e0 carreaux noirs et blancs, suaves et souples, avec embouts en plastique transparent, sont la solution qu&#8217;il te faut !<br \/>\nCon\u00e7us avec des embouts en plastique transparent, ils s&#8217;enfilent sans probl\u00e8me avec n&#8217;importe quelle vari\u00e9t\u00e9 de chaussures &#8211; des bottes robustes aux chaussures habill\u00e9es sophistiqu\u00e9es et plus encore.<br \/>\nCes lacets de qualit\u00e9 sup\u00e9rieure garantissent une transformation rapide du style, pour que tu sois pr\u00eat \u00e0 sprinter dans l&#8217;action.  <\/p>\n","protected":false},"excerpt":{"rendered":"<p><strong>Lacets plats en coton \u00e0 carreaux noirs et blancs avec embouts<\/strong> en plastique transparent Rends tes matin\u00e9es plus douces gr\u00e2ce \u00e0 nos \u00e9l\u00e9gants lacets plats en coton \u00e0 carreaux noirs et blancs avec embouts en plastique transparent, ton alli\u00e9 pour une escapade rapide !<br \/>\nGr\u00e2ce \u00e0 leurs embouts en plastique transparent, tu peux lacer tout ce que tu veux, des chaussures habill\u00e9es aux bottes en passant par les baskets, en toute simplicit\u00e9.<br \/>\nOpte pour ces lacets de qualit\u00e9 sup\u00e9rieure et fais en sorte que tes changements de garde-robe soient aussi rapides que tes foul\u00e9es.<br \/>\nPr\u00eats, pr\u00eats, partez &#8211; le monde vous attend !<br \/>\nLes caract\u00e9ristiques principales comprennent :      <\/p>\n<ul>\n<li style=\"font-weight: 400;\" aria-level=\"1\">Mat\u00e9riaux de premi\u00e8re qualit\u00e9<\/li>\n<li style=\"font-weight: 400;\" aria-level=\"1\">Emballage scell\u00e9 et superbe<\/li>\n<li style=\"font-weight: 400;\" aria-level=\"1\">Diff\u00e9rentes longueurs sont disponibles<\/li>\n<li style=\"font-weight: 400;\" aria-level=\"1\">Convient \u00e0 toutes les grandes marques (Nike, Adidas, Reebok, Converse, Vans)<\/li>\n<li style=\"font-weight: 400;\" aria-level=\"1\">Embouts en plastique transparent<\/li>\n<\/ul>\n","protected":false},"featured_media":69824,"comment_status":"open","ping_status":"closed","template":"","meta":{"_acf_changed":false},"product_brand":[],"product_cat":[1430,1207,1087,980,1058,1353,1201,1354,1215,1444,1355,1448,947],"product_tag":[986,984,962,966,961,964,985,963],"woo-feed-brand":[],"class_list":{"0":"post-69813","1":"product","2":"type-product","3":"status-publish","4":"has-post-thumbnail","6":"product_cat-des-lacets-de-bottes-noirs-et-audacieux-qui-feront-de-lombre-a-tous-les-autres","7":"product_cat-des-lacets-de-chaussures-skechers-de-haut-niveau-qui-ajoutent-de-lintrigue-de-la-valeur-et-du-confort","8":"product_cat-des-lacets-en-coton-de-premiere-qualite-qui-surpassent-en-tous-points-les-autres-marques","9":"product_cat-des-lacets-nike-air-force-1-elegants-pour-impressionner","10":"product_cat-lacets-adidas-pour-ultraboost-superior-laces","11":"product_cat-lacets-colores-a-la-mode-pour-chaussures-de-sport","12":"product_cat-lacets-de-chaussures-de-qualite-superieure","13":"product_cat-lacets-de-remplacement-de-luxe-pour-les-baskets-les-chaussures-de-sport-les-bottes-etc","14":"product_cat-lacets-nike-blazer-pour-un-style-superieur-et-des-tendances","15":"product_cat-lacets-sympas-ameliore-ton-jeu-de-chaussures","16":"product_cat-les-lacets-epoustouflants-de-la-jordan-5-rendent-les-lacets-de-chaussures-obsoletes","17":"product_cat-pourquoi-les-lacets-en-plaid-changent-la-donne-dans-la-mode-des-chaussures","18":"product_cat-tous-les-lacets","19":"product_tag-cire","20":"product_tag-cire-plat","21":"product_tag-lacets","22":"product_tag-lacets-a-pointe-dor","23":"product_tag-loop-king-fr","24":"product_tag-noir","25":"product_tag-plat","26":"product_tag-pointe-en-metal","28":"first","29":"instock","30":"taxable","31":"shipping-taxable","32":"purchasable","33":"product-type-variable"},"acf":[],"yoast_head":"<!-- This site is optimized with the Yoast SEO plugin v27.4 - https:\/\/yoast.com\/product\/yoast-seo-wordpress\/ -->\n<title>Lacets en coton plat noir et blanc avec embouts en plastique transparent<\/title>\n<meta name=\"description\" content=\"\u00c9l\u00e8ve ton style sans effort avec nos lacets \u00e0 carreaux noirs et blancs qui sont orn\u00e9s de pointes transparentes, offrant une touche finale subtile mais sophistiqu\u00e9e.\" \/>\n<meta name=\"robots\" content=\"index, follow, max-snippet:-1, max-image-preview:large, max-video-preview:-1\" \/>\n<link rel=\"canonical\" href=\"https:\/\/www.loopkinglaces.com\/fr\/products\/lacets-en-coton-plat-noir-et-blanc-avec-embouts-en-plastique-transparent\/\" \/>\n<meta property=\"og:locale\" content=\"fr_FR\" \/>\n<meta property=\"og:type\" content=\"article\" \/>\n<meta property=\"og:title\" content=\"Lacets en coton plat noir et blanc avec embouts en plastique transparent\" \/>\n<meta property=\"og:description\" content=\"\u00c9l\u00e8ve ton style sans effort avec nos lacets \u00e0 carreaux noirs et blancs qui sont orn\u00e9s de pointes transparentes, offrant une touche finale subtile mais sophistiqu\u00e9e.\" \/>\n<meta property=\"og:url\" content=\"https:\/\/www.loopkinglaces.com\/fr\/products\/lacets-en-coton-plat-noir-et-blanc-avec-embouts-en-plastique-transparent\/\" \/>\n<meta property=\"og:site_name\" content=\"Luxury Gold Tip Shoelaces by Loop King Laces\" \/>\n<meta property=\"article:publisher\" content=\"https:\/\/www.facebook.com\/LoopKingLaces\/\" \/>\n<meta property=\"og:image\" content=\"https:\/\/www.loopkinglaces.com\/wp-content\/uploads\/Plaid-Black-and-White-scaled.jpg\" \/>\n\t<meta property=\"og:image:width\" content=\"2560\" \/>\n\t<meta property=\"og:image:height\" content=\"2560\" \/>\n\t<meta property=\"og:image:type\" content=\"image\/jpeg\" \/>\n<meta name=\"twitter:card\" content=\"summary_large_image\" \/>\n<meta name=\"twitter:site\" content=\"@loopkinglaces\" \/>\n<script type=\"application\/ld+json\" class=\"yoast-schema-graph\">{\"@context\":\"https:\\\/\\\/schema.org\",\"@graph\":[{\"@type\":[\"WebPage\",\"ItemPage\"],\"@id\":\"https:\\\/\\\/www.loopkinglaces.com\\\/fr\\\/products\\\/lacets-en-coton-plat-noir-et-blanc-avec-embouts-en-plastique-transparent\\\/\",\"url\":\"https:\\\/\\\/www.loopkinglaces.com\\\/fr\\\/products\\\/lacets-en-coton-plat-noir-et-blanc-avec-embouts-en-plastique-transparent\\\/\",\"name\":\"Lacets en coton plat noir et blanc avec embouts en plastique transparent\",\"isPartOf\":{\"@id\":\"https:\\\/\\\/www.loopkinglaces.com\\\/fr\\\/#website\"},\"primaryImageOfPage\":{\"@id\":\"https:\\\/\\\/www.loopkinglaces.com\\\/fr\\\/products\\\/lacets-en-coton-plat-noir-et-blanc-avec-embouts-en-plastique-transparent\\\/#primaryimage\"},\"image\":{\"@id\":\"https:\\\/\\\/www.loopkinglaces.com\\\/fr\\\/products\\\/lacets-en-coton-plat-noir-et-blanc-avec-embouts-en-plastique-transparent\\\/#primaryimage\"},\"thumbnailUrl\":\"https:\\\/\\\/www.loopkinglaces.com\\\/wp-content\\\/uploads\\\/Plaid-Black-and-White-scaled.jpg\",\"datePublished\":\"2023-11-01T19:00:37+00:00\",\"description\":\"\u00c9l\u00e8ve ton style sans effort avec nos lacets \u00e0 carreaux noirs et blancs qui sont orn\u00e9s de pointes transparentes, offrant une touche finale subtile mais sophistiqu\u00e9e.\",\"breadcrumb\":{\"@id\":\"https:\\\/\\\/www.loopkinglaces.com\\\/fr\\\/products\\\/lacets-en-coton-plat-noir-et-blanc-avec-embouts-en-plastique-transparent\\\/#breadcrumb\"},\"inLanguage\":\"fr-FR\",\"potentialAction\":[{\"@type\":\"ReadAction\",\"target\":[\"https:\\\/\\\/www.loopkinglaces.com\\\/fr\\\/products\\\/lacets-en-coton-plat-noir-et-blanc-avec-embouts-en-plastique-transparent\\\/\"]}]},{\"@type\":\"ImageObject\",\"inLanguage\":\"fr-FR\",\"@id\":\"https:\\\/\\\/www.loopkinglaces.com\\\/fr\\\/products\\\/lacets-en-coton-plat-noir-et-blanc-avec-embouts-en-plastique-transparent\\\/#primaryimage\",\"url\":\"https:\\\/\\\/www.loopkinglaces.com\\\/wp-content\\\/uploads\\\/Plaid-Black-and-White-scaled.jpg\",\"contentUrl\":\"https:\\\/\\\/www.loopkinglaces.com\\\/wp-content\\\/uploads\\\/Plaid-Black-and-White-scaled.jpg\",\"width\":2560,\"height\":2560},{\"@type\":\"BreadcrumbList\",\"@id\":\"https:\\\/\\\/www.loopkinglaces.com\\\/fr\\\/products\\\/lacets-en-coton-plat-noir-et-blanc-avec-embouts-en-plastique-transparent\\\/#breadcrumb\",\"itemListElement\":[{\"@type\":\"ListItem\",\"position\":1,\"name\":\"Home\",\"item\":\"https:\\\/\\\/www.loopkinglaces.com\\\/fr\\\/\"},{\"@type\":\"ListItem\",\"position\":2,\"name\":\"ACHETER DES LACES\",\"item\":\"https:\\\/\\\/www.loopkinglaces.com\\\/fr\\\/acheter-des-laces\\\/\"},{\"@type\":\"ListItem\",\"position\":3,\"name\":\"Lacets en coton plat noir et blanc avec embouts en plastique transparent\"}]},{\"@type\":\"WebSite\",\"@id\":\"https:\\\/\\\/www.loopkinglaces.com\\\/fr\\\/#website\",\"url\":\"https:\\\/\\\/www.loopkinglaces.com\\\/fr\\\/\",\"name\":\"Luxury Gold Tip Shoelaces by Loop King Laces\",\"description\":\"Rope Laces, Flat Waxed Laces and Leather Laces. All With Gold Tips.\",\"publisher\":{\"@id\":\"https:\\\/\\\/www.loopkinglaces.com\\\/fr\\\/#organization\"},\"potentialAction\":[{\"@type\":\"SearchAction\",\"target\":{\"@type\":\"EntryPoint\",\"urlTemplate\":\"https:\\\/\\\/www.loopkinglaces.com\\\/fr\\\/?s={search_term_string}\"},\"query-input\":{\"@type\":\"PropertyValueSpecification\",\"valueRequired\":true,\"valueName\":\"search_term_string\"}}],\"inLanguage\":\"fr-FR\"},{\"@type\":\"Organization\",\"@id\":\"https:\\\/\\\/www.loopkinglaces.com\\\/fr\\\/#organization\",\"name\":\"Loop King Laces\",\"url\":\"https:\\\/\\\/www.loopkinglaces.com\\\/fr\\\/\",\"logo\":{\"@type\":\"ImageObject\",\"inLanguage\":\"fr-FR\",\"@id\":\"https:\\\/\\\/www.loopkinglaces.com\\\/fr\\\/#\\\/schema\\\/logo\\\/image\\\/\",\"url\":\"https:\\\/\\\/www.loopkinglaces.com\\\/wp-content\\\/uploads\\\/LOOP-KING-LACES.1.1-01-LOGO-HI-RES-OFFICIAL-1.png\",\"contentUrl\":\"https:\\\/\\\/www.loopkinglaces.com\\\/wp-content\\\/uploads\\\/LOOP-KING-LACES.1.1-01-LOGO-HI-RES-OFFICIAL-1.png\",\"width\":128,\"height\":91,\"caption\":\"Loop King Laces\"},\"image\":{\"@id\":\"https:\\\/\\\/www.loopkinglaces.com\\\/fr\\\/#\\\/schema\\\/logo\\\/image\\\/\"},\"sameAs\":[\"https:\\\/\\\/www.facebook.com\\\/LoopKingLaces\\\/\",\"https:\\\/\\\/x.com\\\/loopkinglaces\",\"https:\\\/\\\/www.instagram.com\\\/loopkinglaces\\\/\"]}]}<\/script>\n<!-- \/ Yoast SEO plugin. -->","yoast_head_json":{"title":"Lacets en coton plat noir et blanc avec embouts en plastique transparent","description":"\u00c9l\u00e8ve ton style sans effort avec nos lacets \u00e0 carreaux noirs et blancs qui sont orn\u00e9s de pointes transparentes, offrant une touche finale subtile mais sophistiqu\u00e9e.","robots":{"index":"index","follow":"follow","max-snippet":"max-snippet:-1","max-image-preview":"max-image-preview:large","max-video-preview":"max-video-preview:-1"},"canonical":"https:\/\/www.loopkinglaces.com\/fr\/products\/lacets-en-coton-plat-noir-et-blanc-avec-embouts-en-plastique-transparent\/","og_locale":"fr_FR","og_type":"article","og_title":"Lacets en coton plat noir et blanc avec embouts en plastique transparent","og_description":"\u00c9l\u00e8ve ton style sans effort avec nos lacets \u00e0 carreaux noirs et blancs qui sont orn\u00e9s de pointes transparentes, offrant une touche finale subtile mais sophistiqu\u00e9e.","og_url":"https:\/\/www.loopkinglaces.com\/fr\/products\/lacets-en-coton-plat-noir-et-blanc-avec-embouts-en-plastique-transparent\/","og_site_name":"Luxury Gold Tip Shoelaces by Loop King Laces","article_publisher":"https:\/\/www.facebook.com\/LoopKingLaces\/","og_image":[{"width":2560,"height":2560,"url":"https:\/\/www.loopkinglaces.com\/wp-content\/uploads\/Plaid-Black-and-White-scaled.jpg","type":"image\/jpeg"}],"twitter_card":"summary_large_image","twitter_site":"@loopkinglaces","schema":{"@context":"https:\/\/schema.org","@graph":[{"@type":["WebPage","ItemPage"],"@id":"https:\/\/www.loopkinglaces.com\/fr\/products\/lacets-en-coton-plat-noir-et-blanc-avec-embouts-en-plastique-transparent\/","url":"https:\/\/www.loopkinglaces.com\/fr\/products\/lacets-en-coton-plat-noir-et-blanc-avec-embouts-en-plastique-transparent\/","name":"Lacets en coton plat noir et blanc avec embouts en plastique transparent","isPartOf":{"@id":"https:\/\/www.loopkinglaces.com\/fr\/#website"},"primaryImageOfPage":{"@id":"https:\/\/www.loopkinglaces.com\/fr\/products\/lacets-en-coton-plat-noir-et-blanc-avec-embouts-en-plastique-transparent\/#primaryimage"},"image":{"@id":"https:\/\/www.loopkinglaces.com\/fr\/products\/lacets-en-coton-plat-noir-et-blanc-avec-embouts-en-plastique-transparent\/#primaryimage"},"thumbnailUrl":"https:\/\/www.loopkinglaces.com\/wp-content\/uploads\/Plaid-Black-and-White-scaled.jpg","datePublished":"2023-11-01T19:00:37+00:00","description":"\u00c9l\u00e8ve ton style sans effort avec nos lacets \u00e0 carreaux noirs et blancs qui sont orn\u00e9s de pointes transparentes, offrant une touche finale subtile mais sophistiqu\u00e9e.","breadcrumb":{"@id":"https:\/\/www.loopkinglaces.com\/fr\/products\/lacets-en-coton-plat-noir-et-blanc-avec-embouts-en-plastique-transparent\/#breadcrumb"},"inLanguage":"fr-FR","potentialAction":[{"@type":"ReadAction","target":["https:\/\/www.loopkinglaces.com\/fr\/products\/lacets-en-coton-plat-noir-et-blanc-avec-embouts-en-plastique-transparent\/"]}]},{"@type":"ImageObject","inLanguage":"fr-FR","@id":"https:\/\/www.loopkinglaces.com\/fr\/products\/lacets-en-coton-plat-noir-et-blanc-avec-embouts-en-plastique-transparent\/#primaryimage","url":"https:\/\/www.loopkinglaces.com\/wp-content\/uploads\/Plaid-Black-and-White-scaled.jpg","contentUrl":"https:\/\/www.loopkinglaces.com\/wp-content\/uploads\/Plaid-Black-and-White-scaled.jpg","width":2560,"height":2560},{"@type":"BreadcrumbList","@id":"https:\/\/www.loopkinglaces.com\/fr\/products\/lacets-en-coton-plat-noir-et-blanc-avec-embouts-en-plastique-transparent\/#breadcrumb","itemListElement":[{"@type":"ListItem","position":1,"name":"Home","item":"https:\/\/www.loopkinglaces.com\/fr\/"},{"@type":"ListItem","position":2,"name":"ACHETER DES LACES","item":"https:\/\/www.loopkinglaces.com\/fr\/acheter-des-laces\/"},{"@type":"ListItem","position":3,"name":"Lacets en coton plat noir et blanc avec embouts en plastique transparent"}]},{"@type":"WebSite","@id":"https:\/\/www.loopkinglaces.com\/fr\/#website","url":"https:\/\/www.loopkinglaces.com\/fr\/","name":"Luxury Gold Tip Shoelaces by Loop King Laces","description":"Rope Laces, Flat Waxed Laces and Leather Laces. All With Gold Tips.","publisher":{"@id":"https:\/\/www.loopkinglaces.com\/fr\/#organization"},"potentialAction":[{"@type":"SearchAction","target":{"@type":"EntryPoint","urlTemplate":"https:\/\/www.loopkinglaces.com\/fr\/?s={search_term_string}"},"query-input":{"@type":"PropertyValueSpecification","valueRequired":true,"valueName":"search_term_string"}}],"inLanguage":"fr-FR"},{"@type":"Organization","@id":"https:\/\/www.loopkinglaces.com\/fr\/#organization","name":"Loop King Laces","url":"https:\/\/www.loopkinglaces.com\/fr\/","logo":{"@type":"ImageObject","inLanguage":"fr-FR","@id":"https:\/\/www.loopkinglaces.com\/fr\/#\/schema\/logo\/image\/","url":"https:\/\/www.loopkinglaces.com\/wp-content\/uploads\/LOOP-KING-LACES.1.1-01-LOGO-HI-RES-OFFICIAL-1.png","contentUrl":"https:\/\/www.loopkinglaces.com\/wp-content\/uploads\/LOOP-KING-LACES.1.1-01-LOGO-HI-RES-OFFICIAL-1.png","width":128,"height":91,"caption":"Loop King Laces"},"image":{"@id":"https:\/\/www.loopkinglaces.com\/fr\/#\/schema\/logo\/image\/"},"sameAs":["https:\/\/www.facebook.com\/LoopKingLaces\/","https:\/\/x.com\/loopkinglaces","https:\/\/www.instagram.com\/loopkinglaces\/"]}]}},"_links":{"self":[{"href":"https:\/\/www.loopkinglaces.com\/fr\/wp-json\/wp\/v2\/product\/69813","targetHints":{"allow":["GET"]}}],"collection":[{"href":"https:\/\/www.loopkinglaces.com\/fr\/wp-json\/wp\/v2\/product"}],"about":[{"href":"https:\/\/www.loopkinglaces.com\/fr\/wp-json\/wp\/v2\/types\/product"}],"replies":[{"embeddable":true,"href":"https:\/\/www.loopkinglaces.com\/fr\/wp-json\/wp\/v2\/comments?post=69813"}],"wp:featuredmedia":[{"embeddable":true,"href":"https:\/\/www.loopkinglaces.com\/fr\/wp-json\/wp\/v2\/media\/69824"}],"wp:attachment":[{"href":"https:\/\/www.loopkinglaces.com\/fr\/wp-json\/wp\/v2\/media?parent=69813"}],"wp:term":[{"taxonomy":"product_brand","embeddable":true,"href":"https:\/\/www.loopkinglaces.com\/fr\/wp-json\/wp\/v2\/product_brand?post=69813"},{"taxonomy":"product_cat","embeddable":true,"href":"https:\/\/www.loopkinglaces.com\/fr\/wp-json\/wp\/v2\/product_cat?post=69813"},{"taxonomy":"product_tag","embeddable":true,"href":"https:\/\/www.loopkinglaces.com\/fr\/wp-json\/wp\/v2\/product_tag?post=69813"},{"taxonomy":"woo-feed-brand","embeddable":true,"href":"https:\/\/www.loopkinglaces.com\/fr\/wp-json\/wp\/v2\/woo-feed-brand?post=69813"}],"curies":[{"name":"wp","href":"https:\/\/api.w.org\/{rel}","templated":true}]}}