{"id":69761,"date":"2023-11-01T18:07:59","date_gmt":"2023-11-01T18:07:59","guid":{"rendered":"https:\/\/www.loopkinglaces.com\/products\/lacets-en-ciment-gris-noir-pour-elephants-avec-embouts-en-plastique-transparent\/"},"modified":"2023-11-01T18:07:59","modified_gmt":"2023-11-01T18:07:59","slug":"lacets-en-ciment-gris-noir-pour-elephants-avec-embouts-en-plastique-transparent","status":"publish","type":"product","link":"https:\/\/www.loopkinglaces.com\/fr\/products\/lacets-en-ciment-gris-noir-pour-elephants-avec-embouts-en-plastique-transparent\/","title":{"rendered":"Lacets en ciment gris noir pour \u00e9l\u00e9phants avec embouts en plastique transparent"},"content":{"rendered":"<p>Si tes chaussures de sport sont un peu ternes, nos lacets en ciment Elephant Grey Black avec embouts en plastique transparent sont la mise \u00e0 jour qu&#8217;il te faut.<br \/>\nAffichant une impression de couleur r\u00e9aliste avec des mouchetures \u00e9parpill\u00e9es, ils feront ressortir n&#8217;importe quelle vieille paire.<br \/>\nCes lacets ne sont pas seulement beaux &#8211; ils sont fabriqu\u00e9s \u00e0 partir de mat\u00e9riaux de premi\u00e8re qualit\u00e9 con\u00e7us pour durer.<br \/>\nLes pointes gaufr\u00e9es apportent un c\u00f4t\u00e9 luxueux et une r\u00e9sistance pratique \u00e0 l&#8217;effilochage, de sorte que tu b\u00e9n\u00e9ficies non seulement d&#8217;un design de lacet exceptionnel, mais aussi d&#8217;une qualit\u00e9 authentique.   <\/p>\n","protected":false},"excerpt":{"rendered":"<p><strong>Lacets en ciment noir et blanc avec pointes en plastique noir<\/strong> Rajeunis l&#8217;apparence de tes baskets avec nos lacets en ciment noir, compl\u00e9t\u00e9s par des pointes en plastique rouge qui attirent l&#8217;attention.<br \/>\nLeur impression authentique se pr\u00e9sente sous la forme d&#8217;un m\u00e9lange de couleurs avec des taches al\u00e9atoires pour un effet visuel impressionnant.<br \/>\nCes lacets sont plus que simplement \u00e0 la mode ; ils sont fabriqu\u00e9s \u00e0 partir de mat\u00e9riaux de haute qualit\u00e9 pour une long\u00e9vit\u00e9 sup\u00e9rieure.<br \/>\nAvec des pointes gaufr\u00e9es qui ajoutent une touche luxueuse et prot\u00e8gent de l&#8217;effilochage, nous ne t&#8217;offrons pas seulement un lacet, mais un engagement de qualit\u00e9 durable.<br \/>\nLes caract\u00e9ristiques principales comprennent :      <\/p>\n<ul>\n<li><span style=\"font-weight: 400;\">Mat\u00e9riaux de premi\u00e8re qualit\u00e9<\/span><\/li>\n<li><span style=\"font-weight: 400;\">Embouts gaufr\u00e9s<\/span><\/li>\n<li><span style=\"font-weight: 400;\">Emballage scell\u00e9 et superbe  <\/span><\/li>\n<li><span style=\"font-weight: 400;\">Magnifique imprim\u00e9 ciment sur des lacets plats  <\/span><\/li>\n<li><span style=\"font-weight: 400;\">Durera plus longtemps que les autres marques<\/span><\/li>\n<li><span style=\"font-weight: 400;\">Plusieurs longueurs sont disponibles  <\/span><\/li>\n<\/ul>\n","protected":false},"featured_media":69772,"comment_status":"open","ping_status":"closed","template":"","meta":{"_acf_changed":false},"product_brand":[],"product_cat":[1069,1712,1444,947],"product_tag":[986,984,962,966,961,964,985,963],"woo-feed-brand":[],"class_list":{"0":"post-69761","1":"product","2":"type-product","3":"status-publish","4":"has-post-thumbnail","6":"product_cat-ameliore-le-style-de-tes-chaussures-avec-des-lacets-en-ciment","7":"product_cat-lacets-en-tricot-nike-fly","8":"product_cat-lacets-sympas-ameliore-ton-jeu-de-chaussures","9":"product_cat-tous-les-lacets","10":"product_tag-cire","11":"product_tag-cire-plat","12":"product_tag-lacets","13":"product_tag-lacets-a-pointe-dor","14":"product_tag-loop-king-fr","15":"product_tag-noir","16":"product_tag-plat","17":"product_tag-pointe-en-metal","19":"first","20":"instock","21":"taxable","22":"shipping-taxable","23":"purchasable","24":"product-type-variable"},"acf":[],"yoast_head":"<!-- This site is optimized with the Yoast SEO plugin v27.5 - https:\/\/yoast.com\/product\/yoast-seo-wordpress\/ -->\n<title>Lacets en ciment gris noir pour \u00e9l\u00e9phants avec embouts en plastique transparent<\/title>\n<meta name=\"description\" content=\"Am\u00e9liore la mode de tes chaussures sans effort ! Nos lacets en ciment gris noir \u00e9l\u00e9phant avec embouts en plastique transparent sont con\u00e7us pour faire ressortir n&#039;importe quelle silhouette de baskets.\" \/>\n<meta name=\"robots\" content=\"index, follow, max-snippet:-1, max-image-preview:large, max-video-preview:-1\" \/>\n<link rel=\"canonical\" href=\"https:\/\/www.loopkinglaces.com\/fr\/products\/lacets-en-ciment-gris-noir-pour-elephants-avec-embouts-en-plastique-transparent\/\" \/>\n<meta property=\"og:locale\" content=\"fr_FR\" \/>\n<meta property=\"og:type\" content=\"article\" \/>\n<meta property=\"og:title\" content=\"Lacets en ciment gris noir pour \u00e9l\u00e9phants avec embouts en plastique transparent\" \/>\n<meta property=\"og:description\" content=\"Am\u00e9liore la mode de tes chaussures sans effort ! Nos lacets en ciment gris noir \u00e9l\u00e9phant avec embouts en plastique transparent sont con\u00e7us pour faire ressortir n&#039;importe quelle silhouette de baskets.\" \/>\n<meta property=\"og:url\" content=\"https:\/\/www.loopkinglaces.com\/fr\/products\/lacets-en-ciment-gris-noir-pour-elephants-avec-embouts-en-plastique-transparent\/\" \/>\n<meta property=\"og:site_name\" content=\"Luxury Gold Tip Shoelaces by Loop King Laces\" \/>\n<meta property=\"article:publisher\" content=\"https:\/\/www.facebook.com\/LoopKingLaces\/\" \/>\n<meta property=\"og:image\" content=\"https:\/\/www.loopkinglaces.com\/wp-content\/uploads\/Elephant-Grey-Cement-with-Clear-Tips-scaled.jpg\" \/>\n\t<meta property=\"og:image:width\" content=\"2560\" \/>\n\t<meta property=\"og:image:height\" content=\"2560\" \/>\n\t<meta property=\"og:image:type\" content=\"image\/jpeg\" \/>\n<meta name=\"twitter:card\" content=\"summary_large_image\" \/>\n<meta name=\"twitter:site\" content=\"@loopkinglaces\" \/>\n<meta name=\"twitter:label1\" content=\"Dur\u00e9e de lecture estim\u00e9e\" \/>\n\t<meta name=\"twitter:data1\" content=\"1 minute\" \/>\n<script type=\"application\/ld+json\" class=\"yoast-schema-graph\">{\"@context\":\"https:\\\/\\\/schema.org\",\"@graph\":[{\"@type\":[\"WebPage\",\"ItemPage\"],\"@id\":\"https:\\\/\\\/www.loopkinglaces.com\\\/fr\\\/products\\\/lacets-en-ciment-gris-noir-pour-elephants-avec-embouts-en-plastique-transparent\\\/\",\"url\":\"https:\\\/\\\/www.loopkinglaces.com\\\/fr\\\/products\\\/lacets-en-ciment-gris-noir-pour-elephants-avec-embouts-en-plastique-transparent\\\/\",\"name\":\"Lacets en ciment gris noir pour \u00e9l\u00e9phants avec embouts en plastique transparent\",\"isPartOf\":{\"@id\":\"https:\\\/\\\/www.loopkinglaces.com\\\/fr\\\/#website\"},\"primaryImageOfPage\":{\"@id\":\"https:\\\/\\\/www.loopkinglaces.com\\\/fr\\\/products\\\/lacets-en-ciment-gris-noir-pour-elephants-avec-embouts-en-plastique-transparent\\\/#primaryimage\"},\"image\":{\"@id\":\"https:\\\/\\\/www.loopkinglaces.com\\\/fr\\\/products\\\/lacets-en-ciment-gris-noir-pour-elephants-avec-embouts-en-plastique-transparent\\\/#primaryimage\"},\"thumbnailUrl\":\"https:\\\/\\\/www.loopkinglaces.com\\\/wp-content\\\/uploads\\\/Elephant-Grey-Cement-with-Clear-Tips-scaled.jpg\",\"datePublished\":\"2023-11-01T18:07:59+00:00\",\"description\":\"Am\u00e9liore la mode de tes chaussures sans effort ! Nos lacets en ciment gris noir \u00e9l\u00e9phant avec embouts en plastique transparent sont con\u00e7us pour faire ressortir n'importe quelle silhouette de baskets.\",\"breadcrumb\":{\"@id\":\"https:\\\/\\\/www.loopkinglaces.com\\\/fr\\\/products\\\/lacets-en-ciment-gris-noir-pour-elephants-avec-embouts-en-plastique-transparent\\\/#breadcrumb\"},\"inLanguage\":\"fr-FR\",\"potentialAction\":[{\"@type\":\"ReadAction\",\"target\":[\"https:\\\/\\\/www.loopkinglaces.com\\\/fr\\\/products\\\/lacets-en-ciment-gris-noir-pour-elephants-avec-embouts-en-plastique-transparent\\\/\"]}]},{\"@type\":\"ImageObject\",\"inLanguage\":\"fr-FR\",\"@id\":\"https:\\\/\\\/www.loopkinglaces.com\\\/fr\\\/products\\\/lacets-en-ciment-gris-noir-pour-elephants-avec-embouts-en-plastique-transparent\\\/#primaryimage\",\"url\":\"https:\\\/\\\/www.loopkinglaces.com\\\/wp-content\\\/uploads\\\/Elephant-Grey-Cement-with-Clear-Tips-scaled.jpg\",\"contentUrl\":\"https:\\\/\\\/www.loopkinglaces.com\\\/wp-content\\\/uploads\\\/Elephant-Grey-Cement-with-Clear-Tips-scaled.jpg\",\"width\":2560,\"height\":2560},{\"@type\":\"BreadcrumbList\",\"@id\":\"https:\\\/\\\/www.loopkinglaces.com\\\/fr\\\/products\\\/lacets-en-ciment-gris-noir-pour-elephants-avec-embouts-en-plastique-transparent\\\/#breadcrumb\",\"itemListElement\":[{\"@type\":\"ListItem\",\"position\":1,\"name\":\"Home\",\"item\":\"https:\\\/\\\/www.loopkinglaces.com\\\/fr\\\/\"},{\"@type\":\"ListItem\",\"position\":2,\"name\":\"ACHETER DES LACES\",\"item\":\"https:\\\/\\\/www.loopkinglaces.com\\\/fr\\\/acheter-des-laces\\\/\"},{\"@type\":\"ListItem\",\"position\":3,\"name\":\"Lacets en ciment gris noir pour \u00e9l\u00e9phants avec embouts en plastique transparent\"}]},{\"@type\":\"WebSite\",\"@id\":\"https:\\\/\\\/www.loopkinglaces.com\\\/fr\\\/#website\",\"url\":\"https:\\\/\\\/www.loopkinglaces.com\\\/fr\\\/\",\"name\":\"Luxury Gold Tip Shoelaces by Loop King Laces\",\"description\":\"Rope Laces, Flat Waxed Laces and Leather Laces. All With Gold Tips.\",\"publisher\":{\"@id\":\"https:\\\/\\\/www.loopkinglaces.com\\\/fr\\\/#organization\"},\"potentialAction\":[{\"@type\":\"SearchAction\",\"target\":{\"@type\":\"EntryPoint\",\"urlTemplate\":\"https:\\\/\\\/www.loopkinglaces.com\\\/fr\\\/?s={search_term_string}\"},\"query-input\":{\"@type\":\"PropertyValueSpecification\",\"valueRequired\":true,\"valueName\":\"search_term_string\"}}],\"inLanguage\":\"fr-FR\"},{\"@type\":\"Organization\",\"@id\":\"https:\\\/\\\/www.loopkinglaces.com\\\/fr\\\/#organization\",\"name\":\"Loop King Laces\",\"url\":\"https:\\\/\\\/www.loopkinglaces.com\\\/fr\\\/\",\"logo\":{\"@type\":\"ImageObject\",\"inLanguage\":\"fr-FR\",\"@id\":\"https:\\\/\\\/www.loopkinglaces.com\\\/fr\\\/#\\\/schema\\\/logo\\\/image\\\/\",\"url\":\"https:\\\/\\\/www.loopkinglaces.com\\\/wp-content\\\/uploads\\\/LOOP-KING-LACES.1.1-01-LOGO-HI-RES-OFFICIAL-1.png\",\"contentUrl\":\"https:\\\/\\\/www.loopkinglaces.com\\\/wp-content\\\/uploads\\\/LOOP-KING-LACES.1.1-01-LOGO-HI-RES-OFFICIAL-1.png\",\"width\":128,\"height\":91,\"caption\":\"Loop King Laces\"},\"image\":{\"@id\":\"https:\\\/\\\/www.loopkinglaces.com\\\/fr\\\/#\\\/schema\\\/logo\\\/image\\\/\"},\"sameAs\":[\"https:\\\/\\\/www.facebook.com\\\/LoopKingLaces\\\/\",\"https:\\\/\\\/x.com\\\/loopkinglaces\",\"https:\\\/\\\/www.instagram.com\\\/loopkinglaces\\\/\"]}]}<\/script>\n<!-- \/ Yoast SEO plugin. -->","yoast_head_json":{"title":"Lacets en ciment gris noir pour \u00e9l\u00e9phants avec embouts en plastique transparent","description":"Am\u00e9liore la mode de tes chaussures sans effort ! Nos lacets en ciment gris noir \u00e9l\u00e9phant avec embouts en plastique transparent sont con\u00e7us pour faire ressortir n'importe quelle silhouette de baskets.","robots":{"index":"index","follow":"follow","max-snippet":"max-snippet:-1","max-image-preview":"max-image-preview:large","max-video-preview":"max-video-preview:-1"},"canonical":"https:\/\/www.loopkinglaces.com\/fr\/products\/lacets-en-ciment-gris-noir-pour-elephants-avec-embouts-en-plastique-transparent\/","og_locale":"fr_FR","og_type":"article","og_title":"Lacets en ciment gris noir pour \u00e9l\u00e9phants avec embouts en plastique transparent","og_description":"Am\u00e9liore la mode de tes chaussures sans effort ! Nos lacets en ciment gris noir \u00e9l\u00e9phant avec embouts en plastique transparent sont con\u00e7us pour faire ressortir n'importe quelle silhouette de baskets.","og_url":"https:\/\/www.loopkinglaces.com\/fr\/products\/lacets-en-ciment-gris-noir-pour-elephants-avec-embouts-en-plastique-transparent\/","og_site_name":"Luxury Gold Tip Shoelaces by Loop King Laces","article_publisher":"https:\/\/www.facebook.com\/LoopKingLaces\/","og_image":[{"width":2560,"height":2560,"url":"https:\/\/www.loopkinglaces.com\/wp-content\/uploads\/Elephant-Grey-Cement-with-Clear-Tips-scaled.jpg","type":"image\/jpeg"}],"twitter_card":"summary_large_image","twitter_site":"@loopkinglaces","twitter_misc":{"Dur\u00e9e de lecture estim\u00e9e":"1 minute"},"schema":{"@context":"https:\/\/schema.org","@graph":[{"@type":["WebPage","ItemPage"],"@id":"https:\/\/www.loopkinglaces.com\/fr\/products\/lacets-en-ciment-gris-noir-pour-elephants-avec-embouts-en-plastique-transparent\/","url":"https:\/\/www.loopkinglaces.com\/fr\/products\/lacets-en-ciment-gris-noir-pour-elephants-avec-embouts-en-plastique-transparent\/","name":"Lacets en ciment gris noir pour \u00e9l\u00e9phants avec embouts en plastique transparent","isPartOf":{"@id":"https:\/\/www.loopkinglaces.com\/fr\/#website"},"primaryImageOfPage":{"@id":"https:\/\/www.loopkinglaces.com\/fr\/products\/lacets-en-ciment-gris-noir-pour-elephants-avec-embouts-en-plastique-transparent\/#primaryimage"},"image":{"@id":"https:\/\/www.loopkinglaces.com\/fr\/products\/lacets-en-ciment-gris-noir-pour-elephants-avec-embouts-en-plastique-transparent\/#primaryimage"},"thumbnailUrl":"https:\/\/www.loopkinglaces.com\/wp-content\/uploads\/Elephant-Grey-Cement-with-Clear-Tips-scaled.jpg","datePublished":"2023-11-01T18:07:59+00:00","description":"Am\u00e9liore la mode de tes chaussures sans effort ! Nos lacets en ciment gris noir \u00e9l\u00e9phant avec embouts en plastique transparent sont con\u00e7us pour faire ressortir n'importe quelle silhouette de baskets.","breadcrumb":{"@id":"https:\/\/www.loopkinglaces.com\/fr\/products\/lacets-en-ciment-gris-noir-pour-elephants-avec-embouts-en-plastique-transparent\/#breadcrumb"},"inLanguage":"fr-FR","potentialAction":[{"@type":"ReadAction","target":["https:\/\/www.loopkinglaces.com\/fr\/products\/lacets-en-ciment-gris-noir-pour-elephants-avec-embouts-en-plastique-transparent\/"]}]},{"@type":"ImageObject","inLanguage":"fr-FR","@id":"https:\/\/www.loopkinglaces.com\/fr\/products\/lacets-en-ciment-gris-noir-pour-elephants-avec-embouts-en-plastique-transparent\/#primaryimage","url":"https:\/\/www.loopkinglaces.com\/wp-content\/uploads\/Elephant-Grey-Cement-with-Clear-Tips-scaled.jpg","contentUrl":"https:\/\/www.loopkinglaces.com\/wp-content\/uploads\/Elephant-Grey-Cement-with-Clear-Tips-scaled.jpg","width":2560,"height":2560},{"@type":"BreadcrumbList","@id":"https:\/\/www.loopkinglaces.com\/fr\/products\/lacets-en-ciment-gris-noir-pour-elephants-avec-embouts-en-plastique-transparent\/#breadcrumb","itemListElement":[{"@type":"ListItem","position":1,"name":"Home","item":"https:\/\/www.loopkinglaces.com\/fr\/"},{"@type":"ListItem","position":2,"name":"ACHETER DES LACES","item":"https:\/\/www.loopkinglaces.com\/fr\/acheter-des-laces\/"},{"@type":"ListItem","position":3,"name":"Lacets en ciment gris noir pour \u00e9l\u00e9phants avec embouts en plastique transparent"}]},{"@type":"WebSite","@id":"https:\/\/www.loopkinglaces.com\/fr\/#website","url":"https:\/\/www.loopkinglaces.com\/fr\/","name":"Luxury Gold Tip Shoelaces by Loop King Laces","description":"Rope Laces, Flat Waxed Laces and Leather Laces. All With Gold Tips.","publisher":{"@id":"https:\/\/www.loopkinglaces.com\/fr\/#organization"},"potentialAction":[{"@type":"SearchAction","target":{"@type":"EntryPoint","urlTemplate":"https:\/\/www.loopkinglaces.com\/fr\/?s={search_term_string}"},"query-input":{"@type":"PropertyValueSpecification","valueRequired":true,"valueName":"search_term_string"}}],"inLanguage":"fr-FR"},{"@type":"Organization","@id":"https:\/\/www.loopkinglaces.com\/fr\/#organization","name":"Loop King Laces","url":"https:\/\/www.loopkinglaces.com\/fr\/","logo":{"@type":"ImageObject","inLanguage":"fr-FR","@id":"https:\/\/www.loopkinglaces.com\/fr\/#\/schema\/logo\/image\/","url":"https:\/\/www.loopkinglaces.com\/wp-content\/uploads\/LOOP-KING-LACES.1.1-01-LOGO-HI-RES-OFFICIAL-1.png","contentUrl":"https:\/\/www.loopkinglaces.com\/wp-content\/uploads\/LOOP-KING-LACES.1.1-01-LOGO-HI-RES-OFFICIAL-1.png","width":128,"height":91,"caption":"Loop King Laces"},"image":{"@id":"https:\/\/www.loopkinglaces.com\/fr\/#\/schema\/logo\/image\/"},"sameAs":["https:\/\/www.facebook.com\/LoopKingLaces\/","https:\/\/x.com\/loopkinglaces","https:\/\/www.instagram.com\/loopkinglaces\/"]}]}},"_links":{"self":[{"href":"https:\/\/www.loopkinglaces.com\/fr\/wp-json\/wp\/v2\/product\/69761","targetHints":{"allow":["GET"]}}],"collection":[{"href":"https:\/\/www.loopkinglaces.com\/fr\/wp-json\/wp\/v2\/product"}],"about":[{"href":"https:\/\/www.loopkinglaces.com\/fr\/wp-json\/wp\/v2\/types\/product"}],"replies":[{"embeddable":true,"href":"https:\/\/www.loopkinglaces.com\/fr\/wp-json\/wp\/v2\/comments?post=69761"}],"wp:featuredmedia":[{"embeddable":true,"href":"https:\/\/www.loopkinglaces.com\/fr\/wp-json\/wp\/v2\/media\/69772"}],"wp:attachment":[{"href":"https:\/\/www.loopkinglaces.com\/fr\/wp-json\/wp\/v2\/media?parent=69761"}],"wp:term":[{"taxonomy":"product_brand","embeddable":true,"href":"https:\/\/www.loopkinglaces.com\/fr\/wp-json\/wp\/v2\/product_brand?post=69761"},{"taxonomy":"product_cat","embeddable":true,"href":"https:\/\/www.loopkinglaces.com\/fr\/wp-json\/wp\/v2\/product_cat?post=69761"},{"taxonomy":"product_tag","embeddable":true,"href":"https:\/\/www.loopkinglaces.com\/fr\/wp-json\/wp\/v2\/product_tag?post=69761"},{"taxonomy":"woo-feed-brand","embeddable":true,"href":"https:\/\/www.loopkinglaces.com\/fr\/wp-json\/wp\/v2\/woo-feed-brand?post=69761"}],"curies":[{"name":"wp","href":"https:\/\/api.w.org\/{rel}","templated":true}]}}