{"id":69552,"date":"2023-11-01T17:01:59","date_gmt":"2023-11-01T17:01:59","guid":{"rendered":"https:\/\/www.loopkinglaces.com\/products\/lacets-de-chaussures-avec-agrafes-dorees-et-strass-de-champagne\/"},"modified":"2023-11-01T17:01:59","modified_gmt":"2023-11-01T17:01:59","slug":"lacets-de-chaussures-avec-agrafes-dorees-et-strass-de-champagne","status":"publish","type":"product","link":"https:\/\/www.loopkinglaces.com\/fr\/products\/lacets-de-chaussures-avec-agrafes-dorees-et-strass-de-champagne\/","title":{"rendered":"Lacets de chaussures avec agrafes dor\u00e9es et strass de Champagne"},"content":{"rendered":"<h3><a href=\"https:\/\/www.loopkinglaces.com\/\">Lacets de luxe pour baskets<\/a><\/h3>\n<p>  Orne tes chaussures avec la splendeur de nos lacets de chaussure en corde de champagne avec strass et aiguilles d&#8217;or, chaque lacet \u00e9tant orn\u00e9 d&#8217;aiguilles d&#8217;or magnifiquement gaufr\u00e9es.<br \/>\nL&#8217;artisanat est la cl\u00e9 de nos lacets de chaussures de luxe, chacun \u00e9tant fabriqu\u00e9 \u00e0 partir des mat\u00e9riaux les plus fins et orn\u00e9 d&#8217;embouts m\u00e9talliques de qualit\u00e9 sup\u00e9rieure.<br \/>\nLa robustesse de nos lacets en corde est in\u00e9gal\u00e9e, offrant une long\u00e9vit\u00e9 trois fois sup\u00e9rieure \u00e0 celle des lacets de chaussure typiques.<br \/>\nNos lacets s&#8217;adaptent \u00e0 tous les diff\u00e9rents types de baskets et de marques, notamment Adidas, Nike, VANS et ainsi de suite, visite notre <a href=\"\/shoelace-size-chart\/\">guide des tailles<\/a> o\u00f9 tu pourras trouver la taille de lacets parfaite pour tes chaussures.   <\/p>\n","protected":false},"excerpt":{"rendered":"<p>Transforme tes chaussures avec nos exquis lacets de chaussure en corde de champagne avec strass et aglets dor\u00e9s, orn\u00e9s d&#8217;aglets dor\u00e9s emboss\u00e9s de fa\u00e7on complexe.<br \/>\nLa construction de nos lacets de chaussures de luxe est in\u00e9gal\u00e9e, incorporant des mat\u00e9riaux de haute qualit\u00e9 et les pointes m\u00e9talliques les plus raffin\u00e9es pour une finition exceptionnelle.<br \/>\nNos lacets en corde durables sont cr\u00e9\u00e9s pour \u00eatre trois fois plus r\u00e9sistants que les lacets ordinaires.<br \/>\nPlonge-toi dans les caract\u00e9ristiques compl\u00e8tes \u00e9num\u00e9r\u00e9es ci-dessous :     <\/p>\n<ul>\n<li style=\"font-weight: 400;\" aria-level=\"1\"><span style=\"font-weight: 400;\">Corde de premi\u00e8re qualit\u00e9<\/span><\/li>\n<li style=\"font-weight: 400;\" aria-level=\"1\"><span style=\"font-weight: 400;\">Dur\u00e9e de vie 3 fois plus longue que les lacets ordinaires<\/span><\/li>\n<li style=\"font-weight: 400;\" aria-level=\"1\"><span style=\"font-weight: 400;\">Aglette d&#8217;or du roi des boucles<\/span><\/li>\n<li style=\"font-weight: 400;\" aria-level=\"1\"><span style=\"font-weight: 400;\">Un bel emballage<\/span><\/li>\n<\/ul>\n","protected":false},"featured_media":69569,"comment_status":"open","ping_status":"closed","template":"","meta":{"_acf_changed":false},"product_brand":[],"product_cat":[1652,1185,1058,1353,1245,1712,1659,1560,1077,947],"product_tag":[],"woo-feed-brand":[],"class_list":{"0":"post-69552","1":"product","2":"type-product","3":"status-publish","4":"has-post-thumbnail","6":"product_cat-comment-lacer-la-air-max-97-guide-des-tailles-et-options-de-lacet","7":"product_cat-lacets-a-pointe-dor","8":"product_cat-lacets-adidas-pour-ultraboost-superior-laces","9":"product_cat-lacets-colores-a-la-mode-pour-chaussures-de-sport","10":"product_cat-lacets-de-80-pouces-le-secret-des-pas-elegants","11":"product_cat-lacets-en-tricot-nike-fly","12":"product_cat-lacets-footjoy-de-niveau-elite-qui-ameliorent-ton-jeu","13":"product_cat-lacets-kandi-lultime-coup-declat-stylistique","14":"product_cat-luxueux-lacets-de-chaussures-en-strass-qui-ajouteront-beaucoup-de-style-a-tes-chaussures","15":"product_cat-tous-les-lacets","17":"first","18":"instock","19":"taxable","20":"shipping-taxable","21":"purchasable","22":"product-type-variable"},"acf":[],"yoast_head":"<!-- This site is optimized with the Yoast SEO plugin v27.5 - https:\/\/yoast.com\/product\/yoast-seo-wordpress\/ -->\n<title>Lacets de chaussures avec agrafes dor\u00e9es et strass de Champagne<\/title>\n<meta name=\"description\" content=\"D\u00e9couvre le summum du luxe en mati\u00e8re de lacets avec nos lacets de chaussure en corde de champagne avec strass et aglets dor\u00e9s, chacun orn\u00e9 d&#039;une pointe dor\u00e9e saisissante. Acheter maintenant !\" \/>\n<meta name=\"robots\" content=\"index, follow, max-snippet:-1, max-image-preview:large, max-video-preview:-1\" \/>\n<link rel=\"canonical\" href=\"https:\/\/www.loopkinglaces.com\/fr\/products\/lacets-de-chaussures-avec-agrafes-dorees-et-strass-de-champagne\/\" \/>\n<meta property=\"og:locale\" content=\"fr_FR\" \/>\n<meta property=\"og:type\" content=\"article\" \/>\n<meta property=\"og:title\" content=\"Lacets de chaussures avec agrafes dor\u00e9es et strass de Champagne\" \/>\n<meta property=\"og:description\" content=\"D\u00e9couvre le summum du luxe en mati\u00e8re de lacets avec nos lacets de chaussure en corde de champagne avec strass et aglets dor\u00e9s, chacun orn\u00e9 d&#039;une pointe dor\u00e9e saisissante. Acheter maintenant !\" \/>\n<meta property=\"og:url\" content=\"https:\/\/www.loopkinglaces.com\/fr\/products\/lacets-de-chaussures-avec-agrafes-dorees-et-strass-de-champagne\/\" \/>\n<meta property=\"og:site_name\" content=\"Luxury Gold Tip Shoelaces by Loop King Laces\" \/>\n<meta property=\"article:publisher\" content=\"https:\/\/www.facebook.com\/LoopKingLaces\/\" \/>\n<meta property=\"og:image\" content=\"https:\/\/www.loopkinglaces.com\/wp-content\/uploads\/RODIACH-scaled.jpg\" \/>\n\t<meta property=\"og:image:width\" content=\"2560\" \/>\n\t<meta property=\"og:image:height\" content=\"2560\" \/>\n\t<meta property=\"og:image:type\" content=\"image\/jpeg\" \/>\n<meta name=\"twitter:card\" content=\"summary_large_image\" \/>\n<meta name=\"twitter:site\" content=\"@loopkinglaces\" \/>\n<meta name=\"twitter:label1\" content=\"Dur\u00e9e de lecture estim\u00e9e\" \/>\n\t<meta name=\"twitter:data1\" content=\"1 minute\" \/>\n<script type=\"application\/ld+json\" class=\"yoast-schema-graph\">{\"@context\":\"https:\\\/\\\/schema.org\",\"@graph\":[{\"@type\":[\"WebPage\",\"ItemPage\"],\"@id\":\"https:\\\/\\\/www.loopkinglaces.com\\\/fr\\\/products\\\/lacets-de-chaussures-avec-agrafes-dorees-et-strass-de-champagne\\\/\",\"url\":\"https:\\\/\\\/www.loopkinglaces.com\\\/fr\\\/products\\\/lacets-de-chaussures-avec-agrafes-dorees-et-strass-de-champagne\\\/\",\"name\":\"Lacets de chaussures avec agrafes dor\u00e9es et strass de Champagne\",\"isPartOf\":{\"@id\":\"https:\\\/\\\/www.loopkinglaces.com\\\/fr\\\/#website\"},\"primaryImageOfPage\":{\"@id\":\"https:\\\/\\\/www.loopkinglaces.com\\\/fr\\\/products\\\/lacets-de-chaussures-avec-agrafes-dorees-et-strass-de-champagne\\\/#primaryimage\"},\"image\":{\"@id\":\"https:\\\/\\\/www.loopkinglaces.com\\\/fr\\\/products\\\/lacets-de-chaussures-avec-agrafes-dorees-et-strass-de-champagne\\\/#primaryimage\"},\"thumbnailUrl\":\"https:\\\/\\\/www.loopkinglaces.com\\\/wp-content\\\/uploads\\\/RODIACH-scaled.jpg\",\"datePublished\":\"2023-11-01T17:01:59+00:00\",\"description\":\"D\u00e9couvre le summum du luxe en mati\u00e8re de lacets avec nos lacets de chaussure en corde de champagne avec strass et aglets dor\u00e9s, chacun orn\u00e9 d'une pointe dor\u00e9e saisissante. Acheter maintenant !\",\"breadcrumb\":{\"@id\":\"https:\\\/\\\/www.loopkinglaces.com\\\/fr\\\/products\\\/lacets-de-chaussures-avec-agrafes-dorees-et-strass-de-champagne\\\/#breadcrumb\"},\"inLanguage\":\"fr-FR\",\"potentialAction\":[{\"@type\":\"ReadAction\",\"target\":[\"https:\\\/\\\/www.loopkinglaces.com\\\/fr\\\/products\\\/lacets-de-chaussures-avec-agrafes-dorees-et-strass-de-champagne\\\/\"]}]},{\"@type\":\"ImageObject\",\"inLanguage\":\"fr-FR\",\"@id\":\"https:\\\/\\\/www.loopkinglaces.com\\\/fr\\\/products\\\/lacets-de-chaussures-avec-agrafes-dorees-et-strass-de-champagne\\\/#primaryimage\",\"url\":\"https:\\\/\\\/www.loopkinglaces.com\\\/wp-content\\\/uploads\\\/RODIACH-scaled.jpg\",\"contentUrl\":\"https:\\\/\\\/www.loopkinglaces.com\\\/wp-content\\\/uploads\\\/RODIACH-scaled.jpg\",\"width\":2560,\"height\":2560},{\"@type\":\"BreadcrumbList\",\"@id\":\"https:\\\/\\\/www.loopkinglaces.com\\\/fr\\\/products\\\/lacets-de-chaussures-avec-agrafes-dorees-et-strass-de-champagne\\\/#breadcrumb\",\"itemListElement\":[{\"@type\":\"ListItem\",\"position\":1,\"name\":\"Home\",\"item\":\"https:\\\/\\\/www.loopkinglaces.com\\\/fr\\\/\"},{\"@type\":\"ListItem\",\"position\":2,\"name\":\"ACHETER DES LACES\",\"item\":\"https:\\\/\\\/www.loopkinglaces.com\\\/fr\\\/acheter-des-laces\\\/\"},{\"@type\":\"ListItem\",\"position\":3,\"name\":\"Lacets de chaussures avec agrafes dor\u00e9es et strass de Champagne\"}]},{\"@type\":\"WebSite\",\"@id\":\"https:\\\/\\\/www.loopkinglaces.com\\\/fr\\\/#website\",\"url\":\"https:\\\/\\\/www.loopkinglaces.com\\\/fr\\\/\",\"name\":\"Luxury Gold Tip Shoelaces by Loop King Laces\",\"description\":\"Rope Laces, Flat Waxed Laces and Leather Laces. All With Gold Tips.\",\"publisher\":{\"@id\":\"https:\\\/\\\/www.loopkinglaces.com\\\/fr\\\/#organization\"},\"potentialAction\":[{\"@type\":\"SearchAction\",\"target\":{\"@type\":\"EntryPoint\",\"urlTemplate\":\"https:\\\/\\\/www.loopkinglaces.com\\\/fr\\\/?s={search_term_string}\"},\"query-input\":{\"@type\":\"PropertyValueSpecification\",\"valueRequired\":true,\"valueName\":\"search_term_string\"}}],\"inLanguage\":\"fr-FR\"},{\"@type\":\"Organization\",\"@id\":\"https:\\\/\\\/www.loopkinglaces.com\\\/fr\\\/#organization\",\"name\":\"Loop King Laces\",\"url\":\"https:\\\/\\\/www.loopkinglaces.com\\\/fr\\\/\",\"logo\":{\"@type\":\"ImageObject\",\"inLanguage\":\"fr-FR\",\"@id\":\"https:\\\/\\\/www.loopkinglaces.com\\\/fr\\\/#\\\/schema\\\/logo\\\/image\\\/\",\"url\":\"https:\\\/\\\/www.loopkinglaces.com\\\/wp-content\\\/uploads\\\/LOOP-KING-LACES.1.1-01-LOGO-HI-RES-OFFICIAL-1.png\",\"contentUrl\":\"https:\\\/\\\/www.loopkinglaces.com\\\/wp-content\\\/uploads\\\/LOOP-KING-LACES.1.1-01-LOGO-HI-RES-OFFICIAL-1.png\",\"width\":128,\"height\":91,\"caption\":\"Loop King Laces\"},\"image\":{\"@id\":\"https:\\\/\\\/www.loopkinglaces.com\\\/fr\\\/#\\\/schema\\\/logo\\\/image\\\/\"},\"sameAs\":[\"https:\\\/\\\/www.facebook.com\\\/LoopKingLaces\\\/\",\"https:\\\/\\\/x.com\\\/loopkinglaces\",\"https:\\\/\\\/www.instagram.com\\\/loopkinglaces\\\/\"]}]}<\/script>\n<!-- \/ Yoast SEO plugin. -->","yoast_head_json":{"title":"Lacets de chaussures avec agrafes dor\u00e9es et strass de Champagne","description":"D\u00e9couvre le summum du luxe en mati\u00e8re de lacets avec nos lacets de chaussure en corde de champagne avec strass et aglets dor\u00e9s, chacun orn\u00e9 d'une pointe dor\u00e9e saisissante. Acheter maintenant !","robots":{"index":"index","follow":"follow","max-snippet":"max-snippet:-1","max-image-preview":"max-image-preview:large","max-video-preview":"max-video-preview:-1"},"canonical":"https:\/\/www.loopkinglaces.com\/fr\/products\/lacets-de-chaussures-avec-agrafes-dorees-et-strass-de-champagne\/","og_locale":"fr_FR","og_type":"article","og_title":"Lacets de chaussures avec agrafes dor\u00e9es et strass de Champagne","og_description":"D\u00e9couvre le summum du luxe en mati\u00e8re de lacets avec nos lacets de chaussure en corde de champagne avec strass et aglets dor\u00e9s, chacun orn\u00e9 d'une pointe dor\u00e9e saisissante. Acheter maintenant !","og_url":"https:\/\/www.loopkinglaces.com\/fr\/products\/lacets-de-chaussures-avec-agrafes-dorees-et-strass-de-champagne\/","og_site_name":"Luxury Gold Tip Shoelaces by Loop King Laces","article_publisher":"https:\/\/www.facebook.com\/LoopKingLaces\/","og_image":[{"width":2560,"height":2560,"url":"https:\/\/www.loopkinglaces.com\/wp-content\/uploads\/RODIACH-scaled.jpg","type":"image\/jpeg"}],"twitter_card":"summary_large_image","twitter_site":"@loopkinglaces","twitter_misc":{"Dur\u00e9e de lecture estim\u00e9e":"1 minute"},"schema":{"@context":"https:\/\/schema.org","@graph":[{"@type":["WebPage","ItemPage"],"@id":"https:\/\/www.loopkinglaces.com\/fr\/products\/lacets-de-chaussures-avec-agrafes-dorees-et-strass-de-champagne\/","url":"https:\/\/www.loopkinglaces.com\/fr\/products\/lacets-de-chaussures-avec-agrafes-dorees-et-strass-de-champagne\/","name":"Lacets de chaussures avec agrafes dor\u00e9es et strass de Champagne","isPartOf":{"@id":"https:\/\/www.loopkinglaces.com\/fr\/#website"},"primaryImageOfPage":{"@id":"https:\/\/www.loopkinglaces.com\/fr\/products\/lacets-de-chaussures-avec-agrafes-dorees-et-strass-de-champagne\/#primaryimage"},"image":{"@id":"https:\/\/www.loopkinglaces.com\/fr\/products\/lacets-de-chaussures-avec-agrafes-dorees-et-strass-de-champagne\/#primaryimage"},"thumbnailUrl":"https:\/\/www.loopkinglaces.com\/wp-content\/uploads\/RODIACH-scaled.jpg","datePublished":"2023-11-01T17:01:59+00:00","description":"D\u00e9couvre le summum du luxe en mati\u00e8re de lacets avec nos lacets de chaussure en corde de champagne avec strass et aglets dor\u00e9s, chacun orn\u00e9 d'une pointe dor\u00e9e saisissante. Acheter maintenant !","breadcrumb":{"@id":"https:\/\/www.loopkinglaces.com\/fr\/products\/lacets-de-chaussures-avec-agrafes-dorees-et-strass-de-champagne\/#breadcrumb"},"inLanguage":"fr-FR","potentialAction":[{"@type":"ReadAction","target":["https:\/\/www.loopkinglaces.com\/fr\/products\/lacets-de-chaussures-avec-agrafes-dorees-et-strass-de-champagne\/"]}]},{"@type":"ImageObject","inLanguage":"fr-FR","@id":"https:\/\/www.loopkinglaces.com\/fr\/products\/lacets-de-chaussures-avec-agrafes-dorees-et-strass-de-champagne\/#primaryimage","url":"https:\/\/www.loopkinglaces.com\/wp-content\/uploads\/RODIACH-scaled.jpg","contentUrl":"https:\/\/www.loopkinglaces.com\/wp-content\/uploads\/RODIACH-scaled.jpg","width":2560,"height":2560},{"@type":"BreadcrumbList","@id":"https:\/\/www.loopkinglaces.com\/fr\/products\/lacets-de-chaussures-avec-agrafes-dorees-et-strass-de-champagne\/#breadcrumb","itemListElement":[{"@type":"ListItem","position":1,"name":"Home","item":"https:\/\/www.loopkinglaces.com\/fr\/"},{"@type":"ListItem","position":2,"name":"ACHETER DES LACES","item":"https:\/\/www.loopkinglaces.com\/fr\/acheter-des-laces\/"},{"@type":"ListItem","position":3,"name":"Lacets de chaussures avec agrafes dor\u00e9es et strass de Champagne"}]},{"@type":"WebSite","@id":"https:\/\/www.loopkinglaces.com\/fr\/#website","url":"https:\/\/www.loopkinglaces.com\/fr\/","name":"Luxury Gold Tip Shoelaces by Loop King Laces","description":"Rope Laces, Flat Waxed Laces and Leather Laces. All With Gold Tips.","publisher":{"@id":"https:\/\/www.loopkinglaces.com\/fr\/#organization"},"potentialAction":[{"@type":"SearchAction","target":{"@type":"EntryPoint","urlTemplate":"https:\/\/www.loopkinglaces.com\/fr\/?s={search_term_string}"},"query-input":{"@type":"PropertyValueSpecification","valueRequired":true,"valueName":"search_term_string"}}],"inLanguage":"fr-FR"},{"@type":"Organization","@id":"https:\/\/www.loopkinglaces.com\/fr\/#organization","name":"Loop King Laces","url":"https:\/\/www.loopkinglaces.com\/fr\/","logo":{"@type":"ImageObject","inLanguage":"fr-FR","@id":"https:\/\/www.loopkinglaces.com\/fr\/#\/schema\/logo\/image\/","url":"https:\/\/www.loopkinglaces.com\/wp-content\/uploads\/LOOP-KING-LACES.1.1-01-LOGO-HI-RES-OFFICIAL-1.png","contentUrl":"https:\/\/www.loopkinglaces.com\/wp-content\/uploads\/LOOP-KING-LACES.1.1-01-LOGO-HI-RES-OFFICIAL-1.png","width":128,"height":91,"caption":"Loop King Laces"},"image":{"@id":"https:\/\/www.loopkinglaces.com\/fr\/#\/schema\/logo\/image\/"},"sameAs":["https:\/\/www.facebook.com\/LoopKingLaces\/","https:\/\/x.com\/loopkinglaces","https:\/\/www.instagram.com\/loopkinglaces\/"]}]}},"_links":{"self":[{"href":"https:\/\/www.loopkinglaces.com\/fr\/wp-json\/wp\/v2\/product\/69552","targetHints":{"allow":["GET"]}}],"collection":[{"href":"https:\/\/www.loopkinglaces.com\/fr\/wp-json\/wp\/v2\/product"}],"about":[{"href":"https:\/\/www.loopkinglaces.com\/fr\/wp-json\/wp\/v2\/types\/product"}],"replies":[{"embeddable":true,"href":"https:\/\/www.loopkinglaces.com\/fr\/wp-json\/wp\/v2\/comments?post=69552"}],"wp:featuredmedia":[{"embeddable":true,"href":"https:\/\/www.loopkinglaces.com\/fr\/wp-json\/wp\/v2\/media\/69569"}],"wp:attachment":[{"href":"https:\/\/www.loopkinglaces.com\/fr\/wp-json\/wp\/v2\/media?parent=69552"}],"wp:term":[{"taxonomy":"product_brand","embeddable":true,"href":"https:\/\/www.loopkinglaces.com\/fr\/wp-json\/wp\/v2\/product_brand?post=69552"},{"taxonomy":"product_cat","embeddable":true,"href":"https:\/\/www.loopkinglaces.com\/fr\/wp-json\/wp\/v2\/product_cat?post=69552"},{"taxonomy":"product_tag","embeddable":true,"href":"https:\/\/www.loopkinglaces.com\/fr\/wp-json\/wp\/v2\/product_tag?post=69552"},{"taxonomy":"woo-feed-brand","embeddable":true,"href":"https:\/\/www.loopkinglaces.com\/fr\/wp-json\/wp\/v2\/woo-feed-brand?post=69552"}],"curies":[{"name":"wp","href":"https:\/\/api.w.org\/{rel}","templated":true}]}}