{"id":69509,"date":"2023-09-14T14:52:19","date_gmt":"2023-09-14T14:52:19","guid":{"rendered":"https:\/\/www.loopkinglaces.com\/products\/autocollant-du-logo-de-loop-king-laces\/"},"modified":"2023-09-14T14:52:19","modified_gmt":"2023-09-14T14:52:19","slug":"autocollant-du-logo-de-loop-king-laces","status":"publish","type":"product","link":"https:\/\/www.loopkinglaces.com\/fr\/products\/autocollant-du-logo-de-loop-king-laces\/","title":{"rendered":"Autocollant du logo de Loop King Laces"},"content":{"rendered":"<p>Affiche ta passion pour les baskets avec l&#8217;autocollant Loop King Laces Logo !<br \/>\nParfait pour les ordinateurs portables, les bouteilles d&#8217;eau ou les carnets, cet autocollant ajoute une touche \u00e9l\u00e9gante d&#8217;amour des baskets o\u00f9 que tu le places. <\/p>\n","protected":false},"excerpt":{"rendered":"<p>Rehausse tes accessoires avec la signature de Loop King Laces !<br \/>\nNotre logo autocollant est un clin d&#8217;\u0153il branch\u00e9 aux amateurs de baskets, pr\u00eat \u00e0 se coller et \u00e0 s&#8217;imposer sur n&#8217;importe quelle surface. <\/p>\n","protected":false},"featured_media":54492,"comment_status":"closed","ping_status":"closed","template":"","meta":{"_acf_changed":false},"product_brand":[],"product_cat":[1434],"product_tag":[],"woo-feed-brand":[],"class_list":{"0":"post-69509","1":"product","2":"type-product","3":"status-publish","4":"has-post-thumbnail","6":"product_cat-non-classe","8":"first","9":"instock","10":"taxable","11":"shipping-taxable","12":"purchasable","13":"product-type-simple"},"acf":[],"yoast_head":"<!-- This site is optimized with the Yoast SEO plugin v27.4 - https:\/\/yoast.com\/product\/yoast-seo-wordpress\/ -->\n<title>Mystery Laces - Lacets de luxe et de premi\u00e8re qualit\u00e9 par Loop King<\/title>\n<meta name=\"description\" content=\"\u00c9l\u00e8ve tes accessoires avec la signature de Loop King ! Notre logo autocollant est un clin d&#039;\u0153il branch\u00e9 aux amateurs de baskets pour se faire remarquer sur n&#039;importe quelle surface.\" \/>\n<meta name=\"robots\" content=\"index, follow, max-snippet:-1, max-image-preview:large, max-video-preview:-1\" \/>\n<link rel=\"canonical\" href=\"https:\/\/www.loopkinglaces.com\/fr\/products\/autocollant-du-logo-de-loop-king-laces\/\" \/>\n<meta property=\"og:locale\" content=\"fr_FR\" \/>\n<meta property=\"og:type\" content=\"article\" \/>\n<meta property=\"og:title\" content=\"Mystery Laces - Lacets de luxe et de premi\u00e8re qualit\u00e9 par Loop King\" \/>\n<meta property=\"og:description\" content=\"\u00c9l\u00e8ve tes accessoires avec la signature de Loop King ! Notre logo autocollant est un clin d&#039;\u0153il branch\u00e9 aux amateurs de baskets pour se faire remarquer sur n&#039;importe quelle surface.\" \/>\n<meta property=\"og:url\" content=\"https:\/\/www.loopkinglaces.com\/fr\/products\/autocollant-du-logo-de-loop-king-laces\/\" \/>\n<meta property=\"og:site_name\" content=\"Luxury Gold Tip Shoelaces by Loop King Laces\" \/>\n<meta property=\"article:publisher\" content=\"https:\/\/www.facebook.com\/LoopKingLaces\/\" \/>\n<meta property=\"og:image\" content=\"https:\/\/www.loopkinglaces.com\/wp-content\/uploads\/Loop-King-Laces-Sticker.png\" \/>\n\t<meta property=\"og:image:width\" content=\"795\" \/>\n\t<meta property=\"og:image:height\" content=\"798\" \/>\n\t<meta property=\"og:image:type\" content=\"image\/png\" \/>\n<meta name=\"twitter:card\" content=\"summary_large_image\" \/>\n<meta name=\"twitter:site\" content=\"@loopkinglaces\" \/>\n<script type=\"application\/ld+json\" class=\"yoast-schema-graph\">{\"@context\":\"https:\\\/\\\/schema.org\",\"@graph\":[{\"@type\":[\"WebPage\",\"ItemPage\"],\"@id\":\"https:\\\/\\\/www.loopkinglaces.com\\\/fr\\\/products\\\/autocollant-du-logo-de-loop-king-laces\\\/\",\"url\":\"https:\\\/\\\/www.loopkinglaces.com\\\/fr\\\/products\\\/autocollant-du-logo-de-loop-king-laces\\\/\",\"name\":\"Mystery Laces - Lacets de luxe et de premi\u00e8re qualit\u00e9 par Loop King\",\"isPartOf\":{\"@id\":\"https:\\\/\\\/www.loopkinglaces.com\\\/fr\\\/#website\"},\"primaryImageOfPage\":{\"@id\":\"https:\\\/\\\/www.loopkinglaces.com\\\/fr\\\/products\\\/autocollant-du-logo-de-loop-king-laces\\\/#primaryimage\"},\"image\":{\"@id\":\"https:\\\/\\\/www.loopkinglaces.com\\\/fr\\\/products\\\/autocollant-du-logo-de-loop-king-laces\\\/#primaryimage\"},\"thumbnailUrl\":\"https:\\\/\\\/www.loopkinglaces.com\\\/wp-content\\\/uploads\\\/Loop-King-Laces-Sticker.png\",\"datePublished\":\"2023-09-14T14:52:19+00:00\",\"description\":\"\u00c9l\u00e8ve tes accessoires avec la signature de Loop King ! Notre logo autocollant est un clin d'\u0153il branch\u00e9 aux amateurs de baskets pour se faire remarquer sur n'importe quelle surface.\",\"breadcrumb\":{\"@id\":\"https:\\\/\\\/www.loopkinglaces.com\\\/fr\\\/products\\\/autocollant-du-logo-de-loop-king-laces\\\/#breadcrumb\"},\"inLanguage\":\"fr-FR\",\"potentialAction\":[{\"@type\":\"ReadAction\",\"target\":[\"https:\\\/\\\/www.loopkinglaces.com\\\/fr\\\/products\\\/autocollant-du-logo-de-loop-king-laces\\\/\"]}]},{\"@type\":\"ImageObject\",\"inLanguage\":\"fr-FR\",\"@id\":\"https:\\\/\\\/www.loopkinglaces.com\\\/fr\\\/products\\\/autocollant-du-logo-de-loop-king-laces\\\/#primaryimage\",\"url\":\"https:\\\/\\\/www.loopkinglaces.com\\\/wp-content\\\/uploads\\\/Loop-King-Laces-Sticker.png\",\"contentUrl\":\"https:\\\/\\\/www.loopkinglaces.com\\\/wp-content\\\/uploads\\\/Loop-King-Laces-Sticker.png\",\"width\":795,\"height\":798},{\"@type\":\"BreadcrumbList\",\"@id\":\"https:\\\/\\\/www.loopkinglaces.com\\\/fr\\\/products\\\/autocollant-du-logo-de-loop-king-laces\\\/#breadcrumb\",\"itemListElement\":[{\"@type\":\"ListItem\",\"position\":1,\"name\":\"Home\",\"item\":\"https:\\\/\\\/www.loopkinglaces.com\\\/fr\\\/\"},{\"@type\":\"ListItem\",\"position\":2,\"name\":\"ACHETER DES LACES\",\"item\":\"https:\\\/\\\/www.loopkinglaces.com\\\/fr\\\/acheter-des-laces\\\/\"},{\"@type\":\"ListItem\",\"position\":3,\"name\":\"Autocollant du logo de Loop King Laces\"}]},{\"@type\":\"WebSite\",\"@id\":\"https:\\\/\\\/www.loopkinglaces.com\\\/fr\\\/#website\",\"url\":\"https:\\\/\\\/www.loopkinglaces.com\\\/fr\\\/\",\"name\":\"Luxury Gold Tip Shoelaces by Loop King Laces\",\"description\":\"Rope Laces, Flat Waxed Laces and Leather Laces. All With Gold Tips.\",\"publisher\":{\"@id\":\"https:\\\/\\\/www.loopkinglaces.com\\\/fr\\\/#organization\"},\"potentialAction\":[{\"@type\":\"SearchAction\",\"target\":{\"@type\":\"EntryPoint\",\"urlTemplate\":\"https:\\\/\\\/www.loopkinglaces.com\\\/fr\\\/?s={search_term_string}\"},\"query-input\":{\"@type\":\"PropertyValueSpecification\",\"valueRequired\":true,\"valueName\":\"search_term_string\"}}],\"inLanguage\":\"fr-FR\"},{\"@type\":\"Organization\",\"@id\":\"https:\\\/\\\/www.loopkinglaces.com\\\/fr\\\/#organization\",\"name\":\"Loop King Laces\",\"url\":\"https:\\\/\\\/www.loopkinglaces.com\\\/fr\\\/\",\"logo\":{\"@type\":\"ImageObject\",\"inLanguage\":\"fr-FR\",\"@id\":\"https:\\\/\\\/www.loopkinglaces.com\\\/fr\\\/#\\\/schema\\\/logo\\\/image\\\/\",\"url\":\"https:\\\/\\\/www.loopkinglaces.com\\\/wp-content\\\/uploads\\\/LOOP-KING-LACES.1.1-01-LOGO-HI-RES-OFFICIAL-1.png\",\"contentUrl\":\"https:\\\/\\\/www.loopkinglaces.com\\\/wp-content\\\/uploads\\\/LOOP-KING-LACES.1.1-01-LOGO-HI-RES-OFFICIAL-1.png\",\"width\":128,\"height\":91,\"caption\":\"Loop King Laces\"},\"image\":{\"@id\":\"https:\\\/\\\/www.loopkinglaces.com\\\/fr\\\/#\\\/schema\\\/logo\\\/image\\\/\"},\"sameAs\":[\"https:\\\/\\\/www.facebook.com\\\/LoopKingLaces\\\/\",\"https:\\\/\\\/x.com\\\/loopkinglaces\",\"https:\\\/\\\/www.instagram.com\\\/loopkinglaces\\\/\"]}]}<\/script>\n<!-- \/ Yoast SEO plugin. -->","yoast_head_json":{"title":"Mystery Laces - Lacets de luxe et de premi\u00e8re qualit\u00e9 par Loop King","description":"\u00c9l\u00e8ve tes accessoires avec la signature de Loop King ! Notre logo autocollant est un clin d'\u0153il branch\u00e9 aux amateurs de baskets pour se faire remarquer sur n'importe quelle surface.","robots":{"index":"index","follow":"follow","max-snippet":"max-snippet:-1","max-image-preview":"max-image-preview:large","max-video-preview":"max-video-preview:-1"},"canonical":"https:\/\/www.loopkinglaces.com\/fr\/products\/autocollant-du-logo-de-loop-king-laces\/","og_locale":"fr_FR","og_type":"article","og_title":"Mystery Laces - Lacets de luxe et de premi\u00e8re qualit\u00e9 par Loop King","og_description":"\u00c9l\u00e8ve tes accessoires avec la signature de Loop King ! Notre logo autocollant est un clin d'\u0153il branch\u00e9 aux amateurs de baskets pour se faire remarquer sur n'importe quelle surface.","og_url":"https:\/\/www.loopkinglaces.com\/fr\/products\/autocollant-du-logo-de-loop-king-laces\/","og_site_name":"Luxury Gold Tip Shoelaces by Loop King Laces","article_publisher":"https:\/\/www.facebook.com\/LoopKingLaces\/","og_image":[{"width":795,"height":798,"url":"https:\/\/www.loopkinglaces.com\/wp-content\/uploads\/Loop-King-Laces-Sticker.png","type":"image\/png"}],"twitter_card":"summary_large_image","twitter_site":"@loopkinglaces","schema":{"@context":"https:\/\/schema.org","@graph":[{"@type":["WebPage","ItemPage"],"@id":"https:\/\/www.loopkinglaces.com\/fr\/products\/autocollant-du-logo-de-loop-king-laces\/","url":"https:\/\/www.loopkinglaces.com\/fr\/products\/autocollant-du-logo-de-loop-king-laces\/","name":"Mystery Laces - Lacets de luxe et de premi\u00e8re qualit\u00e9 par Loop King","isPartOf":{"@id":"https:\/\/www.loopkinglaces.com\/fr\/#website"},"primaryImageOfPage":{"@id":"https:\/\/www.loopkinglaces.com\/fr\/products\/autocollant-du-logo-de-loop-king-laces\/#primaryimage"},"image":{"@id":"https:\/\/www.loopkinglaces.com\/fr\/products\/autocollant-du-logo-de-loop-king-laces\/#primaryimage"},"thumbnailUrl":"https:\/\/www.loopkinglaces.com\/wp-content\/uploads\/Loop-King-Laces-Sticker.png","datePublished":"2023-09-14T14:52:19+00:00","description":"\u00c9l\u00e8ve tes accessoires avec la signature de Loop King ! Notre logo autocollant est un clin d'\u0153il branch\u00e9 aux amateurs de baskets pour se faire remarquer sur n'importe quelle surface.","breadcrumb":{"@id":"https:\/\/www.loopkinglaces.com\/fr\/products\/autocollant-du-logo-de-loop-king-laces\/#breadcrumb"},"inLanguage":"fr-FR","potentialAction":[{"@type":"ReadAction","target":["https:\/\/www.loopkinglaces.com\/fr\/products\/autocollant-du-logo-de-loop-king-laces\/"]}]},{"@type":"ImageObject","inLanguage":"fr-FR","@id":"https:\/\/www.loopkinglaces.com\/fr\/products\/autocollant-du-logo-de-loop-king-laces\/#primaryimage","url":"https:\/\/www.loopkinglaces.com\/wp-content\/uploads\/Loop-King-Laces-Sticker.png","contentUrl":"https:\/\/www.loopkinglaces.com\/wp-content\/uploads\/Loop-King-Laces-Sticker.png","width":795,"height":798},{"@type":"BreadcrumbList","@id":"https:\/\/www.loopkinglaces.com\/fr\/products\/autocollant-du-logo-de-loop-king-laces\/#breadcrumb","itemListElement":[{"@type":"ListItem","position":1,"name":"Home","item":"https:\/\/www.loopkinglaces.com\/fr\/"},{"@type":"ListItem","position":2,"name":"ACHETER DES LACES","item":"https:\/\/www.loopkinglaces.com\/fr\/acheter-des-laces\/"},{"@type":"ListItem","position":3,"name":"Autocollant du logo de Loop King Laces"}]},{"@type":"WebSite","@id":"https:\/\/www.loopkinglaces.com\/fr\/#website","url":"https:\/\/www.loopkinglaces.com\/fr\/","name":"Luxury Gold Tip Shoelaces by Loop King Laces","description":"Rope Laces, Flat Waxed Laces and Leather Laces. All With Gold Tips.","publisher":{"@id":"https:\/\/www.loopkinglaces.com\/fr\/#organization"},"potentialAction":[{"@type":"SearchAction","target":{"@type":"EntryPoint","urlTemplate":"https:\/\/www.loopkinglaces.com\/fr\/?s={search_term_string}"},"query-input":{"@type":"PropertyValueSpecification","valueRequired":true,"valueName":"search_term_string"}}],"inLanguage":"fr-FR"},{"@type":"Organization","@id":"https:\/\/www.loopkinglaces.com\/fr\/#organization","name":"Loop King Laces","url":"https:\/\/www.loopkinglaces.com\/fr\/","logo":{"@type":"ImageObject","inLanguage":"fr-FR","@id":"https:\/\/www.loopkinglaces.com\/fr\/#\/schema\/logo\/image\/","url":"https:\/\/www.loopkinglaces.com\/wp-content\/uploads\/LOOP-KING-LACES.1.1-01-LOGO-HI-RES-OFFICIAL-1.png","contentUrl":"https:\/\/www.loopkinglaces.com\/wp-content\/uploads\/LOOP-KING-LACES.1.1-01-LOGO-HI-RES-OFFICIAL-1.png","width":128,"height":91,"caption":"Loop King Laces"},"image":{"@id":"https:\/\/www.loopkinglaces.com\/fr\/#\/schema\/logo\/image\/"},"sameAs":["https:\/\/www.facebook.com\/LoopKingLaces\/","https:\/\/x.com\/loopkinglaces","https:\/\/www.instagram.com\/loopkinglaces\/"]}]}},"_links":{"self":[{"href":"https:\/\/www.loopkinglaces.com\/fr\/wp-json\/wp\/v2\/product\/69509","targetHints":{"allow":["GET"]}}],"collection":[{"href":"https:\/\/www.loopkinglaces.com\/fr\/wp-json\/wp\/v2\/product"}],"about":[{"href":"https:\/\/www.loopkinglaces.com\/fr\/wp-json\/wp\/v2\/types\/product"}],"replies":[{"embeddable":true,"href":"https:\/\/www.loopkinglaces.com\/fr\/wp-json\/wp\/v2\/comments?post=69509"}],"wp:featuredmedia":[{"embeddable":true,"href":"https:\/\/www.loopkinglaces.com\/fr\/wp-json\/wp\/v2\/media\/54492"}],"wp:attachment":[{"href":"https:\/\/www.loopkinglaces.com\/fr\/wp-json\/wp\/v2\/media?parent=69509"}],"wp:term":[{"taxonomy":"product_brand","embeddable":true,"href":"https:\/\/www.loopkinglaces.com\/fr\/wp-json\/wp\/v2\/product_brand?post=69509"},{"taxonomy":"product_cat","embeddable":true,"href":"https:\/\/www.loopkinglaces.com\/fr\/wp-json\/wp\/v2\/product_cat?post=69509"},{"taxonomy":"product_tag","embeddable":true,"href":"https:\/\/www.loopkinglaces.com\/fr\/wp-json\/wp\/v2\/product_tag?post=69509"},{"taxonomy":"woo-feed-brand","embeddable":true,"href":"https:\/\/www.loopkinglaces.com\/fr\/wp-json\/wp\/v2\/woo-feed-brand?post=69509"}],"curies":[{"name":"wp","href":"https:\/\/api.w.org\/{rel}","templated":true}]}}