{"id":69491,"date":"2023-08-25T17:34:22","date_gmt":"2023-08-25T17:34:22","guid":{"rendered":"https:\/\/www.loopkinglaces.com\/products\/les-serrures-en-dentelle-pour-gagner-du-temps-et-avoir-lair-fabuleux\/"},"modified":"2023-08-25T17:34:22","modified_gmt":"2023-08-25T17:34:22","slug":"les-serrures-en-dentelle-pour-gagner-du-temps-et-avoir-lair-fabuleux","status":"publish","type":"product","link":"https:\/\/www.loopkinglaces.com\/fr\/products\/les-serrures-en-dentelle-pour-gagner-du-temps-et-avoir-lair-fabuleux\/","title":{"rendered":"Les serrures en dentelle pour gagner du temps et avoir l&#8217;air fabuleux !"},"content":{"rendered":"<p><span style=\"font-weight: 400;\">Souhaites-tu ne pas avoir \u00e0 lacer tes chaussures chaque jour avant de t&#8217;aventurer ?<\/span><\/p>\n<p><span style=\"font-weight: 400;\">Jette un coup d&#8217;\u0153il \u00e0 nos fermetures de lacets en or de premi\u00e8re qualit\u00e9.<br \/>\nIl suffit d&#8217;enfiler tes lacets dans le verrou, et de tirer le dispositif vers le haut, vers la languette de la chaussure, pour &#8220;verrouiller&#8221; les lacets en place.   <\/span><\/p>\n<p><span style=\"font-weight: 400;\">Lorsque tu as termin\u00e9, tire le verrou vers le bas, vers l&#8217;avant de ta chaussure, et tu pourras faire glisser ton pied facilement.  <\/span><\/p>\n<p><span style=\"font-weight: 400;\">Une fois install\u00e9, tu peux mettre et enlever tes chaussures d&#8217;un simple geste du poignet.<br \/>\nC&#8217;est certainement mieux que de devoir passer un temps pr\u00e9cieux \u00e0 lacer nos chaussures chaque fois que nous devons aller quelque part.   <\/span><\/p>\n<p><i><span style=\"font-weight: 400;\">Sais-tu que l&#8217;homme moyen passe <\/span><\/i><b><i>973 heures<\/i><\/b><i><span style=\"font-weight: 400;\"> de sa vie \u00e0 lacer ses chaussures ? <\/span><\/i><b>Gr\u00e2ce \u00e0 nos serrures \u00e0 lacets en or de premi\u00e8re qualit\u00e9, tu peux retrouver ce temps pr\u00e9cieux<\/b><span style=\"font-weight: 400;\">. <\/span> <\/p>\n<p><span style=\"font-weight: 400;\">En plus de te faire gagner du temps et de prot\u00e9ger tes pieds, nos lacets dor\u00e9s sont tr\u00e8s agr\u00e9ables \u00e0 regarder.<br \/>\nIls sont impeccables et brillants, et ils rehausseront l&#8217;apparence de n&#8217;importe quelle chaussure de ta garde-robe.<br \/>\nAlors si tu veux r\u00e9duire le temps n\u00e9cessaire pour te pr\u00e9parer le matin tout en ayant l&#8217;air d&#8217;une mouche, ces lacets sont faits pour toi.    <\/span><\/p>\n","protected":false},"excerpt":{"rendered":"<p><span style=\"font-weight: 400;\">Nos serrures \u00e0 lacets garderont \u00e9galement tes pieds bien au chaud \u00e0 l&#8217;int\u00e9rieur de tes chaussures \u00e0 tout moment.<br \/>\nSi tu en as assez des chaussures qui glissent et qui ne s&#8217;ajustent pas correctement, nos serrures \u00e0 lacets y mettront un terme.   <\/span><\/p>\n<p><span style=\"font-weight: 400;\">C&#8217;est pourquoi nos serrures en dentelle sont tr\u00e8s appr\u00e9ci\u00e9es des utilisateurs quotidiens et des sportifs. <\/span><b>les utilisateurs quotidiens et les sportifs.<\/b><span style=\"font-weight: 400;\"> <\/span><\/p>\n<p><span style=\"font-weight: 400;\">Les principales caract\u00e9ristiques sont les suivantes :<\/span><\/p>\n<ul>\n<li style=\"font-weight: 400;\" aria-level=\"1\"><span style=\"font-weight: 400;\">Des mat\u00e9riaux de premi\u00e8re qualit\u00e9 qui dureront dans le temps.<\/span><\/li>\n<li style=\"font-weight: 400;\" aria-level=\"1\"><span style=\"font-weight: 400;\">Plus facile \u00e0 lacer + habille tes chaussures<\/span><\/li>\n<li style=\"font-weight: 400;\" aria-level=\"1\"><span style=\"font-weight: 400;\">22 mm x 10 mm (0,86 po x 0,39 po)  <\/span><\/li>\n<li style=\"font-weight: 400;\" aria-level=\"1\"><span style=\"font-weight: 400;\">Fonctionne avec n&#8217;importe quelle paire de chaussures lac\u00e9es  <\/span><\/li>\n<\/ul>\n","protected":false},"featured_media":51595,"comment_status":"open","ping_status":"closed","template":"","meta":{"_acf_changed":false},"product_brand":[],"product_cat":[1437,1185,1355,947,1436],"product_tag":[],"woo-feed-brand":[],"class_list":{"0":"post-69491","1":"product","2":"type-product","3":"status-publish","4":"has-post-thumbnail","6":"product_cat-extremites-de-cordon-de-capuche-en-or-qui-prolongeront-la-duree-de-vie-de-tes-cordons-de-serrage","7":"product_cat-lacets-a-pointe-dor","8":"product_cat-les-lacets-epoustouflants-de-la-jordan-5-rendent-les-lacets-de-chaussures-obsoletes","9":"product_cat-tous-les-lacets","10":"product_cat-tu-as-des-lacets-de-jordan-6-plus-besoin-dattacher-tes-chaussures","12":"first","13":"instock","14":"taxable","15":"shipping-taxable","16":"purchasable","17":"product-type-simple"},"acf":[],"yoast_head":"<!-- This site is optimized with the Yoast SEO plugin v27.4 - https:\/\/yoast.com\/product\/yoast-seo-wordpress\/ -->\n<title>Des lacets qui font de tes lacets une chose du pass\u00e9<\/title>\n<meta name=\"description\" content=\"Personne n&#039;aime avoir \u00e0 lacer ses chaussures chaque fois qu&#039;il sort, n&#039;est-ce pas ? Alors pourquoi ne pas \u00e9liminer cette \u00e9tape encombrante gr\u00e2ce \u00e0 nos lacets en or de premi\u00e8re qualit\u00e9 ?\" \/>\n<meta name=\"robots\" content=\"index, follow, max-snippet:-1, max-image-preview:large, max-video-preview:-1\" \/>\n<link rel=\"canonical\" href=\"https:\/\/www.loopkinglaces.com\/fr\/products\/les-serrures-en-dentelle-pour-gagner-du-temps-et-avoir-lair-fabuleux\/\" \/>\n<meta property=\"og:locale\" content=\"fr_FR\" \/>\n<meta property=\"og:type\" content=\"article\" \/>\n<meta property=\"og:title\" content=\"Des lacets qui font de tes lacets une chose du pass\u00e9\" \/>\n<meta property=\"og:description\" content=\"Personne n&#039;aime avoir \u00e0 lacer ses chaussures chaque fois qu&#039;il sort, n&#039;est-ce pas ? Alors pourquoi ne pas \u00e9liminer cette \u00e9tape encombrante gr\u00e2ce \u00e0 nos lacets en or de premi\u00e8re qualit\u00e9 ?\" \/>\n<meta property=\"og:url\" content=\"https:\/\/www.loopkinglaces.com\/fr\/products\/les-serrures-en-dentelle-pour-gagner-du-temps-et-avoir-lair-fabuleux\/\" \/>\n<meta property=\"og:site_name\" content=\"Luxury Gold Tip Shoelaces by Loop King Laces\" \/>\n<meta property=\"article:publisher\" content=\"https:\/\/www.facebook.com\/LoopKingLaces\/\" \/>\n<meta property=\"og:image\" content=\"https:\/\/www.loopkinglaces.com\/wp-content\/uploads\/IMG_0503-scaled-e1662571713280.jpg\" \/>\n\t<meta property=\"og:image:width\" content=\"1450\" \/>\n\t<meta property=\"og:image:height\" content=\"1040\" \/>\n\t<meta property=\"og:image:type\" content=\"image\/jpeg\" \/>\n<meta name=\"twitter:card\" content=\"summary_large_image\" \/>\n<meta name=\"twitter:site\" content=\"@loopkinglaces\" \/>\n<meta name=\"twitter:label1\" content=\"Dur\u00e9e de lecture estim\u00e9e\" \/>\n\t<meta name=\"twitter:data1\" content=\"1 minute\" \/>\n<script type=\"application\/ld+json\" class=\"yoast-schema-graph\">{\"@context\":\"https:\\\/\\\/schema.org\",\"@graph\":[{\"@type\":[\"WebPage\",\"ItemPage\"],\"@id\":\"https:\\\/\\\/www.loopkinglaces.com\\\/fr\\\/products\\\/les-serrures-en-dentelle-pour-gagner-du-temps-et-avoir-lair-fabuleux\\\/\",\"url\":\"https:\\\/\\\/www.loopkinglaces.com\\\/fr\\\/products\\\/les-serrures-en-dentelle-pour-gagner-du-temps-et-avoir-lair-fabuleux\\\/\",\"name\":\"Des lacets qui font de tes lacets une chose du pass\u00e9\",\"isPartOf\":{\"@id\":\"https:\\\/\\\/www.loopkinglaces.com\\\/fr\\\/#website\"},\"primaryImageOfPage\":{\"@id\":\"https:\\\/\\\/www.loopkinglaces.com\\\/fr\\\/products\\\/les-serrures-en-dentelle-pour-gagner-du-temps-et-avoir-lair-fabuleux\\\/#primaryimage\"},\"image\":{\"@id\":\"https:\\\/\\\/www.loopkinglaces.com\\\/fr\\\/products\\\/les-serrures-en-dentelle-pour-gagner-du-temps-et-avoir-lair-fabuleux\\\/#primaryimage\"},\"thumbnailUrl\":\"https:\\\/\\\/www.loopkinglaces.com\\\/wp-content\\\/uploads\\\/IMG_0503-scaled-e1662571713280.jpg\",\"datePublished\":\"2023-08-25T17:34:22+00:00\",\"description\":\"Personne n'aime avoir \u00e0 lacer ses chaussures chaque fois qu'il sort, n'est-ce pas ? Alors pourquoi ne pas \u00e9liminer cette \u00e9tape encombrante gr\u00e2ce \u00e0 nos lacets en or de premi\u00e8re qualit\u00e9 ?\",\"breadcrumb\":{\"@id\":\"https:\\\/\\\/www.loopkinglaces.com\\\/fr\\\/products\\\/les-serrures-en-dentelle-pour-gagner-du-temps-et-avoir-lair-fabuleux\\\/#breadcrumb\"},\"inLanguage\":\"fr-FR\",\"potentialAction\":[{\"@type\":\"ReadAction\",\"target\":[\"https:\\\/\\\/www.loopkinglaces.com\\\/fr\\\/products\\\/les-serrures-en-dentelle-pour-gagner-du-temps-et-avoir-lair-fabuleux\\\/\"]}]},{\"@type\":\"ImageObject\",\"inLanguage\":\"fr-FR\",\"@id\":\"https:\\\/\\\/www.loopkinglaces.com\\\/fr\\\/products\\\/les-serrures-en-dentelle-pour-gagner-du-temps-et-avoir-lair-fabuleux\\\/#primaryimage\",\"url\":\"https:\\\/\\\/www.loopkinglaces.com\\\/wp-content\\\/uploads\\\/IMG_0503-scaled-e1662571713280.jpg\",\"contentUrl\":\"https:\\\/\\\/www.loopkinglaces.com\\\/wp-content\\\/uploads\\\/IMG_0503-scaled-e1662571713280.jpg\",\"width\":1450,\"height\":1040,\"caption\":\"A pair of LoopKing lace locks.\"},{\"@type\":\"BreadcrumbList\",\"@id\":\"https:\\\/\\\/www.loopkinglaces.com\\\/fr\\\/products\\\/les-serrures-en-dentelle-pour-gagner-du-temps-et-avoir-lair-fabuleux\\\/#breadcrumb\",\"itemListElement\":[{\"@type\":\"ListItem\",\"position\":1,\"name\":\"Home\",\"item\":\"https:\\\/\\\/www.loopkinglaces.com\\\/fr\\\/\"},{\"@type\":\"ListItem\",\"position\":2,\"name\":\"ACHETER DES LACES\",\"item\":\"https:\\\/\\\/www.loopkinglaces.com\\\/fr\\\/acheter-des-laces\\\/\"},{\"@type\":\"ListItem\",\"position\":3,\"name\":\"Les serrures en dentelle pour gagner du temps et avoir l&#8217;air fabuleux !\"}]},{\"@type\":\"WebSite\",\"@id\":\"https:\\\/\\\/www.loopkinglaces.com\\\/fr\\\/#website\",\"url\":\"https:\\\/\\\/www.loopkinglaces.com\\\/fr\\\/\",\"name\":\"Luxury Gold Tip Shoelaces by Loop King Laces\",\"description\":\"Rope Laces, Flat Waxed Laces and Leather Laces. All With Gold Tips.\",\"publisher\":{\"@id\":\"https:\\\/\\\/www.loopkinglaces.com\\\/fr\\\/#organization\"},\"potentialAction\":[{\"@type\":\"SearchAction\",\"target\":{\"@type\":\"EntryPoint\",\"urlTemplate\":\"https:\\\/\\\/www.loopkinglaces.com\\\/fr\\\/?s={search_term_string}\"},\"query-input\":{\"@type\":\"PropertyValueSpecification\",\"valueRequired\":true,\"valueName\":\"search_term_string\"}}],\"inLanguage\":\"fr-FR\"},{\"@type\":\"Organization\",\"@id\":\"https:\\\/\\\/www.loopkinglaces.com\\\/fr\\\/#organization\",\"name\":\"Loop King Laces\",\"url\":\"https:\\\/\\\/www.loopkinglaces.com\\\/fr\\\/\",\"logo\":{\"@type\":\"ImageObject\",\"inLanguage\":\"fr-FR\",\"@id\":\"https:\\\/\\\/www.loopkinglaces.com\\\/fr\\\/#\\\/schema\\\/logo\\\/image\\\/\",\"url\":\"https:\\\/\\\/www.loopkinglaces.com\\\/wp-content\\\/uploads\\\/LOOP-KING-LACES.1.1-01-LOGO-HI-RES-OFFICIAL-1.png\",\"contentUrl\":\"https:\\\/\\\/www.loopkinglaces.com\\\/wp-content\\\/uploads\\\/LOOP-KING-LACES.1.1-01-LOGO-HI-RES-OFFICIAL-1.png\",\"width\":128,\"height\":91,\"caption\":\"Loop King Laces\"},\"image\":{\"@id\":\"https:\\\/\\\/www.loopkinglaces.com\\\/fr\\\/#\\\/schema\\\/logo\\\/image\\\/\"},\"sameAs\":[\"https:\\\/\\\/www.facebook.com\\\/LoopKingLaces\\\/\",\"https:\\\/\\\/x.com\\\/loopkinglaces\",\"https:\\\/\\\/www.instagram.com\\\/loopkinglaces\\\/\"]}]}<\/script>\n<!-- \/ Yoast SEO plugin. -->","yoast_head_json":{"title":"Des lacets qui font de tes lacets une chose du pass\u00e9","description":"Personne n'aime avoir \u00e0 lacer ses chaussures chaque fois qu'il sort, n'est-ce pas ? Alors pourquoi ne pas \u00e9liminer cette \u00e9tape encombrante gr\u00e2ce \u00e0 nos lacets en or de premi\u00e8re qualit\u00e9 ?","robots":{"index":"index","follow":"follow","max-snippet":"max-snippet:-1","max-image-preview":"max-image-preview:large","max-video-preview":"max-video-preview:-1"},"canonical":"https:\/\/www.loopkinglaces.com\/fr\/products\/les-serrures-en-dentelle-pour-gagner-du-temps-et-avoir-lair-fabuleux\/","og_locale":"fr_FR","og_type":"article","og_title":"Des lacets qui font de tes lacets une chose du pass\u00e9","og_description":"Personne n'aime avoir \u00e0 lacer ses chaussures chaque fois qu'il sort, n'est-ce pas ? Alors pourquoi ne pas \u00e9liminer cette \u00e9tape encombrante gr\u00e2ce \u00e0 nos lacets en or de premi\u00e8re qualit\u00e9 ?","og_url":"https:\/\/www.loopkinglaces.com\/fr\/products\/les-serrures-en-dentelle-pour-gagner-du-temps-et-avoir-lair-fabuleux\/","og_site_name":"Luxury Gold Tip Shoelaces by Loop King Laces","article_publisher":"https:\/\/www.facebook.com\/LoopKingLaces\/","og_image":[{"width":1450,"height":1040,"url":"https:\/\/www.loopkinglaces.com\/wp-content\/uploads\/IMG_0503-scaled-e1662571713280.jpg","type":"image\/jpeg"}],"twitter_card":"summary_large_image","twitter_site":"@loopkinglaces","twitter_misc":{"Dur\u00e9e de lecture estim\u00e9e":"1 minute"},"schema":{"@context":"https:\/\/schema.org","@graph":[{"@type":["WebPage","ItemPage"],"@id":"https:\/\/www.loopkinglaces.com\/fr\/products\/les-serrures-en-dentelle-pour-gagner-du-temps-et-avoir-lair-fabuleux\/","url":"https:\/\/www.loopkinglaces.com\/fr\/products\/les-serrures-en-dentelle-pour-gagner-du-temps-et-avoir-lair-fabuleux\/","name":"Des lacets qui font de tes lacets une chose du pass\u00e9","isPartOf":{"@id":"https:\/\/www.loopkinglaces.com\/fr\/#website"},"primaryImageOfPage":{"@id":"https:\/\/www.loopkinglaces.com\/fr\/products\/les-serrures-en-dentelle-pour-gagner-du-temps-et-avoir-lair-fabuleux\/#primaryimage"},"image":{"@id":"https:\/\/www.loopkinglaces.com\/fr\/products\/les-serrures-en-dentelle-pour-gagner-du-temps-et-avoir-lair-fabuleux\/#primaryimage"},"thumbnailUrl":"https:\/\/www.loopkinglaces.com\/wp-content\/uploads\/IMG_0503-scaled-e1662571713280.jpg","datePublished":"2023-08-25T17:34:22+00:00","description":"Personne n'aime avoir \u00e0 lacer ses chaussures chaque fois qu'il sort, n'est-ce pas ? Alors pourquoi ne pas \u00e9liminer cette \u00e9tape encombrante gr\u00e2ce \u00e0 nos lacets en or de premi\u00e8re qualit\u00e9 ?","breadcrumb":{"@id":"https:\/\/www.loopkinglaces.com\/fr\/products\/les-serrures-en-dentelle-pour-gagner-du-temps-et-avoir-lair-fabuleux\/#breadcrumb"},"inLanguage":"fr-FR","potentialAction":[{"@type":"ReadAction","target":["https:\/\/www.loopkinglaces.com\/fr\/products\/les-serrures-en-dentelle-pour-gagner-du-temps-et-avoir-lair-fabuleux\/"]}]},{"@type":"ImageObject","inLanguage":"fr-FR","@id":"https:\/\/www.loopkinglaces.com\/fr\/products\/les-serrures-en-dentelle-pour-gagner-du-temps-et-avoir-lair-fabuleux\/#primaryimage","url":"https:\/\/www.loopkinglaces.com\/wp-content\/uploads\/IMG_0503-scaled-e1662571713280.jpg","contentUrl":"https:\/\/www.loopkinglaces.com\/wp-content\/uploads\/IMG_0503-scaled-e1662571713280.jpg","width":1450,"height":1040,"caption":"A pair of LoopKing lace locks."},{"@type":"BreadcrumbList","@id":"https:\/\/www.loopkinglaces.com\/fr\/products\/les-serrures-en-dentelle-pour-gagner-du-temps-et-avoir-lair-fabuleux\/#breadcrumb","itemListElement":[{"@type":"ListItem","position":1,"name":"Home","item":"https:\/\/www.loopkinglaces.com\/fr\/"},{"@type":"ListItem","position":2,"name":"ACHETER DES LACES","item":"https:\/\/www.loopkinglaces.com\/fr\/acheter-des-laces\/"},{"@type":"ListItem","position":3,"name":"Les serrures en dentelle pour gagner du temps et avoir l&#8217;air fabuleux !"}]},{"@type":"WebSite","@id":"https:\/\/www.loopkinglaces.com\/fr\/#website","url":"https:\/\/www.loopkinglaces.com\/fr\/","name":"Luxury Gold Tip Shoelaces by Loop King Laces","description":"Rope Laces, Flat Waxed Laces and Leather Laces. All With Gold Tips.","publisher":{"@id":"https:\/\/www.loopkinglaces.com\/fr\/#organization"},"potentialAction":[{"@type":"SearchAction","target":{"@type":"EntryPoint","urlTemplate":"https:\/\/www.loopkinglaces.com\/fr\/?s={search_term_string}"},"query-input":{"@type":"PropertyValueSpecification","valueRequired":true,"valueName":"search_term_string"}}],"inLanguage":"fr-FR"},{"@type":"Organization","@id":"https:\/\/www.loopkinglaces.com\/fr\/#organization","name":"Loop King Laces","url":"https:\/\/www.loopkinglaces.com\/fr\/","logo":{"@type":"ImageObject","inLanguage":"fr-FR","@id":"https:\/\/www.loopkinglaces.com\/fr\/#\/schema\/logo\/image\/","url":"https:\/\/www.loopkinglaces.com\/wp-content\/uploads\/LOOP-KING-LACES.1.1-01-LOGO-HI-RES-OFFICIAL-1.png","contentUrl":"https:\/\/www.loopkinglaces.com\/wp-content\/uploads\/LOOP-KING-LACES.1.1-01-LOGO-HI-RES-OFFICIAL-1.png","width":128,"height":91,"caption":"Loop King Laces"},"image":{"@id":"https:\/\/www.loopkinglaces.com\/fr\/#\/schema\/logo\/image\/"},"sameAs":["https:\/\/www.facebook.com\/LoopKingLaces\/","https:\/\/x.com\/loopkinglaces","https:\/\/www.instagram.com\/loopkinglaces\/"]}]}},"_links":{"self":[{"href":"https:\/\/www.loopkinglaces.com\/fr\/wp-json\/wp\/v2\/product\/69491","targetHints":{"allow":["GET"]}}],"collection":[{"href":"https:\/\/www.loopkinglaces.com\/fr\/wp-json\/wp\/v2\/product"}],"about":[{"href":"https:\/\/www.loopkinglaces.com\/fr\/wp-json\/wp\/v2\/types\/product"}],"replies":[{"embeddable":true,"href":"https:\/\/www.loopkinglaces.com\/fr\/wp-json\/wp\/v2\/comments?post=69491"}],"wp:featuredmedia":[{"embeddable":true,"href":"https:\/\/www.loopkinglaces.com\/fr\/wp-json\/wp\/v2\/media\/51595"}],"wp:attachment":[{"href":"https:\/\/www.loopkinglaces.com\/fr\/wp-json\/wp\/v2\/media?parent=69491"}],"wp:term":[{"taxonomy":"product_brand","embeddable":true,"href":"https:\/\/www.loopkinglaces.com\/fr\/wp-json\/wp\/v2\/product_brand?post=69491"},{"taxonomy":"product_cat","embeddable":true,"href":"https:\/\/www.loopkinglaces.com\/fr\/wp-json\/wp\/v2\/product_cat?post=69491"},{"taxonomy":"product_tag","embeddable":true,"href":"https:\/\/www.loopkinglaces.com\/fr\/wp-json\/wp\/v2\/product_tag?post=69491"},{"taxonomy":"woo-feed-brand","embeddable":true,"href":"https:\/\/www.loopkinglaces.com\/fr\/wp-json\/wp\/v2\/woo-feed-brand?post=69491"}],"curies":[{"name":"wp","href":"https:\/\/api.w.org\/{rel}","templated":true}]}}