{"id":69323,"date":"2023-08-03T18:50:31","date_gmt":"2023-08-03T18:50:31","guid":{"rendered":"https:\/\/www.loopkinglaces.com\/products\/lacets-ovales-creme-avec-pointes-en-plastique-transparent\/"},"modified":"2023-08-03T18:50:31","modified_gmt":"2023-08-03T18:50:31","slug":"lacets-ovales-creme-avec-pointes-en-plastique-transparent","status":"publish","type":"product","link":"https:\/\/www.loopkinglaces.com\/fr\/products\/lacets-ovales-creme-avec-pointes-en-plastique-transparent\/","title":{"rendered":"Lacets ovales cr\u00e8me avec pointes en plastique transparent"},"content":{"rendered":"<p>Embarque pour une aventure passionnante \u00e0 la recherche du lacet id\u00e9al, en t&#8217;immergeant dans le monde enchanteur de nos lacets ovales.<br \/>\nFais l&#8217;exp\u00e9rience de la combinaison envo\u00fbtante de confort et de durabilit\u00e9 m\u00e9ticuleusement tiss\u00e9e dans chaque fil \u00e9l\u00e9gant.<br \/>\nPr\u00e9pare-toi \u00e0 conqu\u00e9rir de nouveaux sommets dans tes efforts athl\u00e9tiques, \u00e9quip\u00e9 de cette innovation de la\u00e7age imbattable qui d\u00e9gage un flair et une confiance in\u00e9gal\u00e9s.  <\/p>\n","protected":false},"excerpt":{"rendered":"<p><strong>Lacets ovales cr\u00e8me avec pointes en plastique transparent<\/strong> Plonge dans un voyage exaltant \u00e0 la recherche du lacet parfait, en te plongeant dans les dimensions captivantes de nos lacets ovales.<br \/>\nObserve la fusion enchanteresse du confort et de la r\u00e9silience m\u00e9ticuleusement int\u00e9gr\u00e9e dans chaque brin exquis.<br \/>\nPr\u00e9pare-toi \u00e0 r\u00e9aliser des exploits athl\u00e9tiques sans pr\u00e9c\u00e9dent, fort de cette technologie de la\u00e7age invincible, qui incarne un style et une assurance in\u00e9gal\u00e9s.<br \/>\nLes caract\u00e9ristiques principales comprennent :     <\/p>\n<ul>\n<li style=\"font-weight: 400;\" aria-level=\"1\">Mat\u00e9riaux de premi\u00e8re qualit\u00e9<\/li>\n<li style=\"font-weight: 400;\" aria-level=\"1\">Construit pour durer 3x plus longtemps que les lacets traditionnels.<\/li>\n<li style=\"font-weight: 400;\" aria-level=\"1\">Emballage scell\u00e9 et superbe<\/li>\n<li style=\"font-weight: 400;\" aria-level=\"1\">Plusieurs longueurs sont disponibles<\/li>\n<li aria-level=\"1\">Embouts en plastique transparent<\/li>\n<\/ul>\n","protected":false},"featured_media":69334,"comment_status":"open","ping_status":"closed","template":"","meta":{"_acf_changed":false},"product_brand":[],"product_cat":[1350,1386,1385,1084,1185,1222,1353,950,1508,1356,1225,1227,947],"product_tag":[986,984,962,966,961,964,985,963],"woo-feed-brand":[],"class_list":{"0":"post-69323","1":"product","2":"type-product","3":"status-publish","4":"has-post-thumbnail","6":"product_cat-adidas-yeezy-700-lacets-cordes-a-la-mode","7":"product_cat-de-magnifiques-lacets-en-creme-pour-reinventer-tes-chaussures-preferees","8":"product_cat-des-lacets-de-voile-qui-ajoutent-une-touche-retro-a-nimporte-quelle-paire-de-baskets","9":"product_cat-des-lacets-ovales-qui-atteignent-lequilibre-parfait-entre-le-plat-et-le-rond","10":"product_cat-lacets-a-pointe-dor","11":"product_cat-lacets-burberry-qui-amelioreront-tes-chaussures","12":"product_cat-lacets-colores-a-la-mode-pour-chaussures-de-sport","13":"product_cat-lacets-de-48-pouces","14":"product_cat-lacets-de-chaussures-de-patins-a-roulettes-le-heros-meconnu-de-la-patinoire","15":"product_cat-les-lacets-delite-de-jordan-1-bordeaux-white-qui-ont-lair-luxueux","16":"product_cat-les-lacets-gucci-sont-aussi-luxueux-que-tes-chaussures","17":"product_cat-remplacement-des-lacets-golden-goose-pour-tes-chaussures-preferees","18":"product_cat-tous-les-lacets","19":"product_tag-cire","20":"product_tag-cire-plat","21":"product_tag-lacets","22":"product_tag-lacets-a-pointe-dor","23":"product_tag-loop-king-fr","24":"product_tag-noir","25":"product_tag-plat","26":"product_tag-pointe-en-metal","28":"first","29":"instock","30":"taxable","31":"shipping-taxable","32":"product-type-variable"},"acf":[],"yoast_head":"<!-- This site is optimized with the Yoast SEO plugin v27.4 - https:\/\/yoast.com\/product\/yoast-seo-wordpress\/ -->\n<title>Lacets ovales cr\u00e8me avec pointes en plastique transparent<\/title>\n<meta name=\"description\" content=\"D\u00e9voile le voyage supr\u00eame des lacets de chaussures gr\u00e2ce \u00e0 nos extraordinaires lacets ovales, qui combinent astucieusement une praticit\u00e9 in\u00e9gal\u00e9e avec une touche de style.\" \/>\n<meta name=\"robots\" content=\"index, follow, max-snippet:-1, max-image-preview:large, max-video-preview:-1\" \/>\n<link rel=\"canonical\" href=\"https:\/\/www.loopkinglaces.com\/fr\/products\/lacets-ovales-creme-avec-pointes-en-plastique-transparent\/\" \/>\n<meta property=\"og:locale\" content=\"fr_FR\" \/>\n<meta property=\"og:type\" content=\"article\" \/>\n<meta property=\"og:title\" content=\"Lacets ovales cr\u00e8me avec pointes en plastique transparent\" \/>\n<meta property=\"og:description\" content=\"D\u00e9voile le voyage supr\u00eame des lacets de chaussures gr\u00e2ce \u00e0 nos extraordinaires lacets ovales, qui combinent astucieusement une praticit\u00e9 in\u00e9gal\u00e9e avec une touche de style.\" \/>\n<meta property=\"og:url\" content=\"https:\/\/www.loopkinglaces.com\/fr\/products\/lacets-ovales-creme-avec-pointes-en-plastique-transparent\/\" \/>\n<meta property=\"og:site_name\" content=\"Luxury Gold Tip Shoelaces by Loop King Laces\" \/>\n<meta property=\"article:publisher\" content=\"https:\/\/www.facebook.com\/LoopKingLaces\/\" \/>\n<meta property=\"og:image\" content=\"https:\/\/www.loopkinglaces.com\/wp-content\/uploads\/IMG_1001.jpg\" \/>\n\t<meta property=\"og:image:width\" content=\"800\" \/>\n\t<meta property=\"og:image:height\" content=\"800\" \/>\n\t<meta property=\"og:image:type\" content=\"image\/jpeg\" \/>\n<meta name=\"twitter:card\" content=\"summary_large_image\" \/>\n<meta name=\"twitter:site\" content=\"@loopkinglaces\" \/>\n<script type=\"application\/ld+json\" class=\"yoast-schema-graph\">{\"@context\":\"https:\\\/\\\/schema.org\",\"@graph\":[{\"@type\":[\"WebPage\",\"ItemPage\"],\"@id\":\"https:\\\/\\\/www.loopkinglaces.com\\\/fr\\\/products\\\/lacets-ovales-creme-avec-pointes-en-plastique-transparent\\\/\",\"url\":\"https:\\\/\\\/www.loopkinglaces.com\\\/fr\\\/products\\\/lacets-ovales-creme-avec-pointes-en-plastique-transparent\\\/\",\"name\":\"Lacets ovales cr\u00e8me avec pointes en plastique transparent\",\"isPartOf\":{\"@id\":\"https:\\\/\\\/www.loopkinglaces.com\\\/fr\\\/#website\"},\"primaryImageOfPage\":{\"@id\":\"https:\\\/\\\/www.loopkinglaces.com\\\/fr\\\/products\\\/lacets-ovales-creme-avec-pointes-en-plastique-transparent\\\/#primaryimage\"},\"image\":{\"@id\":\"https:\\\/\\\/www.loopkinglaces.com\\\/fr\\\/products\\\/lacets-ovales-creme-avec-pointes-en-plastique-transparent\\\/#primaryimage\"},\"thumbnailUrl\":\"https:\\\/\\\/www.loopkinglaces.com\\\/wp-content\\\/uploads\\\/IMG_1001.jpg\",\"datePublished\":\"2023-08-03T18:50:31+00:00\",\"description\":\"D\u00e9voile le voyage supr\u00eame des lacets de chaussures gr\u00e2ce \u00e0 nos extraordinaires lacets ovales, qui combinent astucieusement une praticit\u00e9 in\u00e9gal\u00e9e avec une touche de style.\",\"breadcrumb\":{\"@id\":\"https:\\\/\\\/www.loopkinglaces.com\\\/fr\\\/products\\\/lacets-ovales-creme-avec-pointes-en-plastique-transparent\\\/#breadcrumb\"},\"inLanguage\":\"fr-FR\",\"potentialAction\":[{\"@type\":\"ReadAction\",\"target\":[\"https:\\\/\\\/www.loopkinglaces.com\\\/fr\\\/products\\\/lacets-ovales-creme-avec-pointes-en-plastique-transparent\\\/\"]}]},{\"@type\":\"ImageObject\",\"inLanguage\":\"fr-FR\",\"@id\":\"https:\\\/\\\/www.loopkinglaces.com\\\/fr\\\/products\\\/lacets-ovales-creme-avec-pointes-en-plastique-transparent\\\/#primaryimage\",\"url\":\"https:\\\/\\\/www.loopkinglaces.com\\\/wp-content\\\/uploads\\\/IMG_1001.jpg\",\"contentUrl\":\"https:\\\/\\\/www.loopkinglaces.com\\\/wp-content\\\/uploads\\\/IMG_1001.jpg\",\"width\":800,\"height\":800},{\"@type\":\"BreadcrumbList\",\"@id\":\"https:\\\/\\\/www.loopkinglaces.com\\\/fr\\\/products\\\/lacets-ovales-creme-avec-pointes-en-plastique-transparent\\\/#breadcrumb\",\"itemListElement\":[{\"@type\":\"ListItem\",\"position\":1,\"name\":\"Home\",\"item\":\"https:\\\/\\\/www.loopkinglaces.com\\\/fr\\\/\"},{\"@type\":\"ListItem\",\"position\":2,\"name\":\"ACHETER DES LACES\",\"item\":\"https:\\\/\\\/www.loopkinglaces.com\\\/fr\\\/acheter-des-laces\\\/\"},{\"@type\":\"ListItem\",\"position\":3,\"name\":\"Lacets ovales cr\u00e8me avec pointes en plastique transparent\"}]},{\"@type\":\"WebSite\",\"@id\":\"https:\\\/\\\/www.loopkinglaces.com\\\/fr\\\/#website\",\"url\":\"https:\\\/\\\/www.loopkinglaces.com\\\/fr\\\/\",\"name\":\"Luxury Gold Tip Shoelaces by Loop King Laces\",\"description\":\"Rope Laces, Flat Waxed Laces and Leather Laces. All With Gold Tips.\",\"publisher\":{\"@id\":\"https:\\\/\\\/www.loopkinglaces.com\\\/fr\\\/#organization\"},\"potentialAction\":[{\"@type\":\"SearchAction\",\"target\":{\"@type\":\"EntryPoint\",\"urlTemplate\":\"https:\\\/\\\/www.loopkinglaces.com\\\/fr\\\/?s={search_term_string}\"},\"query-input\":{\"@type\":\"PropertyValueSpecification\",\"valueRequired\":true,\"valueName\":\"search_term_string\"}}],\"inLanguage\":\"fr-FR\"},{\"@type\":\"Organization\",\"@id\":\"https:\\\/\\\/www.loopkinglaces.com\\\/fr\\\/#organization\",\"name\":\"Loop King Laces\",\"url\":\"https:\\\/\\\/www.loopkinglaces.com\\\/fr\\\/\",\"logo\":{\"@type\":\"ImageObject\",\"inLanguage\":\"fr-FR\",\"@id\":\"https:\\\/\\\/www.loopkinglaces.com\\\/fr\\\/#\\\/schema\\\/logo\\\/image\\\/\",\"url\":\"https:\\\/\\\/www.loopkinglaces.com\\\/wp-content\\\/uploads\\\/LOOP-KING-LACES.1.1-01-LOGO-HI-RES-OFFICIAL-1.png\",\"contentUrl\":\"https:\\\/\\\/www.loopkinglaces.com\\\/wp-content\\\/uploads\\\/LOOP-KING-LACES.1.1-01-LOGO-HI-RES-OFFICIAL-1.png\",\"width\":128,\"height\":91,\"caption\":\"Loop King Laces\"},\"image\":{\"@id\":\"https:\\\/\\\/www.loopkinglaces.com\\\/fr\\\/#\\\/schema\\\/logo\\\/image\\\/\"},\"sameAs\":[\"https:\\\/\\\/www.facebook.com\\\/LoopKingLaces\\\/\",\"https:\\\/\\\/x.com\\\/loopkinglaces\",\"https:\\\/\\\/www.instagram.com\\\/loopkinglaces\\\/\"]}]}<\/script>\n<!-- \/ Yoast SEO plugin. -->","yoast_head_json":{"title":"Lacets ovales cr\u00e8me avec pointes en plastique transparent","description":"D\u00e9voile le voyage supr\u00eame des lacets de chaussures gr\u00e2ce \u00e0 nos extraordinaires lacets ovales, qui combinent astucieusement une praticit\u00e9 in\u00e9gal\u00e9e avec une touche de style.","robots":{"index":"index","follow":"follow","max-snippet":"max-snippet:-1","max-image-preview":"max-image-preview:large","max-video-preview":"max-video-preview:-1"},"canonical":"https:\/\/www.loopkinglaces.com\/fr\/products\/lacets-ovales-creme-avec-pointes-en-plastique-transparent\/","og_locale":"fr_FR","og_type":"article","og_title":"Lacets ovales cr\u00e8me avec pointes en plastique transparent","og_description":"D\u00e9voile le voyage supr\u00eame des lacets de chaussures gr\u00e2ce \u00e0 nos extraordinaires lacets ovales, qui combinent astucieusement une praticit\u00e9 in\u00e9gal\u00e9e avec une touche de style.","og_url":"https:\/\/www.loopkinglaces.com\/fr\/products\/lacets-ovales-creme-avec-pointes-en-plastique-transparent\/","og_site_name":"Luxury Gold Tip Shoelaces by Loop King Laces","article_publisher":"https:\/\/www.facebook.com\/LoopKingLaces\/","og_image":[{"width":800,"height":800,"url":"https:\/\/www.loopkinglaces.com\/wp-content\/uploads\/IMG_1001.jpg","type":"image\/jpeg"}],"twitter_card":"summary_large_image","twitter_site":"@loopkinglaces","schema":{"@context":"https:\/\/schema.org","@graph":[{"@type":["WebPage","ItemPage"],"@id":"https:\/\/www.loopkinglaces.com\/fr\/products\/lacets-ovales-creme-avec-pointes-en-plastique-transparent\/","url":"https:\/\/www.loopkinglaces.com\/fr\/products\/lacets-ovales-creme-avec-pointes-en-plastique-transparent\/","name":"Lacets ovales cr\u00e8me avec pointes en plastique transparent","isPartOf":{"@id":"https:\/\/www.loopkinglaces.com\/fr\/#website"},"primaryImageOfPage":{"@id":"https:\/\/www.loopkinglaces.com\/fr\/products\/lacets-ovales-creme-avec-pointes-en-plastique-transparent\/#primaryimage"},"image":{"@id":"https:\/\/www.loopkinglaces.com\/fr\/products\/lacets-ovales-creme-avec-pointes-en-plastique-transparent\/#primaryimage"},"thumbnailUrl":"https:\/\/www.loopkinglaces.com\/wp-content\/uploads\/IMG_1001.jpg","datePublished":"2023-08-03T18:50:31+00:00","description":"D\u00e9voile le voyage supr\u00eame des lacets de chaussures gr\u00e2ce \u00e0 nos extraordinaires lacets ovales, qui combinent astucieusement une praticit\u00e9 in\u00e9gal\u00e9e avec une touche de style.","breadcrumb":{"@id":"https:\/\/www.loopkinglaces.com\/fr\/products\/lacets-ovales-creme-avec-pointes-en-plastique-transparent\/#breadcrumb"},"inLanguage":"fr-FR","potentialAction":[{"@type":"ReadAction","target":["https:\/\/www.loopkinglaces.com\/fr\/products\/lacets-ovales-creme-avec-pointes-en-plastique-transparent\/"]}]},{"@type":"ImageObject","inLanguage":"fr-FR","@id":"https:\/\/www.loopkinglaces.com\/fr\/products\/lacets-ovales-creme-avec-pointes-en-plastique-transparent\/#primaryimage","url":"https:\/\/www.loopkinglaces.com\/wp-content\/uploads\/IMG_1001.jpg","contentUrl":"https:\/\/www.loopkinglaces.com\/wp-content\/uploads\/IMG_1001.jpg","width":800,"height":800},{"@type":"BreadcrumbList","@id":"https:\/\/www.loopkinglaces.com\/fr\/products\/lacets-ovales-creme-avec-pointes-en-plastique-transparent\/#breadcrumb","itemListElement":[{"@type":"ListItem","position":1,"name":"Home","item":"https:\/\/www.loopkinglaces.com\/fr\/"},{"@type":"ListItem","position":2,"name":"ACHETER DES LACES","item":"https:\/\/www.loopkinglaces.com\/fr\/acheter-des-laces\/"},{"@type":"ListItem","position":3,"name":"Lacets ovales cr\u00e8me avec pointes en plastique transparent"}]},{"@type":"WebSite","@id":"https:\/\/www.loopkinglaces.com\/fr\/#website","url":"https:\/\/www.loopkinglaces.com\/fr\/","name":"Luxury Gold Tip Shoelaces by Loop King Laces","description":"Rope Laces, Flat Waxed Laces and Leather Laces. All With Gold Tips.","publisher":{"@id":"https:\/\/www.loopkinglaces.com\/fr\/#organization"},"potentialAction":[{"@type":"SearchAction","target":{"@type":"EntryPoint","urlTemplate":"https:\/\/www.loopkinglaces.com\/fr\/?s={search_term_string}"},"query-input":{"@type":"PropertyValueSpecification","valueRequired":true,"valueName":"search_term_string"}}],"inLanguage":"fr-FR"},{"@type":"Organization","@id":"https:\/\/www.loopkinglaces.com\/fr\/#organization","name":"Loop King Laces","url":"https:\/\/www.loopkinglaces.com\/fr\/","logo":{"@type":"ImageObject","inLanguage":"fr-FR","@id":"https:\/\/www.loopkinglaces.com\/fr\/#\/schema\/logo\/image\/","url":"https:\/\/www.loopkinglaces.com\/wp-content\/uploads\/LOOP-KING-LACES.1.1-01-LOGO-HI-RES-OFFICIAL-1.png","contentUrl":"https:\/\/www.loopkinglaces.com\/wp-content\/uploads\/LOOP-KING-LACES.1.1-01-LOGO-HI-RES-OFFICIAL-1.png","width":128,"height":91,"caption":"Loop King Laces"},"image":{"@id":"https:\/\/www.loopkinglaces.com\/fr\/#\/schema\/logo\/image\/"},"sameAs":["https:\/\/www.facebook.com\/LoopKingLaces\/","https:\/\/x.com\/loopkinglaces","https:\/\/www.instagram.com\/loopkinglaces\/"]}]}},"_links":{"self":[{"href":"https:\/\/www.loopkinglaces.com\/fr\/wp-json\/wp\/v2\/product\/69323","targetHints":{"allow":["GET"]}}],"collection":[{"href":"https:\/\/www.loopkinglaces.com\/fr\/wp-json\/wp\/v2\/product"}],"about":[{"href":"https:\/\/www.loopkinglaces.com\/fr\/wp-json\/wp\/v2\/types\/product"}],"replies":[{"embeddable":true,"href":"https:\/\/www.loopkinglaces.com\/fr\/wp-json\/wp\/v2\/comments?post=69323"}],"wp:featuredmedia":[{"embeddable":true,"href":"https:\/\/www.loopkinglaces.com\/fr\/wp-json\/wp\/v2\/media\/69334"}],"wp:attachment":[{"href":"https:\/\/www.loopkinglaces.com\/fr\/wp-json\/wp\/v2\/media?parent=69323"}],"wp:term":[{"taxonomy":"product_brand","embeddable":true,"href":"https:\/\/www.loopkinglaces.com\/fr\/wp-json\/wp\/v2\/product_brand?post=69323"},{"taxonomy":"product_cat","embeddable":true,"href":"https:\/\/www.loopkinglaces.com\/fr\/wp-json\/wp\/v2\/product_cat?post=69323"},{"taxonomy":"product_tag","embeddable":true,"href":"https:\/\/www.loopkinglaces.com\/fr\/wp-json\/wp\/v2\/product_tag?post=69323"},{"taxonomy":"woo-feed-brand","embeddable":true,"href":"https:\/\/www.loopkinglaces.com\/fr\/wp-json\/wp\/v2\/woo-feed-brand?post=69323"}],"curies":[{"name":"wp","href":"https:\/\/api.w.org\/{rel}","templated":true}]}}