{"id":69240,"date":"2023-08-03T18:14:52","date_gmt":"2023-08-03T18:14:52","guid":{"rendered":"https:\/\/www.loopkinglaces.com\/products\/lacets-en-coton-plat-jaune-dor-avec-embouts-en-plastique-transparent\/"},"modified":"2023-08-03T18:14:52","modified_gmt":"2023-08-03T18:14:52","slug":"lacets-en-coton-plat-jaune-dor-avec-embouts-en-plastique-transparent","status":"publish","type":"product","link":"https:\/\/www.loopkinglaces.com\/fr\/products\/lacets-en-coton-plat-jaune-dor-avec-embouts-en-plastique-transparent\/","title":{"rendered":"Lacets en coton plat jaune d&#8217;or avec embouts en plastique transparent"},"content":{"rendered":"<p>Entre dans l&#8217;avenir de la chaussure avec nos lacets plats en coton r\u00e9volutionnaires !<br \/>\nDot\u00e9s de pointes en plastique \u00e9l\u00e9gantes et tiss\u00e9s de mani\u00e8re experte \u00e0 partir de coton de premi\u00e8re qualit\u00e9 et doux au toucher, ils exsudent sans effort la sophistication dans n&#8217;importe quelle botte ou chaussure habill\u00e9e.<br \/>\nGr\u00e2ce \u00e0 leur facilit\u00e9 d&#8217;interchangeabilit\u00e9 entre diff\u00e9rentes marques, tu peux marcher en toute confiance et avec style.  <\/p>\n","protected":false},"excerpt":{"rendered":"<p><strong>Lacets en coton plat jaune d&#8217;or avec embouts en plastique transparent<\/strong> Accueille l&#8217;avenir des lacets de chaussures gr\u00e2ce \u00e0 notre conception innovante en coton plat !<br \/>\nDot\u00e9s d&#8217;\u00e9l\u00e9gantes pointes en plastique et fabriqu\u00e9s en coton velout\u00e9 de premi\u00e8re qualit\u00e9, ils rehaussent l&#8217;apparence de n&#8217;importe quelle botte ou chaussure habill\u00e9e d&#8217;une touche de chic.<br \/>\nDe plus, leur compatibilit\u00e9 avec la plupart des marques te permet d&#8217;avancer en toute confiance et avec style.<br \/>\nLes caract\u00e9ristiques principales comprennent :     <\/p>\n<ul>\n<li style=\"font-weight: 400;\" aria-level=\"1\">Mat\u00e9riaux de premi\u00e8re qualit\u00e9<\/li>\n<li style=\"font-weight: 400;\" aria-level=\"1\">Emballage scell\u00e9 et superbe<\/li>\n<li style=\"font-weight: 400;\" aria-level=\"1\">Diff\u00e9rentes longueurs sont disponibles<\/li>\n<li style=\"font-weight: 400;\" aria-level=\"1\">Convient \u00e0 toutes les grandes marques (Nike, Adidas, Reebok, Converse, Vans)<\/li>\n<li style=\"font-weight: 400;\" aria-level=\"1\">Embouts en plastique transparent<\/li>\n<\/ul>\n","protected":false},"featured_media":69250,"comment_status":"open","ping_status":"closed","template":"","meta":{"_acf_changed":false},"product_brand":[],"product_cat":[1499,1654,1087,1372,1351,1353,1217,1060,1236,1705,1431,1662,1191,1355,1225,1199,947],"product_tag":[986,984,962,966,961,964,985,963],"woo-feed-brand":[],"class_list":{"0":"post-69240","1":"product","2":"type-product","3":"status-publish","4":"has-post-thumbnail","6":"product_cat-des-lacets-de-bottes-jaunes-qui-surpassent-tous-les-autres-et-sadaptent-parfaitement","7":"product_cat-des-lacets-de-bottes-timberland-etonnants-qui-ne-te-laisseront-pas-tomber","8":"product_cat-des-lacets-en-coton-de-premiere-qualite-qui-surpassent-en-tous-points-les-autres-marques","9":"product_cat-des-lacets-jaunes-pour-ajouter-un-rayon-de-soleil-a-tes-chaussures","10":"product_cat-lacets-asics-personnalise-tes-chaussures","11":"product_cat-lacets-colores-a-la-mode-pour-chaussures-de-sport","12":"product_cat-lacets-colores-de-converse-high-top-qui-ont-lair-fabuleux-et-volants","13":"product_cat-lacets-converse-pour-remettre-tes-chucks-au-gout-du-jour","14":"product_cat-lacets-de-63-pouces-lultime-changement-de-jeu-pour-les-lacets-de-chaussures","15":"product_cat-lacets-de-luxe-louis-vuitton-qui-completent-ta-sophistication-et-ton-style","16":"product_cat-lacets-noirs-et-jaunes-de-qualite-superieure-parfaits-pour-tous-les-styles","17":"product_cat-lacets-pour-bottes-de-snowboard-un-pas-en-avant-dans-ton-jeu-dequitation","18":"product_cat-lacets-vans-fantastiques-pour-tes-baskets","19":"product_cat-les-lacets-epoustouflants-de-la-jordan-5-rendent-les-lacets-de-chaussures-obsoletes","20":"product_cat-les-lacets-gucci-sont-aussi-luxueux-que-tes-chaussures","21":"product_cat-puma-fat-laces-haut-de-gamme","22":"product_cat-tous-les-lacets","23":"product_tag-cire","24":"product_tag-cire-plat","25":"product_tag-lacets","26":"product_tag-lacets-a-pointe-dor","27":"product_tag-loop-king-fr","28":"product_tag-noir","29":"product_tag-plat","30":"product_tag-pointe-en-metal","32":"first","33":"instock","34":"taxable","35":"shipping-taxable","36":"purchasable","37":"product-type-variable"},"acf":[],"yoast_head":"<!-- This site is optimized with the Yoast SEO plugin v27.4 - https:\/\/yoast.com\/product\/yoast-seo-wordpress\/ -->\n<title>Lacets en coton plat jaune d&#039;or avec embouts en plastique transparent<\/title>\n<meta name=\"description\" content=\"Fais passer ton style au niveau sup\u00e9rieur avec nos lacets plats en coton - l&#039;harmonie parfaite entre une mode captivante et une endurance sup\u00e9rieure, avec des mat\u00e9riaux de qualit\u00e9.\" \/>\n<meta name=\"robots\" content=\"index, follow, max-snippet:-1, max-image-preview:large, max-video-preview:-1\" \/>\n<link rel=\"canonical\" href=\"https:\/\/www.loopkinglaces.com\/fr\/products\/lacets-en-coton-plat-jaune-dor-avec-embouts-en-plastique-transparent\/\" \/>\n<meta property=\"og:locale\" content=\"fr_FR\" \/>\n<meta property=\"og:type\" content=\"article\" \/>\n<meta property=\"og:title\" content=\"Lacets en coton plat jaune d&#039;or avec embouts en plastique transparent\" \/>\n<meta property=\"og:description\" content=\"Fais passer ton style au niveau sup\u00e9rieur avec nos lacets plats en coton - l&#039;harmonie parfaite entre une mode captivante et une endurance sup\u00e9rieure, avec des mat\u00e9riaux de qualit\u00e9.\" \/>\n<meta property=\"og:url\" content=\"https:\/\/www.loopkinglaces.com\/fr\/products\/lacets-en-coton-plat-jaune-dor-avec-embouts-en-plastique-transparent\/\" \/>\n<meta property=\"og:site_name\" content=\"Luxury Gold Tip Shoelaces by Loop King Laces\" \/>\n<meta property=\"article:publisher\" content=\"https:\/\/www.facebook.com\/LoopKingLaces\/\" \/>\n<meta property=\"og:image\" content=\"https:\/\/www.loopkinglaces.com\/wp-content\/uploads\/IMG_1042.jpg\" \/>\n\t<meta property=\"og:image:width\" content=\"800\" \/>\n\t<meta property=\"og:image:height\" content=\"800\" \/>\n\t<meta property=\"og:image:type\" content=\"image\/jpeg\" \/>\n<meta name=\"twitter:card\" content=\"summary_large_image\" \/>\n<meta name=\"twitter:site\" content=\"@loopkinglaces\" \/>\n<script type=\"application\/ld+json\" class=\"yoast-schema-graph\">{\"@context\":\"https:\\\/\\\/schema.org\",\"@graph\":[{\"@type\":[\"WebPage\",\"ItemPage\"],\"@id\":\"https:\\\/\\\/www.loopkinglaces.com\\\/fr\\\/products\\\/lacets-en-coton-plat-jaune-dor-avec-embouts-en-plastique-transparent\\\/\",\"url\":\"https:\\\/\\\/www.loopkinglaces.com\\\/fr\\\/products\\\/lacets-en-coton-plat-jaune-dor-avec-embouts-en-plastique-transparent\\\/\",\"name\":\"Lacets en coton plat jaune d'or avec embouts en plastique transparent\",\"isPartOf\":{\"@id\":\"https:\\\/\\\/www.loopkinglaces.com\\\/fr\\\/#website\"},\"primaryImageOfPage\":{\"@id\":\"https:\\\/\\\/www.loopkinglaces.com\\\/fr\\\/products\\\/lacets-en-coton-plat-jaune-dor-avec-embouts-en-plastique-transparent\\\/#primaryimage\"},\"image\":{\"@id\":\"https:\\\/\\\/www.loopkinglaces.com\\\/fr\\\/products\\\/lacets-en-coton-plat-jaune-dor-avec-embouts-en-plastique-transparent\\\/#primaryimage\"},\"thumbnailUrl\":\"https:\\\/\\\/www.loopkinglaces.com\\\/wp-content\\\/uploads\\\/IMG_1042.jpg\",\"datePublished\":\"2023-08-03T18:14:52+00:00\",\"description\":\"Fais passer ton style au niveau sup\u00e9rieur avec nos lacets plats en coton - l'harmonie parfaite entre une mode captivante et une endurance sup\u00e9rieure, avec des mat\u00e9riaux de qualit\u00e9.\",\"breadcrumb\":{\"@id\":\"https:\\\/\\\/www.loopkinglaces.com\\\/fr\\\/products\\\/lacets-en-coton-plat-jaune-dor-avec-embouts-en-plastique-transparent\\\/#breadcrumb\"},\"inLanguage\":\"fr-FR\",\"potentialAction\":[{\"@type\":\"ReadAction\",\"target\":[\"https:\\\/\\\/www.loopkinglaces.com\\\/fr\\\/products\\\/lacets-en-coton-plat-jaune-dor-avec-embouts-en-plastique-transparent\\\/\"]}]},{\"@type\":\"ImageObject\",\"inLanguage\":\"fr-FR\",\"@id\":\"https:\\\/\\\/www.loopkinglaces.com\\\/fr\\\/products\\\/lacets-en-coton-plat-jaune-dor-avec-embouts-en-plastique-transparent\\\/#primaryimage\",\"url\":\"https:\\\/\\\/www.loopkinglaces.com\\\/wp-content\\\/uploads\\\/IMG_1042.jpg\",\"contentUrl\":\"https:\\\/\\\/www.loopkinglaces.com\\\/wp-content\\\/uploads\\\/IMG_1042.jpg\",\"width\":800,\"height\":800},{\"@type\":\"BreadcrumbList\",\"@id\":\"https:\\\/\\\/www.loopkinglaces.com\\\/fr\\\/products\\\/lacets-en-coton-plat-jaune-dor-avec-embouts-en-plastique-transparent\\\/#breadcrumb\",\"itemListElement\":[{\"@type\":\"ListItem\",\"position\":1,\"name\":\"Home\",\"item\":\"https:\\\/\\\/www.loopkinglaces.com\\\/fr\\\/\"},{\"@type\":\"ListItem\",\"position\":2,\"name\":\"ACHETER DES LACES\",\"item\":\"https:\\\/\\\/www.loopkinglaces.com\\\/fr\\\/acheter-des-laces\\\/\"},{\"@type\":\"ListItem\",\"position\":3,\"name\":\"Lacets en coton plat jaune d&#8217;or avec embouts en plastique transparent\"}]},{\"@type\":\"WebSite\",\"@id\":\"https:\\\/\\\/www.loopkinglaces.com\\\/fr\\\/#website\",\"url\":\"https:\\\/\\\/www.loopkinglaces.com\\\/fr\\\/\",\"name\":\"Luxury Gold Tip Shoelaces by Loop King Laces\",\"description\":\"Rope Laces, Flat Waxed Laces and Leather Laces. All With Gold Tips.\",\"publisher\":{\"@id\":\"https:\\\/\\\/www.loopkinglaces.com\\\/fr\\\/#organization\"},\"potentialAction\":[{\"@type\":\"SearchAction\",\"target\":{\"@type\":\"EntryPoint\",\"urlTemplate\":\"https:\\\/\\\/www.loopkinglaces.com\\\/fr\\\/?s={search_term_string}\"},\"query-input\":{\"@type\":\"PropertyValueSpecification\",\"valueRequired\":true,\"valueName\":\"search_term_string\"}}],\"inLanguage\":\"fr-FR\"},{\"@type\":\"Organization\",\"@id\":\"https:\\\/\\\/www.loopkinglaces.com\\\/fr\\\/#organization\",\"name\":\"Loop King Laces\",\"url\":\"https:\\\/\\\/www.loopkinglaces.com\\\/fr\\\/\",\"logo\":{\"@type\":\"ImageObject\",\"inLanguage\":\"fr-FR\",\"@id\":\"https:\\\/\\\/www.loopkinglaces.com\\\/fr\\\/#\\\/schema\\\/logo\\\/image\\\/\",\"url\":\"https:\\\/\\\/www.loopkinglaces.com\\\/wp-content\\\/uploads\\\/LOOP-KING-LACES.1.1-01-LOGO-HI-RES-OFFICIAL-1.png\",\"contentUrl\":\"https:\\\/\\\/www.loopkinglaces.com\\\/wp-content\\\/uploads\\\/LOOP-KING-LACES.1.1-01-LOGO-HI-RES-OFFICIAL-1.png\",\"width\":128,\"height\":91,\"caption\":\"Loop King Laces\"},\"image\":{\"@id\":\"https:\\\/\\\/www.loopkinglaces.com\\\/fr\\\/#\\\/schema\\\/logo\\\/image\\\/\"},\"sameAs\":[\"https:\\\/\\\/www.facebook.com\\\/LoopKingLaces\\\/\",\"https:\\\/\\\/x.com\\\/loopkinglaces\",\"https:\\\/\\\/www.instagram.com\\\/loopkinglaces\\\/\"]}]}<\/script>\n<!-- \/ Yoast SEO plugin. -->","yoast_head_json":{"title":"Lacets en coton plat jaune d'or avec embouts en plastique transparent","description":"Fais passer ton style au niveau sup\u00e9rieur avec nos lacets plats en coton - l'harmonie parfaite entre une mode captivante et une endurance sup\u00e9rieure, avec des mat\u00e9riaux de qualit\u00e9.","robots":{"index":"index","follow":"follow","max-snippet":"max-snippet:-1","max-image-preview":"max-image-preview:large","max-video-preview":"max-video-preview:-1"},"canonical":"https:\/\/www.loopkinglaces.com\/fr\/products\/lacets-en-coton-plat-jaune-dor-avec-embouts-en-plastique-transparent\/","og_locale":"fr_FR","og_type":"article","og_title":"Lacets en coton plat jaune d'or avec embouts en plastique transparent","og_description":"Fais passer ton style au niveau sup\u00e9rieur avec nos lacets plats en coton - l'harmonie parfaite entre une mode captivante et une endurance sup\u00e9rieure, avec des mat\u00e9riaux de qualit\u00e9.","og_url":"https:\/\/www.loopkinglaces.com\/fr\/products\/lacets-en-coton-plat-jaune-dor-avec-embouts-en-plastique-transparent\/","og_site_name":"Luxury Gold Tip Shoelaces by Loop King Laces","article_publisher":"https:\/\/www.facebook.com\/LoopKingLaces\/","og_image":[{"width":800,"height":800,"url":"https:\/\/www.loopkinglaces.com\/wp-content\/uploads\/IMG_1042.jpg","type":"image\/jpeg"}],"twitter_card":"summary_large_image","twitter_site":"@loopkinglaces","schema":{"@context":"https:\/\/schema.org","@graph":[{"@type":["WebPage","ItemPage"],"@id":"https:\/\/www.loopkinglaces.com\/fr\/products\/lacets-en-coton-plat-jaune-dor-avec-embouts-en-plastique-transparent\/","url":"https:\/\/www.loopkinglaces.com\/fr\/products\/lacets-en-coton-plat-jaune-dor-avec-embouts-en-plastique-transparent\/","name":"Lacets en coton plat jaune d'or avec embouts en plastique transparent","isPartOf":{"@id":"https:\/\/www.loopkinglaces.com\/fr\/#website"},"primaryImageOfPage":{"@id":"https:\/\/www.loopkinglaces.com\/fr\/products\/lacets-en-coton-plat-jaune-dor-avec-embouts-en-plastique-transparent\/#primaryimage"},"image":{"@id":"https:\/\/www.loopkinglaces.com\/fr\/products\/lacets-en-coton-plat-jaune-dor-avec-embouts-en-plastique-transparent\/#primaryimage"},"thumbnailUrl":"https:\/\/www.loopkinglaces.com\/wp-content\/uploads\/IMG_1042.jpg","datePublished":"2023-08-03T18:14:52+00:00","description":"Fais passer ton style au niveau sup\u00e9rieur avec nos lacets plats en coton - l'harmonie parfaite entre une mode captivante et une endurance sup\u00e9rieure, avec des mat\u00e9riaux de qualit\u00e9.","breadcrumb":{"@id":"https:\/\/www.loopkinglaces.com\/fr\/products\/lacets-en-coton-plat-jaune-dor-avec-embouts-en-plastique-transparent\/#breadcrumb"},"inLanguage":"fr-FR","potentialAction":[{"@type":"ReadAction","target":["https:\/\/www.loopkinglaces.com\/fr\/products\/lacets-en-coton-plat-jaune-dor-avec-embouts-en-plastique-transparent\/"]}]},{"@type":"ImageObject","inLanguage":"fr-FR","@id":"https:\/\/www.loopkinglaces.com\/fr\/products\/lacets-en-coton-plat-jaune-dor-avec-embouts-en-plastique-transparent\/#primaryimage","url":"https:\/\/www.loopkinglaces.com\/wp-content\/uploads\/IMG_1042.jpg","contentUrl":"https:\/\/www.loopkinglaces.com\/wp-content\/uploads\/IMG_1042.jpg","width":800,"height":800},{"@type":"BreadcrumbList","@id":"https:\/\/www.loopkinglaces.com\/fr\/products\/lacets-en-coton-plat-jaune-dor-avec-embouts-en-plastique-transparent\/#breadcrumb","itemListElement":[{"@type":"ListItem","position":1,"name":"Home","item":"https:\/\/www.loopkinglaces.com\/fr\/"},{"@type":"ListItem","position":2,"name":"ACHETER DES LACES","item":"https:\/\/www.loopkinglaces.com\/fr\/acheter-des-laces\/"},{"@type":"ListItem","position":3,"name":"Lacets en coton plat jaune d&#8217;or avec embouts en plastique transparent"}]},{"@type":"WebSite","@id":"https:\/\/www.loopkinglaces.com\/fr\/#website","url":"https:\/\/www.loopkinglaces.com\/fr\/","name":"Luxury Gold Tip Shoelaces by Loop King Laces","description":"Rope Laces, Flat Waxed Laces and Leather Laces. All With Gold Tips.","publisher":{"@id":"https:\/\/www.loopkinglaces.com\/fr\/#organization"},"potentialAction":[{"@type":"SearchAction","target":{"@type":"EntryPoint","urlTemplate":"https:\/\/www.loopkinglaces.com\/fr\/?s={search_term_string}"},"query-input":{"@type":"PropertyValueSpecification","valueRequired":true,"valueName":"search_term_string"}}],"inLanguage":"fr-FR"},{"@type":"Organization","@id":"https:\/\/www.loopkinglaces.com\/fr\/#organization","name":"Loop King Laces","url":"https:\/\/www.loopkinglaces.com\/fr\/","logo":{"@type":"ImageObject","inLanguage":"fr-FR","@id":"https:\/\/www.loopkinglaces.com\/fr\/#\/schema\/logo\/image\/","url":"https:\/\/www.loopkinglaces.com\/wp-content\/uploads\/LOOP-KING-LACES.1.1-01-LOGO-HI-RES-OFFICIAL-1.png","contentUrl":"https:\/\/www.loopkinglaces.com\/wp-content\/uploads\/LOOP-KING-LACES.1.1-01-LOGO-HI-RES-OFFICIAL-1.png","width":128,"height":91,"caption":"Loop King Laces"},"image":{"@id":"https:\/\/www.loopkinglaces.com\/fr\/#\/schema\/logo\/image\/"},"sameAs":["https:\/\/www.facebook.com\/LoopKingLaces\/","https:\/\/x.com\/loopkinglaces","https:\/\/www.instagram.com\/loopkinglaces\/"]}]}},"_links":{"self":[{"href":"https:\/\/www.loopkinglaces.com\/fr\/wp-json\/wp\/v2\/product\/69240","targetHints":{"allow":["GET"]}}],"collection":[{"href":"https:\/\/www.loopkinglaces.com\/fr\/wp-json\/wp\/v2\/product"}],"about":[{"href":"https:\/\/www.loopkinglaces.com\/fr\/wp-json\/wp\/v2\/types\/product"}],"replies":[{"embeddable":true,"href":"https:\/\/www.loopkinglaces.com\/fr\/wp-json\/wp\/v2\/comments?post=69240"}],"wp:featuredmedia":[{"embeddable":true,"href":"https:\/\/www.loopkinglaces.com\/fr\/wp-json\/wp\/v2\/media\/69250"}],"wp:attachment":[{"href":"https:\/\/www.loopkinglaces.com\/fr\/wp-json\/wp\/v2\/media?parent=69240"}],"wp:term":[{"taxonomy":"product_brand","embeddable":true,"href":"https:\/\/www.loopkinglaces.com\/fr\/wp-json\/wp\/v2\/product_brand?post=69240"},{"taxonomy":"product_cat","embeddable":true,"href":"https:\/\/www.loopkinglaces.com\/fr\/wp-json\/wp\/v2\/product_cat?post=69240"},{"taxonomy":"product_tag","embeddable":true,"href":"https:\/\/www.loopkinglaces.com\/fr\/wp-json\/wp\/v2\/product_tag?post=69240"},{"taxonomy":"woo-feed-brand","embeddable":true,"href":"https:\/\/www.loopkinglaces.com\/fr\/wp-json\/wp\/v2\/woo-feed-brand?post=69240"}],"curies":[{"name":"wp","href":"https:\/\/api.w.org\/{rel}","templated":true}]}}