{"id":69183,"date":"2023-08-03T18:07:54","date_gmt":"2023-08-03T18:07:54","guid":{"rendered":"https:\/\/www.loopkinglaces.com\/products\/lacets-plats-en-coton-gris-fonce-avec-embouts-en-plastique-transparent\/"},"modified":"2023-08-03T18:07:54","modified_gmt":"2023-08-03T18:07:54","slug":"lacets-plats-en-coton-gris-fonce-avec-embouts-en-plastique-transparent","status":"publish","type":"product","link":"https:\/\/www.loopkinglaces.com\/fr\/products\/lacets-plats-en-coton-gris-fonce-avec-embouts-en-plastique-transparent\/","title":{"rendered":"Lacets plats en coton gris fonc\u00e9 avec embouts en plastique transparent"},"content":{"rendered":"<p>Entre dans l&#8217;avenir du style avec nos lacets plats en coton \u00e0 la pointe de la technologie !<br \/>\nDot\u00e9s de pointes en plastique chic et fabriqu\u00e9s en coton de premi\u00e8re qualit\u00e9 et doux au toucher, ils conf\u00e8rent un air d&#8217;\u00e9l\u00e9gance sans effort \u00e0 tes bottes ou chaussures habill\u00e9es pr\u00e9f\u00e9r\u00e9es.<br \/>\nGr\u00e2ce \u00e0 leur interchangeabilit\u00e9 avec de nombreuses marques, tu seras toujours pr\u00eat \u00e0 te lancer dans la course avec des chaussures \u00e0 la pointe de la mode.  <\/p>\n","protected":false},"excerpt":{"rendered":"<p><strong>Shadow Grey Flat Cotton Shoelaces with Clear Plastic Tips<\/strong> Embrasse l&#8217;avenir de l&#8217;esth\u00e9tique de la chaussure avec nos lacets plats r\u00e9volutionnaires en coton !<br \/>\nRehauss\u00e9s de pointes en plastique \u00e9l\u00e9gantes et fabriqu\u00e9s \u00e0 partir de coton doux au toucher de premi\u00e8re qualit\u00e9, ils ajoutent une touche chic sans effort \u00e0 n&#8217;importe quelle botte ou chaussure habill\u00e9e.<br \/>\nDe plus, leur compatibilit\u00e9 universelle signifie que tu ne seras jamais li\u00e9 \u00e0 un seul style &#8211; pr\u00e9pare-toi \u00e0 suivre la mode en toute simplicit\u00e9 !<br \/>\nLes caract\u00e9ristiques principales comprennent :     <\/p>\n<ul>\n<li style=\"font-weight: 400;\" aria-level=\"1\">Mat\u00e9riaux de premi\u00e8re qualit\u00e9<\/li>\n<li style=\"font-weight: 400;\" aria-level=\"1\">Emballage scell\u00e9 et superbe<\/li>\n<li style=\"font-weight: 400;\" aria-level=\"1\">Diff\u00e9rentes longueurs sont disponibles<\/li>\n<li style=\"font-weight: 400;\" aria-level=\"1\">Convient \u00e0 toutes les grandes marques (Nike, Adidas, Reebok, Converse, Vans)<\/li>\n<li style=\"font-weight: 400;\" aria-level=\"1\">Embouts en plastique transparent<\/li>\n<\/ul>\n","protected":false},"featured_media":69194,"comment_status":"open","ping_status":"closed","template":"","meta":{"_acf_changed":false},"product_brand":[],"product_cat":[1366,1658,1087,980,1058,1222,1353,1230,1661,1368,1664,1189,1513,1355,1225,1384,1501,947,1234],"product_tag":[986,984,962,966,961,964,985,963],"woo-feed-brand":[],"class_list":{"0":"post-69183","1":"product","2":"type-product","3":"status-publish","4":"has-post-thumbnail","6":"product_cat-collection-de-lacets-de-chaussures-grises-classiques","7":"product_cat-des-lacets-de-bottes-colores-qui-ajoutent-du-style-du-confort-et-de-lelegance","8":"product_cat-des-lacets-en-coton-de-premiere-qualite-qui-surpassent-en-tous-points-les-autres-marques","9":"product_cat-des-lacets-nike-air-force-1-elegants-pour-impressionner","10":"product_cat-lacets-adidas-pour-ultraboost-superior-laces","11":"product_cat-lacets-burberry-qui-amelioreront-tes-chaussures","12":"product_cat-lacets-colores-a-la-mode-pour-chaussures-de-sport","13":"product_cat-lacets-de-chaussures-keen-maitriser-lart-du-noir-et-du-gris","14":"product_cat-lacets-de-chaussures-merrell-relation-amour-haine","15":"product_cat-lacets-elite-dallas-cowboys-pour-supporter-ton-equipe-favorite-avec-style","16":"product_cat-lacets-epais-les-heros-meconnus-de-la-mode-des-chaussures","17":"product_cat-lacets-stan-smith-fantaisie-et-tendance","18":"product_cat-lacets-union-ameliore-ton-union-jordan-1","19":"product_cat-les-lacets-epoustouflants-de-la-jordan-5-rendent-les-lacets-de-chaussures-obsoletes","20":"product_cat-les-lacets-gucci-sont-aussi-luxueux-que-tes-chaussures","21":"product_cat-les-styles-phenomenaux-de-lacets-yeezy-a-choisir","22":"product_cat-rick-owens-laces-le-heros-inattendu-de-la-mode","23":"product_cat-tous-les-lacets","24":"product_cat-trouver-les-lacets-parfaits-de-60-pouces-une-aventure-dans-le-monde-reel","25":"product_tag-cire","26":"product_tag-cire-plat","27":"product_tag-lacets","28":"product_tag-lacets-a-pointe-dor","29":"product_tag-loop-king-fr","30":"product_tag-noir","31":"product_tag-plat","32":"product_tag-pointe-en-metal","34":"first","35":"instock","36":"taxable","37":"shipping-taxable","38":"purchasable","39":"product-type-variable"},"acf":[],"yoast_head":"<!-- This site is optimized with the Yoast SEO plugin v27.4 - https:\/\/yoast.com\/product\/yoast-seo-wordpress\/ -->\n<title>Lacets plats en coton gris fonc\u00e9 avec embouts en plastique transparent<\/title>\n<meta name=\"description\" content=\"Amplifie ton style avec nos lacets plats en coton - une fusion parfaite entre une mode accrocheuse et une r\u00e9sistance supr\u00eame, en utilisant des mat\u00e9riaux de premi\u00e8re qualit\u00e9.\" \/>\n<meta name=\"robots\" content=\"index, follow, max-snippet:-1, max-image-preview:large, max-video-preview:-1\" \/>\n<link rel=\"canonical\" href=\"https:\/\/www.loopkinglaces.com\/fr\/products\/lacets-plats-en-coton-gris-fonce-avec-embouts-en-plastique-transparent\/\" \/>\n<meta property=\"og:locale\" content=\"fr_FR\" \/>\n<meta property=\"og:type\" content=\"article\" \/>\n<meta property=\"og:title\" content=\"Lacets plats en coton gris fonc\u00e9 avec embouts en plastique transparent\" \/>\n<meta property=\"og:description\" content=\"Amplifie ton style avec nos lacets plats en coton - une fusion parfaite entre une mode accrocheuse et une r\u00e9sistance supr\u00eame, en utilisant des mat\u00e9riaux de premi\u00e8re qualit\u00e9.\" \/>\n<meta property=\"og:url\" content=\"https:\/\/www.loopkinglaces.com\/fr\/products\/lacets-plats-en-coton-gris-fonce-avec-embouts-en-plastique-transparent\/\" \/>\n<meta property=\"og:site_name\" content=\"Luxury Gold Tip Shoelaces by Loop King Laces\" \/>\n<meta property=\"article:publisher\" content=\"https:\/\/www.facebook.com\/LoopKingLaces\/\" \/>\n<meta property=\"og:image\" content=\"https:\/\/www.loopkinglaces.com\/wp-content\/uploads\/IMG_1047.jpg\" \/>\n\t<meta property=\"og:image:width\" content=\"800\" \/>\n\t<meta property=\"og:image:height\" content=\"800\" \/>\n\t<meta property=\"og:image:type\" content=\"image\/jpeg\" \/>\n<meta name=\"twitter:card\" content=\"summary_large_image\" \/>\n<meta name=\"twitter:site\" content=\"@loopkinglaces\" \/>\n<script type=\"application\/ld+json\" class=\"yoast-schema-graph\">{\"@context\":\"https:\\\/\\\/schema.org\",\"@graph\":[{\"@type\":[\"WebPage\",\"ItemPage\"],\"@id\":\"https:\\\/\\\/www.loopkinglaces.com\\\/fr\\\/products\\\/lacets-plats-en-coton-gris-fonce-avec-embouts-en-plastique-transparent\\\/\",\"url\":\"https:\\\/\\\/www.loopkinglaces.com\\\/fr\\\/products\\\/lacets-plats-en-coton-gris-fonce-avec-embouts-en-plastique-transparent\\\/\",\"name\":\"Lacets plats en coton gris fonc\u00e9 avec embouts en plastique transparent\",\"isPartOf\":{\"@id\":\"https:\\\/\\\/www.loopkinglaces.com\\\/fr\\\/#website\"},\"primaryImageOfPage\":{\"@id\":\"https:\\\/\\\/www.loopkinglaces.com\\\/fr\\\/products\\\/lacets-plats-en-coton-gris-fonce-avec-embouts-en-plastique-transparent\\\/#primaryimage\"},\"image\":{\"@id\":\"https:\\\/\\\/www.loopkinglaces.com\\\/fr\\\/products\\\/lacets-plats-en-coton-gris-fonce-avec-embouts-en-plastique-transparent\\\/#primaryimage\"},\"thumbnailUrl\":\"https:\\\/\\\/www.loopkinglaces.com\\\/wp-content\\\/uploads\\\/IMG_1047.jpg\",\"datePublished\":\"2023-08-03T18:07:54+00:00\",\"description\":\"Amplifie ton style avec nos lacets plats en coton - une fusion parfaite entre une mode accrocheuse et une r\u00e9sistance supr\u00eame, en utilisant des mat\u00e9riaux de premi\u00e8re qualit\u00e9.\",\"breadcrumb\":{\"@id\":\"https:\\\/\\\/www.loopkinglaces.com\\\/fr\\\/products\\\/lacets-plats-en-coton-gris-fonce-avec-embouts-en-plastique-transparent\\\/#breadcrumb\"},\"inLanguage\":\"fr-FR\",\"potentialAction\":[{\"@type\":\"ReadAction\",\"target\":[\"https:\\\/\\\/www.loopkinglaces.com\\\/fr\\\/products\\\/lacets-plats-en-coton-gris-fonce-avec-embouts-en-plastique-transparent\\\/\"]}]},{\"@type\":\"ImageObject\",\"inLanguage\":\"fr-FR\",\"@id\":\"https:\\\/\\\/www.loopkinglaces.com\\\/fr\\\/products\\\/lacets-plats-en-coton-gris-fonce-avec-embouts-en-plastique-transparent\\\/#primaryimage\",\"url\":\"https:\\\/\\\/www.loopkinglaces.com\\\/wp-content\\\/uploads\\\/IMG_1047.jpg\",\"contentUrl\":\"https:\\\/\\\/www.loopkinglaces.com\\\/wp-content\\\/uploads\\\/IMG_1047.jpg\",\"width\":800,\"height\":800},{\"@type\":\"BreadcrumbList\",\"@id\":\"https:\\\/\\\/www.loopkinglaces.com\\\/fr\\\/products\\\/lacets-plats-en-coton-gris-fonce-avec-embouts-en-plastique-transparent\\\/#breadcrumb\",\"itemListElement\":[{\"@type\":\"ListItem\",\"position\":1,\"name\":\"Home\",\"item\":\"https:\\\/\\\/www.loopkinglaces.com\\\/fr\\\/\"},{\"@type\":\"ListItem\",\"position\":2,\"name\":\"ACHETER DES LACES\",\"item\":\"https:\\\/\\\/www.loopkinglaces.com\\\/fr\\\/acheter-des-laces\\\/\"},{\"@type\":\"ListItem\",\"position\":3,\"name\":\"Lacets plats en coton gris fonc\u00e9 avec embouts en plastique transparent\"}]},{\"@type\":\"WebSite\",\"@id\":\"https:\\\/\\\/www.loopkinglaces.com\\\/fr\\\/#website\",\"url\":\"https:\\\/\\\/www.loopkinglaces.com\\\/fr\\\/\",\"name\":\"Luxury Gold Tip Shoelaces by Loop King Laces\",\"description\":\"Rope Laces, Flat Waxed Laces and Leather Laces. All With Gold Tips.\",\"publisher\":{\"@id\":\"https:\\\/\\\/www.loopkinglaces.com\\\/fr\\\/#organization\"},\"potentialAction\":[{\"@type\":\"SearchAction\",\"target\":{\"@type\":\"EntryPoint\",\"urlTemplate\":\"https:\\\/\\\/www.loopkinglaces.com\\\/fr\\\/?s={search_term_string}\"},\"query-input\":{\"@type\":\"PropertyValueSpecification\",\"valueRequired\":true,\"valueName\":\"search_term_string\"}}],\"inLanguage\":\"fr-FR\"},{\"@type\":\"Organization\",\"@id\":\"https:\\\/\\\/www.loopkinglaces.com\\\/fr\\\/#organization\",\"name\":\"Loop King Laces\",\"url\":\"https:\\\/\\\/www.loopkinglaces.com\\\/fr\\\/\",\"logo\":{\"@type\":\"ImageObject\",\"inLanguage\":\"fr-FR\",\"@id\":\"https:\\\/\\\/www.loopkinglaces.com\\\/fr\\\/#\\\/schema\\\/logo\\\/image\\\/\",\"url\":\"https:\\\/\\\/www.loopkinglaces.com\\\/wp-content\\\/uploads\\\/LOOP-KING-LACES.1.1-01-LOGO-HI-RES-OFFICIAL-1.png\",\"contentUrl\":\"https:\\\/\\\/www.loopkinglaces.com\\\/wp-content\\\/uploads\\\/LOOP-KING-LACES.1.1-01-LOGO-HI-RES-OFFICIAL-1.png\",\"width\":128,\"height\":91,\"caption\":\"Loop King Laces\"},\"image\":{\"@id\":\"https:\\\/\\\/www.loopkinglaces.com\\\/fr\\\/#\\\/schema\\\/logo\\\/image\\\/\"},\"sameAs\":[\"https:\\\/\\\/www.facebook.com\\\/LoopKingLaces\\\/\",\"https:\\\/\\\/x.com\\\/loopkinglaces\",\"https:\\\/\\\/www.instagram.com\\\/loopkinglaces\\\/\"]}]}<\/script>\n<!-- \/ Yoast SEO plugin. -->","yoast_head_json":{"title":"Lacets plats en coton gris fonc\u00e9 avec embouts en plastique transparent","description":"Amplifie ton style avec nos lacets plats en coton - une fusion parfaite entre une mode accrocheuse et une r\u00e9sistance supr\u00eame, en utilisant des mat\u00e9riaux de premi\u00e8re qualit\u00e9.","robots":{"index":"index","follow":"follow","max-snippet":"max-snippet:-1","max-image-preview":"max-image-preview:large","max-video-preview":"max-video-preview:-1"},"canonical":"https:\/\/www.loopkinglaces.com\/fr\/products\/lacets-plats-en-coton-gris-fonce-avec-embouts-en-plastique-transparent\/","og_locale":"fr_FR","og_type":"article","og_title":"Lacets plats en coton gris fonc\u00e9 avec embouts en plastique transparent","og_description":"Amplifie ton style avec nos lacets plats en coton - une fusion parfaite entre une mode accrocheuse et une r\u00e9sistance supr\u00eame, en utilisant des mat\u00e9riaux de premi\u00e8re qualit\u00e9.","og_url":"https:\/\/www.loopkinglaces.com\/fr\/products\/lacets-plats-en-coton-gris-fonce-avec-embouts-en-plastique-transparent\/","og_site_name":"Luxury Gold Tip Shoelaces by Loop King Laces","article_publisher":"https:\/\/www.facebook.com\/LoopKingLaces\/","og_image":[{"width":800,"height":800,"url":"https:\/\/www.loopkinglaces.com\/wp-content\/uploads\/IMG_1047.jpg","type":"image\/jpeg"}],"twitter_card":"summary_large_image","twitter_site":"@loopkinglaces","schema":{"@context":"https:\/\/schema.org","@graph":[{"@type":["WebPage","ItemPage"],"@id":"https:\/\/www.loopkinglaces.com\/fr\/products\/lacets-plats-en-coton-gris-fonce-avec-embouts-en-plastique-transparent\/","url":"https:\/\/www.loopkinglaces.com\/fr\/products\/lacets-plats-en-coton-gris-fonce-avec-embouts-en-plastique-transparent\/","name":"Lacets plats en coton gris fonc\u00e9 avec embouts en plastique transparent","isPartOf":{"@id":"https:\/\/www.loopkinglaces.com\/fr\/#website"},"primaryImageOfPage":{"@id":"https:\/\/www.loopkinglaces.com\/fr\/products\/lacets-plats-en-coton-gris-fonce-avec-embouts-en-plastique-transparent\/#primaryimage"},"image":{"@id":"https:\/\/www.loopkinglaces.com\/fr\/products\/lacets-plats-en-coton-gris-fonce-avec-embouts-en-plastique-transparent\/#primaryimage"},"thumbnailUrl":"https:\/\/www.loopkinglaces.com\/wp-content\/uploads\/IMG_1047.jpg","datePublished":"2023-08-03T18:07:54+00:00","description":"Amplifie ton style avec nos lacets plats en coton - une fusion parfaite entre une mode accrocheuse et une r\u00e9sistance supr\u00eame, en utilisant des mat\u00e9riaux de premi\u00e8re qualit\u00e9.","breadcrumb":{"@id":"https:\/\/www.loopkinglaces.com\/fr\/products\/lacets-plats-en-coton-gris-fonce-avec-embouts-en-plastique-transparent\/#breadcrumb"},"inLanguage":"fr-FR","potentialAction":[{"@type":"ReadAction","target":["https:\/\/www.loopkinglaces.com\/fr\/products\/lacets-plats-en-coton-gris-fonce-avec-embouts-en-plastique-transparent\/"]}]},{"@type":"ImageObject","inLanguage":"fr-FR","@id":"https:\/\/www.loopkinglaces.com\/fr\/products\/lacets-plats-en-coton-gris-fonce-avec-embouts-en-plastique-transparent\/#primaryimage","url":"https:\/\/www.loopkinglaces.com\/wp-content\/uploads\/IMG_1047.jpg","contentUrl":"https:\/\/www.loopkinglaces.com\/wp-content\/uploads\/IMG_1047.jpg","width":800,"height":800},{"@type":"BreadcrumbList","@id":"https:\/\/www.loopkinglaces.com\/fr\/products\/lacets-plats-en-coton-gris-fonce-avec-embouts-en-plastique-transparent\/#breadcrumb","itemListElement":[{"@type":"ListItem","position":1,"name":"Home","item":"https:\/\/www.loopkinglaces.com\/fr\/"},{"@type":"ListItem","position":2,"name":"ACHETER DES LACES","item":"https:\/\/www.loopkinglaces.com\/fr\/acheter-des-laces\/"},{"@type":"ListItem","position":3,"name":"Lacets plats en coton gris fonc\u00e9 avec embouts en plastique transparent"}]},{"@type":"WebSite","@id":"https:\/\/www.loopkinglaces.com\/fr\/#website","url":"https:\/\/www.loopkinglaces.com\/fr\/","name":"Luxury Gold Tip Shoelaces by Loop King Laces","description":"Rope Laces, Flat Waxed Laces and Leather Laces. All With Gold Tips.","publisher":{"@id":"https:\/\/www.loopkinglaces.com\/fr\/#organization"},"potentialAction":[{"@type":"SearchAction","target":{"@type":"EntryPoint","urlTemplate":"https:\/\/www.loopkinglaces.com\/fr\/?s={search_term_string}"},"query-input":{"@type":"PropertyValueSpecification","valueRequired":true,"valueName":"search_term_string"}}],"inLanguage":"fr-FR"},{"@type":"Organization","@id":"https:\/\/www.loopkinglaces.com\/fr\/#organization","name":"Loop King Laces","url":"https:\/\/www.loopkinglaces.com\/fr\/","logo":{"@type":"ImageObject","inLanguage":"fr-FR","@id":"https:\/\/www.loopkinglaces.com\/fr\/#\/schema\/logo\/image\/","url":"https:\/\/www.loopkinglaces.com\/wp-content\/uploads\/LOOP-KING-LACES.1.1-01-LOGO-HI-RES-OFFICIAL-1.png","contentUrl":"https:\/\/www.loopkinglaces.com\/wp-content\/uploads\/LOOP-KING-LACES.1.1-01-LOGO-HI-RES-OFFICIAL-1.png","width":128,"height":91,"caption":"Loop King Laces"},"image":{"@id":"https:\/\/www.loopkinglaces.com\/fr\/#\/schema\/logo\/image\/"},"sameAs":["https:\/\/www.facebook.com\/LoopKingLaces\/","https:\/\/x.com\/loopkinglaces","https:\/\/www.instagram.com\/loopkinglaces\/"]}]}},"_links":{"self":[{"href":"https:\/\/www.loopkinglaces.com\/fr\/wp-json\/wp\/v2\/product\/69183","targetHints":{"allow":["GET"]}}],"collection":[{"href":"https:\/\/www.loopkinglaces.com\/fr\/wp-json\/wp\/v2\/product"}],"about":[{"href":"https:\/\/www.loopkinglaces.com\/fr\/wp-json\/wp\/v2\/types\/product"}],"replies":[{"embeddable":true,"href":"https:\/\/www.loopkinglaces.com\/fr\/wp-json\/wp\/v2\/comments?post=69183"}],"wp:featuredmedia":[{"embeddable":true,"href":"https:\/\/www.loopkinglaces.com\/fr\/wp-json\/wp\/v2\/media\/69194"}],"wp:attachment":[{"href":"https:\/\/www.loopkinglaces.com\/fr\/wp-json\/wp\/v2\/media?parent=69183"}],"wp:term":[{"taxonomy":"product_brand","embeddable":true,"href":"https:\/\/www.loopkinglaces.com\/fr\/wp-json\/wp\/v2\/product_brand?post=69183"},{"taxonomy":"product_cat","embeddable":true,"href":"https:\/\/www.loopkinglaces.com\/fr\/wp-json\/wp\/v2\/product_cat?post=69183"},{"taxonomy":"product_tag","embeddable":true,"href":"https:\/\/www.loopkinglaces.com\/fr\/wp-json\/wp\/v2\/product_tag?post=69183"},{"taxonomy":"woo-feed-brand","embeddable":true,"href":"https:\/\/www.loopkinglaces.com\/fr\/wp-json\/wp\/v2\/woo-feed-brand?post=69183"}],"curies":[{"name":"wp","href":"https:\/\/api.w.org\/{rel}","templated":true}]}}