{"id":68991,"date":"2023-12-08T18:31:39","date_gmt":"2023-12-08T18:31:39","guid":{"rendered":"https:\/\/www.loopkinglaces.com\/products\/lacets-blancs-en-corde-fine-avec-pointes-transparentes\/"},"modified":"2023-12-08T18:31:39","modified_gmt":"2023-12-08T18:31:39","slug":"lacets-blancs-en-corde-fine-avec-pointes-transparentes","status":"publish","type":"product","link":"https:\/\/www.loopkinglaces.com\/fr\/products\/lacets-blancs-en-corde-fine-avec-pointes-transparentes\/","title":{"rendered":"Lacets blancs en corde fine avec pointes transparentes"},"content":{"rendered":"<h3><a href=\"https:\/\/www.loopkinglaces.com\/\">Lacets de luxe pour baskets<\/a><\/h3>\n<p>  R\u00e9imagine l&#8217;\u00e9l\u00e9gance de tes chaussures avec les lacets Loop King.<br \/>\nLes lacets \u00e0 corde fine, orn\u00e9s d&#8217;embouts en plastique transparent, sont construits \u00e0 partir de mat\u00e9riaux de qualit\u00e9 sup\u00e9rieure pour une meilleure durabilit\u00e9.<br \/>\nAvec une dur\u00e9e de vie trois fois plus longue que les lacets typiques, d\u00e9couvre leurs nombreuses caract\u00e9ristiques.<br \/>\nNos lacets s&#8217;adaptent \u00e0 tous les diff\u00e9rents types de baskets et de marques, y compris Adidas, Nike, VANS et ainsi de suite, visite notre <a href=\"\/shoelace-size-chart\/\">guide des tailles<\/a> o\u00f9 tu pourras trouver la taille de lacets parfaite pour tes chaussures.     &nbsp;<\/p>\n","protected":false},"excerpt":{"rendered":"<p>Lacets <strong>blancs \u00e0 bouts fins avec embouts transparents<\/strong> Renforce ton style avec les lacets Loop King.<br \/>\nNos lacets \u00e0 corde fine, dot\u00e9s d&#8217;embouts en plastique transparent r\u00e9sistants, sont fabriqu\u00e9s \u00e0 partir de mat\u00e9riaux de la plus haute qualit\u00e9.<br \/>\nPromettant une dur\u00e9e de vie trois fois plus longue que les lacets standard, leurs caract\u00e9ristiques compl\u00e8tes sont d\u00e9crites ci-dessous :    <\/p>\n<ul>\n<li>Largeur de 2,5 \u00e0 3 mm (ronde)<\/li>\n<li>Mat\u00e9riaux de premi\u00e8re qualit\u00e9<\/li>\n<li>Dur\u00e9e de vie <strong>3 fois plus longue<\/strong> que les lacets ordinaires<\/li>\n<li>Embouts en plastique transparent de haute qualit\u00e9<\/li>\n<li>100 % coton longuement agraf\u00e9<\/li>\n<li>Beautiful Loop King Emballage par lacet<\/li>\n<\/ul>\n","protected":false},"featured_media":69009,"comment_status":"open","ping_status":"closed","template":"","meta":{"_acf_changed":false},"product_brand":[],"product_cat":[960,956,957,951,954,1245,1666,948,959,1407,1713,1219,1663,1356,947],"product_tag":[967,962,966,965,961,964,963],"woo-feed-brand":[],"class_list":{"0":"post-68991","1":"product","2":"type-product","3":"status-publish","4":"has-post-thumbnail","6":"product_cat-decouvre-lelegance-des-lacets-fins-en-corde-avec-des-embouts-en-plastique-transparent-durables","7":"product_cat-des-lacets-de-chaussures-habillees-pour-sortir-en-ville-avec-style","8":"product_cat-des-lacets-de-golf-elegants-et-durables-pour-briller-sur-le-parcours","9":"product_cat-lacets-de-30-pouces-tous-les-lacets-modernes-et-de-haute-qualite","10":"product_cat-lacets-de-54-tous-les-lacets-de-fantaisie-et-de-qualite-superieure","11":"product_cat-lacets-de-80-pouces-le-secret-des-pas-elegants","12":"product_cat-lacets-de-chaussures-allen-edmonds-un-pas-au-dessus-de-lordinaire","13":"product_cat-lacets-de-football-de-premiere-qualite-durables-et-fantaisistes","14":"product_cat-lacets-fins-une-petite-touche-a-ton-look-classique","15":"product_cat-lacets-nike-blancs-aussi-brillants-quune-etoile","16":"product_cat-lacets-pour-chaussures-new-balance-ameliore-ton-look","17":"product_cat-lacets-premium-yeezy-380-pour-ajouter-du-style-du-confort-et-de-la-durabilite","18":"product_cat-lacets-sperry-de-petits-details-pour-des-resultats-differents","19":"product_cat-les-lacets-delite-de-jordan-1-bordeaux-white-qui-ont-lair-luxueux","20":"product_cat-tous-les-lacets","21":"product_tag-gris-fr","22":"product_tag-lacets","23":"product_tag-lacets-a-pointe-dor","24":"product_tag-lacets-en-corde","25":"product_tag-loop-king-fr","26":"product_tag-noir","27":"product_tag-pointe-en-metal","29":"first","30":"instock","31":"taxable","32":"shipping-taxable","33":"purchasable","34":"product-type-variable"},"acf":[],"yoast_head":"<!-- This site is optimized with the Yoast SEO plugin v27.4 - https:\/\/yoast.com\/product\/yoast-seo-wordpress\/ -->\n<title>Lacets blancs en corde fine avec embouts transparents - From Loop King<\/title>\n<meta name=\"description\" content=\"Am\u00e9liore tes chaussures avec les lacets blancs en corde fine avec embouts transparents de Loop King. Durables, \u00e9l\u00e9gants, avec des pointes transparentes pour une touche de modernit\u00e9. Tu peux te les procurer d\u00e8s maintenant !\" \/>\n<meta name=\"robots\" content=\"index, follow, max-snippet:-1, max-image-preview:large, max-video-preview:-1\" \/>\n<link rel=\"canonical\" href=\"https:\/\/www.loopkinglaces.com\/fr\/products\/lacets-blancs-en-corde-fine-avec-pointes-transparentes\/\" \/>\n<meta property=\"og:locale\" content=\"fr_FR\" \/>\n<meta property=\"og:type\" content=\"article\" \/>\n<meta property=\"og:title\" content=\"Lacets blancs en corde fine avec embouts transparents - From Loop King\" \/>\n<meta property=\"og:description\" content=\"Am\u00e9liore tes chaussures avec les lacets blancs en corde fine avec embouts transparents de Loop King. Durables, \u00e9l\u00e9gants, avec des pointes transparentes pour une touche de modernit\u00e9. Tu peux te les procurer d\u00e8s maintenant !\" \/>\n<meta property=\"og:url\" content=\"https:\/\/www.loopkinglaces.com\/fr\/products\/lacets-blancs-en-corde-fine-avec-pointes-transparentes\/\" \/>\n<meta property=\"og:site_name\" content=\"Luxury Gold Tip Shoelaces by Loop King Laces\" \/>\n<meta property=\"article:publisher\" content=\"https:\/\/www.facebook.com\/LoopKingLaces\/\" \/>\n<meta property=\"og:image\" content=\"https:\/\/www.loopkinglaces.com\/wp-content\/uploads\/White-Thin-Rope-scaled.jpg\" \/>\n\t<meta property=\"og:image:width\" content=\"2560\" \/>\n\t<meta property=\"og:image:height\" content=\"2560\" \/>\n\t<meta property=\"og:image:type\" content=\"image\/jpeg\" \/>\n<meta name=\"twitter:card\" content=\"summary_large_image\" \/>\n<meta name=\"twitter:site\" content=\"@loopkinglaces\" \/>\n<meta name=\"twitter:label1\" content=\"Dur\u00e9e de lecture estim\u00e9e\" \/>\n\t<meta name=\"twitter:data1\" content=\"1 minute\" \/>\n<script type=\"application\/ld+json\" class=\"yoast-schema-graph\">{\"@context\":\"https:\\\/\\\/schema.org\",\"@graph\":[{\"@type\":[\"WebPage\",\"ItemPage\"],\"@id\":\"https:\\\/\\\/www.loopkinglaces.com\\\/fr\\\/products\\\/lacets-blancs-en-corde-fine-avec-pointes-transparentes\\\/\",\"url\":\"https:\\\/\\\/www.loopkinglaces.com\\\/fr\\\/products\\\/lacets-blancs-en-corde-fine-avec-pointes-transparentes\\\/\",\"name\":\"Lacets blancs en corde fine avec embouts transparents - From Loop King\",\"isPartOf\":{\"@id\":\"https:\\\/\\\/www.loopkinglaces.com\\\/fr\\\/#website\"},\"primaryImageOfPage\":{\"@id\":\"https:\\\/\\\/www.loopkinglaces.com\\\/fr\\\/products\\\/lacets-blancs-en-corde-fine-avec-pointes-transparentes\\\/#primaryimage\"},\"image\":{\"@id\":\"https:\\\/\\\/www.loopkinglaces.com\\\/fr\\\/products\\\/lacets-blancs-en-corde-fine-avec-pointes-transparentes\\\/#primaryimage\"},\"thumbnailUrl\":\"https:\\\/\\\/www.loopkinglaces.com\\\/wp-content\\\/uploads\\\/White-Thin-Rope-scaled.jpg\",\"datePublished\":\"2023-12-08T18:31:39+00:00\",\"description\":\"Am\u00e9liore tes chaussures avec les lacets blancs en corde fine avec embouts transparents de Loop King. Durables, \u00e9l\u00e9gants, avec des pointes transparentes pour une touche de modernit\u00e9. Tu peux te les procurer d\u00e8s maintenant !\",\"breadcrumb\":{\"@id\":\"https:\\\/\\\/www.loopkinglaces.com\\\/fr\\\/products\\\/lacets-blancs-en-corde-fine-avec-pointes-transparentes\\\/#breadcrumb\"},\"inLanguage\":\"fr-FR\",\"potentialAction\":[{\"@type\":\"ReadAction\",\"target\":[\"https:\\\/\\\/www.loopkinglaces.com\\\/fr\\\/products\\\/lacets-blancs-en-corde-fine-avec-pointes-transparentes\\\/\"]}]},{\"@type\":\"ImageObject\",\"inLanguage\":\"fr-FR\",\"@id\":\"https:\\\/\\\/www.loopkinglaces.com\\\/fr\\\/products\\\/lacets-blancs-en-corde-fine-avec-pointes-transparentes\\\/#primaryimage\",\"url\":\"https:\\\/\\\/www.loopkinglaces.com\\\/wp-content\\\/uploads\\\/White-Thin-Rope-scaled.jpg\",\"contentUrl\":\"https:\\\/\\\/www.loopkinglaces.com\\\/wp-content\\\/uploads\\\/White-Thin-Rope-scaled.jpg\",\"width\":2560,\"height\":2560},{\"@type\":\"BreadcrumbList\",\"@id\":\"https:\\\/\\\/www.loopkinglaces.com\\\/fr\\\/products\\\/lacets-blancs-en-corde-fine-avec-pointes-transparentes\\\/#breadcrumb\",\"itemListElement\":[{\"@type\":\"ListItem\",\"position\":1,\"name\":\"Home\",\"item\":\"https:\\\/\\\/www.loopkinglaces.com\\\/fr\\\/\"},{\"@type\":\"ListItem\",\"position\":2,\"name\":\"ACHETER DES LACES\",\"item\":\"https:\\\/\\\/www.loopkinglaces.com\\\/fr\\\/acheter-des-laces\\\/\"},{\"@type\":\"ListItem\",\"position\":3,\"name\":\"Lacets blancs en corde fine avec pointes transparentes\"}]},{\"@type\":\"WebSite\",\"@id\":\"https:\\\/\\\/www.loopkinglaces.com\\\/fr\\\/#website\",\"url\":\"https:\\\/\\\/www.loopkinglaces.com\\\/fr\\\/\",\"name\":\"Luxury Gold Tip Shoelaces by Loop King Laces\",\"description\":\"Rope Laces, Flat Waxed Laces and Leather Laces. All With Gold Tips.\",\"publisher\":{\"@id\":\"https:\\\/\\\/www.loopkinglaces.com\\\/fr\\\/#organization\"},\"potentialAction\":[{\"@type\":\"SearchAction\",\"target\":{\"@type\":\"EntryPoint\",\"urlTemplate\":\"https:\\\/\\\/www.loopkinglaces.com\\\/fr\\\/?s={search_term_string}\"},\"query-input\":{\"@type\":\"PropertyValueSpecification\",\"valueRequired\":true,\"valueName\":\"search_term_string\"}}],\"inLanguage\":\"fr-FR\"},{\"@type\":\"Organization\",\"@id\":\"https:\\\/\\\/www.loopkinglaces.com\\\/fr\\\/#organization\",\"name\":\"Loop King Laces\",\"url\":\"https:\\\/\\\/www.loopkinglaces.com\\\/fr\\\/\",\"logo\":{\"@type\":\"ImageObject\",\"inLanguage\":\"fr-FR\",\"@id\":\"https:\\\/\\\/www.loopkinglaces.com\\\/fr\\\/#\\\/schema\\\/logo\\\/image\\\/\",\"url\":\"https:\\\/\\\/www.loopkinglaces.com\\\/wp-content\\\/uploads\\\/LOOP-KING-LACES.1.1-01-LOGO-HI-RES-OFFICIAL-1.png\",\"contentUrl\":\"https:\\\/\\\/www.loopkinglaces.com\\\/wp-content\\\/uploads\\\/LOOP-KING-LACES.1.1-01-LOGO-HI-RES-OFFICIAL-1.png\",\"width\":128,\"height\":91,\"caption\":\"Loop King Laces\"},\"image\":{\"@id\":\"https:\\\/\\\/www.loopkinglaces.com\\\/fr\\\/#\\\/schema\\\/logo\\\/image\\\/\"},\"sameAs\":[\"https:\\\/\\\/www.facebook.com\\\/LoopKingLaces\\\/\",\"https:\\\/\\\/x.com\\\/loopkinglaces\",\"https:\\\/\\\/www.instagram.com\\\/loopkinglaces\\\/\"]}]}<\/script>\n<!-- \/ Yoast SEO plugin. -->","yoast_head_json":{"title":"Lacets blancs en corde fine avec embouts transparents - From Loop King","description":"Am\u00e9liore tes chaussures avec les lacets blancs en corde fine avec embouts transparents de Loop King. Durables, \u00e9l\u00e9gants, avec des pointes transparentes pour une touche de modernit\u00e9. Tu peux te les procurer d\u00e8s maintenant !","robots":{"index":"index","follow":"follow","max-snippet":"max-snippet:-1","max-image-preview":"max-image-preview:large","max-video-preview":"max-video-preview:-1"},"canonical":"https:\/\/www.loopkinglaces.com\/fr\/products\/lacets-blancs-en-corde-fine-avec-pointes-transparentes\/","og_locale":"fr_FR","og_type":"article","og_title":"Lacets blancs en corde fine avec embouts transparents - From Loop King","og_description":"Am\u00e9liore tes chaussures avec les lacets blancs en corde fine avec embouts transparents de Loop King. Durables, \u00e9l\u00e9gants, avec des pointes transparentes pour une touche de modernit\u00e9. Tu peux te les procurer d\u00e8s maintenant !","og_url":"https:\/\/www.loopkinglaces.com\/fr\/products\/lacets-blancs-en-corde-fine-avec-pointes-transparentes\/","og_site_name":"Luxury Gold Tip Shoelaces by Loop King Laces","article_publisher":"https:\/\/www.facebook.com\/LoopKingLaces\/","og_image":[{"width":2560,"height":2560,"url":"https:\/\/www.loopkinglaces.com\/wp-content\/uploads\/White-Thin-Rope-scaled.jpg","type":"image\/jpeg"}],"twitter_card":"summary_large_image","twitter_site":"@loopkinglaces","twitter_misc":{"Dur\u00e9e de lecture estim\u00e9e":"1 minute"},"schema":{"@context":"https:\/\/schema.org","@graph":[{"@type":["WebPage","ItemPage"],"@id":"https:\/\/www.loopkinglaces.com\/fr\/products\/lacets-blancs-en-corde-fine-avec-pointes-transparentes\/","url":"https:\/\/www.loopkinglaces.com\/fr\/products\/lacets-blancs-en-corde-fine-avec-pointes-transparentes\/","name":"Lacets blancs en corde fine avec embouts transparents - From Loop King","isPartOf":{"@id":"https:\/\/www.loopkinglaces.com\/fr\/#website"},"primaryImageOfPage":{"@id":"https:\/\/www.loopkinglaces.com\/fr\/products\/lacets-blancs-en-corde-fine-avec-pointes-transparentes\/#primaryimage"},"image":{"@id":"https:\/\/www.loopkinglaces.com\/fr\/products\/lacets-blancs-en-corde-fine-avec-pointes-transparentes\/#primaryimage"},"thumbnailUrl":"https:\/\/www.loopkinglaces.com\/wp-content\/uploads\/White-Thin-Rope-scaled.jpg","datePublished":"2023-12-08T18:31:39+00:00","description":"Am\u00e9liore tes chaussures avec les lacets blancs en corde fine avec embouts transparents de Loop King. Durables, \u00e9l\u00e9gants, avec des pointes transparentes pour une touche de modernit\u00e9. Tu peux te les procurer d\u00e8s maintenant !","breadcrumb":{"@id":"https:\/\/www.loopkinglaces.com\/fr\/products\/lacets-blancs-en-corde-fine-avec-pointes-transparentes\/#breadcrumb"},"inLanguage":"fr-FR","potentialAction":[{"@type":"ReadAction","target":["https:\/\/www.loopkinglaces.com\/fr\/products\/lacets-blancs-en-corde-fine-avec-pointes-transparentes\/"]}]},{"@type":"ImageObject","inLanguage":"fr-FR","@id":"https:\/\/www.loopkinglaces.com\/fr\/products\/lacets-blancs-en-corde-fine-avec-pointes-transparentes\/#primaryimage","url":"https:\/\/www.loopkinglaces.com\/wp-content\/uploads\/White-Thin-Rope-scaled.jpg","contentUrl":"https:\/\/www.loopkinglaces.com\/wp-content\/uploads\/White-Thin-Rope-scaled.jpg","width":2560,"height":2560},{"@type":"BreadcrumbList","@id":"https:\/\/www.loopkinglaces.com\/fr\/products\/lacets-blancs-en-corde-fine-avec-pointes-transparentes\/#breadcrumb","itemListElement":[{"@type":"ListItem","position":1,"name":"Home","item":"https:\/\/www.loopkinglaces.com\/fr\/"},{"@type":"ListItem","position":2,"name":"ACHETER DES LACES","item":"https:\/\/www.loopkinglaces.com\/fr\/acheter-des-laces\/"},{"@type":"ListItem","position":3,"name":"Lacets blancs en corde fine avec pointes transparentes"}]},{"@type":"WebSite","@id":"https:\/\/www.loopkinglaces.com\/fr\/#website","url":"https:\/\/www.loopkinglaces.com\/fr\/","name":"Luxury Gold Tip Shoelaces by Loop King Laces","description":"Rope Laces, Flat Waxed Laces and Leather Laces. All With Gold Tips.","publisher":{"@id":"https:\/\/www.loopkinglaces.com\/fr\/#organization"},"potentialAction":[{"@type":"SearchAction","target":{"@type":"EntryPoint","urlTemplate":"https:\/\/www.loopkinglaces.com\/fr\/?s={search_term_string}"},"query-input":{"@type":"PropertyValueSpecification","valueRequired":true,"valueName":"search_term_string"}}],"inLanguage":"fr-FR"},{"@type":"Organization","@id":"https:\/\/www.loopkinglaces.com\/fr\/#organization","name":"Loop King Laces","url":"https:\/\/www.loopkinglaces.com\/fr\/","logo":{"@type":"ImageObject","inLanguage":"fr-FR","@id":"https:\/\/www.loopkinglaces.com\/fr\/#\/schema\/logo\/image\/","url":"https:\/\/www.loopkinglaces.com\/wp-content\/uploads\/LOOP-KING-LACES.1.1-01-LOGO-HI-RES-OFFICIAL-1.png","contentUrl":"https:\/\/www.loopkinglaces.com\/wp-content\/uploads\/LOOP-KING-LACES.1.1-01-LOGO-HI-RES-OFFICIAL-1.png","width":128,"height":91,"caption":"Loop King Laces"},"image":{"@id":"https:\/\/www.loopkinglaces.com\/fr\/#\/schema\/logo\/image\/"},"sameAs":["https:\/\/www.facebook.com\/LoopKingLaces\/","https:\/\/x.com\/loopkinglaces","https:\/\/www.instagram.com\/loopkinglaces\/"]}]}},"_links":{"self":[{"href":"https:\/\/www.loopkinglaces.com\/fr\/wp-json\/wp\/v2\/product\/68991","targetHints":{"allow":["GET"]}}],"collection":[{"href":"https:\/\/www.loopkinglaces.com\/fr\/wp-json\/wp\/v2\/product"}],"about":[{"href":"https:\/\/www.loopkinglaces.com\/fr\/wp-json\/wp\/v2\/types\/product"}],"replies":[{"embeddable":true,"href":"https:\/\/www.loopkinglaces.com\/fr\/wp-json\/wp\/v2\/comments?post=68991"}],"wp:featuredmedia":[{"embeddable":true,"href":"https:\/\/www.loopkinglaces.com\/fr\/wp-json\/wp\/v2\/media\/69009"}],"wp:attachment":[{"href":"https:\/\/www.loopkinglaces.com\/fr\/wp-json\/wp\/v2\/media?parent=68991"}],"wp:term":[{"taxonomy":"product_brand","embeddable":true,"href":"https:\/\/www.loopkinglaces.com\/fr\/wp-json\/wp\/v2\/product_brand?post=68991"},{"taxonomy":"product_cat","embeddable":true,"href":"https:\/\/www.loopkinglaces.com\/fr\/wp-json\/wp\/v2\/product_cat?post=68991"},{"taxonomy":"product_tag","embeddable":true,"href":"https:\/\/www.loopkinglaces.com\/fr\/wp-json\/wp\/v2\/product_tag?post=68991"},{"taxonomy":"woo-feed-brand","embeddable":true,"href":"https:\/\/www.loopkinglaces.com\/fr\/wp-json\/wp\/v2\/woo-feed-brand?post=68991"}],"curies":[{"name":"wp","href":"https:\/\/api.w.org\/{rel}","templated":true}]}}