{"id":68899,"date":"2023-12-07T18:29:45","date_gmt":"2023-12-07T18:29:45","guid":{"rendered":"https:\/\/www.loopkinglaces.com\/products\/lacets-rouges-reflechissants-avec-pointes-transparentes\/"},"modified":"2023-12-07T18:29:45","modified_gmt":"2023-12-07T18:29:45","slug":"lacets-rouges-reflechissants-avec-pointes-transparentes","status":"publish","type":"product","link":"https:\/\/www.loopkinglaces.com\/fr\/products\/lacets-rouges-reflechissants-avec-pointes-transparentes\/","title":{"rendered":"Lacets rouges r\u00e9fl\u00e9chissants avec pointes transparentes"},"content":{"rendered":"<h3><a href=\"https:\/\/www.loopkinglaces.com\/\">Lacets de luxe pour baskets<\/a><\/h3>\n<p>  Entre dans le luxe avec les lacets Loop King.<br \/>\nNos lacets de corde de luxe, agr\u00e9ment\u00e9s de plastique transparent pour une touche sophistiqu\u00e9e, sont compos\u00e9s des mat\u00e9riaux les plus nobles.<br \/>\nCon\u00e7us pour une long\u00e9vit\u00e9 accrue, nos lacets sont garantis pour durer trois fois plus longtemps que les lacets traditionnels.<br \/>\nNos lacets s&#8217;adaptent \u00e0 tous les diff\u00e9rents types de baskets et de marques, y compris Adidas, Nike, VANS et ainsi de suite, visite notre <a href=\"\/shoelace-size-chart\/\">guide des tailles<\/a> o\u00f9 tu pourras trouver la taille de lacets parfaite pour tes chaussures.     &nbsp;<\/p>\n","protected":false},"excerpt":{"rendered":"<p>Lacets <strong>rouges r\u00e9fl\u00e9chissants en corde avec embouts transparents<\/strong> \u00c9l\u00e8ve tes chaussures avec les lacets Loop King.<br \/>\nNos lacets de corde de luxe, orn\u00e9s d&#8217;\u00e9l\u00e9gantes pointes en plastique transparent, sont fabriqu\u00e9s \u00e0 partir de mat\u00e9riaux de la plus haute qualit\u00e9.<br \/>\nTaill\u00e9s pour la long\u00e9vit\u00e9, ces lacets promettent une dur\u00e9e de vie trois fois plus longue que les lacets standard.<br \/>\nD\u00e9couvre leurs caract\u00e9ristiques compl\u00e8tes ci-dessous :     <\/p>\n<ul>\n<li>Largeur de 4 mm (ronde)<\/li>\n<li>Mat\u00e9riaux de premi\u00e8re qualit\u00e9<\/li>\n<li>Dur\u00e9e de vie <strong>3 fois plus longue<\/strong> que les lacets ordinaires<\/li>\n<li>Embouts en plastique transparent<\/li>\n<li>Beautiful Loop King Emballage par lacet<\/li>\n<\/ul>\n","protected":false},"featured_media":68905,"comment_status":"open","ping_status":"closed","template":"","meta":{"_acf_changed":false},"product_brand":[],"product_cat":[1350,1669,1236,1670,1201,948,1673,1308,1671,1698,1509,1224,1682,1501,947],"product_tag":[967,962,966,965,961,964,963],"woo-feed-brand":[],"class_list":{"0":"post-68899","1":"product","2":"type-product","3":"status-publish","4":"has-post-thumbnail","6":"product_cat-adidas-yeezy-700-lacets-cordes-a-la-mode","7":"product_cat-des-lacets-yeezy-380-pepper-red-etonnants-qui-ont-lair-remarquables","8":"product_cat-lacets-de-63-pouces-lultime-changement-de-jeu-pour-les-lacets-de-chaussures","9":"product_cat-lacets-de-bottes-de-randonnee-rouges-luxuriants-qui-resistent-aux-elements-agressifs","10":"product_cat-lacets-de-chaussures-de-qualite-superieure","11":"product_cat-lacets-de-football-de-premiere-qualite-durables-et-fantaisistes","12":"product_cat-lacets-militaires-lacer-comme-un-pro","13":"product_cat-lacets-reflechissants-exquis-pour-le-jogging-de-nuit-les-fetes-ou-simplement-pour-avoir-lair-elegant","14":"product_cat-le-jordan-1-vert-pin-a-lacets-rouges-pour-sortir-du-lot","15":"product_cat-les-lacets-red-wing-sont-assez-durables-pour-les-conditions-les-plus-difficiles","16":"product_cat-pourquoi-les-lacets-de-course-a-pied-sont-plus-importants-que-tu-ne-le-penses","17":"product_cat-remplacement-des-lacets-de-chaussures-nike-pour-une-mise-a-jour-visuelle-de-qualite","18":"product_cat-renforce-ton-style-avec-des-lacets-de-chaussures-bicolores","19":"product_cat-rick-owens-laces-le-heros-inattendu-de-la-mode","20":"product_cat-tous-les-lacets","21":"product_tag-gris-fr","22":"product_tag-lacets","23":"product_tag-lacets-a-pointe-dor","24":"product_tag-lacets-en-corde","25":"product_tag-loop-king-fr","26":"product_tag-noir","27":"product_tag-pointe-en-metal","29":"first","30":"instock","31":"taxable","32":"shipping-taxable","33":"product-type-variable"},"acf":[],"yoast_head":"<!-- This site is optimized with the Yoast SEO plugin v27.4 - https:\/\/yoast.com\/product\/yoast-seo-wordpress\/ -->\n<title>Lacets rouges r\u00e9fl\u00e9chissants avec pointes transparentes - de Loop King<\/title>\n<meta name=\"description\" content=\"Transforme tes chaussures avec nos lacets en corde de luxe qui sont non seulement visuellement attrayants avec leurs pointes en plastique transparent, mais qui sont aussi exceptionnellement durables.\" \/>\n<meta name=\"robots\" content=\"index, follow, max-snippet:-1, max-image-preview:large, max-video-preview:-1\" \/>\n<link rel=\"canonical\" href=\"https:\/\/www.loopkinglaces.com\/fr\/products\/lacets-rouges-reflechissants-avec-pointes-transparentes\/\" \/>\n<meta property=\"og:locale\" content=\"fr_FR\" \/>\n<meta property=\"og:type\" content=\"article\" \/>\n<meta property=\"og:title\" content=\"Lacets rouges r\u00e9fl\u00e9chissants avec pointes transparentes - de Loop King\" \/>\n<meta property=\"og:description\" content=\"Transforme tes chaussures avec nos lacets en corde de luxe qui sont non seulement visuellement attrayants avec leurs pointes en plastique transparent, mais qui sont aussi exceptionnellement durables.\" \/>\n<meta property=\"og:url\" content=\"https:\/\/www.loopkinglaces.com\/fr\/products\/lacets-rouges-reflechissants-avec-pointes-transparentes\/\" \/>\n<meta property=\"og:site_name\" content=\"Luxury Gold Tip Shoelaces by Loop King Laces\" \/>\n<meta property=\"article:publisher\" content=\"https:\/\/www.facebook.com\/LoopKingLaces\/\" \/>\n<meta property=\"og:image\" content=\"https:\/\/www.loopkinglaces.com\/wp-content\/uploads\/Red-Rope-Reflective.jpg\" \/>\n\t<meta property=\"og:image:width\" content=\"2480\" \/>\n\t<meta property=\"og:image:height\" content=\"2481\" \/>\n\t<meta property=\"og:image:type\" content=\"image\/jpeg\" \/>\n<meta name=\"twitter:card\" content=\"summary_large_image\" \/>\n<meta name=\"twitter:site\" content=\"@loopkinglaces\" \/>\n<meta name=\"twitter:label1\" content=\"Dur\u00e9e de lecture estim\u00e9e\" \/>\n\t<meta name=\"twitter:data1\" content=\"1 minute\" \/>\n<script type=\"application\/ld+json\" class=\"yoast-schema-graph\">{\"@context\":\"https:\\\/\\\/schema.org\",\"@graph\":[{\"@type\":[\"WebPage\",\"ItemPage\"],\"@id\":\"https:\\\/\\\/www.loopkinglaces.com\\\/fr\\\/products\\\/lacets-rouges-reflechissants-avec-pointes-transparentes\\\/\",\"url\":\"https:\\\/\\\/www.loopkinglaces.com\\\/fr\\\/products\\\/lacets-rouges-reflechissants-avec-pointes-transparentes\\\/\",\"name\":\"Lacets rouges r\u00e9fl\u00e9chissants avec pointes transparentes - de Loop King\",\"isPartOf\":{\"@id\":\"https:\\\/\\\/www.loopkinglaces.com\\\/fr\\\/#website\"},\"primaryImageOfPage\":{\"@id\":\"https:\\\/\\\/www.loopkinglaces.com\\\/fr\\\/products\\\/lacets-rouges-reflechissants-avec-pointes-transparentes\\\/#primaryimage\"},\"image\":{\"@id\":\"https:\\\/\\\/www.loopkinglaces.com\\\/fr\\\/products\\\/lacets-rouges-reflechissants-avec-pointes-transparentes\\\/#primaryimage\"},\"thumbnailUrl\":\"https:\\\/\\\/www.loopkinglaces.com\\\/wp-content\\\/uploads\\\/Red-Rope-Reflective.jpg\",\"datePublished\":\"2023-12-07T18:29:45+00:00\",\"description\":\"Transforme tes chaussures avec nos lacets en corde de luxe qui sont non seulement visuellement attrayants avec leurs pointes en plastique transparent, mais qui sont aussi exceptionnellement durables.\",\"breadcrumb\":{\"@id\":\"https:\\\/\\\/www.loopkinglaces.com\\\/fr\\\/products\\\/lacets-rouges-reflechissants-avec-pointes-transparentes\\\/#breadcrumb\"},\"inLanguage\":\"fr-FR\",\"potentialAction\":[{\"@type\":\"ReadAction\",\"target\":[\"https:\\\/\\\/www.loopkinglaces.com\\\/fr\\\/products\\\/lacets-rouges-reflechissants-avec-pointes-transparentes\\\/\"]}]},{\"@type\":\"ImageObject\",\"inLanguage\":\"fr-FR\",\"@id\":\"https:\\\/\\\/www.loopkinglaces.com\\\/fr\\\/products\\\/lacets-rouges-reflechissants-avec-pointes-transparentes\\\/#primaryimage\",\"url\":\"https:\\\/\\\/www.loopkinglaces.com\\\/wp-content\\\/uploads\\\/Red-Rope-Reflective.jpg\",\"contentUrl\":\"https:\\\/\\\/www.loopkinglaces.com\\\/wp-content\\\/uploads\\\/Red-Rope-Reflective.jpg\",\"width\":2480,\"height\":2481},{\"@type\":\"BreadcrumbList\",\"@id\":\"https:\\\/\\\/www.loopkinglaces.com\\\/fr\\\/products\\\/lacets-rouges-reflechissants-avec-pointes-transparentes\\\/#breadcrumb\",\"itemListElement\":[{\"@type\":\"ListItem\",\"position\":1,\"name\":\"Home\",\"item\":\"https:\\\/\\\/www.loopkinglaces.com\\\/fr\\\/\"},{\"@type\":\"ListItem\",\"position\":2,\"name\":\"ACHETER DES LACES\",\"item\":\"https:\\\/\\\/www.loopkinglaces.com\\\/fr\\\/acheter-des-laces\\\/\"},{\"@type\":\"ListItem\",\"position\":3,\"name\":\"Lacets rouges r\u00e9fl\u00e9chissants avec pointes transparentes\"}]},{\"@type\":\"WebSite\",\"@id\":\"https:\\\/\\\/www.loopkinglaces.com\\\/fr\\\/#website\",\"url\":\"https:\\\/\\\/www.loopkinglaces.com\\\/fr\\\/\",\"name\":\"Luxury Gold Tip Shoelaces by Loop King Laces\",\"description\":\"Rope Laces, Flat Waxed Laces and Leather Laces. All With Gold Tips.\",\"publisher\":{\"@id\":\"https:\\\/\\\/www.loopkinglaces.com\\\/fr\\\/#organization\"},\"potentialAction\":[{\"@type\":\"SearchAction\",\"target\":{\"@type\":\"EntryPoint\",\"urlTemplate\":\"https:\\\/\\\/www.loopkinglaces.com\\\/fr\\\/?s={search_term_string}\"},\"query-input\":{\"@type\":\"PropertyValueSpecification\",\"valueRequired\":true,\"valueName\":\"search_term_string\"}}],\"inLanguage\":\"fr-FR\"},{\"@type\":\"Organization\",\"@id\":\"https:\\\/\\\/www.loopkinglaces.com\\\/fr\\\/#organization\",\"name\":\"Loop King Laces\",\"url\":\"https:\\\/\\\/www.loopkinglaces.com\\\/fr\\\/\",\"logo\":{\"@type\":\"ImageObject\",\"inLanguage\":\"fr-FR\",\"@id\":\"https:\\\/\\\/www.loopkinglaces.com\\\/fr\\\/#\\\/schema\\\/logo\\\/image\\\/\",\"url\":\"https:\\\/\\\/www.loopkinglaces.com\\\/wp-content\\\/uploads\\\/LOOP-KING-LACES.1.1-01-LOGO-HI-RES-OFFICIAL-1.png\",\"contentUrl\":\"https:\\\/\\\/www.loopkinglaces.com\\\/wp-content\\\/uploads\\\/LOOP-KING-LACES.1.1-01-LOGO-HI-RES-OFFICIAL-1.png\",\"width\":128,\"height\":91,\"caption\":\"Loop King Laces\"},\"image\":{\"@id\":\"https:\\\/\\\/www.loopkinglaces.com\\\/fr\\\/#\\\/schema\\\/logo\\\/image\\\/\"},\"sameAs\":[\"https:\\\/\\\/www.facebook.com\\\/LoopKingLaces\\\/\",\"https:\\\/\\\/x.com\\\/loopkinglaces\",\"https:\\\/\\\/www.instagram.com\\\/loopkinglaces\\\/\"]}]}<\/script>\n<!-- \/ Yoast SEO plugin. -->","yoast_head_json":{"title":"Lacets rouges r\u00e9fl\u00e9chissants avec pointes transparentes - de Loop King","description":"Transforme tes chaussures avec nos lacets en corde de luxe qui sont non seulement visuellement attrayants avec leurs pointes en plastique transparent, mais qui sont aussi exceptionnellement durables.","robots":{"index":"index","follow":"follow","max-snippet":"max-snippet:-1","max-image-preview":"max-image-preview:large","max-video-preview":"max-video-preview:-1"},"canonical":"https:\/\/www.loopkinglaces.com\/fr\/products\/lacets-rouges-reflechissants-avec-pointes-transparentes\/","og_locale":"fr_FR","og_type":"article","og_title":"Lacets rouges r\u00e9fl\u00e9chissants avec pointes transparentes - de Loop King","og_description":"Transforme tes chaussures avec nos lacets en corde de luxe qui sont non seulement visuellement attrayants avec leurs pointes en plastique transparent, mais qui sont aussi exceptionnellement durables.","og_url":"https:\/\/www.loopkinglaces.com\/fr\/products\/lacets-rouges-reflechissants-avec-pointes-transparentes\/","og_site_name":"Luxury Gold Tip Shoelaces by Loop King Laces","article_publisher":"https:\/\/www.facebook.com\/LoopKingLaces\/","og_image":[{"width":2480,"height":2481,"url":"https:\/\/www.loopkinglaces.com\/wp-content\/uploads\/Red-Rope-Reflective.jpg","type":"image\/jpeg"}],"twitter_card":"summary_large_image","twitter_site":"@loopkinglaces","twitter_misc":{"Dur\u00e9e de lecture estim\u00e9e":"1 minute"},"schema":{"@context":"https:\/\/schema.org","@graph":[{"@type":["WebPage","ItemPage"],"@id":"https:\/\/www.loopkinglaces.com\/fr\/products\/lacets-rouges-reflechissants-avec-pointes-transparentes\/","url":"https:\/\/www.loopkinglaces.com\/fr\/products\/lacets-rouges-reflechissants-avec-pointes-transparentes\/","name":"Lacets rouges r\u00e9fl\u00e9chissants avec pointes transparentes - de Loop King","isPartOf":{"@id":"https:\/\/www.loopkinglaces.com\/fr\/#website"},"primaryImageOfPage":{"@id":"https:\/\/www.loopkinglaces.com\/fr\/products\/lacets-rouges-reflechissants-avec-pointes-transparentes\/#primaryimage"},"image":{"@id":"https:\/\/www.loopkinglaces.com\/fr\/products\/lacets-rouges-reflechissants-avec-pointes-transparentes\/#primaryimage"},"thumbnailUrl":"https:\/\/www.loopkinglaces.com\/wp-content\/uploads\/Red-Rope-Reflective.jpg","datePublished":"2023-12-07T18:29:45+00:00","description":"Transforme tes chaussures avec nos lacets en corde de luxe qui sont non seulement visuellement attrayants avec leurs pointes en plastique transparent, mais qui sont aussi exceptionnellement durables.","breadcrumb":{"@id":"https:\/\/www.loopkinglaces.com\/fr\/products\/lacets-rouges-reflechissants-avec-pointes-transparentes\/#breadcrumb"},"inLanguage":"fr-FR","potentialAction":[{"@type":"ReadAction","target":["https:\/\/www.loopkinglaces.com\/fr\/products\/lacets-rouges-reflechissants-avec-pointes-transparentes\/"]}]},{"@type":"ImageObject","inLanguage":"fr-FR","@id":"https:\/\/www.loopkinglaces.com\/fr\/products\/lacets-rouges-reflechissants-avec-pointes-transparentes\/#primaryimage","url":"https:\/\/www.loopkinglaces.com\/wp-content\/uploads\/Red-Rope-Reflective.jpg","contentUrl":"https:\/\/www.loopkinglaces.com\/wp-content\/uploads\/Red-Rope-Reflective.jpg","width":2480,"height":2481},{"@type":"BreadcrumbList","@id":"https:\/\/www.loopkinglaces.com\/fr\/products\/lacets-rouges-reflechissants-avec-pointes-transparentes\/#breadcrumb","itemListElement":[{"@type":"ListItem","position":1,"name":"Home","item":"https:\/\/www.loopkinglaces.com\/fr\/"},{"@type":"ListItem","position":2,"name":"ACHETER DES LACES","item":"https:\/\/www.loopkinglaces.com\/fr\/acheter-des-laces\/"},{"@type":"ListItem","position":3,"name":"Lacets rouges r\u00e9fl\u00e9chissants avec pointes transparentes"}]},{"@type":"WebSite","@id":"https:\/\/www.loopkinglaces.com\/fr\/#website","url":"https:\/\/www.loopkinglaces.com\/fr\/","name":"Luxury Gold Tip Shoelaces by Loop King Laces","description":"Rope Laces, Flat Waxed Laces and Leather Laces. All With Gold Tips.","publisher":{"@id":"https:\/\/www.loopkinglaces.com\/fr\/#organization"},"potentialAction":[{"@type":"SearchAction","target":{"@type":"EntryPoint","urlTemplate":"https:\/\/www.loopkinglaces.com\/fr\/?s={search_term_string}"},"query-input":{"@type":"PropertyValueSpecification","valueRequired":true,"valueName":"search_term_string"}}],"inLanguage":"fr-FR"},{"@type":"Organization","@id":"https:\/\/www.loopkinglaces.com\/fr\/#organization","name":"Loop King Laces","url":"https:\/\/www.loopkinglaces.com\/fr\/","logo":{"@type":"ImageObject","inLanguage":"fr-FR","@id":"https:\/\/www.loopkinglaces.com\/fr\/#\/schema\/logo\/image\/","url":"https:\/\/www.loopkinglaces.com\/wp-content\/uploads\/LOOP-KING-LACES.1.1-01-LOGO-HI-RES-OFFICIAL-1.png","contentUrl":"https:\/\/www.loopkinglaces.com\/wp-content\/uploads\/LOOP-KING-LACES.1.1-01-LOGO-HI-RES-OFFICIAL-1.png","width":128,"height":91,"caption":"Loop King Laces"},"image":{"@id":"https:\/\/www.loopkinglaces.com\/fr\/#\/schema\/logo\/image\/"},"sameAs":["https:\/\/www.facebook.com\/LoopKingLaces\/","https:\/\/x.com\/loopkinglaces","https:\/\/www.instagram.com\/loopkinglaces\/"]}]}},"_links":{"self":[{"href":"https:\/\/www.loopkinglaces.com\/fr\/wp-json\/wp\/v2\/product\/68899","targetHints":{"allow":["GET"]}}],"collection":[{"href":"https:\/\/www.loopkinglaces.com\/fr\/wp-json\/wp\/v2\/product"}],"about":[{"href":"https:\/\/www.loopkinglaces.com\/fr\/wp-json\/wp\/v2\/types\/product"}],"replies":[{"embeddable":true,"href":"https:\/\/www.loopkinglaces.com\/fr\/wp-json\/wp\/v2\/comments?post=68899"}],"wp:featuredmedia":[{"embeddable":true,"href":"https:\/\/www.loopkinglaces.com\/fr\/wp-json\/wp\/v2\/media\/68905"}],"wp:attachment":[{"href":"https:\/\/www.loopkinglaces.com\/fr\/wp-json\/wp\/v2\/media?parent=68899"}],"wp:term":[{"taxonomy":"product_brand","embeddable":true,"href":"https:\/\/www.loopkinglaces.com\/fr\/wp-json\/wp\/v2\/product_brand?post=68899"},{"taxonomy":"product_cat","embeddable":true,"href":"https:\/\/www.loopkinglaces.com\/fr\/wp-json\/wp\/v2\/product_cat?post=68899"},{"taxonomy":"product_tag","embeddable":true,"href":"https:\/\/www.loopkinglaces.com\/fr\/wp-json\/wp\/v2\/product_tag?post=68899"},{"taxonomy":"woo-feed-brand","embeddable":true,"href":"https:\/\/www.loopkinglaces.com\/fr\/wp-json\/wp\/v2\/woo-feed-brand?post=68899"}],"curies":[{"name":"wp","href":"https:\/\/api.w.org\/{rel}","templated":true}]}}