{"id":68845,"date":"2023-12-07T18:10:35","date_gmt":"2023-12-07T18:10:35","guid":{"rendered":"https:\/\/www.loopkinglaces.com\/products\/lacets-noirs-reflechissants-avec-bouts-transparents\/"},"modified":"2023-12-07T18:10:35","modified_gmt":"2023-12-07T18:10:35","slug":"lacets-noirs-reflechissants-avec-bouts-transparents","status":"publish","type":"product","link":"https:\/\/www.loopkinglaces.com\/fr\/products\/lacets-noirs-reflechissants-avec-bouts-transparents\/","title":{"rendered":"Lacets noirs r\u00e9fl\u00e9chissants avec bouts transparents"},"content":{"rendered":"<h3><a href=\"https:\/\/www.loopkinglaces.com\/\">Lacets de luxe pour baskets<\/a><\/h3>\n<p>  Loop King Laces red\u00e9finit le luxe des lacets de chaussures.<br \/>\nNos lacets en corde haut de gamme, dot\u00e9s d&#8217;embouts en plastique transparent distinctifs, sont fabriqu\u00e9s \u00e0 l&#8217;aide de mat\u00e9riaux de la plus haute qualit\u00e9.<br \/>\nCes lacets ne sont pas seulement une d\u00e9claration de style ; ils sont construits pour durer trois fois plus longtemps que les lacets moyens.<br \/>\nNos lacets s&#8217;adaptent \u00e0 tous les types de baskets et \u00e0 toutes les marques, y compris Adidas, Nike, VANS et ainsi de suite, visite notre <a href=\"\/shoelace-size-chart\/\">guide des tailles<\/a> o\u00f9 tu pourras trouver la taille de lacets parfaite pour tes chaussures.     &nbsp;<\/p>\n","protected":false},"excerpt":{"rendered":"<p>Lacets <strong>de corde noirs r\u00e9fl\u00e9chissants avec embouts transparents<\/strong> Bienvenue dans le monde des lacets Loop King, o\u00f9 le luxe est tiss\u00e9 dans chaque lacet.<br \/>\nNos lacets de corde de luxe, finis avec d&#8217;\u00e9l\u00e9gantes pointes en plastique transparent, sont fabriqu\u00e9s \u00e0 partir des meilleurs mat\u00e9riaux pour une qualit\u00e9 supr\u00eame.<br \/>\nB\u00e9n\u00e9ficiant d&#8217;une dur\u00e9e de vie trois fois sup\u00e9rieure \u00e0 celle des lacets ordinaires, ils t\u00e9moignent d&#8217;une grande durabilit\u00e9.<br \/>\nVois toutes leurs caract\u00e9ristiques \u00e9num\u00e9r\u00e9es ci-dessous :     <\/p>\n<ul>\n<li>Largeur de 4 mm (ronde)<\/li>\n<li>Mat\u00e9riaux de premi\u00e8re qualit\u00e9<\/li>\n<li>Dur\u00e9e de vie <strong>3 fois plus longue<\/strong> que les lacets ordinaires<\/li>\n<li>Embouts en plastique transparent<\/li>\n<li>Beautiful Loop King Emballage par lacet<\/li>\n<\/ul>\n","protected":false},"featured_media":68855,"comment_status":"open","ping_status":"closed","template":"","meta":{"_acf_changed":false},"product_brand":[],"product_cat":[1512,1430,1230,1661,948,1649,1307,1673,1308,1218,1502,1503,1682,947],"product_tag":[967,962,966,965,961,964,963],"woo-feed-brand":[],"class_list":{"0":"post-68845","1":"product","2":"type-product","3":"status-publish","4":"has-post-thumbnail","6":"product_cat-ameliore-ton-jeu-de-chaussures-avec-les-lacets-de-bottes-columbia","7":"product_cat-des-lacets-de-bottes-noirs-et-audacieux-qui-feront-de-lombre-a-tous-les-autres","8":"product_cat-lacets-de-chaussures-keen-maitriser-lart-du-noir-et-du-gris","9":"product_cat-lacets-de-chaussures-merrell-relation-amour-haine","10":"product_cat-lacets-de-football-de-premiere-qualite-durables-et-fantaisistes","11":"product_cat-lacets-de-la-race-humaine","12":"product_cat-lacets-en-corde-de-qualite-superieure-qualite-exceptionnelle-et-superieure","13":"product_cat-lacets-militaires-lacer-comme-un-pro","14":"product_cat-lacets-reflechissants-exquis-pour-le-jogging-de-nuit-les-fetes-ou-simplement-pour-avoir-lair-elegant","15":"product_cat-lacets-vans-old-skool-haut-de-gamme-durables-et-luxueux","16":"product_cat-lacets-veja-quand-les-chaussures-parlent","17":"product_cat-on-cloud-shoe-strings-elever-les-chaussures-un-lacet-a-la-fois","18":"product_cat-renforce-ton-style-avec-des-lacets-de-chaussures-bicolores","19":"product_cat-tous-les-lacets","20":"product_tag-gris-fr","21":"product_tag-lacets","22":"product_tag-lacets-a-pointe-dor","23":"product_tag-lacets-en-corde","24":"product_tag-loop-king-fr","25":"product_tag-noir","26":"product_tag-pointe-en-metal","28":"first","29":"instock","30":"taxable","31":"shipping-taxable","32":"purchasable","33":"product-type-variable"},"acf":[],"yoast_head":"<!-- This site is optimized with the Yoast SEO plugin v27.4 - https:\/\/yoast.com\/product\/yoast-seo-wordpress\/ -->\n<title>Lacets noirs r\u00e9fl\u00e9chissants avec pointes transparentes - de Loop King<\/title>\n<meta name=\"description\" content=\"Entre dans le monde des lacets Loop King et fais l&#039;exp\u00e9rience du luxe avec nos lacets en corde \u00e0 bouts transparents, fabriqu\u00e9s \u00e0 partir de mat\u00e9riaux de premi\u00e8re qualit\u00e9 pour une plus grande durabilit\u00e9.\" \/>\n<meta name=\"robots\" content=\"index, follow, max-snippet:-1, max-image-preview:large, max-video-preview:-1\" \/>\n<link rel=\"canonical\" href=\"https:\/\/www.loopkinglaces.com\/fr\/products\/lacets-noirs-reflechissants-avec-bouts-transparents\/\" \/>\n<meta property=\"og:locale\" content=\"fr_FR\" \/>\n<meta property=\"og:type\" content=\"article\" \/>\n<meta property=\"og:title\" content=\"Lacets noirs r\u00e9fl\u00e9chissants avec pointes transparentes - de Loop King\" \/>\n<meta property=\"og:description\" content=\"Entre dans le monde des lacets Loop King et fais l&#039;exp\u00e9rience du luxe avec nos lacets en corde \u00e0 bouts transparents, fabriqu\u00e9s \u00e0 partir de mat\u00e9riaux de premi\u00e8re qualit\u00e9 pour une plus grande durabilit\u00e9.\" \/>\n<meta property=\"og:url\" content=\"https:\/\/www.loopkinglaces.com\/fr\/products\/lacets-noirs-reflechissants-avec-bouts-transparents\/\" \/>\n<meta property=\"og:site_name\" content=\"Luxury Gold Tip Shoelaces by Loop King Laces\" \/>\n<meta property=\"article:publisher\" content=\"https:\/\/www.facebook.com\/LoopKingLaces\/\" \/>\n<meta property=\"og:image\" content=\"https:\/\/www.loopkinglaces.com\/wp-content\/uploads\/Black-Rope-Reflective.jpg\" \/>\n\t<meta property=\"og:image:width\" content=\"2450\" \/>\n\t<meta property=\"og:image:height\" content=\"2451\" \/>\n\t<meta property=\"og:image:type\" content=\"image\/jpeg\" \/>\n<meta name=\"twitter:card\" content=\"summary_large_image\" \/>\n<meta name=\"twitter:site\" content=\"@loopkinglaces\" \/>\n<meta name=\"twitter:label1\" content=\"Dur\u00e9e de lecture estim\u00e9e\" \/>\n\t<meta name=\"twitter:data1\" content=\"1 minute\" \/>\n<script type=\"application\/ld+json\" class=\"yoast-schema-graph\">{\"@context\":\"https:\\\/\\\/schema.org\",\"@graph\":[{\"@type\":[\"WebPage\",\"ItemPage\"],\"@id\":\"https:\\\/\\\/www.loopkinglaces.com\\\/fr\\\/products\\\/lacets-noirs-reflechissants-avec-bouts-transparents\\\/\",\"url\":\"https:\\\/\\\/www.loopkinglaces.com\\\/fr\\\/products\\\/lacets-noirs-reflechissants-avec-bouts-transparents\\\/\",\"name\":\"Lacets noirs r\u00e9fl\u00e9chissants avec pointes transparentes - de Loop King\",\"isPartOf\":{\"@id\":\"https:\\\/\\\/www.loopkinglaces.com\\\/fr\\\/#website\"},\"primaryImageOfPage\":{\"@id\":\"https:\\\/\\\/www.loopkinglaces.com\\\/fr\\\/products\\\/lacets-noirs-reflechissants-avec-bouts-transparents\\\/#primaryimage\"},\"image\":{\"@id\":\"https:\\\/\\\/www.loopkinglaces.com\\\/fr\\\/products\\\/lacets-noirs-reflechissants-avec-bouts-transparents\\\/#primaryimage\"},\"thumbnailUrl\":\"https:\\\/\\\/www.loopkinglaces.com\\\/wp-content\\\/uploads\\\/Black-Rope-Reflective.jpg\",\"datePublished\":\"2023-12-07T18:10:35+00:00\",\"description\":\"Entre dans le monde des lacets Loop King et fais l'exp\u00e9rience du luxe avec nos lacets en corde \u00e0 bouts transparents, fabriqu\u00e9s \u00e0 partir de mat\u00e9riaux de premi\u00e8re qualit\u00e9 pour une plus grande durabilit\u00e9.\",\"breadcrumb\":{\"@id\":\"https:\\\/\\\/www.loopkinglaces.com\\\/fr\\\/products\\\/lacets-noirs-reflechissants-avec-bouts-transparents\\\/#breadcrumb\"},\"inLanguage\":\"fr-FR\",\"potentialAction\":[{\"@type\":\"ReadAction\",\"target\":[\"https:\\\/\\\/www.loopkinglaces.com\\\/fr\\\/products\\\/lacets-noirs-reflechissants-avec-bouts-transparents\\\/\"]}]},{\"@type\":\"ImageObject\",\"inLanguage\":\"fr-FR\",\"@id\":\"https:\\\/\\\/www.loopkinglaces.com\\\/fr\\\/products\\\/lacets-noirs-reflechissants-avec-bouts-transparents\\\/#primaryimage\",\"url\":\"https:\\\/\\\/www.loopkinglaces.com\\\/wp-content\\\/uploads\\\/Black-Rope-Reflective.jpg\",\"contentUrl\":\"https:\\\/\\\/www.loopkinglaces.com\\\/wp-content\\\/uploads\\\/Black-Rope-Reflective.jpg\",\"width\":2450,\"height\":2451},{\"@type\":\"BreadcrumbList\",\"@id\":\"https:\\\/\\\/www.loopkinglaces.com\\\/fr\\\/products\\\/lacets-noirs-reflechissants-avec-bouts-transparents\\\/#breadcrumb\",\"itemListElement\":[{\"@type\":\"ListItem\",\"position\":1,\"name\":\"Home\",\"item\":\"https:\\\/\\\/www.loopkinglaces.com\\\/fr\\\/\"},{\"@type\":\"ListItem\",\"position\":2,\"name\":\"ACHETER DES LACES\",\"item\":\"https:\\\/\\\/www.loopkinglaces.com\\\/fr\\\/acheter-des-laces\\\/\"},{\"@type\":\"ListItem\",\"position\":3,\"name\":\"Lacets noirs r\u00e9fl\u00e9chissants avec bouts transparents\"}]},{\"@type\":\"WebSite\",\"@id\":\"https:\\\/\\\/www.loopkinglaces.com\\\/fr\\\/#website\",\"url\":\"https:\\\/\\\/www.loopkinglaces.com\\\/fr\\\/\",\"name\":\"Luxury Gold Tip Shoelaces by Loop King Laces\",\"description\":\"Rope Laces, Flat Waxed Laces and Leather Laces. All With Gold Tips.\",\"publisher\":{\"@id\":\"https:\\\/\\\/www.loopkinglaces.com\\\/fr\\\/#organization\"},\"potentialAction\":[{\"@type\":\"SearchAction\",\"target\":{\"@type\":\"EntryPoint\",\"urlTemplate\":\"https:\\\/\\\/www.loopkinglaces.com\\\/fr\\\/?s={search_term_string}\"},\"query-input\":{\"@type\":\"PropertyValueSpecification\",\"valueRequired\":true,\"valueName\":\"search_term_string\"}}],\"inLanguage\":\"fr-FR\"},{\"@type\":\"Organization\",\"@id\":\"https:\\\/\\\/www.loopkinglaces.com\\\/fr\\\/#organization\",\"name\":\"Loop King Laces\",\"url\":\"https:\\\/\\\/www.loopkinglaces.com\\\/fr\\\/\",\"logo\":{\"@type\":\"ImageObject\",\"inLanguage\":\"fr-FR\",\"@id\":\"https:\\\/\\\/www.loopkinglaces.com\\\/fr\\\/#\\\/schema\\\/logo\\\/image\\\/\",\"url\":\"https:\\\/\\\/www.loopkinglaces.com\\\/wp-content\\\/uploads\\\/LOOP-KING-LACES.1.1-01-LOGO-HI-RES-OFFICIAL-1.png\",\"contentUrl\":\"https:\\\/\\\/www.loopkinglaces.com\\\/wp-content\\\/uploads\\\/LOOP-KING-LACES.1.1-01-LOGO-HI-RES-OFFICIAL-1.png\",\"width\":128,\"height\":91,\"caption\":\"Loop King Laces\"},\"image\":{\"@id\":\"https:\\\/\\\/www.loopkinglaces.com\\\/fr\\\/#\\\/schema\\\/logo\\\/image\\\/\"},\"sameAs\":[\"https:\\\/\\\/www.facebook.com\\\/LoopKingLaces\\\/\",\"https:\\\/\\\/x.com\\\/loopkinglaces\",\"https:\\\/\\\/www.instagram.com\\\/loopkinglaces\\\/\"]}]}<\/script>\n<!-- \/ Yoast SEO plugin. -->","yoast_head_json":{"title":"Lacets noirs r\u00e9fl\u00e9chissants avec pointes transparentes - de Loop King","description":"Entre dans le monde des lacets Loop King et fais l'exp\u00e9rience du luxe avec nos lacets en corde \u00e0 bouts transparents, fabriqu\u00e9s \u00e0 partir de mat\u00e9riaux de premi\u00e8re qualit\u00e9 pour une plus grande durabilit\u00e9.","robots":{"index":"index","follow":"follow","max-snippet":"max-snippet:-1","max-image-preview":"max-image-preview:large","max-video-preview":"max-video-preview:-1"},"canonical":"https:\/\/www.loopkinglaces.com\/fr\/products\/lacets-noirs-reflechissants-avec-bouts-transparents\/","og_locale":"fr_FR","og_type":"article","og_title":"Lacets noirs r\u00e9fl\u00e9chissants avec pointes transparentes - de Loop King","og_description":"Entre dans le monde des lacets Loop King et fais l'exp\u00e9rience du luxe avec nos lacets en corde \u00e0 bouts transparents, fabriqu\u00e9s \u00e0 partir de mat\u00e9riaux de premi\u00e8re qualit\u00e9 pour une plus grande durabilit\u00e9.","og_url":"https:\/\/www.loopkinglaces.com\/fr\/products\/lacets-noirs-reflechissants-avec-bouts-transparents\/","og_site_name":"Luxury Gold Tip Shoelaces by Loop King Laces","article_publisher":"https:\/\/www.facebook.com\/LoopKingLaces\/","og_image":[{"width":2450,"height":2451,"url":"https:\/\/www.loopkinglaces.com\/wp-content\/uploads\/Black-Rope-Reflective.jpg","type":"image\/jpeg"}],"twitter_card":"summary_large_image","twitter_site":"@loopkinglaces","twitter_misc":{"Dur\u00e9e de lecture estim\u00e9e":"1 minute"},"schema":{"@context":"https:\/\/schema.org","@graph":[{"@type":["WebPage","ItemPage"],"@id":"https:\/\/www.loopkinglaces.com\/fr\/products\/lacets-noirs-reflechissants-avec-bouts-transparents\/","url":"https:\/\/www.loopkinglaces.com\/fr\/products\/lacets-noirs-reflechissants-avec-bouts-transparents\/","name":"Lacets noirs r\u00e9fl\u00e9chissants avec pointes transparentes - de Loop King","isPartOf":{"@id":"https:\/\/www.loopkinglaces.com\/fr\/#website"},"primaryImageOfPage":{"@id":"https:\/\/www.loopkinglaces.com\/fr\/products\/lacets-noirs-reflechissants-avec-bouts-transparents\/#primaryimage"},"image":{"@id":"https:\/\/www.loopkinglaces.com\/fr\/products\/lacets-noirs-reflechissants-avec-bouts-transparents\/#primaryimage"},"thumbnailUrl":"https:\/\/www.loopkinglaces.com\/wp-content\/uploads\/Black-Rope-Reflective.jpg","datePublished":"2023-12-07T18:10:35+00:00","description":"Entre dans le monde des lacets Loop King et fais l'exp\u00e9rience du luxe avec nos lacets en corde \u00e0 bouts transparents, fabriqu\u00e9s \u00e0 partir de mat\u00e9riaux de premi\u00e8re qualit\u00e9 pour une plus grande durabilit\u00e9.","breadcrumb":{"@id":"https:\/\/www.loopkinglaces.com\/fr\/products\/lacets-noirs-reflechissants-avec-bouts-transparents\/#breadcrumb"},"inLanguage":"fr-FR","potentialAction":[{"@type":"ReadAction","target":["https:\/\/www.loopkinglaces.com\/fr\/products\/lacets-noirs-reflechissants-avec-bouts-transparents\/"]}]},{"@type":"ImageObject","inLanguage":"fr-FR","@id":"https:\/\/www.loopkinglaces.com\/fr\/products\/lacets-noirs-reflechissants-avec-bouts-transparents\/#primaryimage","url":"https:\/\/www.loopkinglaces.com\/wp-content\/uploads\/Black-Rope-Reflective.jpg","contentUrl":"https:\/\/www.loopkinglaces.com\/wp-content\/uploads\/Black-Rope-Reflective.jpg","width":2450,"height":2451},{"@type":"BreadcrumbList","@id":"https:\/\/www.loopkinglaces.com\/fr\/products\/lacets-noirs-reflechissants-avec-bouts-transparents\/#breadcrumb","itemListElement":[{"@type":"ListItem","position":1,"name":"Home","item":"https:\/\/www.loopkinglaces.com\/fr\/"},{"@type":"ListItem","position":2,"name":"ACHETER DES LACES","item":"https:\/\/www.loopkinglaces.com\/fr\/acheter-des-laces\/"},{"@type":"ListItem","position":3,"name":"Lacets noirs r\u00e9fl\u00e9chissants avec bouts transparents"}]},{"@type":"WebSite","@id":"https:\/\/www.loopkinglaces.com\/fr\/#website","url":"https:\/\/www.loopkinglaces.com\/fr\/","name":"Luxury Gold Tip Shoelaces by Loop King Laces","description":"Rope Laces, Flat Waxed Laces and Leather Laces. All With Gold Tips.","publisher":{"@id":"https:\/\/www.loopkinglaces.com\/fr\/#organization"},"potentialAction":[{"@type":"SearchAction","target":{"@type":"EntryPoint","urlTemplate":"https:\/\/www.loopkinglaces.com\/fr\/?s={search_term_string}"},"query-input":{"@type":"PropertyValueSpecification","valueRequired":true,"valueName":"search_term_string"}}],"inLanguage":"fr-FR"},{"@type":"Organization","@id":"https:\/\/www.loopkinglaces.com\/fr\/#organization","name":"Loop King Laces","url":"https:\/\/www.loopkinglaces.com\/fr\/","logo":{"@type":"ImageObject","inLanguage":"fr-FR","@id":"https:\/\/www.loopkinglaces.com\/fr\/#\/schema\/logo\/image\/","url":"https:\/\/www.loopkinglaces.com\/wp-content\/uploads\/LOOP-KING-LACES.1.1-01-LOGO-HI-RES-OFFICIAL-1.png","contentUrl":"https:\/\/www.loopkinglaces.com\/wp-content\/uploads\/LOOP-KING-LACES.1.1-01-LOGO-HI-RES-OFFICIAL-1.png","width":128,"height":91,"caption":"Loop King Laces"},"image":{"@id":"https:\/\/www.loopkinglaces.com\/fr\/#\/schema\/logo\/image\/"},"sameAs":["https:\/\/www.facebook.com\/LoopKingLaces\/","https:\/\/x.com\/loopkinglaces","https:\/\/www.instagram.com\/loopkinglaces\/"]}]}},"_links":{"self":[{"href":"https:\/\/www.loopkinglaces.com\/fr\/wp-json\/wp\/v2\/product\/68845","targetHints":{"allow":["GET"]}}],"collection":[{"href":"https:\/\/www.loopkinglaces.com\/fr\/wp-json\/wp\/v2\/product"}],"about":[{"href":"https:\/\/www.loopkinglaces.com\/fr\/wp-json\/wp\/v2\/types\/product"}],"replies":[{"embeddable":true,"href":"https:\/\/www.loopkinglaces.com\/fr\/wp-json\/wp\/v2\/comments?post=68845"}],"wp:featuredmedia":[{"embeddable":true,"href":"https:\/\/www.loopkinglaces.com\/fr\/wp-json\/wp\/v2\/media\/68855"}],"wp:attachment":[{"href":"https:\/\/www.loopkinglaces.com\/fr\/wp-json\/wp\/v2\/media?parent=68845"}],"wp:term":[{"taxonomy":"product_brand","embeddable":true,"href":"https:\/\/www.loopkinglaces.com\/fr\/wp-json\/wp\/v2\/product_brand?post=68845"},{"taxonomy":"product_cat","embeddable":true,"href":"https:\/\/www.loopkinglaces.com\/fr\/wp-json\/wp\/v2\/product_cat?post=68845"},{"taxonomy":"product_tag","embeddable":true,"href":"https:\/\/www.loopkinglaces.com\/fr\/wp-json\/wp\/v2\/product_tag?post=68845"},{"taxonomy":"woo-feed-brand","embeddable":true,"href":"https:\/\/www.loopkinglaces.com\/fr\/wp-json\/wp\/v2\/woo-feed-brand?post=68845"}],"curies":[{"name":"wp","href":"https:\/\/api.w.org\/{rel}","templated":true}]}}