{"id":68737,"date":"2023-12-07T16:37:54","date_gmt":"2023-12-07T16:37:54","guid":{"rendered":"https:\/\/www.loopkinglaces.com\/products\/lacets-de-luxe-en-cuir-bourgogne-avec-pointes-dorees\/"},"modified":"2023-12-07T16:37:54","modified_gmt":"2023-12-07T16:37:54","slug":"lacets-de-luxe-en-cuir-bourgogne-avec-pointes-dorees","status":"publish","type":"product","link":"https:\/\/www.loopkinglaces.com\/fr\/products\/lacets-de-luxe-en-cuir-bourgogne-avec-pointes-dorees\/","title":{"rendered":"Lacets de luxe en cuir bourgogne avec pointes dor\u00e9es"},"content":{"rendered":"<h3><a href=\"https:\/\/www.loopkinglaces.com\/\">Lacets de luxe pour baskets<\/a><\/h3>\n<p>  Les lacets plats et \u00e9pais ont un aspect haut de gamme et co\u00fbteux inh\u00e9rent, un concept enti\u00e8rement adopt\u00e9 par Loop King dans nos lacets en cuir.<br \/>\nCes lacets ont une \u00e9paisseur consid\u00e9rable qui met en valeur le cuir exquis utilis\u00e9 pour leur fabrication.<br \/>\nChez Loop King, la qualit\u00e9 n&#8217;est pas qu&#8217;un mot, c&#8217;est une pratique, comme en t\u00e9moignent nos choix de mat\u00e9riaux haut de gamme.<br \/>\nNos lacets sont con\u00e7us pour durer, et leur long\u00e9vit\u00e9 est souvent trois fois sup\u00e9rieure \u00e0 celle des autres marques.<br \/>\nPour minimiser les remplacements de lacets, tourne-toi vers les lacets en cuir Loop King.    <\/p>\n","protected":false},"excerpt":{"rendered":"<p><strong>Lacets de luxe en cuir bourgogne avec pointes dor\u00e9es<\/strong> Il est largement reconnu que les lacets plus \u00e9pais et plus plats portent un aspect plus sophistiqu\u00e9 et plus co\u00fbteux.<br \/>\nLoop King&#8217;s leather Le charme visuel des lacets larges et substantiels est ind\u00e9niable, souvent associ\u00e9 \u00e0 un look haut de gamme.<br \/>\nLes lacets en cuir de Loop King en sont l&#8217;incarnation, avec une \u00e9paisseur g\u00e9n\u00e9reuse qui met en valeur le cuir de premi\u00e8re qualit\u00e9.<br \/>\nNotre d\u00e9vouement \u00e0 la qualit\u00e9 est implacable, ce qui se refl\u00e8te dans notre s\u00e9lection de mat\u00e9riaux sup\u00e9rieurs.<br \/>\nCes lacets ne sont pas seulement esth\u00e9tiques, mais aussi remarquablement durables, d\u00e9passant souvent jusqu&#8217;\u00e0 trois fois les autres marques en termes de durabilit\u00e9.<br \/>\nPour une \u00e9l\u00e9gance durable, choisis les lacets en cuir Loop King.<br \/>\nLes caract\u00e9ristiques principales comprennent :        <\/p>\n<ul>\n<li>Largeur de 6 mm (plat)<\/li>\n<li>Cuir fin<\/li>\n<li>Pointes d&#8217;aiguille en or emboss\u00e9es portant le nom de Loop King.<\/li>\n<li>Convient \u00e0 la plupart des grandes marques de chaussures (Nike, Adidas, Reebok, Vans, Converse, etc.)<\/li>\n<li>Durera plus longtemps que les autres marques de lacets 3x<\/li>\n<li>Beautiful Loop King Emballage par lacet<\/li>\n<\/ul>\n","protected":false},"featured_media":68751,"comment_status":"open","ping_status":"closed","template":"","meta":{"_acf_changed":false},"product_brand":[],"product_cat":[1299,1229,1185,951,1307,1081,1716,1233,1197,1215,1195,947,1235],"product_tag":[1072,962,1073,961,964,963],"woo-feed-brand":[],"class_list":{"0":"post-68737","1":"product","2":"type-product","3":"status-publish","4":"has-post-thumbnail","6":"product_cat-des-lacets-de-chaussures-bourguignons-etonnants-qui-rehausseront-toute-ta-tenue","7":"product_cat-eleve-ton-experience-hoka-pas-seulement-des-lacets-mais-des-declarations-dans-des-tons-neutres","8":"product_cat-lacets-a-pointe-dor","9":"product_cat-lacets-de-30-pouces-tous-les-lacets-modernes-et-de-haute-qualite","10":"product_cat-lacets-en-corde-de-qualite-superieure-qualite-exceptionnelle-et-superieure","11":"product_cat-lacets-en-cuir-de-luxe","12":"product_cat-lacets-en-daim-un-changement-de-jeu-pour-tes-chaussures","13":"product_cat-lacets-extra-longs-plus-quune-tendance-un-mode-de-vie","14":"product_cat-lacets-nike-air-max-90-trendy-shoestrings","15":"product_cat-lacets-nike-blazer-pour-un-style-superieur-et-des-tendances","16":"product_cat-lacets-nike-sb-modernes-et-haut-de-gamme","17":"product_cat-tous-les-lacets","18":"product_cat-trouver-la-correspondance-parfaite-la-revolution-des-lacets-de-72-pouces","19":"product_tag-chaussures","20":"product_tag-lacets","21":"product_tag-lacets-en-cuir","22":"product_tag-loop-king-fr","23":"product_tag-noir","24":"product_tag-pointe-en-metal","26":"first","27":"instock","28":"taxable","29":"shipping-taxable","30":"purchasable","31":"product-type-variable"},"acf":[],"yoast_head":"<!-- This site is optimized with the Yoast SEO plugin v27.4 - https:\/\/yoast.com\/product\/yoast-seo-wordpress\/ -->\n<title>Lacets de luxe en cuir bourgogne avec pointes dor\u00e9es - From Loop King<\/title>\n<meta name=\"description\" content=\"Nos lacets en cuir de luxe sont l&#039;am\u00e9lioration id\u00e9ale pour les baskets populaires comme les Nike Dunks et les Adidas Yeezys. Ils apportent une touche fra\u00eeche et haut de gamme \u00e0 n&#039;importe quelle marque.\" \/>\n<meta name=\"robots\" content=\"index, follow, max-snippet:-1, max-image-preview:large, max-video-preview:-1\" \/>\n<link rel=\"canonical\" href=\"https:\/\/www.loopkinglaces.com\/fr\/products\/lacets-de-luxe-en-cuir-bourgogne-avec-pointes-dorees\/\" \/>\n<meta property=\"og:locale\" content=\"fr_FR\" \/>\n<meta property=\"og:type\" content=\"article\" \/>\n<meta property=\"og:title\" content=\"Lacets de luxe en cuir bourgogne avec pointes dor\u00e9es - From Loop King\" \/>\n<meta property=\"og:description\" content=\"Nos lacets en cuir de luxe sont l&#039;am\u00e9lioration id\u00e9ale pour les baskets populaires comme les Nike Dunks et les Adidas Yeezys. Ils apportent une touche fra\u00eeche et haut de gamme \u00e0 n&#039;importe quelle marque.\" \/>\n<meta property=\"og:url\" content=\"https:\/\/www.loopkinglaces.com\/fr\/products\/lacets-de-luxe-en-cuir-bourgogne-avec-pointes-dorees\/\" \/>\n<meta property=\"og:site_name\" content=\"Luxury Gold Tip Shoelaces by Loop King Laces\" \/>\n<meta property=\"article:publisher\" content=\"https:\/\/www.facebook.com\/LoopKingLaces\/\" \/>\n<meta property=\"og:image\" content=\"https:\/\/www.loopkinglaces.com\/wp-content\/uploads\/Burgundy-Leather-scaled.jpg\" \/>\n\t<meta property=\"og:image:width\" content=\"2560\" \/>\n\t<meta property=\"og:image:height\" content=\"2560\" \/>\n\t<meta property=\"og:image:type\" content=\"image\/jpeg\" \/>\n<meta name=\"twitter:card\" content=\"summary_large_image\" \/>\n<meta name=\"twitter:site\" content=\"@loopkinglaces\" \/>\n<meta name=\"twitter:label1\" content=\"Dur\u00e9e de lecture estim\u00e9e\" \/>\n\t<meta name=\"twitter:data1\" content=\"1 minute\" \/>\n<script type=\"application\/ld+json\" class=\"yoast-schema-graph\">{\"@context\":\"https:\\\/\\\/schema.org\",\"@graph\":[{\"@type\":[\"WebPage\",\"ItemPage\"],\"@id\":\"https:\\\/\\\/www.loopkinglaces.com\\\/fr\\\/products\\\/lacets-de-luxe-en-cuir-bourgogne-avec-pointes-dorees\\\/\",\"url\":\"https:\\\/\\\/www.loopkinglaces.com\\\/fr\\\/products\\\/lacets-de-luxe-en-cuir-bourgogne-avec-pointes-dorees\\\/\",\"name\":\"Lacets de luxe en cuir bourgogne avec pointes dor\u00e9es - From Loop King\",\"isPartOf\":{\"@id\":\"https:\\\/\\\/www.loopkinglaces.com\\\/fr\\\/#website\"},\"primaryImageOfPage\":{\"@id\":\"https:\\\/\\\/www.loopkinglaces.com\\\/fr\\\/products\\\/lacets-de-luxe-en-cuir-bourgogne-avec-pointes-dorees\\\/#primaryimage\"},\"image\":{\"@id\":\"https:\\\/\\\/www.loopkinglaces.com\\\/fr\\\/products\\\/lacets-de-luxe-en-cuir-bourgogne-avec-pointes-dorees\\\/#primaryimage\"},\"thumbnailUrl\":\"https:\\\/\\\/www.loopkinglaces.com\\\/wp-content\\\/uploads\\\/Burgundy-Leather-scaled.jpg\",\"datePublished\":\"2023-12-07T16:37:54+00:00\",\"description\":\"Nos lacets en cuir de luxe sont l'am\u00e9lioration id\u00e9ale pour les baskets populaires comme les Nike Dunks et les Adidas Yeezys. Ils apportent une touche fra\u00eeche et haut de gamme \u00e0 n'importe quelle marque.\",\"breadcrumb\":{\"@id\":\"https:\\\/\\\/www.loopkinglaces.com\\\/fr\\\/products\\\/lacets-de-luxe-en-cuir-bourgogne-avec-pointes-dorees\\\/#breadcrumb\"},\"inLanguage\":\"fr-FR\",\"potentialAction\":[{\"@type\":\"ReadAction\",\"target\":[\"https:\\\/\\\/www.loopkinglaces.com\\\/fr\\\/products\\\/lacets-de-luxe-en-cuir-bourgogne-avec-pointes-dorees\\\/\"]}]},{\"@type\":\"ImageObject\",\"inLanguage\":\"fr-FR\",\"@id\":\"https:\\\/\\\/www.loopkinglaces.com\\\/fr\\\/products\\\/lacets-de-luxe-en-cuir-bourgogne-avec-pointes-dorees\\\/#primaryimage\",\"url\":\"https:\\\/\\\/www.loopkinglaces.com\\\/wp-content\\\/uploads\\\/Burgundy-Leather-scaled.jpg\",\"contentUrl\":\"https:\\\/\\\/www.loopkinglaces.com\\\/wp-content\\\/uploads\\\/Burgundy-Leather-scaled.jpg\",\"width\":2560,\"height\":2560},{\"@type\":\"BreadcrumbList\",\"@id\":\"https:\\\/\\\/www.loopkinglaces.com\\\/fr\\\/products\\\/lacets-de-luxe-en-cuir-bourgogne-avec-pointes-dorees\\\/#breadcrumb\",\"itemListElement\":[{\"@type\":\"ListItem\",\"position\":1,\"name\":\"Home\",\"item\":\"https:\\\/\\\/www.loopkinglaces.com\\\/fr\\\/\"},{\"@type\":\"ListItem\",\"position\":2,\"name\":\"ACHETER DES LACES\",\"item\":\"https:\\\/\\\/www.loopkinglaces.com\\\/fr\\\/acheter-des-laces\\\/\"},{\"@type\":\"ListItem\",\"position\":3,\"name\":\"Lacets de luxe en cuir bourgogne avec pointes dor\u00e9es\"}]},{\"@type\":\"WebSite\",\"@id\":\"https:\\\/\\\/www.loopkinglaces.com\\\/fr\\\/#website\",\"url\":\"https:\\\/\\\/www.loopkinglaces.com\\\/fr\\\/\",\"name\":\"Luxury Gold Tip Shoelaces by Loop King Laces\",\"description\":\"Rope Laces, Flat Waxed Laces and Leather Laces. All With Gold Tips.\",\"publisher\":{\"@id\":\"https:\\\/\\\/www.loopkinglaces.com\\\/fr\\\/#organization\"},\"potentialAction\":[{\"@type\":\"SearchAction\",\"target\":{\"@type\":\"EntryPoint\",\"urlTemplate\":\"https:\\\/\\\/www.loopkinglaces.com\\\/fr\\\/?s={search_term_string}\"},\"query-input\":{\"@type\":\"PropertyValueSpecification\",\"valueRequired\":true,\"valueName\":\"search_term_string\"}}],\"inLanguage\":\"fr-FR\"},{\"@type\":\"Organization\",\"@id\":\"https:\\\/\\\/www.loopkinglaces.com\\\/fr\\\/#organization\",\"name\":\"Loop King Laces\",\"url\":\"https:\\\/\\\/www.loopkinglaces.com\\\/fr\\\/\",\"logo\":{\"@type\":\"ImageObject\",\"inLanguage\":\"fr-FR\",\"@id\":\"https:\\\/\\\/www.loopkinglaces.com\\\/fr\\\/#\\\/schema\\\/logo\\\/image\\\/\",\"url\":\"https:\\\/\\\/www.loopkinglaces.com\\\/wp-content\\\/uploads\\\/LOOP-KING-LACES.1.1-01-LOGO-HI-RES-OFFICIAL-1.png\",\"contentUrl\":\"https:\\\/\\\/www.loopkinglaces.com\\\/wp-content\\\/uploads\\\/LOOP-KING-LACES.1.1-01-LOGO-HI-RES-OFFICIAL-1.png\",\"width\":128,\"height\":91,\"caption\":\"Loop King Laces\"},\"image\":{\"@id\":\"https:\\\/\\\/www.loopkinglaces.com\\\/fr\\\/#\\\/schema\\\/logo\\\/image\\\/\"},\"sameAs\":[\"https:\\\/\\\/www.facebook.com\\\/LoopKingLaces\\\/\",\"https:\\\/\\\/x.com\\\/loopkinglaces\",\"https:\\\/\\\/www.instagram.com\\\/loopkinglaces\\\/\"]}]}<\/script>\n<!-- \/ Yoast SEO plugin. -->","yoast_head_json":{"title":"Lacets de luxe en cuir bourgogne avec pointes dor\u00e9es - From Loop King","description":"Nos lacets en cuir de luxe sont l'am\u00e9lioration id\u00e9ale pour les baskets populaires comme les Nike Dunks et les Adidas Yeezys. Ils apportent une touche fra\u00eeche et haut de gamme \u00e0 n'importe quelle marque.","robots":{"index":"index","follow":"follow","max-snippet":"max-snippet:-1","max-image-preview":"max-image-preview:large","max-video-preview":"max-video-preview:-1"},"canonical":"https:\/\/www.loopkinglaces.com\/fr\/products\/lacets-de-luxe-en-cuir-bourgogne-avec-pointes-dorees\/","og_locale":"fr_FR","og_type":"article","og_title":"Lacets de luxe en cuir bourgogne avec pointes dor\u00e9es - From Loop King","og_description":"Nos lacets en cuir de luxe sont l'am\u00e9lioration id\u00e9ale pour les baskets populaires comme les Nike Dunks et les Adidas Yeezys. Ils apportent une touche fra\u00eeche et haut de gamme \u00e0 n'importe quelle marque.","og_url":"https:\/\/www.loopkinglaces.com\/fr\/products\/lacets-de-luxe-en-cuir-bourgogne-avec-pointes-dorees\/","og_site_name":"Luxury Gold Tip Shoelaces by Loop King Laces","article_publisher":"https:\/\/www.facebook.com\/LoopKingLaces\/","og_image":[{"width":2560,"height":2560,"url":"https:\/\/www.loopkinglaces.com\/wp-content\/uploads\/Burgundy-Leather-scaled.jpg","type":"image\/jpeg"}],"twitter_card":"summary_large_image","twitter_site":"@loopkinglaces","twitter_misc":{"Dur\u00e9e de lecture estim\u00e9e":"1 minute"},"schema":{"@context":"https:\/\/schema.org","@graph":[{"@type":["WebPage","ItemPage"],"@id":"https:\/\/www.loopkinglaces.com\/fr\/products\/lacets-de-luxe-en-cuir-bourgogne-avec-pointes-dorees\/","url":"https:\/\/www.loopkinglaces.com\/fr\/products\/lacets-de-luxe-en-cuir-bourgogne-avec-pointes-dorees\/","name":"Lacets de luxe en cuir bourgogne avec pointes dor\u00e9es - From Loop King","isPartOf":{"@id":"https:\/\/www.loopkinglaces.com\/fr\/#website"},"primaryImageOfPage":{"@id":"https:\/\/www.loopkinglaces.com\/fr\/products\/lacets-de-luxe-en-cuir-bourgogne-avec-pointes-dorees\/#primaryimage"},"image":{"@id":"https:\/\/www.loopkinglaces.com\/fr\/products\/lacets-de-luxe-en-cuir-bourgogne-avec-pointes-dorees\/#primaryimage"},"thumbnailUrl":"https:\/\/www.loopkinglaces.com\/wp-content\/uploads\/Burgundy-Leather-scaled.jpg","datePublished":"2023-12-07T16:37:54+00:00","description":"Nos lacets en cuir de luxe sont l'am\u00e9lioration id\u00e9ale pour les baskets populaires comme les Nike Dunks et les Adidas Yeezys. Ils apportent une touche fra\u00eeche et haut de gamme \u00e0 n'importe quelle marque.","breadcrumb":{"@id":"https:\/\/www.loopkinglaces.com\/fr\/products\/lacets-de-luxe-en-cuir-bourgogne-avec-pointes-dorees\/#breadcrumb"},"inLanguage":"fr-FR","potentialAction":[{"@type":"ReadAction","target":["https:\/\/www.loopkinglaces.com\/fr\/products\/lacets-de-luxe-en-cuir-bourgogne-avec-pointes-dorees\/"]}]},{"@type":"ImageObject","inLanguage":"fr-FR","@id":"https:\/\/www.loopkinglaces.com\/fr\/products\/lacets-de-luxe-en-cuir-bourgogne-avec-pointes-dorees\/#primaryimage","url":"https:\/\/www.loopkinglaces.com\/wp-content\/uploads\/Burgundy-Leather-scaled.jpg","contentUrl":"https:\/\/www.loopkinglaces.com\/wp-content\/uploads\/Burgundy-Leather-scaled.jpg","width":2560,"height":2560},{"@type":"BreadcrumbList","@id":"https:\/\/www.loopkinglaces.com\/fr\/products\/lacets-de-luxe-en-cuir-bourgogne-avec-pointes-dorees\/#breadcrumb","itemListElement":[{"@type":"ListItem","position":1,"name":"Home","item":"https:\/\/www.loopkinglaces.com\/fr\/"},{"@type":"ListItem","position":2,"name":"ACHETER DES LACES","item":"https:\/\/www.loopkinglaces.com\/fr\/acheter-des-laces\/"},{"@type":"ListItem","position":3,"name":"Lacets de luxe en cuir bourgogne avec pointes dor\u00e9es"}]},{"@type":"WebSite","@id":"https:\/\/www.loopkinglaces.com\/fr\/#website","url":"https:\/\/www.loopkinglaces.com\/fr\/","name":"Luxury Gold Tip Shoelaces by Loop King Laces","description":"Rope Laces, Flat Waxed Laces and Leather Laces. All With Gold Tips.","publisher":{"@id":"https:\/\/www.loopkinglaces.com\/fr\/#organization"},"potentialAction":[{"@type":"SearchAction","target":{"@type":"EntryPoint","urlTemplate":"https:\/\/www.loopkinglaces.com\/fr\/?s={search_term_string}"},"query-input":{"@type":"PropertyValueSpecification","valueRequired":true,"valueName":"search_term_string"}}],"inLanguage":"fr-FR"},{"@type":"Organization","@id":"https:\/\/www.loopkinglaces.com\/fr\/#organization","name":"Loop King Laces","url":"https:\/\/www.loopkinglaces.com\/fr\/","logo":{"@type":"ImageObject","inLanguage":"fr-FR","@id":"https:\/\/www.loopkinglaces.com\/fr\/#\/schema\/logo\/image\/","url":"https:\/\/www.loopkinglaces.com\/wp-content\/uploads\/LOOP-KING-LACES.1.1-01-LOGO-HI-RES-OFFICIAL-1.png","contentUrl":"https:\/\/www.loopkinglaces.com\/wp-content\/uploads\/LOOP-KING-LACES.1.1-01-LOGO-HI-RES-OFFICIAL-1.png","width":128,"height":91,"caption":"Loop King Laces"},"image":{"@id":"https:\/\/www.loopkinglaces.com\/fr\/#\/schema\/logo\/image\/"},"sameAs":["https:\/\/www.facebook.com\/LoopKingLaces\/","https:\/\/x.com\/loopkinglaces","https:\/\/www.instagram.com\/loopkinglaces\/"]}]}},"_links":{"self":[{"href":"https:\/\/www.loopkinglaces.com\/fr\/wp-json\/wp\/v2\/product\/68737","targetHints":{"allow":["GET"]}}],"collection":[{"href":"https:\/\/www.loopkinglaces.com\/fr\/wp-json\/wp\/v2\/product"}],"about":[{"href":"https:\/\/www.loopkinglaces.com\/fr\/wp-json\/wp\/v2\/types\/product"}],"replies":[{"embeddable":true,"href":"https:\/\/www.loopkinglaces.com\/fr\/wp-json\/wp\/v2\/comments?post=68737"}],"wp:featuredmedia":[{"embeddable":true,"href":"https:\/\/www.loopkinglaces.com\/fr\/wp-json\/wp\/v2\/media\/68751"}],"wp:attachment":[{"href":"https:\/\/www.loopkinglaces.com\/fr\/wp-json\/wp\/v2\/media?parent=68737"}],"wp:term":[{"taxonomy":"product_brand","embeddable":true,"href":"https:\/\/www.loopkinglaces.com\/fr\/wp-json\/wp\/v2\/product_brand?post=68737"},{"taxonomy":"product_cat","embeddable":true,"href":"https:\/\/www.loopkinglaces.com\/fr\/wp-json\/wp\/v2\/product_cat?post=68737"},{"taxonomy":"product_tag","embeddable":true,"href":"https:\/\/www.loopkinglaces.com\/fr\/wp-json\/wp\/v2\/product_tag?post=68737"},{"taxonomy":"woo-feed-brand","embeddable":true,"href":"https:\/\/www.loopkinglaces.com\/fr\/wp-json\/wp\/v2\/woo-feed-brand?post=68737"}],"curies":[{"name":"wp","href":"https:\/\/api.w.org\/{rel}","templated":true}]}}