{"id":68713,"date":"2023-12-07T16:43:52","date_gmt":"2023-12-07T16:43:52","guid":{"rendered":"https:\/\/www.loopkinglaces.com\/products\/lacets-de-luxe-en-cuir-fauve-avec-pointes-dorees\/"},"modified":"2023-12-07T16:43:52","modified_gmt":"2023-12-07T16:43:52","slug":"lacets-de-luxe-en-cuir-fauve-avec-pointes-dorees","status":"publish","type":"product","link":"https:\/\/www.loopkinglaces.com\/fr\/products\/lacets-de-luxe-en-cuir-fauve-avec-pointes-dorees\/","title":{"rendered":"Lacets de luxe en cuir fauve avec pointes dor\u00e9es"},"content":{"rendered":"<h3><a href=\"https:\/\/www.loopkinglaces.com\/\">Lacets de luxe pour baskets<\/a><\/h3>\n<p>  Le charme visuel des lacets larges et substantiels est ind\u00e9niable, souvent associ\u00e9 \u00e0 un look haut de gamme.<br \/>\nLes lacets en cuir de Loop King en sont l&#8217;incarnation, avec une \u00e9paisseur g\u00e9n\u00e9reuse qui met en valeur le cuir de premi\u00e8re qualit\u00e9.<br \/>\nNotre d\u00e9vouement \u00e0 la qualit\u00e9 est implacable, ce qui se refl\u00e8te dans notre s\u00e9lection de mat\u00e9riaux sup\u00e9rieurs.<br \/>\nCes lacets ne sont pas seulement esth\u00e9tiques, mais aussi remarquablement durables, d\u00e9passant souvent jusqu&#8217;\u00e0 trois fois les autres marques en termes de durabilit\u00e9.   <\/p>\n","protected":false},"excerpt":{"rendered":"<p><strong>Lacets de luxe en cuir tan avec pointes dor\u00e9es<\/strong> Reconnaissant l&#8217;attrait ind\u00e9niable des lacets plus \u00e9pais et plus larges, Loop King a fabriqu\u00e9 des lacets en cuir qui incarnent cette esth\u00e9tique.<br \/>\nD&#8217;une \u00e9paisseur importante, ils mettent en valeur la finesse du cuir, affirmant un aspect luxueux.<br \/>\nLa qualit\u00e9 est primordiale dans notre processus, car nous n&#8217;utilisons que des mat\u00e9riaux de premi\u00e8re qualit\u00e9.<br \/>\nIl en r\u00e9sulte des lacets non seulement visuellement \u00e9poustouflants, mais aussi exceptionnellement durables, dont la dur\u00e9e de vie est souvent trois fois sup\u00e9rieure \u00e0 celle de leurs concurrents.<br \/>\nPour ceux qui recherchent des remplacements de lacets peu fr\u00e9quents, les lacets en cuir Loop King sont le choix d\u00e9finitif.<br \/>\nLeurs principales caract\u00e9ristiques sont les suivantes :       <\/p>\n<ul>\n<li>Largeur de 6 mm (plat)<\/li>\n<li>Cuir fin<\/li>\n<li>Pointes d&#8217;aiguille en or emboss\u00e9es portant le nom de Loop King.<\/li>\n<li>Convient \u00e0 la plupart des grandes marques de chaussures (Nike, Adidas, Reebok, Vans, Converse, etc.)<\/li>\n<li>Durera plus longtemps que les autres marques de lacets 3x<\/li>\n<li>Beautiful Loop King Emballage par lacet<\/li>\n<\/ul>\n","protected":false},"featured_media":68728,"comment_status":"open","ping_status":"closed","template":"","meta":{"_acf_changed":false},"product_brand":[],"product_cat":[1350,1512,1210,1207,1185,1222,1220,1239,1216,1081,947],"product_tag":[1072,962,1073,961,964,963],"woo-feed-brand":[],"class_list":{"0":"post-68713","1":"product","2":"type-product","3":"status-publish","4":"has-post-thumbnail","6":"product_cat-adidas-yeezy-700-lacets-cordes-a-la-mode","7":"product_cat-ameliore-ton-jeu-de-chaussures-avec-les-lacets-de-bottes-columbia","8":"product_cat-des-lacets-de-bottes-robustes-qui-ont-lair-incroyables-et-qui-durent-longtemps","9":"product_cat-des-lacets-de-chaussures-skechers-de-haut-niveau-qui-ajoutent-de-lintrigue-de-la-valeur-et-du-confort","10":"product_cat-lacets-a-pointe-dor","11":"product_cat-lacets-burberry-qui-amelioreront-tes-chaussures","12":"product_cat-lacets-de-basket-ball-pour-un-look-impeccable-et-un-ajustement-parfait-sur-et-en-dehors-du-terrain","13":"product_cat-lacets-de-bottes-de-63-pouces-faire-le-noeud-avec-style","14":"product_cat-lacets-ecco-une-finition-parfaite-pour-tes-chaussures-de-prestige","15":"product_cat-lacets-en-cuir-de-luxe","16":"product_cat-tous-les-lacets","17":"product_tag-chaussures","18":"product_tag-lacets","19":"product_tag-lacets-en-cuir","20":"product_tag-loop-king-fr","21":"product_tag-noir","22":"product_tag-pointe-en-metal","24":"first","25":"instock","26":"taxable","27":"shipping-taxable","28":"purchasable","29":"product-type-variable"},"acf":[],"yoast_head":"<!-- This site is optimized with the Yoast SEO plugin v27.4 - https:\/\/yoast.com\/product\/yoast-seo-wordpress\/ -->\n<title>Lacets de luxe en cuir fauve avec pointes dor\u00e9es - From Loop King<\/title>\n<meta name=\"description\" content=\"Red\u00e9finis ton style avec nos lacets en cuir de premi\u00e8re qualit\u00e9, parfaitement adapt\u00e9s aux grandes marques de baskets. Ils sont ton ticket pour une am\u00e9lioration instantan\u00e9e de ton style.\" \/>\n<meta name=\"robots\" content=\"index, follow, max-snippet:-1, max-image-preview:large, max-video-preview:-1\" \/>\n<link rel=\"canonical\" href=\"https:\/\/www.loopkinglaces.com\/fr\/products\/lacets-de-luxe-en-cuir-fauve-avec-pointes-dorees\/\" \/>\n<meta property=\"og:locale\" content=\"fr_FR\" \/>\n<meta property=\"og:type\" content=\"article\" \/>\n<meta property=\"og:title\" content=\"Lacets de luxe en cuir fauve avec pointes dor\u00e9es - From Loop King\" \/>\n<meta property=\"og:description\" content=\"Red\u00e9finis ton style avec nos lacets en cuir de premi\u00e8re qualit\u00e9, parfaitement adapt\u00e9s aux grandes marques de baskets. Ils sont ton ticket pour une am\u00e9lioration instantan\u00e9e de ton style.\" \/>\n<meta property=\"og:url\" content=\"https:\/\/www.loopkinglaces.com\/fr\/products\/lacets-de-luxe-en-cuir-fauve-avec-pointes-dorees\/\" \/>\n<meta property=\"og:site_name\" content=\"Luxury Gold Tip Shoelaces by Loop King Laces\" \/>\n<meta property=\"article:publisher\" content=\"https:\/\/www.facebook.com\/LoopKingLaces\/\" \/>\n<meta property=\"og:image\" content=\"https:\/\/www.loopkinglaces.com\/wp-content\/uploads\/Tan-Leather-scaled.jpg\" \/>\n\t<meta property=\"og:image:width\" content=\"2560\" \/>\n\t<meta property=\"og:image:height\" content=\"2560\" \/>\n\t<meta property=\"og:image:type\" content=\"image\/jpeg\" \/>\n<meta name=\"twitter:card\" content=\"summary_large_image\" \/>\n<meta name=\"twitter:site\" content=\"@loopkinglaces\" \/>\n<script type=\"application\/ld+json\" class=\"yoast-schema-graph\">{\"@context\":\"https:\\\/\\\/schema.org\",\"@graph\":[{\"@type\":[\"WebPage\",\"ItemPage\"],\"@id\":\"https:\\\/\\\/www.loopkinglaces.com\\\/fr\\\/products\\\/lacets-de-luxe-en-cuir-fauve-avec-pointes-dorees\\\/\",\"url\":\"https:\\\/\\\/www.loopkinglaces.com\\\/fr\\\/products\\\/lacets-de-luxe-en-cuir-fauve-avec-pointes-dorees\\\/\",\"name\":\"Lacets de luxe en cuir fauve avec pointes dor\u00e9es - From Loop King\",\"isPartOf\":{\"@id\":\"https:\\\/\\\/www.loopkinglaces.com\\\/fr\\\/#website\"},\"primaryImageOfPage\":{\"@id\":\"https:\\\/\\\/www.loopkinglaces.com\\\/fr\\\/products\\\/lacets-de-luxe-en-cuir-fauve-avec-pointes-dorees\\\/#primaryimage\"},\"image\":{\"@id\":\"https:\\\/\\\/www.loopkinglaces.com\\\/fr\\\/products\\\/lacets-de-luxe-en-cuir-fauve-avec-pointes-dorees\\\/#primaryimage\"},\"thumbnailUrl\":\"https:\\\/\\\/www.loopkinglaces.com\\\/wp-content\\\/uploads\\\/Tan-Leather-scaled.jpg\",\"datePublished\":\"2023-12-07T16:43:52+00:00\",\"description\":\"Red\u00e9finis ton style avec nos lacets en cuir de premi\u00e8re qualit\u00e9, parfaitement adapt\u00e9s aux grandes marques de baskets. Ils sont ton ticket pour une am\u00e9lioration instantan\u00e9e de ton style.\",\"breadcrumb\":{\"@id\":\"https:\\\/\\\/www.loopkinglaces.com\\\/fr\\\/products\\\/lacets-de-luxe-en-cuir-fauve-avec-pointes-dorees\\\/#breadcrumb\"},\"inLanguage\":\"fr-FR\",\"potentialAction\":[{\"@type\":\"ReadAction\",\"target\":[\"https:\\\/\\\/www.loopkinglaces.com\\\/fr\\\/products\\\/lacets-de-luxe-en-cuir-fauve-avec-pointes-dorees\\\/\"]}]},{\"@type\":\"ImageObject\",\"inLanguage\":\"fr-FR\",\"@id\":\"https:\\\/\\\/www.loopkinglaces.com\\\/fr\\\/products\\\/lacets-de-luxe-en-cuir-fauve-avec-pointes-dorees\\\/#primaryimage\",\"url\":\"https:\\\/\\\/www.loopkinglaces.com\\\/wp-content\\\/uploads\\\/Tan-Leather-scaled.jpg\",\"contentUrl\":\"https:\\\/\\\/www.loopkinglaces.com\\\/wp-content\\\/uploads\\\/Tan-Leather-scaled.jpg\",\"width\":2560,\"height\":2560},{\"@type\":\"BreadcrumbList\",\"@id\":\"https:\\\/\\\/www.loopkinglaces.com\\\/fr\\\/products\\\/lacets-de-luxe-en-cuir-fauve-avec-pointes-dorees\\\/#breadcrumb\",\"itemListElement\":[{\"@type\":\"ListItem\",\"position\":1,\"name\":\"Home\",\"item\":\"https:\\\/\\\/www.loopkinglaces.com\\\/fr\\\/\"},{\"@type\":\"ListItem\",\"position\":2,\"name\":\"ACHETER DES LACES\",\"item\":\"https:\\\/\\\/www.loopkinglaces.com\\\/fr\\\/acheter-des-laces\\\/\"},{\"@type\":\"ListItem\",\"position\":3,\"name\":\"Lacets de luxe en cuir fauve avec pointes dor\u00e9es\"}]},{\"@type\":\"WebSite\",\"@id\":\"https:\\\/\\\/www.loopkinglaces.com\\\/fr\\\/#website\",\"url\":\"https:\\\/\\\/www.loopkinglaces.com\\\/fr\\\/\",\"name\":\"Luxury Gold Tip Shoelaces by Loop King Laces\",\"description\":\"Rope Laces, Flat Waxed Laces and Leather Laces. All With Gold Tips.\",\"publisher\":{\"@id\":\"https:\\\/\\\/www.loopkinglaces.com\\\/fr\\\/#organization\"},\"potentialAction\":[{\"@type\":\"SearchAction\",\"target\":{\"@type\":\"EntryPoint\",\"urlTemplate\":\"https:\\\/\\\/www.loopkinglaces.com\\\/fr\\\/?s={search_term_string}\"},\"query-input\":{\"@type\":\"PropertyValueSpecification\",\"valueRequired\":true,\"valueName\":\"search_term_string\"}}],\"inLanguage\":\"fr-FR\"},{\"@type\":\"Organization\",\"@id\":\"https:\\\/\\\/www.loopkinglaces.com\\\/fr\\\/#organization\",\"name\":\"Loop King Laces\",\"url\":\"https:\\\/\\\/www.loopkinglaces.com\\\/fr\\\/\",\"logo\":{\"@type\":\"ImageObject\",\"inLanguage\":\"fr-FR\",\"@id\":\"https:\\\/\\\/www.loopkinglaces.com\\\/fr\\\/#\\\/schema\\\/logo\\\/image\\\/\",\"url\":\"https:\\\/\\\/www.loopkinglaces.com\\\/wp-content\\\/uploads\\\/LOOP-KING-LACES.1.1-01-LOGO-HI-RES-OFFICIAL-1.png\",\"contentUrl\":\"https:\\\/\\\/www.loopkinglaces.com\\\/wp-content\\\/uploads\\\/LOOP-KING-LACES.1.1-01-LOGO-HI-RES-OFFICIAL-1.png\",\"width\":128,\"height\":91,\"caption\":\"Loop King Laces\"},\"image\":{\"@id\":\"https:\\\/\\\/www.loopkinglaces.com\\\/fr\\\/#\\\/schema\\\/logo\\\/image\\\/\"},\"sameAs\":[\"https:\\\/\\\/www.facebook.com\\\/LoopKingLaces\\\/\",\"https:\\\/\\\/x.com\\\/loopkinglaces\",\"https:\\\/\\\/www.instagram.com\\\/loopkinglaces\\\/\"]}]}<\/script>\n<!-- \/ Yoast SEO plugin. -->","yoast_head_json":{"title":"Lacets de luxe en cuir fauve avec pointes dor\u00e9es - From Loop King","description":"Red\u00e9finis ton style avec nos lacets en cuir de premi\u00e8re qualit\u00e9, parfaitement adapt\u00e9s aux grandes marques de baskets. Ils sont ton ticket pour une am\u00e9lioration instantan\u00e9e de ton style.","robots":{"index":"index","follow":"follow","max-snippet":"max-snippet:-1","max-image-preview":"max-image-preview:large","max-video-preview":"max-video-preview:-1"},"canonical":"https:\/\/www.loopkinglaces.com\/fr\/products\/lacets-de-luxe-en-cuir-fauve-avec-pointes-dorees\/","og_locale":"fr_FR","og_type":"article","og_title":"Lacets de luxe en cuir fauve avec pointes dor\u00e9es - From Loop King","og_description":"Red\u00e9finis ton style avec nos lacets en cuir de premi\u00e8re qualit\u00e9, parfaitement adapt\u00e9s aux grandes marques de baskets. Ils sont ton ticket pour une am\u00e9lioration instantan\u00e9e de ton style.","og_url":"https:\/\/www.loopkinglaces.com\/fr\/products\/lacets-de-luxe-en-cuir-fauve-avec-pointes-dorees\/","og_site_name":"Luxury Gold Tip Shoelaces by Loop King Laces","article_publisher":"https:\/\/www.facebook.com\/LoopKingLaces\/","og_image":[{"width":2560,"height":2560,"url":"https:\/\/www.loopkinglaces.com\/wp-content\/uploads\/Tan-Leather-scaled.jpg","type":"image\/jpeg"}],"twitter_card":"summary_large_image","twitter_site":"@loopkinglaces","schema":{"@context":"https:\/\/schema.org","@graph":[{"@type":["WebPage","ItemPage"],"@id":"https:\/\/www.loopkinglaces.com\/fr\/products\/lacets-de-luxe-en-cuir-fauve-avec-pointes-dorees\/","url":"https:\/\/www.loopkinglaces.com\/fr\/products\/lacets-de-luxe-en-cuir-fauve-avec-pointes-dorees\/","name":"Lacets de luxe en cuir fauve avec pointes dor\u00e9es - From Loop King","isPartOf":{"@id":"https:\/\/www.loopkinglaces.com\/fr\/#website"},"primaryImageOfPage":{"@id":"https:\/\/www.loopkinglaces.com\/fr\/products\/lacets-de-luxe-en-cuir-fauve-avec-pointes-dorees\/#primaryimage"},"image":{"@id":"https:\/\/www.loopkinglaces.com\/fr\/products\/lacets-de-luxe-en-cuir-fauve-avec-pointes-dorees\/#primaryimage"},"thumbnailUrl":"https:\/\/www.loopkinglaces.com\/wp-content\/uploads\/Tan-Leather-scaled.jpg","datePublished":"2023-12-07T16:43:52+00:00","description":"Red\u00e9finis ton style avec nos lacets en cuir de premi\u00e8re qualit\u00e9, parfaitement adapt\u00e9s aux grandes marques de baskets. Ils sont ton ticket pour une am\u00e9lioration instantan\u00e9e de ton style.","breadcrumb":{"@id":"https:\/\/www.loopkinglaces.com\/fr\/products\/lacets-de-luxe-en-cuir-fauve-avec-pointes-dorees\/#breadcrumb"},"inLanguage":"fr-FR","potentialAction":[{"@type":"ReadAction","target":["https:\/\/www.loopkinglaces.com\/fr\/products\/lacets-de-luxe-en-cuir-fauve-avec-pointes-dorees\/"]}]},{"@type":"ImageObject","inLanguage":"fr-FR","@id":"https:\/\/www.loopkinglaces.com\/fr\/products\/lacets-de-luxe-en-cuir-fauve-avec-pointes-dorees\/#primaryimage","url":"https:\/\/www.loopkinglaces.com\/wp-content\/uploads\/Tan-Leather-scaled.jpg","contentUrl":"https:\/\/www.loopkinglaces.com\/wp-content\/uploads\/Tan-Leather-scaled.jpg","width":2560,"height":2560},{"@type":"BreadcrumbList","@id":"https:\/\/www.loopkinglaces.com\/fr\/products\/lacets-de-luxe-en-cuir-fauve-avec-pointes-dorees\/#breadcrumb","itemListElement":[{"@type":"ListItem","position":1,"name":"Home","item":"https:\/\/www.loopkinglaces.com\/fr\/"},{"@type":"ListItem","position":2,"name":"ACHETER DES LACES","item":"https:\/\/www.loopkinglaces.com\/fr\/acheter-des-laces\/"},{"@type":"ListItem","position":3,"name":"Lacets de luxe en cuir fauve avec pointes dor\u00e9es"}]},{"@type":"WebSite","@id":"https:\/\/www.loopkinglaces.com\/fr\/#website","url":"https:\/\/www.loopkinglaces.com\/fr\/","name":"Luxury Gold Tip Shoelaces by Loop King Laces","description":"Rope Laces, Flat Waxed Laces and Leather Laces. All With Gold Tips.","publisher":{"@id":"https:\/\/www.loopkinglaces.com\/fr\/#organization"},"potentialAction":[{"@type":"SearchAction","target":{"@type":"EntryPoint","urlTemplate":"https:\/\/www.loopkinglaces.com\/fr\/?s={search_term_string}"},"query-input":{"@type":"PropertyValueSpecification","valueRequired":true,"valueName":"search_term_string"}}],"inLanguage":"fr-FR"},{"@type":"Organization","@id":"https:\/\/www.loopkinglaces.com\/fr\/#organization","name":"Loop King Laces","url":"https:\/\/www.loopkinglaces.com\/fr\/","logo":{"@type":"ImageObject","inLanguage":"fr-FR","@id":"https:\/\/www.loopkinglaces.com\/fr\/#\/schema\/logo\/image\/","url":"https:\/\/www.loopkinglaces.com\/wp-content\/uploads\/LOOP-KING-LACES.1.1-01-LOGO-HI-RES-OFFICIAL-1.png","contentUrl":"https:\/\/www.loopkinglaces.com\/wp-content\/uploads\/LOOP-KING-LACES.1.1-01-LOGO-HI-RES-OFFICIAL-1.png","width":128,"height":91,"caption":"Loop King Laces"},"image":{"@id":"https:\/\/www.loopkinglaces.com\/fr\/#\/schema\/logo\/image\/"},"sameAs":["https:\/\/www.facebook.com\/LoopKingLaces\/","https:\/\/x.com\/loopkinglaces","https:\/\/www.instagram.com\/loopkinglaces\/"]}]}},"_links":{"self":[{"href":"https:\/\/www.loopkinglaces.com\/fr\/wp-json\/wp\/v2\/product\/68713","targetHints":{"allow":["GET"]}}],"collection":[{"href":"https:\/\/www.loopkinglaces.com\/fr\/wp-json\/wp\/v2\/product"}],"about":[{"href":"https:\/\/www.loopkinglaces.com\/fr\/wp-json\/wp\/v2\/types\/product"}],"replies":[{"embeddable":true,"href":"https:\/\/www.loopkinglaces.com\/fr\/wp-json\/wp\/v2\/comments?post=68713"}],"wp:featuredmedia":[{"embeddable":true,"href":"https:\/\/www.loopkinglaces.com\/fr\/wp-json\/wp\/v2\/media\/68728"}],"wp:attachment":[{"href":"https:\/\/www.loopkinglaces.com\/fr\/wp-json\/wp\/v2\/media?parent=68713"}],"wp:term":[{"taxonomy":"product_brand","embeddable":true,"href":"https:\/\/www.loopkinglaces.com\/fr\/wp-json\/wp\/v2\/product_brand?post=68713"},{"taxonomy":"product_cat","embeddable":true,"href":"https:\/\/www.loopkinglaces.com\/fr\/wp-json\/wp\/v2\/product_cat?post=68713"},{"taxonomy":"product_tag","embeddable":true,"href":"https:\/\/www.loopkinglaces.com\/fr\/wp-json\/wp\/v2\/product_tag?post=68713"},{"taxonomy":"woo-feed-brand","embeddable":true,"href":"https:\/\/www.loopkinglaces.com\/fr\/wp-json\/wp\/v2\/woo-feed-brand?post=68713"}],"curies":[{"name":"wp","href":"https:\/\/api.w.org\/{rel}","templated":true}]}}