{"id":68575,"date":"2023-11-07T15:27:25","date_gmt":"2023-11-07T15:27:25","guid":{"rendered":"https:\/\/www.loopkinglaces.com\/products\/lacets-no-tie-boot-71-inches-starter-pack-4-in-1\/"},"modified":"2023-11-07T15:27:25","modified_gmt":"2023-11-07T15:27:25","slug":"lacets-no-tie-boot-71-inches-starter-pack-4-in-1","status":"publish","type":"product","link":"https:\/\/www.loopkinglaces.com\/fr\/products\/lacets-no-tie-boot-71-inches-starter-pack-4-in-1\/","title":{"rendered":"Lacets No-Tie BOOT &#8211; 71 inches Starter Pack (4-in-1)"},"content":{"rendered":"<h3>Lacets No-Tie BOOT &#8211; 71 inches Starter Pack (4-in-1)<\/h3>\n<p>  Laisse derri\u00e8re toi les lacets qui font perdre du temps.<br \/>\nAvec nos lacets innovants sans lacets, tes chaussures sont bien ajust\u00e9es en quelques secondes.<br \/>\nUne simple traction active leur m\u00e9canisme de verrouillage semblable \u00e0 celui d&#8217;une fermeture \u00e9clair, s\u00e9curisant ainsi tes chaussures instantan\u00e9ment.<br \/>\nEt quand il est temps de les enlever ?<br \/>\nIl suffit de les faire glisser pour les desserrer.<br \/>\nCes lacets r\u00e9sistants sont con\u00e7us pour durer, trois fois plus longtemps que les lacets ordinaires.       &nbsp;<\/p>\n","protected":false},"excerpt":{"rendered":"<p><strong>No-Tie BOOT Laces &#8211; 71 inches Starter Pack (4-in-1)<\/strong> \u00c9CONOMISE jusqu&#8217;\u00e0 <strong>15 % de r\u00e9duction<\/strong> et b\u00e9n\u00e9ficie de la <strong>LIVRAISON GRATUITE<\/strong> avec ce pack de d\u00e9marrage.<br \/>\nComprend les lacets No-Tie BOOT.<br \/>\nNouer des lacets est une chose du pass\u00e9 &#8211; passe aux lacets sans lacets pour un ajustement rapide et s\u00fbr.<br \/>\nInspir\u00e9s de la fermeture \u00e9clair d&#8217;une veste, ils fixent solidement tes chaussures en tirant dessus et les lib\u00e8rent tout aussi rapidement lorsque c&#8217;est n\u00e9cessaire.<br \/>\nCes lacets durables sont con\u00e7us pour conserver leur tenue, offrant ainsi une dur\u00e9e de vie trois fois sup\u00e9rieure \u00e0 celle des lacets traditionnels.<br \/>\nListe compl\u00e8te des couleurs ci-dessous :       <\/p>\n<ul>\n<li>1x <strong>Light Brown<\/strong> No-Tie BOOT Laces &#8211; 71 pouces<\/li>\n<li>1x lacets de bottes sans noeud <strong>vert arm\u00e9e<\/strong> &#8211; 71 pouces<\/li>\n<li>1x <strong>Beige<\/strong> No-Tie BOOT Laces &#8211; 71 pouces<\/li>\n<li>1x lacets <strong>noirs<\/strong> sans attache pour bottes &#8211; 71 pouces<\/li>\n<li>Beautiful Loop King Emballage par lacet<\/li>\n<\/ul>\n","protected":false},"featured_media":68580,"comment_status":"open","ping_status":"closed","template":"","meta":{"_acf_changed":false},"product_brand":[],"product_cat":[1106,981,958,1105,983,1056,947],"product_tag":[1072,962,1073,961,963],"woo-feed-brand":[],"class_list":{"0":"post-68575","1":"product","2":"type-product","3":"status-publish","4":"has-post-thumbnail","6":"product_cat-ancres-pour-lacets-plus-de-voyages-juste-des-astuces","7":"product_cat-des-lacets-sans-fil-qui-te-font-gagner-du-temps-et-qui-sont-superbes","8":"product_cat-hey-dude-les-lacets-de-chaussures-sans-fil-cest-le-nouveau-cool","9":"product_cat-lacets-en-spirale-le-heros-meconnu-de-la-mode-des-chaussures","10":"product_cat-les-lacets-rapides-mettre-fin-aux-vieilles-habitudes-de-ligotage","11":"product_cat-paquets-de-depart-de-lacets","12":"product_cat-tous-les-lacets","13":"product_tag-chaussures","14":"product_tag-lacets","15":"product_tag-lacets-en-cuir","16":"product_tag-loop-king-fr","17":"product_tag-pointe-en-metal","19":"first","20":"instock","21":"taxable","22":"shipping-taxable","23":"purchasable","24":"product-type-simple"},"acf":[],"yoast_head":"<!-- This site is optimized with the Yoast SEO plugin v27.4 - https:\/\/yoast.com\/product\/yoast-seo-wordpress\/ -->\n<title>Paquet de d\u00e9part de lacets de chaussures - Paquet de d\u00e9part de 71 pouces<\/title>\n<meta name=\"description\" content=\"Transforme tes bottes gr\u00e2ce \u00e0 l&#039;innovation \u00e9l\u00e9gante des lacets sans lacets. Entre dans le futur o\u00f9 le style rencontre la facilit\u00e9, et ench\u00e9ris sur la corv\u00e9e d&#039;attacher tes chaussures.\" \/>\n<meta name=\"robots\" content=\"index, follow, max-snippet:-1, max-image-preview:large, max-video-preview:-1\" \/>\n<link rel=\"canonical\" href=\"https:\/\/www.loopkinglaces.com\/fr\/products\/lacets-no-tie-boot-71-inches-starter-pack-4-in-1\/\" \/>\n<meta property=\"og:locale\" content=\"fr_FR\" \/>\n<meta property=\"og:type\" content=\"article\" \/>\n<meta property=\"og:title\" content=\"Paquet de d\u00e9part de lacets de chaussures - Paquet de d\u00e9part de 71 pouces\" \/>\n<meta property=\"og:description\" content=\"Transforme tes bottes gr\u00e2ce \u00e0 l&#039;innovation \u00e9l\u00e9gante des lacets sans lacets. Entre dans le futur o\u00f9 le style rencontre la facilit\u00e9, et ench\u00e9ris sur la corv\u00e9e d&#039;attacher tes chaussures.\" \/>\n<meta property=\"og:url\" content=\"https:\/\/www.loopkinglaces.com\/fr\/products\/lacets-no-tie-boot-71-inches-starter-pack-4-in-1\/\" \/>\n<meta property=\"og:site_name\" content=\"Luxury Gold Tip Shoelaces by Loop King Laces\" \/>\n<meta property=\"article:publisher\" content=\"https:\/\/www.facebook.com\/LoopKingLaces\/\" \/>\n<meta property=\"og:image\" content=\"https:\/\/www.loopkinglaces.com\/wp-content\/uploads\/No-Tie-Boot-Laces-Starter-Pack.jpg\" \/>\n\t<meta property=\"og:image:width\" content=\"1000\" \/>\n\t<meta property=\"og:image:height\" content=\"1000\" \/>\n\t<meta property=\"og:image:type\" content=\"image\/jpeg\" \/>\n<meta name=\"twitter:card\" content=\"summary_large_image\" \/>\n<meta name=\"twitter:site\" content=\"@loopkinglaces\" \/>\n<script type=\"application\/ld+json\" class=\"yoast-schema-graph\">{\"@context\":\"https:\\\/\\\/schema.org\",\"@graph\":[{\"@type\":[\"WebPage\",\"ItemPage\"],\"@id\":\"https:\\\/\\\/www.loopkinglaces.com\\\/fr\\\/products\\\/lacets-no-tie-boot-71-inches-starter-pack-4-in-1\\\/\",\"url\":\"https:\\\/\\\/www.loopkinglaces.com\\\/fr\\\/products\\\/lacets-no-tie-boot-71-inches-starter-pack-4-in-1\\\/\",\"name\":\"Paquet de d\u00e9part de lacets de chaussures - Paquet de d\u00e9part de 71 pouces\",\"isPartOf\":{\"@id\":\"https:\\\/\\\/www.loopkinglaces.com\\\/fr\\\/#website\"},\"primaryImageOfPage\":{\"@id\":\"https:\\\/\\\/www.loopkinglaces.com\\\/fr\\\/products\\\/lacets-no-tie-boot-71-inches-starter-pack-4-in-1\\\/#primaryimage\"},\"image\":{\"@id\":\"https:\\\/\\\/www.loopkinglaces.com\\\/fr\\\/products\\\/lacets-no-tie-boot-71-inches-starter-pack-4-in-1\\\/#primaryimage\"},\"thumbnailUrl\":\"https:\\\/\\\/www.loopkinglaces.com\\\/wp-content\\\/uploads\\\/No-Tie-Boot-Laces-Starter-Pack.jpg\",\"datePublished\":\"2023-11-07T15:27:25+00:00\",\"description\":\"Transforme tes bottes gr\u00e2ce \u00e0 l'innovation \u00e9l\u00e9gante des lacets sans lacets. Entre dans le futur o\u00f9 le style rencontre la facilit\u00e9, et ench\u00e9ris sur la corv\u00e9e d'attacher tes chaussures.\",\"breadcrumb\":{\"@id\":\"https:\\\/\\\/www.loopkinglaces.com\\\/fr\\\/products\\\/lacets-no-tie-boot-71-inches-starter-pack-4-in-1\\\/#breadcrumb\"},\"inLanguage\":\"fr-FR\",\"potentialAction\":[{\"@type\":\"ReadAction\",\"target\":[\"https:\\\/\\\/www.loopkinglaces.com\\\/fr\\\/products\\\/lacets-no-tie-boot-71-inches-starter-pack-4-in-1\\\/\"]}]},{\"@type\":\"ImageObject\",\"inLanguage\":\"fr-FR\",\"@id\":\"https:\\\/\\\/www.loopkinglaces.com\\\/fr\\\/products\\\/lacets-no-tie-boot-71-inches-starter-pack-4-in-1\\\/#primaryimage\",\"url\":\"https:\\\/\\\/www.loopkinglaces.com\\\/wp-content\\\/uploads\\\/No-Tie-Boot-Laces-Starter-Pack.jpg\",\"contentUrl\":\"https:\\\/\\\/www.loopkinglaces.com\\\/wp-content\\\/uploads\\\/No-Tie-Boot-Laces-Starter-Pack.jpg\",\"width\":1000,\"height\":1000},{\"@type\":\"BreadcrumbList\",\"@id\":\"https:\\\/\\\/www.loopkinglaces.com\\\/fr\\\/products\\\/lacets-no-tie-boot-71-inches-starter-pack-4-in-1\\\/#breadcrumb\",\"itemListElement\":[{\"@type\":\"ListItem\",\"position\":1,\"name\":\"Home\",\"item\":\"https:\\\/\\\/www.loopkinglaces.com\\\/fr\\\/\"},{\"@type\":\"ListItem\",\"position\":2,\"name\":\"ACHETER DES LACES\",\"item\":\"https:\\\/\\\/www.loopkinglaces.com\\\/fr\\\/acheter-des-laces\\\/\"},{\"@type\":\"ListItem\",\"position\":3,\"name\":\"Lacets No-Tie BOOT &#8211; 71 inches Starter Pack (4-in-1)\"}]},{\"@type\":\"WebSite\",\"@id\":\"https:\\\/\\\/www.loopkinglaces.com\\\/fr\\\/#website\",\"url\":\"https:\\\/\\\/www.loopkinglaces.com\\\/fr\\\/\",\"name\":\"Luxury Gold Tip Shoelaces by Loop King Laces\",\"description\":\"Rope Laces, Flat Waxed Laces and Leather Laces. All With Gold Tips.\",\"publisher\":{\"@id\":\"https:\\\/\\\/www.loopkinglaces.com\\\/fr\\\/#organization\"},\"potentialAction\":[{\"@type\":\"SearchAction\",\"target\":{\"@type\":\"EntryPoint\",\"urlTemplate\":\"https:\\\/\\\/www.loopkinglaces.com\\\/fr\\\/?s={search_term_string}\"},\"query-input\":{\"@type\":\"PropertyValueSpecification\",\"valueRequired\":true,\"valueName\":\"search_term_string\"}}],\"inLanguage\":\"fr-FR\"},{\"@type\":\"Organization\",\"@id\":\"https:\\\/\\\/www.loopkinglaces.com\\\/fr\\\/#organization\",\"name\":\"Loop King Laces\",\"url\":\"https:\\\/\\\/www.loopkinglaces.com\\\/fr\\\/\",\"logo\":{\"@type\":\"ImageObject\",\"inLanguage\":\"fr-FR\",\"@id\":\"https:\\\/\\\/www.loopkinglaces.com\\\/fr\\\/#\\\/schema\\\/logo\\\/image\\\/\",\"url\":\"https:\\\/\\\/www.loopkinglaces.com\\\/wp-content\\\/uploads\\\/LOOP-KING-LACES.1.1-01-LOGO-HI-RES-OFFICIAL-1.png\",\"contentUrl\":\"https:\\\/\\\/www.loopkinglaces.com\\\/wp-content\\\/uploads\\\/LOOP-KING-LACES.1.1-01-LOGO-HI-RES-OFFICIAL-1.png\",\"width\":128,\"height\":91,\"caption\":\"Loop King Laces\"},\"image\":{\"@id\":\"https:\\\/\\\/www.loopkinglaces.com\\\/fr\\\/#\\\/schema\\\/logo\\\/image\\\/\"},\"sameAs\":[\"https:\\\/\\\/www.facebook.com\\\/LoopKingLaces\\\/\",\"https:\\\/\\\/x.com\\\/loopkinglaces\",\"https:\\\/\\\/www.instagram.com\\\/loopkinglaces\\\/\"]}]}<\/script>\n<!-- \/ Yoast SEO plugin. -->","yoast_head_json":{"title":"Paquet de d\u00e9part de lacets de chaussures - Paquet de d\u00e9part de 71 pouces","description":"Transforme tes bottes gr\u00e2ce \u00e0 l'innovation \u00e9l\u00e9gante des lacets sans lacets. Entre dans le futur o\u00f9 le style rencontre la facilit\u00e9, et ench\u00e9ris sur la corv\u00e9e d'attacher tes chaussures.","robots":{"index":"index","follow":"follow","max-snippet":"max-snippet:-1","max-image-preview":"max-image-preview:large","max-video-preview":"max-video-preview:-1"},"canonical":"https:\/\/www.loopkinglaces.com\/fr\/products\/lacets-no-tie-boot-71-inches-starter-pack-4-in-1\/","og_locale":"fr_FR","og_type":"article","og_title":"Paquet de d\u00e9part de lacets de chaussures - Paquet de d\u00e9part de 71 pouces","og_description":"Transforme tes bottes gr\u00e2ce \u00e0 l'innovation \u00e9l\u00e9gante des lacets sans lacets. Entre dans le futur o\u00f9 le style rencontre la facilit\u00e9, et ench\u00e9ris sur la corv\u00e9e d'attacher tes chaussures.","og_url":"https:\/\/www.loopkinglaces.com\/fr\/products\/lacets-no-tie-boot-71-inches-starter-pack-4-in-1\/","og_site_name":"Luxury Gold Tip Shoelaces by Loop King Laces","article_publisher":"https:\/\/www.facebook.com\/LoopKingLaces\/","og_image":[{"width":1000,"height":1000,"url":"https:\/\/www.loopkinglaces.com\/wp-content\/uploads\/No-Tie-Boot-Laces-Starter-Pack.jpg","type":"image\/jpeg"}],"twitter_card":"summary_large_image","twitter_site":"@loopkinglaces","schema":{"@context":"https:\/\/schema.org","@graph":[{"@type":["WebPage","ItemPage"],"@id":"https:\/\/www.loopkinglaces.com\/fr\/products\/lacets-no-tie-boot-71-inches-starter-pack-4-in-1\/","url":"https:\/\/www.loopkinglaces.com\/fr\/products\/lacets-no-tie-boot-71-inches-starter-pack-4-in-1\/","name":"Paquet de d\u00e9part de lacets de chaussures - Paquet de d\u00e9part de 71 pouces","isPartOf":{"@id":"https:\/\/www.loopkinglaces.com\/fr\/#website"},"primaryImageOfPage":{"@id":"https:\/\/www.loopkinglaces.com\/fr\/products\/lacets-no-tie-boot-71-inches-starter-pack-4-in-1\/#primaryimage"},"image":{"@id":"https:\/\/www.loopkinglaces.com\/fr\/products\/lacets-no-tie-boot-71-inches-starter-pack-4-in-1\/#primaryimage"},"thumbnailUrl":"https:\/\/www.loopkinglaces.com\/wp-content\/uploads\/No-Tie-Boot-Laces-Starter-Pack.jpg","datePublished":"2023-11-07T15:27:25+00:00","description":"Transforme tes bottes gr\u00e2ce \u00e0 l'innovation \u00e9l\u00e9gante des lacets sans lacets. Entre dans le futur o\u00f9 le style rencontre la facilit\u00e9, et ench\u00e9ris sur la corv\u00e9e d'attacher tes chaussures.","breadcrumb":{"@id":"https:\/\/www.loopkinglaces.com\/fr\/products\/lacets-no-tie-boot-71-inches-starter-pack-4-in-1\/#breadcrumb"},"inLanguage":"fr-FR","potentialAction":[{"@type":"ReadAction","target":["https:\/\/www.loopkinglaces.com\/fr\/products\/lacets-no-tie-boot-71-inches-starter-pack-4-in-1\/"]}]},{"@type":"ImageObject","inLanguage":"fr-FR","@id":"https:\/\/www.loopkinglaces.com\/fr\/products\/lacets-no-tie-boot-71-inches-starter-pack-4-in-1\/#primaryimage","url":"https:\/\/www.loopkinglaces.com\/wp-content\/uploads\/No-Tie-Boot-Laces-Starter-Pack.jpg","contentUrl":"https:\/\/www.loopkinglaces.com\/wp-content\/uploads\/No-Tie-Boot-Laces-Starter-Pack.jpg","width":1000,"height":1000},{"@type":"BreadcrumbList","@id":"https:\/\/www.loopkinglaces.com\/fr\/products\/lacets-no-tie-boot-71-inches-starter-pack-4-in-1\/#breadcrumb","itemListElement":[{"@type":"ListItem","position":1,"name":"Home","item":"https:\/\/www.loopkinglaces.com\/fr\/"},{"@type":"ListItem","position":2,"name":"ACHETER DES LACES","item":"https:\/\/www.loopkinglaces.com\/fr\/acheter-des-laces\/"},{"@type":"ListItem","position":3,"name":"Lacets No-Tie BOOT &#8211; 71 inches Starter Pack (4-in-1)"}]},{"@type":"WebSite","@id":"https:\/\/www.loopkinglaces.com\/fr\/#website","url":"https:\/\/www.loopkinglaces.com\/fr\/","name":"Luxury Gold Tip Shoelaces by Loop King Laces","description":"Rope Laces, Flat Waxed Laces and Leather Laces. All With Gold Tips.","publisher":{"@id":"https:\/\/www.loopkinglaces.com\/fr\/#organization"},"potentialAction":[{"@type":"SearchAction","target":{"@type":"EntryPoint","urlTemplate":"https:\/\/www.loopkinglaces.com\/fr\/?s={search_term_string}"},"query-input":{"@type":"PropertyValueSpecification","valueRequired":true,"valueName":"search_term_string"}}],"inLanguage":"fr-FR"},{"@type":"Organization","@id":"https:\/\/www.loopkinglaces.com\/fr\/#organization","name":"Loop King Laces","url":"https:\/\/www.loopkinglaces.com\/fr\/","logo":{"@type":"ImageObject","inLanguage":"fr-FR","@id":"https:\/\/www.loopkinglaces.com\/fr\/#\/schema\/logo\/image\/","url":"https:\/\/www.loopkinglaces.com\/wp-content\/uploads\/LOOP-KING-LACES.1.1-01-LOGO-HI-RES-OFFICIAL-1.png","contentUrl":"https:\/\/www.loopkinglaces.com\/wp-content\/uploads\/LOOP-KING-LACES.1.1-01-LOGO-HI-RES-OFFICIAL-1.png","width":128,"height":91,"caption":"Loop King Laces"},"image":{"@id":"https:\/\/www.loopkinglaces.com\/fr\/#\/schema\/logo\/image\/"},"sameAs":["https:\/\/www.facebook.com\/LoopKingLaces\/","https:\/\/x.com\/loopkinglaces","https:\/\/www.instagram.com\/loopkinglaces\/"]}]}},"_links":{"self":[{"href":"https:\/\/www.loopkinglaces.com\/fr\/wp-json\/wp\/v2\/product\/68575","targetHints":{"allow":["GET"]}}],"collection":[{"href":"https:\/\/www.loopkinglaces.com\/fr\/wp-json\/wp\/v2\/product"}],"about":[{"href":"https:\/\/www.loopkinglaces.com\/fr\/wp-json\/wp\/v2\/types\/product"}],"replies":[{"embeddable":true,"href":"https:\/\/www.loopkinglaces.com\/fr\/wp-json\/wp\/v2\/comments?post=68575"}],"wp:featuredmedia":[{"embeddable":true,"href":"https:\/\/www.loopkinglaces.com\/fr\/wp-json\/wp\/v2\/media\/68580"}],"wp:attachment":[{"href":"https:\/\/www.loopkinglaces.com\/fr\/wp-json\/wp\/v2\/media?parent=68575"}],"wp:term":[{"taxonomy":"product_brand","embeddable":true,"href":"https:\/\/www.loopkinglaces.com\/fr\/wp-json\/wp\/v2\/product_brand?post=68575"},{"taxonomy":"product_cat","embeddable":true,"href":"https:\/\/www.loopkinglaces.com\/fr\/wp-json\/wp\/v2\/product_cat?post=68575"},{"taxonomy":"product_tag","embeddable":true,"href":"https:\/\/www.loopkinglaces.com\/fr\/wp-json\/wp\/v2\/product_tag?post=68575"},{"taxonomy":"woo-feed-brand","embeddable":true,"href":"https:\/\/www.loopkinglaces.com\/fr\/wp-json\/wp\/v2\/woo-feed-brand?post=68575"}],"curies":[{"name":"wp","href":"https:\/\/api.w.org\/{rel}","templated":true}]}}