{"id":68405,"date":"2023-11-07T11:30:51","date_gmt":"2023-11-07T11:30:51","guid":{"rendered":"https:\/\/www.loopkinglaces.com\/products\/lot-de-depart-de-lacets-plats-en-coton-4-en-1\/"},"modified":"2023-11-07T11:30:51","modified_gmt":"2023-11-07T11:30:51","slug":"lot-de-depart-de-lacets-plats-en-coton-4-en-1","status":"publish","type":"product","link":"https:\/\/www.loopkinglaces.com\/fr\/products\/lot-de-depart-de-lacets-plats-en-coton-4-en-1\/","title":{"rendered":"Lot de d\u00e9part de lacets plats en coton (4 en 1)"},"content":{"rendered":"<h3>Lot de d\u00e9part de lacets plats en coton (4 en 1)<\/h3>\n<p>  Nos lacets s&#8217;adaptent \u00e0 tous les types de baskets et de marques, notamment Adidas, Nike, VANS et ainsi de suite, et transforment m\u00eame les chaussures Jordan en lacets Jordan avec des pointes en m\u00e9tal !<br \/>\nPour conna\u00eetre la longueur des lacets de tes baskets, visite notre <a href=\"\/shoelace-size-chart\/\">guide des tailles<\/a> o\u00f9 tu pourras trouver la taille de lacets parfaite pour tes chaussures.   &nbsp;<\/p>\n","protected":false},"excerpt":{"rendered":"<p><strong>Paquet de d\u00e9part de lacets plats en coton (4 en 1)<\/strong> \u00c9CONOMISE jusqu&#8217;\u00e0 <strong>15 %<\/strong> et b\u00e9n\u00e9ficie de la <strong>LIVRAISON GRATUITE<\/strong> avec ce paquet de d\u00e9part.<br \/>\nComprend 4 lacets plats en coton.<br \/>\nListe compl\u00e8te des couleurs ci-dessous.<br \/>\nTous nos lacets de chaussures de luxe sont fabriqu\u00e9s \u00e0 partir de mat\u00e9riaux de premi\u00e8re qualit\u00e9, tant pour le lacet que pour l&#8217;embout m\u00e9tallique.     <\/p>\n<ul>\n<li>1x Lacets plats en coton <strong>noir<\/strong> avec pointes dor\u00e9es<\/li>\n<li>1x Lacets plats en coton <strong>beige\/cr\u00e8me<\/strong> avec pointes dor\u00e9es<\/li>\n<li>1x Lacets plats en coton <strong>bleu clair<\/strong> avec pointes dor\u00e9es<\/li>\n<li>1x Lacets plats en coton <strong>blanc<\/strong> avec pointes dor\u00e9es<\/li>\n<li>Beautiful Loop King Emballage par lacet<\/li>\n<\/ul>\n","protected":false},"featured_media":68424,"comment_status":"open","ping_status":"closed","template":"","meta":{"_acf_changed":false},"product_brand":[],"product_cat":[1087,1056,947],"product_tag":[1072,962,1073,961,963],"woo-feed-brand":[],"class_list":{"0":"post-68405","1":"product","2":"type-product","3":"status-publish","4":"has-post-thumbnail","6":"product_cat-des-lacets-en-coton-de-premiere-qualite-qui-surpassent-en-tous-points-les-autres-marques","7":"product_cat-paquets-de-depart-de-lacets","8":"product_cat-tous-les-lacets","9":"product_tag-chaussures","10":"product_tag-lacets","11":"product_tag-lacets-en-cuir","12":"product_tag-loop-king-fr","13":"product_tag-pointe-en-metal","15":"first","16":"instock","17":"taxable","18":"shipping-taxable","19":"purchasable","20":"product-type-variable"},"acf":[],"yoast_head":"<!-- This site is optimized with the Yoast SEO plugin v27.4 - https:\/\/yoast.com\/product\/yoast-seo-wordpress\/ -->\n<title>Paquet de lacet de d\u00e9part | Lacets plats en coton avec pointes dor\u00e9es<\/title>\n<meta name=\"description\" content=\"Ne te contente jamais de chaussures ennuyeuses ! Nos paquets de lacets sont con\u00e7us pour les passionn\u00e9s de mode. Choisis parmi un arc-en-ciel de couleurs et de textures.\" \/>\n<meta name=\"robots\" content=\"index, follow, max-snippet:-1, max-image-preview:large, max-video-preview:-1\" \/>\n<link rel=\"canonical\" href=\"https:\/\/www.loopkinglaces.com\/fr\/products\/lot-de-depart-de-lacets-plats-en-coton-4-en-1\/\" \/>\n<meta property=\"og:locale\" content=\"fr_FR\" \/>\n<meta property=\"og:type\" content=\"article\" \/>\n<meta property=\"og:title\" content=\"Paquet de lacet de d\u00e9part | Lacets plats en coton avec pointes dor\u00e9es\" \/>\n<meta property=\"og:description\" content=\"Ne te contente jamais de chaussures ennuyeuses ! Nos paquets de lacets sont con\u00e7us pour les passionn\u00e9s de mode. Choisis parmi un arc-en-ciel de couleurs et de textures.\" \/>\n<meta property=\"og:url\" content=\"https:\/\/www.loopkinglaces.com\/fr\/products\/lot-de-depart-de-lacets-plats-en-coton-4-en-1\/\" \/>\n<meta property=\"og:site_name\" content=\"Luxury Gold Tip Shoelaces by Loop King Laces\" \/>\n<meta property=\"article:publisher\" content=\"https:\/\/www.facebook.com\/LoopKingLaces\/\" \/>\n<meta property=\"og:image\" content=\"https:\/\/www.loopkinglaces.com\/wp-content\/uploads\/Flat-Cotton-Starter-Pack.jpg\" \/>\n\t<meta property=\"og:image:width\" content=\"1000\" \/>\n\t<meta property=\"og:image:height\" content=\"1000\" \/>\n\t<meta property=\"og:image:type\" content=\"image\/jpeg\" \/>\n<meta name=\"twitter:card\" content=\"summary_large_image\" \/>\n<meta name=\"twitter:site\" content=\"@loopkinglaces\" \/>\n<script type=\"application\/ld+json\" class=\"yoast-schema-graph\">{\"@context\":\"https:\\\/\\\/schema.org\",\"@graph\":[{\"@type\":[\"WebPage\",\"ItemPage\"],\"@id\":\"https:\\\/\\\/www.loopkinglaces.com\\\/fr\\\/products\\\/lot-de-depart-de-lacets-plats-en-coton-4-en-1\\\/\",\"url\":\"https:\\\/\\\/www.loopkinglaces.com\\\/fr\\\/products\\\/lot-de-depart-de-lacets-plats-en-coton-4-en-1\\\/\",\"name\":\"Paquet de lacet de d\u00e9part | Lacets plats en coton avec pointes dor\u00e9es\",\"isPartOf\":{\"@id\":\"https:\\\/\\\/www.loopkinglaces.com\\\/fr\\\/#website\"},\"primaryImageOfPage\":{\"@id\":\"https:\\\/\\\/www.loopkinglaces.com\\\/fr\\\/products\\\/lot-de-depart-de-lacets-plats-en-coton-4-en-1\\\/#primaryimage\"},\"image\":{\"@id\":\"https:\\\/\\\/www.loopkinglaces.com\\\/fr\\\/products\\\/lot-de-depart-de-lacets-plats-en-coton-4-en-1\\\/#primaryimage\"},\"thumbnailUrl\":\"https:\\\/\\\/www.loopkinglaces.com\\\/wp-content\\\/uploads\\\/Flat-Cotton-Starter-Pack.jpg\",\"datePublished\":\"2023-11-07T11:30:51+00:00\",\"description\":\"Ne te contente jamais de chaussures ennuyeuses ! Nos paquets de lacets sont con\u00e7us pour les passionn\u00e9s de mode. Choisis parmi un arc-en-ciel de couleurs et de textures.\",\"breadcrumb\":{\"@id\":\"https:\\\/\\\/www.loopkinglaces.com\\\/fr\\\/products\\\/lot-de-depart-de-lacets-plats-en-coton-4-en-1\\\/#breadcrumb\"},\"inLanguage\":\"fr-FR\",\"potentialAction\":[{\"@type\":\"ReadAction\",\"target\":[\"https:\\\/\\\/www.loopkinglaces.com\\\/fr\\\/products\\\/lot-de-depart-de-lacets-plats-en-coton-4-en-1\\\/\"]}]},{\"@type\":\"ImageObject\",\"inLanguage\":\"fr-FR\",\"@id\":\"https:\\\/\\\/www.loopkinglaces.com\\\/fr\\\/products\\\/lot-de-depart-de-lacets-plats-en-coton-4-en-1\\\/#primaryimage\",\"url\":\"https:\\\/\\\/www.loopkinglaces.com\\\/wp-content\\\/uploads\\\/Flat-Cotton-Starter-Pack.jpg\",\"contentUrl\":\"https:\\\/\\\/www.loopkinglaces.com\\\/wp-content\\\/uploads\\\/Flat-Cotton-Starter-Pack.jpg\",\"width\":1000,\"height\":1000},{\"@type\":\"BreadcrumbList\",\"@id\":\"https:\\\/\\\/www.loopkinglaces.com\\\/fr\\\/products\\\/lot-de-depart-de-lacets-plats-en-coton-4-en-1\\\/#breadcrumb\",\"itemListElement\":[{\"@type\":\"ListItem\",\"position\":1,\"name\":\"Home\",\"item\":\"https:\\\/\\\/www.loopkinglaces.com\\\/fr\\\/\"},{\"@type\":\"ListItem\",\"position\":2,\"name\":\"ACHETER DES LACES\",\"item\":\"https:\\\/\\\/www.loopkinglaces.com\\\/fr\\\/acheter-des-laces\\\/\"},{\"@type\":\"ListItem\",\"position\":3,\"name\":\"Lot de d\u00e9part de lacets plats en coton (4 en 1)\"}]},{\"@type\":\"WebSite\",\"@id\":\"https:\\\/\\\/www.loopkinglaces.com\\\/fr\\\/#website\",\"url\":\"https:\\\/\\\/www.loopkinglaces.com\\\/fr\\\/\",\"name\":\"Luxury Gold Tip Shoelaces by Loop King Laces\",\"description\":\"Rope Laces, Flat Waxed Laces and Leather Laces. All With Gold Tips.\",\"publisher\":{\"@id\":\"https:\\\/\\\/www.loopkinglaces.com\\\/fr\\\/#organization\"},\"potentialAction\":[{\"@type\":\"SearchAction\",\"target\":{\"@type\":\"EntryPoint\",\"urlTemplate\":\"https:\\\/\\\/www.loopkinglaces.com\\\/fr\\\/?s={search_term_string}\"},\"query-input\":{\"@type\":\"PropertyValueSpecification\",\"valueRequired\":true,\"valueName\":\"search_term_string\"}}],\"inLanguage\":\"fr-FR\"},{\"@type\":\"Organization\",\"@id\":\"https:\\\/\\\/www.loopkinglaces.com\\\/fr\\\/#organization\",\"name\":\"Loop King Laces\",\"url\":\"https:\\\/\\\/www.loopkinglaces.com\\\/fr\\\/\",\"logo\":{\"@type\":\"ImageObject\",\"inLanguage\":\"fr-FR\",\"@id\":\"https:\\\/\\\/www.loopkinglaces.com\\\/fr\\\/#\\\/schema\\\/logo\\\/image\\\/\",\"url\":\"https:\\\/\\\/www.loopkinglaces.com\\\/wp-content\\\/uploads\\\/LOOP-KING-LACES.1.1-01-LOGO-HI-RES-OFFICIAL-1.png\",\"contentUrl\":\"https:\\\/\\\/www.loopkinglaces.com\\\/wp-content\\\/uploads\\\/LOOP-KING-LACES.1.1-01-LOGO-HI-RES-OFFICIAL-1.png\",\"width\":128,\"height\":91,\"caption\":\"Loop King Laces\"},\"image\":{\"@id\":\"https:\\\/\\\/www.loopkinglaces.com\\\/fr\\\/#\\\/schema\\\/logo\\\/image\\\/\"},\"sameAs\":[\"https:\\\/\\\/www.facebook.com\\\/LoopKingLaces\\\/\",\"https:\\\/\\\/x.com\\\/loopkinglaces\",\"https:\\\/\\\/www.instagram.com\\\/loopkinglaces\\\/\"]}]}<\/script>\n<!-- \/ Yoast SEO plugin. -->","yoast_head_json":{"title":"Paquet de lacet de d\u00e9part | Lacets plats en coton avec pointes dor\u00e9es","description":"Ne te contente jamais de chaussures ennuyeuses ! Nos paquets de lacets sont con\u00e7us pour les passionn\u00e9s de mode. Choisis parmi un arc-en-ciel de couleurs et de textures.","robots":{"index":"index","follow":"follow","max-snippet":"max-snippet:-1","max-image-preview":"max-image-preview:large","max-video-preview":"max-video-preview:-1"},"canonical":"https:\/\/www.loopkinglaces.com\/fr\/products\/lot-de-depart-de-lacets-plats-en-coton-4-en-1\/","og_locale":"fr_FR","og_type":"article","og_title":"Paquet de lacet de d\u00e9part | Lacets plats en coton avec pointes dor\u00e9es","og_description":"Ne te contente jamais de chaussures ennuyeuses ! Nos paquets de lacets sont con\u00e7us pour les passionn\u00e9s de mode. Choisis parmi un arc-en-ciel de couleurs et de textures.","og_url":"https:\/\/www.loopkinglaces.com\/fr\/products\/lot-de-depart-de-lacets-plats-en-coton-4-en-1\/","og_site_name":"Luxury Gold Tip Shoelaces by Loop King Laces","article_publisher":"https:\/\/www.facebook.com\/LoopKingLaces\/","og_image":[{"width":1000,"height":1000,"url":"https:\/\/www.loopkinglaces.com\/wp-content\/uploads\/Flat-Cotton-Starter-Pack.jpg","type":"image\/jpeg"}],"twitter_card":"summary_large_image","twitter_site":"@loopkinglaces","schema":{"@context":"https:\/\/schema.org","@graph":[{"@type":["WebPage","ItemPage"],"@id":"https:\/\/www.loopkinglaces.com\/fr\/products\/lot-de-depart-de-lacets-plats-en-coton-4-en-1\/","url":"https:\/\/www.loopkinglaces.com\/fr\/products\/lot-de-depart-de-lacets-plats-en-coton-4-en-1\/","name":"Paquet de lacet de d\u00e9part | Lacets plats en coton avec pointes dor\u00e9es","isPartOf":{"@id":"https:\/\/www.loopkinglaces.com\/fr\/#website"},"primaryImageOfPage":{"@id":"https:\/\/www.loopkinglaces.com\/fr\/products\/lot-de-depart-de-lacets-plats-en-coton-4-en-1\/#primaryimage"},"image":{"@id":"https:\/\/www.loopkinglaces.com\/fr\/products\/lot-de-depart-de-lacets-plats-en-coton-4-en-1\/#primaryimage"},"thumbnailUrl":"https:\/\/www.loopkinglaces.com\/wp-content\/uploads\/Flat-Cotton-Starter-Pack.jpg","datePublished":"2023-11-07T11:30:51+00:00","description":"Ne te contente jamais de chaussures ennuyeuses ! Nos paquets de lacets sont con\u00e7us pour les passionn\u00e9s de mode. Choisis parmi un arc-en-ciel de couleurs et de textures.","breadcrumb":{"@id":"https:\/\/www.loopkinglaces.com\/fr\/products\/lot-de-depart-de-lacets-plats-en-coton-4-en-1\/#breadcrumb"},"inLanguage":"fr-FR","potentialAction":[{"@type":"ReadAction","target":["https:\/\/www.loopkinglaces.com\/fr\/products\/lot-de-depart-de-lacets-plats-en-coton-4-en-1\/"]}]},{"@type":"ImageObject","inLanguage":"fr-FR","@id":"https:\/\/www.loopkinglaces.com\/fr\/products\/lot-de-depart-de-lacets-plats-en-coton-4-en-1\/#primaryimage","url":"https:\/\/www.loopkinglaces.com\/wp-content\/uploads\/Flat-Cotton-Starter-Pack.jpg","contentUrl":"https:\/\/www.loopkinglaces.com\/wp-content\/uploads\/Flat-Cotton-Starter-Pack.jpg","width":1000,"height":1000},{"@type":"BreadcrumbList","@id":"https:\/\/www.loopkinglaces.com\/fr\/products\/lot-de-depart-de-lacets-plats-en-coton-4-en-1\/#breadcrumb","itemListElement":[{"@type":"ListItem","position":1,"name":"Home","item":"https:\/\/www.loopkinglaces.com\/fr\/"},{"@type":"ListItem","position":2,"name":"ACHETER DES LACES","item":"https:\/\/www.loopkinglaces.com\/fr\/acheter-des-laces\/"},{"@type":"ListItem","position":3,"name":"Lot de d\u00e9part de lacets plats en coton (4 en 1)"}]},{"@type":"WebSite","@id":"https:\/\/www.loopkinglaces.com\/fr\/#website","url":"https:\/\/www.loopkinglaces.com\/fr\/","name":"Luxury Gold Tip Shoelaces by Loop King Laces","description":"Rope Laces, Flat Waxed Laces and Leather Laces. All With Gold Tips.","publisher":{"@id":"https:\/\/www.loopkinglaces.com\/fr\/#organization"},"potentialAction":[{"@type":"SearchAction","target":{"@type":"EntryPoint","urlTemplate":"https:\/\/www.loopkinglaces.com\/fr\/?s={search_term_string}"},"query-input":{"@type":"PropertyValueSpecification","valueRequired":true,"valueName":"search_term_string"}}],"inLanguage":"fr-FR"},{"@type":"Organization","@id":"https:\/\/www.loopkinglaces.com\/fr\/#organization","name":"Loop King Laces","url":"https:\/\/www.loopkinglaces.com\/fr\/","logo":{"@type":"ImageObject","inLanguage":"fr-FR","@id":"https:\/\/www.loopkinglaces.com\/fr\/#\/schema\/logo\/image\/","url":"https:\/\/www.loopkinglaces.com\/wp-content\/uploads\/LOOP-KING-LACES.1.1-01-LOGO-HI-RES-OFFICIAL-1.png","contentUrl":"https:\/\/www.loopkinglaces.com\/wp-content\/uploads\/LOOP-KING-LACES.1.1-01-LOGO-HI-RES-OFFICIAL-1.png","width":128,"height":91,"caption":"Loop King Laces"},"image":{"@id":"https:\/\/www.loopkinglaces.com\/fr\/#\/schema\/logo\/image\/"},"sameAs":["https:\/\/www.facebook.com\/LoopKingLaces\/","https:\/\/x.com\/loopkinglaces","https:\/\/www.instagram.com\/loopkinglaces\/"]}]}},"_links":{"self":[{"href":"https:\/\/www.loopkinglaces.com\/fr\/wp-json\/wp\/v2\/product\/68405","targetHints":{"allow":["GET"]}}],"collection":[{"href":"https:\/\/www.loopkinglaces.com\/fr\/wp-json\/wp\/v2\/product"}],"about":[{"href":"https:\/\/www.loopkinglaces.com\/fr\/wp-json\/wp\/v2\/types\/product"}],"replies":[{"embeddable":true,"href":"https:\/\/www.loopkinglaces.com\/fr\/wp-json\/wp\/v2\/comments?post=68405"}],"wp:featuredmedia":[{"embeddable":true,"href":"https:\/\/www.loopkinglaces.com\/fr\/wp-json\/wp\/v2\/media\/68424"}],"wp:attachment":[{"href":"https:\/\/www.loopkinglaces.com\/fr\/wp-json\/wp\/v2\/media?parent=68405"}],"wp:term":[{"taxonomy":"product_brand","embeddable":true,"href":"https:\/\/www.loopkinglaces.com\/fr\/wp-json\/wp\/v2\/product_brand?post=68405"},{"taxonomy":"product_cat","embeddable":true,"href":"https:\/\/www.loopkinglaces.com\/fr\/wp-json\/wp\/v2\/product_cat?post=68405"},{"taxonomy":"product_tag","embeddable":true,"href":"https:\/\/www.loopkinglaces.com\/fr\/wp-json\/wp\/v2\/product_tag?post=68405"},{"taxonomy":"woo-feed-brand","embeddable":true,"href":"https:\/\/www.loopkinglaces.com\/fr\/wp-json\/wp\/v2\/woo-feed-brand?post=68405"}],"curies":[{"name":"wp","href":"https:\/\/api.w.org\/{rel}","templated":true}]}}