{"id":68188,"date":"2023-11-03T19:24:30","date_gmt":"2023-11-03T19:24:30","guid":{"rendered":"https:\/\/www.loopkinglaces.com\/products\/lacets-en-silicone-noirs\/"},"modified":"2025-06-09T13:25:42","modified_gmt":"2025-06-09T13:25:42","slug":"lacets-en-silicone-noirs","status":"publish","type":"product","link":"https:\/\/www.loopkinglaces.com\/fr\/products\/lacets-en-silicone-noirs\/","title":{"rendered":"Lacets en silicone noirs"},"content":{"rendered":"<p>Red\u00e9finis ta collection de chaussures avec les lacets en silicone de Loop King Laces, qui associent le meilleur de la technologie de pointe \u00e0 un style sophistiqu\u00e9.<br \/>\nL\u00e2che la corv\u00e9e du la\u00e7age qui prend du temps avec nos lacets en silicone inflexibles et autofixants.<br \/>\nParfaitement adapt\u00e9s \u00e0 l&#8217;athl\u00e8te en action, au cadre en mouvement ou \u00e0 l&#8217;enfant dans la cour de r\u00e9cr\u00e9ation, ces lacets imperm\u00e9ables et anti-salissures garantissent que tes chaussures restent propres et bien ajust\u00e9es.<br \/>\nOpte pour un m\u00e9lange \u00e9clectique de couleurs pour mettre en valeur ta personnalit\u00e9.<br \/>\nChoisis le confort des lacets en silicone de Loop King et entre dans la prochaine vague de conception de chaussures.    <\/p>\n","protected":false},"excerpt":{"rendered":"<p><strong>Lacets en silicone noirs<\/strong> \u00c9l\u00e8ve ton ensemble de chaussures avec les lacets en silicone de Loop King Laces, la quintessence de la technologie moderne et du style \u00e9pur\u00e9.<br \/>\nAbandonne la t\u00e2che r\u00e9p\u00e9titive de nouer les lacets avec nos lacets en silicone r\u00e9sistants et auto-agrippants.<br \/>\nCon\u00e7us pour le comp\u00e9titeur, l&#8217;homme d&#8217;affaires et l&#8217;enfant qui ne s&#8217;arr\u00eate jamais, ces lacets sont con\u00e7us pour r\u00e9sister \u00e0 l&#8217;eau et \u00e0 la salet\u00e9, ce qui permet \u00e0 tes chaussures de rester impeccables et de s&#8217;ajuster parfaitement.<br \/>\nChoisis parmi une large s\u00e9lection de couleurs pour te d\u00e9marquer.<br \/>\nOpte pour la facilit\u00e9 des lacets en silicone de Loop King et avance dans le futur de l&#8217;\u00e9l\u00e9gance de la chaussure.<br \/>\nLes caract\u00e9ristiques principales comprennent :       <\/p>\n<ul>\n<li>Mat\u00e9riaux de premi\u00e8re qualit\u00e9<\/li>\n<li>Emballage scell\u00e9 et superbe<\/li>\n<li>Caoutchouc de silicone 100 % \u00e9cologique<\/li>\n<li>Facile \u00e0 nettoyer et qui ne s&#8217;\u00e9jecte pas facilement<\/li>\n<li>Largeur de 7 mm<\/li>\n<\/ul>\n","protected":false},"featured_media":68190,"comment_status":"open","ping_status":"closed","template":"","meta":{"_acf_changed":false},"product_brand":[],"product_cat":[980,981,982,983,947],"product_tag":[986,984,962,966,961,964,985,963],"woo-feed-brand":[],"class_list":{"0":"post-68188","1":"product","2":"type-product","3":"status-publish","4":"has-post-thumbnail","6":"product_cat-des-lacets-nike-air-force-1-elegants-pour-impressionner","7":"product_cat-des-lacets-sans-fil-qui-te-font-gagner-du-temps-et-qui-sont-superbes","8":"product_cat-lacets-en-caoutchouc-lessor-des-lacets-elastiques","9":"product_cat-les-lacets-rapides-mettre-fin-aux-vieilles-habitudes-de-ligotage","10":"product_cat-tous-les-lacets","11":"product_tag-cire","12":"product_tag-cire-plat","13":"product_tag-lacets","14":"product_tag-lacets-a-pointe-dor","15":"product_tag-loop-king-fr","16":"product_tag-noir","17":"product_tag-plat","18":"product_tag-pointe-en-metal","20":"first","21":"instock","22":"taxable","23":"shipping-taxable","24":"purchasable","25":"product-type-simple"},"acf":[],"yoast_head":"<!-- This site is optimized with the Yoast SEO plugin v27.4 - https:\/\/yoast.com\/product\/yoast-seo-wordpress\/ -->\n<title>Lacets en silicone noirs<\/title>\n<meta name=\"description\" content=\"Transforme tes baskets avec les lacets en silicone Loop King&#039;, o\u00f9 la facilit\u00e9 de ne pas faire de lacets rencontre la durabilit\u00e9 \u00e0 la mode pour un ajustement qui est \u00e0 la fois s\u00fbr et \u00e9l\u00e9gant.\" \/>\n<meta name=\"robots\" content=\"index, follow, max-snippet:-1, max-image-preview:large, max-video-preview:-1\" \/>\n<link rel=\"canonical\" href=\"https:\/\/www.loopkinglaces.com\/fr\/products\/lacets-en-silicone-noirs\/\" \/>\n<meta property=\"og:locale\" content=\"fr_FR\" \/>\n<meta property=\"og:type\" content=\"article\" \/>\n<meta property=\"og:title\" content=\"Lacets en silicone noirs\" \/>\n<meta property=\"og:description\" content=\"Transforme tes baskets avec les lacets en silicone Loop King&#039;, o\u00f9 la facilit\u00e9 de ne pas faire de lacets rencontre la durabilit\u00e9 \u00e0 la mode pour un ajustement qui est \u00e0 la fois s\u00fbr et \u00e9l\u00e9gant.\" \/>\n<meta property=\"og:url\" content=\"https:\/\/www.loopkinglaces.com\/fr\/products\/lacets-en-silicone-noirs\/\" \/>\n<meta property=\"og:site_name\" content=\"Luxury Gold Tip Shoelaces by Loop King Laces\" \/>\n<meta property=\"article:publisher\" content=\"https:\/\/www.facebook.com\/LoopKingLaces\/\" \/>\n<meta property=\"article:modified_time\" content=\"2025-06-09T13:25:42+00:00\" \/>\n<meta property=\"og:image\" content=\"https:\/\/www.loopkinglaces.com\/wp-content\/uploads\/IMG_9299-scaled.jpg\" \/>\n\t<meta property=\"og:image:width\" content=\"2560\" \/>\n\t<meta property=\"og:image:height\" content=\"2560\" \/>\n\t<meta property=\"og:image:type\" content=\"image\/jpeg\" \/>\n<meta name=\"twitter:card\" content=\"summary_large_image\" \/>\n<meta name=\"twitter:site\" content=\"@loopkinglaces\" \/>\n<meta name=\"twitter:label1\" content=\"Dur\u00e9e de lecture estim\u00e9e\" \/>\n\t<meta name=\"twitter:data1\" content=\"1 minute\" \/>\n<script type=\"application\/ld+json\" class=\"yoast-schema-graph\">{\"@context\":\"https:\\\/\\\/schema.org\",\"@graph\":[{\"@type\":[\"WebPage\",\"ItemPage\"],\"@id\":\"https:\\\/\\\/www.loopkinglaces.com\\\/fr\\\/products\\\/lacets-en-silicone-noirs\\\/\",\"url\":\"https:\\\/\\\/www.loopkinglaces.com\\\/fr\\\/products\\\/lacets-en-silicone-noirs\\\/\",\"name\":\"Lacets en silicone noirs\",\"isPartOf\":{\"@id\":\"https:\\\/\\\/www.loopkinglaces.com\\\/fr\\\/#website\"},\"primaryImageOfPage\":{\"@id\":\"https:\\\/\\\/www.loopkinglaces.com\\\/fr\\\/products\\\/lacets-en-silicone-noirs\\\/#primaryimage\"},\"image\":{\"@id\":\"https:\\\/\\\/www.loopkinglaces.com\\\/fr\\\/products\\\/lacets-en-silicone-noirs\\\/#primaryimage\"},\"thumbnailUrl\":\"https:\\\/\\\/www.loopkinglaces.com\\\/wp-content\\\/uploads\\\/IMG_9299-scaled.jpg\",\"datePublished\":\"2023-11-03T19:24:30+00:00\",\"dateModified\":\"2025-06-09T13:25:42+00:00\",\"description\":\"Transforme tes baskets avec les lacets en silicone Loop King', o\u00f9 la facilit\u00e9 de ne pas faire de lacets rencontre la durabilit\u00e9 \u00e0 la mode pour un ajustement qui est \u00e0 la fois s\u00fbr et \u00e9l\u00e9gant.\",\"breadcrumb\":{\"@id\":\"https:\\\/\\\/www.loopkinglaces.com\\\/fr\\\/products\\\/lacets-en-silicone-noirs\\\/#breadcrumb\"},\"inLanguage\":\"fr-FR\",\"potentialAction\":[{\"@type\":\"ReadAction\",\"target\":[\"https:\\\/\\\/www.loopkinglaces.com\\\/fr\\\/products\\\/lacets-en-silicone-noirs\\\/\"]}]},{\"@type\":\"ImageObject\",\"inLanguage\":\"fr-FR\",\"@id\":\"https:\\\/\\\/www.loopkinglaces.com\\\/fr\\\/products\\\/lacets-en-silicone-noirs\\\/#primaryimage\",\"url\":\"https:\\\/\\\/www.loopkinglaces.com\\\/wp-content\\\/uploads\\\/IMG_9299-scaled.jpg\",\"contentUrl\":\"https:\\\/\\\/www.loopkinglaces.com\\\/wp-content\\\/uploads\\\/IMG_9299-scaled.jpg\",\"width\":2560,\"height\":2560},{\"@type\":\"BreadcrumbList\",\"@id\":\"https:\\\/\\\/www.loopkinglaces.com\\\/fr\\\/products\\\/lacets-en-silicone-noirs\\\/#breadcrumb\",\"itemListElement\":[{\"@type\":\"ListItem\",\"position\":1,\"name\":\"Home\",\"item\":\"https:\\\/\\\/www.loopkinglaces.com\\\/fr\\\/\"},{\"@type\":\"ListItem\",\"position\":2,\"name\":\"ACHETER DES LACES\",\"item\":\"https:\\\/\\\/www.loopkinglaces.com\\\/fr\\\/acheter-des-laces\\\/\"},{\"@type\":\"ListItem\",\"position\":3,\"name\":\"Lacets en silicone noirs\"}]},{\"@type\":\"WebSite\",\"@id\":\"https:\\\/\\\/www.loopkinglaces.com\\\/fr\\\/#website\",\"url\":\"https:\\\/\\\/www.loopkinglaces.com\\\/fr\\\/\",\"name\":\"Luxury Gold Tip Shoelaces by Loop King Laces\",\"description\":\"Rope Laces, Flat Waxed Laces and Leather Laces. All With Gold Tips.\",\"publisher\":{\"@id\":\"https:\\\/\\\/www.loopkinglaces.com\\\/fr\\\/#organization\"},\"potentialAction\":[{\"@type\":\"SearchAction\",\"target\":{\"@type\":\"EntryPoint\",\"urlTemplate\":\"https:\\\/\\\/www.loopkinglaces.com\\\/fr\\\/?s={search_term_string}\"},\"query-input\":{\"@type\":\"PropertyValueSpecification\",\"valueRequired\":true,\"valueName\":\"search_term_string\"}}],\"inLanguage\":\"fr-FR\"},{\"@type\":\"Organization\",\"@id\":\"https:\\\/\\\/www.loopkinglaces.com\\\/fr\\\/#organization\",\"name\":\"Loop King Laces\",\"url\":\"https:\\\/\\\/www.loopkinglaces.com\\\/fr\\\/\",\"logo\":{\"@type\":\"ImageObject\",\"inLanguage\":\"fr-FR\",\"@id\":\"https:\\\/\\\/www.loopkinglaces.com\\\/fr\\\/#\\\/schema\\\/logo\\\/image\\\/\",\"url\":\"https:\\\/\\\/www.loopkinglaces.com\\\/wp-content\\\/uploads\\\/LOOP-KING-LACES.1.1-01-LOGO-HI-RES-OFFICIAL-1.png\",\"contentUrl\":\"https:\\\/\\\/www.loopkinglaces.com\\\/wp-content\\\/uploads\\\/LOOP-KING-LACES.1.1-01-LOGO-HI-RES-OFFICIAL-1.png\",\"width\":128,\"height\":91,\"caption\":\"Loop King Laces\"},\"image\":{\"@id\":\"https:\\\/\\\/www.loopkinglaces.com\\\/fr\\\/#\\\/schema\\\/logo\\\/image\\\/\"},\"sameAs\":[\"https:\\\/\\\/www.facebook.com\\\/LoopKingLaces\\\/\",\"https:\\\/\\\/x.com\\\/loopkinglaces\",\"https:\\\/\\\/www.instagram.com\\\/loopkinglaces\\\/\"]}]}<\/script>\n<!-- \/ Yoast SEO plugin. -->","yoast_head_json":{"title":"Lacets en silicone noirs","description":"Transforme tes baskets avec les lacets en silicone Loop King', o\u00f9 la facilit\u00e9 de ne pas faire de lacets rencontre la durabilit\u00e9 \u00e0 la mode pour un ajustement qui est \u00e0 la fois s\u00fbr et \u00e9l\u00e9gant.","robots":{"index":"index","follow":"follow","max-snippet":"max-snippet:-1","max-image-preview":"max-image-preview:large","max-video-preview":"max-video-preview:-1"},"canonical":"https:\/\/www.loopkinglaces.com\/fr\/products\/lacets-en-silicone-noirs\/","og_locale":"fr_FR","og_type":"article","og_title":"Lacets en silicone noirs","og_description":"Transforme tes baskets avec les lacets en silicone Loop King', o\u00f9 la facilit\u00e9 de ne pas faire de lacets rencontre la durabilit\u00e9 \u00e0 la mode pour un ajustement qui est \u00e0 la fois s\u00fbr et \u00e9l\u00e9gant.","og_url":"https:\/\/www.loopkinglaces.com\/fr\/products\/lacets-en-silicone-noirs\/","og_site_name":"Luxury Gold Tip Shoelaces by Loop King Laces","article_publisher":"https:\/\/www.facebook.com\/LoopKingLaces\/","article_modified_time":"2025-06-09T13:25:42+00:00","og_image":[{"width":2560,"height":2560,"url":"https:\/\/www.loopkinglaces.com\/wp-content\/uploads\/IMG_9299-scaled.jpg","type":"image\/jpeg"}],"twitter_card":"summary_large_image","twitter_site":"@loopkinglaces","twitter_misc":{"Dur\u00e9e de lecture estim\u00e9e":"1 minute"},"schema":{"@context":"https:\/\/schema.org","@graph":[{"@type":["WebPage","ItemPage"],"@id":"https:\/\/www.loopkinglaces.com\/fr\/products\/lacets-en-silicone-noirs\/","url":"https:\/\/www.loopkinglaces.com\/fr\/products\/lacets-en-silicone-noirs\/","name":"Lacets en silicone noirs","isPartOf":{"@id":"https:\/\/www.loopkinglaces.com\/fr\/#website"},"primaryImageOfPage":{"@id":"https:\/\/www.loopkinglaces.com\/fr\/products\/lacets-en-silicone-noirs\/#primaryimage"},"image":{"@id":"https:\/\/www.loopkinglaces.com\/fr\/products\/lacets-en-silicone-noirs\/#primaryimage"},"thumbnailUrl":"https:\/\/www.loopkinglaces.com\/wp-content\/uploads\/IMG_9299-scaled.jpg","datePublished":"2023-11-03T19:24:30+00:00","dateModified":"2025-06-09T13:25:42+00:00","description":"Transforme tes baskets avec les lacets en silicone Loop King', o\u00f9 la facilit\u00e9 de ne pas faire de lacets rencontre la durabilit\u00e9 \u00e0 la mode pour un ajustement qui est \u00e0 la fois s\u00fbr et \u00e9l\u00e9gant.","breadcrumb":{"@id":"https:\/\/www.loopkinglaces.com\/fr\/products\/lacets-en-silicone-noirs\/#breadcrumb"},"inLanguage":"fr-FR","potentialAction":[{"@type":"ReadAction","target":["https:\/\/www.loopkinglaces.com\/fr\/products\/lacets-en-silicone-noirs\/"]}]},{"@type":"ImageObject","inLanguage":"fr-FR","@id":"https:\/\/www.loopkinglaces.com\/fr\/products\/lacets-en-silicone-noirs\/#primaryimage","url":"https:\/\/www.loopkinglaces.com\/wp-content\/uploads\/IMG_9299-scaled.jpg","contentUrl":"https:\/\/www.loopkinglaces.com\/wp-content\/uploads\/IMG_9299-scaled.jpg","width":2560,"height":2560},{"@type":"BreadcrumbList","@id":"https:\/\/www.loopkinglaces.com\/fr\/products\/lacets-en-silicone-noirs\/#breadcrumb","itemListElement":[{"@type":"ListItem","position":1,"name":"Home","item":"https:\/\/www.loopkinglaces.com\/fr\/"},{"@type":"ListItem","position":2,"name":"ACHETER DES LACES","item":"https:\/\/www.loopkinglaces.com\/fr\/acheter-des-laces\/"},{"@type":"ListItem","position":3,"name":"Lacets en silicone noirs"}]},{"@type":"WebSite","@id":"https:\/\/www.loopkinglaces.com\/fr\/#website","url":"https:\/\/www.loopkinglaces.com\/fr\/","name":"Luxury Gold Tip Shoelaces by Loop King Laces","description":"Rope Laces, Flat Waxed Laces and Leather Laces. All With Gold Tips.","publisher":{"@id":"https:\/\/www.loopkinglaces.com\/fr\/#organization"},"potentialAction":[{"@type":"SearchAction","target":{"@type":"EntryPoint","urlTemplate":"https:\/\/www.loopkinglaces.com\/fr\/?s={search_term_string}"},"query-input":{"@type":"PropertyValueSpecification","valueRequired":true,"valueName":"search_term_string"}}],"inLanguage":"fr-FR"},{"@type":"Organization","@id":"https:\/\/www.loopkinglaces.com\/fr\/#organization","name":"Loop King Laces","url":"https:\/\/www.loopkinglaces.com\/fr\/","logo":{"@type":"ImageObject","inLanguage":"fr-FR","@id":"https:\/\/www.loopkinglaces.com\/fr\/#\/schema\/logo\/image\/","url":"https:\/\/www.loopkinglaces.com\/wp-content\/uploads\/LOOP-KING-LACES.1.1-01-LOGO-HI-RES-OFFICIAL-1.png","contentUrl":"https:\/\/www.loopkinglaces.com\/wp-content\/uploads\/LOOP-KING-LACES.1.1-01-LOGO-HI-RES-OFFICIAL-1.png","width":128,"height":91,"caption":"Loop King Laces"},"image":{"@id":"https:\/\/www.loopkinglaces.com\/fr\/#\/schema\/logo\/image\/"},"sameAs":["https:\/\/www.facebook.com\/LoopKingLaces\/","https:\/\/x.com\/loopkinglaces","https:\/\/www.instagram.com\/loopkinglaces\/"]}]}},"_links":{"self":[{"href":"https:\/\/www.loopkinglaces.com\/fr\/wp-json\/wp\/v2\/product\/68188","targetHints":{"allow":["GET"]}}],"collection":[{"href":"https:\/\/www.loopkinglaces.com\/fr\/wp-json\/wp\/v2\/product"}],"about":[{"href":"https:\/\/www.loopkinglaces.com\/fr\/wp-json\/wp\/v2\/types\/product"}],"replies":[{"embeddable":true,"href":"https:\/\/www.loopkinglaces.com\/fr\/wp-json\/wp\/v2\/comments?post=68188"}],"wp:featuredmedia":[{"embeddable":true,"href":"https:\/\/www.loopkinglaces.com\/fr\/wp-json\/wp\/v2\/media\/68190"}],"wp:attachment":[{"href":"https:\/\/www.loopkinglaces.com\/fr\/wp-json\/wp\/v2\/media?parent=68188"}],"wp:term":[{"taxonomy":"product_brand","embeddable":true,"href":"https:\/\/www.loopkinglaces.com\/fr\/wp-json\/wp\/v2\/product_brand?post=68188"},{"taxonomy":"product_cat","embeddable":true,"href":"https:\/\/www.loopkinglaces.com\/fr\/wp-json\/wp\/v2\/product_cat?post=68188"},{"taxonomy":"product_tag","embeddable":true,"href":"https:\/\/www.loopkinglaces.com\/fr\/wp-json\/wp\/v2\/product_tag?post=68188"},{"taxonomy":"woo-feed-brand","embeddable":true,"href":"https:\/\/www.loopkinglaces.com\/fr\/wp-json\/wp\/v2\/woo-feed-brand?post=68188"}],"curies":[{"name":"wp","href":"https:\/\/api.w.org\/{rel}","templated":true}]}}