{"id":68134,"date":"2023-12-11T18:54:48","date_gmt":"2023-12-11T18:54:48","guid":{"rendered":"https:\/\/www.loopkinglaces.com\/products\/lacets-en-coton-plat-rose-vintage-delave-avec-embouts-transparents\/"},"modified":"2023-12-11T18:54:48","modified_gmt":"2023-12-11T18:54:48","slug":"lacets-en-coton-plat-rose-vintage-delave-avec-embouts-transparents","status":"publish","type":"product","link":"https:\/\/www.loopkinglaces.com\/fr\/products\/lacets-en-coton-plat-rose-vintage-delave-avec-embouts-transparents\/","title":{"rendered":"Lacets en coton plat rose vintage d\u00e9lav\u00e9 avec embouts transparents"},"content":{"rendered":"<p>Trouve le m\u00e9lange parfait de charme vintage et de force moderne avec les lacets de chaussures en coton plat d\u00e9lav\u00e9 Vintage Faded de Loop King.<br \/>\nCes lacets, con\u00e7us pour rehausser l&#8217;attrait de tes chaussures, pr\u00e9sentent un aspect d\u00e9lav\u00e9 unique qui apporte une touche de nostalgie \u00e0 n&#8217;importe quel style de chaussure.<br \/>\nFabriqu\u00e9s en coton de qualit\u00e9 sup\u00e9rieure, ils assurent \u00e0 la fois le confort et une utilisation durable.<br \/>\nLes embouts transparents rehaussent l&#8217;esth\u00e9tique ancienne des lacets tout en offrant une durabilit\u00e9 suppl\u00e9mentaire contre l&#8217;effilochage.<br \/>\nCes lacets conviennent \u00e0 toutes les vari\u00e9t\u00e9s de chaussures, des baskets d\u00e9contract\u00e9es aux chaussures habill\u00e9es sophistiqu\u00e9es, et offrent \u00e0 la fois polyvalence et \u00e9l\u00e9gance.<br \/>\nRevitalise ta collection de chaussures avec ces lacets exceptionnels, parfaits pour ceux qui aiment un m\u00e9lange de beaut\u00e9 classique et de r\u00e9silience contemporaine.<br \/>\nNos lacets s&#8217;adaptent \u00e0 tous les diff\u00e9rents types de baskets et de marques, y compris Adidas, Nike, VANS et ainsi de suite, visite notre <a href=\"\/shoelace-size-chart\/\">guide des tailles<\/a> o\u00f9 tu pourras trouver la taille de lacets parfaite pour tes chaussures.        &nbsp;<\/p>\n","protected":false},"excerpt":{"rendered":"<p><strong>Lacets plats en coton rose vintage d\u00e9lav\u00e9 avec embouts transparents<\/strong> Ces lacets, cr\u00e9\u00e9s pour rehausser tes chaussures, pr\u00e9sentent un aspect vintage d\u00e9lav\u00e9 distinct, ajoutant un \u00e9l\u00e9ment r\u00e9tro \u00e0 n&#8217;importe quelle chaussure.<br \/>\nFabriqu\u00e9s \u00e0 partir du coton le plus fin, ils garantissent \u00e0 la fois confort et durabilit\u00e9.<br \/>\nLes pointes transparentes renforcent non seulement le charme vintage des lacets, mais aussi leur r\u00e9sistance \u00e0 l&#8217;usure.<br \/>\nId\u00e9aux pour tous les types de chaussures, des baskets de tous les jours aux \u00e9l\u00e9gantes chaussures de ville, ces lacets fusionnent l&#8217;adaptabilit\u00e9 et la mode.<br \/>\nAm\u00e9liore ton jeu de chaussures avec ces lacets de qualit\u00e9 sup\u00e9rieure, un must pour ceux qui ch\u00e9rissent un m\u00e9lange de style intemporel et de qualit\u00e9 moderne.<br \/>\nVoir les caract\u00e9ristiques ci-dessous :       <\/p>\n<ul>\n<li>Teint\u00e9 \u00e0 la main avec une touche personnelle (il n&#8217;y a pas deux lacets identiques).<\/li>\n<li>Mat\u00e9riaux de premi\u00e8re qualit\u00e9<\/li>\n<li>Dur\u00e9e de vie <strong>3 fois plus longue<\/strong> que les lacets ordinaires<\/li>\n<li>Embouts en plastique transparent de haute qualit\u00e9<\/li>\n<li>Polyester Coton<\/li>\n<li>Beautiful Loop King Emballage par lacet<\/li>\n<\/ul>\n","protected":false},"featured_media":68141,"comment_status":"open","ping_status":"closed","template":"","meta":{"_acf_changed":false},"product_brand":[],"product_cat":[1511,969,1658,1654,1419,1062,954,1319,1444,968,1505,1224,947,1318],"product_tag":[967,962,966,965,961,964,963],"woo-feed-brand":[],"class_list":{"0":"post-68134","1":"product","2":"type-product","3":"status-publish","4":"has-post-thumbnail","6":"product_cat-adidas-samba-laces-le-changement-de-jeu-auquel-tu-nas-jamais-pense","7":"product_cat-decouvre-le-charme-des-lacets-en-coton-plat-delave-de-loop-kings-vintage-avec-des-embouts-transparents","8":"product_cat-des-lacets-de-bottes-colores-qui-ajoutent-du-style-du-confort-et-de-lelegance","9":"product_cat-des-lacets-de-bottes-timberland-etonnants-qui-ne-te-laisseront-pas-tomber","10":"product_cat-jordan-1-mocha-pink-laces-pour-un-nouveau-look-excitant","11":"product_cat-lacets-balenciaga-lacets-haut-de-gamme-et-tendance","12":"product_cat-lacets-de-54-tous-les-lacets-de-fantaisie-et-de-qualite-superieure","13":"product_cat-lacets-nike-roses-pour-donner-a-tes-chaussures-une-touche-de-couleur","14":"product_cat-lacets-sympas-ameliore-ton-jeu-de-chaussures","15":"product_cat-lacets-tie-dye-une-touche-funky-sur-les-chaussures-classiques","16":"product_cat-les-lacets-de-travis-scott-lengouement-lamour-et-tout-le-reste","17":"product_cat-remplacement-des-lacets-de-chaussures-nike-pour-une-mise-a-jour-visuelle-de-qualite","18":"product_cat-tous-les-lacets","19":"product_cat-une-mise-a-niveau-spectaculaire-jordan-1-biohack-superieur-a-lacets-roses","20":"product_tag-gris-fr","21":"product_tag-lacets","22":"product_tag-lacets-a-pointe-dor","23":"product_tag-lacets-en-corde","24":"product_tag-loop-king-fr","25":"product_tag-noir","26":"product_tag-pointe-en-metal","28":"first","29":"instock","30":"taxable","31":"shipping-taxable","32":"product-type-variable"},"acf":[],"yoast_head":"<!-- This site is optimized with the Yoast SEO plugin v27.4 - https:\/\/yoast.com\/product\/yoast-seo-wordpress\/ -->\n<title>Lacets en coton plat rose vintage d\u00e9lav\u00e9 avec embouts transparents - Loop King<\/title>\n<meta name=\"description\" content=\"Monte en grade avec nos lacets de chaussures roses vintage d\u00e9lav\u00e9s, une sophistication vintage avec une touche de modernit\u00e9. Parfait pour les personnes \u00e0 la pointe de la mode. Faites vos achats d\u00e8s aujourd&#039;hui !\" \/>\n<meta name=\"robots\" content=\"index, follow, max-snippet:-1, max-image-preview:large, max-video-preview:-1\" \/>\n<link rel=\"canonical\" href=\"https:\/\/www.loopkinglaces.com\/fr\/products\/lacets-en-coton-plat-rose-vintage-delave-avec-embouts-transparents\/\" \/>\n<meta property=\"og:locale\" content=\"fr_FR\" \/>\n<meta property=\"og:type\" content=\"article\" \/>\n<meta property=\"og:title\" content=\"Lacets en coton plat rose vintage d\u00e9lav\u00e9 avec embouts transparents - Loop King\" \/>\n<meta property=\"og:description\" content=\"Monte en grade avec nos lacets de chaussures roses vintage d\u00e9lav\u00e9s, une sophistication vintage avec une touche de modernit\u00e9. Parfait pour les personnes \u00e0 la pointe de la mode. Faites vos achats d\u00e8s aujourd&#039;hui !\" \/>\n<meta property=\"og:url\" content=\"https:\/\/www.loopkinglaces.com\/fr\/products\/lacets-en-coton-plat-rose-vintage-delave-avec-embouts-transparents\/\" \/>\n<meta property=\"og:site_name\" content=\"Luxury Gold Tip Shoelaces by Loop King Laces\" \/>\n<meta property=\"article:publisher\" content=\"https:\/\/www.facebook.com\/LoopKingLaces\/\" \/>\n<meta property=\"og:image\" content=\"https:\/\/www.loopkinglaces.com\/wp-content\/uploads\/Pink-Vintage-scaled.jpg\" \/>\n\t<meta property=\"og:image:width\" content=\"2560\" \/>\n\t<meta property=\"og:image:height\" content=\"2560\" \/>\n\t<meta property=\"og:image:type\" content=\"image\/jpeg\" \/>\n<meta name=\"twitter:card\" content=\"summary_large_image\" \/>\n<meta name=\"twitter:site\" content=\"@loopkinglaces\" \/>\n<meta name=\"twitter:label1\" content=\"Dur\u00e9e de lecture estim\u00e9e\" \/>\n\t<meta name=\"twitter:data1\" content=\"1 minute\" \/>\n<script type=\"application\/ld+json\" class=\"yoast-schema-graph\">{\"@context\":\"https:\\\/\\\/schema.org\",\"@graph\":[{\"@type\":[\"WebPage\",\"ItemPage\"],\"@id\":\"https:\\\/\\\/www.loopkinglaces.com\\\/fr\\\/products\\\/lacets-en-coton-plat-rose-vintage-delave-avec-embouts-transparents\\\/\",\"url\":\"https:\\\/\\\/www.loopkinglaces.com\\\/fr\\\/products\\\/lacets-en-coton-plat-rose-vintage-delave-avec-embouts-transparents\\\/\",\"name\":\"Lacets en coton plat rose vintage d\u00e9lav\u00e9 avec embouts transparents - Loop King\",\"isPartOf\":{\"@id\":\"https:\\\/\\\/www.loopkinglaces.com\\\/fr\\\/#website\"},\"primaryImageOfPage\":{\"@id\":\"https:\\\/\\\/www.loopkinglaces.com\\\/fr\\\/products\\\/lacets-en-coton-plat-rose-vintage-delave-avec-embouts-transparents\\\/#primaryimage\"},\"image\":{\"@id\":\"https:\\\/\\\/www.loopkinglaces.com\\\/fr\\\/products\\\/lacets-en-coton-plat-rose-vintage-delave-avec-embouts-transparents\\\/#primaryimage\"},\"thumbnailUrl\":\"https:\\\/\\\/www.loopkinglaces.com\\\/wp-content\\\/uploads\\\/Pink-Vintage-scaled.jpg\",\"datePublished\":\"2023-12-11T18:54:48+00:00\",\"description\":\"Monte en grade avec nos lacets de chaussures roses vintage d\u00e9lav\u00e9s, une sophistication vintage avec une touche de modernit\u00e9. Parfait pour les personnes \u00e0 la pointe de la mode. Faites vos achats d\u00e8s aujourd'hui !\",\"breadcrumb\":{\"@id\":\"https:\\\/\\\/www.loopkinglaces.com\\\/fr\\\/products\\\/lacets-en-coton-plat-rose-vintage-delave-avec-embouts-transparents\\\/#breadcrumb\"},\"inLanguage\":\"fr-FR\",\"potentialAction\":[{\"@type\":\"ReadAction\",\"target\":[\"https:\\\/\\\/www.loopkinglaces.com\\\/fr\\\/products\\\/lacets-en-coton-plat-rose-vintage-delave-avec-embouts-transparents\\\/\"]}]},{\"@type\":\"ImageObject\",\"inLanguage\":\"fr-FR\",\"@id\":\"https:\\\/\\\/www.loopkinglaces.com\\\/fr\\\/products\\\/lacets-en-coton-plat-rose-vintage-delave-avec-embouts-transparents\\\/#primaryimage\",\"url\":\"https:\\\/\\\/www.loopkinglaces.com\\\/wp-content\\\/uploads\\\/Pink-Vintage-scaled.jpg\",\"contentUrl\":\"https:\\\/\\\/www.loopkinglaces.com\\\/wp-content\\\/uploads\\\/Pink-Vintage-scaled.jpg\",\"width\":2560,\"height\":2560},{\"@type\":\"BreadcrumbList\",\"@id\":\"https:\\\/\\\/www.loopkinglaces.com\\\/fr\\\/products\\\/lacets-en-coton-plat-rose-vintage-delave-avec-embouts-transparents\\\/#breadcrumb\",\"itemListElement\":[{\"@type\":\"ListItem\",\"position\":1,\"name\":\"Home\",\"item\":\"https:\\\/\\\/www.loopkinglaces.com\\\/fr\\\/\"},{\"@type\":\"ListItem\",\"position\":2,\"name\":\"ACHETER DES LACES\",\"item\":\"https:\\\/\\\/www.loopkinglaces.com\\\/fr\\\/acheter-des-laces\\\/\"},{\"@type\":\"ListItem\",\"position\":3,\"name\":\"Lacets en coton plat rose vintage d\u00e9lav\u00e9 avec embouts transparents\"}]},{\"@type\":\"WebSite\",\"@id\":\"https:\\\/\\\/www.loopkinglaces.com\\\/fr\\\/#website\",\"url\":\"https:\\\/\\\/www.loopkinglaces.com\\\/fr\\\/\",\"name\":\"Luxury Gold Tip Shoelaces by Loop King Laces\",\"description\":\"Rope Laces, Flat Waxed Laces and Leather Laces. All With Gold Tips.\",\"publisher\":{\"@id\":\"https:\\\/\\\/www.loopkinglaces.com\\\/fr\\\/#organization\"},\"potentialAction\":[{\"@type\":\"SearchAction\",\"target\":{\"@type\":\"EntryPoint\",\"urlTemplate\":\"https:\\\/\\\/www.loopkinglaces.com\\\/fr\\\/?s={search_term_string}\"},\"query-input\":{\"@type\":\"PropertyValueSpecification\",\"valueRequired\":true,\"valueName\":\"search_term_string\"}}],\"inLanguage\":\"fr-FR\"},{\"@type\":\"Organization\",\"@id\":\"https:\\\/\\\/www.loopkinglaces.com\\\/fr\\\/#organization\",\"name\":\"Loop King Laces\",\"url\":\"https:\\\/\\\/www.loopkinglaces.com\\\/fr\\\/\",\"logo\":{\"@type\":\"ImageObject\",\"inLanguage\":\"fr-FR\",\"@id\":\"https:\\\/\\\/www.loopkinglaces.com\\\/fr\\\/#\\\/schema\\\/logo\\\/image\\\/\",\"url\":\"https:\\\/\\\/www.loopkinglaces.com\\\/wp-content\\\/uploads\\\/LOOP-KING-LACES.1.1-01-LOGO-HI-RES-OFFICIAL-1.png\",\"contentUrl\":\"https:\\\/\\\/www.loopkinglaces.com\\\/wp-content\\\/uploads\\\/LOOP-KING-LACES.1.1-01-LOGO-HI-RES-OFFICIAL-1.png\",\"width\":128,\"height\":91,\"caption\":\"Loop King Laces\"},\"image\":{\"@id\":\"https:\\\/\\\/www.loopkinglaces.com\\\/fr\\\/#\\\/schema\\\/logo\\\/image\\\/\"},\"sameAs\":[\"https:\\\/\\\/www.facebook.com\\\/LoopKingLaces\\\/\",\"https:\\\/\\\/x.com\\\/loopkinglaces\",\"https:\\\/\\\/www.instagram.com\\\/loopkinglaces\\\/\"]}]}<\/script>\n<!-- \/ Yoast SEO plugin. -->","yoast_head_json":{"title":"Lacets en coton plat rose vintage d\u00e9lav\u00e9 avec embouts transparents - Loop King","description":"Monte en grade avec nos lacets de chaussures roses vintage d\u00e9lav\u00e9s, une sophistication vintage avec une touche de modernit\u00e9. Parfait pour les personnes \u00e0 la pointe de la mode. Faites vos achats d\u00e8s aujourd'hui !","robots":{"index":"index","follow":"follow","max-snippet":"max-snippet:-1","max-image-preview":"max-image-preview:large","max-video-preview":"max-video-preview:-1"},"canonical":"https:\/\/www.loopkinglaces.com\/fr\/products\/lacets-en-coton-plat-rose-vintage-delave-avec-embouts-transparents\/","og_locale":"fr_FR","og_type":"article","og_title":"Lacets en coton plat rose vintage d\u00e9lav\u00e9 avec embouts transparents - Loop King","og_description":"Monte en grade avec nos lacets de chaussures roses vintage d\u00e9lav\u00e9s, une sophistication vintage avec une touche de modernit\u00e9. Parfait pour les personnes \u00e0 la pointe de la mode. Faites vos achats d\u00e8s aujourd'hui !","og_url":"https:\/\/www.loopkinglaces.com\/fr\/products\/lacets-en-coton-plat-rose-vintage-delave-avec-embouts-transparents\/","og_site_name":"Luxury Gold Tip Shoelaces by Loop King Laces","article_publisher":"https:\/\/www.facebook.com\/LoopKingLaces\/","og_image":[{"width":2560,"height":2560,"url":"https:\/\/www.loopkinglaces.com\/wp-content\/uploads\/Pink-Vintage-scaled.jpg","type":"image\/jpeg"}],"twitter_card":"summary_large_image","twitter_site":"@loopkinglaces","twitter_misc":{"Dur\u00e9e de lecture estim\u00e9e":"1 minute"},"schema":{"@context":"https:\/\/schema.org","@graph":[{"@type":["WebPage","ItemPage"],"@id":"https:\/\/www.loopkinglaces.com\/fr\/products\/lacets-en-coton-plat-rose-vintage-delave-avec-embouts-transparents\/","url":"https:\/\/www.loopkinglaces.com\/fr\/products\/lacets-en-coton-plat-rose-vintage-delave-avec-embouts-transparents\/","name":"Lacets en coton plat rose vintage d\u00e9lav\u00e9 avec embouts transparents - Loop King","isPartOf":{"@id":"https:\/\/www.loopkinglaces.com\/fr\/#website"},"primaryImageOfPage":{"@id":"https:\/\/www.loopkinglaces.com\/fr\/products\/lacets-en-coton-plat-rose-vintage-delave-avec-embouts-transparents\/#primaryimage"},"image":{"@id":"https:\/\/www.loopkinglaces.com\/fr\/products\/lacets-en-coton-plat-rose-vintage-delave-avec-embouts-transparents\/#primaryimage"},"thumbnailUrl":"https:\/\/www.loopkinglaces.com\/wp-content\/uploads\/Pink-Vintage-scaled.jpg","datePublished":"2023-12-11T18:54:48+00:00","description":"Monte en grade avec nos lacets de chaussures roses vintage d\u00e9lav\u00e9s, une sophistication vintage avec une touche de modernit\u00e9. Parfait pour les personnes \u00e0 la pointe de la mode. Faites vos achats d\u00e8s aujourd'hui !","breadcrumb":{"@id":"https:\/\/www.loopkinglaces.com\/fr\/products\/lacets-en-coton-plat-rose-vintage-delave-avec-embouts-transparents\/#breadcrumb"},"inLanguage":"fr-FR","potentialAction":[{"@type":"ReadAction","target":["https:\/\/www.loopkinglaces.com\/fr\/products\/lacets-en-coton-plat-rose-vintage-delave-avec-embouts-transparents\/"]}]},{"@type":"ImageObject","inLanguage":"fr-FR","@id":"https:\/\/www.loopkinglaces.com\/fr\/products\/lacets-en-coton-plat-rose-vintage-delave-avec-embouts-transparents\/#primaryimage","url":"https:\/\/www.loopkinglaces.com\/wp-content\/uploads\/Pink-Vintage-scaled.jpg","contentUrl":"https:\/\/www.loopkinglaces.com\/wp-content\/uploads\/Pink-Vintage-scaled.jpg","width":2560,"height":2560},{"@type":"BreadcrumbList","@id":"https:\/\/www.loopkinglaces.com\/fr\/products\/lacets-en-coton-plat-rose-vintage-delave-avec-embouts-transparents\/#breadcrumb","itemListElement":[{"@type":"ListItem","position":1,"name":"Home","item":"https:\/\/www.loopkinglaces.com\/fr\/"},{"@type":"ListItem","position":2,"name":"ACHETER DES LACES","item":"https:\/\/www.loopkinglaces.com\/fr\/acheter-des-laces\/"},{"@type":"ListItem","position":3,"name":"Lacets en coton plat rose vintage d\u00e9lav\u00e9 avec embouts transparents"}]},{"@type":"WebSite","@id":"https:\/\/www.loopkinglaces.com\/fr\/#website","url":"https:\/\/www.loopkinglaces.com\/fr\/","name":"Luxury Gold Tip Shoelaces by Loop King Laces","description":"Rope Laces, Flat Waxed Laces and Leather Laces. All With Gold Tips.","publisher":{"@id":"https:\/\/www.loopkinglaces.com\/fr\/#organization"},"potentialAction":[{"@type":"SearchAction","target":{"@type":"EntryPoint","urlTemplate":"https:\/\/www.loopkinglaces.com\/fr\/?s={search_term_string}"},"query-input":{"@type":"PropertyValueSpecification","valueRequired":true,"valueName":"search_term_string"}}],"inLanguage":"fr-FR"},{"@type":"Organization","@id":"https:\/\/www.loopkinglaces.com\/fr\/#organization","name":"Loop King Laces","url":"https:\/\/www.loopkinglaces.com\/fr\/","logo":{"@type":"ImageObject","inLanguage":"fr-FR","@id":"https:\/\/www.loopkinglaces.com\/fr\/#\/schema\/logo\/image\/","url":"https:\/\/www.loopkinglaces.com\/wp-content\/uploads\/LOOP-KING-LACES.1.1-01-LOGO-HI-RES-OFFICIAL-1.png","contentUrl":"https:\/\/www.loopkinglaces.com\/wp-content\/uploads\/LOOP-KING-LACES.1.1-01-LOGO-HI-RES-OFFICIAL-1.png","width":128,"height":91,"caption":"Loop King Laces"},"image":{"@id":"https:\/\/www.loopkinglaces.com\/fr\/#\/schema\/logo\/image\/"},"sameAs":["https:\/\/www.facebook.com\/LoopKingLaces\/","https:\/\/x.com\/loopkinglaces","https:\/\/www.instagram.com\/loopkinglaces\/"]}]}},"_links":{"self":[{"href":"https:\/\/www.loopkinglaces.com\/fr\/wp-json\/wp\/v2\/product\/68134","targetHints":{"allow":["GET"]}}],"collection":[{"href":"https:\/\/www.loopkinglaces.com\/fr\/wp-json\/wp\/v2\/product"}],"about":[{"href":"https:\/\/www.loopkinglaces.com\/fr\/wp-json\/wp\/v2\/types\/product"}],"replies":[{"embeddable":true,"href":"https:\/\/www.loopkinglaces.com\/fr\/wp-json\/wp\/v2\/comments?post=68134"}],"wp:featuredmedia":[{"embeddable":true,"href":"https:\/\/www.loopkinglaces.com\/fr\/wp-json\/wp\/v2\/media\/68141"}],"wp:attachment":[{"href":"https:\/\/www.loopkinglaces.com\/fr\/wp-json\/wp\/v2\/media?parent=68134"}],"wp:term":[{"taxonomy":"product_brand","embeddable":true,"href":"https:\/\/www.loopkinglaces.com\/fr\/wp-json\/wp\/v2\/product_brand?post=68134"},{"taxonomy":"product_cat","embeddable":true,"href":"https:\/\/www.loopkinglaces.com\/fr\/wp-json\/wp\/v2\/product_cat?post=68134"},{"taxonomy":"product_tag","embeddable":true,"href":"https:\/\/www.loopkinglaces.com\/fr\/wp-json\/wp\/v2\/product_tag?post=68134"},{"taxonomy":"woo-feed-brand","embeddable":true,"href":"https:\/\/www.loopkinglaces.com\/fr\/wp-json\/wp\/v2\/woo-feed-brand?post=68134"}],"curies":[{"name":"wp","href":"https:\/\/api.w.org\/{rel}","templated":true}]}}