{"id":68090,"date":"2023-12-11T18:50:24","date_gmt":"2023-12-11T18:50:24","guid":{"rendered":"https:\/\/www.loopkinglaces.com\/products\/lacets-en-coton-plat-vintage-delave-bleu-clair-avec-embouts-transparents\/"},"modified":"2023-12-11T18:50:24","modified_gmt":"2023-12-11T18:50:24","slug":"lacets-en-coton-plat-vintage-delave-bleu-clair-avec-embouts-transparents","status":"publish","type":"product","link":"https:\/\/www.loopkinglaces.com\/fr\/products\/lacets-en-coton-plat-vintage-delave-bleu-clair-avec-embouts-transparents\/","title":{"rendered":"Lacets en coton plat vintage d\u00e9lav\u00e9 bleu clair avec embouts transparents"},"content":{"rendered":"<p>D\u00e9couvre le m\u00e9lange unique de charme nostalgique et de r\u00e9silience contemporaine avec les lacets de chaussures en coton plat d\u00e9lav\u00e9 vintage de Loop King.<br \/>\nCes lacets, con\u00e7us pour agr\u00e9menter tes chaussures, pr\u00e9sentent un effet vintage d\u00e9lav\u00e9 unique qui apporte une touche de nostalgie \u00e0 n&#8217;importe quel style de chaussure.<br \/>\nFabriqu\u00e9s en coton de haut calibre, ils promettent confort et durabilit\u00e9.<br \/>\nLes embouts transparents amplifient non seulement l&#8217;attrait vintage des lacets, mais ils offrent \u00e9galement une r\u00e9sistance suppl\u00e9mentaire contre l&#8217;effilochage.<br \/>\nParfaits pour tous les types de chaussures, des baskets d\u00e9contract\u00e9es aux chaussures habill\u00e9es, ces lacets offrent \u00e0 la fois polyvalence et \u00e9l\u00e9gance.<br \/>\nAm\u00e9liore ton jeu de chaussures avec ces lacets exquis, id\u00e9alement adapt\u00e9s \u00e0 ceux qui aiment une combinaison de beaut\u00e9 classique et de robustesse contemporaine.<br \/>\nNos lacets s&#8217;adaptent \u00e0 tous les types de baskets et de marques, y compris Adidas, Nike, VANS et ainsi de suite, visite notre <a href=\"\/shoelace-size-chart\/\">guide des tailles<\/a> o\u00f9 tu pourras trouver la taille de lacets parfaite pour tes chaussures.        &nbsp;<\/p>\n","protected":false},"excerpt":{"rendered":"<p><strong>Lacets plats en coton d\u00e9lav\u00e9 vintage bleu clair avec pointes transparentes<\/strong> Loop Les lacets plats en coton d\u00e9lav\u00e9 vintage de King&#8217;s offrent la combinaison parfaite du charme r\u00e9tro et de la durabilit\u00e9 des temps modernes.<br \/>\nCes lacets, con\u00e7us pour mettre en valeur tes chaussures, pr\u00e9sentent un aspect d\u00e9lav\u00e9 vintage distinct, ajoutant une touche d&#8217;antan \u00e0 n&#8217;importe quel mod\u00e8le de chaussure.<br \/>\nConstruits avec du coton de qualit\u00e9 sup\u00e9rieure, ils assurent \u00e0 la fois le confort et une utilisation durable.<br \/>\nLes embouts transparents renforcent non seulement l&#8217;attrait r\u00e9tro des lacets, mais ils offrent \u00e9galement une durabilit\u00e9 suppl\u00e9mentaire Voir les caract\u00e9ristiques ci-dessous :     <\/p>\n<ul>\n<li>Teint\u00e9 \u00e0 la main avec une touche personnelle (il n&#8217;y a pas deux lacets identiques).<\/li>\n<li>Mat\u00e9riaux de premi\u00e8re qualit\u00e9<\/li>\n<li>Dur\u00e9e de vie <strong>3 fois plus longue<\/strong> que les lacets ordinaires<\/li>\n<li>Embouts en plastique transparent de haute qualit\u00e9<\/li>\n<li>Polyester Coton<\/li>\n<li>Beautiful Loop King Emballage par lacet<\/li>\n<\/ul>\n","protected":false},"featured_media":68097,"comment_status":"open","ping_status":"closed","template":"","meta":{"_acf_changed":false},"product_brand":[],"product_cat":[1067,969,951,1368,968,1502,1655,947],"product_tag":[967,962,966,965,961,964,963],"woo-feed-brand":[],"class_list":{"0":"post-68090","1":"product","2":"type-product","3":"status-publish","4":"has-post-thumbnail","6":"product_cat-choisis-parmi-notre-collection-de-lacets-colores-de-grande-qualite","7":"product_cat-decouvre-le-charme-des-lacets-en-coton-plat-delave-de-loop-kings-vintage-avec-des-embouts-transparents","8":"product_cat-lacets-de-30-pouces-tous-les-lacets-modernes-et-de-haute-qualite","9":"product_cat-lacets-elite-dallas-cowboys-pour-supporter-ton-equipe-favorite-avec-style","10":"product_cat-lacets-tie-dye-une-touche-funky-sur-les-chaussures-classiques","11":"product_cat-lacets-veja-quand-les-chaussures-parlent","12":"product_cat-salle-des-trophees-de-premier-ordre-jordan-1-blue-laces-pour-un-look-etonnant","13":"product_cat-tous-les-lacets","14":"product_tag-gris-fr","15":"product_tag-lacets","16":"product_tag-lacets-a-pointe-dor","17":"product_tag-lacets-en-corde","18":"product_tag-loop-king-fr","19":"product_tag-noir","20":"product_tag-pointe-en-metal","22":"first","23":"instock","24":"taxable","25":"shipping-taxable","26":"product-type-variable"},"acf":[],"yoast_head":"<!-- This site is optimized with the Yoast SEO plugin v27.4 - https:\/\/yoast.com\/product\/yoast-seo-wordpress\/ -->\n<title>Lacets en coton plat vintage d\u00e9lav\u00e9 bleu clair avec embouts transparents - Loop King<\/title>\n<meta name=\"description\" content=\"Revitalise tes chaussures avec une touche de nostalgie gr\u00e2ce \u00e0 nos lacets bleu clair d\u00e9lav\u00e9s. Ils constituent le choix id\u00e9al pour un look \u00e0 la fois vintage et tendance.\" \/>\n<meta name=\"robots\" content=\"index, follow, max-snippet:-1, max-image-preview:large, max-video-preview:-1\" \/>\n<link rel=\"canonical\" href=\"https:\/\/www.loopkinglaces.com\/fr\/products\/lacets-en-coton-plat-vintage-delave-bleu-clair-avec-embouts-transparents\/\" \/>\n<meta property=\"og:locale\" content=\"fr_FR\" \/>\n<meta property=\"og:type\" content=\"article\" \/>\n<meta property=\"og:title\" content=\"Lacets en coton plat vintage d\u00e9lav\u00e9 bleu clair avec embouts transparents - Loop King\" \/>\n<meta property=\"og:description\" content=\"Revitalise tes chaussures avec une touche de nostalgie gr\u00e2ce \u00e0 nos lacets bleu clair d\u00e9lav\u00e9s. Ils constituent le choix id\u00e9al pour un look \u00e0 la fois vintage et tendance.\" \/>\n<meta property=\"og:url\" content=\"https:\/\/www.loopkinglaces.com\/fr\/products\/lacets-en-coton-plat-vintage-delave-bleu-clair-avec-embouts-transparents\/\" \/>\n<meta property=\"og:site_name\" content=\"Luxury Gold Tip Shoelaces by Loop King Laces\" \/>\n<meta property=\"article:publisher\" content=\"https:\/\/www.facebook.com\/LoopKingLaces\/\" \/>\n<meta property=\"og:image\" content=\"https:\/\/www.loopkinglaces.com\/wp-content\/uploads\/Light-Blue-Vintage-scaled.jpg\" \/>\n\t<meta property=\"og:image:width\" content=\"2560\" \/>\n\t<meta property=\"og:image:height\" content=\"2560\" \/>\n\t<meta property=\"og:image:type\" content=\"image\/jpeg\" \/>\n<meta name=\"twitter:card\" content=\"summary_large_image\" \/>\n<meta name=\"twitter:site\" content=\"@loopkinglaces\" \/>\n<meta name=\"twitter:label1\" content=\"Dur\u00e9e de lecture estim\u00e9e\" \/>\n\t<meta name=\"twitter:data1\" content=\"1 minute\" \/>\n<script type=\"application\/ld+json\" class=\"yoast-schema-graph\">{\"@context\":\"https:\\\/\\\/schema.org\",\"@graph\":[{\"@type\":[\"WebPage\",\"ItemPage\"],\"@id\":\"https:\\\/\\\/www.loopkinglaces.com\\\/fr\\\/products\\\/lacets-en-coton-plat-vintage-delave-bleu-clair-avec-embouts-transparents\\\/\",\"url\":\"https:\\\/\\\/www.loopkinglaces.com\\\/fr\\\/products\\\/lacets-en-coton-plat-vintage-delave-bleu-clair-avec-embouts-transparents\\\/\",\"name\":\"Lacets en coton plat vintage d\u00e9lav\u00e9 bleu clair avec embouts transparents - Loop King\",\"isPartOf\":{\"@id\":\"https:\\\/\\\/www.loopkinglaces.com\\\/fr\\\/#website\"},\"primaryImageOfPage\":{\"@id\":\"https:\\\/\\\/www.loopkinglaces.com\\\/fr\\\/products\\\/lacets-en-coton-plat-vintage-delave-bleu-clair-avec-embouts-transparents\\\/#primaryimage\"},\"image\":{\"@id\":\"https:\\\/\\\/www.loopkinglaces.com\\\/fr\\\/products\\\/lacets-en-coton-plat-vintage-delave-bleu-clair-avec-embouts-transparents\\\/#primaryimage\"},\"thumbnailUrl\":\"https:\\\/\\\/www.loopkinglaces.com\\\/wp-content\\\/uploads\\\/Light-Blue-Vintage-scaled.jpg\",\"datePublished\":\"2023-12-11T18:50:24+00:00\",\"description\":\"Revitalise tes chaussures avec une touche de nostalgie gr\u00e2ce \u00e0 nos lacets bleu clair d\u00e9lav\u00e9s. Ils constituent le choix id\u00e9al pour un look \u00e0 la fois vintage et tendance.\",\"breadcrumb\":{\"@id\":\"https:\\\/\\\/www.loopkinglaces.com\\\/fr\\\/products\\\/lacets-en-coton-plat-vintage-delave-bleu-clair-avec-embouts-transparents\\\/#breadcrumb\"},\"inLanguage\":\"fr-FR\",\"potentialAction\":[{\"@type\":\"ReadAction\",\"target\":[\"https:\\\/\\\/www.loopkinglaces.com\\\/fr\\\/products\\\/lacets-en-coton-plat-vintage-delave-bleu-clair-avec-embouts-transparents\\\/\"]}]},{\"@type\":\"ImageObject\",\"inLanguage\":\"fr-FR\",\"@id\":\"https:\\\/\\\/www.loopkinglaces.com\\\/fr\\\/products\\\/lacets-en-coton-plat-vintage-delave-bleu-clair-avec-embouts-transparents\\\/#primaryimage\",\"url\":\"https:\\\/\\\/www.loopkinglaces.com\\\/wp-content\\\/uploads\\\/Light-Blue-Vintage-scaled.jpg\",\"contentUrl\":\"https:\\\/\\\/www.loopkinglaces.com\\\/wp-content\\\/uploads\\\/Light-Blue-Vintage-scaled.jpg\",\"width\":2560,\"height\":2560},{\"@type\":\"BreadcrumbList\",\"@id\":\"https:\\\/\\\/www.loopkinglaces.com\\\/fr\\\/products\\\/lacets-en-coton-plat-vintage-delave-bleu-clair-avec-embouts-transparents\\\/#breadcrumb\",\"itemListElement\":[{\"@type\":\"ListItem\",\"position\":1,\"name\":\"Home\",\"item\":\"https:\\\/\\\/www.loopkinglaces.com\\\/fr\\\/\"},{\"@type\":\"ListItem\",\"position\":2,\"name\":\"ACHETER DES LACES\",\"item\":\"https:\\\/\\\/www.loopkinglaces.com\\\/fr\\\/acheter-des-laces\\\/\"},{\"@type\":\"ListItem\",\"position\":3,\"name\":\"Lacets en coton plat vintage d\u00e9lav\u00e9 bleu clair avec embouts transparents\"}]},{\"@type\":\"WebSite\",\"@id\":\"https:\\\/\\\/www.loopkinglaces.com\\\/fr\\\/#website\",\"url\":\"https:\\\/\\\/www.loopkinglaces.com\\\/fr\\\/\",\"name\":\"Luxury Gold Tip Shoelaces by Loop King Laces\",\"description\":\"Rope Laces, Flat Waxed Laces and Leather Laces. All With Gold Tips.\",\"publisher\":{\"@id\":\"https:\\\/\\\/www.loopkinglaces.com\\\/fr\\\/#organization\"},\"potentialAction\":[{\"@type\":\"SearchAction\",\"target\":{\"@type\":\"EntryPoint\",\"urlTemplate\":\"https:\\\/\\\/www.loopkinglaces.com\\\/fr\\\/?s={search_term_string}\"},\"query-input\":{\"@type\":\"PropertyValueSpecification\",\"valueRequired\":true,\"valueName\":\"search_term_string\"}}],\"inLanguage\":\"fr-FR\"},{\"@type\":\"Organization\",\"@id\":\"https:\\\/\\\/www.loopkinglaces.com\\\/fr\\\/#organization\",\"name\":\"Loop King Laces\",\"url\":\"https:\\\/\\\/www.loopkinglaces.com\\\/fr\\\/\",\"logo\":{\"@type\":\"ImageObject\",\"inLanguage\":\"fr-FR\",\"@id\":\"https:\\\/\\\/www.loopkinglaces.com\\\/fr\\\/#\\\/schema\\\/logo\\\/image\\\/\",\"url\":\"https:\\\/\\\/www.loopkinglaces.com\\\/wp-content\\\/uploads\\\/LOOP-KING-LACES.1.1-01-LOGO-HI-RES-OFFICIAL-1.png\",\"contentUrl\":\"https:\\\/\\\/www.loopkinglaces.com\\\/wp-content\\\/uploads\\\/LOOP-KING-LACES.1.1-01-LOGO-HI-RES-OFFICIAL-1.png\",\"width\":128,\"height\":91,\"caption\":\"Loop King Laces\"},\"image\":{\"@id\":\"https:\\\/\\\/www.loopkinglaces.com\\\/fr\\\/#\\\/schema\\\/logo\\\/image\\\/\"},\"sameAs\":[\"https:\\\/\\\/www.facebook.com\\\/LoopKingLaces\\\/\",\"https:\\\/\\\/x.com\\\/loopkinglaces\",\"https:\\\/\\\/www.instagram.com\\\/loopkinglaces\\\/\"]}]}<\/script>\n<!-- \/ Yoast SEO plugin. -->","yoast_head_json":{"title":"Lacets en coton plat vintage d\u00e9lav\u00e9 bleu clair avec embouts transparents - Loop King","description":"Revitalise tes chaussures avec une touche de nostalgie gr\u00e2ce \u00e0 nos lacets bleu clair d\u00e9lav\u00e9s. Ils constituent le choix id\u00e9al pour un look \u00e0 la fois vintage et tendance.","robots":{"index":"index","follow":"follow","max-snippet":"max-snippet:-1","max-image-preview":"max-image-preview:large","max-video-preview":"max-video-preview:-1"},"canonical":"https:\/\/www.loopkinglaces.com\/fr\/products\/lacets-en-coton-plat-vintage-delave-bleu-clair-avec-embouts-transparents\/","og_locale":"fr_FR","og_type":"article","og_title":"Lacets en coton plat vintage d\u00e9lav\u00e9 bleu clair avec embouts transparents - Loop King","og_description":"Revitalise tes chaussures avec une touche de nostalgie gr\u00e2ce \u00e0 nos lacets bleu clair d\u00e9lav\u00e9s. Ils constituent le choix id\u00e9al pour un look \u00e0 la fois vintage et tendance.","og_url":"https:\/\/www.loopkinglaces.com\/fr\/products\/lacets-en-coton-plat-vintage-delave-bleu-clair-avec-embouts-transparents\/","og_site_name":"Luxury Gold Tip Shoelaces by Loop King Laces","article_publisher":"https:\/\/www.facebook.com\/LoopKingLaces\/","og_image":[{"width":2560,"height":2560,"url":"https:\/\/www.loopkinglaces.com\/wp-content\/uploads\/Light-Blue-Vintage-scaled.jpg","type":"image\/jpeg"}],"twitter_card":"summary_large_image","twitter_site":"@loopkinglaces","twitter_misc":{"Dur\u00e9e de lecture estim\u00e9e":"1 minute"},"schema":{"@context":"https:\/\/schema.org","@graph":[{"@type":["WebPage","ItemPage"],"@id":"https:\/\/www.loopkinglaces.com\/fr\/products\/lacets-en-coton-plat-vintage-delave-bleu-clair-avec-embouts-transparents\/","url":"https:\/\/www.loopkinglaces.com\/fr\/products\/lacets-en-coton-plat-vintage-delave-bleu-clair-avec-embouts-transparents\/","name":"Lacets en coton plat vintage d\u00e9lav\u00e9 bleu clair avec embouts transparents - Loop King","isPartOf":{"@id":"https:\/\/www.loopkinglaces.com\/fr\/#website"},"primaryImageOfPage":{"@id":"https:\/\/www.loopkinglaces.com\/fr\/products\/lacets-en-coton-plat-vintage-delave-bleu-clair-avec-embouts-transparents\/#primaryimage"},"image":{"@id":"https:\/\/www.loopkinglaces.com\/fr\/products\/lacets-en-coton-plat-vintage-delave-bleu-clair-avec-embouts-transparents\/#primaryimage"},"thumbnailUrl":"https:\/\/www.loopkinglaces.com\/wp-content\/uploads\/Light-Blue-Vintage-scaled.jpg","datePublished":"2023-12-11T18:50:24+00:00","description":"Revitalise tes chaussures avec une touche de nostalgie gr\u00e2ce \u00e0 nos lacets bleu clair d\u00e9lav\u00e9s. Ils constituent le choix id\u00e9al pour un look \u00e0 la fois vintage et tendance.","breadcrumb":{"@id":"https:\/\/www.loopkinglaces.com\/fr\/products\/lacets-en-coton-plat-vintage-delave-bleu-clair-avec-embouts-transparents\/#breadcrumb"},"inLanguage":"fr-FR","potentialAction":[{"@type":"ReadAction","target":["https:\/\/www.loopkinglaces.com\/fr\/products\/lacets-en-coton-plat-vintage-delave-bleu-clair-avec-embouts-transparents\/"]}]},{"@type":"ImageObject","inLanguage":"fr-FR","@id":"https:\/\/www.loopkinglaces.com\/fr\/products\/lacets-en-coton-plat-vintage-delave-bleu-clair-avec-embouts-transparents\/#primaryimage","url":"https:\/\/www.loopkinglaces.com\/wp-content\/uploads\/Light-Blue-Vintage-scaled.jpg","contentUrl":"https:\/\/www.loopkinglaces.com\/wp-content\/uploads\/Light-Blue-Vintage-scaled.jpg","width":2560,"height":2560},{"@type":"BreadcrumbList","@id":"https:\/\/www.loopkinglaces.com\/fr\/products\/lacets-en-coton-plat-vintage-delave-bleu-clair-avec-embouts-transparents\/#breadcrumb","itemListElement":[{"@type":"ListItem","position":1,"name":"Home","item":"https:\/\/www.loopkinglaces.com\/fr\/"},{"@type":"ListItem","position":2,"name":"ACHETER DES LACES","item":"https:\/\/www.loopkinglaces.com\/fr\/acheter-des-laces\/"},{"@type":"ListItem","position":3,"name":"Lacets en coton plat vintage d\u00e9lav\u00e9 bleu clair avec embouts transparents"}]},{"@type":"WebSite","@id":"https:\/\/www.loopkinglaces.com\/fr\/#website","url":"https:\/\/www.loopkinglaces.com\/fr\/","name":"Luxury Gold Tip Shoelaces by Loop King Laces","description":"Rope Laces, Flat Waxed Laces and Leather Laces. All With Gold Tips.","publisher":{"@id":"https:\/\/www.loopkinglaces.com\/fr\/#organization"},"potentialAction":[{"@type":"SearchAction","target":{"@type":"EntryPoint","urlTemplate":"https:\/\/www.loopkinglaces.com\/fr\/?s={search_term_string}"},"query-input":{"@type":"PropertyValueSpecification","valueRequired":true,"valueName":"search_term_string"}}],"inLanguage":"fr-FR"},{"@type":"Organization","@id":"https:\/\/www.loopkinglaces.com\/fr\/#organization","name":"Loop King Laces","url":"https:\/\/www.loopkinglaces.com\/fr\/","logo":{"@type":"ImageObject","inLanguage":"fr-FR","@id":"https:\/\/www.loopkinglaces.com\/fr\/#\/schema\/logo\/image\/","url":"https:\/\/www.loopkinglaces.com\/wp-content\/uploads\/LOOP-KING-LACES.1.1-01-LOGO-HI-RES-OFFICIAL-1.png","contentUrl":"https:\/\/www.loopkinglaces.com\/wp-content\/uploads\/LOOP-KING-LACES.1.1-01-LOGO-HI-RES-OFFICIAL-1.png","width":128,"height":91,"caption":"Loop King Laces"},"image":{"@id":"https:\/\/www.loopkinglaces.com\/fr\/#\/schema\/logo\/image\/"},"sameAs":["https:\/\/www.facebook.com\/LoopKingLaces\/","https:\/\/x.com\/loopkinglaces","https:\/\/www.instagram.com\/loopkinglaces\/"]}]}},"_links":{"self":[{"href":"https:\/\/www.loopkinglaces.com\/fr\/wp-json\/wp\/v2\/product\/68090","targetHints":{"allow":["GET"]}}],"collection":[{"href":"https:\/\/www.loopkinglaces.com\/fr\/wp-json\/wp\/v2\/product"}],"about":[{"href":"https:\/\/www.loopkinglaces.com\/fr\/wp-json\/wp\/v2\/types\/product"}],"replies":[{"embeddable":true,"href":"https:\/\/www.loopkinglaces.com\/fr\/wp-json\/wp\/v2\/comments?post=68090"}],"wp:featuredmedia":[{"embeddable":true,"href":"https:\/\/www.loopkinglaces.com\/fr\/wp-json\/wp\/v2\/media\/68097"}],"wp:attachment":[{"href":"https:\/\/www.loopkinglaces.com\/fr\/wp-json\/wp\/v2\/media?parent=68090"}],"wp:term":[{"taxonomy":"product_brand","embeddable":true,"href":"https:\/\/www.loopkinglaces.com\/fr\/wp-json\/wp\/v2\/product_brand?post=68090"},{"taxonomy":"product_cat","embeddable":true,"href":"https:\/\/www.loopkinglaces.com\/fr\/wp-json\/wp\/v2\/product_cat?post=68090"},{"taxonomy":"product_tag","embeddable":true,"href":"https:\/\/www.loopkinglaces.com\/fr\/wp-json\/wp\/v2\/product_tag?post=68090"},{"taxonomy":"woo-feed-brand","embeddable":true,"href":"https:\/\/www.loopkinglaces.com\/fr\/wp-json\/wp\/v2\/woo-feed-brand?post=68090"}],"curies":[{"name":"wp","href":"https:\/\/api.w.org\/{rel}","templated":true}]}}