{"id":68049,"date":"2023-12-11T18:43:31","date_gmt":"2023-12-11T18:43:31","guid":{"rendered":"https:\/\/www.loopkinglaces.com\/products\/lacets-en-coton-plat-vintage-delave-bleu-royal-avec-embouts-transparents\/"},"modified":"2023-12-11T18:43:31","modified_gmt":"2023-12-11T18:43:31","slug":"lacets-en-coton-plat-vintage-delave-bleu-royal-avec-embouts-transparents","status":"publish","type":"product","link":"https:\/\/www.loopkinglaces.com\/fr\/products\/lacets-en-coton-plat-vintage-delave-bleu-royal-avec-embouts-transparents\/","title":{"rendered":"Lacets en coton plat vintage d\u00e9lav\u00e9 bleu royal avec embouts transparents"},"content":{"rendered":"<p>Les lacets de chaussure en coton plat d\u00e9lav\u00e9 vintage de Loop King allient le charme historique \u00e0 la r\u00e9silience moderne.<br \/>\nCes lacets, con\u00e7us pour rehausser tes chaussures, pr\u00e9sentent un style vintage d\u00e9lav\u00e9 distinctif, ajoutant une essence r\u00e9tro \u00e0 n&#8217;importe quel type de chaussure.<br \/>\nFabriqu\u00e9s avec du coton de premi\u00e8re qualit\u00e9, ils offrent \u00e0 la fois confort et durabilit\u00e9.<br \/>\nLes embouts transparents ne font pas que renforcer l&#8217;aspect vieilli des lacets, ils les rendent \u00e9galement plus r\u00e9sistants \u00e0 l&#8217;usure.<br \/>\nId\u00e9aux pour toutes les vari\u00e9t\u00e9s de chaussures, des baskets d\u00e9contract\u00e9es aux chaussures habill\u00e9es, ils apportent polyvalence et \u00e9l\u00e9gance.<br \/>\nAm\u00e9liore la mode de tes chaussures avec ces lacets exceptionnels, parfaits pour ceux qui appr\u00e9cient un m\u00e9lange d&#8217;esth\u00e9tique sans \u00e2ge et de durabilit\u00e9 moderne.<br \/>\nNos lacets s&#8217;adaptent \u00e0 tous les types de baskets et de marques, y compris Adidas, Nike, VANS et ainsi de suite, visite notre <a href=\"\/shoelace-size-chart\/\">guide des tailles<\/a> o\u00f9 tu pourras trouver la taille de lacets parfaite pour tes chaussures.        &nbsp;<\/p>\n","protected":false},"excerpt":{"rendered":"<p><strong>Lacets plats en coton d\u00e9lav\u00e9 vintage bleu royal avec pointes transparentes<\/strong> Adopte le m\u00e9lange parfait d&#8217;allure vintage et de robustesse actuelle avec les lacets plats en coton d\u00e9lav\u00e9 vintage de Loop King.<br \/>\nCes lacets, con\u00e7us pour rehausser tes chaussures, pr\u00e9sentent un aspect d\u00e9lav\u00e9 distinctif qui rappelle une \u00e9poque r\u00e9volue.<br \/>\nFabriqu\u00e9s en coton de premi\u00e8re qualit\u00e9, ils garantissent \u00e0 la fois le confort et une usure prolong\u00e9e.<br \/>\nLes pointes transparentes ajoutent non seulement au charme r\u00e9tro des lacets, mais offrent \u00e9galement une plus grande long\u00e9vit\u00e9 contre l&#8217;effilochage.<br \/>\nCes lacets conviennent \u00e0 un large \u00e9ventail de chaussures, des chaussures d\u00e9contract\u00e9es aux chaussures habill\u00e9es, et offrent \u00e0 la fois adaptabilit\u00e9 et sophistication.<br \/>\nAm\u00e9liore ton ensemble de chaussures avec ces lacets de qualit\u00e9 sup\u00e9rieure, un choix id\u00e9al pour ceux qui appr\u00e9cient l&#8217;harmonie d&#8217;un design classique et d&#8217;une qualit\u00e9 moderne.<br \/>\nVoir les caract\u00e9ristiques ci-dessous :        <\/p>\n<ul>\n<li>Teint\u00e9 \u00e0 la main avec une touche personnelle (il n&#8217;y a pas deux lacets identiques).<\/li>\n<li>Mat\u00e9riaux de premi\u00e8re qualit\u00e9<\/li>\n<li>Dur\u00e9e de vie <strong>3 fois plus longue<\/strong> que les lacets ordinaires<\/li>\n<li>Embouts en plastique transparent de haute qualit\u00e9<\/li>\n<li>Polyester Coton<\/li>\n<li>Beautiful Loop King Emballage par lacet<\/li>\n<\/ul>\n","protected":false},"featured_media":68056,"comment_status":"open","ping_status":"closed","template":"","meta":{"_acf_changed":false},"product_brand":[],"product_cat":[969,1070,1663,968,1503,1655,1226,947],"product_tag":[967,962,966,965,961,964,963],"woo-feed-brand":[],"class_list":{"0":"post-68049","1":"product","2":"type-product","3":"status-publish","4":"has-post-thumbnail","6":"product_cat-decouvre-le-charme-des-lacets-en-coton-plat-delave-de-loop-kings-vintage-avec-des-embouts-transparents","7":"product_cat-lacets-brooks-une-touche-subtile-pour-ameliorer-ton-jeu-de-pieds","8":"product_cat-lacets-sperry-de-petits-details-pour-des-resultats-differents","9":"product_cat-lacets-tie-dye-une-touche-funky-sur-les-chaussures-classiques","10":"product_cat-on-cloud-shoe-strings-elever-les-chaussures-un-lacet-a-la-fois","11":"product_cat-salle-des-trophees-de-premier-ordre-jordan-1-blue-laces-pour-un-look-etonnant","12":"product_cat-superbes-lacets-jordan-pour-rafraichir-tes-chaussures-dans-de-nombreuses-couleurs","13":"product_cat-tous-les-lacets","14":"product_tag-gris-fr","15":"product_tag-lacets","16":"product_tag-lacets-a-pointe-dor","17":"product_tag-lacets-en-corde","18":"product_tag-loop-king-fr","19":"product_tag-noir","20":"product_tag-pointe-en-metal","22":"first","23":"instock","24":"taxable","25":"shipping-taxable","26":"product-type-variable"},"acf":[],"yoast_head":"<!-- This site is optimized with the Yoast SEO plugin v27.4 - https:\/\/yoast.com\/product\/yoast-seo-wordpress\/ -->\n<title>Lacets plats en coton vintage d\u00e9lav\u00e9 bleu royal avec embouts transparents - Loop King<\/title>\n<meta name=\"description\" content=\"Donne \u00e0 tes chaussures un coup de jeune r\u00e9tro chic avec nos lacets vintage d\u00e9lav\u00e9s bleu royal. Id\u00e9al pour ceux qui aiment le m\u00e9lange des styles traditionnels et modernes.\" \/>\n<meta name=\"robots\" content=\"index, follow, max-snippet:-1, max-image-preview:large, max-video-preview:-1\" \/>\n<link rel=\"canonical\" href=\"https:\/\/www.loopkinglaces.com\/fr\/products\/lacets-en-coton-plat-vintage-delave-bleu-royal-avec-embouts-transparents\/\" \/>\n<meta property=\"og:locale\" content=\"fr_FR\" \/>\n<meta property=\"og:type\" content=\"article\" \/>\n<meta property=\"og:title\" content=\"Lacets plats en coton vintage d\u00e9lav\u00e9 bleu royal avec embouts transparents - Loop King\" \/>\n<meta property=\"og:description\" content=\"Donne \u00e0 tes chaussures un coup de jeune r\u00e9tro chic avec nos lacets vintage d\u00e9lav\u00e9s bleu royal. Id\u00e9al pour ceux qui aiment le m\u00e9lange des styles traditionnels et modernes.\" \/>\n<meta property=\"og:url\" content=\"https:\/\/www.loopkinglaces.com\/fr\/products\/lacets-en-coton-plat-vintage-delave-bleu-royal-avec-embouts-transparents\/\" \/>\n<meta property=\"og:site_name\" content=\"Luxury Gold Tip Shoelaces by Loop King Laces\" \/>\n<meta property=\"article:publisher\" content=\"https:\/\/www.facebook.com\/LoopKingLaces\/\" \/>\n<meta property=\"og:image\" content=\"https:\/\/www.loopkinglaces.com\/wp-content\/uploads\/Royal-Blue-Vintage-scaled.jpg\" \/>\n\t<meta property=\"og:image:width\" content=\"2560\" \/>\n\t<meta property=\"og:image:height\" content=\"2560\" \/>\n\t<meta property=\"og:image:type\" content=\"image\/jpeg\" \/>\n<meta name=\"twitter:card\" content=\"summary_large_image\" \/>\n<meta name=\"twitter:site\" content=\"@loopkinglaces\" \/>\n<meta name=\"twitter:label1\" content=\"Dur\u00e9e de lecture estim\u00e9e\" \/>\n\t<meta name=\"twitter:data1\" content=\"1 minute\" \/>\n<script type=\"application\/ld+json\" class=\"yoast-schema-graph\">{\"@context\":\"https:\\\/\\\/schema.org\",\"@graph\":[{\"@type\":[\"WebPage\",\"ItemPage\"],\"@id\":\"https:\\\/\\\/www.loopkinglaces.com\\\/fr\\\/products\\\/lacets-en-coton-plat-vintage-delave-bleu-royal-avec-embouts-transparents\\\/\",\"url\":\"https:\\\/\\\/www.loopkinglaces.com\\\/fr\\\/products\\\/lacets-en-coton-plat-vintage-delave-bleu-royal-avec-embouts-transparents\\\/\",\"name\":\"Lacets plats en coton vintage d\u00e9lav\u00e9 bleu royal avec embouts transparents - Loop King\",\"isPartOf\":{\"@id\":\"https:\\\/\\\/www.loopkinglaces.com\\\/fr\\\/#website\"},\"primaryImageOfPage\":{\"@id\":\"https:\\\/\\\/www.loopkinglaces.com\\\/fr\\\/products\\\/lacets-en-coton-plat-vintage-delave-bleu-royal-avec-embouts-transparents\\\/#primaryimage\"},\"image\":{\"@id\":\"https:\\\/\\\/www.loopkinglaces.com\\\/fr\\\/products\\\/lacets-en-coton-plat-vintage-delave-bleu-royal-avec-embouts-transparents\\\/#primaryimage\"},\"thumbnailUrl\":\"https:\\\/\\\/www.loopkinglaces.com\\\/wp-content\\\/uploads\\\/Royal-Blue-Vintage-scaled.jpg\",\"datePublished\":\"2023-12-11T18:43:31+00:00\",\"description\":\"Donne \u00e0 tes chaussures un coup de jeune r\u00e9tro chic avec nos lacets vintage d\u00e9lav\u00e9s bleu royal. Id\u00e9al pour ceux qui aiment le m\u00e9lange des styles traditionnels et modernes.\",\"breadcrumb\":{\"@id\":\"https:\\\/\\\/www.loopkinglaces.com\\\/fr\\\/products\\\/lacets-en-coton-plat-vintage-delave-bleu-royal-avec-embouts-transparents\\\/#breadcrumb\"},\"inLanguage\":\"fr-FR\",\"potentialAction\":[{\"@type\":\"ReadAction\",\"target\":[\"https:\\\/\\\/www.loopkinglaces.com\\\/fr\\\/products\\\/lacets-en-coton-plat-vintage-delave-bleu-royal-avec-embouts-transparents\\\/\"]}]},{\"@type\":\"ImageObject\",\"inLanguage\":\"fr-FR\",\"@id\":\"https:\\\/\\\/www.loopkinglaces.com\\\/fr\\\/products\\\/lacets-en-coton-plat-vintage-delave-bleu-royal-avec-embouts-transparents\\\/#primaryimage\",\"url\":\"https:\\\/\\\/www.loopkinglaces.com\\\/wp-content\\\/uploads\\\/Royal-Blue-Vintage-scaled.jpg\",\"contentUrl\":\"https:\\\/\\\/www.loopkinglaces.com\\\/wp-content\\\/uploads\\\/Royal-Blue-Vintage-scaled.jpg\",\"width\":2560,\"height\":2560},{\"@type\":\"BreadcrumbList\",\"@id\":\"https:\\\/\\\/www.loopkinglaces.com\\\/fr\\\/products\\\/lacets-en-coton-plat-vintage-delave-bleu-royal-avec-embouts-transparents\\\/#breadcrumb\",\"itemListElement\":[{\"@type\":\"ListItem\",\"position\":1,\"name\":\"Home\",\"item\":\"https:\\\/\\\/www.loopkinglaces.com\\\/fr\\\/\"},{\"@type\":\"ListItem\",\"position\":2,\"name\":\"ACHETER DES LACES\",\"item\":\"https:\\\/\\\/www.loopkinglaces.com\\\/fr\\\/acheter-des-laces\\\/\"},{\"@type\":\"ListItem\",\"position\":3,\"name\":\"Lacets en coton plat vintage d\u00e9lav\u00e9 bleu royal avec embouts transparents\"}]},{\"@type\":\"WebSite\",\"@id\":\"https:\\\/\\\/www.loopkinglaces.com\\\/fr\\\/#website\",\"url\":\"https:\\\/\\\/www.loopkinglaces.com\\\/fr\\\/\",\"name\":\"Luxury Gold Tip Shoelaces by Loop King Laces\",\"description\":\"Rope Laces, Flat Waxed Laces and Leather Laces. All With Gold Tips.\",\"publisher\":{\"@id\":\"https:\\\/\\\/www.loopkinglaces.com\\\/fr\\\/#organization\"},\"potentialAction\":[{\"@type\":\"SearchAction\",\"target\":{\"@type\":\"EntryPoint\",\"urlTemplate\":\"https:\\\/\\\/www.loopkinglaces.com\\\/fr\\\/?s={search_term_string}\"},\"query-input\":{\"@type\":\"PropertyValueSpecification\",\"valueRequired\":true,\"valueName\":\"search_term_string\"}}],\"inLanguage\":\"fr-FR\"},{\"@type\":\"Organization\",\"@id\":\"https:\\\/\\\/www.loopkinglaces.com\\\/fr\\\/#organization\",\"name\":\"Loop King Laces\",\"url\":\"https:\\\/\\\/www.loopkinglaces.com\\\/fr\\\/\",\"logo\":{\"@type\":\"ImageObject\",\"inLanguage\":\"fr-FR\",\"@id\":\"https:\\\/\\\/www.loopkinglaces.com\\\/fr\\\/#\\\/schema\\\/logo\\\/image\\\/\",\"url\":\"https:\\\/\\\/www.loopkinglaces.com\\\/wp-content\\\/uploads\\\/LOOP-KING-LACES.1.1-01-LOGO-HI-RES-OFFICIAL-1.png\",\"contentUrl\":\"https:\\\/\\\/www.loopkinglaces.com\\\/wp-content\\\/uploads\\\/LOOP-KING-LACES.1.1-01-LOGO-HI-RES-OFFICIAL-1.png\",\"width\":128,\"height\":91,\"caption\":\"Loop King Laces\"},\"image\":{\"@id\":\"https:\\\/\\\/www.loopkinglaces.com\\\/fr\\\/#\\\/schema\\\/logo\\\/image\\\/\"},\"sameAs\":[\"https:\\\/\\\/www.facebook.com\\\/LoopKingLaces\\\/\",\"https:\\\/\\\/x.com\\\/loopkinglaces\",\"https:\\\/\\\/www.instagram.com\\\/loopkinglaces\\\/\"]}]}<\/script>\n<!-- \/ Yoast SEO plugin. -->","yoast_head_json":{"title":"Lacets plats en coton vintage d\u00e9lav\u00e9 bleu royal avec embouts transparents - Loop King","description":"Donne \u00e0 tes chaussures un coup de jeune r\u00e9tro chic avec nos lacets vintage d\u00e9lav\u00e9s bleu royal. Id\u00e9al pour ceux qui aiment le m\u00e9lange des styles traditionnels et modernes.","robots":{"index":"index","follow":"follow","max-snippet":"max-snippet:-1","max-image-preview":"max-image-preview:large","max-video-preview":"max-video-preview:-1"},"canonical":"https:\/\/www.loopkinglaces.com\/fr\/products\/lacets-en-coton-plat-vintage-delave-bleu-royal-avec-embouts-transparents\/","og_locale":"fr_FR","og_type":"article","og_title":"Lacets plats en coton vintage d\u00e9lav\u00e9 bleu royal avec embouts transparents - Loop King","og_description":"Donne \u00e0 tes chaussures un coup de jeune r\u00e9tro chic avec nos lacets vintage d\u00e9lav\u00e9s bleu royal. Id\u00e9al pour ceux qui aiment le m\u00e9lange des styles traditionnels et modernes.","og_url":"https:\/\/www.loopkinglaces.com\/fr\/products\/lacets-en-coton-plat-vintage-delave-bleu-royal-avec-embouts-transparents\/","og_site_name":"Luxury Gold Tip Shoelaces by Loop King Laces","article_publisher":"https:\/\/www.facebook.com\/LoopKingLaces\/","og_image":[{"width":2560,"height":2560,"url":"https:\/\/www.loopkinglaces.com\/wp-content\/uploads\/Royal-Blue-Vintage-scaled.jpg","type":"image\/jpeg"}],"twitter_card":"summary_large_image","twitter_site":"@loopkinglaces","twitter_misc":{"Dur\u00e9e de lecture estim\u00e9e":"1 minute"},"schema":{"@context":"https:\/\/schema.org","@graph":[{"@type":["WebPage","ItemPage"],"@id":"https:\/\/www.loopkinglaces.com\/fr\/products\/lacets-en-coton-plat-vintage-delave-bleu-royal-avec-embouts-transparents\/","url":"https:\/\/www.loopkinglaces.com\/fr\/products\/lacets-en-coton-plat-vintage-delave-bleu-royal-avec-embouts-transparents\/","name":"Lacets plats en coton vintage d\u00e9lav\u00e9 bleu royal avec embouts transparents - Loop King","isPartOf":{"@id":"https:\/\/www.loopkinglaces.com\/fr\/#website"},"primaryImageOfPage":{"@id":"https:\/\/www.loopkinglaces.com\/fr\/products\/lacets-en-coton-plat-vintage-delave-bleu-royal-avec-embouts-transparents\/#primaryimage"},"image":{"@id":"https:\/\/www.loopkinglaces.com\/fr\/products\/lacets-en-coton-plat-vintage-delave-bleu-royal-avec-embouts-transparents\/#primaryimage"},"thumbnailUrl":"https:\/\/www.loopkinglaces.com\/wp-content\/uploads\/Royal-Blue-Vintage-scaled.jpg","datePublished":"2023-12-11T18:43:31+00:00","description":"Donne \u00e0 tes chaussures un coup de jeune r\u00e9tro chic avec nos lacets vintage d\u00e9lav\u00e9s bleu royal. Id\u00e9al pour ceux qui aiment le m\u00e9lange des styles traditionnels et modernes.","breadcrumb":{"@id":"https:\/\/www.loopkinglaces.com\/fr\/products\/lacets-en-coton-plat-vintage-delave-bleu-royal-avec-embouts-transparents\/#breadcrumb"},"inLanguage":"fr-FR","potentialAction":[{"@type":"ReadAction","target":["https:\/\/www.loopkinglaces.com\/fr\/products\/lacets-en-coton-plat-vintage-delave-bleu-royal-avec-embouts-transparents\/"]}]},{"@type":"ImageObject","inLanguage":"fr-FR","@id":"https:\/\/www.loopkinglaces.com\/fr\/products\/lacets-en-coton-plat-vintage-delave-bleu-royal-avec-embouts-transparents\/#primaryimage","url":"https:\/\/www.loopkinglaces.com\/wp-content\/uploads\/Royal-Blue-Vintage-scaled.jpg","contentUrl":"https:\/\/www.loopkinglaces.com\/wp-content\/uploads\/Royal-Blue-Vintage-scaled.jpg","width":2560,"height":2560},{"@type":"BreadcrumbList","@id":"https:\/\/www.loopkinglaces.com\/fr\/products\/lacets-en-coton-plat-vintage-delave-bleu-royal-avec-embouts-transparents\/#breadcrumb","itemListElement":[{"@type":"ListItem","position":1,"name":"Home","item":"https:\/\/www.loopkinglaces.com\/fr\/"},{"@type":"ListItem","position":2,"name":"ACHETER DES LACES","item":"https:\/\/www.loopkinglaces.com\/fr\/acheter-des-laces\/"},{"@type":"ListItem","position":3,"name":"Lacets en coton plat vintage d\u00e9lav\u00e9 bleu royal avec embouts transparents"}]},{"@type":"WebSite","@id":"https:\/\/www.loopkinglaces.com\/fr\/#website","url":"https:\/\/www.loopkinglaces.com\/fr\/","name":"Luxury Gold Tip Shoelaces by Loop King Laces","description":"Rope Laces, Flat Waxed Laces and Leather Laces. All With Gold Tips.","publisher":{"@id":"https:\/\/www.loopkinglaces.com\/fr\/#organization"},"potentialAction":[{"@type":"SearchAction","target":{"@type":"EntryPoint","urlTemplate":"https:\/\/www.loopkinglaces.com\/fr\/?s={search_term_string}"},"query-input":{"@type":"PropertyValueSpecification","valueRequired":true,"valueName":"search_term_string"}}],"inLanguage":"fr-FR"},{"@type":"Organization","@id":"https:\/\/www.loopkinglaces.com\/fr\/#organization","name":"Loop King Laces","url":"https:\/\/www.loopkinglaces.com\/fr\/","logo":{"@type":"ImageObject","inLanguage":"fr-FR","@id":"https:\/\/www.loopkinglaces.com\/fr\/#\/schema\/logo\/image\/","url":"https:\/\/www.loopkinglaces.com\/wp-content\/uploads\/LOOP-KING-LACES.1.1-01-LOGO-HI-RES-OFFICIAL-1.png","contentUrl":"https:\/\/www.loopkinglaces.com\/wp-content\/uploads\/LOOP-KING-LACES.1.1-01-LOGO-HI-RES-OFFICIAL-1.png","width":128,"height":91,"caption":"Loop King Laces"},"image":{"@id":"https:\/\/www.loopkinglaces.com\/fr\/#\/schema\/logo\/image\/"},"sameAs":["https:\/\/www.facebook.com\/LoopKingLaces\/","https:\/\/x.com\/loopkinglaces","https:\/\/www.instagram.com\/loopkinglaces\/"]}]}},"_links":{"self":[{"href":"https:\/\/www.loopkinglaces.com\/fr\/wp-json\/wp\/v2\/product\/68049","targetHints":{"allow":["GET"]}}],"collection":[{"href":"https:\/\/www.loopkinglaces.com\/fr\/wp-json\/wp\/v2\/product"}],"about":[{"href":"https:\/\/www.loopkinglaces.com\/fr\/wp-json\/wp\/v2\/types\/product"}],"replies":[{"embeddable":true,"href":"https:\/\/www.loopkinglaces.com\/fr\/wp-json\/wp\/v2\/comments?post=68049"}],"wp:featuredmedia":[{"embeddable":true,"href":"https:\/\/www.loopkinglaces.com\/fr\/wp-json\/wp\/v2\/media\/68056"}],"wp:attachment":[{"href":"https:\/\/www.loopkinglaces.com\/fr\/wp-json\/wp\/v2\/media?parent=68049"}],"wp:term":[{"taxonomy":"product_brand","embeddable":true,"href":"https:\/\/www.loopkinglaces.com\/fr\/wp-json\/wp\/v2\/product_brand?post=68049"},{"taxonomy":"product_cat","embeddable":true,"href":"https:\/\/www.loopkinglaces.com\/fr\/wp-json\/wp\/v2\/product_cat?post=68049"},{"taxonomy":"product_tag","embeddable":true,"href":"https:\/\/www.loopkinglaces.com\/fr\/wp-json\/wp\/v2\/product_tag?post=68049"},{"taxonomy":"woo-feed-brand","embeddable":true,"href":"https:\/\/www.loopkinglaces.com\/fr\/wp-json\/wp\/v2\/woo-feed-brand?post=68049"}],"curies":[{"name":"wp","href":"https:\/\/api.w.org\/{rel}","templated":true}]}}