{"id":75694,"date":"2017-12-07T14:40:29","date_gmt":"2017-12-07T14:40:29","guid":{"rendered":"https:\/\/www.loopkinglaces.com\/expedition-et-livraison\/"},"modified":"2024-11-18T18:19:49","modified_gmt":"2024-11-18T18:19:49","slug":"expedition-et-livraison","status":"publish","type":"page","link":"https:\/\/www.loopkinglaces.com\/fr\/expedition-et-livraison\/","title":{"rendered":"EXP\u00c9DITION ET LIVRAISON"},"content":{"rendered":"\n<h1>Nous avons r\u00e9invent\u00e9 notre mode d&#8217;exp\u00e9dition pour qu&#8217;il soit plus rapide. Parce qu&#8217;attendre, c&#8217;est nul. <\/h1>\n<p>D\u00e9penser 29 $ et obtenir une <strong>livraison GRATUITE (USA seulement)<\/strong><\/p>\n<p><p><em>*Les frais d&#8217;exp\u00e9dition aux \u00c9tats-Unis sont de 4,99 $ et les frais d&#8217;exp\u00e9dition internationaux sont de 6,99 $.<\/em><\/p>\n<h2><strong>Heure par lieu :<\/strong><\/h2>\n<div class=\"table-responsive\">\n<table class=\"table table-striped\">\n<thead>\n<tr>\n<th>Emplacement<\/th>\n<th>*D\u00e9lai d&#8217;exp\u00e9dition estim\u00e9<\/th>\n<\/tr>\n<\/thead>\n<tbody>\n<tr>\n<td>\u00c9tats-Unis, Canada<\/td>\n<td>1-2 jours ouvrables<\/td>\n<\/tr>\n<tr>\n<td>Royaume-Uni, Europe<\/td>\n<td>2-4 jours ouvrables<\/td>\n<\/tr>\n<tr>\n<td>Australie, Nouvelle-Z\u00e9lande<\/td>\n<td>2-5 jours ouvrables<\/td>\n<\/tr>\n<tr>\n<td>Am\u00e9rique centrale, Am\u00e9rique du Sud et Mexique<\/td>\n<td>2-5 jours ouvrables<\/td>\n<\/tr>\n<tr>\n<td>Reste du monde<\/td>\n<td>2-5 jours ouvrables<\/td>\n<\/tr>\n<\/tbody>\n<\/table>\n<p>Loop King Laces est extr\u00eamement fier d&#8217;offrir maintenant une exp\u00e9dition internationale qui fonctionne actuellement dans plus de 185 pays dans le monde. Cela nous rend extr\u00eamement heureux de savoir que nous pouvons exp\u00e9dier nos lacets \u00e0 des gens de tr\u00e8s loin. Nous continuerons \u00e0 le faire et \u00e0 am\u00e9liorer nos services pour aller au-del\u00e0 de toutes les attentes. En raison de la situation actuelle avec le Coronavirus, pr\u00e9vois quelques jours suppl\u00e9mentaires pour ta livraison.     <\/p>\n<h3>Comment exp\u00e9dies-tu les colis ?<\/h3>\n<p>Nos colis se trouvent dans nos entrep\u00f4ts aux \u00c9tats-Unis et au Royaume-Uni. Cela signifie que nous pouvons exp\u00e9dier tous les colis par UPS, FedEx et Royal Mail. <\/p>\n<h3>Est-ce que tu exp\u00e9dies dans le monde entier ?<\/h3>\n<p>En effet, nous le faisons. C&#8217;est l&#8217;un des meilleurs services que nous offrons \u00e0 nos clients. Nous assurons la livraison dans le monde entier, dans plus de 185 pays. Cependant, il peut y avoir des endroits o\u00f9 nous ne pouvons pas livrer. Si c&#8217;est le cas, tu seras contact\u00e9 d&#8217;urgence et tu recevras un remboursement complet de tes marchandises.    <\/p>\n<h3>Qu&#8217;en est-il des coutumes ?<\/h3>\n<p>Nous ne sommes pas responsables des frais de douane une fois que nous avons exp\u00e9di\u00e9 les articles. En achetant nos produits, tu consens \u00e0 ce qu&#8217;un ou plusieurs de tes colis te soient exp\u00e9di\u00e9s et que tu puisses recevoir des frais de douane lorsqu&#8217;ils arriveront dans ton pays. Nous pouvons confirmer qu&#8217;AUCUN client n&#8217;a eu de frais de douane jusqu&#8217;\u00e0 pr\u00e9sent.  <\/p>\n<p> <\/p>\n<p><a href=\"https:\/\/www.loopkinglaces.com\/fr\/\">RETOUR AUX LACETS LOOP KING  &gt;<\/a><\/p>\n<\/div>\n\n\n","protected":false},"excerpt":{"rendered":"","protected":false},"author":1,"featured_media":0,"parent":0,"menu_order":0,"comment_status":"closed","ping_status":"closed","template":"","meta":{"_acf_changed":false,"footnotes":""},"class_list":["post-75694","page","type-page","status-publish","hentry"],"acf":[],"yoast_head":"<!-- This site is optimized with the Yoast SEO plugin v27.4 - https:\/\/yoast.com\/product\/yoast-seo-wordpress\/ -->\n<title>Informations sur l&#039;exp\u00e9dition et la livraison - Loop King Laces<\/title>\n<meta name=\"robots\" content=\"index, follow, max-snippet:-1, max-image-preview:large, max-video-preview:-1\" \/>\n<link rel=\"canonical\" href=\"https:\/\/www.loopkinglaces.com\/fr\/expedition-et-livraison\/\" \/>\n<meta property=\"og:locale\" content=\"fr_FR\" \/>\n<meta property=\"og:type\" content=\"article\" \/>\n<meta property=\"og:title\" content=\"Informations sur l&#039;exp\u00e9dition et la livraison - Loop King Laces\" \/>\n<meta property=\"og:url\" content=\"https:\/\/www.loopkinglaces.com\/fr\/expedition-et-livraison\/\" \/>\n<meta property=\"og:site_name\" content=\"Luxury Gold Tip Shoelaces by Loop King Laces\" \/>\n<meta property=\"article:publisher\" content=\"https:\/\/www.facebook.com\/LoopKingLaces\/\" \/>\n<meta property=\"article:modified_time\" content=\"2024-11-18T18:19:49+00:00\" \/>\n<meta name=\"twitter:card\" content=\"summary_large_image\" \/>\n<meta name=\"twitter:site\" content=\"@loopkinglaces\" \/>\n<meta name=\"twitter:label1\" content=\"Dur\u00e9e de lecture estim\u00e9e\" \/>\n\t<meta name=\"twitter:data1\" content=\"2 minutes\" \/>\n<script type=\"application\/ld+json\" class=\"yoast-schema-graph\">{\"@context\":\"https:\\\/\\\/schema.org\",\"@graph\":[{\"@type\":\"WebPage\",\"@id\":\"https:\\\/\\\/www.loopkinglaces.com\\\/fr\\\/expedition-et-livraison\\\/\",\"url\":\"https:\\\/\\\/www.loopkinglaces.com\\\/fr\\\/expedition-et-livraison\\\/\",\"name\":\"Informations sur l'exp\u00e9dition et la livraison - Loop King Laces\",\"isPartOf\":{\"@id\":\"https:\\\/\\\/www.loopkinglaces.com\\\/fr\\\/#website\"},\"datePublished\":\"2017-12-07T14:40:29+00:00\",\"dateModified\":\"2024-11-18T18:19:49+00:00\",\"breadcrumb\":{\"@id\":\"https:\\\/\\\/www.loopkinglaces.com\\\/fr\\\/expedition-et-livraison\\\/#breadcrumb\"},\"inLanguage\":\"fr-FR\",\"potentialAction\":[{\"@type\":\"ReadAction\",\"target\":[\"https:\\\/\\\/www.loopkinglaces.com\\\/fr\\\/expedition-et-livraison\\\/\"]}]},{\"@type\":\"BreadcrumbList\",\"@id\":\"https:\\\/\\\/www.loopkinglaces.com\\\/fr\\\/expedition-et-livraison\\\/#breadcrumb\",\"itemListElement\":[{\"@type\":\"ListItem\",\"position\":1,\"name\":\"Home\",\"item\":\"https:\\\/\\\/www.loopkinglaces.com\\\/fr\\\/\"},{\"@type\":\"ListItem\",\"position\":2,\"name\":\"EXP\u00c9DITION ET LIVRAISON\"}]},{\"@type\":\"WebSite\",\"@id\":\"https:\\\/\\\/www.loopkinglaces.com\\\/fr\\\/#website\",\"url\":\"https:\\\/\\\/www.loopkinglaces.com\\\/fr\\\/\",\"name\":\"Luxury Gold Tip Shoelaces by Loop King Laces\",\"description\":\"Rope Laces, Flat Waxed Laces and Leather Laces. All With Gold Tips.\",\"publisher\":{\"@id\":\"https:\\\/\\\/www.loopkinglaces.com\\\/fr\\\/#organization\"},\"potentialAction\":[{\"@type\":\"SearchAction\",\"target\":{\"@type\":\"EntryPoint\",\"urlTemplate\":\"https:\\\/\\\/www.loopkinglaces.com\\\/fr\\\/?s={search_term_string}\"},\"query-input\":{\"@type\":\"PropertyValueSpecification\",\"valueRequired\":true,\"valueName\":\"search_term_string\"}}],\"inLanguage\":\"fr-FR\"},{\"@type\":\"Organization\",\"@id\":\"https:\\\/\\\/www.loopkinglaces.com\\\/fr\\\/#organization\",\"name\":\"Loop King Laces\",\"url\":\"https:\\\/\\\/www.loopkinglaces.com\\\/fr\\\/\",\"logo\":{\"@type\":\"ImageObject\",\"inLanguage\":\"fr-FR\",\"@id\":\"https:\\\/\\\/www.loopkinglaces.com\\\/fr\\\/#\\\/schema\\\/logo\\\/image\\\/\",\"url\":\"https:\\\/\\\/www.loopkinglaces.com\\\/wp-content\\\/uploads\\\/LOOP-KING-LACES.1.1-01-LOGO-HI-RES-OFFICIAL-1.png\",\"contentUrl\":\"https:\\\/\\\/www.loopkinglaces.com\\\/wp-content\\\/uploads\\\/LOOP-KING-LACES.1.1-01-LOGO-HI-RES-OFFICIAL-1.png\",\"width\":128,\"height\":91,\"caption\":\"Loop King Laces\"},\"image\":{\"@id\":\"https:\\\/\\\/www.loopkinglaces.com\\\/fr\\\/#\\\/schema\\\/logo\\\/image\\\/\"},\"sameAs\":[\"https:\\\/\\\/www.facebook.com\\\/LoopKingLaces\\\/\",\"https:\\\/\\\/x.com\\\/loopkinglaces\",\"https:\\\/\\\/www.instagram.com\\\/loopkinglaces\\\/\"]}]}<\/script>\n<!-- \/ Yoast SEO plugin. -->","yoast_head_json":{"title":"Informations sur l'exp\u00e9dition et la livraison - Loop King Laces","robots":{"index":"index","follow":"follow","max-snippet":"max-snippet:-1","max-image-preview":"max-image-preview:large","max-video-preview":"max-video-preview:-1"},"canonical":"https:\/\/www.loopkinglaces.com\/fr\/expedition-et-livraison\/","og_locale":"fr_FR","og_type":"article","og_title":"Informations sur l'exp\u00e9dition et la livraison - Loop King Laces","og_url":"https:\/\/www.loopkinglaces.com\/fr\/expedition-et-livraison\/","og_site_name":"Luxury Gold Tip Shoelaces by Loop King Laces","article_publisher":"https:\/\/www.facebook.com\/LoopKingLaces\/","article_modified_time":"2024-11-18T18:19:49+00:00","twitter_card":"summary_large_image","twitter_site":"@loopkinglaces","twitter_misc":{"Dur\u00e9e de lecture estim\u00e9e":"2 minutes"},"schema":{"@context":"https:\/\/schema.org","@graph":[{"@type":"WebPage","@id":"https:\/\/www.loopkinglaces.com\/fr\/expedition-et-livraison\/","url":"https:\/\/www.loopkinglaces.com\/fr\/expedition-et-livraison\/","name":"Informations sur l'exp\u00e9dition et la livraison - Loop King Laces","isPartOf":{"@id":"https:\/\/www.loopkinglaces.com\/fr\/#website"},"datePublished":"2017-12-07T14:40:29+00:00","dateModified":"2024-11-18T18:19:49+00:00","breadcrumb":{"@id":"https:\/\/www.loopkinglaces.com\/fr\/expedition-et-livraison\/#breadcrumb"},"inLanguage":"fr-FR","potentialAction":[{"@type":"ReadAction","target":["https:\/\/www.loopkinglaces.com\/fr\/expedition-et-livraison\/"]}]},{"@type":"BreadcrumbList","@id":"https:\/\/www.loopkinglaces.com\/fr\/expedition-et-livraison\/#breadcrumb","itemListElement":[{"@type":"ListItem","position":1,"name":"Home","item":"https:\/\/www.loopkinglaces.com\/fr\/"},{"@type":"ListItem","position":2,"name":"EXP\u00c9DITION ET LIVRAISON"}]},{"@type":"WebSite","@id":"https:\/\/www.loopkinglaces.com\/fr\/#website","url":"https:\/\/www.loopkinglaces.com\/fr\/","name":"Luxury Gold Tip Shoelaces by Loop King Laces","description":"Rope Laces, Flat Waxed Laces and Leather Laces. All With Gold Tips.","publisher":{"@id":"https:\/\/www.loopkinglaces.com\/fr\/#organization"},"potentialAction":[{"@type":"SearchAction","target":{"@type":"EntryPoint","urlTemplate":"https:\/\/www.loopkinglaces.com\/fr\/?s={search_term_string}"},"query-input":{"@type":"PropertyValueSpecification","valueRequired":true,"valueName":"search_term_string"}}],"inLanguage":"fr-FR"},{"@type":"Organization","@id":"https:\/\/www.loopkinglaces.com\/fr\/#organization","name":"Loop King Laces","url":"https:\/\/www.loopkinglaces.com\/fr\/","logo":{"@type":"ImageObject","inLanguage":"fr-FR","@id":"https:\/\/www.loopkinglaces.com\/fr\/#\/schema\/logo\/image\/","url":"https:\/\/www.loopkinglaces.com\/wp-content\/uploads\/LOOP-KING-LACES.1.1-01-LOGO-HI-RES-OFFICIAL-1.png","contentUrl":"https:\/\/www.loopkinglaces.com\/wp-content\/uploads\/LOOP-KING-LACES.1.1-01-LOGO-HI-RES-OFFICIAL-1.png","width":128,"height":91,"caption":"Loop King Laces"},"image":{"@id":"https:\/\/www.loopkinglaces.com\/fr\/#\/schema\/logo\/image\/"},"sameAs":["https:\/\/www.facebook.com\/LoopKingLaces\/","https:\/\/x.com\/loopkinglaces","https:\/\/www.instagram.com\/loopkinglaces\/"]}]}},"_links":{"self":[{"href":"https:\/\/www.loopkinglaces.com\/fr\/wp-json\/wp\/v2\/pages\/75694","targetHints":{"allow":["GET"]}}],"collection":[{"href":"https:\/\/www.loopkinglaces.com\/fr\/wp-json\/wp\/v2\/pages"}],"about":[{"href":"https:\/\/www.loopkinglaces.com\/fr\/wp-json\/wp\/v2\/types\/page"}],"author":[{"embeddable":true,"href":"https:\/\/www.loopkinglaces.com\/fr\/wp-json\/wp\/v2\/users\/1"}],"replies":[{"embeddable":true,"href":"https:\/\/www.loopkinglaces.com\/fr\/wp-json\/wp\/v2\/comments?post=75694"}],"version-history":[{"count":0,"href":"https:\/\/www.loopkinglaces.com\/fr\/wp-json\/wp\/v2\/pages\/75694\/revisions"}],"wp:attachment":[{"href":"https:\/\/www.loopkinglaces.com\/fr\/wp-json\/wp\/v2\/media?parent=75694"}],"curies":[{"name":"wp","href":"https:\/\/api.w.org\/{rel}","templated":true}]}}