{"id":75691,"date":"2017-12-07T14:36:21","date_gmt":"2017-12-07T14:36:21","guid":{"rendered":"https:\/\/www.loopkinglaces.com\/retours-et-remboursements\/"},"modified":"2024-11-18T18:19:48","modified_gmt":"2024-11-18T18:19:48","slug":"retours-et-remboursements","status":"publish","type":"page","link":"https:\/\/www.loopkinglaces.com\/fr\/retours-et-remboursements\/","title":{"rendered":"RETOURS ET REMBOURSEMENTS"},"content":{"rendered":"\n<h1><strong>Politique de retour et d&#8217;annulation<\/strong><\/h1>\n<p>Nous voulons te donner la meilleure exp\u00e9rience possible, c&#8217;est pourquoi nous offrons une politique de retour de 30 jours te permettant de nous renvoyer ta commande si tu changes d&#8217;avis apr\u00e8s l&#8217;avoir re\u00e7ue. Tu peux \u00e9changer ou te faire rembourser dans les 30 jours sous r\u00e9serve des conditions ci-dessous. <\/p>\n<h2><strong>Annulation<\/strong><\/h2>\n<p><span style=\"font-weight: 400;\">Si tu veux annuler ta commande peu de temps apr\u00e8s l&#8217;avoir pass\u00e9e, tu dois <\/span><a href=\"https:\/\/www.loopkinglaces.com\/fr\/contact\/\"><span style=\"font-weight: 400;\">nous contacter<\/span><\/a><span style=\"font-weight: 400;\">  dans les 2 \u00e0 3 heures, et nous ferons de notre mieux pour annuler ton achat et te rembourser imm\u00e9diatement. Nous travaillons tr\u00e8s dur pour que les produits soient exp\u00e9di\u00e9s le plus rapidement possible afin qu&#8217;ils te parviennent rapidement. Ainsi, une fois que le processus d&#8217;emballage et d&#8217;exp\u00e9dition a commenc\u00e9, ta commande ne pourra pas \u00eatre annul\u00e9e.  <\/span><\/p>\n<h2><b>Retours<\/b><\/h2>\n<p><span style=\"font-weight: 400;\">Si nous avons fait une erreur en t&#8217;envoyant le mauvais article, nous t&#8217;enverrons le(s) bon(s) article(s) sans frais suppl\u00e9mentaires.<\/span><\/p>\n<p><span style=\"font-weight: 400;\">Si, pour quelque raison que ce soit, tu souhaites \u00e9changer un produit avec un autre ou obtenir un remboursement, alors <\/span><a href=\"https:\/\/www.loopkinglaces.com\/fr\/contact\/\"><span style=\"font-weight: 400;\">nous contacter<\/span><\/a><span style=\"font-weight: 400;\">  dans les 30 jours suivant ta commande, et nous te r\u00e9pondrons dans un d\u00e9lai de 1 \u00e0 2 jours ouvrables pour arranger cela. Note que nous ne pouvons accepter le retour d&#8217;un article que si l&#8217;emballage d&#8217;origine n&#8217;a pas \u00e9t\u00e9 ouvert et n&#8217;est pas ab\u00eem\u00e9.   <\/span><\/p>\n<p><span style=\"font-weight: 400;\">Il te suffit de nous renvoyer tes articles non ouverts, \u00e0 tes frais, et nous te les \u00e9changerons avec un article de valeur \u00e9gale ou inf\u00e9rieure, ou nous te rembourserons (\u00e0 ton choix), \u00e0 condition que l&#8217;article soit toujours dans son emballage d&#8217;origine, scell\u00e9 et sans aucun signe d&#8217;usure ou de retrait de l&#8217;emballage.  <\/span><\/p>\n<p><span style=\"font-weight: 400;\">Les remboursements sont g\u00e9n\u00e9ralement trait\u00e9s de notre c\u00f4t\u00e9 dans un d\u00e9lai de 1 \u00e0 2 jours apr\u00e8s r\u00e9ception de tes articles ; les fonds sont transf\u00e9r\u00e9s sur ton compte dans un d\u00e9lai de 5 \u00e0 10 jours ouvrables. Comme les banques contr\u00f4lent la derni\u00e8re \u00e9tape de ce processus, tout ce que nous pouvons contr\u00f4ler, c&#8217;est d&#8217;initier le remboursement rapidement. <\/span><\/p>\n","protected":false},"excerpt":{"rendered":"<p>Politique de retour et d&#8217;annulation Nous voulons te donner la meilleure exp\u00e9rience possible, c&#8217;est pourquoi nous offrons une politique de retour de 30 jours te permettant de nous renvoyer ta commande si tu changes d&#8217;avis apr\u00e8s l&#8217;avoir re\u00e7ue. Tu peux \u00e9changer ou te faire rembourser dans les 30 jours sous r\u00e9serve des conditions ci-dessous. Annulation&#8230; Read More<\/p>\n","protected":false},"author":1,"featured_media":0,"parent":0,"menu_order":0,"comment_status":"closed","ping_status":"closed","template":"","meta":{"_acf_changed":false,"footnotes":""},"class_list":["post-75691","page","type-page","status-publish","hentry"],"acf":[],"yoast_head":"<!-- This site is optimized with the Yoast SEO plugin v27.4 - https:\/\/yoast.com\/product\/yoast-seo-wordpress\/ -->\n<title>Politique de retour et d&#039;annulation - Loop King Laces<\/title>\n<meta name=\"robots\" content=\"index, follow, max-snippet:-1, max-image-preview:large, max-video-preview:-1\" \/>\n<link rel=\"canonical\" href=\"https:\/\/www.loopkinglaces.com\/fr\/retours-et-remboursements\/\" \/>\n<meta property=\"og:locale\" content=\"fr_FR\" \/>\n<meta property=\"og:type\" content=\"article\" \/>\n<meta property=\"og:title\" content=\"Politique de retour et d&#039;annulation - Loop King Laces\" \/>\n<meta property=\"og:description\" content=\"Politique de retour et d&#8217;annulation Nous voulons te donner la meilleure exp\u00e9rience possible, c&#8217;est pourquoi nous offrons une politique de retour de 30 jours te permettant de nous renvoyer ta commande si tu changes d&#8217;avis apr\u00e8s l&#8217;avoir re\u00e7ue. Tu peux \u00e9changer ou te faire rembourser dans les 30 jours sous r\u00e9serve des conditions ci-dessous. Annulation... Read More\" \/>\n<meta property=\"og:url\" content=\"https:\/\/www.loopkinglaces.com\/fr\/retours-et-remboursements\/\" \/>\n<meta property=\"og:site_name\" content=\"Luxury Gold Tip Shoelaces by Loop King Laces\" \/>\n<meta property=\"article:publisher\" content=\"https:\/\/www.facebook.com\/LoopKingLaces\/\" \/>\n<meta property=\"article:modified_time\" content=\"2024-11-18T18:19:48+00:00\" \/>\n<meta name=\"twitter:card\" content=\"summary_large_image\" \/>\n<meta name=\"twitter:site\" content=\"@loopkinglaces\" \/>\n<meta name=\"twitter:label1\" content=\"Dur\u00e9e de lecture estim\u00e9e\" \/>\n\t<meta name=\"twitter:data1\" content=\"2 minutes\" \/>\n<script type=\"application\/ld+json\" class=\"yoast-schema-graph\">{\"@context\":\"https:\\\/\\\/schema.org\",\"@graph\":[{\"@type\":\"WebPage\",\"@id\":\"https:\\\/\\\/www.loopkinglaces.com\\\/fr\\\/retours-et-remboursements\\\/\",\"url\":\"https:\\\/\\\/www.loopkinglaces.com\\\/fr\\\/retours-et-remboursements\\\/\",\"name\":\"Politique de retour et d'annulation - Loop King Laces\",\"isPartOf\":{\"@id\":\"https:\\\/\\\/www.loopkinglaces.com\\\/fr\\\/#website\"},\"datePublished\":\"2017-12-07T14:36:21+00:00\",\"dateModified\":\"2024-11-18T18:19:48+00:00\",\"breadcrumb\":{\"@id\":\"https:\\\/\\\/www.loopkinglaces.com\\\/fr\\\/retours-et-remboursements\\\/#breadcrumb\"},\"inLanguage\":\"fr-FR\",\"potentialAction\":[{\"@type\":\"ReadAction\",\"target\":[\"https:\\\/\\\/www.loopkinglaces.com\\\/fr\\\/retours-et-remboursements\\\/\"]}]},{\"@type\":\"BreadcrumbList\",\"@id\":\"https:\\\/\\\/www.loopkinglaces.com\\\/fr\\\/retours-et-remboursements\\\/#breadcrumb\",\"itemListElement\":[{\"@type\":\"ListItem\",\"position\":1,\"name\":\"Home\",\"item\":\"https:\\\/\\\/www.loopkinglaces.com\\\/fr\\\/\"},{\"@type\":\"ListItem\",\"position\":2,\"name\":\"RETOURS ET REMBOURSEMENTS\"}]},{\"@type\":\"WebSite\",\"@id\":\"https:\\\/\\\/www.loopkinglaces.com\\\/fr\\\/#website\",\"url\":\"https:\\\/\\\/www.loopkinglaces.com\\\/fr\\\/\",\"name\":\"Luxury Gold Tip Shoelaces by Loop King Laces\",\"description\":\"Rope Laces, Flat Waxed Laces and Leather Laces. All With Gold Tips.\",\"publisher\":{\"@id\":\"https:\\\/\\\/www.loopkinglaces.com\\\/fr\\\/#organization\"},\"potentialAction\":[{\"@type\":\"SearchAction\",\"target\":{\"@type\":\"EntryPoint\",\"urlTemplate\":\"https:\\\/\\\/www.loopkinglaces.com\\\/fr\\\/?s={search_term_string}\"},\"query-input\":{\"@type\":\"PropertyValueSpecification\",\"valueRequired\":true,\"valueName\":\"search_term_string\"}}],\"inLanguage\":\"fr-FR\"},{\"@type\":\"Organization\",\"@id\":\"https:\\\/\\\/www.loopkinglaces.com\\\/fr\\\/#organization\",\"name\":\"Loop King Laces\",\"url\":\"https:\\\/\\\/www.loopkinglaces.com\\\/fr\\\/\",\"logo\":{\"@type\":\"ImageObject\",\"inLanguage\":\"fr-FR\",\"@id\":\"https:\\\/\\\/www.loopkinglaces.com\\\/fr\\\/#\\\/schema\\\/logo\\\/image\\\/\",\"url\":\"https:\\\/\\\/www.loopkinglaces.com\\\/wp-content\\\/uploads\\\/LOOP-KING-LACES.1.1-01-LOGO-HI-RES-OFFICIAL-1.png\",\"contentUrl\":\"https:\\\/\\\/www.loopkinglaces.com\\\/wp-content\\\/uploads\\\/LOOP-KING-LACES.1.1-01-LOGO-HI-RES-OFFICIAL-1.png\",\"width\":128,\"height\":91,\"caption\":\"Loop King Laces\"},\"image\":{\"@id\":\"https:\\\/\\\/www.loopkinglaces.com\\\/fr\\\/#\\\/schema\\\/logo\\\/image\\\/\"},\"sameAs\":[\"https:\\\/\\\/www.facebook.com\\\/LoopKingLaces\\\/\",\"https:\\\/\\\/x.com\\\/loopkinglaces\",\"https:\\\/\\\/www.instagram.com\\\/loopkinglaces\\\/\"]}]}<\/script>\n<!-- \/ Yoast SEO plugin. -->","yoast_head_json":{"title":"Politique de retour et d'annulation - Loop King Laces","robots":{"index":"index","follow":"follow","max-snippet":"max-snippet:-1","max-image-preview":"max-image-preview:large","max-video-preview":"max-video-preview:-1"},"canonical":"https:\/\/www.loopkinglaces.com\/fr\/retours-et-remboursements\/","og_locale":"fr_FR","og_type":"article","og_title":"Politique de retour et d'annulation - Loop King Laces","og_description":"Politique de retour et d&#8217;annulation Nous voulons te donner la meilleure exp\u00e9rience possible, c&#8217;est pourquoi nous offrons une politique de retour de 30 jours te permettant de nous renvoyer ta commande si tu changes d&#8217;avis apr\u00e8s l&#8217;avoir re\u00e7ue. Tu peux \u00e9changer ou te faire rembourser dans les 30 jours sous r\u00e9serve des conditions ci-dessous. Annulation... Read More","og_url":"https:\/\/www.loopkinglaces.com\/fr\/retours-et-remboursements\/","og_site_name":"Luxury Gold Tip Shoelaces by Loop King Laces","article_publisher":"https:\/\/www.facebook.com\/LoopKingLaces\/","article_modified_time":"2024-11-18T18:19:48+00:00","twitter_card":"summary_large_image","twitter_site":"@loopkinglaces","twitter_misc":{"Dur\u00e9e de lecture estim\u00e9e":"2 minutes"},"schema":{"@context":"https:\/\/schema.org","@graph":[{"@type":"WebPage","@id":"https:\/\/www.loopkinglaces.com\/fr\/retours-et-remboursements\/","url":"https:\/\/www.loopkinglaces.com\/fr\/retours-et-remboursements\/","name":"Politique de retour et d'annulation - Loop King Laces","isPartOf":{"@id":"https:\/\/www.loopkinglaces.com\/fr\/#website"},"datePublished":"2017-12-07T14:36:21+00:00","dateModified":"2024-11-18T18:19:48+00:00","breadcrumb":{"@id":"https:\/\/www.loopkinglaces.com\/fr\/retours-et-remboursements\/#breadcrumb"},"inLanguage":"fr-FR","potentialAction":[{"@type":"ReadAction","target":["https:\/\/www.loopkinglaces.com\/fr\/retours-et-remboursements\/"]}]},{"@type":"BreadcrumbList","@id":"https:\/\/www.loopkinglaces.com\/fr\/retours-et-remboursements\/#breadcrumb","itemListElement":[{"@type":"ListItem","position":1,"name":"Home","item":"https:\/\/www.loopkinglaces.com\/fr\/"},{"@type":"ListItem","position":2,"name":"RETOURS ET REMBOURSEMENTS"}]},{"@type":"WebSite","@id":"https:\/\/www.loopkinglaces.com\/fr\/#website","url":"https:\/\/www.loopkinglaces.com\/fr\/","name":"Luxury Gold Tip Shoelaces by Loop King Laces","description":"Rope Laces, Flat Waxed Laces and Leather Laces. All With Gold Tips.","publisher":{"@id":"https:\/\/www.loopkinglaces.com\/fr\/#organization"},"potentialAction":[{"@type":"SearchAction","target":{"@type":"EntryPoint","urlTemplate":"https:\/\/www.loopkinglaces.com\/fr\/?s={search_term_string}"},"query-input":{"@type":"PropertyValueSpecification","valueRequired":true,"valueName":"search_term_string"}}],"inLanguage":"fr-FR"},{"@type":"Organization","@id":"https:\/\/www.loopkinglaces.com\/fr\/#organization","name":"Loop King Laces","url":"https:\/\/www.loopkinglaces.com\/fr\/","logo":{"@type":"ImageObject","inLanguage":"fr-FR","@id":"https:\/\/www.loopkinglaces.com\/fr\/#\/schema\/logo\/image\/","url":"https:\/\/www.loopkinglaces.com\/wp-content\/uploads\/LOOP-KING-LACES.1.1-01-LOGO-HI-RES-OFFICIAL-1.png","contentUrl":"https:\/\/www.loopkinglaces.com\/wp-content\/uploads\/LOOP-KING-LACES.1.1-01-LOGO-HI-RES-OFFICIAL-1.png","width":128,"height":91,"caption":"Loop King Laces"},"image":{"@id":"https:\/\/www.loopkinglaces.com\/fr\/#\/schema\/logo\/image\/"},"sameAs":["https:\/\/www.facebook.com\/LoopKingLaces\/","https:\/\/x.com\/loopkinglaces","https:\/\/www.instagram.com\/loopkinglaces\/"]}]}},"_links":{"self":[{"href":"https:\/\/www.loopkinglaces.com\/fr\/wp-json\/wp\/v2\/pages\/75691","targetHints":{"allow":["GET"]}}],"collection":[{"href":"https:\/\/www.loopkinglaces.com\/fr\/wp-json\/wp\/v2\/pages"}],"about":[{"href":"https:\/\/www.loopkinglaces.com\/fr\/wp-json\/wp\/v2\/types\/page"}],"author":[{"embeddable":true,"href":"https:\/\/www.loopkinglaces.com\/fr\/wp-json\/wp\/v2\/users\/1"}],"replies":[{"embeddable":true,"href":"https:\/\/www.loopkinglaces.com\/fr\/wp-json\/wp\/v2\/comments?post=75691"}],"version-history":[{"count":0,"href":"https:\/\/www.loopkinglaces.com\/fr\/wp-json\/wp\/v2\/pages\/75691\/revisions"}],"wp:attachment":[{"href":"https:\/\/www.loopkinglaces.com\/fr\/wp-json\/wp\/v2\/media?parent=75691"}],"curies":[{"name":"wp","href":"https:\/\/api.w.org\/{rel}","templated":true}]}}