{"id":75686,"date":"2014-12-04T15:40:59","date_gmt":"2014-12-04T15:40:59","guid":{"rendered":"https:\/\/www.loopkinglaces.com\/tableau-de-longueur-des-lacets-guide-des-tailles\/"},"modified":"2025-05-03T18:49:43","modified_gmt":"2025-05-03T18:49:43","slug":"tableau-de-longueur-des-lacets-guide-des-tailles","status":"publish","type":"page","link":"https:\/\/www.loopkinglaces.com\/fr\/tableau-de-longueur-des-lacets-guide-des-tailles\/","title":{"rendered":"Tableau de longueur des lacets &#8211; Guide des tailles"},"content":{"rendered":"<div class=\"row\"  id=\"row-1933908029\">\n\n\t<div id=\"col-328023444\" class=\"col medium-3 small-6 large-3\"  >\n\t\t\t\t<div class=\"col-inner\"  >\n\t\t\t\n\t\t\t\n\t<div class=\"box has-hover   has-hover box-text-bottom\" >\n\n\t\t<div class=\"box-image\" >\n\t\t\t<a href=\"https:\/\/www.loopkinglaces.com\/fr\/products\/category\/lacets-off-white-qualite-superieure-pour-tes-chaussures\/\" >\t\t\t<div class=\"\" >\n\t\t\t\t<img decoding=\"async\" width=\"550\" height=\"550\" src=\"https:\/\/www.loopkinglaces.com\/wp-content\/uploads\/Offwhite-FR-1.jpg\" class=\"attachment- size-\" alt=\"\" srcset=\"https:\/\/www.loopkinglaces.com\/wp-content\/uploads\/Offwhite-FR-1.jpg 550w, https:\/\/www.loopkinglaces.com\/wp-content\/uploads\/Offwhite-FR-1-400x400.jpg 400w, https:\/\/www.loopkinglaces.com\/wp-content\/uploads\/Offwhite-FR-1-280x280.jpg 280w, https:\/\/www.loopkinglaces.com\/wp-content\/uploads\/Offwhite-FR-1-510x510.jpg 510w, https:\/\/www.loopkinglaces.com\/wp-content\/uploads\/Offwhite-FR-1-100x100.jpg 100w, https:\/\/www.loopkinglaces.com\/wp-content\/uploads\/Offwhite-FR-1-170x170.jpg 170w\" sizes=\"(max-width: 550px) 100vw, 550px\" \/>\t\t\t\t\t\t\t\t\t\t\t<\/div>\n\t\t\t<\/a>\t\t<\/div>\n\n\t\t<div class=\"box-text text-center\" >\n\t\t\t<div class=\"box-text-inner\">\n\t\t\t\t\n<h4>LES &#8220;LACETS&#8221; BLANC CASS\u00c9<\/h4>\n\t\t\t<\/div>\n\t\t<\/div>\n\t<\/div>\n\t\n\t\t<\/div>\n\t\t\t\t\t<\/div>\n\n\t\n\n\t<div id=\"col-282737124\" class=\"col medium-3 small-6 large-3\"  >\n\t\t\t\t<div class=\"col-inner\"  >\n\t\t\t\n\t\t\t\n\t<div class=\"box has-hover   has-hover box-text-bottom\" >\n\n\t\t<div class=\"box-image\" >\n\t\t\t<a href=\"https:\/\/www.loopkinglaces.com\/fr\/products\/category\/lacets-en-cuir-de-luxe\/\" >\t\t\t<div class=\"\" >\n\t\t\t\t<img decoding=\"async\" width=\"550\" height=\"550\" src=\"https:\/\/www.loopkinglaces.com\/wp-content\/uploads\/Leather-FR.jpg\" class=\"attachment- size-\" alt=\"\" srcset=\"https:\/\/www.loopkinglaces.com\/wp-content\/uploads\/Leather-FR.jpg 550w, https:\/\/www.loopkinglaces.com\/wp-content\/uploads\/Leather-FR-400x400.jpg 400w, https:\/\/www.loopkinglaces.com\/wp-content\/uploads\/Leather-FR-280x280.jpg 280w, https:\/\/www.loopkinglaces.com\/wp-content\/uploads\/Leather-FR-510x510.jpg 510w, https:\/\/www.loopkinglaces.com\/wp-content\/uploads\/Leather-FR-100x100.jpg 100w, https:\/\/www.loopkinglaces.com\/wp-content\/uploads\/Leather-FR-170x170.jpg 170w\" sizes=\"(max-width: 550px) 100vw, 550px\" \/>\t\t\t\t\t\t\t\t\t\t\t<\/div>\n\t\t\t<\/a>\t\t<\/div>\n\n\t\t<div class=\"box-text text-center\" >\n\t\t\t<div class=\"box-text-inner\">\n\t\t\t\t\n<h4>PARCOURIR TOUS LES LACETS EN CUIR<\/h4>\n\t\t\t<\/div>\n\t\t<\/div>\n\t<\/div>\n\t\n\t\t<\/div>\n\t\t\t\t\t<\/div>\n\n\t\n\n\t<div id=\"col-874706577\" class=\"col medium-3 small-6 large-3\"  >\n\t\t\t\t<div class=\"col-inner\"  >\n\t\t\t\n\t\t\t\n\t<div class=\"box has-hover   has-hover box-text-bottom\" >\n\n\t\t<div class=\"box-image\" >\n\t\t\t<a href=\"https:\/\/www.loopkinglaces.com\/fr\/products\/category\/lacets-en-corde-de-qualite-superieure-qualite-exceptionnelle-et-superieure\/\" >\t\t\t<div class=\"\" >\n\t\t\t\t<img decoding=\"async\" width=\"550\" height=\"550\" src=\"https:\/\/www.loopkinglaces.com\/wp-content\/uploads\/Rope-FR.jpg\" class=\"attachment- size-\" alt=\"\" srcset=\"https:\/\/www.loopkinglaces.com\/wp-content\/uploads\/Rope-FR.jpg 550w, https:\/\/www.loopkinglaces.com\/wp-content\/uploads\/Rope-FR-400x400.jpg 400w, https:\/\/www.loopkinglaces.com\/wp-content\/uploads\/Rope-FR-280x280.jpg 280w, https:\/\/www.loopkinglaces.com\/wp-content\/uploads\/Rope-FR-510x510.jpg 510w, https:\/\/www.loopkinglaces.com\/wp-content\/uploads\/Rope-FR-100x100.jpg 100w, https:\/\/www.loopkinglaces.com\/wp-content\/uploads\/Rope-FR-170x170.jpg 170w\" sizes=\"(max-width: 550px) 100vw, 550px\" \/>\t\t\t\t\t\t\t\t\t\t\t<\/div>\n\t\t\t<\/a>\t\t<\/div>\n\n\t\t<div class=\"box-text text-center\" >\n\t\t\t<div class=\"box-text-inner\">\n\t\t\t\t\n<h4>PARCOURIR TOUS LES LACETS DE CORDE<\/h4>\n\t\t\t<\/div>\n\t\t<\/div>\n\t<\/div>\n\t\n\t\t<\/div>\n\t\t\t\t\t<\/div>\n\n\t\n\n\t<div id=\"col-366482447\" class=\"col medium-3 small-6 large-3\"  >\n\t\t\t\t<div class=\"col-inner\"  >\n\t\t\t\n\t\t\t\n\t<div class=\"box has-hover   has-hover box-text-bottom\" >\n\n\t\t<div class=\"box-image\" >\n\t\t\t<a href=\"https:\/\/www.loopkinglaces.com\/fr\/products\/category\/collection-de-lacets-cires-de-luxe\/\" >\t\t\t<div class=\"\" >\n\t\t\t\t<img decoding=\"async\" width=\"550\" height=\"550\" src=\"https:\/\/www.loopkinglaces.com\/wp-content\/uploads\/Flat-Waxed-FR.jpg\" class=\"attachment- size-\" alt=\"\" srcset=\"https:\/\/www.loopkinglaces.com\/wp-content\/uploads\/Flat-Waxed-FR.jpg 550w, https:\/\/www.loopkinglaces.com\/wp-content\/uploads\/Flat-Waxed-FR-400x400.jpg 400w, https:\/\/www.loopkinglaces.com\/wp-content\/uploads\/Flat-Waxed-FR-280x280.jpg 280w, https:\/\/www.loopkinglaces.com\/wp-content\/uploads\/Flat-Waxed-FR-510x510.jpg 510w, https:\/\/www.loopkinglaces.com\/wp-content\/uploads\/Flat-Waxed-FR-100x100.jpg 100w, https:\/\/www.loopkinglaces.com\/wp-content\/uploads\/Flat-Waxed-FR-170x170.jpg 170w\" sizes=\"(max-width: 550px) 100vw, 550px\" \/>\t\t\t\t\t\t\t\t\t\t\t<\/div>\n\t\t\t<\/a>\t\t<\/div>\n\n\t\t<div class=\"box-text text-center\" >\n\t\t\t<div class=\"box-text-inner\">\n\t\t\t\t\n<h4>PARCOURIR TOUS LES LACETS PLATS CIR\u00c9S<\/h4>\n\t\t\t<\/div>\n\t\t<\/div>\n\t<\/div>\n\t\n\t\t<\/div>\n\t\t\t\t\t<\/div>\n\n\t\n<\/div>\n","protected":false},"excerpt":{"rendered":"","protected":false},"author":1,"featured_media":0,"parent":0,"menu_order":0,"comment_status":"open","ping_status":"closed","template":"page-blank.php","meta":{"_acf_changed":false,"footnotes":""},"class_list":["post-75686","page","type-page","status-publish","hentry"],"acf":[],"yoast_head":"<!-- This site is optimized with the Yoast SEO plugin v27.4 - https:\/\/yoast.com\/product\/yoast-seo-wordpress\/ -->\n<title>Tableau des longueurs de lacets : Guide des tailles pour les diff\u00e9rents lacets<\/title>\n<meta name=\"description\" content=\"En utilisant notre tableau des longueurs de lacets, tu peux t&#039;assurer que tu ach\u00e8teras la bonne taille de lacets pour tes chaussures. Consulte notre guide pour \u00e9viter les erreurs d&#039;achat.\" \/>\n<meta name=\"robots\" content=\"index, follow, max-snippet:-1, max-image-preview:large, max-video-preview:-1\" \/>\n<link rel=\"canonical\" href=\"https:\/\/www.loopkinglaces.com\/fr\/tableau-de-longueur-des-lacets-guide-des-tailles\/\" \/>\n<meta property=\"og:locale\" content=\"fr_FR\" \/>\n<meta property=\"og:type\" content=\"article\" \/>\n<meta property=\"og:title\" content=\"Tableau des longueurs de lacets : Guide des tailles pour les diff\u00e9rents lacets\" \/>\n<meta property=\"og:description\" content=\"En utilisant notre tableau des longueurs de lacets, tu peux t&#039;assurer que tu ach\u00e8teras la bonne taille de lacets pour tes chaussures. Consulte notre guide pour \u00e9viter les erreurs d&#039;achat.\" \/>\n<meta property=\"og:url\" content=\"https:\/\/www.loopkinglaces.com\/fr\/tableau-de-longueur-des-lacets-guide-des-tailles\/\" \/>\n<meta property=\"og:site_name\" content=\"Luxury Gold Tip Shoelaces by Loop King Laces\" \/>\n<meta property=\"article:publisher\" content=\"https:\/\/www.facebook.com\/LoopKingLaces\/\" \/>\n<meta property=\"article:modified_time\" content=\"2025-05-03T18:49:43+00:00\" \/>\n<meta name=\"twitter:card\" content=\"summary_large_image\" \/>\n<meta name=\"twitter:site\" content=\"@loopkinglaces\" \/>\n<meta name=\"twitter:label1\" content=\"Dur\u00e9e de lecture estim\u00e9e\" \/>\n\t<meta name=\"twitter:data1\" content=\"1 minute\" \/>\n<script type=\"application\/ld+json\" class=\"yoast-schema-graph\">{\"@context\":\"https:\\\/\\\/schema.org\",\"@graph\":[{\"@type\":\"WebPage\",\"@id\":\"https:\\\/\\\/www.loopkinglaces.com\\\/fr\\\/tableau-de-longueur-des-lacets-guide-des-tailles\\\/\",\"url\":\"https:\\\/\\\/www.loopkinglaces.com\\\/fr\\\/tableau-de-longueur-des-lacets-guide-des-tailles\\\/\",\"name\":\"Tableau des longueurs de lacets : Guide des tailles pour les diff\u00e9rents lacets\",\"isPartOf\":{\"@id\":\"https:\\\/\\\/www.loopkinglaces.com\\\/fr\\\/#website\"},\"datePublished\":\"2014-12-04T15:40:59+00:00\",\"dateModified\":\"2025-05-03T18:49:43+00:00\",\"description\":\"En utilisant notre tableau des longueurs de lacets, tu peux t'assurer que tu ach\u00e8teras la bonne taille de lacets pour tes chaussures. Consulte notre guide pour \u00e9viter les erreurs d'achat.\",\"breadcrumb\":{\"@id\":\"https:\\\/\\\/www.loopkinglaces.com\\\/fr\\\/tableau-de-longueur-des-lacets-guide-des-tailles\\\/#breadcrumb\"},\"inLanguage\":\"fr-FR\",\"potentialAction\":[{\"@type\":\"ReadAction\",\"target\":[\"https:\\\/\\\/www.loopkinglaces.com\\\/fr\\\/tableau-de-longueur-des-lacets-guide-des-tailles\\\/\"]}]},{\"@type\":\"BreadcrumbList\",\"@id\":\"https:\\\/\\\/www.loopkinglaces.com\\\/fr\\\/tableau-de-longueur-des-lacets-guide-des-tailles\\\/#breadcrumb\",\"itemListElement\":[{\"@type\":\"ListItem\",\"position\":1,\"name\":\"Home\",\"item\":\"https:\\\/\\\/www.loopkinglaces.com\\\/fr\\\/\"},{\"@type\":\"ListItem\",\"position\":2,\"name\":\"Tableau de longueur des lacets &#8211; Guide des tailles\"}]},{\"@type\":\"WebSite\",\"@id\":\"https:\\\/\\\/www.loopkinglaces.com\\\/fr\\\/#website\",\"url\":\"https:\\\/\\\/www.loopkinglaces.com\\\/fr\\\/\",\"name\":\"Luxury Gold Tip Shoelaces by Loop King Laces\",\"description\":\"Rope Laces, Flat Waxed Laces and Leather Laces. All With Gold Tips.\",\"publisher\":{\"@id\":\"https:\\\/\\\/www.loopkinglaces.com\\\/fr\\\/#organization\"},\"potentialAction\":[{\"@type\":\"SearchAction\",\"target\":{\"@type\":\"EntryPoint\",\"urlTemplate\":\"https:\\\/\\\/www.loopkinglaces.com\\\/fr\\\/?s={search_term_string}\"},\"query-input\":{\"@type\":\"PropertyValueSpecification\",\"valueRequired\":true,\"valueName\":\"search_term_string\"}}],\"inLanguage\":\"fr-FR\"},{\"@type\":\"Organization\",\"@id\":\"https:\\\/\\\/www.loopkinglaces.com\\\/fr\\\/#organization\",\"name\":\"Loop King Laces\",\"url\":\"https:\\\/\\\/www.loopkinglaces.com\\\/fr\\\/\",\"logo\":{\"@type\":\"ImageObject\",\"inLanguage\":\"fr-FR\",\"@id\":\"https:\\\/\\\/www.loopkinglaces.com\\\/fr\\\/#\\\/schema\\\/logo\\\/image\\\/\",\"url\":\"https:\\\/\\\/www.loopkinglaces.com\\\/wp-content\\\/uploads\\\/LOOP-KING-LACES.1.1-01-LOGO-HI-RES-OFFICIAL-1.png\",\"contentUrl\":\"https:\\\/\\\/www.loopkinglaces.com\\\/wp-content\\\/uploads\\\/LOOP-KING-LACES.1.1-01-LOGO-HI-RES-OFFICIAL-1.png\",\"width\":128,\"height\":91,\"caption\":\"Loop King Laces\"},\"image\":{\"@id\":\"https:\\\/\\\/www.loopkinglaces.com\\\/fr\\\/#\\\/schema\\\/logo\\\/image\\\/\"},\"sameAs\":[\"https:\\\/\\\/www.facebook.com\\\/LoopKingLaces\\\/\",\"https:\\\/\\\/x.com\\\/loopkinglaces\",\"https:\\\/\\\/www.instagram.com\\\/loopkinglaces\\\/\"]}]}<\/script>\n<!-- \/ Yoast SEO plugin. -->","yoast_head_json":{"title":"Tableau des longueurs de lacets : Guide des tailles pour les diff\u00e9rents lacets","description":"En utilisant notre tableau des longueurs de lacets, tu peux t'assurer que tu ach\u00e8teras la bonne taille de lacets pour tes chaussures. Consulte notre guide pour \u00e9viter les erreurs d'achat.","robots":{"index":"index","follow":"follow","max-snippet":"max-snippet:-1","max-image-preview":"max-image-preview:large","max-video-preview":"max-video-preview:-1"},"canonical":"https:\/\/www.loopkinglaces.com\/fr\/tableau-de-longueur-des-lacets-guide-des-tailles\/","og_locale":"fr_FR","og_type":"article","og_title":"Tableau des longueurs de lacets : Guide des tailles pour les diff\u00e9rents lacets","og_description":"En utilisant notre tableau des longueurs de lacets, tu peux t'assurer que tu ach\u00e8teras la bonne taille de lacets pour tes chaussures. Consulte notre guide pour \u00e9viter les erreurs d'achat.","og_url":"https:\/\/www.loopkinglaces.com\/fr\/tableau-de-longueur-des-lacets-guide-des-tailles\/","og_site_name":"Luxury Gold Tip Shoelaces by Loop King Laces","article_publisher":"https:\/\/www.facebook.com\/LoopKingLaces\/","article_modified_time":"2025-05-03T18:49:43+00:00","twitter_card":"summary_large_image","twitter_site":"@loopkinglaces","twitter_misc":{"Dur\u00e9e de lecture estim\u00e9e":"1 minute"},"schema":{"@context":"https:\/\/schema.org","@graph":[{"@type":"WebPage","@id":"https:\/\/www.loopkinglaces.com\/fr\/tableau-de-longueur-des-lacets-guide-des-tailles\/","url":"https:\/\/www.loopkinglaces.com\/fr\/tableau-de-longueur-des-lacets-guide-des-tailles\/","name":"Tableau des longueurs de lacets : Guide des tailles pour les diff\u00e9rents lacets","isPartOf":{"@id":"https:\/\/www.loopkinglaces.com\/fr\/#website"},"datePublished":"2014-12-04T15:40:59+00:00","dateModified":"2025-05-03T18:49:43+00:00","description":"En utilisant notre tableau des longueurs de lacets, tu peux t'assurer que tu ach\u00e8teras la bonne taille de lacets pour tes chaussures. Consulte notre guide pour \u00e9viter les erreurs d'achat.","breadcrumb":{"@id":"https:\/\/www.loopkinglaces.com\/fr\/tableau-de-longueur-des-lacets-guide-des-tailles\/#breadcrumb"},"inLanguage":"fr-FR","potentialAction":[{"@type":"ReadAction","target":["https:\/\/www.loopkinglaces.com\/fr\/tableau-de-longueur-des-lacets-guide-des-tailles\/"]}]},{"@type":"BreadcrumbList","@id":"https:\/\/www.loopkinglaces.com\/fr\/tableau-de-longueur-des-lacets-guide-des-tailles\/#breadcrumb","itemListElement":[{"@type":"ListItem","position":1,"name":"Home","item":"https:\/\/www.loopkinglaces.com\/fr\/"},{"@type":"ListItem","position":2,"name":"Tableau de longueur des lacets &#8211; Guide des tailles"}]},{"@type":"WebSite","@id":"https:\/\/www.loopkinglaces.com\/fr\/#website","url":"https:\/\/www.loopkinglaces.com\/fr\/","name":"Luxury Gold Tip Shoelaces by Loop King Laces","description":"Rope Laces, Flat Waxed Laces and Leather Laces. All With Gold Tips.","publisher":{"@id":"https:\/\/www.loopkinglaces.com\/fr\/#organization"},"potentialAction":[{"@type":"SearchAction","target":{"@type":"EntryPoint","urlTemplate":"https:\/\/www.loopkinglaces.com\/fr\/?s={search_term_string}"},"query-input":{"@type":"PropertyValueSpecification","valueRequired":true,"valueName":"search_term_string"}}],"inLanguage":"fr-FR"},{"@type":"Organization","@id":"https:\/\/www.loopkinglaces.com\/fr\/#organization","name":"Loop King Laces","url":"https:\/\/www.loopkinglaces.com\/fr\/","logo":{"@type":"ImageObject","inLanguage":"fr-FR","@id":"https:\/\/www.loopkinglaces.com\/fr\/#\/schema\/logo\/image\/","url":"https:\/\/www.loopkinglaces.com\/wp-content\/uploads\/LOOP-KING-LACES.1.1-01-LOGO-HI-RES-OFFICIAL-1.png","contentUrl":"https:\/\/www.loopkinglaces.com\/wp-content\/uploads\/LOOP-KING-LACES.1.1-01-LOGO-HI-RES-OFFICIAL-1.png","width":128,"height":91,"caption":"Loop King Laces"},"image":{"@id":"https:\/\/www.loopkinglaces.com\/fr\/#\/schema\/logo\/image\/"},"sameAs":["https:\/\/www.facebook.com\/LoopKingLaces\/","https:\/\/x.com\/loopkinglaces","https:\/\/www.instagram.com\/loopkinglaces\/"]}]}},"_links":{"self":[{"href":"https:\/\/www.loopkinglaces.com\/fr\/wp-json\/wp\/v2\/pages\/75686","targetHints":{"allow":["GET"]}}],"collection":[{"href":"https:\/\/www.loopkinglaces.com\/fr\/wp-json\/wp\/v2\/pages"}],"about":[{"href":"https:\/\/www.loopkinglaces.com\/fr\/wp-json\/wp\/v2\/types\/page"}],"author":[{"embeddable":true,"href":"https:\/\/www.loopkinglaces.com\/fr\/wp-json\/wp\/v2\/users\/1"}],"replies":[{"embeddable":true,"href":"https:\/\/www.loopkinglaces.com\/fr\/wp-json\/wp\/v2\/comments?post=75686"}],"version-history":[{"count":0,"href":"https:\/\/www.loopkinglaces.com\/fr\/wp-json\/wp\/v2\/pages\/75686\/revisions"}],"wp:attachment":[{"href":"https:\/\/www.loopkinglaces.com\/fr\/wp-json\/wp\/v2\/media?parent=75686"}],"curies":[{"name":"wp","href":"https:\/\/api.w.org\/{rel}","templated":true}]}}