{"id":75012,"date":"2018-06-22T23:14:00","date_gmt":"2018-06-22T23:14:00","guid":{"rendered":"https:\/\/www.loopkinglaces.com\/products\/cordones-de-zapato-azul-negro-con-puntas-doradas\/"},"modified":"2025-12-02T15:11:39","modified_gmt":"2025-12-02T15:11:39","slug":"cordones-de-zapato-azul-negro-con-puntas-doradas","status":"publish","type":"product","link":"https:\/\/www.loopkinglaces.com\/es\/products\/cordones-de-zapato-azul-negro-con-puntas-doradas\/","title":{"rendered":"Cordones de Zapato Azul Negro con Puntas Doradas"},"content":{"rendered":"<h3><a href=\"https:\/\/www.loopkinglaces.com\/\">Cordones de lujo para zapatillas<\/a><\/h3>\n<p>  Loop King Laces s\u00f3lo proporciona Cordones de Zapato de Lujo de la m\u00e1s alta calidad.<br \/>\nNuestros cordones de cuerda est\u00e1n fabricados con puntas met\u00e1licas en relieve en las que aparece LOOP KING y nuestra corona simb\u00f3lica.<br \/>\nCada cord\u00f3n de cuerda est\u00e1 fabricado con algod\u00f3n de primera calidad para evitar que el cord\u00f3n se deshilache inesperadamente y para aumentar la vida \u00fatil del cord\u00f3n a m\u00e1s del triple de un cord\u00f3n de zapato normal de calidad.<br \/>\nNuestros cordones se adaptan a todo tipo de zapatillas y marcas, como Adidas, Nike, VANS, etc. Visita nuestra <a href=\"\/shoelace-size-chart\/\">Gu\u00eda de tallas<\/a> donde podr\u00e1s encontrar la talla perfecta de cordones para tus zapatillas.     &nbsp;<\/p>\n","protected":false},"excerpt":{"rendered":"<p>Cordones De Zapato De Cuerda Azul Negro <strong>Con<\/strong> Puntas Doradas Loop King Laces &#8211; Nuestros Cordones De Zapato De Lujo De Cuerda Azul Negro vienen con Puntas Doradas en relieve.<br \/>\nTodos nuestros Cordones de Zapato de Lujo est\u00e1n fabricados con materiales de primera calidad y puntas met\u00e1licas de la mejor calidad.<br \/>\nNuestros Cordones de Cuerda est\u00e1n hechos para durar 3 veces m\u00e1s que los cordones normales de calidad.   Consulta nuestras caracter\u00edsticas completas a continuaci\u00f3n:  <\/p>\n<ul>\n<li>4 mm de ancho (redonda)<\/li>\n<li>Materiales de primera calidad<\/li>\n<li>Duran <strong>3 veces m\u00e1s<\/strong> que los cordones normales<\/li>\n<li>Agleta dorada Loop King<\/li>\n<li>Embalaje Beautiful Loop King por Encaje<\/li>\n<\/ul>\n","protected":false},"featured_media":75037,"comment_status":"open","ping_status":"closed","template":"","meta":{"_acf_changed":false},"product_brand":[],"product_cat":[1690,1322,1005,885,1164,1570,1361,1689,1192,1574,1176,1153,1582,1209,1389,1202,1578,877,1569],"product_tag":[1700,894,897,899,896,895,1812,893],"woo-feed-brand":[],"class_list":{"0":"post-75012","1":"product","2":"type-product","3":"status-publish","4":"has-post-thumbnail","6":"product_cat-aumenta-tu-estilo-con-cordones-bicolores","7":"product_cat-cordones-azules-premium-ver-los-mas-vendidos","8":"product_cat-cordones-brooks-un-toque-sutil-para-elevar-tu-juego-de-pies","9":"product_cat-cordones-de-54-todos-los-cordones-de-fantasia-y-de-primera-calidad","10":"product_cat-cordones-de-diseno-dsw-lujosos-y-de-alta-calidad","11":"product_cat-cordones-de-zapatos-azul-marino","12":"product_cat-cordones-elite-dallas-cowboys-para-apoyar-a-tu-equipo-favorito-con-estilo","13":"product_cat-cordones-estampados-porque-los-zapatos-tambien-merecen-personalidad","14":"product_cat-cordones-largos-por-que-importa-la-longitud","15":"product_cat-cordones-lebron-11","16":"product_cat-cordones-para-zapatillas-de-monopatin-rad-que-parecen-volar-y-se-ajustan-genial","17":"product_cat-cordones-punta-de-oro","18":"product_cat-cordones-trenzados-con-muchas-opciones-de-colores-para-elegir","19":"product_cat-dale-a-tus-botas-una-segunda-oportunidad-con-los-cordones-de-80-pulgadas","20":"product_cat-estilos-de-cordones-yeezy-fenomenales-para-elegir","21":"product_cat-mejora-tu-calzado-con-los-cordones-para-botas-de-54-pulgadas","22":"product_cat-sala-de-trofeos-de-alto-nivel-jordan-1-cordones-azules-para-lucir-un-aspecto-impresionante","23":"product_cat-todos-los-cordones","24":"product_cat-todos-los-cordones-fantasticos-para-las-zapatillas-lebron","25":"product_tag-blanco","26":"product_tag-cordones","27":"product_tag-cordones-de-cuerda","28":"product_tag-cordones-punta-de-oro","29":"product_tag-negro","30":"product_tag-punta-metalica","31":"product_tag-raya","32":"product_tag-rey-del-bucle","34":"first","35":"instock","36":"taxable","37":"shipping-taxable","38":"purchasable","39":"product-type-variable"},"acf":[],"yoast_head":"<!-- This site is optimized with the Yoast SEO plugin v27.3 - https:\/\/yoast.com\/product\/yoast-seo-wordpress\/ -->\n<title>Cordones de zapatos azules negros con puntas doradas - De Loop King<\/title>\n<meta name=\"description\" content=\"Nuestros Cordones de Zapato de Cuerda Azul Negro con Puntas Doradas son los Cordones de Cuerda de Lujo de Mayor Calidad del Mercado. Cada Cord\u00f3n viene con una Punta Dorada en Relieve.\" \/>\n<meta name=\"robots\" content=\"index, follow, max-snippet:-1, max-image-preview:large, max-video-preview:-1\" \/>\n<link rel=\"canonical\" href=\"https:\/\/www.loopkinglaces.com\/es\/products\/cordones-de-zapato-azul-negro-con-puntas-doradas\/\" \/>\n<meta property=\"og:locale\" content=\"es_ES\" \/>\n<meta property=\"og:type\" content=\"article\" \/>\n<meta property=\"og:title\" content=\"Cordones de zapatos azules negros con puntas doradas - De Loop King\" \/>\n<meta property=\"og:description\" content=\"Nuestros Cordones de Zapato de Cuerda Azul Negro con Puntas Doradas son los Cordones de Cuerda de Lujo de Mayor Calidad del Mercado. Cada Cord\u00f3n viene con una Punta Dorada en Relieve.\" \/>\n<meta property=\"og:url\" content=\"https:\/\/www.loopkinglaces.com\/es\/products\/cordones-de-zapato-azul-negro-con-puntas-doradas\/\" \/>\n<meta property=\"og:site_name\" content=\"Luxury Gold Tip Shoelaces by Loop King Laces\" \/>\n<meta property=\"article:publisher\" content=\"https:\/\/www.facebook.com\/LoopKingLaces\/\" \/>\n<meta property=\"article:modified_time\" content=\"2025-12-02T15:11:39+00:00\" \/>\n<meta property=\"og:image\" content=\"https:\/\/www.loopkinglaces.com\/wp-content\/uploads\/blue-black-rope-round-shoelaces.jpg\" \/>\n\t<meta property=\"og:image:width\" content=\"1000\" \/>\n\t<meta property=\"og:image:height\" content=\"1000\" \/>\n\t<meta property=\"og:image:type\" content=\"image\/jpeg\" \/>\n<meta name=\"twitter:card\" content=\"summary_large_image\" \/>\n<meta name=\"twitter:site\" content=\"@loopkinglaces\" \/>\n<meta name=\"twitter:label1\" content=\"Tiempo de lectura\" \/>\n\t<meta name=\"twitter:data1\" content=\"1 minuto\" \/>\n<script type=\"application\/ld+json\" class=\"yoast-schema-graph\">{\"@context\":\"https:\\\/\\\/schema.org\",\"@graph\":[{\"@type\":[\"WebPage\",\"ItemPage\"],\"@id\":\"https:\\\/\\\/www.loopkinglaces.com\\\/es\\\/products\\\/cordones-de-zapato-azul-negro-con-puntas-doradas\\\/\",\"url\":\"https:\\\/\\\/www.loopkinglaces.com\\\/es\\\/products\\\/cordones-de-zapato-azul-negro-con-puntas-doradas\\\/\",\"name\":\"Cordones de zapatos azules negros con puntas doradas - De Loop King\",\"isPartOf\":{\"@id\":\"https:\\\/\\\/www.loopkinglaces.com\\\/es\\\/#website\"},\"primaryImageOfPage\":{\"@id\":\"https:\\\/\\\/www.loopkinglaces.com\\\/es\\\/products\\\/cordones-de-zapato-azul-negro-con-puntas-doradas\\\/#primaryimage\"},\"image\":{\"@id\":\"https:\\\/\\\/www.loopkinglaces.com\\\/es\\\/products\\\/cordones-de-zapato-azul-negro-con-puntas-doradas\\\/#primaryimage\"},\"thumbnailUrl\":\"https:\\\/\\\/www.loopkinglaces.com\\\/wp-content\\\/uploads\\\/blue-black-rope-round-shoelaces.jpg\",\"datePublished\":\"2018-06-22T23:14:00+00:00\",\"dateModified\":\"2025-12-02T15:11:39+00:00\",\"description\":\"Nuestros Cordones de Zapato de Cuerda Azul Negro con Puntas Doradas son los Cordones de Cuerda de Lujo de Mayor Calidad del Mercado. Cada Cord\u00f3n viene con una Punta Dorada en Relieve.\",\"breadcrumb\":{\"@id\":\"https:\\\/\\\/www.loopkinglaces.com\\\/es\\\/products\\\/cordones-de-zapato-azul-negro-con-puntas-doradas\\\/#breadcrumb\"},\"inLanguage\":\"es\",\"potentialAction\":[{\"@type\":\"ReadAction\",\"target\":[\"https:\\\/\\\/www.loopkinglaces.com\\\/es\\\/products\\\/cordones-de-zapato-azul-negro-con-puntas-doradas\\\/\"]}]},{\"@type\":\"ImageObject\",\"inLanguage\":\"es\",\"@id\":\"https:\\\/\\\/www.loopkinglaces.com\\\/es\\\/products\\\/cordones-de-zapato-azul-negro-con-puntas-doradas\\\/#primaryimage\",\"url\":\"https:\\\/\\\/www.loopkinglaces.com\\\/wp-content\\\/uploads\\\/blue-black-rope-round-shoelaces.jpg\",\"contentUrl\":\"https:\\\/\\\/www.loopkinglaces.com\\\/wp-content\\\/uploads\\\/blue-black-rope-round-shoelaces.jpg\",\"width\":1000,\"height\":1000},{\"@type\":\"BreadcrumbList\",\"@id\":\"https:\\\/\\\/www.loopkinglaces.com\\\/es\\\/products\\\/cordones-de-zapato-azul-negro-con-puntas-doradas\\\/#breadcrumb\",\"itemListElement\":[{\"@type\":\"ListItem\",\"position\":1,\"name\":\"Home\",\"item\":\"https:\\\/\\\/www.loopkinglaces.com\\\/es\\\/\"},{\"@type\":\"ListItem\",\"position\":2,\"name\":\"COMPRAR LACAS\",\"item\":\"https:\\\/\\\/www.loopkinglaces.com\\\/es\\\/comprar-lacas\\\/\"},{\"@type\":\"ListItem\",\"position\":3,\"name\":\"Cordones de Zapato Azul Negro con Puntas Doradas\"}]},{\"@type\":\"WebSite\",\"@id\":\"https:\\\/\\\/www.loopkinglaces.com\\\/es\\\/#website\",\"url\":\"https:\\\/\\\/www.loopkinglaces.com\\\/es\\\/\",\"name\":\"Luxury Gold Tip Shoelaces by Loop King Laces\",\"description\":\"Rope Laces, Flat Waxed Laces and Leather Laces. All With Gold Tips.\",\"publisher\":{\"@id\":\"https:\\\/\\\/www.loopkinglaces.com\\\/es\\\/#organization\"},\"potentialAction\":[{\"@type\":\"SearchAction\",\"target\":{\"@type\":\"EntryPoint\",\"urlTemplate\":\"https:\\\/\\\/www.loopkinglaces.com\\\/es\\\/?s={search_term_string}\"},\"query-input\":{\"@type\":\"PropertyValueSpecification\",\"valueRequired\":true,\"valueName\":\"search_term_string\"}}],\"inLanguage\":\"es\"},{\"@type\":\"Organization\",\"@id\":\"https:\\\/\\\/www.loopkinglaces.com\\\/es\\\/#organization\",\"name\":\"Loop King Laces\",\"url\":\"https:\\\/\\\/www.loopkinglaces.com\\\/es\\\/\",\"logo\":{\"@type\":\"ImageObject\",\"inLanguage\":\"es\",\"@id\":\"https:\\\/\\\/www.loopkinglaces.com\\\/es\\\/#\\\/schema\\\/logo\\\/image\\\/\",\"url\":\"https:\\\/\\\/www.loopkinglaces.com\\\/wp-content\\\/uploads\\\/LOOP-KING-LACES.1.1-01-LOGO-HI-RES-OFFICIAL-1.png\",\"contentUrl\":\"https:\\\/\\\/www.loopkinglaces.com\\\/wp-content\\\/uploads\\\/LOOP-KING-LACES.1.1-01-LOGO-HI-RES-OFFICIAL-1.png\",\"width\":128,\"height\":91,\"caption\":\"Loop King Laces\"},\"image\":{\"@id\":\"https:\\\/\\\/www.loopkinglaces.com\\\/es\\\/#\\\/schema\\\/logo\\\/image\\\/\"},\"sameAs\":[\"https:\\\/\\\/www.facebook.com\\\/LoopKingLaces\\\/\",\"https:\\\/\\\/x.com\\\/loopkinglaces\",\"https:\\\/\\\/www.instagram.com\\\/loopkinglaces\\\/\"]}]}<\/script>\n<!-- \/ Yoast SEO plugin. -->","yoast_head_json":{"title":"Cordones de zapatos azules negros con puntas doradas - De Loop King","description":"Nuestros Cordones de Zapato de Cuerda Azul Negro con Puntas Doradas son los Cordones de Cuerda de Lujo de Mayor Calidad del Mercado. Cada Cord\u00f3n viene con una Punta Dorada en Relieve.","robots":{"index":"index","follow":"follow","max-snippet":"max-snippet:-1","max-image-preview":"max-image-preview:large","max-video-preview":"max-video-preview:-1"},"canonical":"https:\/\/www.loopkinglaces.com\/es\/products\/cordones-de-zapato-azul-negro-con-puntas-doradas\/","og_locale":"es_ES","og_type":"article","og_title":"Cordones de zapatos azules negros con puntas doradas - De Loop King","og_description":"Nuestros Cordones de Zapato de Cuerda Azul Negro con Puntas Doradas son los Cordones de Cuerda de Lujo de Mayor Calidad del Mercado. Cada Cord\u00f3n viene con una Punta Dorada en Relieve.","og_url":"https:\/\/www.loopkinglaces.com\/es\/products\/cordones-de-zapato-azul-negro-con-puntas-doradas\/","og_site_name":"Luxury Gold Tip Shoelaces by Loop King Laces","article_publisher":"https:\/\/www.facebook.com\/LoopKingLaces\/","article_modified_time":"2025-12-02T15:11:39+00:00","og_image":[{"width":1000,"height":1000,"url":"https:\/\/www.loopkinglaces.com\/wp-content\/uploads\/blue-black-rope-round-shoelaces.jpg","type":"image\/jpeg"}],"twitter_card":"summary_large_image","twitter_site":"@loopkinglaces","twitter_misc":{"Tiempo de lectura":"1 minuto"},"schema":{"@context":"https:\/\/schema.org","@graph":[{"@type":["WebPage","ItemPage"],"@id":"https:\/\/www.loopkinglaces.com\/es\/products\/cordones-de-zapato-azul-negro-con-puntas-doradas\/","url":"https:\/\/www.loopkinglaces.com\/es\/products\/cordones-de-zapato-azul-negro-con-puntas-doradas\/","name":"Cordones de zapatos azules negros con puntas doradas - De Loop King","isPartOf":{"@id":"https:\/\/www.loopkinglaces.com\/es\/#website"},"primaryImageOfPage":{"@id":"https:\/\/www.loopkinglaces.com\/es\/products\/cordones-de-zapato-azul-negro-con-puntas-doradas\/#primaryimage"},"image":{"@id":"https:\/\/www.loopkinglaces.com\/es\/products\/cordones-de-zapato-azul-negro-con-puntas-doradas\/#primaryimage"},"thumbnailUrl":"https:\/\/www.loopkinglaces.com\/wp-content\/uploads\/blue-black-rope-round-shoelaces.jpg","datePublished":"2018-06-22T23:14:00+00:00","dateModified":"2025-12-02T15:11:39+00:00","description":"Nuestros Cordones de Zapato de Cuerda Azul Negro con Puntas Doradas son los Cordones de Cuerda de Lujo de Mayor Calidad del Mercado. Cada Cord\u00f3n viene con una Punta Dorada en Relieve.","breadcrumb":{"@id":"https:\/\/www.loopkinglaces.com\/es\/products\/cordones-de-zapato-azul-negro-con-puntas-doradas\/#breadcrumb"},"inLanguage":"es","potentialAction":[{"@type":"ReadAction","target":["https:\/\/www.loopkinglaces.com\/es\/products\/cordones-de-zapato-azul-negro-con-puntas-doradas\/"]}]},{"@type":"ImageObject","inLanguage":"es","@id":"https:\/\/www.loopkinglaces.com\/es\/products\/cordones-de-zapato-azul-negro-con-puntas-doradas\/#primaryimage","url":"https:\/\/www.loopkinglaces.com\/wp-content\/uploads\/blue-black-rope-round-shoelaces.jpg","contentUrl":"https:\/\/www.loopkinglaces.com\/wp-content\/uploads\/blue-black-rope-round-shoelaces.jpg","width":1000,"height":1000},{"@type":"BreadcrumbList","@id":"https:\/\/www.loopkinglaces.com\/es\/products\/cordones-de-zapato-azul-negro-con-puntas-doradas\/#breadcrumb","itemListElement":[{"@type":"ListItem","position":1,"name":"Home","item":"https:\/\/www.loopkinglaces.com\/es\/"},{"@type":"ListItem","position":2,"name":"COMPRAR LACAS","item":"https:\/\/www.loopkinglaces.com\/es\/comprar-lacas\/"},{"@type":"ListItem","position":3,"name":"Cordones de Zapato Azul Negro con Puntas Doradas"}]},{"@type":"WebSite","@id":"https:\/\/www.loopkinglaces.com\/es\/#website","url":"https:\/\/www.loopkinglaces.com\/es\/","name":"Luxury Gold Tip Shoelaces by Loop King Laces","description":"Rope Laces, Flat Waxed Laces and Leather Laces. All With Gold Tips.","publisher":{"@id":"https:\/\/www.loopkinglaces.com\/es\/#organization"},"potentialAction":[{"@type":"SearchAction","target":{"@type":"EntryPoint","urlTemplate":"https:\/\/www.loopkinglaces.com\/es\/?s={search_term_string}"},"query-input":{"@type":"PropertyValueSpecification","valueRequired":true,"valueName":"search_term_string"}}],"inLanguage":"es"},{"@type":"Organization","@id":"https:\/\/www.loopkinglaces.com\/es\/#organization","name":"Loop King Laces","url":"https:\/\/www.loopkinglaces.com\/es\/","logo":{"@type":"ImageObject","inLanguage":"es","@id":"https:\/\/www.loopkinglaces.com\/es\/#\/schema\/logo\/image\/","url":"https:\/\/www.loopkinglaces.com\/wp-content\/uploads\/LOOP-KING-LACES.1.1-01-LOGO-HI-RES-OFFICIAL-1.png","contentUrl":"https:\/\/www.loopkinglaces.com\/wp-content\/uploads\/LOOP-KING-LACES.1.1-01-LOGO-HI-RES-OFFICIAL-1.png","width":128,"height":91,"caption":"Loop King Laces"},"image":{"@id":"https:\/\/www.loopkinglaces.com\/es\/#\/schema\/logo\/image\/"},"sameAs":["https:\/\/www.facebook.com\/LoopKingLaces\/","https:\/\/x.com\/loopkinglaces","https:\/\/www.instagram.com\/loopkinglaces\/"]}]}},"_links":{"self":[{"href":"https:\/\/www.loopkinglaces.com\/es\/wp-json\/wp\/v2\/product\/75012","targetHints":{"allow":["GET"]}}],"collection":[{"href":"https:\/\/www.loopkinglaces.com\/es\/wp-json\/wp\/v2\/product"}],"about":[{"href":"https:\/\/www.loopkinglaces.com\/es\/wp-json\/wp\/v2\/types\/product"}],"replies":[{"embeddable":true,"href":"https:\/\/www.loopkinglaces.com\/es\/wp-json\/wp\/v2\/comments?post=75012"}],"wp:featuredmedia":[{"embeddable":true,"href":"https:\/\/www.loopkinglaces.com\/es\/wp-json\/wp\/v2\/media\/75037"}],"wp:attachment":[{"href":"https:\/\/www.loopkinglaces.com\/es\/wp-json\/wp\/v2\/media?parent=75012"}],"wp:term":[{"taxonomy":"product_brand","embeddable":true,"href":"https:\/\/www.loopkinglaces.com\/es\/wp-json\/wp\/v2\/product_brand?post=75012"},{"taxonomy":"product_cat","embeddable":true,"href":"https:\/\/www.loopkinglaces.com\/es\/wp-json\/wp\/v2\/product_cat?post=75012"},{"taxonomy":"product_tag","embeddable":true,"href":"https:\/\/www.loopkinglaces.com\/es\/wp-json\/wp\/v2\/product_tag?post=75012"},{"taxonomy":"woo-feed-brand","embeddable":true,"href":"https:\/\/www.loopkinglaces.com\/es\/wp-json\/wp\/v2\/woo-feed-brand?post=75012"}],"curies":[{"name":"wp","href":"https:\/\/api.w.org\/{rel}","templated":true}]}}