{"id":74490,"date":"2017-07-08T16:47:19","date_gmt":"2017-07-08T16:47:19","guid":{"rendered":"https:\/\/www.loopkinglaces.com\/products\/cordones-de-lujo-para-zapatos-de-cuero-azul-marino-con-puntas-doradas\/"},"modified":"2024-10-03T20:55:21","modified_gmt":"2024-10-03T20:55:21","slug":"cordones-de-lujo-para-zapatos-de-cuero-azul-marino-con-puntas-doradas","status":"publish","type":"product","link":"https:\/\/www.loopkinglaces.com\/es\/products\/cordones-de-lujo-para-zapatos-de-cuero-azul-marino-con-puntas-doradas\/","title":{"rendered":"Cordones de lujo para zapatos de cuero azul marino con puntas doradas"},"content":{"rendered":"<h3><a href=\"https:\/\/www.loopkinglaces.com\/\">Cordones de lujo para zapatillas<\/a><\/h3>\n<p>  Loop King Laces s\u00f3lo proporciona cordones de punta dorada de la m\u00e1s alta calidad.<br \/>\nNuestros cordones de cuero aut\u00e9ntico est\u00e1n fabricados con puntas met\u00e1licas en relieve con la inscripci\u00f3n LOOP KING y nuestra corona simb\u00f3lica.<br \/>\nCada cord\u00f3n es 100% Resistente al Fuego, lo que demuestra nuestra verdadera calidad.<br \/>\nNuestros cordones se adaptan a todo tipo de zapatillas y marcas, como Adidas, Nike, VANS, etc., \u00a1e incluso convierten las zapatillas Jordan en cordones Jordan con puntas de metal!<br \/>\nPara averiguar la longitud de los cordones de tu zapatilla, visita nuestra <a href=\"\/shoelace-size-chart\/\">Gu\u00eda de tallas<\/a>, donde podr\u00e1s encontrar la talla perfecta de cordones para tus zapatillas.      &nbsp;<\/p>\n","protected":false},"excerpt":{"rendered":"<p><strong>Cordones<\/strong> de zapato de piel azul marino con puntas doradas Cordones Loop King &#8211; Nuestros cordones de zapato de piel azul marino vienen con puntas met\u00e1licas en relieve. Todos nuestros Cordones de Zapato de Lujo est\u00e1n hechos de cuero aut\u00e9ntico con materiales de la m\u00e1s alta calidad, tanto en el cord\u00f3n como en la punta met\u00e1lica. Consulta nuestras caracter\u00edsticas completas a continuaci\u00f3n:  <\/p>\n<ul>\n<li>6 mm de ancho (plano)<\/li>\n<li>Cordones de cuero aut\u00e9ntico<\/li>\n<li>100% <strong>resistente a las llamas<\/strong><\/li>\n<li>Agleta dorada Loop King<\/li>\n<li>Embalaje Beautiful Loop King por Encaje<\/li>\n<\/ul>\n","protected":false},"featured_media":75392,"comment_status":"open","ping_status":"closed","template":"","meta":{"_acf_changed":false},"product_brand":[],"product_cat":[1596,1322,1686,1310,1076,1391,1570,1178,1361,1192,1591,1153,994,1198,1165,877],"product_tag":[1010,894,1011,1831,895,893],"woo-feed-brand":[],"class_list":{"0":"post-74490","1":"product","2":"type-product","3":"status-publish","4":"has-post-thumbnail","6":"product_cat-cordones-allen-edmonds-un-paso-por-encima-de-lo-ordinario","7":"product_cat-cordones-azules-premium-ver-los-mas-vendidos","8":"product_cat-cordones-columbia-uniendo-estilo-y-funcionalidad","9":"product_cat-cordones-de-cuerda-premium-calidad-excepcional-y-premium","10":"product_cat-cordones-de-cuero-de-lujo","11":"product_cat-cordones-de-futbol-que-son-algo-mas-que-un-simple-cierre","12":"product_cat-cordones-de-zapatos-azul-marino","13":"product_cat-cordones-de-zapatos-prada-que-anaden-aun-mas-ritz-y-glamour","14":"product_cat-cordones-elite-dallas-cowboys-para-apoyar-a-tu-equipo-favorito-con-estilo","15":"product_cat-cordones-largos-por-que-importa-la-longitud","16":"product_cat-cordones-merrell-relacion-amor-odio","17":"product_cat-cordones-punta-de-oro","18":"product_cat-cordones-reebok-renueva-tu-calzado","19":"product_cat-encontrar-la-pareja-perfecta-la-revolucion-de-los-cordones-de-72-pulgadas","20":"product_cat-los-cordones-nike-dunk-perfectos-de-aspecto-increible-y-duraderos","21":"product_cat-todos-los-cordones","22":"product_tag-calzado","23":"product_tag-cordones","24":"product_tag-cordones-de-cuero","25":"product_tag-marina","26":"product_tag-punta-metalica","27":"product_tag-rey-del-bucle","29":"first","30":"instock","31":"taxable","32":"shipping-taxable","33":"purchasable","34":"product-type-variable"},"acf":[],"yoast_head":"<!-- This site is optimized with the Yoast SEO plugin v27.4 - https:\/\/yoast.com\/product\/yoast-seo-wordpress\/ -->\n<title>Cordones de zapatos azul marino con puntas doradas - Cordones elegantes y de primera calidad<\/title>\n<meta name=\"description\" content=\"Consigue nuestros lujosos cordones de zapatillas azul marino, fabricados con materiales aut\u00e9nticos de alta calidad. Perfectos para diferentes marcas, como Adidas, Nike y m\u00e1s.\" \/>\n<meta name=\"robots\" content=\"index, follow, max-snippet:-1, max-image-preview:large, max-video-preview:-1\" \/>\n<link rel=\"canonical\" href=\"https:\/\/www.loopkinglaces.com\/es\/products\/cordones-de-lujo-para-zapatos-de-cuero-azul-marino-con-puntas-doradas\/\" \/>\n<meta property=\"og:locale\" content=\"es_ES\" \/>\n<meta property=\"og:type\" content=\"article\" \/>\n<meta property=\"og:title\" content=\"Cordones de zapatos azul marino con puntas doradas - Cordones elegantes y de primera calidad\" \/>\n<meta property=\"og:description\" content=\"Consigue nuestros lujosos cordones de zapatillas azul marino, fabricados con materiales aut\u00e9nticos de alta calidad. Perfectos para diferentes marcas, como Adidas, Nike y m\u00e1s.\" \/>\n<meta property=\"og:url\" content=\"https:\/\/www.loopkinglaces.com\/es\/products\/cordones-de-lujo-para-zapatos-de-cuero-azul-marino-con-puntas-doradas\/\" \/>\n<meta property=\"og:site_name\" content=\"Luxury Gold Tip Shoelaces by Loop King Laces\" \/>\n<meta property=\"article:publisher\" content=\"https:\/\/www.facebook.com\/LoopKingLaces\/\" \/>\n<meta property=\"article:modified_time\" content=\"2024-10-03T20:55:21+00:00\" \/>\n<meta property=\"og:image\" content=\"https:\/\/www.loopkinglaces.com\/wp-content\/uploads\/Luxury-Navy-Leather-Shoelaces-with-Gold-Tips.jpg\" \/>\n\t<meta property=\"og:image:width\" content=\"1000\" \/>\n\t<meta property=\"og:image:height\" content=\"1000\" \/>\n\t<meta property=\"og:image:type\" content=\"image\/jpeg\" \/>\n<meta name=\"twitter:card\" content=\"summary_large_image\" \/>\n<meta name=\"twitter:site\" content=\"@loopkinglaces\" \/>\n<meta name=\"twitter:label1\" content=\"Tiempo de lectura\" \/>\n\t<meta name=\"twitter:data1\" content=\"1 minuto\" \/>\n<script type=\"application\/ld+json\" class=\"yoast-schema-graph\">{\"@context\":\"https:\\\/\\\/schema.org\",\"@graph\":[{\"@type\":[\"WebPage\",\"ItemPage\"],\"@id\":\"https:\\\/\\\/www.loopkinglaces.com\\\/es\\\/products\\\/cordones-de-lujo-para-zapatos-de-cuero-azul-marino-con-puntas-doradas\\\/\",\"url\":\"https:\\\/\\\/www.loopkinglaces.com\\\/es\\\/products\\\/cordones-de-lujo-para-zapatos-de-cuero-azul-marino-con-puntas-doradas\\\/\",\"name\":\"Cordones de zapatos azul marino con puntas doradas - Cordones elegantes y de primera calidad\",\"isPartOf\":{\"@id\":\"https:\\\/\\\/www.loopkinglaces.com\\\/es\\\/#website\"},\"primaryImageOfPage\":{\"@id\":\"https:\\\/\\\/www.loopkinglaces.com\\\/es\\\/products\\\/cordones-de-lujo-para-zapatos-de-cuero-azul-marino-con-puntas-doradas\\\/#primaryimage\"},\"image\":{\"@id\":\"https:\\\/\\\/www.loopkinglaces.com\\\/es\\\/products\\\/cordones-de-lujo-para-zapatos-de-cuero-azul-marino-con-puntas-doradas\\\/#primaryimage\"},\"thumbnailUrl\":\"https:\\\/\\\/www.loopkinglaces.com\\\/wp-content\\\/uploads\\\/Luxury-Navy-Leather-Shoelaces-with-Gold-Tips.jpg\",\"datePublished\":\"2017-07-08T16:47:19+00:00\",\"dateModified\":\"2024-10-03T20:55:21+00:00\",\"description\":\"Consigue nuestros lujosos cordones de zapatillas azul marino, fabricados con materiales aut\u00e9nticos de alta calidad. Perfectos para diferentes marcas, como Adidas, Nike y m\u00e1s.\",\"breadcrumb\":{\"@id\":\"https:\\\/\\\/www.loopkinglaces.com\\\/es\\\/products\\\/cordones-de-lujo-para-zapatos-de-cuero-azul-marino-con-puntas-doradas\\\/#breadcrumb\"},\"inLanguage\":\"es\",\"potentialAction\":[{\"@type\":\"ReadAction\",\"target\":[\"https:\\\/\\\/www.loopkinglaces.com\\\/es\\\/products\\\/cordones-de-lujo-para-zapatos-de-cuero-azul-marino-con-puntas-doradas\\\/\"]}]},{\"@type\":\"ImageObject\",\"inLanguage\":\"es\",\"@id\":\"https:\\\/\\\/www.loopkinglaces.com\\\/es\\\/products\\\/cordones-de-lujo-para-zapatos-de-cuero-azul-marino-con-puntas-doradas\\\/#primaryimage\",\"url\":\"https:\\\/\\\/www.loopkinglaces.com\\\/wp-content\\\/uploads\\\/Luxury-Navy-Leather-Shoelaces-with-Gold-Tips.jpg\",\"contentUrl\":\"https:\\\/\\\/www.loopkinglaces.com\\\/wp-content\\\/uploads\\\/Luxury-Navy-Leather-Shoelaces-with-Gold-Tips.jpg\",\"width\":1000,\"height\":1000},{\"@type\":\"BreadcrumbList\",\"@id\":\"https:\\\/\\\/www.loopkinglaces.com\\\/es\\\/products\\\/cordones-de-lujo-para-zapatos-de-cuero-azul-marino-con-puntas-doradas\\\/#breadcrumb\",\"itemListElement\":[{\"@type\":\"ListItem\",\"position\":1,\"name\":\"Home\",\"item\":\"https:\\\/\\\/www.loopkinglaces.com\\\/es\\\/\"},{\"@type\":\"ListItem\",\"position\":2,\"name\":\"COMPRAR LACAS\",\"item\":\"https:\\\/\\\/www.loopkinglaces.com\\\/es\\\/comprar-lacas\\\/\"},{\"@type\":\"ListItem\",\"position\":3,\"name\":\"Cordones de lujo para zapatos de cuero azul marino con puntas doradas\"}]},{\"@type\":\"WebSite\",\"@id\":\"https:\\\/\\\/www.loopkinglaces.com\\\/es\\\/#website\",\"url\":\"https:\\\/\\\/www.loopkinglaces.com\\\/es\\\/\",\"name\":\"Luxury Gold Tip Shoelaces by Loop King Laces\",\"description\":\"Rope Laces, Flat Waxed Laces and Leather Laces. All With Gold Tips.\",\"publisher\":{\"@id\":\"https:\\\/\\\/www.loopkinglaces.com\\\/es\\\/#organization\"},\"potentialAction\":[{\"@type\":\"SearchAction\",\"target\":{\"@type\":\"EntryPoint\",\"urlTemplate\":\"https:\\\/\\\/www.loopkinglaces.com\\\/es\\\/?s={search_term_string}\"},\"query-input\":{\"@type\":\"PropertyValueSpecification\",\"valueRequired\":true,\"valueName\":\"search_term_string\"}}],\"inLanguage\":\"es\"},{\"@type\":\"Organization\",\"@id\":\"https:\\\/\\\/www.loopkinglaces.com\\\/es\\\/#organization\",\"name\":\"Loop King Laces\",\"url\":\"https:\\\/\\\/www.loopkinglaces.com\\\/es\\\/\",\"logo\":{\"@type\":\"ImageObject\",\"inLanguage\":\"es\",\"@id\":\"https:\\\/\\\/www.loopkinglaces.com\\\/es\\\/#\\\/schema\\\/logo\\\/image\\\/\",\"url\":\"https:\\\/\\\/www.loopkinglaces.com\\\/wp-content\\\/uploads\\\/LOOP-KING-LACES.1.1-01-LOGO-HI-RES-OFFICIAL-1.png\",\"contentUrl\":\"https:\\\/\\\/www.loopkinglaces.com\\\/wp-content\\\/uploads\\\/LOOP-KING-LACES.1.1-01-LOGO-HI-RES-OFFICIAL-1.png\",\"width\":128,\"height\":91,\"caption\":\"Loop King Laces\"},\"image\":{\"@id\":\"https:\\\/\\\/www.loopkinglaces.com\\\/es\\\/#\\\/schema\\\/logo\\\/image\\\/\"},\"sameAs\":[\"https:\\\/\\\/www.facebook.com\\\/LoopKingLaces\\\/\",\"https:\\\/\\\/x.com\\\/loopkinglaces\",\"https:\\\/\\\/www.instagram.com\\\/loopkinglaces\\\/\"]}]}<\/script>\n<!-- \/ Yoast SEO plugin. -->","yoast_head_json":{"title":"Cordones de zapatos azul marino con puntas doradas - Cordones elegantes y de primera calidad","description":"Consigue nuestros lujosos cordones de zapatillas azul marino, fabricados con materiales aut\u00e9nticos de alta calidad. Perfectos para diferentes marcas, como Adidas, Nike y m\u00e1s.","robots":{"index":"index","follow":"follow","max-snippet":"max-snippet:-1","max-image-preview":"max-image-preview:large","max-video-preview":"max-video-preview:-1"},"canonical":"https:\/\/www.loopkinglaces.com\/es\/products\/cordones-de-lujo-para-zapatos-de-cuero-azul-marino-con-puntas-doradas\/","og_locale":"es_ES","og_type":"article","og_title":"Cordones de zapatos azul marino con puntas doradas - Cordones elegantes y de primera calidad","og_description":"Consigue nuestros lujosos cordones de zapatillas azul marino, fabricados con materiales aut\u00e9nticos de alta calidad. Perfectos para diferentes marcas, como Adidas, Nike y m\u00e1s.","og_url":"https:\/\/www.loopkinglaces.com\/es\/products\/cordones-de-lujo-para-zapatos-de-cuero-azul-marino-con-puntas-doradas\/","og_site_name":"Luxury Gold Tip Shoelaces by Loop King Laces","article_publisher":"https:\/\/www.facebook.com\/LoopKingLaces\/","article_modified_time":"2024-10-03T20:55:21+00:00","og_image":[{"width":1000,"height":1000,"url":"https:\/\/www.loopkinglaces.com\/wp-content\/uploads\/Luxury-Navy-Leather-Shoelaces-with-Gold-Tips.jpg","type":"image\/jpeg"}],"twitter_card":"summary_large_image","twitter_site":"@loopkinglaces","twitter_misc":{"Tiempo de lectura":"1 minuto"},"schema":{"@context":"https:\/\/schema.org","@graph":[{"@type":["WebPage","ItemPage"],"@id":"https:\/\/www.loopkinglaces.com\/es\/products\/cordones-de-lujo-para-zapatos-de-cuero-azul-marino-con-puntas-doradas\/","url":"https:\/\/www.loopkinglaces.com\/es\/products\/cordones-de-lujo-para-zapatos-de-cuero-azul-marino-con-puntas-doradas\/","name":"Cordones de zapatos azul marino con puntas doradas - Cordones elegantes y de primera calidad","isPartOf":{"@id":"https:\/\/www.loopkinglaces.com\/es\/#website"},"primaryImageOfPage":{"@id":"https:\/\/www.loopkinglaces.com\/es\/products\/cordones-de-lujo-para-zapatos-de-cuero-azul-marino-con-puntas-doradas\/#primaryimage"},"image":{"@id":"https:\/\/www.loopkinglaces.com\/es\/products\/cordones-de-lujo-para-zapatos-de-cuero-azul-marino-con-puntas-doradas\/#primaryimage"},"thumbnailUrl":"https:\/\/www.loopkinglaces.com\/wp-content\/uploads\/Luxury-Navy-Leather-Shoelaces-with-Gold-Tips.jpg","datePublished":"2017-07-08T16:47:19+00:00","dateModified":"2024-10-03T20:55:21+00:00","description":"Consigue nuestros lujosos cordones de zapatillas azul marino, fabricados con materiales aut\u00e9nticos de alta calidad. Perfectos para diferentes marcas, como Adidas, Nike y m\u00e1s.","breadcrumb":{"@id":"https:\/\/www.loopkinglaces.com\/es\/products\/cordones-de-lujo-para-zapatos-de-cuero-azul-marino-con-puntas-doradas\/#breadcrumb"},"inLanguage":"es","potentialAction":[{"@type":"ReadAction","target":["https:\/\/www.loopkinglaces.com\/es\/products\/cordones-de-lujo-para-zapatos-de-cuero-azul-marino-con-puntas-doradas\/"]}]},{"@type":"ImageObject","inLanguage":"es","@id":"https:\/\/www.loopkinglaces.com\/es\/products\/cordones-de-lujo-para-zapatos-de-cuero-azul-marino-con-puntas-doradas\/#primaryimage","url":"https:\/\/www.loopkinglaces.com\/wp-content\/uploads\/Luxury-Navy-Leather-Shoelaces-with-Gold-Tips.jpg","contentUrl":"https:\/\/www.loopkinglaces.com\/wp-content\/uploads\/Luxury-Navy-Leather-Shoelaces-with-Gold-Tips.jpg","width":1000,"height":1000},{"@type":"BreadcrumbList","@id":"https:\/\/www.loopkinglaces.com\/es\/products\/cordones-de-lujo-para-zapatos-de-cuero-azul-marino-con-puntas-doradas\/#breadcrumb","itemListElement":[{"@type":"ListItem","position":1,"name":"Home","item":"https:\/\/www.loopkinglaces.com\/es\/"},{"@type":"ListItem","position":2,"name":"COMPRAR LACAS","item":"https:\/\/www.loopkinglaces.com\/es\/comprar-lacas\/"},{"@type":"ListItem","position":3,"name":"Cordones de lujo para zapatos de cuero azul marino con puntas doradas"}]},{"@type":"WebSite","@id":"https:\/\/www.loopkinglaces.com\/es\/#website","url":"https:\/\/www.loopkinglaces.com\/es\/","name":"Luxury Gold Tip Shoelaces by Loop King Laces","description":"Rope Laces, Flat Waxed Laces and Leather Laces. All With Gold Tips.","publisher":{"@id":"https:\/\/www.loopkinglaces.com\/es\/#organization"},"potentialAction":[{"@type":"SearchAction","target":{"@type":"EntryPoint","urlTemplate":"https:\/\/www.loopkinglaces.com\/es\/?s={search_term_string}"},"query-input":{"@type":"PropertyValueSpecification","valueRequired":true,"valueName":"search_term_string"}}],"inLanguage":"es"},{"@type":"Organization","@id":"https:\/\/www.loopkinglaces.com\/es\/#organization","name":"Loop King Laces","url":"https:\/\/www.loopkinglaces.com\/es\/","logo":{"@type":"ImageObject","inLanguage":"es","@id":"https:\/\/www.loopkinglaces.com\/es\/#\/schema\/logo\/image\/","url":"https:\/\/www.loopkinglaces.com\/wp-content\/uploads\/LOOP-KING-LACES.1.1-01-LOGO-HI-RES-OFFICIAL-1.png","contentUrl":"https:\/\/www.loopkinglaces.com\/wp-content\/uploads\/LOOP-KING-LACES.1.1-01-LOGO-HI-RES-OFFICIAL-1.png","width":128,"height":91,"caption":"Loop King Laces"},"image":{"@id":"https:\/\/www.loopkinglaces.com\/es\/#\/schema\/logo\/image\/"},"sameAs":["https:\/\/www.facebook.com\/LoopKingLaces\/","https:\/\/x.com\/loopkinglaces","https:\/\/www.instagram.com\/loopkinglaces\/"]}]}},"_links":{"self":[{"href":"https:\/\/www.loopkinglaces.com\/es\/wp-json\/wp\/v2\/product\/74490","targetHints":{"allow":["GET"]}}],"collection":[{"href":"https:\/\/www.loopkinglaces.com\/es\/wp-json\/wp\/v2\/product"}],"about":[{"href":"https:\/\/www.loopkinglaces.com\/es\/wp-json\/wp\/v2\/types\/product"}],"replies":[{"embeddable":true,"href":"https:\/\/www.loopkinglaces.com\/es\/wp-json\/wp\/v2\/comments?post=74490"}],"wp:featuredmedia":[{"embeddable":true,"href":"https:\/\/www.loopkinglaces.com\/es\/wp-json\/wp\/v2\/media\/75392"}],"wp:attachment":[{"href":"https:\/\/www.loopkinglaces.com\/es\/wp-json\/wp\/v2\/media?parent=74490"}],"wp:term":[{"taxonomy":"product_brand","embeddable":true,"href":"https:\/\/www.loopkinglaces.com\/es\/wp-json\/wp\/v2\/product_brand?post=74490"},{"taxonomy":"product_cat","embeddable":true,"href":"https:\/\/www.loopkinglaces.com\/es\/wp-json\/wp\/v2\/product_cat?post=74490"},{"taxonomy":"product_tag","embeddable":true,"href":"https:\/\/www.loopkinglaces.com\/es\/wp-json\/wp\/v2\/product_tag?post=74490"},{"taxonomy":"woo-feed-brand","embeddable":true,"href":"https:\/\/www.loopkinglaces.com\/es\/wp-json\/wp\/v2\/woo-feed-brand?post=74490"}],"curies":[{"name":"wp","href":"https:\/\/api.w.org\/{rel}","templated":true}]}}