{"id":73818,"date":"2022-12-08T14:44:31","date_gmt":"2022-12-08T14:44:31","guid":{"rendered":"https:\/\/www.loopkinglaces.com\/products\/pantalones-de-cuero-negro-de-lujo-cordones-con-puntas-doradas\/"},"modified":"2022-12-08T14:44:31","modified_gmt":"2022-12-08T14:44:31","slug":"pantalones-de-cuero-negro-de-lujo-cordones-con-puntas-doradas","status":"publish","type":"product","link":"https:\/\/www.loopkinglaces.com\/es\/products\/pantalones-de-cuero-negro-de-lujo-cordones-con-puntas-doradas\/","title":{"rendered":"Pantalones de Cuero Negro de Lujo Cordones con Puntas Doradas"},"content":{"rendered":"<h3><a href=\"https:\/\/www.loopkinglaces.com\/\">Dibujos de lujo para pantalones y shorts<\/a><\/h3>\n<p>  Los cordones Loop King s\u00f3lo proporcionan cordones de punta dorada de la m\u00e1s alta calidad.<br \/>\nNuestros cordones de cuero aut\u00e9ntico est\u00e1n fabricados con puntas met\u00e1licas en relieve con la inscripci\u00f3n LOOP KING y nuestra corona simb\u00f3lica.<br \/>\nCada cord\u00f3n es 100% Resistente al Fuego, lo que demuestra nuestra verdadera calidad de cordones para pantalones o shorts.    &nbsp;<\/p>\n","protected":false},"excerpt":{"rendered":"<p>Cordones de cuero <strong>negro para pantalones y shorts con<\/strong> puntas de oro Cordones Loop King &#8211; Nuestros cordones de cuero negro vienen con puntas de metal en relieve.<br \/>\nTodos nuestros cordones de cuero de lujo est\u00e1n hechos de cuero aut\u00e9ntico con materiales de la m\u00e1s alta calidad, tanto en los cordones como en la punta met\u00e1lica.  Consulta nuestras caracter\u00edsticas completas a continuaci\u00f3n:  <\/p>\n<ul>\n<li>6 mm de ancho (plano)<\/li>\n<li>Cordones de cuero aut\u00e9ntico<\/li>\n<li>100% <strong>resistente a las llamas<\/strong><\/li>\n<li>Agleta dorada Loop King<\/li>\n<li>Embalaje Beautiful Loop King<\/li>\n<\/ul>\n","protected":false},"featured_media":19885,"comment_status":"open","ping_status":"closed","template":"","meta":{"_acf_changed":false},"product_brand":[],"product_cat":[1818,1819],"product_tag":[1010,894,1011,896,895,893],"woo-feed-brand":[],"class_list":{"0":"post-73818","1":"product","2":"type-product","3":"status-publish","4":"has-post-thumbnail","6":"product_cat-cordones-para-pantalones-de-aspecto-lujoso-y-musculos-serios","7":"product_cat-la-mejor-seleccion-de-cinturones-de-cordones-que-siempre-has-esperado","8":"product_tag-calzado","9":"product_tag-cordones","10":"product_tag-cordones-de-cuero","11":"product_tag-negro","12":"product_tag-punta-metalica","13":"product_tag-rey-del-bucle","15":"first","16":"instock","17":"taxable","18":"shipping-taxable","19":"purchasable","20":"product-type-variable"},"acf":[],"yoast_head":"<!-- This site is optimized with the Yoast SEO plugin v27.5 - https:\/\/yoast.com\/product\/yoast-seo-wordpress\/ -->\n<title>Cordones de lujo de cuero negro con puntas doradas - De Loop King<\/title>\n<meta name=\"description\" content=\"Los cordones negros Loop King Laces con puntas doradas son los cordones de cuero de lujo n\u00famero 1 del mercado. Cada cord\u00f3n viene con una punta met\u00e1lica en relieve.\" \/>\n<meta name=\"robots\" content=\"index, follow, max-snippet:-1, max-image-preview:large, max-video-preview:-1\" \/>\n<link rel=\"canonical\" href=\"https:\/\/www.loopkinglaces.com\/es\/products\/pantalones-de-cuero-negro-de-lujo-cordones-con-puntas-doradas\/\" \/>\n<meta property=\"og:locale\" content=\"es_ES\" \/>\n<meta property=\"og:type\" content=\"article\" \/>\n<meta property=\"og:title\" content=\"Cordones de lujo de cuero negro con puntas doradas - De Loop King\" \/>\n<meta property=\"og:description\" content=\"Los cordones negros Loop King Laces con puntas doradas son los cordones de cuero de lujo n\u00famero 1 del mercado. Cada cord\u00f3n viene con una punta met\u00e1lica en relieve.\" \/>\n<meta property=\"og:url\" content=\"https:\/\/www.loopkinglaces.com\/es\/products\/pantalones-de-cuero-negro-de-lujo-cordones-con-puntas-doradas\/\" \/>\n<meta property=\"og:site_name\" content=\"Luxury Gold Tip Shoelaces by Loop King Laces\" \/>\n<meta property=\"article:publisher\" content=\"https:\/\/www.facebook.com\/LoopKingLaces\/\" \/>\n<meta property=\"og:image\" content=\"https:\/\/www.loopkinglaces.com\/wp-content\/uploads\/Luxury-Black-Leather-Shoe-Laces-With-Gold-Tips.jpg\" \/>\n\t<meta property=\"og:image:width\" content=\"1000\" \/>\n\t<meta property=\"og:image:height\" content=\"1000\" \/>\n\t<meta property=\"og:image:type\" content=\"image\/jpeg\" \/>\n<meta name=\"twitter:card\" content=\"summary_large_image\" \/>\n<meta name=\"twitter:site\" content=\"@loopkinglaces\" \/>\n<script type=\"application\/ld+json\" class=\"yoast-schema-graph\">{\"@context\":\"https:\\\/\\\/schema.org\",\"@graph\":[{\"@type\":[\"WebPage\",\"ItemPage\"],\"@id\":\"https:\\\/\\\/www.loopkinglaces.com\\\/es\\\/products\\\/pantalones-de-cuero-negro-de-lujo-cordones-con-puntas-doradas\\\/\",\"url\":\"https:\\\/\\\/www.loopkinglaces.com\\\/es\\\/products\\\/pantalones-de-cuero-negro-de-lujo-cordones-con-puntas-doradas\\\/\",\"name\":\"Cordones de lujo de cuero negro con puntas doradas - De Loop King\",\"isPartOf\":{\"@id\":\"https:\\\/\\\/www.loopkinglaces.com\\\/es\\\/#website\"},\"primaryImageOfPage\":{\"@id\":\"https:\\\/\\\/www.loopkinglaces.com\\\/es\\\/products\\\/pantalones-de-cuero-negro-de-lujo-cordones-con-puntas-doradas\\\/#primaryimage\"},\"image\":{\"@id\":\"https:\\\/\\\/www.loopkinglaces.com\\\/es\\\/products\\\/pantalones-de-cuero-negro-de-lujo-cordones-con-puntas-doradas\\\/#primaryimage\"},\"thumbnailUrl\":\"https:\\\/\\\/www.loopkinglaces.com\\\/wp-content\\\/uploads\\\/Luxury-Black-Leather-Shoe-Laces-With-Gold-Tips.jpg\",\"datePublished\":\"2022-12-08T14:44:31+00:00\",\"description\":\"Los cordones negros Loop King Laces con puntas doradas son los cordones de cuero de lujo n\u00famero 1 del mercado. Cada cord\u00f3n viene con una punta met\u00e1lica en relieve.\",\"breadcrumb\":{\"@id\":\"https:\\\/\\\/www.loopkinglaces.com\\\/es\\\/products\\\/pantalones-de-cuero-negro-de-lujo-cordones-con-puntas-doradas\\\/#breadcrumb\"},\"inLanguage\":\"es\",\"potentialAction\":[{\"@type\":\"ReadAction\",\"target\":[\"https:\\\/\\\/www.loopkinglaces.com\\\/es\\\/products\\\/pantalones-de-cuero-negro-de-lujo-cordones-con-puntas-doradas\\\/\"]}]},{\"@type\":\"ImageObject\",\"inLanguage\":\"es\",\"@id\":\"https:\\\/\\\/www.loopkinglaces.com\\\/es\\\/products\\\/pantalones-de-cuero-negro-de-lujo-cordones-con-puntas-doradas\\\/#primaryimage\",\"url\":\"https:\\\/\\\/www.loopkinglaces.com\\\/wp-content\\\/uploads\\\/Luxury-Black-Leather-Shoe-Laces-With-Gold-Tips.jpg\",\"contentUrl\":\"https:\\\/\\\/www.loopkinglaces.com\\\/wp-content\\\/uploads\\\/Luxury-Black-Leather-Shoe-Laces-With-Gold-Tips.jpg\",\"width\":1000,\"height\":1000,\"caption\":\"Luxury Black Leather Shoe Laces With Gold Tips\"},{\"@type\":\"BreadcrumbList\",\"@id\":\"https:\\\/\\\/www.loopkinglaces.com\\\/es\\\/products\\\/pantalones-de-cuero-negro-de-lujo-cordones-con-puntas-doradas\\\/#breadcrumb\",\"itemListElement\":[{\"@type\":\"ListItem\",\"position\":1,\"name\":\"Home\",\"item\":\"https:\\\/\\\/www.loopkinglaces.com\\\/es\\\/\"},{\"@type\":\"ListItem\",\"position\":2,\"name\":\"COMPRAR LACAS\",\"item\":\"https:\\\/\\\/www.loopkinglaces.com\\\/es\\\/comprar-lacas\\\/\"},{\"@type\":\"ListItem\",\"position\":3,\"name\":\"Pantalones de Cuero Negro de Lujo Cordones con Puntas Doradas\"}]},{\"@type\":\"WebSite\",\"@id\":\"https:\\\/\\\/www.loopkinglaces.com\\\/es\\\/#website\",\"url\":\"https:\\\/\\\/www.loopkinglaces.com\\\/es\\\/\",\"name\":\"Luxury Gold Tip Shoelaces by Loop King Laces\",\"description\":\"Rope Laces, Flat Waxed Laces and Leather Laces. All With Gold Tips.\",\"publisher\":{\"@id\":\"https:\\\/\\\/www.loopkinglaces.com\\\/es\\\/#organization\"},\"potentialAction\":[{\"@type\":\"SearchAction\",\"target\":{\"@type\":\"EntryPoint\",\"urlTemplate\":\"https:\\\/\\\/www.loopkinglaces.com\\\/es\\\/?s={search_term_string}\"},\"query-input\":{\"@type\":\"PropertyValueSpecification\",\"valueRequired\":true,\"valueName\":\"search_term_string\"}}],\"inLanguage\":\"es\"},{\"@type\":\"Organization\",\"@id\":\"https:\\\/\\\/www.loopkinglaces.com\\\/es\\\/#organization\",\"name\":\"Loop King Laces\",\"url\":\"https:\\\/\\\/www.loopkinglaces.com\\\/es\\\/\",\"logo\":{\"@type\":\"ImageObject\",\"inLanguage\":\"es\",\"@id\":\"https:\\\/\\\/www.loopkinglaces.com\\\/es\\\/#\\\/schema\\\/logo\\\/image\\\/\",\"url\":\"https:\\\/\\\/www.loopkinglaces.com\\\/wp-content\\\/uploads\\\/LOOP-KING-LACES.1.1-01-LOGO-HI-RES-OFFICIAL-1.png\",\"contentUrl\":\"https:\\\/\\\/www.loopkinglaces.com\\\/wp-content\\\/uploads\\\/LOOP-KING-LACES.1.1-01-LOGO-HI-RES-OFFICIAL-1.png\",\"width\":128,\"height\":91,\"caption\":\"Loop King Laces\"},\"image\":{\"@id\":\"https:\\\/\\\/www.loopkinglaces.com\\\/es\\\/#\\\/schema\\\/logo\\\/image\\\/\"},\"sameAs\":[\"https:\\\/\\\/www.facebook.com\\\/LoopKingLaces\\\/\",\"https:\\\/\\\/x.com\\\/loopkinglaces\",\"https:\\\/\\\/www.instagram.com\\\/loopkinglaces\\\/\"]}]}<\/script>\n<!-- \/ Yoast SEO plugin. -->","yoast_head_json":{"title":"Cordones de lujo de cuero negro con puntas doradas - De Loop King","description":"Los cordones negros Loop King Laces con puntas doradas son los cordones de cuero de lujo n\u00famero 1 del mercado. Cada cord\u00f3n viene con una punta met\u00e1lica en relieve.","robots":{"index":"index","follow":"follow","max-snippet":"max-snippet:-1","max-image-preview":"max-image-preview:large","max-video-preview":"max-video-preview:-1"},"canonical":"https:\/\/www.loopkinglaces.com\/es\/products\/pantalones-de-cuero-negro-de-lujo-cordones-con-puntas-doradas\/","og_locale":"es_ES","og_type":"article","og_title":"Cordones de lujo de cuero negro con puntas doradas - De Loop King","og_description":"Los cordones negros Loop King Laces con puntas doradas son los cordones de cuero de lujo n\u00famero 1 del mercado. Cada cord\u00f3n viene con una punta met\u00e1lica en relieve.","og_url":"https:\/\/www.loopkinglaces.com\/es\/products\/pantalones-de-cuero-negro-de-lujo-cordones-con-puntas-doradas\/","og_site_name":"Luxury Gold Tip Shoelaces by Loop King Laces","article_publisher":"https:\/\/www.facebook.com\/LoopKingLaces\/","og_image":[{"width":1000,"height":1000,"url":"https:\/\/www.loopkinglaces.com\/wp-content\/uploads\/Luxury-Black-Leather-Shoe-Laces-With-Gold-Tips.jpg","type":"image\/jpeg"}],"twitter_card":"summary_large_image","twitter_site":"@loopkinglaces","schema":{"@context":"https:\/\/schema.org","@graph":[{"@type":["WebPage","ItemPage"],"@id":"https:\/\/www.loopkinglaces.com\/es\/products\/pantalones-de-cuero-negro-de-lujo-cordones-con-puntas-doradas\/","url":"https:\/\/www.loopkinglaces.com\/es\/products\/pantalones-de-cuero-negro-de-lujo-cordones-con-puntas-doradas\/","name":"Cordones de lujo de cuero negro con puntas doradas - De Loop King","isPartOf":{"@id":"https:\/\/www.loopkinglaces.com\/es\/#website"},"primaryImageOfPage":{"@id":"https:\/\/www.loopkinglaces.com\/es\/products\/pantalones-de-cuero-negro-de-lujo-cordones-con-puntas-doradas\/#primaryimage"},"image":{"@id":"https:\/\/www.loopkinglaces.com\/es\/products\/pantalones-de-cuero-negro-de-lujo-cordones-con-puntas-doradas\/#primaryimage"},"thumbnailUrl":"https:\/\/www.loopkinglaces.com\/wp-content\/uploads\/Luxury-Black-Leather-Shoe-Laces-With-Gold-Tips.jpg","datePublished":"2022-12-08T14:44:31+00:00","description":"Los cordones negros Loop King Laces con puntas doradas son los cordones de cuero de lujo n\u00famero 1 del mercado. Cada cord\u00f3n viene con una punta met\u00e1lica en relieve.","breadcrumb":{"@id":"https:\/\/www.loopkinglaces.com\/es\/products\/pantalones-de-cuero-negro-de-lujo-cordones-con-puntas-doradas\/#breadcrumb"},"inLanguage":"es","potentialAction":[{"@type":"ReadAction","target":["https:\/\/www.loopkinglaces.com\/es\/products\/pantalones-de-cuero-negro-de-lujo-cordones-con-puntas-doradas\/"]}]},{"@type":"ImageObject","inLanguage":"es","@id":"https:\/\/www.loopkinglaces.com\/es\/products\/pantalones-de-cuero-negro-de-lujo-cordones-con-puntas-doradas\/#primaryimage","url":"https:\/\/www.loopkinglaces.com\/wp-content\/uploads\/Luxury-Black-Leather-Shoe-Laces-With-Gold-Tips.jpg","contentUrl":"https:\/\/www.loopkinglaces.com\/wp-content\/uploads\/Luxury-Black-Leather-Shoe-Laces-With-Gold-Tips.jpg","width":1000,"height":1000,"caption":"Luxury Black Leather Shoe Laces With Gold Tips"},{"@type":"BreadcrumbList","@id":"https:\/\/www.loopkinglaces.com\/es\/products\/pantalones-de-cuero-negro-de-lujo-cordones-con-puntas-doradas\/#breadcrumb","itemListElement":[{"@type":"ListItem","position":1,"name":"Home","item":"https:\/\/www.loopkinglaces.com\/es\/"},{"@type":"ListItem","position":2,"name":"COMPRAR LACAS","item":"https:\/\/www.loopkinglaces.com\/es\/comprar-lacas\/"},{"@type":"ListItem","position":3,"name":"Pantalones de Cuero Negro de Lujo Cordones con Puntas Doradas"}]},{"@type":"WebSite","@id":"https:\/\/www.loopkinglaces.com\/es\/#website","url":"https:\/\/www.loopkinglaces.com\/es\/","name":"Luxury Gold Tip Shoelaces by Loop King Laces","description":"Rope Laces, Flat Waxed Laces and Leather Laces. All With Gold Tips.","publisher":{"@id":"https:\/\/www.loopkinglaces.com\/es\/#organization"},"potentialAction":[{"@type":"SearchAction","target":{"@type":"EntryPoint","urlTemplate":"https:\/\/www.loopkinglaces.com\/es\/?s={search_term_string}"},"query-input":{"@type":"PropertyValueSpecification","valueRequired":true,"valueName":"search_term_string"}}],"inLanguage":"es"},{"@type":"Organization","@id":"https:\/\/www.loopkinglaces.com\/es\/#organization","name":"Loop King Laces","url":"https:\/\/www.loopkinglaces.com\/es\/","logo":{"@type":"ImageObject","inLanguage":"es","@id":"https:\/\/www.loopkinglaces.com\/es\/#\/schema\/logo\/image\/","url":"https:\/\/www.loopkinglaces.com\/wp-content\/uploads\/LOOP-KING-LACES.1.1-01-LOGO-HI-RES-OFFICIAL-1.png","contentUrl":"https:\/\/www.loopkinglaces.com\/wp-content\/uploads\/LOOP-KING-LACES.1.1-01-LOGO-HI-RES-OFFICIAL-1.png","width":128,"height":91,"caption":"Loop King Laces"},"image":{"@id":"https:\/\/www.loopkinglaces.com\/es\/#\/schema\/logo\/image\/"},"sameAs":["https:\/\/www.facebook.com\/LoopKingLaces\/","https:\/\/x.com\/loopkinglaces","https:\/\/www.instagram.com\/loopkinglaces\/"]}]}},"_links":{"self":[{"href":"https:\/\/www.loopkinglaces.com\/es\/wp-json\/wp\/v2\/product\/73818","targetHints":{"allow":["GET"]}}],"collection":[{"href":"https:\/\/www.loopkinglaces.com\/es\/wp-json\/wp\/v2\/product"}],"about":[{"href":"https:\/\/www.loopkinglaces.com\/es\/wp-json\/wp\/v2\/types\/product"}],"replies":[{"embeddable":true,"href":"https:\/\/www.loopkinglaces.com\/es\/wp-json\/wp\/v2\/comments?post=73818"}],"wp:featuredmedia":[{"embeddable":true,"href":"https:\/\/www.loopkinglaces.com\/es\/wp-json\/wp\/v2\/media\/19885"}],"wp:attachment":[{"href":"https:\/\/www.loopkinglaces.com\/es\/wp-json\/wp\/v2\/media?parent=73818"}],"wp:term":[{"taxonomy":"product_brand","embeddable":true,"href":"https:\/\/www.loopkinglaces.com\/es\/wp-json\/wp\/v2\/product_brand?post=73818"},{"taxonomy":"product_cat","embeddable":true,"href":"https:\/\/www.loopkinglaces.com\/es\/wp-json\/wp\/v2\/product_cat?post=73818"},{"taxonomy":"product_tag","embeddable":true,"href":"https:\/\/www.loopkinglaces.com\/es\/wp-json\/wp\/v2\/product_tag?post=73818"},{"taxonomy":"woo-feed-brand","embeddable":true,"href":"https:\/\/www.loopkinglaces.com\/es\/wp-json\/wp\/v2\/woo-feed-brand?post=73818"}],"curies":[{"name":"wp","href":"https:\/\/api.w.org\/{rel}","templated":true}]}}