{"id":73771,"date":"2022-12-08T14:29:33","date_gmt":"2022-12-08T14:29:33","guid":{"rendered":"https:\/\/www.loopkinglaces.com\/products\/cordones-de-los-pantalones-de-oro-rosa-con-aglets-de-oro\/"},"modified":"2022-12-08T14:29:33","modified_gmt":"2022-12-08T14:29:33","slug":"cordones-de-los-pantalones-de-oro-rosa-con-aglets-de-oro","status":"publish","type":"product","link":"https:\/\/www.loopkinglaces.com\/es\/products\/cordones-de-los-pantalones-de-oro-rosa-con-aglets-de-oro\/","title":{"rendered":"Cordones de los Pantalones de Oro Rosa con Aglets de Oro"},"content":{"rendered":"<p>Loop King Laces s\u00f3lo proporciona cordones de punta dorada de la m\u00e1s alta calidad para pantalones.<br \/>\nTodos nuestros cordones vienen con puntas met\u00e1licas en relieve en las que aparece LOOP KING y nuestra corona simb\u00f3lica.<br \/>\nCada cord\u00f3n es 100% Resistente al Fuego, lo que demuestra la verdadera calidad de nuestros cordones.  <\/p>\n","protected":false},"excerpt":{"rendered":"<p><span style=\"font-weight: 400;\">Nuestros Cordones de Zapato de Lujo con Cuerda y Puntas de Oro Rosa vienen con puntas doradas en relieve.<br \/>\nTodos nuestros Cordones de Zapato de Lujo est\u00e1n fabricados con materiales de primera calidad y puntas met\u00e1licas de la mejor calidad.<br \/>\nNuestros cordones de cuerda duran 3 veces m\u00e1s que los cordones normales.   Consulta nuestras caracter\u00edsticas completas a continuaci\u00f3n:<\/span><\/p>\n<ul>\n<li style=\"font-weight: 400;\" aria-level=\"1\"><span style=\"font-weight: 400;\">Cuerda Premium<\/span><\/li>\n<li style=\"font-weight: 400;\" aria-level=\"1\"><span style=\"font-weight: 400;\">Duran 3 veces m\u00e1s que los cordones normales<\/span><\/li>\n<li style=\"font-weight: 400;\" aria-level=\"1\"><span style=\"font-weight: 400;\">Agleta dorada Loop King<\/span><\/li>\n<li style=\"font-weight: 400;\" aria-level=\"1\"><span style=\"font-weight: 400;\">Bonito embalaje<\/span><\/li>\n<\/ul>\n","protected":false},"featured_media":51677,"comment_status":"closed","ping_status":"closed","template":"","meta":{"_acf_changed":false},"product_brand":[],"product_cat":[1298,1818,1300,1819],"product_tag":[],"woo-feed-brand":[],"class_list":{"0":"post-73771","1":"product","2":"type-product","3":"status-publish","4":"has-post-thumbnail","6":"product_cat-cordones-nike-rosa-para-dar-un-toque-de-color-a-tus-zapatillas","7":"product_cat-cordones-para-pantalones-de-aspecto-lujoso-y-musculos-serios","8":"product_cat-cordones-rosas-de-travis-scott-para-un-calzado-vibrante","9":"product_cat-la-mejor-seleccion-de-cinturones-de-cordones-que-siempre-has-esperado","11":"first","12":"instock","13":"taxable","14":"shipping-taxable","15":"purchasable","16":"product-type-variable"},"acf":[],"yoast_head":"<!-- This site is optimized with the Yoast SEO plugin v27.3 - https:\/\/yoast.com\/product\/yoast-seo-wordpress\/ -->\n<title>Cordones de los Pantalones de Oro Rosa con Aglets de Oro<\/title>\n<meta name=\"description\" content=\"Nuestros cordones de cuerda con puntas doradas son cordones de alta calidad para pantalones cortos o pantalones. Cada cord\u00f3n viene con una punta dorada en relieve.\" \/>\n<meta name=\"robots\" content=\"index, follow, max-snippet:-1, max-image-preview:large, max-video-preview:-1\" \/>\n<link rel=\"canonical\" href=\"https:\/\/www.loopkinglaces.com\/es\/products\/cordones-de-los-pantalones-de-oro-rosa-con-aglets-de-oro\/\" \/>\n<meta property=\"og:locale\" content=\"es_ES\" \/>\n<meta property=\"og:type\" content=\"article\" \/>\n<meta property=\"og:title\" content=\"Cordones de los Pantalones de Oro Rosa con Aglets de Oro\" \/>\n<meta property=\"og:description\" content=\"Nuestros cordones de cuerda con puntas doradas son cordones de alta calidad para pantalones cortos o pantalones. Cada cord\u00f3n viene con una punta dorada en relieve.\" \/>\n<meta property=\"og:url\" content=\"https:\/\/www.loopkinglaces.com\/es\/products\/cordones-de-los-pantalones-de-oro-rosa-con-aglets-de-oro\/\" \/>\n<meta property=\"og:site_name\" content=\"Luxury Gold Tip Shoelaces by Loop King Laces\" \/>\n<meta property=\"article:publisher\" content=\"https:\/\/www.facebook.com\/LoopKingLaces\/\" \/>\n<meta property=\"og:image\" content=\"https:\/\/www.loopkinglaces.com\/wp-content\/uploads\/0804A-36-scaled.jpg\" \/>\n\t<meta property=\"og:image:width\" content=\"1600\" \/>\n\t<meta property=\"og:image:height\" content=\"1536\" \/>\n\t<meta property=\"og:image:type\" content=\"image\/jpeg\" \/>\n<meta name=\"twitter:card\" content=\"summary_large_image\" \/>\n<meta name=\"twitter:site\" content=\"@loopkinglaces\" \/>\n<script type=\"application\/ld+json\" class=\"yoast-schema-graph\">{\"@context\":\"https:\\\/\\\/schema.org\",\"@graph\":[{\"@type\":[\"WebPage\",\"ItemPage\"],\"@id\":\"https:\\\/\\\/www.loopkinglaces.com\\\/es\\\/products\\\/cordones-de-los-pantalones-de-oro-rosa-con-aglets-de-oro\\\/\",\"url\":\"https:\\\/\\\/www.loopkinglaces.com\\\/es\\\/products\\\/cordones-de-los-pantalones-de-oro-rosa-con-aglets-de-oro\\\/\",\"name\":\"Cordones de los Pantalones de Oro Rosa con Aglets de Oro\",\"isPartOf\":{\"@id\":\"https:\\\/\\\/www.loopkinglaces.com\\\/es\\\/#website\"},\"primaryImageOfPage\":{\"@id\":\"https:\\\/\\\/www.loopkinglaces.com\\\/es\\\/products\\\/cordones-de-los-pantalones-de-oro-rosa-con-aglets-de-oro\\\/#primaryimage\"},\"image\":{\"@id\":\"https:\\\/\\\/www.loopkinglaces.com\\\/es\\\/products\\\/cordones-de-los-pantalones-de-oro-rosa-con-aglets-de-oro\\\/#primaryimage\"},\"thumbnailUrl\":\"https:\\\/\\\/www.loopkinglaces.com\\\/wp-content\\\/uploads\\\/0804A-36-scaled.jpg\",\"datePublished\":\"2022-12-08T14:29:33+00:00\",\"description\":\"Nuestros cordones de cuerda con puntas doradas son cordones de alta calidad para pantalones cortos o pantalones. Cada cord\u00f3n viene con una punta dorada en relieve.\",\"breadcrumb\":{\"@id\":\"https:\\\/\\\/www.loopkinglaces.com\\\/es\\\/products\\\/cordones-de-los-pantalones-de-oro-rosa-con-aglets-de-oro\\\/#breadcrumb\"},\"inLanguage\":\"es\",\"potentialAction\":[{\"@type\":\"ReadAction\",\"target\":[\"https:\\\/\\\/www.loopkinglaces.com\\\/es\\\/products\\\/cordones-de-los-pantalones-de-oro-rosa-con-aglets-de-oro\\\/\"]}]},{\"@type\":\"ImageObject\",\"inLanguage\":\"es\",\"@id\":\"https:\\\/\\\/www.loopkinglaces.com\\\/es\\\/products\\\/cordones-de-los-pantalones-de-oro-rosa-con-aglets-de-oro\\\/#primaryimage\",\"url\":\"https:\\\/\\\/www.loopkinglaces.com\\\/wp-content\\\/uploads\\\/0804A-36-scaled.jpg\",\"contentUrl\":\"https:\\\/\\\/www.loopkinglaces.com\\\/wp-content\\\/uploads\\\/0804A-36-scaled.jpg\",\"width\":1600,\"height\":1536},{\"@type\":\"BreadcrumbList\",\"@id\":\"https:\\\/\\\/www.loopkinglaces.com\\\/es\\\/products\\\/cordones-de-los-pantalones-de-oro-rosa-con-aglets-de-oro\\\/#breadcrumb\",\"itemListElement\":[{\"@type\":\"ListItem\",\"position\":1,\"name\":\"Home\",\"item\":\"https:\\\/\\\/www.loopkinglaces.com\\\/es\\\/\"},{\"@type\":\"ListItem\",\"position\":2,\"name\":\"COMPRAR LACAS\",\"item\":\"https:\\\/\\\/www.loopkinglaces.com\\\/es\\\/comprar-lacas\\\/\"},{\"@type\":\"ListItem\",\"position\":3,\"name\":\"Cordones de los Pantalones de Oro Rosa con Aglets de Oro\"}]},{\"@type\":\"WebSite\",\"@id\":\"https:\\\/\\\/www.loopkinglaces.com\\\/es\\\/#website\",\"url\":\"https:\\\/\\\/www.loopkinglaces.com\\\/es\\\/\",\"name\":\"Luxury Gold Tip Shoelaces by Loop King Laces\",\"description\":\"Rope Laces, Flat Waxed Laces and Leather Laces. All With Gold Tips.\",\"publisher\":{\"@id\":\"https:\\\/\\\/www.loopkinglaces.com\\\/es\\\/#organization\"},\"potentialAction\":[{\"@type\":\"SearchAction\",\"target\":{\"@type\":\"EntryPoint\",\"urlTemplate\":\"https:\\\/\\\/www.loopkinglaces.com\\\/es\\\/?s={search_term_string}\"},\"query-input\":{\"@type\":\"PropertyValueSpecification\",\"valueRequired\":true,\"valueName\":\"search_term_string\"}}],\"inLanguage\":\"es\"},{\"@type\":\"Organization\",\"@id\":\"https:\\\/\\\/www.loopkinglaces.com\\\/es\\\/#organization\",\"name\":\"Loop King Laces\",\"url\":\"https:\\\/\\\/www.loopkinglaces.com\\\/es\\\/\",\"logo\":{\"@type\":\"ImageObject\",\"inLanguage\":\"es\",\"@id\":\"https:\\\/\\\/www.loopkinglaces.com\\\/es\\\/#\\\/schema\\\/logo\\\/image\\\/\",\"url\":\"https:\\\/\\\/www.loopkinglaces.com\\\/wp-content\\\/uploads\\\/LOOP-KING-LACES.1.1-01-LOGO-HI-RES-OFFICIAL-1.png\",\"contentUrl\":\"https:\\\/\\\/www.loopkinglaces.com\\\/wp-content\\\/uploads\\\/LOOP-KING-LACES.1.1-01-LOGO-HI-RES-OFFICIAL-1.png\",\"width\":128,\"height\":91,\"caption\":\"Loop King Laces\"},\"image\":{\"@id\":\"https:\\\/\\\/www.loopkinglaces.com\\\/es\\\/#\\\/schema\\\/logo\\\/image\\\/\"},\"sameAs\":[\"https:\\\/\\\/www.facebook.com\\\/LoopKingLaces\\\/\",\"https:\\\/\\\/x.com\\\/loopkinglaces\",\"https:\\\/\\\/www.instagram.com\\\/loopkinglaces\\\/\"]}]}<\/script>\n<!-- \/ Yoast SEO plugin. -->","yoast_head_json":{"title":"Cordones de los Pantalones de Oro Rosa con Aglets de Oro","description":"Nuestros cordones de cuerda con puntas doradas son cordones de alta calidad para pantalones cortos o pantalones. Cada cord\u00f3n viene con una punta dorada en relieve.","robots":{"index":"index","follow":"follow","max-snippet":"max-snippet:-1","max-image-preview":"max-image-preview:large","max-video-preview":"max-video-preview:-1"},"canonical":"https:\/\/www.loopkinglaces.com\/es\/products\/cordones-de-los-pantalones-de-oro-rosa-con-aglets-de-oro\/","og_locale":"es_ES","og_type":"article","og_title":"Cordones de los Pantalones de Oro Rosa con Aglets de Oro","og_description":"Nuestros cordones de cuerda con puntas doradas son cordones de alta calidad para pantalones cortos o pantalones. Cada cord\u00f3n viene con una punta dorada en relieve.","og_url":"https:\/\/www.loopkinglaces.com\/es\/products\/cordones-de-los-pantalones-de-oro-rosa-con-aglets-de-oro\/","og_site_name":"Luxury Gold Tip Shoelaces by Loop King Laces","article_publisher":"https:\/\/www.facebook.com\/LoopKingLaces\/","og_image":[{"width":1600,"height":1536,"url":"https:\/\/www.loopkinglaces.com\/wp-content\/uploads\/0804A-36-scaled.jpg","type":"image\/jpeg"}],"twitter_card":"summary_large_image","twitter_site":"@loopkinglaces","schema":{"@context":"https:\/\/schema.org","@graph":[{"@type":["WebPage","ItemPage"],"@id":"https:\/\/www.loopkinglaces.com\/es\/products\/cordones-de-los-pantalones-de-oro-rosa-con-aglets-de-oro\/","url":"https:\/\/www.loopkinglaces.com\/es\/products\/cordones-de-los-pantalones-de-oro-rosa-con-aglets-de-oro\/","name":"Cordones de los Pantalones de Oro Rosa con Aglets de Oro","isPartOf":{"@id":"https:\/\/www.loopkinglaces.com\/es\/#website"},"primaryImageOfPage":{"@id":"https:\/\/www.loopkinglaces.com\/es\/products\/cordones-de-los-pantalones-de-oro-rosa-con-aglets-de-oro\/#primaryimage"},"image":{"@id":"https:\/\/www.loopkinglaces.com\/es\/products\/cordones-de-los-pantalones-de-oro-rosa-con-aglets-de-oro\/#primaryimage"},"thumbnailUrl":"https:\/\/www.loopkinglaces.com\/wp-content\/uploads\/0804A-36-scaled.jpg","datePublished":"2022-12-08T14:29:33+00:00","description":"Nuestros cordones de cuerda con puntas doradas son cordones de alta calidad para pantalones cortos o pantalones. Cada cord\u00f3n viene con una punta dorada en relieve.","breadcrumb":{"@id":"https:\/\/www.loopkinglaces.com\/es\/products\/cordones-de-los-pantalones-de-oro-rosa-con-aglets-de-oro\/#breadcrumb"},"inLanguage":"es","potentialAction":[{"@type":"ReadAction","target":["https:\/\/www.loopkinglaces.com\/es\/products\/cordones-de-los-pantalones-de-oro-rosa-con-aglets-de-oro\/"]}]},{"@type":"ImageObject","inLanguage":"es","@id":"https:\/\/www.loopkinglaces.com\/es\/products\/cordones-de-los-pantalones-de-oro-rosa-con-aglets-de-oro\/#primaryimage","url":"https:\/\/www.loopkinglaces.com\/wp-content\/uploads\/0804A-36-scaled.jpg","contentUrl":"https:\/\/www.loopkinglaces.com\/wp-content\/uploads\/0804A-36-scaled.jpg","width":1600,"height":1536},{"@type":"BreadcrumbList","@id":"https:\/\/www.loopkinglaces.com\/es\/products\/cordones-de-los-pantalones-de-oro-rosa-con-aglets-de-oro\/#breadcrumb","itemListElement":[{"@type":"ListItem","position":1,"name":"Home","item":"https:\/\/www.loopkinglaces.com\/es\/"},{"@type":"ListItem","position":2,"name":"COMPRAR LACAS","item":"https:\/\/www.loopkinglaces.com\/es\/comprar-lacas\/"},{"@type":"ListItem","position":3,"name":"Cordones de los Pantalones de Oro Rosa con Aglets de Oro"}]},{"@type":"WebSite","@id":"https:\/\/www.loopkinglaces.com\/es\/#website","url":"https:\/\/www.loopkinglaces.com\/es\/","name":"Luxury Gold Tip Shoelaces by Loop King Laces","description":"Rope Laces, Flat Waxed Laces and Leather Laces. All With Gold Tips.","publisher":{"@id":"https:\/\/www.loopkinglaces.com\/es\/#organization"},"potentialAction":[{"@type":"SearchAction","target":{"@type":"EntryPoint","urlTemplate":"https:\/\/www.loopkinglaces.com\/es\/?s={search_term_string}"},"query-input":{"@type":"PropertyValueSpecification","valueRequired":true,"valueName":"search_term_string"}}],"inLanguage":"es"},{"@type":"Organization","@id":"https:\/\/www.loopkinglaces.com\/es\/#organization","name":"Loop King Laces","url":"https:\/\/www.loopkinglaces.com\/es\/","logo":{"@type":"ImageObject","inLanguage":"es","@id":"https:\/\/www.loopkinglaces.com\/es\/#\/schema\/logo\/image\/","url":"https:\/\/www.loopkinglaces.com\/wp-content\/uploads\/LOOP-KING-LACES.1.1-01-LOGO-HI-RES-OFFICIAL-1.png","contentUrl":"https:\/\/www.loopkinglaces.com\/wp-content\/uploads\/LOOP-KING-LACES.1.1-01-LOGO-HI-RES-OFFICIAL-1.png","width":128,"height":91,"caption":"Loop King Laces"},"image":{"@id":"https:\/\/www.loopkinglaces.com\/es\/#\/schema\/logo\/image\/"},"sameAs":["https:\/\/www.facebook.com\/LoopKingLaces\/","https:\/\/x.com\/loopkinglaces","https:\/\/www.instagram.com\/loopkinglaces\/"]}]}},"_links":{"self":[{"href":"https:\/\/www.loopkinglaces.com\/es\/wp-json\/wp\/v2\/product\/73771","targetHints":{"allow":["GET"]}}],"collection":[{"href":"https:\/\/www.loopkinglaces.com\/es\/wp-json\/wp\/v2\/product"}],"about":[{"href":"https:\/\/www.loopkinglaces.com\/es\/wp-json\/wp\/v2\/types\/product"}],"replies":[{"embeddable":true,"href":"https:\/\/www.loopkinglaces.com\/es\/wp-json\/wp\/v2\/comments?post=73771"}],"wp:featuredmedia":[{"embeddable":true,"href":"https:\/\/www.loopkinglaces.com\/es\/wp-json\/wp\/v2\/media\/51677"}],"wp:attachment":[{"href":"https:\/\/www.loopkinglaces.com\/es\/wp-json\/wp\/v2\/media?parent=73771"}],"wp:term":[{"taxonomy":"product_brand","embeddable":true,"href":"https:\/\/www.loopkinglaces.com\/es\/wp-json\/wp\/v2\/product_brand?post=73771"},{"taxonomy":"product_cat","embeddable":true,"href":"https:\/\/www.loopkinglaces.com\/es\/wp-json\/wp\/v2\/product_cat?post=73771"},{"taxonomy":"product_tag","embeddable":true,"href":"https:\/\/www.loopkinglaces.com\/es\/wp-json\/wp\/v2\/product_tag?post=73771"},{"taxonomy":"woo-feed-brand","embeddable":true,"href":"https:\/\/www.loopkinglaces.com\/es\/wp-json\/wp\/v2\/woo-feed-brand?post=73771"}],"curies":[{"name":"wp","href":"https:\/\/api.w.org\/{rel}","templated":true}]}}