{"id":73599,"date":"2022-11-29T13:43:05","date_gmt":"2022-11-29T13:43:05","guid":{"rendered":"https:\/\/www.loopkinglaces.com\/products\/impresionantes-cuerdas-de-capucha-amarillas-con-puntas-de-aglet-de-oro-ritzy\/"},"modified":"2022-11-29T13:43:05","modified_gmt":"2022-11-29T13:43:05","slug":"impresionantes-cuerdas-de-capucha-amarillas-con-puntas-de-aglet-de-oro-ritzy","status":"publish","type":"product","link":"https:\/\/www.loopkinglaces.com\/es\/products\/impresionantes-cuerdas-de-capucha-amarillas-con-puntas-de-aglet-de-oro-ritzy\/","title":{"rendered":"Impresionantes Cuerdas de Capucha Amarillas con Puntas de Aglet de Oro Ritzy"},"content":{"rendered":"<p>Los cordones Loop King s\u00f3lo proporcionan cordones de sudadera y sudadera con capucha de punta dorada de la m\u00e1s alta calidad.<br \/>\nNuestros cordones de cuero aut\u00e9ntico para sudaderas con capucha est\u00e1n fabricados con puntas de metal repujadas en las que aparece LOOP KING y nuestra corona simb\u00f3lica.<br \/>\nCada cord\u00f3n es 100% Resistente al Fuego, lo que demuestra la verdadera calidad de nuestros cordones.  <\/p>\n","protected":false},"excerpt":{"rendered":"<p><span style=\"font-weight: 400;\">Nuestras cuerdas de capucha amarillas de gama alta son las mejores en este sentido, ya que son gruesas, exuberantes y presentan puntas de agleta dorada en relieve.<\/span><\/p>\n<p><span style=\"font-weight: 400;\">Las puntas de agleta de oro tambi\u00e9n evitan que las cuerdas se deshilachen en los extremos, lo que a menudo marca el final de un par de cuerdas. Las caracter\u00edsticas principales son:<\/span><\/p>\n<ul>\n<li style=\"font-weight: 400;\" aria-level=\"1\"><span style=\"font-weight: 400;\">Cuero fino  <\/span><\/li>\n<li style=\"font-weight: 400;\" aria-level=\"1\"><span style=\"font-weight: 400;\">Color amarillo energ\u00e9tico  <\/span><\/li>\n<li style=\"font-weight: 400;\" aria-level=\"1\"><span style=\"font-weight: 400;\">Puntas de agleta doradas en relieve con el nombre LoopKing  <\/span><\/li>\n<li style=\"font-weight: 400;\" aria-level=\"1\"><span style=\"font-weight: 400;\">Durar\u00e1 m\u00e1s que otras marcas 3x<\/span><\/li>\n<li style=\"font-weight: 400;\" aria-level=\"1\"><span style=\"font-weight: 400;\">Embalaje precioso y sellado<\/span><\/li>\n<\/ul>\n","protected":false},"featured_media":73481,"comment_status":"closed","ping_status":"closed","template":"","meta":{"_acf_changed":false},"product_brand":[],"product_cat":[1514,1425],"product_tag":[],"woo-feed-brand":[],"class_list":{"0":"post-73599","1":"product","2":"type-product","3":"status-publish","4":"has-post-thumbnail","6":"product_cat-cordones-de-lujo-para-capucha-con-puntas-doradas-para-un-ajuste-cenido-y-un-toque-chic-anadido","7":"product_cat-extremos-de-cordon-dorados-para-sudaderas-que-alargaran-la-vida-util-de-tus-cordones","9":"first","10":"instock","11":"taxable","12":"shipping-taxable","13":"purchasable","14":"product-type-variable"},"acf":[],"yoast_head":"<!-- This site is optimized with the Yoast SEO plugin v27.5 - https:\/\/yoast.com\/product\/yoast-seo-wordpress\/ -->\n<title>Preciosas Cuerdas de Sudadera Amarillas Duraderas y Vibrantes<\/title>\n<meta name=\"description\" content=\"Nuestros cordones amarillos de primera calidad a\u00f1adir\u00e1n un rayo de sol a tus sudaderas con capucha, y las puntas doradas rematan las cosas con un lujo extra. No esperes m\u00e1s para echarles un vistazo.\" \/>\n<meta name=\"robots\" content=\"index, follow, max-snippet:-1, max-image-preview:large, max-video-preview:-1\" \/>\n<link rel=\"canonical\" href=\"https:\/\/www.loopkinglaces.com\/es\/products\/impresionantes-cuerdas-de-capucha-amarillas-con-puntas-de-aglet-de-oro-ritzy\/\" \/>\n<meta property=\"og:locale\" content=\"es_ES\" \/>\n<meta property=\"og:type\" content=\"article\" \/>\n<meta property=\"og:title\" content=\"Preciosas Cuerdas de Sudadera Amarillas Duraderas y Vibrantes\" \/>\n<meta property=\"og:description\" content=\"Nuestros cordones amarillos de primera calidad a\u00f1adir\u00e1n un rayo de sol a tus sudaderas con capucha, y las puntas doradas rematan las cosas con un lujo extra. No esperes m\u00e1s para echarles un vistazo.\" \/>\n<meta property=\"og:url\" content=\"https:\/\/www.loopkinglaces.com\/es\/products\/impresionantes-cuerdas-de-capucha-amarillas-con-puntas-de-aglet-de-oro-ritzy\/\" \/>\n<meta property=\"og:site_name\" content=\"Luxury Gold Tip Shoelaces by Loop King Laces\" \/>\n<meta property=\"article:publisher\" content=\"https:\/\/www.facebook.com\/LoopKingLaces\/\" \/>\n<meta property=\"og:image\" content=\"https:\/\/www.loopkinglaces.com\/wp-content\/uploads\/IMG_1645.jpg\" \/>\n\t<meta property=\"og:image:width\" content=\"1600\" \/>\n\t<meta property=\"og:image:height\" content=\"1597\" \/>\n\t<meta property=\"og:image:type\" content=\"image\/jpeg\" \/>\n<meta name=\"twitter:card\" content=\"summary_large_image\" \/>\n<meta name=\"twitter:site\" content=\"@loopkinglaces\" \/>\n<script type=\"application\/ld+json\" class=\"yoast-schema-graph\">{\"@context\":\"https:\\\/\\\/schema.org\",\"@graph\":[{\"@type\":[\"WebPage\",\"ItemPage\"],\"@id\":\"https:\\\/\\\/www.loopkinglaces.com\\\/es\\\/products\\\/impresionantes-cuerdas-de-capucha-amarillas-con-puntas-de-aglet-de-oro-ritzy\\\/\",\"url\":\"https:\\\/\\\/www.loopkinglaces.com\\\/es\\\/products\\\/impresionantes-cuerdas-de-capucha-amarillas-con-puntas-de-aglet-de-oro-ritzy\\\/\",\"name\":\"Preciosas Cuerdas de Sudadera Amarillas Duraderas y Vibrantes\",\"isPartOf\":{\"@id\":\"https:\\\/\\\/www.loopkinglaces.com\\\/es\\\/#website\"},\"primaryImageOfPage\":{\"@id\":\"https:\\\/\\\/www.loopkinglaces.com\\\/es\\\/products\\\/impresionantes-cuerdas-de-capucha-amarillas-con-puntas-de-aglet-de-oro-ritzy\\\/#primaryimage\"},\"image\":{\"@id\":\"https:\\\/\\\/www.loopkinglaces.com\\\/es\\\/products\\\/impresionantes-cuerdas-de-capucha-amarillas-con-puntas-de-aglet-de-oro-ritzy\\\/#primaryimage\"},\"thumbnailUrl\":\"https:\\\/\\\/www.loopkinglaces.com\\\/wp-content\\\/uploads\\\/IMG_1645.jpg\",\"datePublished\":\"2022-11-29T13:43:05+00:00\",\"description\":\"Nuestros cordones amarillos de primera calidad a\u00f1adir\u00e1n un rayo de sol a tus sudaderas con capucha, y las puntas doradas rematan las cosas con un lujo extra. No esperes m\u00e1s para echarles un vistazo.\",\"breadcrumb\":{\"@id\":\"https:\\\/\\\/www.loopkinglaces.com\\\/es\\\/products\\\/impresionantes-cuerdas-de-capucha-amarillas-con-puntas-de-aglet-de-oro-ritzy\\\/#breadcrumb\"},\"inLanguage\":\"es\",\"potentialAction\":[{\"@type\":\"ReadAction\",\"target\":[\"https:\\\/\\\/www.loopkinglaces.com\\\/es\\\/products\\\/impresionantes-cuerdas-de-capucha-amarillas-con-puntas-de-aglet-de-oro-ritzy\\\/\"]}]},{\"@type\":\"ImageObject\",\"inLanguage\":\"es\",\"@id\":\"https:\\\/\\\/www.loopkinglaces.com\\\/es\\\/products\\\/impresionantes-cuerdas-de-capucha-amarillas-con-puntas-de-aglet-de-oro-ritzy\\\/#primaryimage\",\"url\":\"https:\\\/\\\/www.loopkinglaces.com\\\/wp-content\\\/uploads\\\/IMG_1645.jpg\",\"contentUrl\":\"https:\\\/\\\/www.loopkinglaces.com\\\/wp-content\\\/uploads\\\/IMG_1645.jpg\",\"width\":1600,\"height\":1597},{\"@type\":\"BreadcrumbList\",\"@id\":\"https:\\\/\\\/www.loopkinglaces.com\\\/es\\\/products\\\/impresionantes-cuerdas-de-capucha-amarillas-con-puntas-de-aglet-de-oro-ritzy\\\/#breadcrumb\",\"itemListElement\":[{\"@type\":\"ListItem\",\"position\":1,\"name\":\"Home\",\"item\":\"https:\\\/\\\/www.loopkinglaces.com\\\/es\\\/\"},{\"@type\":\"ListItem\",\"position\":2,\"name\":\"COMPRAR LACAS\",\"item\":\"https:\\\/\\\/www.loopkinglaces.com\\\/es\\\/comprar-lacas\\\/\"},{\"@type\":\"ListItem\",\"position\":3,\"name\":\"Impresionantes Cuerdas de Capucha Amarillas con Puntas de Aglet de Oro Ritzy\"}]},{\"@type\":\"WebSite\",\"@id\":\"https:\\\/\\\/www.loopkinglaces.com\\\/es\\\/#website\",\"url\":\"https:\\\/\\\/www.loopkinglaces.com\\\/es\\\/\",\"name\":\"Luxury Gold Tip Shoelaces by Loop King Laces\",\"description\":\"Rope Laces, Flat Waxed Laces and Leather Laces. All With Gold Tips.\",\"publisher\":{\"@id\":\"https:\\\/\\\/www.loopkinglaces.com\\\/es\\\/#organization\"},\"potentialAction\":[{\"@type\":\"SearchAction\",\"target\":{\"@type\":\"EntryPoint\",\"urlTemplate\":\"https:\\\/\\\/www.loopkinglaces.com\\\/es\\\/?s={search_term_string}\"},\"query-input\":{\"@type\":\"PropertyValueSpecification\",\"valueRequired\":true,\"valueName\":\"search_term_string\"}}],\"inLanguage\":\"es\"},{\"@type\":\"Organization\",\"@id\":\"https:\\\/\\\/www.loopkinglaces.com\\\/es\\\/#organization\",\"name\":\"Loop King Laces\",\"url\":\"https:\\\/\\\/www.loopkinglaces.com\\\/es\\\/\",\"logo\":{\"@type\":\"ImageObject\",\"inLanguage\":\"es\",\"@id\":\"https:\\\/\\\/www.loopkinglaces.com\\\/es\\\/#\\\/schema\\\/logo\\\/image\\\/\",\"url\":\"https:\\\/\\\/www.loopkinglaces.com\\\/wp-content\\\/uploads\\\/LOOP-KING-LACES.1.1-01-LOGO-HI-RES-OFFICIAL-1.png\",\"contentUrl\":\"https:\\\/\\\/www.loopkinglaces.com\\\/wp-content\\\/uploads\\\/LOOP-KING-LACES.1.1-01-LOGO-HI-RES-OFFICIAL-1.png\",\"width\":128,\"height\":91,\"caption\":\"Loop King Laces\"},\"image\":{\"@id\":\"https:\\\/\\\/www.loopkinglaces.com\\\/es\\\/#\\\/schema\\\/logo\\\/image\\\/\"},\"sameAs\":[\"https:\\\/\\\/www.facebook.com\\\/LoopKingLaces\\\/\",\"https:\\\/\\\/x.com\\\/loopkinglaces\",\"https:\\\/\\\/www.instagram.com\\\/loopkinglaces\\\/\"]}]}<\/script>\n<!-- \/ Yoast SEO plugin. -->","yoast_head_json":{"title":"Preciosas Cuerdas de Sudadera Amarillas Duraderas y Vibrantes","description":"Nuestros cordones amarillos de primera calidad a\u00f1adir\u00e1n un rayo de sol a tus sudaderas con capucha, y las puntas doradas rematan las cosas con un lujo extra. No esperes m\u00e1s para echarles un vistazo.","robots":{"index":"index","follow":"follow","max-snippet":"max-snippet:-1","max-image-preview":"max-image-preview:large","max-video-preview":"max-video-preview:-1"},"canonical":"https:\/\/www.loopkinglaces.com\/es\/products\/impresionantes-cuerdas-de-capucha-amarillas-con-puntas-de-aglet-de-oro-ritzy\/","og_locale":"es_ES","og_type":"article","og_title":"Preciosas Cuerdas de Sudadera Amarillas Duraderas y Vibrantes","og_description":"Nuestros cordones amarillos de primera calidad a\u00f1adir\u00e1n un rayo de sol a tus sudaderas con capucha, y las puntas doradas rematan las cosas con un lujo extra. No esperes m\u00e1s para echarles un vistazo.","og_url":"https:\/\/www.loopkinglaces.com\/es\/products\/impresionantes-cuerdas-de-capucha-amarillas-con-puntas-de-aglet-de-oro-ritzy\/","og_site_name":"Luxury Gold Tip Shoelaces by Loop King Laces","article_publisher":"https:\/\/www.facebook.com\/LoopKingLaces\/","og_image":[{"width":1600,"height":1597,"url":"https:\/\/www.loopkinglaces.com\/wp-content\/uploads\/IMG_1645.jpg","type":"image\/jpeg"}],"twitter_card":"summary_large_image","twitter_site":"@loopkinglaces","schema":{"@context":"https:\/\/schema.org","@graph":[{"@type":["WebPage","ItemPage"],"@id":"https:\/\/www.loopkinglaces.com\/es\/products\/impresionantes-cuerdas-de-capucha-amarillas-con-puntas-de-aglet-de-oro-ritzy\/","url":"https:\/\/www.loopkinglaces.com\/es\/products\/impresionantes-cuerdas-de-capucha-amarillas-con-puntas-de-aglet-de-oro-ritzy\/","name":"Preciosas Cuerdas de Sudadera Amarillas Duraderas y Vibrantes","isPartOf":{"@id":"https:\/\/www.loopkinglaces.com\/es\/#website"},"primaryImageOfPage":{"@id":"https:\/\/www.loopkinglaces.com\/es\/products\/impresionantes-cuerdas-de-capucha-amarillas-con-puntas-de-aglet-de-oro-ritzy\/#primaryimage"},"image":{"@id":"https:\/\/www.loopkinglaces.com\/es\/products\/impresionantes-cuerdas-de-capucha-amarillas-con-puntas-de-aglet-de-oro-ritzy\/#primaryimage"},"thumbnailUrl":"https:\/\/www.loopkinglaces.com\/wp-content\/uploads\/IMG_1645.jpg","datePublished":"2022-11-29T13:43:05+00:00","description":"Nuestros cordones amarillos de primera calidad a\u00f1adir\u00e1n un rayo de sol a tus sudaderas con capucha, y las puntas doradas rematan las cosas con un lujo extra. No esperes m\u00e1s para echarles un vistazo.","breadcrumb":{"@id":"https:\/\/www.loopkinglaces.com\/es\/products\/impresionantes-cuerdas-de-capucha-amarillas-con-puntas-de-aglet-de-oro-ritzy\/#breadcrumb"},"inLanguage":"es","potentialAction":[{"@type":"ReadAction","target":["https:\/\/www.loopkinglaces.com\/es\/products\/impresionantes-cuerdas-de-capucha-amarillas-con-puntas-de-aglet-de-oro-ritzy\/"]}]},{"@type":"ImageObject","inLanguage":"es","@id":"https:\/\/www.loopkinglaces.com\/es\/products\/impresionantes-cuerdas-de-capucha-amarillas-con-puntas-de-aglet-de-oro-ritzy\/#primaryimage","url":"https:\/\/www.loopkinglaces.com\/wp-content\/uploads\/IMG_1645.jpg","contentUrl":"https:\/\/www.loopkinglaces.com\/wp-content\/uploads\/IMG_1645.jpg","width":1600,"height":1597},{"@type":"BreadcrumbList","@id":"https:\/\/www.loopkinglaces.com\/es\/products\/impresionantes-cuerdas-de-capucha-amarillas-con-puntas-de-aglet-de-oro-ritzy\/#breadcrumb","itemListElement":[{"@type":"ListItem","position":1,"name":"Home","item":"https:\/\/www.loopkinglaces.com\/es\/"},{"@type":"ListItem","position":2,"name":"COMPRAR LACAS","item":"https:\/\/www.loopkinglaces.com\/es\/comprar-lacas\/"},{"@type":"ListItem","position":3,"name":"Impresionantes Cuerdas de Capucha Amarillas con Puntas de Aglet de Oro Ritzy"}]},{"@type":"WebSite","@id":"https:\/\/www.loopkinglaces.com\/es\/#website","url":"https:\/\/www.loopkinglaces.com\/es\/","name":"Luxury Gold Tip Shoelaces by Loop King Laces","description":"Rope Laces, Flat Waxed Laces and Leather Laces. All With Gold Tips.","publisher":{"@id":"https:\/\/www.loopkinglaces.com\/es\/#organization"},"potentialAction":[{"@type":"SearchAction","target":{"@type":"EntryPoint","urlTemplate":"https:\/\/www.loopkinglaces.com\/es\/?s={search_term_string}"},"query-input":{"@type":"PropertyValueSpecification","valueRequired":true,"valueName":"search_term_string"}}],"inLanguage":"es"},{"@type":"Organization","@id":"https:\/\/www.loopkinglaces.com\/es\/#organization","name":"Loop King Laces","url":"https:\/\/www.loopkinglaces.com\/es\/","logo":{"@type":"ImageObject","inLanguage":"es","@id":"https:\/\/www.loopkinglaces.com\/es\/#\/schema\/logo\/image\/","url":"https:\/\/www.loopkinglaces.com\/wp-content\/uploads\/LOOP-KING-LACES.1.1-01-LOGO-HI-RES-OFFICIAL-1.png","contentUrl":"https:\/\/www.loopkinglaces.com\/wp-content\/uploads\/LOOP-KING-LACES.1.1-01-LOGO-HI-RES-OFFICIAL-1.png","width":128,"height":91,"caption":"Loop King Laces"},"image":{"@id":"https:\/\/www.loopkinglaces.com\/es\/#\/schema\/logo\/image\/"},"sameAs":["https:\/\/www.facebook.com\/LoopKingLaces\/","https:\/\/x.com\/loopkinglaces","https:\/\/www.instagram.com\/loopkinglaces\/"]}]}},"_links":{"self":[{"href":"https:\/\/www.loopkinglaces.com\/es\/wp-json\/wp\/v2\/product\/73599","targetHints":{"allow":["GET"]}}],"collection":[{"href":"https:\/\/www.loopkinglaces.com\/es\/wp-json\/wp\/v2\/product"}],"about":[{"href":"https:\/\/www.loopkinglaces.com\/es\/wp-json\/wp\/v2\/types\/product"}],"replies":[{"embeddable":true,"href":"https:\/\/www.loopkinglaces.com\/es\/wp-json\/wp\/v2\/comments?post=73599"}],"wp:featuredmedia":[{"embeddable":true,"href":"https:\/\/www.loopkinglaces.com\/es\/wp-json\/wp\/v2\/media\/73481"}],"wp:attachment":[{"href":"https:\/\/www.loopkinglaces.com\/es\/wp-json\/wp\/v2\/media?parent=73599"}],"wp:term":[{"taxonomy":"product_brand","embeddable":true,"href":"https:\/\/www.loopkinglaces.com\/es\/wp-json\/wp\/v2\/product_brand?post=73599"},{"taxonomy":"product_cat","embeddable":true,"href":"https:\/\/www.loopkinglaces.com\/es\/wp-json\/wp\/v2\/product_cat?post=73599"},{"taxonomy":"product_tag","embeddable":true,"href":"https:\/\/www.loopkinglaces.com\/es\/wp-json\/wp\/v2\/product_tag?post=73599"},{"taxonomy":"woo-feed-brand","embeddable":true,"href":"https:\/\/www.loopkinglaces.com\/es\/wp-json\/wp\/v2\/woo-feed-brand?post=73599"}],"curies":[{"name":"wp","href":"https:\/\/api.w.org\/{rel}","templated":true}]}}