{"id":73467,"date":"2022-09-07T16:44:01","date_gmt":"2022-09-07T16:44:01","guid":{"rendered":"https:\/\/www.loopkinglaces.com\/products\/impresionantes-cordones-de-cuero-amarillo-con-puntas-de-aglet-de-oro-ritzy\/"},"modified":"2022-09-07T16:44:01","modified_gmt":"2022-09-07T16:44:01","slug":"impresionantes-cordones-de-cuero-amarillo-con-puntas-de-aglet-de-oro-ritzy","status":"publish","type":"product","link":"https:\/\/www.loopkinglaces.com\/es\/products\/impresionantes-cordones-de-cuero-amarillo-con-puntas-de-aglet-de-oro-ritzy\/","title":{"rendered":"Impresionantes Cordones de Cuero Amarillo con Puntas de Aglet de Oro Ritzy"},"content":{"rendered":"<h3><a href=\"https:\/\/www.loopkinglaces.com\/\">Cordones de lujo para zapatillas<\/a><\/h3>\n<p>  Loop King Laces s\u00f3lo proporciona cordones de punta dorada de la m\u00e1s alta calidad.<br \/>\nNuestros cordones de cuero aut\u00e9ntico est\u00e1n fabricados con puntas met\u00e1licas en relieve con la inscripci\u00f3n LOOP KING y nuestra corona simb\u00f3lica.<br \/>\nCada cord\u00f3n es 100% Resistente al Fuego, lo que demuestra nuestra verdadera calidad.<br \/>\nNuestros cordones se adaptan a todo tipo de zapatillas y marcas, como Adidas, Nike, VANS, etc., \u00a1e incluso convierten las zapatillas Jordan en cordones Jordan con puntas de metal!<br \/>\nPara averiguar la longitud de los cordones de tu zapatilla, visita nuestra <a href=\"\/shoelace-size-chart\/\">Gu\u00eda de tallas<\/a>, donde podr\u00e1s encontrar la talla perfecta de cordones para tus zapatillas. <span style=\"font-weight: 400;\">Tanto si calzas Jordans, Dunks, Yeezys, Chuck Taylors u otro tipo de zapatillas, <\/span><b>nuestros cordones les dar\u00e1n al instante un aspecto de primera categor\u00eda<\/b><span style=\"font-weight: 400;\">. <\/span><i><span style=\"font-weight: 400;\">\u00bfPor qu\u00e9?<\/span><\/i><span style=\"font-weight: 400;\">Se debe a nuestros materiales, cuero fino para nuestros cordones, por eso son tan duraderos. <\/span>     <\/p>\n<p><span style=\"font-weight: 400;\">Ofrecemos varias longitudes para tu comodidad en funci\u00f3n de los juegos de ojales de tu calzado. \u00bfA qu\u00e9 esperas? Pide tu par hoy mismo&#8230;  <\/span><\/p>\n","protected":false},"excerpt":{"rendered":"<p><span style=\"font-weight: 400;\">Utilizar cordones de primera calidad es una forma estupenda de hacer que las zapatillas de gama alta como las Air Jordan (o incluso zapatillas m\u00e1s sencillas) parezcan a\u00fan m\u00e1s caras.<\/span><\/p>\n<p><span style=\"font-weight: 400;\">Nuestros cordones de cuero amarillo de gama alta son los mejores en este sentido, ya que son gruesos, exuberantes e incorporan puntas de agleta dorada en relieve.<\/span><\/p>\n<p><span style=\"font-weight: 400;\">Las puntas de agleta doradas tambi\u00e9n evitan que los cordones se deshilachen en los extremos, lo que a menudo marca el final de un par de cordones. Las caracter\u00edsticas principales son:<\/span><\/p>\n<ul>\n<li style=\"font-weight: 400;\" aria-level=\"1\"><span style=\"font-weight: 400;\">Cuero fino  <\/span><\/li>\n<li style=\"font-weight: 400;\" aria-level=\"1\"><span style=\"font-weight: 400;\">Color amarillo energ\u00e9tico  <\/span><\/li>\n<li style=\"font-weight: 400;\" aria-level=\"1\"><span style=\"font-weight: 400;\">Puntas de agleta doradas en relieve con el nombre LoopKing  <\/span><\/li>\n<li style=\"font-weight: 400;\" aria-level=\"1\"><span style=\"font-weight: 400;\">Se adapta a la mayor\u00eda de las principales marcas de calzado (Nike, Adidas, Reebok, Vans, Converse, etc.)  <\/span><\/li>\n<li style=\"font-weight: 400;\" aria-level=\"1\"><span style=\"font-weight: 400;\">Durar\u00e1 m\u00e1s que otras marcas de cordones 3x<\/span><\/li>\n<li style=\"font-weight: 400;\" aria-level=\"1\"><span style=\"font-weight: 400;\">Embalaje precioso y sellado<\/span><\/li>\n<\/ul>\n","protected":false},"featured_media":73481,"comment_status":"open","ping_status":"closed","template":"","meta":{"_acf_changed":false},"product_brand":[],"product_cat":[1369,1454,881,1213,1076,1566,1176,1413,1590,1684,1464,877],"product_tag":[],"woo-feed-brand":[],"class_list":{"0":"post-73467","1":"product","2":"type-product","3":"status-publish","4":"has-post-thumbnail","6":"product_cat-cordones-amarillos-para-anadir-un-rayo-de-sol-a-tu-calzado","7":"product_cat-cordones-amarillos-para-botas-que-brillan-mas-que-el-resto-y-se-ajustan-perfectamente","8":"product_cat-cordones-de-48-pulgadas","9":"product_cat-cordones-de-80-pulgadas-el-secreto-de-unos-pasos-elegantes","10":"product_cat-cordones-de-cuero-de-lujo","11":"product_cat-cordones-de-raza-humana","12":"product_cat-cordones-para-zapatillas-de-monopatin-rad-que-parecen-volar-y-se-ajustan-genial","13":"product_cat-cordones-premium-negros-y-amarillos-perfectos-para-cualquier-estilo","14":"product_cat-cordones-premium-ultraboost-para-electrificar-tus-zapatillas","15":"product_cat-lujosos-cordones-de-cuerda-louis-vuitton-que-complementan-tu-sofisticacion-y-estilo","16":"product_cat-por-que-los-cordones-para-correr-son-mas-importantes-de-lo-que-crees","17":"product_cat-todos-los-cordones","19":"first","20":"instock","21":"taxable","22":"shipping-taxable","23":"purchasable","24":"product-type-variable"},"acf":[],"yoast_head":"<!-- This site is optimized with the Yoast SEO plugin v27.4 - https:\/\/yoast.com\/product\/yoast-seo-wordpress\/ -->\n<title>Preciosos Cordones de Piel Amarillos Duraderos y Vibrantes<\/title>\n<meta name=\"description\" content=\"Nuestros cordones de cuero amarillo de primera calidad a\u00f1adir\u00e1n un rayo de sol a tu calzado, y las puntas doradas rematan las cosas con un lujo extra. No esperes m\u00e1s para echarles un vistazo.\" \/>\n<meta name=\"robots\" content=\"index, follow, max-snippet:-1, max-image-preview:large, max-video-preview:-1\" \/>\n<link rel=\"canonical\" href=\"https:\/\/www.loopkinglaces.com\/es\/products\/impresionantes-cordones-de-cuero-amarillo-con-puntas-de-aglet-de-oro-ritzy\/\" \/>\n<meta property=\"og:locale\" content=\"es_ES\" \/>\n<meta property=\"og:type\" content=\"article\" \/>\n<meta property=\"og:title\" content=\"Preciosos Cordones de Piel Amarillos Duraderos y Vibrantes\" \/>\n<meta property=\"og:description\" content=\"Nuestros cordones de cuero amarillo de primera calidad a\u00f1adir\u00e1n un rayo de sol a tu calzado, y las puntas doradas rematan las cosas con un lujo extra. No esperes m\u00e1s para echarles un vistazo.\" \/>\n<meta property=\"og:url\" content=\"https:\/\/www.loopkinglaces.com\/es\/products\/impresionantes-cordones-de-cuero-amarillo-con-puntas-de-aglet-de-oro-ritzy\/\" \/>\n<meta property=\"og:site_name\" content=\"Luxury Gold Tip Shoelaces by Loop King Laces\" \/>\n<meta property=\"article:publisher\" content=\"https:\/\/www.facebook.com\/LoopKingLaces\/\" \/>\n<meta property=\"og:image\" content=\"https:\/\/www.loopkinglaces.com\/wp-content\/uploads\/IMG_1645.jpg\" \/>\n\t<meta property=\"og:image:width\" content=\"1600\" \/>\n\t<meta property=\"og:image:height\" content=\"1597\" \/>\n\t<meta property=\"og:image:type\" content=\"image\/jpeg\" \/>\n<meta name=\"twitter:card\" content=\"summary_large_image\" \/>\n<meta name=\"twitter:site\" content=\"@loopkinglaces\" \/>\n<meta name=\"twitter:label1\" content=\"Tiempo de lectura\" \/>\n\t<meta name=\"twitter:data1\" content=\"1 minuto\" \/>\n<script type=\"application\/ld+json\" class=\"yoast-schema-graph\">{\"@context\":\"https:\\\/\\\/schema.org\",\"@graph\":[{\"@type\":[\"WebPage\",\"ItemPage\"],\"@id\":\"https:\\\/\\\/www.loopkinglaces.com\\\/es\\\/products\\\/impresionantes-cordones-de-cuero-amarillo-con-puntas-de-aglet-de-oro-ritzy\\\/\",\"url\":\"https:\\\/\\\/www.loopkinglaces.com\\\/es\\\/products\\\/impresionantes-cordones-de-cuero-amarillo-con-puntas-de-aglet-de-oro-ritzy\\\/\",\"name\":\"Preciosos Cordones de Piel Amarillos Duraderos y Vibrantes\",\"isPartOf\":{\"@id\":\"https:\\\/\\\/www.loopkinglaces.com\\\/es\\\/#website\"},\"primaryImageOfPage\":{\"@id\":\"https:\\\/\\\/www.loopkinglaces.com\\\/es\\\/products\\\/impresionantes-cordones-de-cuero-amarillo-con-puntas-de-aglet-de-oro-ritzy\\\/#primaryimage\"},\"image\":{\"@id\":\"https:\\\/\\\/www.loopkinglaces.com\\\/es\\\/products\\\/impresionantes-cordones-de-cuero-amarillo-con-puntas-de-aglet-de-oro-ritzy\\\/#primaryimage\"},\"thumbnailUrl\":\"https:\\\/\\\/www.loopkinglaces.com\\\/wp-content\\\/uploads\\\/IMG_1645.jpg\",\"datePublished\":\"2022-09-07T16:44:01+00:00\",\"description\":\"Nuestros cordones de cuero amarillo de primera calidad a\u00f1adir\u00e1n un rayo de sol a tu calzado, y las puntas doradas rematan las cosas con un lujo extra. No esperes m\u00e1s para echarles un vistazo.\",\"breadcrumb\":{\"@id\":\"https:\\\/\\\/www.loopkinglaces.com\\\/es\\\/products\\\/impresionantes-cordones-de-cuero-amarillo-con-puntas-de-aglet-de-oro-ritzy\\\/#breadcrumb\"},\"inLanguage\":\"es\",\"potentialAction\":[{\"@type\":\"ReadAction\",\"target\":[\"https:\\\/\\\/www.loopkinglaces.com\\\/es\\\/products\\\/impresionantes-cordones-de-cuero-amarillo-con-puntas-de-aglet-de-oro-ritzy\\\/\"]}]},{\"@type\":\"ImageObject\",\"inLanguage\":\"es\",\"@id\":\"https:\\\/\\\/www.loopkinglaces.com\\\/es\\\/products\\\/impresionantes-cordones-de-cuero-amarillo-con-puntas-de-aglet-de-oro-ritzy\\\/#primaryimage\",\"url\":\"https:\\\/\\\/www.loopkinglaces.com\\\/wp-content\\\/uploads\\\/IMG_1645.jpg\",\"contentUrl\":\"https:\\\/\\\/www.loopkinglaces.com\\\/wp-content\\\/uploads\\\/IMG_1645.jpg\",\"width\":1600,\"height\":1597},{\"@type\":\"BreadcrumbList\",\"@id\":\"https:\\\/\\\/www.loopkinglaces.com\\\/es\\\/products\\\/impresionantes-cordones-de-cuero-amarillo-con-puntas-de-aglet-de-oro-ritzy\\\/#breadcrumb\",\"itemListElement\":[{\"@type\":\"ListItem\",\"position\":1,\"name\":\"Home\",\"item\":\"https:\\\/\\\/www.loopkinglaces.com\\\/es\\\/\"},{\"@type\":\"ListItem\",\"position\":2,\"name\":\"COMPRAR LACAS\",\"item\":\"https:\\\/\\\/www.loopkinglaces.com\\\/es\\\/comprar-lacas\\\/\"},{\"@type\":\"ListItem\",\"position\":3,\"name\":\"Impresionantes Cordones de Cuero Amarillo con Puntas de Aglet de Oro Ritzy\"}]},{\"@type\":\"WebSite\",\"@id\":\"https:\\\/\\\/www.loopkinglaces.com\\\/es\\\/#website\",\"url\":\"https:\\\/\\\/www.loopkinglaces.com\\\/es\\\/\",\"name\":\"Luxury Gold Tip Shoelaces by Loop King Laces\",\"description\":\"Rope Laces, Flat Waxed Laces and Leather Laces. All With Gold Tips.\",\"publisher\":{\"@id\":\"https:\\\/\\\/www.loopkinglaces.com\\\/es\\\/#organization\"},\"potentialAction\":[{\"@type\":\"SearchAction\",\"target\":{\"@type\":\"EntryPoint\",\"urlTemplate\":\"https:\\\/\\\/www.loopkinglaces.com\\\/es\\\/?s={search_term_string}\"},\"query-input\":{\"@type\":\"PropertyValueSpecification\",\"valueRequired\":true,\"valueName\":\"search_term_string\"}}],\"inLanguage\":\"es\"},{\"@type\":\"Organization\",\"@id\":\"https:\\\/\\\/www.loopkinglaces.com\\\/es\\\/#organization\",\"name\":\"Loop King Laces\",\"url\":\"https:\\\/\\\/www.loopkinglaces.com\\\/es\\\/\",\"logo\":{\"@type\":\"ImageObject\",\"inLanguage\":\"es\",\"@id\":\"https:\\\/\\\/www.loopkinglaces.com\\\/es\\\/#\\\/schema\\\/logo\\\/image\\\/\",\"url\":\"https:\\\/\\\/www.loopkinglaces.com\\\/wp-content\\\/uploads\\\/LOOP-KING-LACES.1.1-01-LOGO-HI-RES-OFFICIAL-1.png\",\"contentUrl\":\"https:\\\/\\\/www.loopkinglaces.com\\\/wp-content\\\/uploads\\\/LOOP-KING-LACES.1.1-01-LOGO-HI-RES-OFFICIAL-1.png\",\"width\":128,\"height\":91,\"caption\":\"Loop King Laces\"},\"image\":{\"@id\":\"https:\\\/\\\/www.loopkinglaces.com\\\/es\\\/#\\\/schema\\\/logo\\\/image\\\/\"},\"sameAs\":[\"https:\\\/\\\/www.facebook.com\\\/LoopKingLaces\\\/\",\"https:\\\/\\\/x.com\\\/loopkinglaces\",\"https:\\\/\\\/www.instagram.com\\\/loopkinglaces\\\/\"]}]}<\/script>\n<!-- \/ Yoast SEO plugin. -->","yoast_head_json":{"title":"Preciosos Cordones de Piel Amarillos Duraderos y Vibrantes","description":"Nuestros cordones de cuero amarillo de primera calidad a\u00f1adir\u00e1n un rayo de sol a tu calzado, y las puntas doradas rematan las cosas con un lujo extra. No esperes m\u00e1s para echarles un vistazo.","robots":{"index":"index","follow":"follow","max-snippet":"max-snippet:-1","max-image-preview":"max-image-preview:large","max-video-preview":"max-video-preview:-1"},"canonical":"https:\/\/www.loopkinglaces.com\/es\/products\/impresionantes-cordones-de-cuero-amarillo-con-puntas-de-aglet-de-oro-ritzy\/","og_locale":"es_ES","og_type":"article","og_title":"Preciosos Cordones de Piel Amarillos Duraderos y Vibrantes","og_description":"Nuestros cordones de cuero amarillo de primera calidad a\u00f1adir\u00e1n un rayo de sol a tu calzado, y las puntas doradas rematan las cosas con un lujo extra. No esperes m\u00e1s para echarles un vistazo.","og_url":"https:\/\/www.loopkinglaces.com\/es\/products\/impresionantes-cordones-de-cuero-amarillo-con-puntas-de-aglet-de-oro-ritzy\/","og_site_name":"Luxury Gold Tip Shoelaces by Loop King Laces","article_publisher":"https:\/\/www.facebook.com\/LoopKingLaces\/","og_image":[{"width":1600,"height":1597,"url":"https:\/\/www.loopkinglaces.com\/wp-content\/uploads\/IMG_1645.jpg","type":"image\/jpeg"}],"twitter_card":"summary_large_image","twitter_site":"@loopkinglaces","twitter_misc":{"Tiempo de lectura":"1 minuto"},"schema":{"@context":"https:\/\/schema.org","@graph":[{"@type":["WebPage","ItemPage"],"@id":"https:\/\/www.loopkinglaces.com\/es\/products\/impresionantes-cordones-de-cuero-amarillo-con-puntas-de-aglet-de-oro-ritzy\/","url":"https:\/\/www.loopkinglaces.com\/es\/products\/impresionantes-cordones-de-cuero-amarillo-con-puntas-de-aglet-de-oro-ritzy\/","name":"Preciosos Cordones de Piel Amarillos Duraderos y Vibrantes","isPartOf":{"@id":"https:\/\/www.loopkinglaces.com\/es\/#website"},"primaryImageOfPage":{"@id":"https:\/\/www.loopkinglaces.com\/es\/products\/impresionantes-cordones-de-cuero-amarillo-con-puntas-de-aglet-de-oro-ritzy\/#primaryimage"},"image":{"@id":"https:\/\/www.loopkinglaces.com\/es\/products\/impresionantes-cordones-de-cuero-amarillo-con-puntas-de-aglet-de-oro-ritzy\/#primaryimage"},"thumbnailUrl":"https:\/\/www.loopkinglaces.com\/wp-content\/uploads\/IMG_1645.jpg","datePublished":"2022-09-07T16:44:01+00:00","description":"Nuestros cordones de cuero amarillo de primera calidad a\u00f1adir\u00e1n un rayo de sol a tu calzado, y las puntas doradas rematan las cosas con un lujo extra. No esperes m\u00e1s para echarles un vistazo.","breadcrumb":{"@id":"https:\/\/www.loopkinglaces.com\/es\/products\/impresionantes-cordones-de-cuero-amarillo-con-puntas-de-aglet-de-oro-ritzy\/#breadcrumb"},"inLanguage":"es","potentialAction":[{"@type":"ReadAction","target":["https:\/\/www.loopkinglaces.com\/es\/products\/impresionantes-cordones-de-cuero-amarillo-con-puntas-de-aglet-de-oro-ritzy\/"]}]},{"@type":"ImageObject","inLanguage":"es","@id":"https:\/\/www.loopkinglaces.com\/es\/products\/impresionantes-cordones-de-cuero-amarillo-con-puntas-de-aglet-de-oro-ritzy\/#primaryimage","url":"https:\/\/www.loopkinglaces.com\/wp-content\/uploads\/IMG_1645.jpg","contentUrl":"https:\/\/www.loopkinglaces.com\/wp-content\/uploads\/IMG_1645.jpg","width":1600,"height":1597},{"@type":"BreadcrumbList","@id":"https:\/\/www.loopkinglaces.com\/es\/products\/impresionantes-cordones-de-cuero-amarillo-con-puntas-de-aglet-de-oro-ritzy\/#breadcrumb","itemListElement":[{"@type":"ListItem","position":1,"name":"Home","item":"https:\/\/www.loopkinglaces.com\/es\/"},{"@type":"ListItem","position":2,"name":"COMPRAR LACAS","item":"https:\/\/www.loopkinglaces.com\/es\/comprar-lacas\/"},{"@type":"ListItem","position":3,"name":"Impresionantes Cordones de Cuero Amarillo con Puntas de Aglet de Oro Ritzy"}]},{"@type":"WebSite","@id":"https:\/\/www.loopkinglaces.com\/es\/#website","url":"https:\/\/www.loopkinglaces.com\/es\/","name":"Luxury Gold Tip Shoelaces by Loop King Laces","description":"Rope Laces, Flat Waxed Laces and Leather Laces. All With Gold Tips.","publisher":{"@id":"https:\/\/www.loopkinglaces.com\/es\/#organization"},"potentialAction":[{"@type":"SearchAction","target":{"@type":"EntryPoint","urlTemplate":"https:\/\/www.loopkinglaces.com\/es\/?s={search_term_string}"},"query-input":{"@type":"PropertyValueSpecification","valueRequired":true,"valueName":"search_term_string"}}],"inLanguage":"es"},{"@type":"Organization","@id":"https:\/\/www.loopkinglaces.com\/es\/#organization","name":"Loop King Laces","url":"https:\/\/www.loopkinglaces.com\/es\/","logo":{"@type":"ImageObject","inLanguage":"es","@id":"https:\/\/www.loopkinglaces.com\/es\/#\/schema\/logo\/image\/","url":"https:\/\/www.loopkinglaces.com\/wp-content\/uploads\/LOOP-KING-LACES.1.1-01-LOGO-HI-RES-OFFICIAL-1.png","contentUrl":"https:\/\/www.loopkinglaces.com\/wp-content\/uploads\/LOOP-KING-LACES.1.1-01-LOGO-HI-RES-OFFICIAL-1.png","width":128,"height":91,"caption":"Loop King Laces"},"image":{"@id":"https:\/\/www.loopkinglaces.com\/es\/#\/schema\/logo\/image\/"},"sameAs":["https:\/\/www.facebook.com\/LoopKingLaces\/","https:\/\/x.com\/loopkinglaces","https:\/\/www.instagram.com\/loopkinglaces\/"]}]}},"_links":{"self":[{"href":"https:\/\/www.loopkinglaces.com\/es\/wp-json\/wp\/v2\/product\/73467","targetHints":{"allow":["GET"]}}],"collection":[{"href":"https:\/\/www.loopkinglaces.com\/es\/wp-json\/wp\/v2\/product"}],"about":[{"href":"https:\/\/www.loopkinglaces.com\/es\/wp-json\/wp\/v2\/types\/product"}],"replies":[{"embeddable":true,"href":"https:\/\/www.loopkinglaces.com\/es\/wp-json\/wp\/v2\/comments?post=73467"}],"wp:featuredmedia":[{"embeddable":true,"href":"https:\/\/www.loopkinglaces.com\/es\/wp-json\/wp\/v2\/media\/73481"}],"wp:attachment":[{"href":"https:\/\/www.loopkinglaces.com\/es\/wp-json\/wp\/v2\/media?parent=73467"}],"wp:term":[{"taxonomy":"product_brand","embeddable":true,"href":"https:\/\/www.loopkinglaces.com\/es\/wp-json\/wp\/v2\/product_brand?post=73467"},{"taxonomy":"product_cat","embeddable":true,"href":"https:\/\/www.loopkinglaces.com\/es\/wp-json\/wp\/v2\/product_cat?post=73467"},{"taxonomy":"product_tag","embeddable":true,"href":"https:\/\/www.loopkinglaces.com\/es\/wp-json\/wp\/v2\/product_tag?post=73467"},{"taxonomy":"woo-feed-brand","embeddable":true,"href":"https:\/\/www.loopkinglaces.com\/es\/wp-json\/wp\/v2\/woo-feed-brand?post=73467"}],"curies":[{"name":"wp","href":"https:\/\/api.w.org\/{rel}","templated":true}]}}