{"id":73412,"date":"2022-08-25T17:38:16","date_gmt":"2022-08-25T17:38:16","guid":{"rendered":"https:\/\/www.loopkinglaces.com\/products\/cordones-de-zapato-de-cuerda-borgona-con-aglets-dorados\/"},"modified":"2022-08-25T17:38:16","modified_gmt":"2022-08-25T17:38:16","slug":"cordones-de-zapato-de-cuerda-borgona-con-aglets-dorados","status":"publish","type":"product","link":"https:\/\/www.loopkinglaces.com\/es\/products\/cordones-de-zapato-de-cuerda-borgona-con-aglets-dorados\/","title":{"rendered":"Cordones de Zapato de Cuerda Borgo\u00f1a con Aglets Dorados"},"content":{"rendered":"<h3><a href=\"https:\/\/www.loopkinglaces.com\/\">Cordones de lujo para zapatillas<\/a><\/h3>\n<p>  Loop King Laces s\u00f3lo proporciona Cordones de Zapato de Lujo de la m\u00e1s alta calidad.<br \/>\nNuestros cordones de cuerda est\u00e1n fabricados con puntas met\u00e1licas en relieve en las que aparece LOOP KING y nuestra corona simb\u00f3lica.<br \/>\nCada cord\u00f3n de cuerda est\u00e1 fabricado con algod\u00f3n de primera calidad para evitar que el cord\u00f3n se deshilache inesperadamente y para aumentar la vida \u00fatil del cord\u00f3n a m\u00e1s del triple de un cord\u00f3n de zapato normal de calidad.<br \/>\nNuestros cordones se adaptan a todo tipo de zapatillas y marcas, como Adidas, Nike, VANS, etc. Visita nuestra <a href=\"\/shoelace-size-chart\/\">Gu\u00eda de tallas<\/a> donde podr\u00e1s encontrar la talla perfecta de cordones para tus zapatillas.   <\/p>\n","protected":false},"excerpt":{"rendered":"<p><span style=\"font-weight: 400;\">Nuestros Cordones de Zapato Borgo\u00f1a de Cuerda de Lujo vienen con Aglets (puntas) dorados en relieve.<br \/>\nTodos nuestros Cordones de Zapato de Lujo est\u00e1n fabricados con materiales de primera calidad y puntas met\u00e1licas de la mejor calidad.<br \/>\nNuestros cordones de cuerda duran 3 veces m\u00e1s que los cordones normales.   Consulta nuestras caracter\u00edsticas completas a continuaci\u00f3n:<\/span><\/p>\n<ul>\n<li style=\"font-weight: 400;\" aria-level=\"1\"><span style=\"font-weight: 400;\">Cuerda Premium<\/span><\/li>\n<li style=\"font-weight: 400;\" aria-level=\"1\"><span style=\"font-weight: 400;\">Duran 3 veces m\u00e1s que los cordones normales<\/span><\/li>\n<li style=\"font-weight: 400;\" aria-level=\"1\"><span style=\"font-weight: 400;\">Agleta dorada Loop King<\/span><\/li>\n<li style=\"font-weight: 400;\" aria-level=\"1\"><span style=\"font-weight: 400;\">Bonito embalaje<\/span><\/li>\n<\/ul>\n","protected":false},"featured_media":73426,"comment_status":"open","ping_status":"closed","template":"","meta":{"_acf_changed":false},"product_brand":[],"product_cat":[1596,881,1203,1595,1161,1153,1457,1293,1740,1685,1182,877,1175],"product_tag":[],"woo-feed-brand":[],"class_list":{"0":"post-73412","1":"product","2":"type-product","3":"status-publish","4":"has-post-thumbnail","6":"product_cat-cordones-allen-edmonds-un-paso-por-encima-de-lo-ordinario","7":"product_cat-cordones-de-48-pulgadas","8":"product_cat-cordones-de-bota-de-60-pulgadas-cordones-mas-largos-para-una-declaracion-de-estilo-definitiva","9":"product_cat-cordones-de-zapato-rizados-el-auge-y-el-estilo-de-las-tendencias-retorcidas","10":"product_cat-cordones-nike-air-max-90-cordones-de-moda","11":"product_cat-cordones-punta-de-oro","12":"product_cat-cordones-veja-cuando-los-zapatos-hablan-por-si-solos","13":"product_cat-impresionantes-cordones-borgona-que-realzaran-todo-tu-atuendo","14":"product_cat-la-jordan-1-verde-pino-con-cordones-rojos-para-destacar-entre-la-multitud","15":"product_cat-los-cordones-red-wing-son-lo-suficientemente-duraderos-para-las-condiciones-mas-duras","16":"product_cat-recambio-de-cordones-golden-goose-para-tu-querido-calzado","17":"product_cat-todos-los-cordones","18":"product_cat-unos-cordones-de-baloncesto-espectaculares-para-un-aspecto-impecable-y-un-ajuste-cenido-dentro-y-fuera-de-la-cancha","20":"first","21":"instock","22":"taxable","23":"shipping-taxable","24":"product-type-variable"},"acf":[],"yoast_head":"<!-- This site is optimized with the Yoast SEO plugin v27.4 - https:\/\/yoast.com\/product\/yoast-seo-wordpress\/ -->\n<title>Cordones Planos Encerados Borgo\u00f1a con Aglets Dorados<\/title>\n<meta name=\"description\" content=\"Nuestros Cordones Planos Encerados Borgo\u00f1a con Puntas Doradas son los Cordones Planos de Lujo de mayor calidad del mercado. Cada Cord\u00f3n viene con una Punta Dorada en Relieve\" \/>\n<meta name=\"robots\" content=\"index, follow, max-snippet:-1, max-image-preview:large, max-video-preview:-1\" \/>\n<link rel=\"canonical\" href=\"https:\/\/www.loopkinglaces.com\/es\/products\/cordones-de-zapato-de-cuerda-borgona-con-aglets-dorados\/\" \/>\n<meta property=\"og:locale\" content=\"es_ES\" \/>\n<meta property=\"og:type\" content=\"article\" \/>\n<meta property=\"og:title\" content=\"Cordones Planos Encerados Borgo\u00f1a con Aglets Dorados\" \/>\n<meta property=\"og:description\" content=\"Nuestros Cordones Planos Encerados Borgo\u00f1a con Puntas Doradas son los Cordones Planos de Lujo de mayor calidad del mercado. Cada Cord\u00f3n viene con una Punta Dorada en Relieve\" \/>\n<meta property=\"og:url\" content=\"https:\/\/www.loopkinglaces.com\/es\/products\/cordones-de-zapato-de-cuerda-borgona-con-aglets-dorados\/\" \/>\n<meta property=\"og:site_name\" content=\"Luxury Gold Tip Shoelaces by Loop King Laces\" \/>\n<meta property=\"article:publisher\" content=\"https:\/\/www.facebook.com\/LoopKingLaces\/\" \/>\n<meta property=\"og:image\" content=\"https:\/\/www.loopkinglaces.com\/wp-content\/uploads\/0803A-34-scaled.jpg\" \/>\n\t<meta property=\"og:image:width\" content=\"1600\" \/>\n\t<meta property=\"og:image:height\" content=\"1506\" \/>\n\t<meta property=\"og:image:type\" content=\"image\/jpeg\" \/>\n<meta name=\"twitter:card\" content=\"summary_large_image\" \/>\n<meta name=\"twitter:site\" content=\"@loopkinglaces\" \/>\n<meta name=\"twitter:label1\" content=\"Tiempo de lectura\" \/>\n\t<meta name=\"twitter:data1\" content=\"1 minuto\" \/>\n<script type=\"application\/ld+json\" class=\"yoast-schema-graph\">{\"@context\":\"https:\\\/\\\/schema.org\",\"@graph\":[{\"@type\":[\"WebPage\",\"ItemPage\"],\"@id\":\"https:\\\/\\\/www.loopkinglaces.com\\\/es\\\/products\\\/cordones-de-zapato-de-cuerda-borgona-con-aglets-dorados\\\/\",\"url\":\"https:\\\/\\\/www.loopkinglaces.com\\\/es\\\/products\\\/cordones-de-zapato-de-cuerda-borgona-con-aglets-dorados\\\/\",\"name\":\"Cordones Planos Encerados Borgo\u00f1a con Aglets Dorados\",\"isPartOf\":{\"@id\":\"https:\\\/\\\/www.loopkinglaces.com\\\/es\\\/#website\"},\"primaryImageOfPage\":{\"@id\":\"https:\\\/\\\/www.loopkinglaces.com\\\/es\\\/products\\\/cordones-de-zapato-de-cuerda-borgona-con-aglets-dorados\\\/#primaryimage\"},\"image\":{\"@id\":\"https:\\\/\\\/www.loopkinglaces.com\\\/es\\\/products\\\/cordones-de-zapato-de-cuerda-borgona-con-aglets-dorados\\\/#primaryimage\"},\"thumbnailUrl\":\"https:\\\/\\\/www.loopkinglaces.com\\\/wp-content\\\/uploads\\\/0803A-34-scaled.jpg\",\"datePublished\":\"2022-08-25T17:38:16+00:00\",\"description\":\"Nuestros Cordones Planos Encerados Borgo\u00f1a con Puntas Doradas son los Cordones Planos de Lujo de mayor calidad del mercado. Cada Cord\u00f3n viene con una Punta Dorada en Relieve\",\"breadcrumb\":{\"@id\":\"https:\\\/\\\/www.loopkinglaces.com\\\/es\\\/products\\\/cordones-de-zapato-de-cuerda-borgona-con-aglets-dorados\\\/#breadcrumb\"},\"inLanguage\":\"es\",\"potentialAction\":[{\"@type\":\"ReadAction\",\"target\":[\"https:\\\/\\\/www.loopkinglaces.com\\\/es\\\/products\\\/cordones-de-zapato-de-cuerda-borgona-con-aglets-dorados\\\/\"]}]},{\"@type\":\"ImageObject\",\"inLanguage\":\"es\",\"@id\":\"https:\\\/\\\/www.loopkinglaces.com\\\/es\\\/products\\\/cordones-de-zapato-de-cuerda-borgona-con-aglets-dorados\\\/#primaryimage\",\"url\":\"https:\\\/\\\/www.loopkinglaces.com\\\/wp-content\\\/uploads\\\/0803A-34-scaled.jpg\",\"contentUrl\":\"https:\\\/\\\/www.loopkinglaces.com\\\/wp-content\\\/uploads\\\/0803A-34-scaled.jpg\",\"width\":1600,\"height\":1506},{\"@type\":\"BreadcrumbList\",\"@id\":\"https:\\\/\\\/www.loopkinglaces.com\\\/es\\\/products\\\/cordones-de-zapato-de-cuerda-borgona-con-aglets-dorados\\\/#breadcrumb\",\"itemListElement\":[{\"@type\":\"ListItem\",\"position\":1,\"name\":\"Home\",\"item\":\"https:\\\/\\\/www.loopkinglaces.com\\\/es\\\/\"},{\"@type\":\"ListItem\",\"position\":2,\"name\":\"COMPRAR LACAS\",\"item\":\"https:\\\/\\\/www.loopkinglaces.com\\\/es\\\/comprar-lacas\\\/\"},{\"@type\":\"ListItem\",\"position\":3,\"name\":\"Cordones de Zapato de Cuerda Borgo\u00f1a con Aglets Dorados\"}]},{\"@type\":\"WebSite\",\"@id\":\"https:\\\/\\\/www.loopkinglaces.com\\\/es\\\/#website\",\"url\":\"https:\\\/\\\/www.loopkinglaces.com\\\/es\\\/\",\"name\":\"Luxury Gold Tip Shoelaces by Loop King Laces\",\"description\":\"Rope Laces, Flat Waxed Laces and Leather Laces. All With Gold Tips.\",\"publisher\":{\"@id\":\"https:\\\/\\\/www.loopkinglaces.com\\\/es\\\/#organization\"},\"potentialAction\":[{\"@type\":\"SearchAction\",\"target\":{\"@type\":\"EntryPoint\",\"urlTemplate\":\"https:\\\/\\\/www.loopkinglaces.com\\\/es\\\/?s={search_term_string}\"},\"query-input\":{\"@type\":\"PropertyValueSpecification\",\"valueRequired\":true,\"valueName\":\"search_term_string\"}}],\"inLanguage\":\"es\"},{\"@type\":\"Organization\",\"@id\":\"https:\\\/\\\/www.loopkinglaces.com\\\/es\\\/#organization\",\"name\":\"Loop King Laces\",\"url\":\"https:\\\/\\\/www.loopkinglaces.com\\\/es\\\/\",\"logo\":{\"@type\":\"ImageObject\",\"inLanguage\":\"es\",\"@id\":\"https:\\\/\\\/www.loopkinglaces.com\\\/es\\\/#\\\/schema\\\/logo\\\/image\\\/\",\"url\":\"https:\\\/\\\/www.loopkinglaces.com\\\/wp-content\\\/uploads\\\/LOOP-KING-LACES.1.1-01-LOGO-HI-RES-OFFICIAL-1.png\",\"contentUrl\":\"https:\\\/\\\/www.loopkinglaces.com\\\/wp-content\\\/uploads\\\/LOOP-KING-LACES.1.1-01-LOGO-HI-RES-OFFICIAL-1.png\",\"width\":128,\"height\":91,\"caption\":\"Loop King Laces\"},\"image\":{\"@id\":\"https:\\\/\\\/www.loopkinglaces.com\\\/es\\\/#\\\/schema\\\/logo\\\/image\\\/\"},\"sameAs\":[\"https:\\\/\\\/www.facebook.com\\\/LoopKingLaces\\\/\",\"https:\\\/\\\/x.com\\\/loopkinglaces\",\"https:\\\/\\\/www.instagram.com\\\/loopkinglaces\\\/\"]}]}<\/script>\n<!-- \/ Yoast SEO plugin. -->","yoast_head_json":{"title":"Cordones Planos Encerados Borgo\u00f1a con Aglets Dorados","description":"Nuestros Cordones Planos Encerados Borgo\u00f1a con Puntas Doradas son los Cordones Planos de Lujo de mayor calidad del mercado. Cada Cord\u00f3n viene con una Punta Dorada en Relieve","robots":{"index":"index","follow":"follow","max-snippet":"max-snippet:-1","max-image-preview":"max-image-preview:large","max-video-preview":"max-video-preview:-1"},"canonical":"https:\/\/www.loopkinglaces.com\/es\/products\/cordones-de-zapato-de-cuerda-borgona-con-aglets-dorados\/","og_locale":"es_ES","og_type":"article","og_title":"Cordones Planos Encerados Borgo\u00f1a con Aglets Dorados","og_description":"Nuestros Cordones Planos Encerados Borgo\u00f1a con Puntas Doradas son los Cordones Planos de Lujo de mayor calidad del mercado. Cada Cord\u00f3n viene con una Punta Dorada en Relieve","og_url":"https:\/\/www.loopkinglaces.com\/es\/products\/cordones-de-zapato-de-cuerda-borgona-con-aglets-dorados\/","og_site_name":"Luxury Gold Tip Shoelaces by Loop King Laces","article_publisher":"https:\/\/www.facebook.com\/LoopKingLaces\/","og_image":[{"width":1600,"height":1506,"url":"https:\/\/www.loopkinglaces.com\/wp-content\/uploads\/0803A-34-scaled.jpg","type":"image\/jpeg"}],"twitter_card":"summary_large_image","twitter_site":"@loopkinglaces","twitter_misc":{"Tiempo de lectura":"1 minuto"},"schema":{"@context":"https:\/\/schema.org","@graph":[{"@type":["WebPage","ItemPage"],"@id":"https:\/\/www.loopkinglaces.com\/es\/products\/cordones-de-zapato-de-cuerda-borgona-con-aglets-dorados\/","url":"https:\/\/www.loopkinglaces.com\/es\/products\/cordones-de-zapato-de-cuerda-borgona-con-aglets-dorados\/","name":"Cordones Planos Encerados Borgo\u00f1a con Aglets Dorados","isPartOf":{"@id":"https:\/\/www.loopkinglaces.com\/es\/#website"},"primaryImageOfPage":{"@id":"https:\/\/www.loopkinglaces.com\/es\/products\/cordones-de-zapato-de-cuerda-borgona-con-aglets-dorados\/#primaryimage"},"image":{"@id":"https:\/\/www.loopkinglaces.com\/es\/products\/cordones-de-zapato-de-cuerda-borgona-con-aglets-dorados\/#primaryimage"},"thumbnailUrl":"https:\/\/www.loopkinglaces.com\/wp-content\/uploads\/0803A-34-scaled.jpg","datePublished":"2022-08-25T17:38:16+00:00","description":"Nuestros Cordones Planos Encerados Borgo\u00f1a con Puntas Doradas son los Cordones Planos de Lujo de mayor calidad del mercado. Cada Cord\u00f3n viene con una Punta Dorada en Relieve","breadcrumb":{"@id":"https:\/\/www.loopkinglaces.com\/es\/products\/cordones-de-zapato-de-cuerda-borgona-con-aglets-dorados\/#breadcrumb"},"inLanguage":"es","potentialAction":[{"@type":"ReadAction","target":["https:\/\/www.loopkinglaces.com\/es\/products\/cordones-de-zapato-de-cuerda-borgona-con-aglets-dorados\/"]}]},{"@type":"ImageObject","inLanguage":"es","@id":"https:\/\/www.loopkinglaces.com\/es\/products\/cordones-de-zapato-de-cuerda-borgona-con-aglets-dorados\/#primaryimage","url":"https:\/\/www.loopkinglaces.com\/wp-content\/uploads\/0803A-34-scaled.jpg","contentUrl":"https:\/\/www.loopkinglaces.com\/wp-content\/uploads\/0803A-34-scaled.jpg","width":1600,"height":1506},{"@type":"BreadcrumbList","@id":"https:\/\/www.loopkinglaces.com\/es\/products\/cordones-de-zapato-de-cuerda-borgona-con-aglets-dorados\/#breadcrumb","itemListElement":[{"@type":"ListItem","position":1,"name":"Home","item":"https:\/\/www.loopkinglaces.com\/es\/"},{"@type":"ListItem","position":2,"name":"COMPRAR LACAS","item":"https:\/\/www.loopkinglaces.com\/es\/comprar-lacas\/"},{"@type":"ListItem","position":3,"name":"Cordones de Zapato de Cuerda Borgo\u00f1a con Aglets Dorados"}]},{"@type":"WebSite","@id":"https:\/\/www.loopkinglaces.com\/es\/#website","url":"https:\/\/www.loopkinglaces.com\/es\/","name":"Luxury Gold Tip Shoelaces by Loop King Laces","description":"Rope Laces, Flat Waxed Laces and Leather Laces. All With Gold Tips.","publisher":{"@id":"https:\/\/www.loopkinglaces.com\/es\/#organization"},"potentialAction":[{"@type":"SearchAction","target":{"@type":"EntryPoint","urlTemplate":"https:\/\/www.loopkinglaces.com\/es\/?s={search_term_string}"},"query-input":{"@type":"PropertyValueSpecification","valueRequired":true,"valueName":"search_term_string"}}],"inLanguage":"es"},{"@type":"Organization","@id":"https:\/\/www.loopkinglaces.com\/es\/#organization","name":"Loop King Laces","url":"https:\/\/www.loopkinglaces.com\/es\/","logo":{"@type":"ImageObject","inLanguage":"es","@id":"https:\/\/www.loopkinglaces.com\/es\/#\/schema\/logo\/image\/","url":"https:\/\/www.loopkinglaces.com\/wp-content\/uploads\/LOOP-KING-LACES.1.1-01-LOGO-HI-RES-OFFICIAL-1.png","contentUrl":"https:\/\/www.loopkinglaces.com\/wp-content\/uploads\/LOOP-KING-LACES.1.1-01-LOGO-HI-RES-OFFICIAL-1.png","width":128,"height":91,"caption":"Loop King Laces"},"image":{"@id":"https:\/\/www.loopkinglaces.com\/es\/#\/schema\/logo\/image\/"},"sameAs":["https:\/\/www.facebook.com\/LoopKingLaces\/","https:\/\/x.com\/loopkinglaces","https:\/\/www.instagram.com\/loopkinglaces\/"]}]}},"_links":{"self":[{"href":"https:\/\/www.loopkinglaces.com\/es\/wp-json\/wp\/v2\/product\/73412","targetHints":{"allow":["GET"]}}],"collection":[{"href":"https:\/\/www.loopkinglaces.com\/es\/wp-json\/wp\/v2\/product"}],"about":[{"href":"https:\/\/www.loopkinglaces.com\/es\/wp-json\/wp\/v2\/types\/product"}],"replies":[{"embeddable":true,"href":"https:\/\/www.loopkinglaces.com\/es\/wp-json\/wp\/v2\/comments?post=73412"}],"wp:featuredmedia":[{"embeddable":true,"href":"https:\/\/www.loopkinglaces.com\/es\/wp-json\/wp\/v2\/media\/73426"}],"wp:attachment":[{"href":"https:\/\/www.loopkinglaces.com\/es\/wp-json\/wp\/v2\/media?parent=73412"}],"wp:term":[{"taxonomy":"product_brand","embeddable":true,"href":"https:\/\/www.loopkinglaces.com\/es\/wp-json\/wp\/v2\/product_brand?post=73412"},{"taxonomy":"product_cat","embeddable":true,"href":"https:\/\/www.loopkinglaces.com\/es\/wp-json\/wp\/v2\/product_cat?post=73412"},{"taxonomy":"product_tag","embeddable":true,"href":"https:\/\/www.loopkinglaces.com\/es\/wp-json\/wp\/v2\/product_tag?post=73412"},{"taxonomy":"woo-feed-brand","embeddable":true,"href":"https:\/\/www.loopkinglaces.com\/es\/wp-json\/wp\/v2\/woo-feed-brand?post=73412"}],"curies":[{"name":"wp","href":"https:\/\/api.w.org\/{rel}","templated":true}]}}