{"id":73330,"date":"2022-08-25T17:37:26","date_gmt":"2022-08-25T17:37:26","guid":{"rendered":"https:\/\/www.loopkinglaces.com\/products\/los-cordones-de-terciopelo-para-anadir-lujo-a-cualquier-par-de-zapatos\/"},"modified":"2022-08-25T17:37:26","modified_gmt":"2022-08-25T17:37:26","slug":"los-cordones-de-terciopelo-para-anadir-lujo-a-cualquier-par-de-zapatos","status":"publish","type":"product","link":"https:\/\/www.loopkinglaces.com\/es\/products\/los-cordones-de-terciopelo-para-anadir-lujo-a-cualquier-par-de-zapatos\/","title":{"rendered":"Los cordones de terciopelo para a\u00f1adir lujo a cualquier par de zapatos"},"content":{"rendered":"<p><i><span style=\"font-weight: 400;\">\u00bfTe envolver\u00edas en terciopelo si fuera socialmente aceptable?<br \/>\nCreo que oigo a George Costanza llamando; \u00bfy t\u00fa? <\/span><\/i><\/p>\n<p><span style=\"font-weight: 400;\">Si es as\u00ed, no te culpamos, ya que el terciopelo es un tejido celestialmente suave y lujoso.  <\/span><\/p>\n<p><span style=\"font-weight: 400;\">Por eso decidimos fabricar cordones de terciopelo de primera calidad que transformar\u00e1n cualquier pieza de calzado en una poderosa declaraci\u00f3n de moda.  <\/span><\/p>\n<p><span style=\"font-weight: 400;\">Utilizamos terciopelo 100% de primera calidad en nuestros cordones, y el bonito color burdeos combina con casi cualquier atuendo o accesorio.  <\/span><\/p>\n<p><span style=\"font-weight: 400;\">Estos cordones son gruesos, suaves, robustos y atractivos sin esfuerzo.<br \/>\nPuedes usarlos con tus: <\/span><\/p>\n<ul>\n<li style=\"font-weight: 400;\" aria-level=\"1\"><span style=\"font-weight: 400;\">Zapatillas<\/span><\/li>\n<li style=\"font-weight: 400;\" aria-level=\"1\"><span style=\"font-weight: 400;\">Zapatos de vestir<\/span><\/li>\n<li style=\"font-weight: 400;\" aria-level=\"1\"><span style=\"font-weight: 400;\">Oxfords<\/span><\/li>\n<li style=\"font-weight: 400;\" aria-level=\"1\"><span style=\"font-weight: 400;\">Zapatillas de correr<\/span><\/li>\n<li style=\"font-weight: 400;\" aria-level=\"1\"><span style=\"font-weight: 400;\">M\u00e1s<\/span><\/li>\n<\/ul>\n<p><span style=\"font-weight: 400;\">Nuestros cordones son excelentes regalos, y nuestro atractivo embalaje es perfecto para regalar.<br \/>\nFuncionan muy bien para cumplea\u00f1os, aniversarios, graduaciones y otras fiestas.   <\/span><\/p>\n","protected":false},"excerpt":{"rendered":"<p><span style=\"font-weight: 400;\">Cada par de cordones de terciopelo lleva nuestros aglets met\u00e1licos grabados con nuestro logotipo.<br \/>\nEst\u00e1n fabricados con metal de alta calidad y son muy agradables al tacto.<br \/>\nTe ayudar\u00e1n a agarrar con firmeza los cordones para que puedas hacer el nudo perfecto.    <\/span><\/p>\n<p><span style=\"font-weight: 400;\">Es probable que todos nuestros cordones se adapten a las principales marcas de calzado, como Adidas, Nike, Vans y muchas m\u00e1s.  <\/span><b>Nuestros cordones de terciopelo son una forma estupenda de a\u00f1adir intriga y estilo a cualquier par de zapatos.<\/b><span style=\"font-weight: 400;\"> <\/span><\/p>\n<p><span style=\"font-weight: 400;\">Incluso puedes comprar varios tipos diferentes de cordones para tener algo de variedad y, al mismo tiempo, pagar menos de lo que pagar\u00edas por un par de zapatos nuevos.  <\/span><\/p>\n<p><span style=\"font-weight: 400;\">Las caracter\u00edsticas principales son:<\/span><\/p>\n<ul>\n<li style=\"font-weight: 400;\" aria-level=\"1\"><span style=\"font-weight: 400;\">Precioso color burdeos  <\/span><\/li>\n<li style=\"font-weight: 400;\" aria-level=\"1\"><span style=\"font-weight: 400;\">100% puro terciopelo<\/span><\/li>\n<li style=\"font-weight: 400;\" aria-level=\"1\"><span style=\"font-weight: 400;\">Bonito envase de marca<\/span><\/li>\n<\/ul>\n","protected":false},"featured_media":73344,"comment_status":"open","ping_status":"closed","template":"","meta":{"_acf_changed":false},"product_brand":[],"product_cat":[1208,1442,1153,988,1293,1740,1169,1202,877],"product_tag":[],"woo-feed-brand":[],"class_list":{"0":"post-73330","1":"product","2":"type-product","3":"status-publish","4":"has-post-thumbnail","6":"product_cat-cordones-de-bota-de-45-pulgadas-los-heroes-anonimos-de-la-moda-de-tu-calzado","7":"product_cat-cordones-molones-eleva-tu-juego-de-calzado","8":"product_cat-cordones-punta-de-oro","9":"product_cat-cordones-rojos","10":"product_cat-impresionantes-cordones-borgona-que-realzaran-todo-tu-atuendo","11":"product_cat-la-jordan-1-verde-pino-con-cordones-rojos-para-destacar-entre-la-multitud","12":"product_cat-los-mejores-cordones-alexander-mcqueen-para-tus-zapatillas-de-gama-alta","13":"product_cat-mejora-tu-calzado-con-los-cordones-para-botas-de-54-pulgadas","14":"product_cat-todos-los-cordones","16":"first","17":"instock","18":"taxable","19":"shipping-taxable","20":"purchasable","21":"product-type-variable"},"acf":[],"yoast_head":"<!-- This site is optimized with the Yoast SEO plugin v27.4 - https:\/\/yoast.com\/product\/yoast-seo-wordpress\/ -->\n<title>Cordones de terciopelo liso para a\u00f1adir sofisticaci\u00f3n a tus zapatos<\/title>\n<meta name=\"description\" content=\"\u00bfQuieres una forma infalible de hacer que cualquier par de zapatos parezca un mill\u00f3n de d\u00f3lares? S\u00f3lo tienes que a\u00f1adir nuestros cordones de terciopelo a tu calzado y listo.\" \/>\n<meta name=\"robots\" content=\"index, follow, max-snippet:-1, max-image-preview:large, max-video-preview:-1\" \/>\n<link rel=\"canonical\" href=\"https:\/\/www.loopkinglaces.com\/es\/products\/los-cordones-de-terciopelo-para-anadir-lujo-a-cualquier-par-de-zapatos\/\" \/>\n<meta property=\"og:locale\" content=\"es_ES\" \/>\n<meta property=\"og:type\" content=\"article\" \/>\n<meta property=\"og:title\" content=\"Cordones de terciopelo liso para a\u00f1adir sofisticaci\u00f3n a tus zapatos\" \/>\n<meta property=\"og:description\" content=\"\u00bfQuieres una forma infalible de hacer que cualquier par de zapatos parezca un mill\u00f3n de d\u00f3lares? S\u00f3lo tienes que a\u00f1adir nuestros cordones de terciopelo a tu calzado y listo.\" \/>\n<meta property=\"og:url\" content=\"https:\/\/www.loopkinglaces.com\/es\/products\/los-cordones-de-terciopelo-para-anadir-lujo-a-cualquier-par-de-zapatos\/\" \/>\n<meta property=\"og:site_name\" content=\"Luxury Gold Tip Shoelaces by Loop King Laces\" \/>\n<meta property=\"article:publisher\" content=\"https:\/\/www.facebook.com\/LoopKingLaces\/\" \/>\n<meta property=\"og:image\" content=\"https:\/\/www.loopkinglaces.com\/wp-content\/uploads\/0730A-34-scaled.jpg\" \/>\n\t<meta property=\"og:image:width\" content=\"1600\" \/>\n\t<meta property=\"og:image:height\" content=\"1466\" \/>\n\t<meta property=\"og:image:type\" content=\"image\/jpeg\" \/>\n<meta name=\"twitter:card\" content=\"summary_large_image\" \/>\n<meta name=\"twitter:site\" content=\"@loopkinglaces\" \/>\n<meta name=\"twitter:label1\" content=\"Tiempo de lectura\" \/>\n\t<meta name=\"twitter:data1\" content=\"1 minuto\" \/>\n<script type=\"application\/ld+json\" class=\"yoast-schema-graph\">{\"@context\":\"https:\\\/\\\/schema.org\",\"@graph\":[{\"@type\":[\"WebPage\",\"ItemPage\"],\"@id\":\"https:\\\/\\\/www.loopkinglaces.com\\\/es\\\/products\\\/los-cordones-de-terciopelo-para-anadir-lujo-a-cualquier-par-de-zapatos\\\/\",\"url\":\"https:\\\/\\\/www.loopkinglaces.com\\\/es\\\/products\\\/los-cordones-de-terciopelo-para-anadir-lujo-a-cualquier-par-de-zapatos\\\/\",\"name\":\"Cordones de terciopelo liso para a\u00f1adir sofisticaci\u00f3n a tus zapatos\",\"isPartOf\":{\"@id\":\"https:\\\/\\\/www.loopkinglaces.com\\\/es\\\/#website\"},\"primaryImageOfPage\":{\"@id\":\"https:\\\/\\\/www.loopkinglaces.com\\\/es\\\/products\\\/los-cordones-de-terciopelo-para-anadir-lujo-a-cualquier-par-de-zapatos\\\/#primaryimage\"},\"image\":{\"@id\":\"https:\\\/\\\/www.loopkinglaces.com\\\/es\\\/products\\\/los-cordones-de-terciopelo-para-anadir-lujo-a-cualquier-par-de-zapatos\\\/#primaryimage\"},\"thumbnailUrl\":\"https:\\\/\\\/www.loopkinglaces.com\\\/wp-content\\\/uploads\\\/0730A-34-scaled.jpg\",\"datePublished\":\"2022-08-25T17:37:26+00:00\",\"description\":\"\u00bfQuieres una forma infalible de hacer que cualquier par de zapatos parezca un mill\u00f3n de d\u00f3lares? S\u00f3lo tienes que a\u00f1adir nuestros cordones de terciopelo a tu calzado y listo.\",\"breadcrumb\":{\"@id\":\"https:\\\/\\\/www.loopkinglaces.com\\\/es\\\/products\\\/los-cordones-de-terciopelo-para-anadir-lujo-a-cualquier-par-de-zapatos\\\/#breadcrumb\"},\"inLanguage\":\"es\",\"potentialAction\":[{\"@type\":\"ReadAction\",\"target\":[\"https:\\\/\\\/www.loopkinglaces.com\\\/es\\\/products\\\/los-cordones-de-terciopelo-para-anadir-lujo-a-cualquier-par-de-zapatos\\\/\"]}]},{\"@type\":\"ImageObject\",\"inLanguage\":\"es\",\"@id\":\"https:\\\/\\\/www.loopkinglaces.com\\\/es\\\/products\\\/los-cordones-de-terciopelo-para-anadir-lujo-a-cualquier-par-de-zapatos\\\/#primaryimage\",\"url\":\"https:\\\/\\\/www.loopkinglaces.com\\\/wp-content\\\/uploads\\\/0730A-34-scaled.jpg\",\"contentUrl\":\"https:\\\/\\\/www.loopkinglaces.com\\\/wp-content\\\/uploads\\\/0730A-34-scaled.jpg\",\"width\":1600,\"height\":1466},{\"@type\":\"BreadcrumbList\",\"@id\":\"https:\\\/\\\/www.loopkinglaces.com\\\/es\\\/products\\\/los-cordones-de-terciopelo-para-anadir-lujo-a-cualquier-par-de-zapatos\\\/#breadcrumb\",\"itemListElement\":[{\"@type\":\"ListItem\",\"position\":1,\"name\":\"Home\",\"item\":\"https:\\\/\\\/www.loopkinglaces.com\\\/es\\\/\"},{\"@type\":\"ListItem\",\"position\":2,\"name\":\"COMPRAR LACAS\",\"item\":\"https:\\\/\\\/www.loopkinglaces.com\\\/es\\\/comprar-lacas\\\/\"},{\"@type\":\"ListItem\",\"position\":3,\"name\":\"Los cordones de terciopelo para a\u00f1adir lujo a cualquier par de zapatos\"}]},{\"@type\":\"WebSite\",\"@id\":\"https:\\\/\\\/www.loopkinglaces.com\\\/es\\\/#website\",\"url\":\"https:\\\/\\\/www.loopkinglaces.com\\\/es\\\/\",\"name\":\"Luxury Gold Tip Shoelaces by Loop King Laces\",\"description\":\"Rope Laces, Flat Waxed Laces and Leather Laces. All With Gold Tips.\",\"publisher\":{\"@id\":\"https:\\\/\\\/www.loopkinglaces.com\\\/es\\\/#organization\"},\"potentialAction\":[{\"@type\":\"SearchAction\",\"target\":{\"@type\":\"EntryPoint\",\"urlTemplate\":\"https:\\\/\\\/www.loopkinglaces.com\\\/es\\\/?s={search_term_string}\"},\"query-input\":{\"@type\":\"PropertyValueSpecification\",\"valueRequired\":true,\"valueName\":\"search_term_string\"}}],\"inLanguage\":\"es\"},{\"@type\":\"Organization\",\"@id\":\"https:\\\/\\\/www.loopkinglaces.com\\\/es\\\/#organization\",\"name\":\"Loop King Laces\",\"url\":\"https:\\\/\\\/www.loopkinglaces.com\\\/es\\\/\",\"logo\":{\"@type\":\"ImageObject\",\"inLanguage\":\"es\",\"@id\":\"https:\\\/\\\/www.loopkinglaces.com\\\/es\\\/#\\\/schema\\\/logo\\\/image\\\/\",\"url\":\"https:\\\/\\\/www.loopkinglaces.com\\\/wp-content\\\/uploads\\\/LOOP-KING-LACES.1.1-01-LOGO-HI-RES-OFFICIAL-1.png\",\"contentUrl\":\"https:\\\/\\\/www.loopkinglaces.com\\\/wp-content\\\/uploads\\\/LOOP-KING-LACES.1.1-01-LOGO-HI-RES-OFFICIAL-1.png\",\"width\":128,\"height\":91,\"caption\":\"Loop King Laces\"},\"image\":{\"@id\":\"https:\\\/\\\/www.loopkinglaces.com\\\/es\\\/#\\\/schema\\\/logo\\\/image\\\/\"},\"sameAs\":[\"https:\\\/\\\/www.facebook.com\\\/LoopKingLaces\\\/\",\"https:\\\/\\\/x.com\\\/loopkinglaces\",\"https:\\\/\\\/www.instagram.com\\\/loopkinglaces\\\/\"]}]}<\/script>\n<!-- \/ Yoast SEO plugin. -->","yoast_head_json":{"title":"Cordones de terciopelo liso para a\u00f1adir sofisticaci\u00f3n a tus zapatos","description":"\u00bfQuieres una forma infalible de hacer que cualquier par de zapatos parezca un mill\u00f3n de d\u00f3lares? S\u00f3lo tienes que a\u00f1adir nuestros cordones de terciopelo a tu calzado y listo.","robots":{"index":"index","follow":"follow","max-snippet":"max-snippet:-1","max-image-preview":"max-image-preview:large","max-video-preview":"max-video-preview:-1"},"canonical":"https:\/\/www.loopkinglaces.com\/es\/products\/los-cordones-de-terciopelo-para-anadir-lujo-a-cualquier-par-de-zapatos\/","og_locale":"es_ES","og_type":"article","og_title":"Cordones de terciopelo liso para a\u00f1adir sofisticaci\u00f3n a tus zapatos","og_description":"\u00bfQuieres una forma infalible de hacer que cualquier par de zapatos parezca un mill\u00f3n de d\u00f3lares? S\u00f3lo tienes que a\u00f1adir nuestros cordones de terciopelo a tu calzado y listo.","og_url":"https:\/\/www.loopkinglaces.com\/es\/products\/los-cordones-de-terciopelo-para-anadir-lujo-a-cualquier-par-de-zapatos\/","og_site_name":"Luxury Gold Tip Shoelaces by Loop King Laces","article_publisher":"https:\/\/www.facebook.com\/LoopKingLaces\/","og_image":[{"width":1600,"height":1466,"url":"https:\/\/www.loopkinglaces.com\/wp-content\/uploads\/0730A-34-scaled.jpg","type":"image\/jpeg"}],"twitter_card":"summary_large_image","twitter_site":"@loopkinglaces","twitter_misc":{"Tiempo de lectura":"1 minuto"},"schema":{"@context":"https:\/\/schema.org","@graph":[{"@type":["WebPage","ItemPage"],"@id":"https:\/\/www.loopkinglaces.com\/es\/products\/los-cordones-de-terciopelo-para-anadir-lujo-a-cualquier-par-de-zapatos\/","url":"https:\/\/www.loopkinglaces.com\/es\/products\/los-cordones-de-terciopelo-para-anadir-lujo-a-cualquier-par-de-zapatos\/","name":"Cordones de terciopelo liso para a\u00f1adir sofisticaci\u00f3n a tus zapatos","isPartOf":{"@id":"https:\/\/www.loopkinglaces.com\/es\/#website"},"primaryImageOfPage":{"@id":"https:\/\/www.loopkinglaces.com\/es\/products\/los-cordones-de-terciopelo-para-anadir-lujo-a-cualquier-par-de-zapatos\/#primaryimage"},"image":{"@id":"https:\/\/www.loopkinglaces.com\/es\/products\/los-cordones-de-terciopelo-para-anadir-lujo-a-cualquier-par-de-zapatos\/#primaryimage"},"thumbnailUrl":"https:\/\/www.loopkinglaces.com\/wp-content\/uploads\/0730A-34-scaled.jpg","datePublished":"2022-08-25T17:37:26+00:00","description":"\u00bfQuieres una forma infalible de hacer que cualquier par de zapatos parezca un mill\u00f3n de d\u00f3lares? S\u00f3lo tienes que a\u00f1adir nuestros cordones de terciopelo a tu calzado y listo.","breadcrumb":{"@id":"https:\/\/www.loopkinglaces.com\/es\/products\/los-cordones-de-terciopelo-para-anadir-lujo-a-cualquier-par-de-zapatos\/#breadcrumb"},"inLanguage":"es","potentialAction":[{"@type":"ReadAction","target":["https:\/\/www.loopkinglaces.com\/es\/products\/los-cordones-de-terciopelo-para-anadir-lujo-a-cualquier-par-de-zapatos\/"]}]},{"@type":"ImageObject","inLanguage":"es","@id":"https:\/\/www.loopkinglaces.com\/es\/products\/los-cordones-de-terciopelo-para-anadir-lujo-a-cualquier-par-de-zapatos\/#primaryimage","url":"https:\/\/www.loopkinglaces.com\/wp-content\/uploads\/0730A-34-scaled.jpg","contentUrl":"https:\/\/www.loopkinglaces.com\/wp-content\/uploads\/0730A-34-scaled.jpg","width":1600,"height":1466},{"@type":"BreadcrumbList","@id":"https:\/\/www.loopkinglaces.com\/es\/products\/los-cordones-de-terciopelo-para-anadir-lujo-a-cualquier-par-de-zapatos\/#breadcrumb","itemListElement":[{"@type":"ListItem","position":1,"name":"Home","item":"https:\/\/www.loopkinglaces.com\/es\/"},{"@type":"ListItem","position":2,"name":"COMPRAR LACAS","item":"https:\/\/www.loopkinglaces.com\/es\/comprar-lacas\/"},{"@type":"ListItem","position":3,"name":"Los cordones de terciopelo para a\u00f1adir lujo a cualquier par de zapatos"}]},{"@type":"WebSite","@id":"https:\/\/www.loopkinglaces.com\/es\/#website","url":"https:\/\/www.loopkinglaces.com\/es\/","name":"Luxury Gold Tip Shoelaces by Loop King Laces","description":"Rope Laces, Flat Waxed Laces and Leather Laces. All With Gold Tips.","publisher":{"@id":"https:\/\/www.loopkinglaces.com\/es\/#organization"},"potentialAction":[{"@type":"SearchAction","target":{"@type":"EntryPoint","urlTemplate":"https:\/\/www.loopkinglaces.com\/es\/?s={search_term_string}"},"query-input":{"@type":"PropertyValueSpecification","valueRequired":true,"valueName":"search_term_string"}}],"inLanguage":"es"},{"@type":"Organization","@id":"https:\/\/www.loopkinglaces.com\/es\/#organization","name":"Loop King Laces","url":"https:\/\/www.loopkinglaces.com\/es\/","logo":{"@type":"ImageObject","inLanguage":"es","@id":"https:\/\/www.loopkinglaces.com\/es\/#\/schema\/logo\/image\/","url":"https:\/\/www.loopkinglaces.com\/wp-content\/uploads\/LOOP-KING-LACES.1.1-01-LOGO-HI-RES-OFFICIAL-1.png","contentUrl":"https:\/\/www.loopkinglaces.com\/wp-content\/uploads\/LOOP-KING-LACES.1.1-01-LOGO-HI-RES-OFFICIAL-1.png","width":128,"height":91,"caption":"Loop King Laces"},"image":{"@id":"https:\/\/www.loopkinglaces.com\/es\/#\/schema\/logo\/image\/"},"sameAs":["https:\/\/www.facebook.com\/LoopKingLaces\/","https:\/\/x.com\/loopkinglaces","https:\/\/www.instagram.com\/loopkinglaces\/"]}]}},"_links":{"self":[{"href":"https:\/\/www.loopkinglaces.com\/es\/wp-json\/wp\/v2\/product\/73330","targetHints":{"allow":["GET"]}}],"collection":[{"href":"https:\/\/www.loopkinglaces.com\/es\/wp-json\/wp\/v2\/product"}],"about":[{"href":"https:\/\/www.loopkinglaces.com\/es\/wp-json\/wp\/v2\/types\/product"}],"replies":[{"embeddable":true,"href":"https:\/\/www.loopkinglaces.com\/es\/wp-json\/wp\/v2\/comments?post=73330"}],"wp:featuredmedia":[{"embeddable":true,"href":"https:\/\/www.loopkinglaces.com\/es\/wp-json\/wp\/v2\/media\/73344"}],"wp:attachment":[{"href":"https:\/\/www.loopkinglaces.com\/es\/wp-json\/wp\/v2\/media?parent=73330"}],"wp:term":[{"taxonomy":"product_brand","embeddable":true,"href":"https:\/\/www.loopkinglaces.com\/es\/wp-json\/wp\/v2\/product_brand?post=73330"},{"taxonomy":"product_cat","embeddable":true,"href":"https:\/\/www.loopkinglaces.com\/es\/wp-json\/wp\/v2\/product_cat?post=73330"},{"taxonomy":"product_tag","embeddable":true,"href":"https:\/\/www.loopkinglaces.com\/es\/wp-json\/wp\/v2\/product_tag?post=73330"},{"taxonomy":"woo-feed-brand","embeddable":true,"href":"https:\/\/www.loopkinglaces.com\/es\/wp-json\/wp\/v2\/woo-feed-brand?post=73330"}],"curies":[{"name":"wp","href":"https:\/\/api.w.org\/{rel}","templated":true}]}}