{"id":73223,"date":"2022-08-25T17:37:05","date_gmt":"2022-08-25T17:37:05","guid":{"rendered":"https:\/\/www.loopkinglaces.com\/products\/cordones-planos-de-algodon-que-brillan-en-la-oscuridad-con-aglets-dorados\/"},"modified":"2022-08-25T17:37:05","modified_gmt":"2022-08-25T17:37:05","slug":"cordones-planos-de-algodon-que-brillan-en-la-oscuridad-con-aglets-dorados","status":"publish","type":"product","link":"https:\/\/www.loopkinglaces.com\/es\/products\/cordones-planos-de-algodon-que-brillan-en-la-oscuridad-con-aglets-dorados\/","title":{"rendered":"Cordones Planos de Algod\u00f3n que Brillan en la Oscuridad con Aglets Dorados"},"content":{"rendered":"<h3><a href=\"https:\/\/www.loopkinglaces.com\/\">Cordones de lujo para zapatillas<\/a><\/h3>\n<p>  Loop King Laces s\u00f3lo proporciona cordones de lujo de la m\u00e1s alta calidad.<br \/>\nNuestros Cordones Planos de Algod\u00f3n est\u00e1n fabricados con puntas met\u00e1licas en relieve con la inscripci\u00f3n LOOP KING y nuestra Corona Simb\u00f3lica.<br \/>\nCada Cord\u00f3n Plano de Algod\u00f3n est\u00e1 fabricado con algod\u00f3n de primera calidad para evitar que el cord\u00f3n se deshilache inesperadamente y para aumentar la vida \u00fatil del cord\u00f3n a m\u00e1s del triple de un cord\u00f3n de zapato normal de calidad.<br \/>\nNuestros cordones se adaptan a todo tipo de zapatillas y marcas, como Adidas, Nike, VANS, etc. Visita nuestra <a href=\"\/shoelace-size-chart\/\">Gu\u00eda de tallas<\/a> donde podr\u00e1s encontrar la talla perfecta de cordones para tus zapatillas.   <\/p>\n","protected":false},"excerpt":{"rendered":"<p><span style=\"font-weight: 400;\">Nuestros Cordones de Zapato Planos de Algod\u00f3n de Lujo Brillan en la Oscuridad vienen con Aglets (puntas) dorados en relieve.<br \/>\nTodos nuestros cordones de lujo est\u00e1n fabricados con materiales de primera calidad y puntas met\u00e1licas de la mejor calidad.<br \/>\nNuestros Cordones Planos de Algod\u00f3n duran 3 veces m\u00e1s que los cordones normales.   Consulta nuestras caracter\u00edsticas completas a continuaci\u00f3n:<\/span><\/p>\n<ul>\n<li style=\"font-weight: 400;\" aria-level=\"1\"><span style=\"font-weight: 400;\">6 mm de ancho (plano)<\/span><\/li>\n<li style=\"font-weight: 400;\" aria-level=\"1\"><span style=\"font-weight: 400;\">Algod\u00f3n de primera calidad<\/span><\/li>\n<li style=\"font-weight: 400;\" aria-level=\"1\"><span style=\"font-weight: 400;\">Blanco de d\u00eda, verde de noche (o en la oscuridad)<\/span><\/li>\n<li style=\"font-weight: 400;\" aria-level=\"1\"><span style=\"font-weight: 400;\">Duran 3 veces m\u00e1s que los cordones normales<\/span><\/li>\n<li style=\"font-weight: 400;\" aria-level=\"1\"><span style=\"font-weight: 400;\">Agleta dorada Loop King<\/span><\/li>\n<li style=\"font-weight: 400;\" aria-level=\"1\"><span style=\"font-weight: 400;\">Bonito embalaje<\/span><\/li>\n<\/ul>\n","protected":false},"featured_media":73238,"comment_status":"open","ping_status":"closed","template":"","meta":{"_acf_changed":false},"product_brand":[],"product_cat":[1167,1329,1724,1390,1153,1797,1272,1388,877],"product_tag":[],"woo-feed-brand":[],"class_list":{"0":"post-73223","1":"product","2":"type-product","3":"status-publish","4":"has-post-thumbnail","6":"product_cat-cordones-de-bota-resistentes-que-tienen-un-aspecto-increible-y-duran-mucho-tiempo","7":"product_cat-cordones-de-colores-de-moda-para-zapatillas-deportivas","8":"product_cat-cordones-de-zapatos-planos-de-alta-gama-para-dar-un-toque-visual-a-tu-calzado","9":"product_cat-cordones-nike-blancos-tan-brillantes-como-una-estrella","10":"product_cat-cordones-punta-de-oro","11":"product_cat-cordones-que-brillan-en-la-oscuridad-para-divertirse-y-estar-seguro-por-la-noche","12":"product_cat-cordones-verdes-premium-para-mejorar-tus-zapatos","13":"product_cat-seleccion-de-cordones-blancos-clasicos-y-premium","14":"product_cat-todos-los-cordones","16":"first","17":"instock","18":"taxable","19":"shipping-taxable","20":"purchasable","21":"product-type-variable"},"acf":[],"yoast_head":"<!-- This site is optimized with the Yoast SEO plugin v27.4 - https:\/\/yoast.com\/product\/yoast-seo-wordpress\/ -->\n<title>Cordones de zapato planos encerados que brillan en la oscuridad con aglets dorados<\/title>\n<meta name=\"description\" content=\"Nuestros cordones planos encerados que brillan en la oscuridad con puntas doradas son los cordones planos de lujo de mayor calidad del mercado. Cada Cord\u00f3n viene con una Punta Dorada en Relieve\" \/>\n<meta name=\"robots\" content=\"index, follow, max-snippet:-1, max-image-preview:large, max-video-preview:-1\" \/>\n<link rel=\"canonical\" href=\"https:\/\/www.loopkinglaces.com\/es\/products\/cordones-planos-de-algodon-que-brillan-en-la-oscuridad-con-aglets-dorados\/\" \/>\n<meta property=\"og:locale\" content=\"es_ES\" \/>\n<meta property=\"og:type\" content=\"article\" \/>\n<meta property=\"og:title\" content=\"Cordones de zapato planos encerados que brillan en la oscuridad con aglets dorados\" \/>\n<meta property=\"og:description\" content=\"Nuestros cordones planos encerados que brillan en la oscuridad con puntas doradas son los cordones planos de lujo de mayor calidad del mercado. Cada Cord\u00f3n viene con una Punta Dorada en Relieve\" \/>\n<meta property=\"og:url\" content=\"https:\/\/www.loopkinglaces.com\/es\/products\/cordones-planos-de-algodon-que-brillan-en-la-oscuridad-con-aglets-dorados\/\" \/>\n<meta property=\"og:site_name\" content=\"Luxury Gold Tip Shoelaces by Loop King Laces\" \/>\n<meta property=\"article:publisher\" content=\"https:\/\/www.facebook.com\/LoopKingLaces\/\" \/>\n<meta property=\"og:image\" content=\"https:\/\/www.loopkinglaces.com\/wp-content\/uploads\/glow-in-the-dark-1-scaled.jpg\" \/>\n\t<meta property=\"og:image:width\" content=\"1600\" \/>\n\t<meta property=\"og:image:height\" content=\"1600\" \/>\n\t<meta property=\"og:image:type\" content=\"image\/jpeg\" \/>\n<meta name=\"twitter:card\" content=\"summary_large_image\" \/>\n<meta name=\"twitter:site\" content=\"@loopkinglaces\" \/>\n<meta name=\"twitter:label1\" content=\"Tiempo de lectura\" \/>\n\t<meta name=\"twitter:data1\" content=\"1 minuto\" \/>\n<script type=\"application\/ld+json\" class=\"yoast-schema-graph\">{\"@context\":\"https:\\\/\\\/schema.org\",\"@graph\":[{\"@type\":[\"WebPage\",\"ItemPage\"],\"@id\":\"https:\\\/\\\/www.loopkinglaces.com\\\/es\\\/products\\\/cordones-planos-de-algodon-que-brillan-en-la-oscuridad-con-aglets-dorados\\\/\",\"url\":\"https:\\\/\\\/www.loopkinglaces.com\\\/es\\\/products\\\/cordones-planos-de-algodon-que-brillan-en-la-oscuridad-con-aglets-dorados\\\/\",\"name\":\"Cordones de zapato planos encerados que brillan en la oscuridad con aglets dorados\",\"isPartOf\":{\"@id\":\"https:\\\/\\\/www.loopkinglaces.com\\\/es\\\/#website\"},\"primaryImageOfPage\":{\"@id\":\"https:\\\/\\\/www.loopkinglaces.com\\\/es\\\/products\\\/cordones-planos-de-algodon-que-brillan-en-la-oscuridad-con-aglets-dorados\\\/#primaryimage\"},\"image\":{\"@id\":\"https:\\\/\\\/www.loopkinglaces.com\\\/es\\\/products\\\/cordones-planos-de-algodon-que-brillan-en-la-oscuridad-con-aglets-dorados\\\/#primaryimage\"},\"thumbnailUrl\":\"https:\\\/\\\/www.loopkinglaces.com\\\/wp-content\\\/uploads\\\/glow-in-the-dark-1-scaled.jpg\",\"datePublished\":\"2022-08-25T17:37:05+00:00\",\"description\":\"Nuestros cordones planos encerados que brillan en la oscuridad con puntas doradas son los cordones planos de lujo de mayor calidad del mercado. Cada Cord\u00f3n viene con una Punta Dorada en Relieve\",\"breadcrumb\":{\"@id\":\"https:\\\/\\\/www.loopkinglaces.com\\\/es\\\/products\\\/cordones-planos-de-algodon-que-brillan-en-la-oscuridad-con-aglets-dorados\\\/#breadcrumb\"},\"inLanguage\":\"es\",\"potentialAction\":[{\"@type\":\"ReadAction\",\"target\":[\"https:\\\/\\\/www.loopkinglaces.com\\\/es\\\/products\\\/cordones-planos-de-algodon-que-brillan-en-la-oscuridad-con-aglets-dorados\\\/\"]}]},{\"@type\":\"ImageObject\",\"inLanguage\":\"es\",\"@id\":\"https:\\\/\\\/www.loopkinglaces.com\\\/es\\\/products\\\/cordones-planos-de-algodon-que-brillan-en-la-oscuridad-con-aglets-dorados\\\/#primaryimage\",\"url\":\"https:\\\/\\\/www.loopkinglaces.com\\\/wp-content\\\/uploads\\\/glow-in-the-dark-1-scaled.jpg\",\"contentUrl\":\"https:\\\/\\\/www.loopkinglaces.com\\\/wp-content\\\/uploads\\\/glow-in-the-dark-1-scaled.jpg\",\"width\":1600,\"height\":1600},{\"@type\":\"BreadcrumbList\",\"@id\":\"https:\\\/\\\/www.loopkinglaces.com\\\/es\\\/products\\\/cordones-planos-de-algodon-que-brillan-en-la-oscuridad-con-aglets-dorados\\\/#breadcrumb\",\"itemListElement\":[{\"@type\":\"ListItem\",\"position\":1,\"name\":\"Home\",\"item\":\"https:\\\/\\\/www.loopkinglaces.com\\\/es\\\/\"},{\"@type\":\"ListItem\",\"position\":2,\"name\":\"COMPRAR LACAS\",\"item\":\"https:\\\/\\\/www.loopkinglaces.com\\\/es\\\/comprar-lacas\\\/\"},{\"@type\":\"ListItem\",\"position\":3,\"name\":\"Cordones Planos de Algod\u00f3n que Brillan en la Oscuridad con Aglets Dorados\"}]},{\"@type\":\"WebSite\",\"@id\":\"https:\\\/\\\/www.loopkinglaces.com\\\/es\\\/#website\",\"url\":\"https:\\\/\\\/www.loopkinglaces.com\\\/es\\\/\",\"name\":\"Luxury Gold Tip Shoelaces by Loop King Laces\",\"description\":\"Rope Laces, Flat Waxed Laces and Leather Laces. All With Gold Tips.\",\"publisher\":{\"@id\":\"https:\\\/\\\/www.loopkinglaces.com\\\/es\\\/#organization\"},\"potentialAction\":[{\"@type\":\"SearchAction\",\"target\":{\"@type\":\"EntryPoint\",\"urlTemplate\":\"https:\\\/\\\/www.loopkinglaces.com\\\/es\\\/?s={search_term_string}\"},\"query-input\":{\"@type\":\"PropertyValueSpecification\",\"valueRequired\":true,\"valueName\":\"search_term_string\"}}],\"inLanguage\":\"es\"},{\"@type\":\"Organization\",\"@id\":\"https:\\\/\\\/www.loopkinglaces.com\\\/es\\\/#organization\",\"name\":\"Loop King Laces\",\"url\":\"https:\\\/\\\/www.loopkinglaces.com\\\/es\\\/\",\"logo\":{\"@type\":\"ImageObject\",\"inLanguage\":\"es\",\"@id\":\"https:\\\/\\\/www.loopkinglaces.com\\\/es\\\/#\\\/schema\\\/logo\\\/image\\\/\",\"url\":\"https:\\\/\\\/www.loopkinglaces.com\\\/wp-content\\\/uploads\\\/LOOP-KING-LACES.1.1-01-LOGO-HI-RES-OFFICIAL-1.png\",\"contentUrl\":\"https:\\\/\\\/www.loopkinglaces.com\\\/wp-content\\\/uploads\\\/LOOP-KING-LACES.1.1-01-LOGO-HI-RES-OFFICIAL-1.png\",\"width\":128,\"height\":91,\"caption\":\"Loop King Laces\"},\"image\":{\"@id\":\"https:\\\/\\\/www.loopkinglaces.com\\\/es\\\/#\\\/schema\\\/logo\\\/image\\\/\"},\"sameAs\":[\"https:\\\/\\\/www.facebook.com\\\/LoopKingLaces\\\/\",\"https:\\\/\\\/x.com\\\/loopkinglaces\",\"https:\\\/\\\/www.instagram.com\\\/loopkinglaces\\\/\"]}]}<\/script>\n<!-- \/ Yoast SEO plugin. -->","yoast_head_json":{"title":"Cordones de zapato planos encerados que brillan en la oscuridad con aglets dorados","description":"Nuestros cordones planos encerados que brillan en la oscuridad con puntas doradas son los cordones planos de lujo de mayor calidad del mercado. Cada Cord\u00f3n viene con una Punta Dorada en Relieve","robots":{"index":"index","follow":"follow","max-snippet":"max-snippet:-1","max-image-preview":"max-image-preview:large","max-video-preview":"max-video-preview:-1"},"canonical":"https:\/\/www.loopkinglaces.com\/es\/products\/cordones-planos-de-algodon-que-brillan-en-la-oscuridad-con-aglets-dorados\/","og_locale":"es_ES","og_type":"article","og_title":"Cordones de zapato planos encerados que brillan en la oscuridad con aglets dorados","og_description":"Nuestros cordones planos encerados que brillan en la oscuridad con puntas doradas son los cordones planos de lujo de mayor calidad del mercado. Cada Cord\u00f3n viene con una Punta Dorada en Relieve","og_url":"https:\/\/www.loopkinglaces.com\/es\/products\/cordones-planos-de-algodon-que-brillan-en-la-oscuridad-con-aglets-dorados\/","og_site_name":"Luxury Gold Tip Shoelaces by Loop King Laces","article_publisher":"https:\/\/www.facebook.com\/LoopKingLaces\/","og_image":[{"width":1600,"height":1600,"url":"https:\/\/www.loopkinglaces.com\/wp-content\/uploads\/glow-in-the-dark-1-scaled.jpg","type":"image\/jpeg"}],"twitter_card":"summary_large_image","twitter_site":"@loopkinglaces","twitter_misc":{"Tiempo de lectura":"1 minuto"},"schema":{"@context":"https:\/\/schema.org","@graph":[{"@type":["WebPage","ItemPage"],"@id":"https:\/\/www.loopkinglaces.com\/es\/products\/cordones-planos-de-algodon-que-brillan-en-la-oscuridad-con-aglets-dorados\/","url":"https:\/\/www.loopkinglaces.com\/es\/products\/cordones-planos-de-algodon-que-brillan-en-la-oscuridad-con-aglets-dorados\/","name":"Cordones de zapato planos encerados que brillan en la oscuridad con aglets dorados","isPartOf":{"@id":"https:\/\/www.loopkinglaces.com\/es\/#website"},"primaryImageOfPage":{"@id":"https:\/\/www.loopkinglaces.com\/es\/products\/cordones-planos-de-algodon-que-brillan-en-la-oscuridad-con-aglets-dorados\/#primaryimage"},"image":{"@id":"https:\/\/www.loopkinglaces.com\/es\/products\/cordones-planos-de-algodon-que-brillan-en-la-oscuridad-con-aglets-dorados\/#primaryimage"},"thumbnailUrl":"https:\/\/www.loopkinglaces.com\/wp-content\/uploads\/glow-in-the-dark-1-scaled.jpg","datePublished":"2022-08-25T17:37:05+00:00","description":"Nuestros cordones planos encerados que brillan en la oscuridad con puntas doradas son los cordones planos de lujo de mayor calidad del mercado. Cada Cord\u00f3n viene con una Punta Dorada en Relieve","breadcrumb":{"@id":"https:\/\/www.loopkinglaces.com\/es\/products\/cordones-planos-de-algodon-que-brillan-en-la-oscuridad-con-aglets-dorados\/#breadcrumb"},"inLanguage":"es","potentialAction":[{"@type":"ReadAction","target":["https:\/\/www.loopkinglaces.com\/es\/products\/cordones-planos-de-algodon-que-brillan-en-la-oscuridad-con-aglets-dorados\/"]}]},{"@type":"ImageObject","inLanguage":"es","@id":"https:\/\/www.loopkinglaces.com\/es\/products\/cordones-planos-de-algodon-que-brillan-en-la-oscuridad-con-aglets-dorados\/#primaryimage","url":"https:\/\/www.loopkinglaces.com\/wp-content\/uploads\/glow-in-the-dark-1-scaled.jpg","contentUrl":"https:\/\/www.loopkinglaces.com\/wp-content\/uploads\/glow-in-the-dark-1-scaled.jpg","width":1600,"height":1600},{"@type":"BreadcrumbList","@id":"https:\/\/www.loopkinglaces.com\/es\/products\/cordones-planos-de-algodon-que-brillan-en-la-oscuridad-con-aglets-dorados\/#breadcrumb","itemListElement":[{"@type":"ListItem","position":1,"name":"Home","item":"https:\/\/www.loopkinglaces.com\/es\/"},{"@type":"ListItem","position":2,"name":"COMPRAR LACAS","item":"https:\/\/www.loopkinglaces.com\/es\/comprar-lacas\/"},{"@type":"ListItem","position":3,"name":"Cordones Planos de Algod\u00f3n que Brillan en la Oscuridad con Aglets Dorados"}]},{"@type":"WebSite","@id":"https:\/\/www.loopkinglaces.com\/es\/#website","url":"https:\/\/www.loopkinglaces.com\/es\/","name":"Luxury Gold Tip Shoelaces by Loop King Laces","description":"Rope Laces, Flat Waxed Laces and Leather Laces. All With Gold Tips.","publisher":{"@id":"https:\/\/www.loopkinglaces.com\/es\/#organization"},"potentialAction":[{"@type":"SearchAction","target":{"@type":"EntryPoint","urlTemplate":"https:\/\/www.loopkinglaces.com\/es\/?s={search_term_string}"},"query-input":{"@type":"PropertyValueSpecification","valueRequired":true,"valueName":"search_term_string"}}],"inLanguage":"es"},{"@type":"Organization","@id":"https:\/\/www.loopkinglaces.com\/es\/#organization","name":"Loop King Laces","url":"https:\/\/www.loopkinglaces.com\/es\/","logo":{"@type":"ImageObject","inLanguage":"es","@id":"https:\/\/www.loopkinglaces.com\/es\/#\/schema\/logo\/image\/","url":"https:\/\/www.loopkinglaces.com\/wp-content\/uploads\/LOOP-KING-LACES.1.1-01-LOGO-HI-RES-OFFICIAL-1.png","contentUrl":"https:\/\/www.loopkinglaces.com\/wp-content\/uploads\/LOOP-KING-LACES.1.1-01-LOGO-HI-RES-OFFICIAL-1.png","width":128,"height":91,"caption":"Loop King Laces"},"image":{"@id":"https:\/\/www.loopkinglaces.com\/es\/#\/schema\/logo\/image\/"},"sameAs":["https:\/\/www.facebook.com\/LoopKingLaces\/","https:\/\/x.com\/loopkinglaces","https:\/\/www.instagram.com\/loopkinglaces\/"]}]}},"_links":{"self":[{"href":"https:\/\/www.loopkinglaces.com\/es\/wp-json\/wp\/v2\/product\/73223","targetHints":{"allow":["GET"]}}],"collection":[{"href":"https:\/\/www.loopkinglaces.com\/es\/wp-json\/wp\/v2\/product"}],"about":[{"href":"https:\/\/www.loopkinglaces.com\/es\/wp-json\/wp\/v2\/types\/product"}],"replies":[{"embeddable":true,"href":"https:\/\/www.loopkinglaces.com\/es\/wp-json\/wp\/v2\/comments?post=73223"}],"wp:featuredmedia":[{"embeddable":true,"href":"https:\/\/www.loopkinglaces.com\/es\/wp-json\/wp\/v2\/media\/73238"}],"wp:attachment":[{"href":"https:\/\/www.loopkinglaces.com\/es\/wp-json\/wp\/v2\/media?parent=73223"}],"wp:term":[{"taxonomy":"product_brand","embeddable":true,"href":"https:\/\/www.loopkinglaces.com\/es\/wp-json\/wp\/v2\/product_brand?post=73223"},{"taxonomy":"product_cat","embeddable":true,"href":"https:\/\/www.loopkinglaces.com\/es\/wp-json\/wp\/v2\/product_cat?post=73223"},{"taxonomy":"product_tag","embeddable":true,"href":"https:\/\/www.loopkinglaces.com\/es\/wp-json\/wp\/v2\/product_tag?post=73223"},{"taxonomy":"woo-feed-brand","embeddable":true,"href":"https:\/\/www.loopkinglaces.com\/es\/wp-json\/wp\/v2\/woo-feed-brand?post=73223"}],"curies":[{"name":"wp","href":"https:\/\/api.w.org\/{rel}","templated":true}]}}