{"id":73041,"date":"2020-05-23T17:20:15","date_gmt":"2020-05-23T17:20:15","guid":{"rendered":"https:\/\/www.loopkinglaces.com\/products\/recambios-de-aglet-de-oro-de-moda-y-alta-clase\/"},"modified":"2024-10-03T20:52:47","modified_gmt":"2024-10-03T20:52:47","slug":"recambios-de-aglet-de-oro-de-moda-y-alta-clase","status":"publish","type":"product","link":"https:\/\/www.loopkinglaces.com\/es\/products\/recambios-de-aglet-de-oro-de-moda-y-alta-clase\/","title":{"rendered":"Recambios de Aglet de Oro &#8211; De Moda y Alta Clase"},"content":{"rendered":"<p><strong>Instrucciones de aplicaci\u00f3n:<\/strong> S\u00f3lo tienes que colocar la punta dorada sobre tus agletas actuales, y curvar la parte posterior para que quede fijada. <strong>As\u00ed de sencillo. <\/strong> <\/p>\n","protected":false},"excerpt":{"rendered":"<p><strong>Loop King Laces Puntas Doradas x4<\/strong> Dale un toque especial a tus cordones actuales con nuestras Puntas Doradas de repuesto.<br \/>\nNuestras puntas met\u00e1licas doradas se colocan f\u00e1cilmente en tus cordones actuales utilizando la funci\u00f3n de enganche con la que est\u00e1n fabricadas cada una de nuestras puntas.<br \/>\nS\u00f3lo tienes que colocar la punta dorada sobre tus aglets actuales, y curvar la parte posterior para que quede fijada.<br \/>\nAs\u00ed de sencillo.<br \/>\nIncluimos 4 puntas met\u00e1licas para que tu par de cordones est\u00e9 totalmente equipado.<br \/>\nCada una viene grabada con LOOP KING y nuestra Corona Simb\u00f3lica.<br \/>\nM\u00e1s detalles a continuaci\u00f3n:        <\/p>\n<ul>\n<li>Agujas doradas de lujo<\/li>\n<li>Incluye 4 puntas met\u00e1licas doradas<\/li>\n<li>Con clip para una f\u00e1cil aplicaci\u00f3n<\/li>\n<li>Grabado con Nuestra Corona Simb\u00f3lica<\/li>\n<\/ul>\n<p>  Compra varios paquetes de 4 con descuento a continuaci\u00f3n<\/p>\n","protected":false},"featured_media":73054,"comment_status":"open","ping_status":"closed","template":"","meta":{"_acf_changed":false},"product_brand":[],"product_cat":[1784,1153,1425,877,1808],"product_tag":[1786,894,899,1785,895,893,1787],"woo-feed-brand":[],"class_list":{"0":"post-73041","1":"product","2":"type-product","3":"status-publish","4":"has-post-thumbnail","6":"product_cat-aglets-de-cordones-los-diminutos-titanes-de-los-detalles-de-moda","7":"product_cat-cordones-punta-de-oro","8":"product_cat-extremos-de-cordon-dorados-para-sudaderas-que-alargaran-la-vida-util-de-tus-cordones","9":"product_cat-todos-los-cordones","10":"product_cat-un-cordon-de-sudadera-con-capucha-con-materiales-de-primera-calidad-que-tiene-un-aspecto-increible","11":"product_tag-aglets-es","12":"product_tag-cordones","13":"product_tag-cordones-punta-de-oro","14":"product_tag-punta-de-oro","15":"product_tag-punta-metalica","16":"product_tag-rey-del-bucle","17":"product_tag-zapato-aglets","19":"first","20":"instock","21":"taxable","22":"shipping-taxable","23":"purchasable","24":"product-type-variable"},"acf":[],"yoast_head":"<!-- This site is optimized with the Yoast SEO plugin v27.4 - https:\/\/yoast.com\/product\/yoast-seo-wordpress\/ -->\n<title>Comprar Recambio de Aglet de Oro Aqu\u00ed: Puntas de Oro de Lujo para Cordones<\/title>\n<meta name=\"description\" content=\"Dale un poco de chispa a tus cordones con nuestros Aglets dorados. Estas puntas de metal de alta calidad son f\u00e1ciles de colocar gracias a su cierre de clip. Compru\u00e9balo.\" \/>\n<meta name=\"robots\" content=\"index, follow, max-snippet:-1, max-image-preview:large, max-video-preview:-1\" \/>\n<link rel=\"canonical\" href=\"https:\/\/www.loopkinglaces.com\/es\/products\/recambios-de-aglet-de-oro-de-moda-y-alta-clase\/\" \/>\n<meta property=\"og:locale\" content=\"es_ES\" \/>\n<meta property=\"og:type\" content=\"article\" \/>\n<meta property=\"og:title\" content=\"Comprar Recambio de Aglet de Oro Aqu\u00ed: Puntas de Oro de Lujo para Cordones\" \/>\n<meta property=\"og:description\" content=\"Dale un poco de chispa a tus cordones con nuestros Aglets dorados. Estas puntas de metal de alta calidad son f\u00e1ciles de colocar gracias a su cierre de clip. Compru\u00e9balo.\" \/>\n<meta property=\"og:url\" content=\"https:\/\/www.loopkinglaces.com\/es\/products\/recambios-de-aglet-de-oro-de-moda-y-alta-clase\/\" \/>\n<meta property=\"og:site_name\" content=\"Luxury Gold Tip Shoelaces by Loop King Laces\" \/>\n<meta property=\"article:publisher\" content=\"https:\/\/www.facebook.com\/LoopKingLaces\/\" \/>\n<meta property=\"article:modified_time\" content=\"2024-10-03T20:52:47+00:00\" \/>\n<meta property=\"og:image\" content=\"https:\/\/www.loopkinglaces.com\/wp-content\/uploads\/Loop-King-Laces-Gold-Tips-Aglets-Metal.jpg\" \/>\n\t<meta property=\"og:image:width\" content=\"1000\" \/>\n\t<meta property=\"og:image:height\" content=\"1000\" \/>\n\t<meta property=\"og:image:type\" content=\"image\/jpeg\" \/>\n<meta name=\"twitter:card\" content=\"summary_large_image\" \/>\n<meta name=\"twitter:site\" content=\"@loopkinglaces\" \/>\n<script type=\"application\/ld+json\" class=\"yoast-schema-graph\">{\"@context\":\"https:\\\/\\\/schema.org\",\"@graph\":[{\"@type\":[\"WebPage\",\"ItemPage\"],\"@id\":\"https:\\\/\\\/www.loopkinglaces.com\\\/es\\\/products\\\/recambios-de-aglet-de-oro-de-moda-y-alta-clase\\\/\",\"url\":\"https:\\\/\\\/www.loopkinglaces.com\\\/es\\\/products\\\/recambios-de-aglet-de-oro-de-moda-y-alta-clase\\\/\",\"name\":\"Comprar Recambio de Aglet de Oro Aqu\u00ed: Puntas de Oro de Lujo para Cordones\",\"isPartOf\":{\"@id\":\"https:\\\/\\\/www.loopkinglaces.com\\\/es\\\/#website\"},\"primaryImageOfPage\":{\"@id\":\"https:\\\/\\\/www.loopkinglaces.com\\\/es\\\/products\\\/recambios-de-aglet-de-oro-de-moda-y-alta-clase\\\/#primaryimage\"},\"image\":{\"@id\":\"https:\\\/\\\/www.loopkinglaces.com\\\/es\\\/products\\\/recambios-de-aglet-de-oro-de-moda-y-alta-clase\\\/#primaryimage\"},\"thumbnailUrl\":\"https:\\\/\\\/www.loopkinglaces.com\\\/wp-content\\\/uploads\\\/Loop-King-Laces-Gold-Tips-Aglets-Metal.jpg\",\"datePublished\":\"2020-05-23T17:20:15+00:00\",\"dateModified\":\"2024-10-03T20:52:47+00:00\",\"description\":\"Dale un poco de chispa a tus cordones con nuestros Aglets dorados. Estas puntas de metal de alta calidad son f\u00e1ciles de colocar gracias a su cierre de clip. Compru\u00e9balo.\",\"breadcrumb\":{\"@id\":\"https:\\\/\\\/www.loopkinglaces.com\\\/es\\\/products\\\/recambios-de-aglet-de-oro-de-moda-y-alta-clase\\\/#breadcrumb\"},\"inLanguage\":\"es\",\"potentialAction\":[{\"@type\":\"ReadAction\",\"target\":[\"https:\\\/\\\/www.loopkinglaces.com\\\/es\\\/products\\\/recambios-de-aglet-de-oro-de-moda-y-alta-clase\\\/\"]}]},{\"@type\":\"ImageObject\",\"inLanguage\":\"es\",\"@id\":\"https:\\\/\\\/www.loopkinglaces.com\\\/es\\\/products\\\/recambios-de-aglet-de-oro-de-moda-y-alta-clase\\\/#primaryimage\",\"url\":\"https:\\\/\\\/www.loopkinglaces.com\\\/wp-content\\\/uploads\\\/Loop-King-Laces-Gold-Tips-Aglets-Metal.jpg\",\"contentUrl\":\"https:\\\/\\\/www.loopkinglaces.com\\\/wp-content\\\/uploads\\\/Loop-King-Laces-Gold-Tips-Aglets-Metal.jpg\",\"width\":1000,\"height\":1000},{\"@type\":\"BreadcrumbList\",\"@id\":\"https:\\\/\\\/www.loopkinglaces.com\\\/es\\\/products\\\/recambios-de-aglet-de-oro-de-moda-y-alta-clase\\\/#breadcrumb\",\"itemListElement\":[{\"@type\":\"ListItem\",\"position\":1,\"name\":\"Home\",\"item\":\"https:\\\/\\\/www.loopkinglaces.com\\\/es\\\/\"},{\"@type\":\"ListItem\",\"position\":2,\"name\":\"COMPRAR LACAS\",\"item\":\"https:\\\/\\\/www.loopkinglaces.com\\\/es\\\/comprar-lacas\\\/\"},{\"@type\":\"ListItem\",\"position\":3,\"name\":\"Recambios de Aglet de Oro &#8211; De Moda y Alta Clase\"}]},{\"@type\":\"WebSite\",\"@id\":\"https:\\\/\\\/www.loopkinglaces.com\\\/es\\\/#website\",\"url\":\"https:\\\/\\\/www.loopkinglaces.com\\\/es\\\/\",\"name\":\"Luxury Gold Tip Shoelaces by Loop King Laces\",\"description\":\"Rope Laces, Flat Waxed Laces and Leather Laces. All With Gold Tips.\",\"publisher\":{\"@id\":\"https:\\\/\\\/www.loopkinglaces.com\\\/es\\\/#organization\"},\"potentialAction\":[{\"@type\":\"SearchAction\",\"target\":{\"@type\":\"EntryPoint\",\"urlTemplate\":\"https:\\\/\\\/www.loopkinglaces.com\\\/es\\\/?s={search_term_string}\"},\"query-input\":{\"@type\":\"PropertyValueSpecification\",\"valueRequired\":true,\"valueName\":\"search_term_string\"}}],\"inLanguage\":\"es\"},{\"@type\":\"Organization\",\"@id\":\"https:\\\/\\\/www.loopkinglaces.com\\\/es\\\/#organization\",\"name\":\"Loop King Laces\",\"url\":\"https:\\\/\\\/www.loopkinglaces.com\\\/es\\\/\",\"logo\":{\"@type\":\"ImageObject\",\"inLanguage\":\"es\",\"@id\":\"https:\\\/\\\/www.loopkinglaces.com\\\/es\\\/#\\\/schema\\\/logo\\\/image\\\/\",\"url\":\"https:\\\/\\\/www.loopkinglaces.com\\\/wp-content\\\/uploads\\\/LOOP-KING-LACES.1.1-01-LOGO-HI-RES-OFFICIAL-1.png\",\"contentUrl\":\"https:\\\/\\\/www.loopkinglaces.com\\\/wp-content\\\/uploads\\\/LOOP-KING-LACES.1.1-01-LOGO-HI-RES-OFFICIAL-1.png\",\"width\":128,\"height\":91,\"caption\":\"Loop King Laces\"},\"image\":{\"@id\":\"https:\\\/\\\/www.loopkinglaces.com\\\/es\\\/#\\\/schema\\\/logo\\\/image\\\/\"},\"sameAs\":[\"https:\\\/\\\/www.facebook.com\\\/LoopKingLaces\\\/\",\"https:\\\/\\\/x.com\\\/loopkinglaces\",\"https:\\\/\\\/www.instagram.com\\\/loopkinglaces\\\/\"]}]}<\/script>\n<!-- \/ Yoast SEO plugin. -->","yoast_head_json":{"title":"Comprar Recambio de Aglet de Oro Aqu\u00ed: Puntas de Oro de Lujo para Cordones","description":"Dale un poco de chispa a tus cordones con nuestros Aglets dorados. Estas puntas de metal de alta calidad son f\u00e1ciles de colocar gracias a su cierre de clip. Compru\u00e9balo.","robots":{"index":"index","follow":"follow","max-snippet":"max-snippet:-1","max-image-preview":"max-image-preview:large","max-video-preview":"max-video-preview:-1"},"canonical":"https:\/\/www.loopkinglaces.com\/es\/products\/recambios-de-aglet-de-oro-de-moda-y-alta-clase\/","og_locale":"es_ES","og_type":"article","og_title":"Comprar Recambio de Aglet de Oro Aqu\u00ed: Puntas de Oro de Lujo para Cordones","og_description":"Dale un poco de chispa a tus cordones con nuestros Aglets dorados. Estas puntas de metal de alta calidad son f\u00e1ciles de colocar gracias a su cierre de clip. Compru\u00e9balo.","og_url":"https:\/\/www.loopkinglaces.com\/es\/products\/recambios-de-aglet-de-oro-de-moda-y-alta-clase\/","og_site_name":"Luxury Gold Tip Shoelaces by Loop King Laces","article_publisher":"https:\/\/www.facebook.com\/LoopKingLaces\/","article_modified_time":"2024-10-03T20:52:47+00:00","og_image":[{"width":1000,"height":1000,"url":"https:\/\/www.loopkinglaces.com\/wp-content\/uploads\/Loop-King-Laces-Gold-Tips-Aglets-Metal.jpg","type":"image\/jpeg"}],"twitter_card":"summary_large_image","twitter_site":"@loopkinglaces","schema":{"@context":"https:\/\/schema.org","@graph":[{"@type":["WebPage","ItemPage"],"@id":"https:\/\/www.loopkinglaces.com\/es\/products\/recambios-de-aglet-de-oro-de-moda-y-alta-clase\/","url":"https:\/\/www.loopkinglaces.com\/es\/products\/recambios-de-aglet-de-oro-de-moda-y-alta-clase\/","name":"Comprar Recambio de Aglet de Oro Aqu\u00ed: Puntas de Oro de Lujo para Cordones","isPartOf":{"@id":"https:\/\/www.loopkinglaces.com\/es\/#website"},"primaryImageOfPage":{"@id":"https:\/\/www.loopkinglaces.com\/es\/products\/recambios-de-aglet-de-oro-de-moda-y-alta-clase\/#primaryimage"},"image":{"@id":"https:\/\/www.loopkinglaces.com\/es\/products\/recambios-de-aglet-de-oro-de-moda-y-alta-clase\/#primaryimage"},"thumbnailUrl":"https:\/\/www.loopkinglaces.com\/wp-content\/uploads\/Loop-King-Laces-Gold-Tips-Aglets-Metal.jpg","datePublished":"2020-05-23T17:20:15+00:00","dateModified":"2024-10-03T20:52:47+00:00","description":"Dale un poco de chispa a tus cordones con nuestros Aglets dorados. Estas puntas de metal de alta calidad son f\u00e1ciles de colocar gracias a su cierre de clip. Compru\u00e9balo.","breadcrumb":{"@id":"https:\/\/www.loopkinglaces.com\/es\/products\/recambios-de-aglet-de-oro-de-moda-y-alta-clase\/#breadcrumb"},"inLanguage":"es","potentialAction":[{"@type":"ReadAction","target":["https:\/\/www.loopkinglaces.com\/es\/products\/recambios-de-aglet-de-oro-de-moda-y-alta-clase\/"]}]},{"@type":"ImageObject","inLanguage":"es","@id":"https:\/\/www.loopkinglaces.com\/es\/products\/recambios-de-aglet-de-oro-de-moda-y-alta-clase\/#primaryimage","url":"https:\/\/www.loopkinglaces.com\/wp-content\/uploads\/Loop-King-Laces-Gold-Tips-Aglets-Metal.jpg","contentUrl":"https:\/\/www.loopkinglaces.com\/wp-content\/uploads\/Loop-King-Laces-Gold-Tips-Aglets-Metal.jpg","width":1000,"height":1000},{"@type":"BreadcrumbList","@id":"https:\/\/www.loopkinglaces.com\/es\/products\/recambios-de-aglet-de-oro-de-moda-y-alta-clase\/#breadcrumb","itemListElement":[{"@type":"ListItem","position":1,"name":"Home","item":"https:\/\/www.loopkinglaces.com\/es\/"},{"@type":"ListItem","position":2,"name":"COMPRAR LACAS","item":"https:\/\/www.loopkinglaces.com\/es\/comprar-lacas\/"},{"@type":"ListItem","position":3,"name":"Recambios de Aglet de Oro &#8211; De Moda y Alta Clase"}]},{"@type":"WebSite","@id":"https:\/\/www.loopkinglaces.com\/es\/#website","url":"https:\/\/www.loopkinglaces.com\/es\/","name":"Luxury Gold Tip Shoelaces by Loop King Laces","description":"Rope Laces, Flat Waxed Laces and Leather Laces. All With Gold Tips.","publisher":{"@id":"https:\/\/www.loopkinglaces.com\/es\/#organization"},"potentialAction":[{"@type":"SearchAction","target":{"@type":"EntryPoint","urlTemplate":"https:\/\/www.loopkinglaces.com\/es\/?s={search_term_string}"},"query-input":{"@type":"PropertyValueSpecification","valueRequired":true,"valueName":"search_term_string"}}],"inLanguage":"es"},{"@type":"Organization","@id":"https:\/\/www.loopkinglaces.com\/es\/#organization","name":"Loop King Laces","url":"https:\/\/www.loopkinglaces.com\/es\/","logo":{"@type":"ImageObject","inLanguage":"es","@id":"https:\/\/www.loopkinglaces.com\/es\/#\/schema\/logo\/image\/","url":"https:\/\/www.loopkinglaces.com\/wp-content\/uploads\/LOOP-KING-LACES.1.1-01-LOGO-HI-RES-OFFICIAL-1.png","contentUrl":"https:\/\/www.loopkinglaces.com\/wp-content\/uploads\/LOOP-KING-LACES.1.1-01-LOGO-HI-RES-OFFICIAL-1.png","width":128,"height":91,"caption":"Loop King Laces"},"image":{"@id":"https:\/\/www.loopkinglaces.com\/es\/#\/schema\/logo\/image\/"},"sameAs":["https:\/\/www.facebook.com\/LoopKingLaces\/","https:\/\/x.com\/loopkinglaces","https:\/\/www.instagram.com\/loopkinglaces\/"]}]}},"_links":{"self":[{"href":"https:\/\/www.loopkinglaces.com\/es\/wp-json\/wp\/v2\/product\/73041","targetHints":{"allow":["GET"]}}],"collection":[{"href":"https:\/\/www.loopkinglaces.com\/es\/wp-json\/wp\/v2\/product"}],"about":[{"href":"https:\/\/www.loopkinglaces.com\/es\/wp-json\/wp\/v2\/types\/product"}],"replies":[{"embeddable":true,"href":"https:\/\/www.loopkinglaces.com\/es\/wp-json\/wp\/v2\/comments?post=73041"}],"wp:featuredmedia":[{"embeddable":true,"href":"https:\/\/www.loopkinglaces.com\/es\/wp-json\/wp\/v2\/media\/73054"}],"wp:attachment":[{"href":"https:\/\/www.loopkinglaces.com\/es\/wp-json\/wp\/v2\/media?parent=73041"}],"wp:term":[{"taxonomy":"product_brand","embeddable":true,"href":"https:\/\/www.loopkinglaces.com\/es\/wp-json\/wp\/v2\/product_brand?post=73041"},{"taxonomy":"product_cat","embeddable":true,"href":"https:\/\/www.loopkinglaces.com\/es\/wp-json\/wp\/v2\/product_cat?post=73041"},{"taxonomy":"product_tag","embeddable":true,"href":"https:\/\/www.loopkinglaces.com\/es\/wp-json\/wp\/v2\/product_tag?post=73041"},{"taxonomy":"woo-feed-brand","embeddable":true,"href":"https:\/\/www.loopkinglaces.com\/es\/wp-json\/wp\/v2\/woo-feed-brand?post=73041"}],"curies":[{"name":"wp","href":"https:\/\/api.w.org\/{rel}","templated":true}]}}