{"id":73034,"date":"2022-08-24T11:40:20","date_gmt":"2022-08-24T11:40:20","guid":{"rendered":"https:\/\/www.loopkinglaces.com\/products\/colgantes-para-cordones-que-haran-que-tu-calzado-luzca-genial\/"},"modified":"2022-08-24T11:40:20","modified_gmt":"2022-08-24T11:40:20","slug":"colgantes-para-cordones-que-haran-que-tu-calzado-luzca-genial","status":"publish","type":"product","link":"https:\/\/www.loopkinglaces.com\/es\/products\/colgantes-para-cordones-que-haran-que-tu-calzado-luzca-genial\/","title":{"rendered":"Colgantes para cordones que har\u00e1n que tu calzado luzca genial"},"content":{"rendered":"<p><span style=\"font-weight: 400;\">\u00bfBuscas una forma de dar a tus zapatos un toque extra de elegancia?<br \/>\nSi es as\u00ed, necesitas un par de nuestros cordones grabados en oro de LoopKing.   <\/span><\/p>\n<p><span style=\"font-weight: 400;\">Nuestros colgantes llevan grabados tanto el logotipo como el nombre de Loop King Laces, as\u00ed que tendr\u00e1s <\/span><b>mucho estilo para expresarte<\/b><span style=\"font-weight: 400;\">. <\/span><i><span style=\"font-weight: 400;\">Los colgantes de doble cara a\u00f1adir\u00e1n versatilidad a tu vestuario.<\/span><\/i><span style=\"font-weight: 400;\">. <\/span><span style=\"font-weight: 400;\">Puedes utilizar cualquiera de los dos lados para engancharlo a tus cordones, as\u00ed tendr\u00e1s libertad para mezclar las cosas cuando te apetezca un nuevo look. <\/span> <\/p>\n<p><span style=\"font-weight: 400;\">Cada colgante est\u00e1 fabricado con materiales de alta calidad que tienen un aspecto impresionante.<br \/>\nHar\u00e1n que tus zapatos parezcan brillantes y flamantes la pr\u00f3xima vez que te los pongas.   <\/span><\/p>\n<p><span style=\"font-weight: 400;\">Nuestros colgantes para cordones tienen el tama\u00f1o perfecto para cualquier zapato, ni demasiado grandes ni demasiado peque\u00f1os, y aun as\u00ed atraer\u00e1n las miradas de cualquiera que est\u00e9 cerca.<\/span><\/p>\n<p><span style=\"font-weight: 400;\">Estos colgantes son la forma perfecta de a\u00f1adir estilo, sofisticaci\u00f3n y autoexpresi\u00f3n a cualquier tipo de calzado, no s\u00f3lo a las zapatillas deportivas.<br \/>\nQuedan fabulosos en oxfords, zapatillas de lona, zapatos de vestir y cualquier otro tipo de calzado que tenga cordones.   <\/span><\/p>\n<p><span style=\"font-weight: 400;\">\u00bfAlguien que conoces tiene un cumplea\u00f1os, aniversario, graduaci\u00f3n u otro acontecimiento especial pr\u00f3ximamente?<br \/>\nEntonces este set de colgantes dorados para cordones ser\u00e1 el regalo perfecto.<br \/>\nNuestro embalaje LoopKing es de alta gama y muy bonito, as\u00ed que pr\u00e1cticamente todo el trabajo ya est\u00e1 hecho por ti.    <\/span><\/p>\n","protected":false},"excerpt":{"rendered":"<p><span style=\"font-weight: 400;\">Podr\u00e1s <\/span><b>a\u00f1adir brillo a cualquier par de zapatos<\/b><span style=\"font-weight: 400;\">haci\u00e9ndolos m\u00e1s atractivos al instante.<br \/>\nNuestros colgantes dorados para cordones complementar\u00e1n cualquier par de zapatos, sean o no de un dise\u00f1ador de renombre.   <\/span><\/p>\n<p><span style=\"font-weight: 400;\">Las caracter\u00edsticas principales son:<\/span><\/p>\n<ul>\n<li style=\"font-weight: 400;\" aria-level=\"1\"><span style=\"font-weight: 400;\">Tama\u00f1o de 30 mm x 10 mm (1,18 pulg. x 0,39 pulg.)<\/span><\/li>\n<li style=\"font-weight: 400;\" aria-level=\"1\"><span style=\"font-weight: 400;\">Materiales de primera calidad  <\/span><\/li>\n<li style=\"font-weight: 400;\" aria-level=\"1\"><span style=\"font-weight: 400;\">Funciona con todo tipo de calzado (zapatillas, zapatos de vestir, etc.)  <\/span><\/li>\n<li style=\"font-weight: 400;\" aria-level=\"1\"><span style=\"font-weight: 400;\">Montaje y desmontaje sin esfuerzo  <\/span><\/li>\n<li style=\"font-weight: 400;\" aria-level=\"1\"><span style=\"font-weight: 400;\">Logotipo de Loop King grabado en una cara y nombre en la otra<\/span><\/li>\n<\/ul>\n","protected":false},"featured_media":51641,"comment_status":"open","ping_status":"closed","template":"","meta":{"_acf_changed":false},"product_brand":[],"product_cat":[1153,1438,877],"product_tag":[],"woo-feed-brand":[],"class_list":{"0":"post-73034","1":"product","2":"type-product","3":"status-publish","4":"has-post-thumbnail","6":"product_cat-cordones-punta-de-oro","7":"product_cat-sin-categoria","8":"product_cat-todos-los-cordones","10":"first","11":"instock","12":"taxable","13":"shipping-taxable","14":"purchasable","15":"product-type-simple"},"acf":[],"yoast_head":"<!-- This site is optimized with the Yoast SEO plugin v27.4 - https:\/\/yoast.com\/product\/yoast-seo-wordpress\/ -->\n<title>Cordones de oro de primera calidad para adornar tus zapatos<\/title>\n<meta name=\"description\" content=\"\u00bfBuscas una forma de deslumbrar con tus zapatos? Nuestros colgantes dorados para cordones transformar\u00e1n cualquier zapatilla o zapato de vestir en una obra de arte.\" \/>\n<meta name=\"robots\" content=\"index, follow, max-snippet:-1, max-image-preview:large, max-video-preview:-1\" \/>\n<link rel=\"canonical\" href=\"https:\/\/www.loopkinglaces.com\/es\/products\/colgantes-para-cordones-que-haran-que-tu-calzado-luzca-genial\/\" \/>\n<meta property=\"og:locale\" content=\"es_ES\" \/>\n<meta property=\"og:type\" content=\"article\" \/>\n<meta property=\"og:title\" content=\"Cordones de oro de primera calidad para adornar tus zapatos\" \/>\n<meta property=\"og:description\" content=\"\u00bfBuscas una forma de deslumbrar con tus zapatos? Nuestros colgantes dorados para cordones transformar\u00e1n cualquier zapatilla o zapato de vestir en una obra de arte.\" \/>\n<meta property=\"og:url\" content=\"https:\/\/www.loopkinglaces.com\/es\/products\/colgantes-para-cordones-que-haran-que-tu-calzado-luzca-genial\/\" \/>\n<meta property=\"og:site_name\" content=\"Luxury Gold Tip Shoelaces by Loop King Laces\" \/>\n<meta property=\"article:publisher\" content=\"https:\/\/www.facebook.com\/LoopKingLaces\/\" \/>\n<meta property=\"og:image\" content=\"https:\/\/www.loopkinglaces.com\/wp-content\/uploads\/0730A-30-scaled-e1662571530231.jpg\" \/>\n\t<meta property=\"og:image:width\" content=\"1433\" \/>\n\t<meta property=\"og:image:height\" content=\"1261\" \/>\n\t<meta property=\"og:image:type\" content=\"image\/jpeg\" \/>\n<meta name=\"twitter:card\" content=\"summary_large_image\" \/>\n<meta name=\"twitter:site\" content=\"@loopkinglaces\" \/>\n<meta name=\"twitter:label1\" content=\"Tiempo de lectura\" \/>\n\t<meta name=\"twitter:data1\" content=\"1 minuto\" \/>\n<script type=\"application\/ld+json\" class=\"yoast-schema-graph\">{\"@context\":\"https:\\\/\\\/schema.org\",\"@graph\":[{\"@type\":[\"WebPage\",\"ItemPage\"],\"@id\":\"https:\\\/\\\/www.loopkinglaces.com\\\/es\\\/products\\\/colgantes-para-cordones-que-haran-que-tu-calzado-luzca-genial\\\/\",\"url\":\"https:\\\/\\\/www.loopkinglaces.com\\\/es\\\/products\\\/colgantes-para-cordones-que-haran-que-tu-calzado-luzca-genial\\\/\",\"name\":\"Cordones de oro de primera calidad para adornar tus zapatos\",\"isPartOf\":{\"@id\":\"https:\\\/\\\/www.loopkinglaces.com\\\/es\\\/#website\"},\"primaryImageOfPage\":{\"@id\":\"https:\\\/\\\/www.loopkinglaces.com\\\/es\\\/products\\\/colgantes-para-cordones-que-haran-que-tu-calzado-luzca-genial\\\/#primaryimage\"},\"image\":{\"@id\":\"https:\\\/\\\/www.loopkinglaces.com\\\/es\\\/products\\\/colgantes-para-cordones-que-haran-que-tu-calzado-luzca-genial\\\/#primaryimage\"},\"thumbnailUrl\":\"https:\\\/\\\/www.loopkinglaces.com\\\/wp-content\\\/uploads\\\/0730A-30-scaled-e1662571530231.jpg\",\"datePublished\":\"2022-08-24T11:40:20+00:00\",\"description\":\"\u00bfBuscas una forma de deslumbrar con tus zapatos? Nuestros colgantes dorados para cordones transformar\u00e1n cualquier zapatilla o zapato de vestir en una obra de arte.\",\"breadcrumb\":{\"@id\":\"https:\\\/\\\/www.loopkinglaces.com\\\/es\\\/products\\\/colgantes-para-cordones-que-haran-que-tu-calzado-luzca-genial\\\/#breadcrumb\"},\"inLanguage\":\"es\",\"potentialAction\":[{\"@type\":\"ReadAction\",\"target\":[\"https:\\\/\\\/www.loopkinglaces.com\\\/es\\\/products\\\/colgantes-para-cordones-que-haran-que-tu-calzado-luzca-genial\\\/\"]}]},{\"@type\":\"ImageObject\",\"inLanguage\":\"es\",\"@id\":\"https:\\\/\\\/www.loopkinglaces.com\\\/es\\\/products\\\/colgantes-para-cordones-que-haran-que-tu-calzado-luzca-genial\\\/#primaryimage\",\"url\":\"https:\\\/\\\/www.loopkinglaces.com\\\/wp-content\\\/uploads\\\/0730A-30-scaled-e1662571530231.jpg\",\"contentUrl\":\"https:\\\/\\\/www.loopkinglaces.com\\\/wp-content\\\/uploads\\\/0730A-30-scaled-e1662571530231.jpg\",\"width\":1433,\"height\":1261,\"caption\":\"A pair of LoopKing shoelace charms.\"},{\"@type\":\"BreadcrumbList\",\"@id\":\"https:\\\/\\\/www.loopkinglaces.com\\\/es\\\/products\\\/colgantes-para-cordones-que-haran-que-tu-calzado-luzca-genial\\\/#breadcrumb\",\"itemListElement\":[{\"@type\":\"ListItem\",\"position\":1,\"name\":\"Home\",\"item\":\"https:\\\/\\\/www.loopkinglaces.com\\\/es\\\/\"},{\"@type\":\"ListItem\",\"position\":2,\"name\":\"COMPRAR LACAS\",\"item\":\"https:\\\/\\\/www.loopkinglaces.com\\\/es\\\/comprar-lacas\\\/\"},{\"@type\":\"ListItem\",\"position\":3,\"name\":\"Colgantes para cordones que har\u00e1n que tu calzado luzca genial\"}]},{\"@type\":\"WebSite\",\"@id\":\"https:\\\/\\\/www.loopkinglaces.com\\\/es\\\/#website\",\"url\":\"https:\\\/\\\/www.loopkinglaces.com\\\/es\\\/\",\"name\":\"Luxury Gold Tip Shoelaces by Loop King Laces\",\"description\":\"Rope Laces, Flat Waxed Laces and Leather Laces. All With Gold Tips.\",\"publisher\":{\"@id\":\"https:\\\/\\\/www.loopkinglaces.com\\\/es\\\/#organization\"},\"potentialAction\":[{\"@type\":\"SearchAction\",\"target\":{\"@type\":\"EntryPoint\",\"urlTemplate\":\"https:\\\/\\\/www.loopkinglaces.com\\\/es\\\/?s={search_term_string}\"},\"query-input\":{\"@type\":\"PropertyValueSpecification\",\"valueRequired\":true,\"valueName\":\"search_term_string\"}}],\"inLanguage\":\"es\"},{\"@type\":\"Organization\",\"@id\":\"https:\\\/\\\/www.loopkinglaces.com\\\/es\\\/#organization\",\"name\":\"Loop King Laces\",\"url\":\"https:\\\/\\\/www.loopkinglaces.com\\\/es\\\/\",\"logo\":{\"@type\":\"ImageObject\",\"inLanguage\":\"es\",\"@id\":\"https:\\\/\\\/www.loopkinglaces.com\\\/es\\\/#\\\/schema\\\/logo\\\/image\\\/\",\"url\":\"https:\\\/\\\/www.loopkinglaces.com\\\/wp-content\\\/uploads\\\/LOOP-KING-LACES.1.1-01-LOGO-HI-RES-OFFICIAL-1.png\",\"contentUrl\":\"https:\\\/\\\/www.loopkinglaces.com\\\/wp-content\\\/uploads\\\/LOOP-KING-LACES.1.1-01-LOGO-HI-RES-OFFICIAL-1.png\",\"width\":128,\"height\":91,\"caption\":\"Loop King Laces\"},\"image\":{\"@id\":\"https:\\\/\\\/www.loopkinglaces.com\\\/es\\\/#\\\/schema\\\/logo\\\/image\\\/\"},\"sameAs\":[\"https:\\\/\\\/www.facebook.com\\\/LoopKingLaces\\\/\",\"https:\\\/\\\/x.com\\\/loopkinglaces\",\"https:\\\/\\\/www.instagram.com\\\/loopkinglaces\\\/\"]}]}<\/script>\n<!-- \/ Yoast SEO plugin. -->","yoast_head_json":{"title":"Cordones de oro de primera calidad para adornar tus zapatos","description":"\u00bfBuscas una forma de deslumbrar con tus zapatos? Nuestros colgantes dorados para cordones transformar\u00e1n cualquier zapatilla o zapato de vestir en una obra de arte.","robots":{"index":"index","follow":"follow","max-snippet":"max-snippet:-1","max-image-preview":"max-image-preview:large","max-video-preview":"max-video-preview:-1"},"canonical":"https:\/\/www.loopkinglaces.com\/es\/products\/colgantes-para-cordones-que-haran-que-tu-calzado-luzca-genial\/","og_locale":"es_ES","og_type":"article","og_title":"Cordones de oro de primera calidad para adornar tus zapatos","og_description":"\u00bfBuscas una forma de deslumbrar con tus zapatos? Nuestros colgantes dorados para cordones transformar\u00e1n cualquier zapatilla o zapato de vestir en una obra de arte.","og_url":"https:\/\/www.loopkinglaces.com\/es\/products\/colgantes-para-cordones-que-haran-que-tu-calzado-luzca-genial\/","og_site_name":"Luxury Gold Tip Shoelaces by Loop King Laces","article_publisher":"https:\/\/www.facebook.com\/LoopKingLaces\/","og_image":[{"width":1433,"height":1261,"url":"https:\/\/www.loopkinglaces.com\/wp-content\/uploads\/0730A-30-scaled-e1662571530231.jpg","type":"image\/jpeg"}],"twitter_card":"summary_large_image","twitter_site":"@loopkinglaces","twitter_misc":{"Tiempo de lectura":"1 minuto"},"schema":{"@context":"https:\/\/schema.org","@graph":[{"@type":["WebPage","ItemPage"],"@id":"https:\/\/www.loopkinglaces.com\/es\/products\/colgantes-para-cordones-que-haran-que-tu-calzado-luzca-genial\/","url":"https:\/\/www.loopkinglaces.com\/es\/products\/colgantes-para-cordones-que-haran-que-tu-calzado-luzca-genial\/","name":"Cordones de oro de primera calidad para adornar tus zapatos","isPartOf":{"@id":"https:\/\/www.loopkinglaces.com\/es\/#website"},"primaryImageOfPage":{"@id":"https:\/\/www.loopkinglaces.com\/es\/products\/colgantes-para-cordones-que-haran-que-tu-calzado-luzca-genial\/#primaryimage"},"image":{"@id":"https:\/\/www.loopkinglaces.com\/es\/products\/colgantes-para-cordones-que-haran-que-tu-calzado-luzca-genial\/#primaryimage"},"thumbnailUrl":"https:\/\/www.loopkinglaces.com\/wp-content\/uploads\/0730A-30-scaled-e1662571530231.jpg","datePublished":"2022-08-24T11:40:20+00:00","description":"\u00bfBuscas una forma de deslumbrar con tus zapatos? Nuestros colgantes dorados para cordones transformar\u00e1n cualquier zapatilla o zapato de vestir en una obra de arte.","breadcrumb":{"@id":"https:\/\/www.loopkinglaces.com\/es\/products\/colgantes-para-cordones-que-haran-que-tu-calzado-luzca-genial\/#breadcrumb"},"inLanguage":"es","potentialAction":[{"@type":"ReadAction","target":["https:\/\/www.loopkinglaces.com\/es\/products\/colgantes-para-cordones-que-haran-que-tu-calzado-luzca-genial\/"]}]},{"@type":"ImageObject","inLanguage":"es","@id":"https:\/\/www.loopkinglaces.com\/es\/products\/colgantes-para-cordones-que-haran-que-tu-calzado-luzca-genial\/#primaryimage","url":"https:\/\/www.loopkinglaces.com\/wp-content\/uploads\/0730A-30-scaled-e1662571530231.jpg","contentUrl":"https:\/\/www.loopkinglaces.com\/wp-content\/uploads\/0730A-30-scaled-e1662571530231.jpg","width":1433,"height":1261,"caption":"A pair of LoopKing shoelace charms."},{"@type":"BreadcrumbList","@id":"https:\/\/www.loopkinglaces.com\/es\/products\/colgantes-para-cordones-que-haran-que-tu-calzado-luzca-genial\/#breadcrumb","itemListElement":[{"@type":"ListItem","position":1,"name":"Home","item":"https:\/\/www.loopkinglaces.com\/es\/"},{"@type":"ListItem","position":2,"name":"COMPRAR LACAS","item":"https:\/\/www.loopkinglaces.com\/es\/comprar-lacas\/"},{"@type":"ListItem","position":3,"name":"Colgantes para cordones que har\u00e1n que tu calzado luzca genial"}]},{"@type":"WebSite","@id":"https:\/\/www.loopkinglaces.com\/es\/#website","url":"https:\/\/www.loopkinglaces.com\/es\/","name":"Luxury Gold Tip Shoelaces by Loop King Laces","description":"Rope Laces, Flat Waxed Laces and Leather Laces. All With Gold Tips.","publisher":{"@id":"https:\/\/www.loopkinglaces.com\/es\/#organization"},"potentialAction":[{"@type":"SearchAction","target":{"@type":"EntryPoint","urlTemplate":"https:\/\/www.loopkinglaces.com\/es\/?s={search_term_string}"},"query-input":{"@type":"PropertyValueSpecification","valueRequired":true,"valueName":"search_term_string"}}],"inLanguage":"es"},{"@type":"Organization","@id":"https:\/\/www.loopkinglaces.com\/es\/#organization","name":"Loop King Laces","url":"https:\/\/www.loopkinglaces.com\/es\/","logo":{"@type":"ImageObject","inLanguage":"es","@id":"https:\/\/www.loopkinglaces.com\/es\/#\/schema\/logo\/image\/","url":"https:\/\/www.loopkinglaces.com\/wp-content\/uploads\/LOOP-KING-LACES.1.1-01-LOGO-HI-RES-OFFICIAL-1.png","contentUrl":"https:\/\/www.loopkinglaces.com\/wp-content\/uploads\/LOOP-KING-LACES.1.1-01-LOGO-HI-RES-OFFICIAL-1.png","width":128,"height":91,"caption":"Loop King Laces"},"image":{"@id":"https:\/\/www.loopkinglaces.com\/es\/#\/schema\/logo\/image\/"},"sameAs":["https:\/\/www.facebook.com\/LoopKingLaces\/","https:\/\/x.com\/loopkinglaces","https:\/\/www.instagram.com\/loopkinglaces\/"]}]}},"_links":{"self":[{"href":"https:\/\/www.loopkinglaces.com\/es\/wp-json\/wp\/v2\/product\/73034","targetHints":{"allow":["GET"]}}],"collection":[{"href":"https:\/\/www.loopkinglaces.com\/es\/wp-json\/wp\/v2\/product"}],"about":[{"href":"https:\/\/www.loopkinglaces.com\/es\/wp-json\/wp\/v2\/types\/product"}],"replies":[{"embeddable":true,"href":"https:\/\/www.loopkinglaces.com\/es\/wp-json\/wp\/v2\/comments?post=73034"}],"wp:featuredmedia":[{"embeddable":true,"href":"https:\/\/www.loopkinglaces.com\/es\/wp-json\/wp\/v2\/media\/51641"}],"wp:attachment":[{"href":"https:\/\/www.loopkinglaces.com\/es\/wp-json\/wp\/v2\/media?parent=73034"}],"wp:term":[{"taxonomy":"product_brand","embeddable":true,"href":"https:\/\/www.loopkinglaces.com\/es\/wp-json\/wp\/v2\/product_brand?post=73034"},{"taxonomy":"product_cat","embeddable":true,"href":"https:\/\/www.loopkinglaces.com\/es\/wp-json\/wp\/v2\/product_cat?post=73034"},{"taxonomy":"product_tag","embeddable":true,"href":"https:\/\/www.loopkinglaces.com\/es\/wp-json\/wp\/v2\/product_tag?post=73034"},{"taxonomy":"woo-feed-brand","embeddable":true,"href":"https:\/\/www.loopkinglaces.com\/es\/wp-json\/wp\/v2\/woo-feed-brand?post=73034"}],"curies":[{"name":"wp","href":"https:\/\/api.w.org\/{rel}","templated":true}]}}