{"id":72993,"date":"2020-05-05T15:26:33","date_gmt":"2020-05-05T15:26:33","guid":{"rendered":"https:\/\/www.loopkinglaces.com\/products\/shoelaces-estilo-off-white-azul-con-puntas-doradas\/"},"modified":"2024-10-03T20:52:35","modified_gmt":"2024-10-03T20:52:35","slug":"shoelaces-estilo-off-white-azul-con-puntas-doradas","status":"publish","type":"product","link":"https:\/\/www.loopkinglaces.com\/es\/products\/shoelaces-estilo-off-white-azul-con-puntas-doradas\/","title":{"rendered":"SHOELACES&#8221; Estilo Off-White Azul Con Puntas Doradas"},"content":{"rendered":"<h3><a href=\"https:\/\/www.loopkinglaces.com\/\">Cordones de lujo para zapatillas<\/a><\/h3>\n<p>  Loop King Laces s\u00f3lo proporciona cordones de lujo de la m\u00e1s alta calidad.<br \/>\nNuestros Cordones de Zapato Blancos vienen con puntas met\u00e1licas en relieve con la inscripci\u00f3n LOOP KING y nuestra Corona Simb\u00f3lica.<br \/>\nCada cord\u00f3n de zapato blanco roto est\u00e1 hecho de algod\u00f3n de primera calidad para evitar que el cord\u00f3n se deshilache inesperadamente y para aumentar la vida \u00fatil del cord\u00f3n a m\u00e1s del triple de un cord\u00f3n de zapato normal de calidad.<br \/>\nNuestros cordones se adaptan a todo tipo de zapatillas y marcas, como Adidas, Nike, VANS, etc. Visita nuestra <a href=\"\/shoelace-size-chart\/\">Gu\u00eda de tallas<\/a> donde podr\u00e1s encontrar la talla perfecta de cordones para tus zapatillas.     &nbsp;<\/p>\n","protected":false},"excerpt":{"rendered":"<p><strong>SHOELACES<\/strong> &#8221; Estilo Azul Desenfocado Con Puntas Doradas Cordones Loop King &#8211; Nuestros &#8220;SHOELACES&#8221; Estilo Azul Desenfocado vienen con Puntas Doradas en relieve.<br \/>\nTodos nuestros Cordones de Zapato de Lujo est\u00e1n fabricados con materiales de primera calidad y puntas met\u00e1licas de la mejor calidad.<br \/>\nNuestros Cordones Estilo Blanco roto est\u00e1n hechos de 100% Algod\u00f3n.   Consulta nuestras caracter\u00edsticas completas a continuaci\u00f3n:  <\/p>\n<ul>\n<li>6 mm de ancho (plano)<\/li>\n<li>Algod\u00f3n de primera calidad<\/li>\n<li>Estilo Off-White<\/li>\n<li>Agleta dorada Loop King<\/li>\n<li>Embalaje Beautiful Loop King por Encaje<\/li>\n<\/ul>\n<p><em>Ten en cuenta que los cordones Loop King no est\u00e1n afiliados a Off-White.<br \/>\nEste producto es s\u00f3lo un estilo de cord\u00f3n de zapato de Off-White con el extra a\u00f1adido de nuestras puntas doradas Loop King. <\/em><\/p>\n","protected":false},"featured_media":72847,"comment_status":"open","ping_status":"closed","template":"","meta":{"_acf_changed":false},"product_brand":[],"product_cat":[1756,1322,1208,1570,1459,1754,1153,1755,1578,877,1154],"product_tag":[1598,1757,894,899,1008,895,893],"woo-feed-brand":[],"class_list":{"0":"post-72993","1":"product","2":"type-product","3":"status-publish","4":"has-post-thumbnail","6":"product_cat-autenticos-cordones-presto-off-white-que-se-ajustan-y-lucen-con-estilo","7":"product_cat-cordones-azules-premium-ver-los-mas-vendidos","8":"product_cat-cordones-de-bota-de-45-pulgadas-los-heroes-anonimos-de-la-moda-de-tu-calzado","9":"product_cat-cordones-de-zapatos-azul-marino","10":"product_cat-cordones-deportivos-no-solo-un-juego-de-atar","11":"product_cat-cordones-off-white-calidad-superior-para-tus-zapatos","12":"product_cat-cordones-punta-de-oro","13":"product_cat-increibles-cordones-off-white-dunk-para-un-estilo-impecable","14":"product_cat-sala-de-trofeos-de-alto-nivel-jordan-1-cordones-azules-para-lucir-un-aspecto-impresionante","15":"product_cat-todos-los-cordones","16":"product_cat-tus-nuevos-cordones-jordan-1-materiales-de-primera-calidad-y-lujo","17":"product_tag-azul","18":"product_tag-blanco-roto","19":"product_tag-cordones","20":"product_tag-cordones-punta-de-oro","21":"product_tag-plano","22":"product_tag-punta-metalica","23":"product_tag-rey-del-bucle","25":"first","26":"instock","27":"taxable","28":"shipping-taxable","29":"purchasable","30":"product-type-variable"},"acf":[],"yoast_head":"<!-- This site is optimized with the Yoast SEO plugin v27.4 - https:\/\/yoast.com\/product\/yoast-seo-wordpress\/ -->\n<title>Cordones&quot; azules estilo blanco roto con puntas doradas<\/title>\n<meta name=\"description\" content=\"Nuestros &quot;cordones&quot; estilo azul marino vienen con puntas doradas. Cada cord\u00f3n es de algod\u00f3n de calidad. Env\u00edo r\u00e1pido a todo el mundo.\" \/>\n<meta name=\"robots\" content=\"index, follow, max-snippet:-1, max-image-preview:large, max-video-preview:-1\" \/>\n<link rel=\"canonical\" href=\"https:\/\/www.loopkinglaces.com\/es\/products\/shoelaces-estilo-off-white-azul-con-puntas-doradas\/\" \/>\n<meta property=\"og:locale\" content=\"es_ES\" \/>\n<meta property=\"og:type\" content=\"article\" \/>\n<meta property=\"og:title\" content=\"Cordones&quot; azules estilo blanco roto con puntas doradas\" \/>\n<meta property=\"og:description\" content=\"Nuestros &quot;cordones&quot; estilo azul marino vienen con puntas doradas. Cada cord\u00f3n es de algod\u00f3n de calidad. Env\u00edo r\u00e1pido a todo el mundo.\" \/>\n<meta property=\"og:url\" content=\"https:\/\/www.loopkinglaces.com\/es\/products\/shoelaces-estilo-off-white-azul-con-puntas-doradas\/\" \/>\n<meta property=\"og:site_name\" content=\"Luxury Gold Tip Shoelaces by Loop King Laces\" \/>\n<meta property=\"article:publisher\" content=\"https:\/\/www.facebook.com\/LoopKingLaces\/\" \/>\n<meta property=\"article:modified_time\" content=\"2024-10-03T20:52:35+00:00\" \/>\n<meta property=\"og:image\" content=\"https:\/\/www.loopkinglaces.com\/wp-content\/uploads\/blue-off-white-shoelaces-gold-tips.jpg\" \/>\n\t<meta property=\"og:image:width\" content=\"1000\" \/>\n\t<meta property=\"og:image:height\" content=\"1000\" \/>\n\t<meta property=\"og:image:type\" content=\"image\/jpeg\" \/>\n<meta name=\"twitter:card\" content=\"summary_large_image\" \/>\n<meta name=\"twitter:site\" content=\"@loopkinglaces\" \/>\n<meta name=\"twitter:label1\" content=\"Tiempo de lectura\" \/>\n\t<meta name=\"twitter:data1\" content=\"1 minuto\" \/>\n<script type=\"application\/ld+json\" class=\"yoast-schema-graph\">{\"@context\":\"https:\\\/\\\/schema.org\",\"@graph\":[{\"@type\":[\"WebPage\",\"ItemPage\"],\"@id\":\"https:\\\/\\\/www.loopkinglaces.com\\\/es\\\/products\\\/shoelaces-estilo-off-white-azul-con-puntas-doradas\\\/\",\"url\":\"https:\\\/\\\/www.loopkinglaces.com\\\/es\\\/products\\\/shoelaces-estilo-off-white-azul-con-puntas-doradas\\\/\",\"name\":\"Cordones\\\" azules estilo blanco roto con puntas doradas\",\"isPartOf\":{\"@id\":\"https:\\\/\\\/www.loopkinglaces.com\\\/es\\\/#website\"},\"primaryImageOfPage\":{\"@id\":\"https:\\\/\\\/www.loopkinglaces.com\\\/es\\\/products\\\/shoelaces-estilo-off-white-azul-con-puntas-doradas\\\/#primaryimage\"},\"image\":{\"@id\":\"https:\\\/\\\/www.loopkinglaces.com\\\/es\\\/products\\\/shoelaces-estilo-off-white-azul-con-puntas-doradas\\\/#primaryimage\"},\"thumbnailUrl\":\"https:\\\/\\\/www.loopkinglaces.com\\\/wp-content\\\/uploads\\\/blue-off-white-shoelaces-gold-tips.jpg\",\"datePublished\":\"2020-05-05T15:26:33+00:00\",\"dateModified\":\"2024-10-03T20:52:35+00:00\",\"description\":\"Nuestros \\\"cordones\\\" estilo azul marino vienen con puntas doradas. Cada cord\u00f3n es de algod\u00f3n de calidad. Env\u00edo r\u00e1pido a todo el mundo.\",\"breadcrumb\":{\"@id\":\"https:\\\/\\\/www.loopkinglaces.com\\\/es\\\/products\\\/shoelaces-estilo-off-white-azul-con-puntas-doradas\\\/#breadcrumb\"},\"inLanguage\":\"es\",\"potentialAction\":[{\"@type\":\"ReadAction\",\"target\":[\"https:\\\/\\\/www.loopkinglaces.com\\\/es\\\/products\\\/shoelaces-estilo-off-white-azul-con-puntas-doradas\\\/\"]}]},{\"@type\":\"ImageObject\",\"inLanguage\":\"es\",\"@id\":\"https:\\\/\\\/www.loopkinglaces.com\\\/es\\\/products\\\/shoelaces-estilo-off-white-azul-con-puntas-doradas\\\/#primaryimage\",\"url\":\"https:\\\/\\\/www.loopkinglaces.com\\\/wp-content\\\/uploads\\\/blue-off-white-shoelaces-gold-tips.jpg\",\"contentUrl\":\"https:\\\/\\\/www.loopkinglaces.com\\\/wp-content\\\/uploads\\\/blue-off-white-shoelaces-gold-tips.jpg\",\"width\":1000,\"height\":1000},{\"@type\":\"BreadcrumbList\",\"@id\":\"https:\\\/\\\/www.loopkinglaces.com\\\/es\\\/products\\\/shoelaces-estilo-off-white-azul-con-puntas-doradas\\\/#breadcrumb\",\"itemListElement\":[{\"@type\":\"ListItem\",\"position\":1,\"name\":\"Home\",\"item\":\"https:\\\/\\\/www.loopkinglaces.com\\\/es\\\/\"},{\"@type\":\"ListItem\",\"position\":2,\"name\":\"COMPRAR LACAS\",\"item\":\"https:\\\/\\\/www.loopkinglaces.com\\\/es\\\/comprar-lacas\\\/\"},{\"@type\":\"ListItem\",\"position\":3,\"name\":\"SHOELACES&#8221; Estilo Off-White Azul Con Puntas Doradas\"}]},{\"@type\":\"WebSite\",\"@id\":\"https:\\\/\\\/www.loopkinglaces.com\\\/es\\\/#website\",\"url\":\"https:\\\/\\\/www.loopkinglaces.com\\\/es\\\/\",\"name\":\"Luxury Gold Tip Shoelaces by Loop King Laces\",\"description\":\"Rope Laces, Flat Waxed Laces and Leather Laces. All With Gold Tips.\",\"publisher\":{\"@id\":\"https:\\\/\\\/www.loopkinglaces.com\\\/es\\\/#organization\"},\"potentialAction\":[{\"@type\":\"SearchAction\",\"target\":{\"@type\":\"EntryPoint\",\"urlTemplate\":\"https:\\\/\\\/www.loopkinglaces.com\\\/es\\\/?s={search_term_string}\"},\"query-input\":{\"@type\":\"PropertyValueSpecification\",\"valueRequired\":true,\"valueName\":\"search_term_string\"}}],\"inLanguage\":\"es\"},{\"@type\":\"Organization\",\"@id\":\"https:\\\/\\\/www.loopkinglaces.com\\\/es\\\/#organization\",\"name\":\"Loop King Laces\",\"url\":\"https:\\\/\\\/www.loopkinglaces.com\\\/es\\\/\",\"logo\":{\"@type\":\"ImageObject\",\"inLanguage\":\"es\",\"@id\":\"https:\\\/\\\/www.loopkinglaces.com\\\/es\\\/#\\\/schema\\\/logo\\\/image\\\/\",\"url\":\"https:\\\/\\\/www.loopkinglaces.com\\\/wp-content\\\/uploads\\\/LOOP-KING-LACES.1.1-01-LOGO-HI-RES-OFFICIAL-1.png\",\"contentUrl\":\"https:\\\/\\\/www.loopkinglaces.com\\\/wp-content\\\/uploads\\\/LOOP-KING-LACES.1.1-01-LOGO-HI-RES-OFFICIAL-1.png\",\"width\":128,\"height\":91,\"caption\":\"Loop King Laces\"},\"image\":{\"@id\":\"https:\\\/\\\/www.loopkinglaces.com\\\/es\\\/#\\\/schema\\\/logo\\\/image\\\/\"},\"sameAs\":[\"https:\\\/\\\/www.facebook.com\\\/LoopKingLaces\\\/\",\"https:\\\/\\\/x.com\\\/loopkinglaces\",\"https:\\\/\\\/www.instagram.com\\\/loopkinglaces\\\/\"]}]}<\/script>\n<!-- \/ Yoast SEO plugin. -->","yoast_head_json":{"title":"Cordones\" azules estilo blanco roto con puntas doradas","description":"Nuestros \"cordones\" estilo azul marino vienen con puntas doradas. Cada cord\u00f3n es de algod\u00f3n de calidad. Env\u00edo r\u00e1pido a todo el mundo.","robots":{"index":"index","follow":"follow","max-snippet":"max-snippet:-1","max-image-preview":"max-image-preview:large","max-video-preview":"max-video-preview:-1"},"canonical":"https:\/\/www.loopkinglaces.com\/es\/products\/shoelaces-estilo-off-white-azul-con-puntas-doradas\/","og_locale":"es_ES","og_type":"article","og_title":"Cordones\" azules estilo blanco roto con puntas doradas","og_description":"Nuestros \"cordones\" estilo azul marino vienen con puntas doradas. Cada cord\u00f3n es de algod\u00f3n de calidad. Env\u00edo r\u00e1pido a todo el mundo.","og_url":"https:\/\/www.loopkinglaces.com\/es\/products\/shoelaces-estilo-off-white-azul-con-puntas-doradas\/","og_site_name":"Luxury Gold Tip Shoelaces by Loop King Laces","article_publisher":"https:\/\/www.facebook.com\/LoopKingLaces\/","article_modified_time":"2024-10-03T20:52:35+00:00","og_image":[{"width":1000,"height":1000,"url":"https:\/\/www.loopkinglaces.com\/wp-content\/uploads\/blue-off-white-shoelaces-gold-tips.jpg","type":"image\/jpeg"}],"twitter_card":"summary_large_image","twitter_site":"@loopkinglaces","twitter_misc":{"Tiempo de lectura":"1 minuto"},"schema":{"@context":"https:\/\/schema.org","@graph":[{"@type":["WebPage","ItemPage"],"@id":"https:\/\/www.loopkinglaces.com\/es\/products\/shoelaces-estilo-off-white-azul-con-puntas-doradas\/","url":"https:\/\/www.loopkinglaces.com\/es\/products\/shoelaces-estilo-off-white-azul-con-puntas-doradas\/","name":"Cordones\" azules estilo blanco roto con puntas doradas","isPartOf":{"@id":"https:\/\/www.loopkinglaces.com\/es\/#website"},"primaryImageOfPage":{"@id":"https:\/\/www.loopkinglaces.com\/es\/products\/shoelaces-estilo-off-white-azul-con-puntas-doradas\/#primaryimage"},"image":{"@id":"https:\/\/www.loopkinglaces.com\/es\/products\/shoelaces-estilo-off-white-azul-con-puntas-doradas\/#primaryimage"},"thumbnailUrl":"https:\/\/www.loopkinglaces.com\/wp-content\/uploads\/blue-off-white-shoelaces-gold-tips.jpg","datePublished":"2020-05-05T15:26:33+00:00","dateModified":"2024-10-03T20:52:35+00:00","description":"Nuestros \"cordones\" estilo azul marino vienen con puntas doradas. Cada cord\u00f3n es de algod\u00f3n de calidad. Env\u00edo r\u00e1pido a todo el mundo.","breadcrumb":{"@id":"https:\/\/www.loopkinglaces.com\/es\/products\/shoelaces-estilo-off-white-azul-con-puntas-doradas\/#breadcrumb"},"inLanguage":"es","potentialAction":[{"@type":"ReadAction","target":["https:\/\/www.loopkinglaces.com\/es\/products\/shoelaces-estilo-off-white-azul-con-puntas-doradas\/"]}]},{"@type":"ImageObject","inLanguage":"es","@id":"https:\/\/www.loopkinglaces.com\/es\/products\/shoelaces-estilo-off-white-azul-con-puntas-doradas\/#primaryimage","url":"https:\/\/www.loopkinglaces.com\/wp-content\/uploads\/blue-off-white-shoelaces-gold-tips.jpg","contentUrl":"https:\/\/www.loopkinglaces.com\/wp-content\/uploads\/blue-off-white-shoelaces-gold-tips.jpg","width":1000,"height":1000},{"@type":"BreadcrumbList","@id":"https:\/\/www.loopkinglaces.com\/es\/products\/shoelaces-estilo-off-white-azul-con-puntas-doradas\/#breadcrumb","itemListElement":[{"@type":"ListItem","position":1,"name":"Home","item":"https:\/\/www.loopkinglaces.com\/es\/"},{"@type":"ListItem","position":2,"name":"COMPRAR LACAS","item":"https:\/\/www.loopkinglaces.com\/es\/comprar-lacas\/"},{"@type":"ListItem","position":3,"name":"SHOELACES&#8221; Estilo Off-White Azul Con Puntas Doradas"}]},{"@type":"WebSite","@id":"https:\/\/www.loopkinglaces.com\/es\/#website","url":"https:\/\/www.loopkinglaces.com\/es\/","name":"Luxury Gold Tip Shoelaces by Loop King Laces","description":"Rope Laces, Flat Waxed Laces and Leather Laces. All With Gold Tips.","publisher":{"@id":"https:\/\/www.loopkinglaces.com\/es\/#organization"},"potentialAction":[{"@type":"SearchAction","target":{"@type":"EntryPoint","urlTemplate":"https:\/\/www.loopkinglaces.com\/es\/?s={search_term_string}"},"query-input":{"@type":"PropertyValueSpecification","valueRequired":true,"valueName":"search_term_string"}}],"inLanguage":"es"},{"@type":"Organization","@id":"https:\/\/www.loopkinglaces.com\/es\/#organization","name":"Loop King Laces","url":"https:\/\/www.loopkinglaces.com\/es\/","logo":{"@type":"ImageObject","inLanguage":"es","@id":"https:\/\/www.loopkinglaces.com\/es\/#\/schema\/logo\/image\/","url":"https:\/\/www.loopkinglaces.com\/wp-content\/uploads\/LOOP-KING-LACES.1.1-01-LOGO-HI-RES-OFFICIAL-1.png","contentUrl":"https:\/\/www.loopkinglaces.com\/wp-content\/uploads\/LOOP-KING-LACES.1.1-01-LOGO-HI-RES-OFFICIAL-1.png","width":128,"height":91,"caption":"Loop King Laces"},"image":{"@id":"https:\/\/www.loopkinglaces.com\/es\/#\/schema\/logo\/image\/"},"sameAs":["https:\/\/www.facebook.com\/LoopKingLaces\/","https:\/\/x.com\/loopkinglaces","https:\/\/www.instagram.com\/loopkinglaces\/"]}]}},"_links":{"self":[{"href":"https:\/\/www.loopkinglaces.com\/es\/wp-json\/wp\/v2\/product\/72993","targetHints":{"allow":["GET"]}}],"collection":[{"href":"https:\/\/www.loopkinglaces.com\/es\/wp-json\/wp\/v2\/product"}],"about":[{"href":"https:\/\/www.loopkinglaces.com\/es\/wp-json\/wp\/v2\/types\/product"}],"replies":[{"embeddable":true,"href":"https:\/\/www.loopkinglaces.com\/es\/wp-json\/wp\/v2\/comments?post=72993"}],"wp:featuredmedia":[{"embeddable":true,"href":"https:\/\/www.loopkinglaces.com\/es\/wp-json\/wp\/v2\/media\/72847"}],"wp:attachment":[{"href":"https:\/\/www.loopkinglaces.com\/es\/wp-json\/wp\/v2\/media?parent=72993"}],"wp:term":[{"taxonomy":"product_brand","embeddable":true,"href":"https:\/\/www.loopkinglaces.com\/es\/wp-json\/wp\/v2\/product_brand?post=72993"},{"taxonomy":"product_cat","embeddable":true,"href":"https:\/\/www.loopkinglaces.com\/es\/wp-json\/wp\/v2\/product_cat?post=72993"},{"taxonomy":"product_tag","embeddable":true,"href":"https:\/\/www.loopkinglaces.com\/es\/wp-json\/wp\/v2\/product_tag?post=72993"},{"taxonomy":"woo-feed-brand","embeddable":true,"href":"https:\/\/www.loopkinglaces.com\/es\/wp-json\/wp\/v2\/woo-feed-brand?post=72993"}],"curies":[{"name":"wp","href":"https:\/\/api.w.org\/{rel}","templated":true}]}}