{"id":72770,"date":"2018-12-13T19:19:00","date_gmt":"2018-12-13T19:19:00","guid":{"rendered":"https:\/\/www.loopkinglaces.com\/products\/shoelaces-estilo-off-white-naranja-con-puntas-doradas\/"},"modified":"2024-10-03T20:51:55","modified_gmt":"2024-10-03T20:51:55","slug":"shoelaces-estilo-off-white-naranja-con-puntas-doradas","status":"publish","type":"product","link":"https:\/\/www.loopkinglaces.com\/es\/products\/shoelaces-estilo-off-white-naranja-con-puntas-doradas\/","title":{"rendered":"SHOELACES&#8221; Estilo Off-White Naranja Con Puntas Doradas"},"content":{"rendered":"<h3><a href=\"https:\/\/www.loopkinglaces.com\/\">Cordones de lujo para zapatillas<\/a><\/h3>\n<p>  Loop King Laces s\u00f3lo proporciona cordones de lujo de la m\u00e1s alta calidad.<br \/>\nNuestros Cordones de Zapato Blancos vienen con puntas met\u00e1licas en relieve con la inscripci\u00f3n LOOP KING y nuestra Corona Simb\u00f3lica.<br \/>\nCada cord\u00f3n de zapato blanco roto est\u00e1 hecho de algod\u00f3n de primera calidad para evitar que el cord\u00f3n se deshilache inesperadamente y para aumentar la vida \u00fatil del cord\u00f3n a m\u00e1s del triple de un cord\u00f3n de zapato de calidad normal.<br \/>\nNuestros cordones se adaptan a todo tipo de zapatillas y marcas, como Adidas, Nike, VANS, etc. Visita nuestra <a href=\"\/shoelace-size-chart\/\">Gu\u00eda de tallas<\/a> donde podr\u00e1s encontrar la talla perfecta de cordones para tus zapatillas.   <\/p>\n","protected":false},"excerpt":{"rendered":"<p><strong>SHOELACES<\/strong> &#8221; Estilo Naranja Desenfocado Con Puntas Doradas Cordones Loop King &#8211; Nuestros &#8220;SHOELACES&#8221; Estilo Naranja Desenfocado vienen con Puntas Doradas en relieve.<br \/>\nTodos nuestros Cordones de Zapato de Lujo est\u00e1n fabricados con materiales de primera calidad y puntas met\u00e1licas de la mejor calidad.<br \/>\nNuestros Cordones Estilo Blanco roto est\u00e1n hechos de 100% Algod\u00f3n.   Consulta nuestras caracter\u00edsticas completas a continuaci\u00f3n:  <\/p>\n<ul>\n<li>6 mm de ancho (plano)<\/li>\n<li>Algod\u00f3n de primera calidad<\/li>\n<li>Estilo Off-White<\/li>\n<li>Agleta dorada Loop King<\/li>\n<li>Embalaje Beautiful Loop King por Encaje<\/li>\n<\/ul>\n<p><em>Ten en cuenta que los cordones Loop King no est\u00e1n afiliados a Off-White.<br \/>\nEste producto es s\u00f3lo un estilo de cord\u00f3n de zapato de Off-White con el extra a\u00f1adido de nuestras puntas doradas Loop King. <\/em><\/p>\n","protected":false},"featured_media":72779,"comment_status":"open","ping_status":"closed","template":"","meta":{"_acf_changed":false},"product_brand":[],"product_cat":[1756,990,881,1200,1329,1720,1379,1178,1754,1153,1157,1457,1755,1181,1464,877,1175],"product_tag":[1757,894,899,1526,1008,895,893],"woo-feed-brand":[],"class_list":{"0":"post-72770","1":"product","2":"type-product","3":"status-publish","4":"has-post-thumbnail","6":"product_cat-autenticos-cordones-presto-off-white-que-se-ajustan-y-lucen-con-estilo","7":"product_cat-cordones-adidas-de-alta-gama-para-mejorar-tu-look","8":"product_cat-cordones-de-48-pulgadas","9":"product_cat-cordones-de-63-pulgadas-lo-ultimo-en-cordones","10":"product_cat-cordones-de-colores-de-moda-para-zapatillas-deportivas","11":"product_cat-cordones-de-punto-nike-fly","12":"product_cat-cordones-de-zapato-naranja-opciones-de-gama-alta","13":"product_cat-cordones-de-zapatos-prada-que-anaden-aun-mas-ritz-y-glamour","14":"product_cat-cordones-off-white-calidad-superior-para-tus-zapatos","15":"product_cat-cordones-punta-de-oro","16":"product_cat-cordones-stan-smith-elegantes-y-modernos","17":"product_cat-cordones-veja-cuando-los-zapatos-hablan-por-si-solos","18":"product_cat-increibles-cordones-off-white-dunk-para-un-estilo-impecable","19":"product_cat-magnificos-cordones-jordan-para-refrescar-tus-zapatillas-en-muchos-colores","20":"product_cat-por-que-los-cordones-para-correr-son-mas-importantes-de-lo-que-crees","21":"product_cat-todos-los-cordones","22":"product_cat-unos-cordones-de-baloncesto-espectaculares-para-un-aspecto-impecable-y-un-ajuste-cenido-dentro-y-fuera-de-la-cancha","23":"product_tag-blanco-roto","24":"product_tag-cordones","25":"product_tag-cordones-punta-de-oro","26":"product_tag-naranja","27":"product_tag-plano","28":"product_tag-punta-metalica","29":"product_tag-rey-del-bucle","31":"first","32":"instock","33":"taxable","34":"shipping-taxable","35":"purchasable","36":"product-type-variable"},"acf":[],"yoast_head":"<!-- This site is optimized with the Yoast SEO plugin v27.4 - https:\/\/yoast.com\/product\/yoast-seo-wordpress\/ -->\n<title>&quot;Cordones&quot; Naranja Estilo Off-White Con Puntas Doradas<\/title>\n<meta name=\"description\" content=\"Nuestros &quot;ZAPATOS&quot; Estilo Naranja Desenfadado Vienen Con Puntas Doradas Y Son Un Art\u00edculo De Lujo. Cada Cord\u00f3n Viene Con Una Punta Met\u00e1lica En Relieve. Env\u00edo r\u00e1pido a todo el mundo.\" \/>\n<meta name=\"robots\" content=\"index, follow, max-snippet:-1, max-image-preview:large, max-video-preview:-1\" \/>\n<link rel=\"canonical\" href=\"https:\/\/www.loopkinglaces.com\/es\/products\/shoelaces-estilo-off-white-naranja-con-puntas-doradas\/\" \/>\n<meta property=\"og:locale\" content=\"es_ES\" \/>\n<meta property=\"og:type\" content=\"article\" \/>\n<meta property=\"og:title\" content=\"&quot;Cordones&quot; Naranja Estilo Off-White Con Puntas Doradas\" \/>\n<meta property=\"og:description\" content=\"Nuestros &quot;ZAPATOS&quot; Estilo Naranja Desenfadado Vienen Con Puntas Doradas Y Son Un Art\u00edculo De Lujo. Cada Cord\u00f3n Viene Con Una Punta Met\u00e1lica En Relieve. Env\u00edo r\u00e1pido a todo el mundo.\" \/>\n<meta property=\"og:url\" content=\"https:\/\/www.loopkinglaces.com\/es\/products\/shoelaces-estilo-off-white-naranja-con-puntas-doradas\/\" \/>\n<meta property=\"og:site_name\" content=\"Luxury Gold Tip Shoelaces by Loop King Laces\" \/>\n<meta property=\"article:publisher\" content=\"https:\/\/www.facebook.com\/LoopKingLaces\/\" \/>\n<meta property=\"article:modified_time\" content=\"2024-10-03T20:51:55+00:00\" \/>\n<meta property=\"og:image\" content=\"https:\/\/www.loopkinglaces.com\/wp-content\/uploads\/orange-off-white-shoelaces-gold-tips.jpg\" \/>\n\t<meta property=\"og:image:width\" content=\"1000\" \/>\n\t<meta property=\"og:image:height\" content=\"1000\" \/>\n\t<meta property=\"og:image:type\" content=\"image\/jpeg\" \/>\n<meta name=\"twitter:card\" content=\"summary_large_image\" \/>\n<meta name=\"twitter:site\" content=\"@loopkinglaces\" \/>\n<meta name=\"twitter:label1\" content=\"Tiempo de lectura\" \/>\n\t<meta name=\"twitter:data1\" content=\"1 minuto\" \/>\n<script type=\"application\/ld+json\" class=\"yoast-schema-graph\">{\"@context\":\"https:\\\/\\\/schema.org\",\"@graph\":[{\"@type\":[\"WebPage\",\"ItemPage\"],\"@id\":\"https:\\\/\\\/www.loopkinglaces.com\\\/es\\\/products\\\/shoelaces-estilo-off-white-naranja-con-puntas-doradas\\\/\",\"url\":\"https:\\\/\\\/www.loopkinglaces.com\\\/es\\\/products\\\/shoelaces-estilo-off-white-naranja-con-puntas-doradas\\\/\",\"name\":\"\\\"Cordones\\\" Naranja Estilo Off-White Con Puntas Doradas\",\"isPartOf\":{\"@id\":\"https:\\\/\\\/www.loopkinglaces.com\\\/es\\\/#website\"},\"primaryImageOfPage\":{\"@id\":\"https:\\\/\\\/www.loopkinglaces.com\\\/es\\\/products\\\/shoelaces-estilo-off-white-naranja-con-puntas-doradas\\\/#primaryimage\"},\"image\":{\"@id\":\"https:\\\/\\\/www.loopkinglaces.com\\\/es\\\/products\\\/shoelaces-estilo-off-white-naranja-con-puntas-doradas\\\/#primaryimage\"},\"thumbnailUrl\":\"https:\\\/\\\/www.loopkinglaces.com\\\/wp-content\\\/uploads\\\/orange-off-white-shoelaces-gold-tips.jpg\",\"datePublished\":\"2018-12-13T19:19:00+00:00\",\"dateModified\":\"2024-10-03T20:51:55+00:00\",\"description\":\"Nuestros \\\"ZAPATOS\\\" Estilo Naranja Desenfadado Vienen Con Puntas Doradas Y Son Un Art\u00edculo De Lujo. Cada Cord\u00f3n Viene Con Una Punta Met\u00e1lica En Relieve. Env\u00edo r\u00e1pido a todo el mundo.\",\"breadcrumb\":{\"@id\":\"https:\\\/\\\/www.loopkinglaces.com\\\/es\\\/products\\\/shoelaces-estilo-off-white-naranja-con-puntas-doradas\\\/#breadcrumb\"},\"inLanguage\":\"es\",\"potentialAction\":[{\"@type\":\"ReadAction\",\"target\":[\"https:\\\/\\\/www.loopkinglaces.com\\\/es\\\/products\\\/shoelaces-estilo-off-white-naranja-con-puntas-doradas\\\/\"]}]},{\"@type\":\"ImageObject\",\"inLanguage\":\"es\",\"@id\":\"https:\\\/\\\/www.loopkinglaces.com\\\/es\\\/products\\\/shoelaces-estilo-off-white-naranja-con-puntas-doradas\\\/#primaryimage\",\"url\":\"https:\\\/\\\/www.loopkinglaces.com\\\/wp-content\\\/uploads\\\/orange-off-white-shoelaces-gold-tips.jpg\",\"contentUrl\":\"https:\\\/\\\/www.loopkinglaces.com\\\/wp-content\\\/uploads\\\/orange-off-white-shoelaces-gold-tips.jpg\",\"width\":1000,\"height\":1000},{\"@type\":\"BreadcrumbList\",\"@id\":\"https:\\\/\\\/www.loopkinglaces.com\\\/es\\\/products\\\/shoelaces-estilo-off-white-naranja-con-puntas-doradas\\\/#breadcrumb\",\"itemListElement\":[{\"@type\":\"ListItem\",\"position\":1,\"name\":\"Home\",\"item\":\"https:\\\/\\\/www.loopkinglaces.com\\\/es\\\/\"},{\"@type\":\"ListItem\",\"position\":2,\"name\":\"COMPRAR LACAS\",\"item\":\"https:\\\/\\\/www.loopkinglaces.com\\\/es\\\/comprar-lacas\\\/\"},{\"@type\":\"ListItem\",\"position\":3,\"name\":\"SHOELACES&#8221; Estilo Off-White Naranja Con Puntas Doradas\"}]},{\"@type\":\"WebSite\",\"@id\":\"https:\\\/\\\/www.loopkinglaces.com\\\/es\\\/#website\",\"url\":\"https:\\\/\\\/www.loopkinglaces.com\\\/es\\\/\",\"name\":\"Luxury Gold Tip Shoelaces by Loop King Laces\",\"description\":\"Rope Laces, Flat Waxed Laces and Leather Laces. All With Gold Tips.\",\"publisher\":{\"@id\":\"https:\\\/\\\/www.loopkinglaces.com\\\/es\\\/#organization\"},\"potentialAction\":[{\"@type\":\"SearchAction\",\"target\":{\"@type\":\"EntryPoint\",\"urlTemplate\":\"https:\\\/\\\/www.loopkinglaces.com\\\/es\\\/?s={search_term_string}\"},\"query-input\":{\"@type\":\"PropertyValueSpecification\",\"valueRequired\":true,\"valueName\":\"search_term_string\"}}],\"inLanguage\":\"es\"},{\"@type\":\"Organization\",\"@id\":\"https:\\\/\\\/www.loopkinglaces.com\\\/es\\\/#organization\",\"name\":\"Loop King Laces\",\"url\":\"https:\\\/\\\/www.loopkinglaces.com\\\/es\\\/\",\"logo\":{\"@type\":\"ImageObject\",\"inLanguage\":\"es\",\"@id\":\"https:\\\/\\\/www.loopkinglaces.com\\\/es\\\/#\\\/schema\\\/logo\\\/image\\\/\",\"url\":\"https:\\\/\\\/www.loopkinglaces.com\\\/wp-content\\\/uploads\\\/LOOP-KING-LACES.1.1-01-LOGO-HI-RES-OFFICIAL-1.png\",\"contentUrl\":\"https:\\\/\\\/www.loopkinglaces.com\\\/wp-content\\\/uploads\\\/LOOP-KING-LACES.1.1-01-LOGO-HI-RES-OFFICIAL-1.png\",\"width\":128,\"height\":91,\"caption\":\"Loop King Laces\"},\"image\":{\"@id\":\"https:\\\/\\\/www.loopkinglaces.com\\\/es\\\/#\\\/schema\\\/logo\\\/image\\\/\"},\"sameAs\":[\"https:\\\/\\\/www.facebook.com\\\/LoopKingLaces\\\/\",\"https:\\\/\\\/x.com\\\/loopkinglaces\",\"https:\\\/\\\/www.instagram.com\\\/loopkinglaces\\\/\"]}]}<\/script>\n<!-- \/ Yoast SEO plugin. -->","yoast_head_json":{"title":"\"Cordones\" Naranja Estilo Off-White Con Puntas Doradas","description":"Nuestros \"ZAPATOS\" Estilo Naranja Desenfadado Vienen Con Puntas Doradas Y Son Un Art\u00edculo De Lujo. Cada Cord\u00f3n Viene Con Una Punta Met\u00e1lica En Relieve. Env\u00edo r\u00e1pido a todo el mundo.","robots":{"index":"index","follow":"follow","max-snippet":"max-snippet:-1","max-image-preview":"max-image-preview:large","max-video-preview":"max-video-preview:-1"},"canonical":"https:\/\/www.loopkinglaces.com\/es\/products\/shoelaces-estilo-off-white-naranja-con-puntas-doradas\/","og_locale":"es_ES","og_type":"article","og_title":"\"Cordones\" Naranja Estilo Off-White Con Puntas Doradas","og_description":"Nuestros \"ZAPATOS\" Estilo Naranja Desenfadado Vienen Con Puntas Doradas Y Son Un Art\u00edculo De Lujo. Cada Cord\u00f3n Viene Con Una Punta Met\u00e1lica En Relieve. Env\u00edo r\u00e1pido a todo el mundo.","og_url":"https:\/\/www.loopkinglaces.com\/es\/products\/shoelaces-estilo-off-white-naranja-con-puntas-doradas\/","og_site_name":"Luxury Gold Tip Shoelaces by Loop King Laces","article_publisher":"https:\/\/www.facebook.com\/LoopKingLaces\/","article_modified_time":"2024-10-03T20:51:55+00:00","og_image":[{"width":1000,"height":1000,"url":"https:\/\/www.loopkinglaces.com\/wp-content\/uploads\/orange-off-white-shoelaces-gold-tips.jpg","type":"image\/jpeg"}],"twitter_card":"summary_large_image","twitter_site":"@loopkinglaces","twitter_misc":{"Tiempo de lectura":"1 minuto"},"schema":{"@context":"https:\/\/schema.org","@graph":[{"@type":["WebPage","ItemPage"],"@id":"https:\/\/www.loopkinglaces.com\/es\/products\/shoelaces-estilo-off-white-naranja-con-puntas-doradas\/","url":"https:\/\/www.loopkinglaces.com\/es\/products\/shoelaces-estilo-off-white-naranja-con-puntas-doradas\/","name":"\"Cordones\" Naranja Estilo Off-White Con Puntas Doradas","isPartOf":{"@id":"https:\/\/www.loopkinglaces.com\/es\/#website"},"primaryImageOfPage":{"@id":"https:\/\/www.loopkinglaces.com\/es\/products\/shoelaces-estilo-off-white-naranja-con-puntas-doradas\/#primaryimage"},"image":{"@id":"https:\/\/www.loopkinglaces.com\/es\/products\/shoelaces-estilo-off-white-naranja-con-puntas-doradas\/#primaryimage"},"thumbnailUrl":"https:\/\/www.loopkinglaces.com\/wp-content\/uploads\/orange-off-white-shoelaces-gold-tips.jpg","datePublished":"2018-12-13T19:19:00+00:00","dateModified":"2024-10-03T20:51:55+00:00","description":"Nuestros \"ZAPATOS\" Estilo Naranja Desenfadado Vienen Con Puntas Doradas Y Son Un Art\u00edculo De Lujo. Cada Cord\u00f3n Viene Con Una Punta Met\u00e1lica En Relieve. Env\u00edo r\u00e1pido a todo el mundo.","breadcrumb":{"@id":"https:\/\/www.loopkinglaces.com\/es\/products\/shoelaces-estilo-off-white-naranja-con-puntas-doradas\/#breadcrumb"},"inLanguage":"es","potentialAction":[{"@type":"ReadAction","target":["https:\/\/www.loopkinglaces.com\/es\/products\/shoelaces-estilo-off-white-naranja-con-puntas-doradas\/"]}]},{"@type":"ImageObject","inLanguage":"es","@id":"https:\/\/www.loopkinglaces.com\/es\/products\/shoelaces-estilo-off-white-naranja-con-puntas-doradas\/#primaryimage","url":"https:\/\/www.loopkinglaces.com\/wp-content\/uploads\/orange-off-white-shoelaces-gold-tips.jpg","contentUrl":"https:\/\/www.loopkinglaces.com\/wp-content\/uploads\/orange-off-white-shoelaces-gold-tips.jpg","width":1000,"height":1000},{"@type":"BreadcrumbList","@id":"https:\/\/www.loopkinglaces.com\/es\/products\/shoelaces-estilo-off-white-naranja-con-puntas-doradas\/#breadcrumb","itemListElement":[{"@type":"ListItem","position":1,"name":"Home","item":"https:\/\/www.loopkinglaces.com\/es\/"},{"@type":"ListItem","position":2,"name":"COMPRAR LACAS","item":"https:\/\/www.loopkinglaces.com\/es\/comprar-lacas\/"},{"@type":"ListItem","position":3,"name":"SHOELACES&#8221; Estilo Off-White Naranja Con Puntas Doradas"}]},{"@type":"WebSite","@id":"https:\/\/www.loopkinglaces.com\/es\/#website","url":"https:\/\/www.loopkinglaces.com\/es\/","name":"Luxury Gold Tip Shoelaces by Loop King Laces","description":"Rope Laces, Flat Waxed Laces and Leather Laces. All With Gold Tips.","publisher":{"@id":"https:\/\/www.loopkinglaces.com\/es\/#organization"},"potentialAction":[{"@type":"SearchAction","target":{"@type":"EntryPoint","urlTemplate":"https:\/\/www.loopkinglaces.com\/es\/?s={search_term_string}"},"query-input":{"@type":"PropertyValueSpecification","valueRequired":true,"valueName":"search_term_string"}}],"inLanguage":"es"},{"@type":"Organization","@id":"https:\/\/www.loopkinglaces.com\/es\/#organization","name":"Loop King Laces","url":"https:\/\/www.loopkinglaces.com\/es\/","logo":{"@type":"ImageObject","inLanguage":"es","@id":"https:\/\/www.loopkinglaces.com\/es\/#\/schema\/logo\/image\/","url":"https:\/\/www.loopkinglaces.com\/wp-content\/uploads\/LOOP-KING-LACES.1.1-01-LOGO-HI-RES-OFFICIAL-1.png","contentUrl":"https:\/\/www.loopkinglaces.com\/wp-content\/uploads\/LOOP-KING-LACES.1.1-01-LOGO-HI-RES-OFFICIAL-1.png","width":128,"height":91,"caption":"Loop King Laces"},"image":{"@id":"https:\/\/www.loopkinglaces.com\/es\/#\/schema\/logo\/image\/"},"sameAs":["https:\/\/www.facebook.com\/LoopKingLaces\/","https:\/\/x.com\/loopkinglaces","https:\/\/www.instagram.com\/loopkinglaces\/"]}]}},"_links":{"self":[{"href":"https:\/\/www.loopkinglaces.com\/es\/wp-json\/wp\/v2\/product\/72770","targetHints":{"allow":["GET"]}}],"collection":[{"href":"https:\/\/www.loopkinglaces.com\/es\/wp-json\/wp\/v2\/product"}],"about":[{"href":"https:\/\/www.loopkinglaces.com\/es\/wp-json\/wp\/v2\/types\/product"}],"replies":[{"embeddable":true,"href":"https:\/\/www.loopkinglaces.com\/es\/wp-json\/wp\/v2\/comments?post=72770"}],"wp:featuredmedia":[{"embeddable":true,"href":"https:\/\/www.loopkinglaces.com\/es\/wp-json\/wp\/v2\/media\/72779"}],"wp:attachment":[{"href":"https:\/\/www.loopkinglaces.com\/es\/wp-json\/wp\/v2\/media?parent=72770"}],"wp:term":[{"taxonomy":"product_brand","embeddable":true,"href":"https:\/\/www.loopkinglaces.com\/es\/wp-json\/wp\/v2\/product_brand?post=72770"},{"taxonomy":"product_cat","embeddable":true,"href":"https:\/\/www.loopkinglaces.com\/es\/wp-json\/wp\/v2\/product_cat?post=72770"},{"taxonomy":"product_tag","embeddable":true,"href":"https:\/\/www.loopkinglaces.com\/es\/wp-json\/wp\/v2\/product_tag?post=72770"},{"taxonomy":"woo-feed-brand","embeddable":true,"href":"https:\/\/www.loopkinglaces.com\/es\/wp-json\/wp\/v2\/woo-feed-brand?post=72770"}],"curies":[{"name":"wp","href":"https:\/\/api.w.org\/{rel}","templated":true}]}}