{"id":72370,"date":"2018-06-23T08:02:51","date_gmt":"2018-06-23T08:02:51","guid":{"rendered":"https:\/\/www.loopkinglaces.com\/products\/cordones-planos-encerados-con-puntas-doradas\/"},"modified":"2026-02-10T15:11:35","modified_gmt":"2026-02-10T15:11:35","slug":"cordones-planos-encerados-con-puntas-doradas","status":"publish","type":"product","link":"https:\/\/www.loopkinglaces.com\/es\/products\/cordones-planos-encerados-con-puntas-doradas\/","title":{"rendered":"Cordones planos encerados con puntas doradas"},"content":{"rendered":"<h3><a href=\"https:\/\/www.loopkinglaces.com\/\">Cordones de lujo para zapatillas<\/a><\/h3>\n<p>  Loop King Laces s\u00f3lo proporciona cordones de lujo de la m\u00e1s alta calidad.<br \/>\nNuestros Cordones Planos Encerados se fabrican con puntas met\u00e1licas en relieve con la inscripci\u00f3n LOOP KING y nuestra Corona Simb\u00f3lica.<br \/>\nCada Cord\u00f3n Plano Encerado est\u00e1 fabricado con cera de primera calidad y capas de nuestro algod\u00f3n de primera calidad para evitar que el cord\u00f3n se deshilache inesperadamente y para aumentar la vida \u00fatil del cord\u00f3n a m\u00e1s del triple de la de un cord\u00f3n de zapato normal de calidad.<br \/>\nNuestros cordones se adaptan a todo tipo de zapatillas y marcas, como Adidas, Nike, VANS, etc. Visita nuestra <a href=\"\/shoelace-size-chart\/\">Gu\u00eda de tallas<\/a> donde podr\u00e1s encontrar la talla perfecta de cordones para tus zapatillas.     &nbsp;<\/p>\n","protected":false},"excerpt":{"rendered":"<p>Cordones Planos <strong>Encerados<\/strong> Tan Con Puntas Doradas Loop King Laces &#8211; Nuestros Cordones Planos Encerados Tan de Lujo vienen con Puntas Doradas en relieve.<br \/>\nTodos nuestros Cordones de Zapato de Lujo est\u00e1n fabricados con materiales de primera calidad y puntas met\u00e1licas de la mejor calidad.<br \/>\nNuestros Cordones Planos Encerados est\u00e1n hechos para durar 3 veces m\u00e1s que los cordones normales de calidad.   Consulta nuestras caracter\u00edsticas completas a continuaci\u00f3n:  <\/p>\n<ul>\n<li>6 mm de ancho (plano)<\/li>\n<li>Encerado Premium<\/li>\n<li>Duran <strong>3 veces m\u00e1s<\/strong> que los cordones normales<\/li>\n<li>Agleta dorada Loop King<\/li>\n<li>Embalaje Beautiful Loop King por Encaje<\/li>\n<\/ul>\n","protected":false},"featured_media":72386,"comment_status":"open","ping_status":"closed","template":"","meta":{"_acf_changed":false},"product_brand":[],"product_cat":[1719,880,1726,1329,1172,1164,1456,1151,1176,1725,1174,1153,1157,999,1389,1169,877],"product_tag":[894,899,1009,1008,1006,895,893,1544],"woo-feed-brand":[],"class_list":{"0":"post-72370","1":"product","2":"type-product","3":"status-publish","4":"has-post-thumbnail","6":"product_cat-coleccion-cordones-de-lujo-encerados","7":"product_cat-cordones-de-24-pulgadas-nuestra-coleccion-de-primera-calidad-es","8":"product_cat-cordones-de-ante-un-cambio-de-juego-para-tu-calzado","9":"product_cat-cordones-de-colores-de-moda-para-zapatillas-deportivas","10":"product_cat-cordones-de-colores-para-las-zapatillas-converse-que-son-fabulosos-y-vuelan","11":"product_cat-cordones-de-diseno-dsw-lujosos-y-de-alta-calidad","12":"product_cat-cordones-de-rick-owens-el-heroe-inesperado-de-la-moda","13":"product_cat-cordones-de-zapatos-marrones-para-realzar-tu-estilo","14":"product_cat-cordones-para-zapatillas-de-monopatin-rad-que-parecen-volar-y-se-ajustan-genial","15":"product_cat-cordones-para-zapatos-de-barco-todo-esta-en-los-detalles","16":"product_cat-cordones-premium-yeezy-380-para-anadir-estilo-comodidad-y-durabilidad","17":"product_cat-cordones-punta-de-oro","18":"product_cat-cordones-stan-smith-elegantes-y-modernos","19":"product_cat-elige-entre-nuestra-coleccion-de-cordones-de-colores-de-alta-calidad","20":"product_cat-estilos-de-cordones-yeezy-fenomenales-para-elegir","21":"product_cat-los-mejores-cordones-alexander-mcqueen-para-tus-zapatillas-de-gama-alta","22":"product_cat-todos-los-cordones","23":"product_tag-cordones","24":"product_tag-cordones-punta-de-oro","25":"product_tag-encerado","26":"product_tag-plano","27":"product_tag-plano-encerado","28":"product_tag-punta-metalica","29":"product_tag-rey-del-bucle","30":"product_tag-tan-es","32":"first","33":"instock","34":"taxable","35":"shipping-taxable","36":"purchasable","37":"product-type-variable"},"acf":[],"yoast_head":"<!-- This site is optimized with the Yoast SEO plugin v27.4 - https:\/\/yoast.com\/product\/yoast-seo-wordpress\/ -->\n<title>Tienda de cordones de zapatos color canela - Premium, de lujo para ti<\/title>\n<meta name=\"description\" content=\"Mira uno de nuestros superventas, los cordones de zapato color canela con, perfectos para las personas que prefieren materiales de alta calidad y de primera que est\u00e1n hechos para durar.\" \/>\n<meta name=\"robots\" content=\"index, follow, max-snippet:-1, max-image-preview:large, max-video-preview:-1\" \/>\n<link rel=\"canonical\" href=\"https:\/\/www.loopkinglaces.com\/es\/products\/cordones-planos-encerados-con-puntas-doradas\/\" \/>\n<meta property=\"og:locale\" content=\"es_ES\" \/>\n<meta property=\"og:type\" content=\"article\" \/>\n<meta property=\"og:title\" content=\"Tienda de cordones de zapatos color canela - Premium, de lujo para ti\" \/>\n<meta property=\"og:description\" content=\"Mira uno de nuestros superventas, los cordones de zapato color canela con, perfectos para las personas que prefieren materiales de alta calidad y de primera que est\u00e1n hechos para durar.\" \/>\n<meta property=\"og:url\" content=\"https:\/\/www.loopkinglaces.com\/es\/products\/cordones-planos-encerados-con-puntas-doradas\/\" \/>\n<meta property=\"og:site_name\" content=\"Luxury Gold Tip Shoelaces by Loop King Laces\" \/>\n<meta property=\"article:publisher\" content=\"https:\/\/www.facebook.com\/LoopKingLaces\/\" \/>\n<meta property=\"article:modified_time\" content=\"2026-02-10T15:11:35+00:00\" \/>\n<meta property=\"og:image\" content=\"https:\/\/www.loopkinglaces.com\/wp-content\/uploads\/flat-waxed-tan-shoe-laces.jpg\" \/>\n\t<meta property=\"og:image:width\" content=\"1000\" \/>\n\t<meta property=\"og:image:height\" content=\"1000\" \/>\n\t<meta property=\"og:image:type\" content=\"image\/jpeg\" \/>\n<meta name=\"twitter:card\" content=\"summary_large_image\" \/>\n<meta name=\"twitter:site\" content=\"@loopkinglaces\" \/>\n<meta name=\"twitter:label1\" content=\"Tiempo de lectura\" \/>\n\t<meta name=\"twitter:data1\" content=\"1 minuto\" \/>\n<script type=\"application\/ld+json\" class=\"yoast-schema-graph\">{\"@context\":\"https:\\\/\\\/schema.org\",\"@graph\":[{\"@type\":[\"WebPage\",\"ItemPage\"],\"@id\":\"https:\\\/\\\/www.loopkinglaces.com\\\/es\\\/products\\\/cordones-planos-encerados-con-puntas-doradas\\\/\",\"url\":\"https:\\\/\\\/www.loopkinglaces.com\\\/es\\\/products\\\/cordones-planos-encerados-con-puntas-doradas\\\/\",\"name\":\"Tienda de cordones de zapatos color canela - Premium, de lujo para ti\",\"isPartOf\":{\"@id\":\"https:\\\/\\\/www.loopkinglaces.com\\\/es\\\/#website\"},\"primaryImageOfPage\":{\"@id\":\"https:\\\/\\\/www.loopkinglaces.com\\\/es\\\/products\\\/cordones-planos-encerados-con-puntas-doradas\\\/#primaryimage\"},\"image\":{\"@id\":\"https:\\\/\\\/www.loopkinglaces.com\\\/es\\\/products\\\/cordones-planos-encerados-con-puntas-doradas\\\/#primaryimage\"},\"thumbnailUrl\":\"https:\\\/\\\/www.loopkinglaces.com\\\/wp-content\\\/uploads\\\/flat-waxed-tan-shoe-laces.jpg\",\"datePublished\":\"2018-06-23T08:02:51+00:00\",\"dateModified\":\"2026-02-10T15:11:35+00:00\",\"description\":\"Mira uno de nuestros superventas, los cordones de zapato color canela con, perfectos para las personas que prefieren materiales de alta calidad y de primera que est\u00e1n hechos para durar.\",\"breadcrumb\":{\"@id\":\"https:\\\/\\\/www.loopkinglaces.com\\\/es\\\/products\\\/cordones-planos-encerados-con-puntas-doradas\\\/#breadcrumb\"},\"inLanguage\":\"es\",\"potentialAction\":[{\"@type\":\"ReadAction\",\"target\":[\"https:\\\/\\\/www.loopkinglaces.com\\\/es\\\/products\\\/cordones-planos-encerados-con-puntas-doradas\\\/\"]}]},{\"@type\":\"ImageObject\",\"inLanguage\":\"es\",\"@id\":\"https:\\\/\\\/www.loopkinglaces.com\\\/es\\\/products\\\/cordones-planos-encerados-con-puntas-doradas\\\/#primaryimage\",\"url\":\"https:\\\/\\\/www.loopkinglaces.com\\\/wp-content\\\/uploads\\\/flat-waxed-tan-shoe-laces.jpg\",\"contentUrl\":\"https:\\\/\\\/www.loopkinglaces.com\\\/wp-content\\\/uploads\\\/flat-waxed-tan-shoe-laces.jpg\",\"width\":1000,\"height\":1000},{\"@type\":\"BreadcrumbList\",\"@id\":\"https:\\\/\\\/www.loopkinglaces.com\\\/es\\\/products\\\/cordones-planos-encerados-con-puntas-doradas\\\/#breadcrumb\",\"itemListElement\":[{\"@type\":\"ListItem\",\"position\":1,\"name\":\"Home\",\"item\":\"https:\\\/\\\/www.loopkinglaces.com\\\/es\\\/\"},{\"@type\":\"ListItem\",\"position\":2,\"name\":\"COMPRAR LACAS\",\"item\":\"https:\\\/\\\/www.loopkinglaces.com\\\/es\\\/comprar-lacas\\\/\"},{\"@type\":\"ListItem\",\"position\":3,\"name\":\"Cordones planos encerados con puntas doradas\"}]},{\"@type\":\"WebSite\",\"@id\":\"https:\\\/\\\/www.loopkinglaces.com\\\/es\\\/#website\",\"url\":\"https:\\\/\\\/www.loopkinglaces.com\\\/es\\\/\",\"name\":\"Luxury Gold Tip Shoelaces by Loop King Laces\",\"description\":\"Rope Laces, Flat Waxed Laces and Leather Laces. All With Gold Tips.\",\"publisher\":{\"@id\":\"https:\\\/\\\/www.loopkinglaces.com\\\/es\\\/#organization\"},\"potentialAction\":[{\"@type\":\"SearchAction\",\"target\":{\"@type\":\"EntryPoint\",\"urlTemplate\":\"https:\\\/\\\/www.loopkinglaces.com\\\/es\\\/?s={search_term_string}\"},\"query-input\":{\"@type\":\"PropertyValueSpecification\",\"valueRequired\":true,\"valueName\":\"search_term_string\"}}],\"inLanguage\":\"es\"},{\"@type\":\"Organization\",\"@id\":\"https:\\\/\\\/www.loopkinglaces.com\\\/es\\\/#organization\",\"name\":\"Loop King Laces\",\"url\":\"https:\\\/\\\/www.loopkinglaces.com\\\/es\\\/\",\"logo\":{\"@type\":\"ImageObject\",\"inLanguage\":\"es\",\"@id\":\"https:\\\/\\\/www.loopkinglaces.com\\\/es\\\/#\\\/schema\\\/logo\\\/image\\\/\",\"url\":\"https:\\\/\\\/www.loopkinglaces.com\\\/wp-content\\\/uploads\\\/LOOP-KING-LACES.1.1-01-LOGO-HI-RES-OFFICIAL-1.png\",\"contentUrl\":\"https:\\\/\\\/www.loopkinglaces.com\\\/wp-content\\\/uploads\\\/LOOP-KING-LACES.1.1-01-LOGO-HI-RES-OFFICIAL-1.png\",\"width\":128,\"height\":91,\"caption\":\"Loop King Laces\"},\"image\":{\"@id\":\"https:\\\/\\\/www.loopkinglaces.com\\\/es\\\/#\\\/schema\\\/logo\\\/image\\\/\"},\"sameAs\":[\"https:\\\/\\\/www.facebook.com\\\/LoopKingLaces\\\/\",\"https:\\\/\\\/x.com\\\/loopkinglaces\",\"https:\\\/\\\/www.instagram.com\\\/loopkinglaces\\\/\"]}]}<\/script>\n<!-- \/ Yoast SEO plugin. -->","yoast_head_json":{"title":"Tienda de cordones de zapatos color canela - Premium, de lujo para ti","description":"Mira uno de nuestros superventas, los cordones de zapato color canela con, perfectos para las personas que prefieren materiales de alta calidad y de primera que est\u00e1n hechos para durar.","robots":{"index":"index","follow":"follow","max-snippet":"max-snippet:-1","max-image-preview":"max-image-preview:large","max-video-preview":"max-video-preview:-1"},"canonical":"https:\/\/www.loopkinglaces.com\/es\/products\/cordones-planos-encerados-con-puntas-doradas\/","og_locale":"es_ES","og_type":"article","og_title":"Tienda de cordones de zapatos color canela - Premium, de lujo para ti","og_description":"Mira uno de nuestros superventas, los cordones de zapato color canela con, perfectos para las personas que prefieren materiales de alta calidad y de primera que est\u00e1n hechos para durar.","og_url":"https:\/\/www.loopkinglaces.com\/es\/products\/cordones-planos-encerados-con-puntas-doradas\/","og_site_name":"Luxury Gold Tip Shoelaces by Loop King Laces","article_publisher":"https:\/\/www.facebook.com\/LoopKingLaces\/","article_modified_time":"2026-02-10T15:11:35+00:00","og_image":[{"width":1000,"height":1000,"url":"https:\/\/www.loopkinglaces.com\/wp-content\/uploads\/flat-waxed-tan-shoe-laces.jpg","type":"image\/jpeg"}],"twitter_card":"summary_large_image","twitter_site":"@loopkinglaces","twitter_misc":{"Tiempo de lectura":"1 minuto"},"schema":{"@context":"https:\/\/schema.org","@graph":[{"@type":["WebPage","ItemPage"],"@id":"https:\/\/www.loopkinglaces.com\/es\/products\/cordones-planos-encerados-con-puntas-doradas\/","url":"https:\/\/www.loopkinglaces.com\/es\/products\/cordones-planos-encerados-con-puntas-doradas\/","name":"Tienda de cordones de zapatos color canela - Premium, de lujo para ti","isPartOf":{"@id":"https:\/\/www.loopkinglaces.com\/es\/#website"},"primaryImageOfPage":{"@id":"https:\/\/www.loopkinglaces.com\/es\/products\/cordones-planos-encerados-con-puntas-doradas\/#primaryimage"},"image":{"@id":"https:\/\/www.loopkinglaces.com\/es\/products\/cordones-planos-encerados-con-puntas-doradas\/#primaryimage"},"thumbnailUrl":"https:\/\/www.loopkinglaces.com\/wp-content\/uploads\/flat-waxed-tan-shoe-laces.jpg","datePublished":"2018-06-23T08:02:51+00:00","dateModified":"2026-02-10T15:11:35+00:00","description":"Mira uno de nuestros superventas, los cordones de zapato color canela con, perfectos para las personas que prefieren materiales de alta calidad y de primera que est\u00e1n hechos para durar.","breadcrumb":{"@id":"https:\/\/www.loopkinglaces.com\/es\/products\/cordones-planos-encerados-con-puntas-doradas\/#breadcrumb"},"inLanguage":"es","potentialAction":[{"@type":"ReadAction","target":["https:\/\/www.loopkinglaces.com\/es\/products\/cordones-planos-encerados-con-puntas-doradas\/"]}]},{"@type":"ImageObject","inLanguage":"es","@id":"https:\/\/www.loopkinglaces.com\/es\/products\/cordones-planos-encerados-con-puntas-doradas\/#primaryimage","url":"https:\/\/www.loopkinglaces.com\/wp-content\/uploads\/flat-waxed-tan-shoe-laces.jpg","contentUrl":"https:\/\/www.loopkinglaces.com\/wp-content\/uploads\/flat-waxed-tan-shoe-laces.jpg","width":1000,"height":1000},{"@type":"BreadcrumbList","@id":"https:\/\/www.loopkinglaces.com\/es\/products\/cordones-planos-encerados-con-puntas-doradas\/#breadcrumb","itemListElement":[{"@type":"ListItem","position":1,"name":"Home","item":"https:\/\/www.loopkinglaces.com\/es\/"},{"@type":"ListItem","position":2,"name":"COMPRAR LACAS","item":"https:\/\/www.loopkinglaces.com\/es\/comprar-lacas\/"},{"@type":"ListItem","position":3,"name":"Cordones planos encerados con puntas doradas"}]},{"@type":"WebSite","@id":"https:\/\/www.loopkinglaces.com\/es\/#website","url":"https:\/\/www.loopkinglaces.com\/es\/","name":"Luxury Gold Tip Shoelaces by Loop King Laces","description":"Rope Laces, Flat Waxed Laces and Leather Laces. All With Gold Tips.","publisher":{"@id":"https:\/\/www.loopkinglaces.com\/es\/#organization"},"potentialAction":[{"@type":"SearchAction","target":{"@type":"EntryPoint","urlTemplate":"https:\/\/www.loopkinglaces.com\/es\/?s={search_term_string}"},"query-input":{"@type":"PropertyValueSpecification","valueRequired":true,"valueName":"search_term_string"}}],"inLanguage":"es"},{"@type":"Organization","@id":"https:\/\/www.loopkinglaces.com\/es\/#organization","name":"Loop King Laces","url":"https:\/\/www.loopkinglaces.com\/es\/","logo":{"@type":"ImageObject","inLanguage":"es","@id":"https:\/\/www.loopkinglaces.com\/es\/#\/schema\/logo\/image\/","url":"https:\/\/www.loopkinglaces.com\/wp-content\/uploads\/LOOP-KING-LACES.1.1-01-LOGO-HI-RES-OFFICIAL-1.png","contentUrl":"https:\/\/www.loopkinglaces.com\/wp-content\/uploads\/LOOP-KING-LACES.1.1-01-LOGO-HI-RES-OFFICIAL-1.png","width":128,"height":91,"caption":"Loop King Laces"},"image":{"@id":"https:\/\/www.loopkinglaces.com\/es\/#\/schema\/logo\/image\/"},"sameAs":["https:\/\/www.facebook.com\/LoopKingLaces\/","https:\/\/x.com\/loopkinglaces","https:\/\/www.instagram.com\/loopkinglaces\/"]}]}},"_links":{"self":[{"href":"https:\/\/www.loopkinglaces.com\/es\/wp-json\/wp\/v2\/product\/72370","targetHints":{"allow":["GET"]}}],"collection":[{"href":"https:\/\/www.loopkinglaces.com\/es\/wp-json\/wp\/v2\/product"}],"about":[{"href":"https:\/\/www.loopkinglaces.com\/es\/wp-json\/wp\/v2\/types\/product"}],"replies":[{"embeddable":true,"href":"https:\/\/www.loopkinglaces.com\/es\/wp-json\/wp\/v2\/comments?post=72370"}],"wp:featuredmedia":[{"embeddable":true,"href":"https:\/\/www.loopkinglaces.com\/es\/wp-json\/wp\/v2\/media\/72386"}],"wp:attachment":[{"href":"https:\/\/www.loopkinglaces.com\/es\/wp-json\/wp\/v2\/media?parent=72370"}],"wp:term":[{"taxonomy":"product_brand","embeddable":true,"href":"https:\/\/www.loopkinglaces.com\/es\/wp-json\/wp\/v2\/product_brand?post=72370"},{"taxonomy":"product_cat","embeddable":true,"href":"https:\/\/www.loopkinglaces.com\/es\/wp-json\/wp\/v2\/product_cat?post=72370"},{"taxonomy":"product_tag","embeddable":true,"href":"https:\/\/www.loopkinglaces.com\/es\/wp-json\/wp\/v2\/product_tag?post=72370"},{"taxonomy":"woo-feed-brand","embeddable":true,"href":"https:\/\/www.loopkinglaces.com\/es\/wp-json\/wp\/v2\/woo-feed-brand?post=72370"}],"curies":[{"name":"wp","href":"https:\/\/api.w.org\/{rel}","templated":true}]}}