{"id":71571,"date":"2023-04-30T18:20:13","date_gmt":"2023-04-30T18:20:13","guid":{"rendered":"https:\/\/www.loopkinglaces.com\/products\/cordones-de-cemento-rojo-negro-con-puntas-de-plastico-rojas-2\/"},"modified":"2023-04-30T18:20:13","modified_gmt":"2023-04-30T18:20:13","slug":"cordones-de-cemento-rojo-negro-con-puntas-de-plastico-rojas-2","status":"publish","type":"product","link":"https:\/\/www.loopkinglaces.com\/es\/products\/cordones-de-cemento-rojo-negro-con-puntas-de-plastico-rojas-2\/","title":{"rendered":"Cordones de cemento rojo negro con puntas de pl\u00e1stico rojas"},"content":{"rendered":"<p>Transforma tus zapatillas de mon\u00f3tonas a fabulosas con nuestros llamativos cordones de cemento.<br \/>\nTanto si buscas una declaraci\u00f3n sutil como un look ultra atrevido, lo tenemos.<br \/>\nNuestros dise\u00f1os de cordones presentan colores atrevidos y estampados realistas del material que les da nombre, para que hasta tus pies hagan una declaraci\u00f3n de moda.<br \/>\nEstos cordones de moda no s\u00f3lo est\u00e1n disponibles en varios tonos elegantes, perfectos para cualquier ocasi\u00f3n -desde reuniones relajadas hasta primeras citas-, sino que tambi\u00e9n est\u00e1n fabricados con materiales de primera calidad, con puntas estampadas que evitan que se deshilachen y se rompan, al tiempo que a\u00f1aden un toque de lujo: \u00a1ahora con el doble de dinamismo que antes!   <\/p>\n","protected":false},"excerpt":{"rendered":"<p><strong>Cordones de Cemento Negro Rojo con Puntas de Pl\u00e1stico<\/strong> Rojas \u00bfNo encuentras la forma de hacer que tus viejas zapatillas destaquen?<br \/>\nNuestros Cordones de Cemento Negro con Puntas de Pl\u00e1stico Rojas proporcionan la mejora visual perfecta con su estampado realista en varios colores y puntas dispersas.<br \/>\nNo s\u00f3lo son elegantes para cualquier ocasi\u00f3n, \u00a1sino que adem\u00e1s presentan materiales de primera calidad que garantizan su longevidad!<br \/>\nLas puntas en relieve a\u00f1aden un toque extra de lujo a la vez que los refuerzan contra los deshilachados, por lo que con nosotros obtienes m\u00e1s que un dise\u00f1o de cordones: calidad de verdad.    Las caracter\u00edsticas principales son:  <\/p>\n<ul>\n<li><span style=\"font-weight: 400;\">Materiales de primera calidad<\/span><\/li>\n<li><span style=\"font-weight: 400;\">Puntas en relieve<\/span><\/li>\n<li><span style=\"font-weight: 400;\">Embalaje sellado e impactante  <\/span><\/li>\n<li><span style=\"font-weight: 400;\">Precioso estampado de cemento en cordones planos  <\/span><\/li>\n<li><span style=\"font-weight: 400;\">Durar\u00e1 m\u00e1s que otras marcas<\/span><\/li>\n<li><span style=\"font-weight: 400;\">Disponibles en varias longitudes  <\/span><\/li>\n<\/ul>\n","protected":false},"featured_media":71584,"comment_status":"open","ping_status":"closed","template":"","meta":{"_acf_changed":false},"product_brand":[],"product_cat":[886,1203,1362,1409,1188,1574,1161,1186,1389,1003,1464,1184,877],"product_tag":[894,899,1009,896,1008,1006,895,893],"woo-feed-brand":[],"class_list":{"0":"post-71571","1":"product","2":"type-product","3":"status-publish","4":"has-post-thumbnail","6":"product_cat-cordones-de-36-pulgadas","7":"product_cat-cordones-de-bota-de-60-pulgadas-cordones-mas-largos-para-una-declaracion-de-estilo-definitiva","8":"product_cat-cordones-de-repuesto-de-lujo-para-zapatillas-zapatillas-de-deporte-botas-y-mas","9":"product_cat-cordones-de-zapatos-negros-de-primera-calidad-elegantes-y-lujosos","10":"product_cat-cordones-keen-dominar-el-arte-del-negro-y-el-gris","11":"product_cat-cordones-lebron-11","12":"product_cat-cordones-nike-air-max-90-cordones-de-moda","13":"product_cat-eleva-tu-experiencia-hoka-no-solo-cordones-sino-declaraciones-en-tonos-neutros","14":"product_cat-estilos-de-cordones-yeezy-fenomenales-para-elegir","15":"product_cat-mejora-el-estilo-de-tus-zapatos-con-cordones-de-cemento","16":"product_cat-por-que-los-cordones-para-correr-son-mas-importantes-de-lo-que-crees","17":"product_cat-sustitucion-de-cordones-supreme-que-te-dejara-con-la-boca-abierta","18":"product_cat-todos-los-cordones","19":"product_tag-cordones","20":"product_tag-cordones-punta-de-oro","21":"product_tag-encerado","22":"product_tag-negro","23":"product_tag-plano","24":"product_tag-plano-encerado","25":"product_tag-punta-metalica","26":"product_tag-rey-del-bucle","28":"first","29":"instock","30":"taxable","31":"shipping-taxable","32":"purchasable","33":"product-type-variable"},"acf":[],"yoast_head":"<!-- This site is optimized with the Yoast SEO plugin v27.4 - https:\/\/yoast.com\/product\/yoast-seo-wordpress\/ -->\n<title>Cordones de cemento rojo negro con puntas de pl\u00e1stico rojas<\/title>\n<meta name=\"description\" content=\"\u00a1Es hora de dar a tus zapatillas la atenci\u00f3n que se merecen! Nuestros Cordones de Cemento Rojo Negro especialmente dise\u00f1ados garantizan que cualquier estilo de zapatilla subir\u00e1 de nivel.\" \/>\n<meta name=\"robots\" content=\"index, follow, max-snippet:-1, max-image-preview:large, max-video-preview:-1\" \/>\n<link rel=\"canonical\" href=\"https:\/\/www.loopkinglaces.com\/es\/products\/cordones-de-cemento-rojo-negro-con-puntas-de-plastico-rojas-2\/\" \/>\n<meta property=\"og:locale\" content=\"es_ES\" \/>\n<meta property=\"og:type\" content=\"article\" \/>\n<meta property=\"og:title\" content=\"Cordones de cemento rojo negro con puntas de pl\u00e1stico rojas\" \/>\n<meta property=\"og:description\" content=\"\u00a1Es hora de dar a tus zapatillas la atenci\u00f3n que se merecen! Nuestros Cordones de Cemento Rojo Negro especialmente dise\u00f1ados garantizan que cualquier estilo de zapatilla subir\u00e1 de nivel.\" \/>\n<meta property=\"og:url\" content=\"https:\/\/www.loopkinglaces.com\/es\/products\/cordones-de-cemento-rojo-negro-con-puntas-de-plastico-rojas-2\/\" \/>\n<meta property=\"og:site_name\" content=\"Luxury Gold Tip Shoelaces by Loop King Laces\" \/>\n<meta property=\"article:publisher\" content=\"https:\/\/www.facebook.com\/LoopKingLaces\/\" \/>\n<meta property=\"og:image\" content=\"https:\/\/www.loopkinglaces.com\/wp-content\/uploads\/Black-Red-Cement-with-Red-Tips-scaled.jpg\" \/>\n\t<meta property=\"og:image:width\" content=\"2560\" \/>\n\t<meta property=\"og:image:height\" content=\"2560\" \/>\n\t<meta property=\"og:image:type\" content=\"image\/jpeg\" \/>\n<meta name=\"twitter:card\" content=\"summary_large_image\" \/>\n<meta name=\"twitter:site\" content=\"@loopkinglaces\" \/>\n<meta name=\"twitter:label1\" content=\"Tiempo de lectura\" \/>\n\t<meta name=\"twitter:data1\" content=\"1 minuto\" \/>\n<script type=\"application\/ld+json\" class=\"yoast-schema-graph\">{\"@context\":\"https:\\\/\\\/schema.org\",\"@graph\":[{\"@type\":[\"WebPage\",\"ItemPage\"],\"@id\":\"https:\\\/\\\/www.loopkinglaces.com\\\/es\\\/products\\\/cordones-de-cemento-rojo-negro-con-puntas-de-plastico-rojas-2\\\/\",\"url\":\"https:\\\/\\\/www.loopkinglaces.com\\\/es\\\/products\\\/cordones-de-cemento-rojo-negro-con-puntas-de-plastico-rojas-2\\\/\",\"name\":\"Cordones de cemento rojo negro con puntas de pl\u00e1stico rojas\",\"isPartOf\":{\"@id\":\"https:\\\/\\\/www.loopkinglaces.com\\\/es\\\/#website\"},\"primaryImageOfPage\":{\"@id\":\"https:\\\/\\\/www.loopkinglaces.com\\\/es\\\/products\\\/cordones-de-cemento-rojo-negro-con-puntas-de-plastico-rojas-2\\\/#primaryimage\"},\"image\":{\"@id\":\"https:\\\/\\\/www.loopkinglaces.com\\\/es\\\/products\\\/cordones-de-cemento-rojo-negro-con-puntas-de-plastico-rojas-2\\\/#primaryimage\"},\"thumbnailUrl\":\"https:\\\/\\\/www.loopkinglaces.com\\\/wp-content\\\/uploads\\\/Black-Red-Cement-with-Red-Tips-scaled.jpg\",\"datePublished\":\"2023-04-30T18:20:13+00:00\",\"description\":\"\u00a1Es hora de dar a tus zapatillas la atenci\u00f3n que se merecen! Nuestros Cordones de Cemento Rojo Negro especialmente dise\u00f1ados garantizan que cualquier estilo de zapatilla subir\u00e1 de nivel.\",\"breadcrumb\":{\"@id\":\"https:\\\/\\\/www.loopkinglaces.com\\\/es\\\/products\\\/cordones-de-cemento-rojo-negro-con-puntas-de-plastico-rojas-2\\\/#breadcrumb\"},\"inLanguage\":\"es\",\"potentialAction\":[{\"@type\":\"ReadAction\",\"target\":[\"https:\\\/\\\/www.loopkinglaces.com\\\/es\\\/products\\\/cordones-de-cemento-rojo-negro-con-puntas-de-plastico-rojas-2\\\/\"]}]},{\"@type\":\"ImageObject\",\"inLanguage\":\"es\",\"@id\":\"https:\\\/\\\/www.loopkinglaces.com\\\/es\\\/products\\\/cordones-de-cemento-rojo-negro-con-puntas-de-plastico-rojas-2\\\/#primaryimage\",\"url\":\"https:\\\/\\\/www.loopkinglaces.com\\\/wp-content\\\/uploads\\\/Black-Red-Cement-with-Red-Tips-scaled.jpg\",\"contentUrl\":\"https:\\\/\\\/www.loopkinglaces.com\\\/wp-content\\\/uploads\\\/Black-Red-Cement-with-Red-Tips-scaled.jpg\",\"width\":2560,\"height\":2560},{\"@type\":\"BreadcrumbList\",\"@id\":\"https:\\\/\\\/www.loopkinglaces.com\\\/es\\\/products\\\/cordones-de-cemento-rojo-negro-con-puntas-de-plastico-rojas-2\\\/#breadcrumb\",\"itemListElement\":[{\"@type\":\"ListItem\",\"position\":1,\"name\":\"Home\",\"item\":\"https:\\\/\\\/www.loopkinglaces.com\\\/es\\\/\"},{\"@type\":\"ListItem\",\"position\":2,\"name\":\"COMPRAR LACAS\",\"item\":\"https:\\\/\\\/www.loopkinglaces.com\\\/es\\\/comprar-lacas\\\/\"},{\"@type\":\"ListItem\",\"position\":3,\"name\":\"Cordones de cemento rojo negro con puntas de pl\u00e1stico rojas\"}]},{\"@type\":\"WebSite\",\"@id\":\"https:\\\/\\\/www.loopkinglaces.com\\\/es\\\/#website\",\"url\":\"https:\\\/\\\/www.loopkinglaces.com\\\/es\\\/\",\"name\":\"Luxury Gold Tip Shoelaces by Loop King Laces\",\"description\":\"Rope Laces, Flat Waxed Laces and Leather Laces. All With Gold Tips.\",\"publisher\":{\"@id\":\"https:\\\/\\\/www.loopkinglaces.com\\\/es\\\/#organization\"},\"potentialAction\":[{\"@type\":\"SearchAction\",\"target\":{\"@type\":\"EntryPoint\",\"urlTemplate\":\"https:\\\/\\\/www.loopkinglaces.com\\\/es\\\/?s={search_term_string}\"},\"query-input\":{\"@type\":\"PropertyValueSpecification\",\"valueRequired\":true,\"valueName\":\"search_term_string\"}}],\"inLanguage\":\"es\"},{\"@type\":\"Organization\",\"@id\":\"https:\\\/\\\/www.loopkinglaces.com\\\/es\\\/#organization\",\"name\":\"Loop King Laces\",\"url\":\"https:\\\/\\\/www.loopkinglaces.com\\\/es\\\/\",\"logo\":{\"@type\":\"ImageObject\",\"inLanguage\":\"es\",\"@id\":\"https:\\\/\\\/www.loopkinglaces.com\\\/es\\\/#\\\/schema\\\/logo\\\/image\\\/\",\"url\":\"https:\\\/\\\/www.loopkinglaces.com\\\/wp-content\\\/uploads\\\/LOOP-KING-LACES.1.1-01-LOGO-HI-RES-OFFICIAL-1.png\",\"contentUrl\":\"https:\\\/\\\/www.loopkinglaces.com\\\/wp-content\\\/uploads\\\/LOOP-KING-LACES.1.1-01-LOGO-HI-RES-OFFICIAL-1.png\",\"width\":128,\"height\":91,\"caption\":\"Loop King Laces\"},\"image\":{\"@id\":\"https:\\\/\\\/www.loopkinglaces.com\\\/es\\\/#\\\/schema\\\/logo\\\/image\\\/\"},\"sameAs\":[\"https:\\\/\\\/www.facebook.com\\\/LoopKingLaces\\\/\",\"https:\\\/\\\/x.com\\\/loopkinglaces\",\"https:\\\/\\\/www.instagram.com\\\/loopkinglaces\\\/\"]}]}<\/script>\n<!-- \/ Yoast SEO plugin. -->","yoast_head_json":{"title":"Cordones de cemento rojo negro con puntas de pl\u00e1stico rojas","description":"\u00a1Es hora de dar a tus zapatillas la atenci\u00f3n que se merecen! Nuestros Cordones de Cemento Rojo Negro especialmente dise\u00f1ados garantizan que cualquier estilo de zapatilla subir\u00e1 de nivel.","robots":{"index":"index","follow":"follow","max-snippet":"max-snippet:-1","max-image-preview":"max-image-preview:large","max-video-preview":"max-video-preview:-1"},"canonical":"https:\/\/www.loopkinglaces.com\/es\/products\/cordones-de-cemento-rojo-negro-con-puntas-de-plastico-rojas-2\/","og_locale":"es_ES","og_type":"article","og_title":"Cordones de cemento rojo negro con puntas de pl\u00e1stico rojas","og_description":"\u00a1Es hora de dar a tus zapatillas la atenci\u00f3n que se merecen! Nuestros Cordones de Cemento Rojo Negro especialmente dise\u00f1ados garantizan que cualquier estilo de zapatilla subir\u00e1 de nivel.","og_url":"https:\/\/www.loopkinglaces.com\/es\/products\/cordones-de-cemento-rojo-negro-con-puntas-de-plastico-rojas-2\/","og_site_name":"Luxury Gold Tip Shoelaces by Loop King Laces","article_publisher":"https:\/\/www.facebook.com\/LoopKingLaces\/","og_image":[{"width":2560,"height":2560,"url":"https:\/\/www.loopkinglaces.com\/wp-content\/uploads\/Black-Red-Cement-with-Red-Tips-scaled.jpg","type":"image\/jpeg"}],"twitter_card":"summary_large_image","twitter_site":"@loopkinglaces","twitter_misc":{"Tiempo de lectura":"1 minuto"},"schema":{"@context":"https:\/\/schema.org","@graph":[{"@type":["WebPage","ItemPage"],"@id":"https:\/\/www.loopkinglaces.com\/es\/products\/cordones-de-cemento-rojo-negro-con-puntas-de-plastico-rojas-2\/","url":"https:\/\/www.loopkinglaces.com\/es\/products\/cordones-de-cemento-rojo-negro-con-puntas-de-plastico-rojas-2\/","name":"Cordones de cemento rojo negro con puntas de pl\u00e1stico rojas","isPartOf":{"@id":"https:\/\/www.loopkinglaces.com\/es\/#website"},"primaryImageOfPage":{"@id":"https:\/\/www.loopkinglaces.com\/es\/products\/cordones-de-cemento-rojo-negro-con-puntas-de-plastico-rojas-2\/#primaryimage"},"image":{"@id":"https:\/\/www.loopkinglaces.com\/es\/products\/cordones-de-cemento-rojo-negro-con-puntas-de-plastico-rojas-2\/#primaryimage"},"thumbnailUrl":"https:\/\/www.loopkinglaces.com\/wp-content\/uploads\/Black-Red-Cement-with-Red-Tips-scaled.jpg","datePublished":"2023-04-30T18:20:13+00:00","description":"\u00a1Es hora de dar a tus zapatillas la atenci\u00f3n que se merecen! Nuestros Cordones de Cemento Rojo Negro especialmente dise\u00f1ados garantizan que cualquier estilo de zapatilla subir\u00e1 de nivel.","breadcrumb":{"@id":"https:\/\/www.loopkinglaces.com\/es\/products\/cordones-de-cemento-rojo-negro-con-puntas-de-plastico-rojas-2\/#breadcrumb"},"inLanguage":"es","potentialAction":[{"@type":"ReadAction","target":["https:\/\/www.loopkinglaces.com\/es\/products\/cordones-de-cemento-rojo-negro-con-puntas-de-plastico-rojas-2\/"]}]},{"@type":"ImageObject","inLanguage":"es","@id":"https:\/\/www.loopkinglaces.com\/es\/products\/cordones-de-cemento-rojo-negro-con-puntas-de-plastico-rojas-2\/#primaryimage","url":"https:\/\/www.loopkinglaces.com\/wp-content\/uploads\/Black-Red-Cement-with-Red-Tips-scaled.jpg","contentUrl":"https:\/\/www.loopkinglaces.com\/wp-content\/uploads\/Black-Red-Cement-with-Red-Tips-scaled.jpg","width":2560,"height":2560},{"@type":"BreadcrumbList","@id":"https:\/\/www.loopkinglaces.com\/es\/products\/cordones-de-cemento-rojo-negro-con-puntas-de-plastico-rojas-2\/#breadcrumb","itemListElement":[{"@type":"ListItem","position":1,"name":"Home","item":"https:\/\/www.loopkinglaces.com\/es\/"},{"@type":"ListItem","position":2,"name":"COMPRAR LACAS","item":"https:\/\/www.loopkinglaces.com\/es\/comprar-lacas\/"},{"@type":"ListItem","position":3,"name":"Cordones de cemento rojo negro con puntas de pl\u00e1stico rojas"}]},{"@type":"WebSite","@id":"https:\/\/www.loopkinglaces.com\/es\/#website","url":"https:\/\/www.loopkinglaces.com\/es\/","name":"Luxury Gold Tip Shoelaces by Loop King Laces","description":"Rope Laces, Flat Waxed Laces and Leather Laces. All With Gold Tips.","publisher":{"@id":"https:\/\/www.loopkinglaces.com\/es\/#organization"},"potentialAction":[{"@type":"SearchAction","target":{"@type":"EntryPoint","urlTemplate":"https:\/\/www.loopkinglaces.com\/es\/?s={search_term_string}"},"query-input":{"@type":"PropertyValueSpecification","valueRequired":true,"valueName":"search_term_string"}}],"inLanguage":"es"},{"@type":"Organization","@id":"https:\/\/www.loopkinglaces.com\/es\/#organization","name":"Loop King Laces","url":"https:\/\/www.loopkinglaces.com\/es\/","logo":{"@type":"ImageObject","inLanguage":"es","@id":"https:\/\/www.loopkinglaces.com\/es\/#\/schema\/logo\/image\/","url":"https:\/\/www.loopkinglaces.com\/wp-content\/uploads\/LOOP-KING-LACES.1.1-01-LOGO-HI-RES-OFFICIAL-1.png","contentUrl":"https:\/\/www.loopkinglaces.com\/wp-content\/uploads\/LOOP-KING-LACES.1.1-01-LOGO-HI-RES-OFFICIAL-1.png","width":128,"height":91,"caption":"Loop King Laces"},"image":{"@id":"https:\/\/www.loopkinglaces.com\/es\/#\/schema\/logo\/image\/"},"sameAs":["https:\/\/www.facebook.com\/LoopKingLaces\/","https:\/\/x.com\/loopkinglaces","https:\/\/www.instagram.com\/loopkinglaces\/"]}]}},"_links":{"self":[{"href":"https:\/\/www.loopkinglaces.com\/es\/wp-json\/wp\/v2\/product\/71571","targetHints":{"allow":["GET"]}}],"collection":[{"href":"https:\/\/www.loopkinglaces.com\/es\/wp-json\/wp\/v2\/product"}],"about":[{"href":"https:\/\/www.loopkinglaces.com\/es\/wp-json\/wp\/v2\/types\/product"}],"replies":[{"embeddable":true,"href":"https:\/\/www.loopkinglaces.com\/es\/wp-json\/wp\/v2\/comments?post=71571"}],"wp:featuredmedia":[{"embeddable":true,"href":"https:\/\/www.loopkinglaces.com\/es\/wp-json\/wp\/v2\/media\/71584"}],"wp:attachment":[{"href":"https:\/\/www.loopkinglaces.com\/es\/wp-json\/wp\/v2\/media?parent=71571"}],"wp:term":[{"taxonomy":"product_brand","embeddable":true,"href":"https:\/\/www.loopkinglaces.com\/es\/wp-json\/wp\/v2\/product_brand?post=71571"},{"taxonomy":"product_cat","embeddable":true,"href":"https:\/\/www.loopkinglaces.com\/es\/wp-json\/wp\/v2\/product_cat?post=71571"},{"taxonomy":"product_tag","embeddable":true,"href":"https:\/\/www.loopkinglaces.com\/es\/wp-json\/wp\/v2\/product_tag?post=71571"},{"taxonomy":"woo-feed-brand","embeddable":true,"href":"https:\/\/www.loopkinglaces.com\/es\/wp-json\/wp\/v2\/woo-feed-brand?post=71571"}],"curies":[{"name":"wp","href":"https:\/\/api.w.org\/{rel}","templated":true}]}}