{"id":71511,"date":"2023-04-30T16:34:44","date_gmt":"2023-04-30T16:34:44","guid":{"rendered":"https:\/\/www.loopkinglaces.com\/products\/cordones-de-cemento-gris-con-puntas-de-plastico-negras\/"},"modified":"2023-04-30T16:34:44","modified_gmt":"2023-04-30T16:34:44","slug":"cordones-de-cemento-gris-con-puntas-de-plastico-negras","status":"publish","type":"product","link":"https:\/\/www.loopkinglaces.com\/es\/products\/cordones-de-cemento-gris-con-puntas-de-plastico-negras\/","title":{"rendered":"Cordones de cemento gris con puntas de pl\u00e1stico negras"},"content":{"rendered":"<p>\u00a1Mejora tus zapatillas con un toque moderno!<br \/>\nNuestros cordones de cemento son la forma perfecta de dar un toque llamativo a cualquier par de zapatillas.<br \/>\nCon estampados realistas en tonos coloridos, estos cordones tienen motas esparcidas por todas partes para a\u00f1adir vitalidad y estilo.<br \/>\nEst\u00e1n fabricados con materiales de primera calidad que proporcionan una larga vida \u00fatil, y tambi\u00e9n tienen relieve en las puntas para que puedas lucirlos en todo tipo de ocasiones, ya sea para salir con tus amigos o para arreglar tu atuendo de noche.   <\/p>\n","protected":false},"excerpt":{"rendered":"<p><strong>Cordones de cemento gris con puntas de pl\u00e1stico<\/strong> negras \u00bfQuieres a\u00f1adir un poco de dinamismo y estilo lujoso a tus zapatillas favoritas?<br \/>\nNuestros Cordones de Cemento Blanco con Puntas de Pl\u00e1stico Rojas lo conseguir\u00e1n.<br \/>\nEn tonos como el gris marengo, el azul marino y el blanco puro, puedes elegir entre varios colores con puntas en relieve esparcidas por todas partes, lo que les confiere un atractivo llamativo.<br \/>\nNo s\u00f3lo est\u00e1n fabricados con materiales de primera calidad que no se rompen ni deshilachan f\u00e1cilmente, sino que sus puntas reforzadas prometen una durabilidad duradera en cualquier situaci\u00f3n, ya sea para quedar con los amigos o para causar impresi\u00f3n en las citas.<br \/>\nHaz que tus zapatos brillen con nuestros dise\u00f1os \u00fanicos de cordones hoy mismo.     Las caracter\u00edsticas principales son:  <\/p>\n<ul>\n<li><span style=\"font-weight: 400;\">Materiales de primera calidad<\/span><\/li>\n<li><span style=\"font-weight: 400;\">Puntas en relieve<\/span><\/li>\n<li><span style=\"font-weight: 400;\">Embalaje sellado e impactante  <\/span><\/li>\n<li><span style=\"font-weight: 400;\">Precioso estampado de cemento en cordones planos  <\/span><\/li>\n<li><span style=\"font-weight: 400;\">Durar\u00e1 m\u00e1s que otras marcas<\/span><\/li>\n<li><span style=\"font-weight: 400;\">Disponibles en varias longitudes  <\/span><\/li>\n<\/ul>\n","protected":false},"featured_media":71524,"comment_status":"open","ping_status":"closed","template":"","meta":{"_acf_changed":false},"product_brand":[],"product_cat":[1686,1391,1463,1188,1174,1003,877],"product_tag":[894,899,1009,896,1008,1006,895,893],"woo-feed-brand":[],"class_list":{"0":"post-71511","1":"product","2":"type-product","3":"status-publish","4":"has-post-thumbnail","6":"product_cat-cordones-columbia-uniendo-estilo-y-funcionalidad","7":"product_cat-cordones-de-futbol-que-son-algo-mas-que-un-simple-cierre","8":"product_cat-cordones-de-patines-el-heroe-anonimo-de-la-pista","9":"product_cat-cordones-keen-dominar-el-arte-del-negro-y-el-gris","10":"product_cat-cordones-premium-yeezy-380-para-anadir-estilo-comodidad-y-durabilidad","11":"product_cat-mejora-el-estilo-de-tus-zapatos-con-cordones-de-cemento","12":"product_cat-todos-los-cordones","13":"product_tag-cordones","14":"product_tag-cordones-punta-de-oro","15":"product_tag-encerado","16":"product_tag-negro","17":"product_tag-plano","18":"product_tag-plano-encerado","19":"product_tag-punta-metalica","20":"product_tag-rey-del-bucle","22":"first","23":"instock","24":"taxable","25":"shipping-taxable","26":"purchasable","27":"product-type-variable"},"acf":[],"yoast_head":"<!-- This site is optimized with the Yoast SEO plugin v27.4 - https:\/\/yoast.com\/product\/yoast-seo-wordpress\/ -->\n<title>Cordones de cemento gris con puntas de pl\u00e1stico negras<\/title>\n<meta name=\"description\" content=\"\u00a1Transforma tus zapatillas de ordinarias a extraordinarias con nuestros cordones de cemento de primera! Da un paso adelante para conseguir un look llamativo y marcar la diferencia.\" \/>\n<meta name=\"robots\" content=\"index, follow, max-snippet:-1, max-image-preview:large, max-video-preview:-1\" \/>\n<link rel=\"canonical\" href=\"https:\/\/www.loopkinglaces.com\/es\/products\/cordones-de-cemento-gris-con-puntas-de-plastico-negras\/\" \/>\n<meta property=\"og:locale\" content=\"es_ES\" \/>\n<meta property=\"og:type\" content=\"article\" \/>\n<meta property=\"og:title\" content=\"Cordones de cemento gris con puntas de pl\u00e1stico negras\" \/>\n<meta property=\"og:description\" content=\"\u00a1Transforma tus zapatillas de ordinarias a extraordinarias con nuestros cordones de cemento de primera! Da un paso adelante para conseguir un look llamativo y marcar la diferencia.\" \/>\n<meta property=\"og:url\" content=\"https:\/\/www.loopkinglaces.com\/es\/products\/cordones-de-cemento-gris-con-puntas-de-plastico-negras\/\" \/>\n<meta property=\"og:site_name\" content=\"Luxury Gold Tip Shoelaces by Loop King Laces\" \/>\n<meta property=\"article:publisher\" content=\"https:\/\/www.facebook.com\/LoopKingLaces\/\" \/>\n<meta property=\"og:image\" content=\"https:\/\/www.loopkinglaces.com\/wp-content\/uploads\/MG_1523.jpg\" \/>\n\t<meta property=\"og:image:width\" content=\"1203\" \/>\n\t<meta property=\"og:image:height\" content=\"1198\" \/>\n\t<meta property=\"og:image:type\" content=\"image\/jpeg\" \/>\n<meta name=\"twitter:card\" content=\"summary_large_image\" \/>\n<meta name=\"twitter:site\" content=\"@loopkinglaces\" \/>\n<script type=\"application\/ld+json\" class=\"yoast-schema-graph\">{\"@context\":\"https:\\\/\\\/schema.org\",\"@graph\":[{\"@type\":[\"WebPage\",\"ItemPage\"],\"@id\":\"https:\\\/\\\/www.loopkinglaces.com\\\/es\\\/products\\\/cordones-de-cemento-gris-con-puntas-de-plastico-negras\\\/\",\"url\":\"https:\\\/\\\/www.loopkinglaces.com\\\/es\\\/products\\\/cordones-de-cemento-gris-con-puntas-de-plastico-negras\\\/\",\"name\":\"Cordones de cemento gris con puntas de pl\u00e1stico negras\",\"isPartOf\":{\"@id\":\"https:\\\/\\\/www.loopkinglaces.com\\\/es\\\/#website\"},\"primaryImageOfPage\":{\"@id\":\"https:\\\/\\\/www.loopkinglaces.com\\\/es\\\/products\\\/cordones-de-cemento-gris-con-puntas-de-plastico-negras\\\/#primaryimage\"},\"image\":{\"@id\":\"https:\\\/\\\/www.loopkinglaces.com\\\/es\\\/products\\\/cordones-de-cemento-gris-con-puntas-de-plastico-negras\\\/#primaryimage\"},\"thumbnailUrl\":\"https:\\\/\\\/www.loopkinglaces.com\\\/wp-content\\\/uploads\\\/MG_1523.jpg\",\"datePublished\":\"2023-04-30T16:34:44+00:00\",\"description\":\"\u00a1Transforma tus zapatillas de ordinarias a extraordinarias con nuestros cordones de cemento de primera! Da un paso adelante para conseguir un look llamativo y marcar la diferencia.\",\"breadcrumb\":{\"@id\":\"https:\\\/\\\/www.loopkinglaces.com\\\/es\\\/products\\\/cordones-de-cemento-gris-con-puntas-de-plastico-negras\\\/#breadcrumb\"},\"inLanguage\":\"es\",\"potentialAction\":[{\"@type\":\"ReadAction\",\"target\":[\"https:\\\/\\\/www.loopkinglaces.com\\\/es\\\/products\\\/cordones-de-cemento-gris-con-puntas-de-plastico-negras\\\/\"]}]},{\"@type\":\"ImageObject\",\"inLanguage\":\"es\",\"@id\":\"https:\\\/\\\/www.loopkinglaces.com\\\/es\\\/products\\\/cordones-de-cemento-gris-con-puntas-de-plastico-negras\\\/#primaryimage\",\"url\":\"https:\\\/\\\/www.loopkinglaces.com\\\/wp-content\\\/uploads\\\/MG_1523.jpg\",\"contentUrl\":\"https:\\\/\\\/www.loopkinglaces.com\\\/wp-content\\\/uploads\\\/MG_1523.jpg\",\"width\":1203,\"height\":1198},{\"@type\":\"BreadcrumbList\",\"@id\":\"https:\\\/\\\/www.loopkinglaces.com\\\/es\\\/products\\\/cordones-de-cemento-gris-con-puntas-de-plastico-negras\\\/#breadcrumb\",\"itemListElement\":[{\"@type\":\"ListItem\",\"position\":1,\"name\":\"Home\",\"item\":\"https:\\\/\\\/www.loopkinglaces.com\\\/es\\\/\"},{\"@type\":\"ListItem\",\"position\":2,\"name\":\"COMPRAR LACAS\",\"item\":\"https:\\\/\\\/www.loopkinglaces.com\\\/es\\\/comprar-lacas\\\/\"},{\"@type\":\"ListItem\",\"position\":3,\"name\":\"Cordones de cemento gris con puntas de pl\u00e1stico negras\"}]},{\"@type\":\"WebSite\",\"@id\":\"https:\\\/\\\/www.loopkinglaces.com\\\/es\\\/#website\",\"url\":\"https:\\\/\\\/www.loopkinglaces.com\\\/es\\\/\",\"name\":\"Luxury Gold Tip Shoelaces by Loop King Laces\",\"description\":\"Rope Laces, Flat Waxed Laces and Leather Laces. All With Gold Tips.\",\"publisher\":{\"@id\":\"https:\\\/\\\/www.loopkinglaces.com\\\/es\\\/#organization\"},\"potentialAction\":[{\"@type\":\"SearchAction\",\"target\":{\"@type\":\"EntryPoint\",\"urlTemplate\":\"https:\\\/\\\/www.loopkinglaces.com\\\/es\\\/?s={search_term_string}\"},\"query-input\":{\"@type\":\"PropertyValueSpecification\",\"valueRequired\":true,\"valueName\":\"search_term_string\"}}],\"inLanguage\":\"es\"},{\"@type\":\"Organization\",\"@id\":\"https:\\\/\\\/www.loopkinglaces.com\\\/es\\\/#organization\",\"name\":\"Loop King Laces\",\"url\":\"https:\\\/\\\/www.loopkinglaces.com\\\/es\\\/\",\"logo\":{\"@type\":\"ImageObject\",\"inLanguage\":\"es\",\"@id\":\"https:\\\/\\\/www.loopkinglaces.com\\\/es\\\/#\\\/schema\\\/logo\\\/image\\\/\",\"url\":\"https:\\\/\\\/www.loopkinglaces.com\\\/wp-content\\\/uploads\\\/LOOP-KING-LACES.1.1-01-LOGO-HI-RES-OFFICIAL-1.png\",\"contentUrl\":\"https:\\\/\\\/www.loopkinglaces.com\\\/wp-content\\\/uploads\\\/LOOP-KING-LACES.1.1-01-LOGO-HI-RES-OFFICIAL-1.png\",\"width\":128,\"height\":91,\"caption\":\"Loop King Laces\"},\"image\":{\"@id\":\"https:\\\/\\\/www.loopkinglaces.com\\\/es\\\/#\\\/schema\\\/logo\\\/image\\\/\"},\"sameAs\":[\"https:\\\/\\\/www.facebook.com\\\/LoopKingLaces\\\/\",\"https:\\\/\\\/x.com\\\/loopkinglaces\",\"https:\\\/\\\/www.instagram.com\\\/loopkinglaces\\\/\"]}]}<\/script>\n<!-- \/ Yoast SEO plugin. -->","yoast_head_json":{"title":"Cordones de cemento gris con puntas de pl\u00e1stico negras","description":"\u00a1Transforma tus zapatillas de ordinarias a extraordinarias con nuestros cordones de cemento de primera! Da un paso adelante para conseguir un look llamativo y marcar la diferencia.","robots":{"index":"index","follow":"follow","max-snippet":"max-snippet:-1","max-image-preview":"max-image-preview:large","max-video-preview":"max-video-preview:-1"},"canonical":"https:\/\/www.loopkinglaces.com\/es\/products\/cordones-de-cemento-gris-con-puntas-de-plastico-negras\/","og_locale":"es_ES","og_type":"article","og_title":"Cordones de cemento gris con puntas de pl\u00e1stico negras","og_description":"\u00a1Transforma tus zapatillas de ordinarias a extraordinarias con nuestros cordones de cemento de primera! Da un paso adelante para conseguir un look llamativo y marcar la diferencia.","og_url":"https:\/\/www.loopkinglaces.com\/es\/products\/cordones-de-cemento-gris-con-puntas-de-plastico-negras\/","og_site_name":"Luxury Gold Tip Shoelaces by Loop King Laces","article_publisher":"https:\/\/www.facebook.com\/LoopKingLaces\/","og_image":[{"width":1203,"height":1198,"url":"https:\/\/www.loopkinglaces.com\/wp-content\/uploads\/MG_1523.jpg","type":"image\/jpeg"}],"twitter_card":"summary_large_image","twitter_site":"@loopkinglaces","schema":{"@context":"https:\/\/schema.org","@graph":[{"@type":["WebPage","ItemPage"],"@id":"https:\/\/www.loopkinglaces.com\/es\/products\/cordones-de-cemento-gris-con-puntas-de-plastico-negras\/","url":"https:\/\/www.loopkinglaces.com\/es\/products\/cordones-de-cemento-gris-con-puntas-de-plastico-negras\/","name":"Cordones de cemento gris con puntas de pl\u00e1stico negras","isPartOf":{"@id":"https:\/\/www.loopkinglaces.com\/es\/#website"},"primaryImageOfPage":{"@id":"https:\/\/www.loopkinglaces.com\/es\/products\/cordones-de-cemento-gris-con-puntas-de-plastico-negras\/#primaryimage"},"image":{"@id":"https:\/\/www.loopkinglaces.com\/es\/products\/cordones-de-cemento-gris-con-puntas-de-plastico-negras\/#primaryimage"},"thumbnailUrl":"https:\/\/www.loopkinglaces.com\/wp-content\/uploads\/MG_1523.jpg","datePublished":"2023-04-30T16:34:44+00:00","description":"\u00a1Transforma tus zapatillas de ordinarias a extraordinarias con nuestros cordones de cemento de primera! Da un paso adelante para conseguir un look llamativo y marcar la diferencia.","breadcrumb":{"@id":"https:\/\/www.loopkinglaces.com\/es\/products\/cordones-de-cemento-gris-con-puntas-de-plastico-negras\/#breadcrumb"},"inLanguage":"es","potentialAction":[{"@type":"ReadAction","target":["https:\/\/www.loopkinglaces.com\/es\/products\/cordones-de-cemento-gris-con-puntas-de-plastico-negras\/"]}]},{"@type":"ImageObject","inLanguage":"es","@id":"https:\/\/www.loopkinglaces.com\/es\/products\/cordones-de-cemento-gris-con-puntas-de-plastico-negras\/#primaryimage","url":"https:\/\/www.loopkinglaces.com\/wp-content\/uploads\/MG_1523.jpg","contentUrl":"https:\/\/www.loopkinglaces.com\/wp-content\/uploads\/MG_1523.jpg","width":1203,"height":1198},{"@type":"BreadcrumbList","@id":"https:\/\/www.loopkinglaces.com\/es\/products\/cordones-de-cemento-gris-con-puntas-de-plastico-negras\/#breadcrumb","itemListElement":[{"@type":"ListItem","position":1,"name":"Home","item":"https:\/\/www.loopkinglaces.com\/es\/"},{"@type":"ListItem","position":2,"name":"COMPRAR LACAS","item":"https:\/\/www.loopkinglaces.com\/es\/comprar-lacas\/"},{"@type":"ListItem","position":3,"name":"Cordones de cemento gris con puntas de pl\u00e1stico negras"}]},{"@type":"WebSite","@id":"https:\/\/www.loopkinglaces.com\/es\/#website","url":"https:\/\/www.loopkinglaces.com\/es\/","name":"Luxury Gold Tip Shoelaces by Loop King Laces","description":"Rope Laces, Flat Waxed Laces and Leather Laces. All With Gold Tips.","publisher":{"@id":"https:\/\/www.loopkinglaces.com\/es\/#organization"},"potentialAction":[{"@type":"SearchAction","target":{"@type":"EntryPoint","urlTemplate":"https:\/\/www.loopkinglaces.com\/es\/?s={search_term_string}"},"query-input":{"@type":"PropertyValueSpecification","valueRequired":true,"valueName":"search_term_string"}}],"inLanguage":"es"},{"@type":"Organization","@id":"https:\/\/www.loopkinglaces.com\/es\/#organization","name":"Loop King Laces","url":"https:\/\/www.loopkinglaces.com\/es\/","logo":{"@type":"ImageObject","inLanguage":"es","@id":"https:\/\/www.loopkinglaces.com\/es\/#\/schema\/logo\/image\/","url":"https:\/\/www.loopkinglaces.com\/wp-content\/uploads\/LOOP-KING-LACES.1.1-01-LOGO-HI-RES-OFFICIAL-1.png","contentUrl":"https:\/\/www.loopkinglaces.com\/wp-content\/uploads\/LOOP-KING-LACES.1.1-01-LOGO-HI-RES-OFFICIAL-1.png","width":128,"height":91,"caption":"Loop King Laces"},"image":{"@id":"https:\/\/www.loopkinglaces.com\/es\/#\/schema\/logo\/image\/"},"sameAs":["https:\/\/www.facebook.com\/LoopKingLaces\/","https:\/\/x.com\/loopkinglaces","https:\/\/www.instagram.com\/loopkinglaces\/"]}]}},"_links":{"self":[{"href":"https:\/\/www.loopkinglaces.com\/es\/wp-json\/wp\/v2\/product\/71511","targetHints":{"allow":["GET"]}}],"collection":[{"href":"https:\/\/www.loopkinglaces.com\/es\/wp-json\/wp\/v2\/product"}],"about":[{"href":"https:\/\/www.loopkinglaces.com\/es\/wp-json\/wp\/v2\/types\/product"}],"replies":[{"embeddable":true,"href":"https:\/\/www.loopkinglaces.com\/es\/wp-json\/wp\/v2\/comments?post=71511"}],"wp:featuredmedia":[{"embeddable":true,"href":"https:\/\/www.loopkinglaces.com\/es\/wp-json\/wp\/v2\/media\/71524"}],"wp:attachment":[{"href":"https:\/\/www.loopkinglaces.com\/es\/wp-json\/wp\/v2\/media?parent=71511"}],"wp:term":[{"taxonomy":"product_brand","embeddable":true,"href":"https:\/\/www.loopkinglaces.com\/es\/wp-json\/wp\/v2\/product_brand?post=71511"},{"taxonomy":"product_cat","embeddable":true,"href":"https:\/\/www.loopkinglaces.com\/es\/wp-json\/wp\/v2\/product_cat?post=71511"},{"taxonomy":"product_tag","embeddable":true,"href":"https:\/\/www.loopkinglaces.com\/es\/wp-json\/wp\/v2\/product_tag?post=71511"},{"taxonomy":"woo-feed-brand","embeddable":true,"href":"https:\/\/www.loopkinglaces.com\/es\/wp-json\/wp\/v2\/woo-feed-brand?post=71511"}],"curies":[{"name":"wp","href":"https:\/\/api.w.org\/{rel}","templated":true}]}}