{"id":71322,"date":"2023-03-22T17:50:21","date_gmt":"2023-03-22T17:50:21","guid":{"rendered":"https:\/\/www.loopkinglaces.com\/products\/cordones-ovalados-rojos-premium-con-puntas-doradas\/"},"modified":"2026-02-10T15:11:36","modified_gmt":"2026-02-10T15:11:36","slug":"cordones-ovalados-rojos-premium-con-puntas-doradas","status":"publish","type":"product","link":"https:\/\/www.loopkinglaces.com\/es\/products\/cordones-ovalados-rojos-premium-con-puntas-doradas\/","title":{"rendered":"Cordones Ovalados Rojos Premium con Puntas Doradas"},"content":{"rendered":"<p>Experimenta un viaje cautivador por el mundo de las opciones circulares, elegantes y lujosamente curvadas.<br \/>\nD\u00e9jate hipnotizar por la m\u00e1gica uni\u00f3n de comodidad y resistencia, magistralmente entrelazadas en cada impresionante hebra de nuestros Cordones Ovalados Premium Rojos.<br \/>\nAlcanza nuevas cimas por descubrir en tus actividades deportivas con esta revoluci\u00f3n insuperable de cordones, que irradian un estilo y una seguridad en ti mismo sin parang\u00f3n.  <\/p>\n","protected":false},"excerpt":{"rendered":"<p><strong>Cordones O<\/strong> valados <strong>Rojos Premium con Puntas Doradas<\/strong> D\u00e9jate sorprender por la m\u00e1gica mezcla de comodidad y resistencia, magistralmente entrelazada en cada espl\u00e9ndida hebra de nuestros Cordones Ovalados Rojos Exquisitos.<br \/>\nPrep\u00e1rate para triunfar en tus actividades atl\u00e9ticas, armado con esta revolucionaria creaci\u00f3n de cordones que irradia un estilo y una seguridad en ti mismo sin igual.  Las caracter\u00edsticas principales son:  <\/p>\n<ul>\n<li style=\"font-weight: 400;\" aria-level=\"1\">Materiales de primera calidad<\/li>\n<li style=\"font-weight: 400;\" aria-level=\"1\">Puntas de agleta doradas en relieve<\/li>\n<li style=\"font-weight: 400;\" aria-level=\"1\">Fabricados para durar 3 veces m\u00e1s que los cordones tradicionales<\/li>\n<li style=\"font-weight: 400;\" aria-level=\"1\">Embalaje sellado e impactante<\/li>\n<li style=\"font-weight: 400;\" aria-level=\"1\">Disponibles en varias longitudes<\/li>\n<\/ul>\n","protected":false},"featured_media":71329,"comment_status":"open","ping_status":"closed","template":"","meta":{"_acf_changed":false},"product_brand":[],"product_cat":[1001,992,1329,1720,1160,1086,1153,988,1468,1688,1739,1740,1168,1182,877,1154],"product_tag":[894,899,1009,896,1008,1006,895,893],"woo-feed-brand":[],"class_list":{"0":"post-71322","1":"product","2":"type-product","3":"status-publish","4":"has-post-thumbnail","6":"product_cat-bonitos-cordones-air-max-270-que-se-ajustan-bien-y-duran","7":"product_cat-cordones-air-max","8":"product_cat-cordones-de-colores-de-moda-para-zapatillas-deportivas","9":"product_cat-cordones-de-punto-nike-fly","10":"product_cat-cordones-nike-sb-modernos-y-de-alta-gama","11":"product_cat-cordones-ovalados-que-logran-el-equilibrio-perfecto-entre-planos-y-redondos","12":"product_cat-cordones-punta-de-oro","13":"product_cat-cordones-rojos","14":"product_cat-cordones-union-vamp-up-tu-union-jordan-1","15":"product_cat-exuberantes-cordones-rojos-para-botas-de-montana-que-resisten-las-inclemencias-del-tiempo","16":"product_cat-impresionantes-cordones-rojos-de-pimienta-yeezy-380-que-parecen-sobresalientes","17":"product_cat-la-jordan-1-verde-pino-con-cordones-rojos-para-destacar-entre-la-multitud","18":"product_cat-opciones-de-sustitucion-de-encaje-de-primera-calidad-que-tienen-un-aspecto-estupendo-y-duradero","19":"product_cat-recambio-de-cordones-golden-goose-para-tu-querido-calzado","20":"product_cat-todos-los-cordones","21":"product_cat-tus-nuevos-cordones-jordan-1-materiales-de-primera-calidad-y-lujo","22":"product_tag-cordones","23":"product_tag-cordones-punta-de-oro","24":"product_tag-encerado","25":"product_tag-negro","26":"product_tag-plano","27":"product_tag-plano-encerado","28":"product_tag-punta-metalica","29":"product_tag-rey-del-bucle","31":"first","32":"instock","33":"taxable","34":"shipping-taxable","35":"purchasable","36":"product-type-variable"},"acf":[],"yoast_head":"<!-- This site is optimized with the Yoast SEO plugin v27.4 - https:\/\/yoast.com\/product\/yoast-seo-wordpress\/ -->\n<title>Cordones Ovalados Rojos Premium con Puntas Doradas<\/title>\n<meta name=\"description\" content=\"Cuando los cordones redondos o planos ordinarios no son suficientes, nuestros excepcionales cordones ovalados est\u00e1n aqu\u00ed para salvar el d\u00eda. \u00a1Experimenta la fusi\u00f3n perfecta de ambos mundos!\" \/>\n<meta name=\"robots\" content=\"index, follow, max-snippet:-1, max-image-preview:large, max-video-preview:-1\" \/>\n<link rel=\"canonical\" href=\"https:\/\/www.loopkinglaces.com\/es\/products\/cordones-ovalados-rojos-premium-con-puntas-doradas\/\" \/>\n<meta property=\"og:locale\" content=\"es_ES\" \/>\n<meta property=\"og:type\" content=\"article\" \/>\n<meta property=\"og:title\" content=\"Cordones Ovalados Rojos Premium con Puntas Doradas\" \/>\n<meta property=\"og:description\" content=\"Cuando los cordones redondos o planos ordinarios no son suficientes, nuestros excepcionales cordones ovalados est\u00e1n aqu\u00ed para salvar el d\u00eda. \u00a1Experimenta la fusi\u00f3n perfecta de ambos mundos!\" \/>\n<meta property=\"og:url\" content=\"https:\/\/www.loopkinglaces.com\/es\/products\/cordones-ovalados-rojos-premium-con-puntas-doradas\/\" \/>\n<meta property=\"og:site_name\" content=\"Luxury Gold Tip Shoelaces by Loop King Laces\" \/>\n<meta property=\"article:publisher\" content=\"https:\/\/www.facebook.com\/LoopKingLaces\/\" \/>\n<meta property=\"article:modified_time\" content=\"2026-02-10T15:11:36+00:00\" \/>\n<meta property=\"og:image\" content=\"https:\/\/www.loopkinglaces.com\/wp-content\/uploads\/IMG_2266.jpg\" \/>\n\t<meta property=\"og:image:width\" content=\"961\" \/>\n\t<meta property=\"og:image:height\" content=\"913\" \/>\n\t<meta property=\"og:image:type\" content=\"image\/jpeg\" \/>\n<meta name=\"twitter:card\" content=\"summary_large_image\" \/>\n<meta name=\"twitter:site\" content=\"@loopkinglaces\" \/>\n<script type=\"application\/ld+json\" class=\"yoast-schema-graph\">{\"@context\":\"https:\\\/\\\/schema.org\",\"@graph\":[{\"@type\":[\"WebPage\",\"ItemPage\"],\"@id\":\"https:\\\/\\\/www.loopkinglaces.com\\\/es\\\/products\\\/cordones-ovalados-rojos-premium-con-puntas-doradas\\\/\",\"url\":\"https:\\\/\\\/www.loopkinglaces.com\\\/es\\\/products\\\/cordones-ovalados-rojos-premium-con-puntas-doradas\\\/\",\"name\":\"Cordones Ovalados Rojos Premium con Puntas Doradas\",\"isPartOf\":{\"@id\":\"https:\\\/\\\/www.loopkinglaces.com\\\/es\\\/#website\"},\"primaryImageOfPage\":{\"@id\":\"https:\\\/\\\/www.loopkinglaces.com\\\/es\\\/products\\\/cordones-ovalados-rojos-premium-con-puntas-doradas\\\/#primaryimage\"},\"image\":{\"@id\":\"https:\\\/\\\/www.loopkinglaces.com\\\/es\\\/products\\\/cordones-ovalados-rojos-premium-con-puntas-doradas\\\/#primaryimage\"},\"thumbnailUrl\":\"https:\\\/\\\/www.loopkinglaces.com\\\/wp-content\\\/uploads\\\/IMG_2266.jpg\",\"datePublished\":\"2023-03-22T17:50:21+00:00\",\"dateModified\":\"2026-02-10T15:11:36+00:00\",\"description\":\"Cuando los cordones redondos o planos ordinarios no son suficientes, nuestros excepcionales cordones ovalados est\u00e1n aqu\u00ed para salvar el d\u00eda. \u00a1Experimenta la fusi\u00f3n perfecta de ambos mundos!\",\"breadcrumb\":{\"@id\":\"https:\\\/\\\/www.loopkinglaces.com\\\/es\\\/products\\\/cordones-ovalados-rojos-premium-con-puntas-doradas\\\/#breadcrumb\"},\"inLanguage\":\"es\",\"potentialAction\":[{\"@type\":\"ReadAction\",\"target\":[\"https:\\\/\\\/www.loopkinglaces.com\\\/es\\\/products\\\/cordones-ovalados-rojos-premium-con-puntas-doradas\\\/\"]}]},{\"@type\":\"ImageObject\",\"inLanguage\":\"es\",\"@id\":\"https:\\\/\\\/www.loopkinglaces.com\\\/es\\\/products\\\/cordones-ovalados-rojos-premium-con-puntas-doradas\\\/#primaryimage\",\"url\":\"https:\\\/\\\/www.loopkinglaces.com\\\/wp-content\\\/uploads\\\/IMG_2266.jpg\",\"contentUrl\":\"https:\\\/\\\/www.loopkinglaces.com\\\/wp-content\\\/uploads\\\/IMG_2266.jpg\",\"width\":961,\"height\":913},{\"@type\":\"BreadcrumbList\",\"@id\":\"https:\\\/\\\/www.loopkinglaces.com\\\/es\\\/products\\\/cordones-ovalados-rojos-premium-con-puntas-doradas\\\/#breadcrumb\",\"itemListElement\":[{\"@type\":\"ListItem\",\"position\":1,\"name\":\"Home\",\"item\":\"https:\\\/\\\/www.loopkinglaces.com\\\/es\\\/\"},{\"@type\":\"ListItem\",\"position\":2,\"name\":\"COMPRAR LACAS\",\"item\":\"https:\\\/\\\/www.loopkinglaces.com\\\/es\\\/comprar-lacas\\\/\"},{\"@type\":\"ListItem\",\"position\":3,\"name\":\"Cordones Ovalados Rojos Premium con Puntas Doradas\"}]},{\"@type\":\"WebSite\",\"@id\":\"https:\\\/\\\/www.loopkinglaces.com\\\/es\\\/#website\",\"url\":\"https:\\\/\\\/www.loopkinglaces.com\\\/es\\\/\",\"name\":\"Luxury Gold Tip Shoelaces by Loop King Laces\",\"description\":\"Rope Laces, Flat Waxed Laces and Leather Laces. All With Gold Tips.\",\"publisher\":{\"@id\":\"https:\\\/\\\/www.loopkinglaces.com\\\/es\\\/#organization\"},\"potentialAction\":[{\"@type\":\"SearchAction\",\"target\":{\"@type\":\"EntryPoint\",\"urlTemplate\":\"https:\\\/\\\/www.loopkinglaces.com\\\/es\\\/?s={search_term_string}\"},\"query-input\":{\"@type\":\"PropertyValueSpecification\",\"valueRequired\":true,\"valueName\":\"search_term_string\"}}],\"inLanguage\":\"es\"},{\"@type\":\"Organization\",\"@id\":\"https:\\\/\\\/www.loopkinglaces.com\\\/es\\\/#organization\",\"name\":\"Loop King Laces\",\"url\":\"https:\\\/\\\/www.loopkinglaces.com\\\/es\\\/\",\"logo\":{\"@type\":\"ImageObject\",\"inLanguage\":\"es\",\"@id\":\"https:\\\/\\\/www.loopkinglaces.com\\\/es\\\/#\\\/schema\\\/logo\\\/image\\\/\",\"url\":\"https:\\\/\\\/www.loopkinglaces.com\\\/wp-content\\\/uploads\\\/LOOP-KING-LACES.1.1-01-LOGO-HI-RES-OFFICIAL-1.png\",\"contentUrl\":\"https:\\\/\\\/www.loopkinglaces.com\\\/wp-content\\\/uploads\\\/LOOP-KING-LACES.1.1-01-LOGO-HI-RES-OFFICIAL-1.png\",\"width\":128,\"height\":91,\"caption\":\"Loop King Laces\"},\"image\":{\"@id\":\"https:\\\/\\\/www.loopkinglaces.com\\\/es\\\/#\\\/schema\\\/logo\\\/image\\\/\"},\"sameAs\":[\"https:\\\/\\\/www.facebook.com\\\/LoopKingLaces\\\/\",\"https:\\\/\\\/x.com\\\/loopkinglaces\",\"https:\\\/\\\/www.instagram.com\\\/loopkinglaces\\\/\"]}]}<\/script>\n<!-- \/ Yoast SEO plugin. -->","yoast_head_json":{"title":"Cordones Ovalados Rojos Premium con Puntas Doradas","description":"Cuando los cordones redondos o planos ordinarios no son suficientes, nuestros excepcionales cordones ovalados est\u00e1n aqu\u00ed para salvar el d\u00eda. \u00a1Experimenta la fusi\u00f3n perfecta de ambos mundos!","robots":{"index":"index","follow":"follow","max-snippet":"max-snippet:-1","max-image-preview":"max-image-preview:large","max-video-preview":"max-video-preview:-1"},"canonical":"https:\/\/www.loopkinglaces.com\/es\/products\/cordones-ovalados-rojos-premium-con-puntas-doradas\/","og_locale":"es_ES","og_type":"article","og_title":"Cordones Ovalados Rojos Premium con Puntas Doradas","og_description":"Cuando los cordones redondos o planos ordinarios no son suficientes, nuestros excepcionales cordones ovalados est\u00e1n aqu\u00ed para salvar el d\u00eda. \u00a1Experimenta la fusi\u00f3n perfecta de ambos mundos!","og_url":"https:\/\/www.loopkinglaces.com\/es\/products\/cordones-ovalados-rojos-premium-con-puntas-doradas\/","og_site_name":"Luxury Gold Tip Shoelaces by Loop King Laces","article_publisher":"https:\/\/www.facebook.com\/LoopKingLaces\/","article_modified_time":"2026-02-10T15:11:36+00:00","og_image":[{"width":961,"height":913,"url":"https:\/\/www.loopkinglaces.com\/wp-content\/uploads\/IMG_2266.jpg","type":"image\/jpeg"}],"twitter_card":"summary_large_image","twitter_site":"@loopkinglaces","schema":{"@context":"https:\/\/schema.org","@graph":[{"@type":["WebPage","ItemPage"],"@id":"https:\/\/www.loopkinglaces.com\/es\/products\/cordones-ovalados-rojos-premium-con-puntas-doradas\/","url":"https:\/\/www.loopkinglaces.com\/es\/products\/cordones-ovalados-rojos-premium-con-puntas-doradas\/","name":"Cordones Ovalados Rojos Premium con Puntas Doradas","isPartOf":{"@id":"https:\/\/www.loopkinglaces.com\/es\/#website"},"primaryImageOfPage":{"@id":"https:\/\/www.loopkinglaces.com\/es\/products\/cordones-ovalados-rojos-premium-con-puntas-doradas\/#primaryimage"},"image":{"@id":"https:\/\/www.loopkinglaces.com\/es\/products\/cordones-ovalados-rojos-premium-con-puntas-doradas\/#primaryimage"},"thumbnailUrl":"https:\/\/www.loopkinglaces.com\/wp-content\/uploads\/IMG_2266.jpg","datePublished":"2023-03-22T17:50:21+00:00","dateModified":"2026-02-10T15:11:36+00:00","description":"Cuando los cordones redondos o planos ordinarios no son suficientes, nuestros excepcionales cordones ovalados est\u00e1n aqu\u00ed para salvar el d\u00eda. \u00a1Experimenta la fusi\u00f3n perfecta de ambos mundos!","breadcrumb":{"@id":"https:\/\/www.loopkinglaces.com\/es\/products\/cordones-ovalados-rojos-premium-con-puntas-doradas\/#breadcrumb"},"inLanguage":"es","potentialAction":[{"@type":"ReadAction","target":["https:\/\/www.loopkinglaces.com\/es\/products\/cordones-ovalados-rojos-premium-con-puntas-doradas\/"]}]},{"@type":"ImageObject","inLanguage":"es","@id":"https:\/\/www.loopkinglaces.com\/es\/products\/cordones-ovalados-rojos-premium-con-puntas-doradas\/#primaryimage","url":"https:\/\/www.loopkinglaces.com\/wp-content\/uploads\/IMG_2266.jpg","contentUrl":"https:\/\/www.loopkinglaces.com\/wp-content\/uploads\/IMG_2266.jpg","width":961,"height":913},{"@type":"BreadcrumbList","@id":"https:\/\/www.loopkinglaces.com\/es\/products\/cordones-ovalados-rojos-premium-con-puntas-doradas\/#breadcrumb","itemListElement":[{"@type":"ListItem","position":1,"name":"Home","item":"https:\/\/www.loopkinglaces.com\/es\/"},{"@type":"ListItem","position":2,"name":"COMPRAR LACAS","item":"https:\/\/www.loopkinglaces.com\/es\/comprar-lacas\/"},{"@type":"ListItem","position":3,"name":"Cordones Ovalados Rojos Premium con Puntas Doradas"}]},{"@type":"WebSite","@id":"https:\/\/www.loopkinglaces.com\/es\/#website","url":"https:\/\/www.loopkinglaces.com\/es\/","name":"Luxury Gold Tip Shoelaces by Loop King Laces","description":"Rope Laces, Flat Waxed Laces and Leather Laces. All With Gold Tips.","publisher":{"@id":"https:\/\/www.loopkinglaces.com\/es\/#organization"},"potentialAction":[{"@type":"SearchAction","target":{"@type":"EntryPoint","urlTemplate":"https:\/\/www.loopkinglaces.com\/es\/?s={search_term_string}"},"query-input":{"@type":"PropertyValueSpecification","valueRequired":true,"valueName":"search_term_string"}}],"inLanguage":"es"},{"@type":"Organization","@id":"https:\/\/www.loopkinglaces.com\/es\/#organization","name":"Loop King Laces","url":"https:\/\/www.loopkinglaces.com\/es\/","logo":{"@type":"ImageObject","inLanguage":"es","@id":"https:\/\/www.loopkinglaces.com\/es\/#\/schema\/logo\/image\/","url":"https:\/\/www.loopkinglaces.com\/wp-content\/uploads\/LOOP-KING-LACES.1.1-01-LOGO-HI-RES-OFFICIAL-1.png","contentUrl":"https:\/\/www.loopkinglaces.com\/wp-content\/uploads\/LOOP-KING-LACES.1.1-01-LOGO-HI-RES-OFFICIAL-1.png","width":128,"height":91,"caption":"Loop King Laces"},"image":{"@id":"https:\/\/www.loopkinglaces.com\/es\/#\/schema\/logo\/image\/"},"sameAs":["https:\/\/www.facebook.com\/LoopKingLaces\/","https:\/\/x.com\/loopkinglaces","https:\/\/www.instagram.com\/loopkinglaces\/"]}]}},"_links":{"self":[{"href":"https:\/\/www.loopkinglaces.com\/es\/wp-json\/wp\/v2\/product\/71322","targetHints":{"allow":["GET"]}}],"collection":[{"href":"https:\/\/www.loopkinglaces.com\/es\/wp-json\/wp\/v2\/product"}],"about":[{"href":"https:\/\/www.loopkinglaces.com\/es\/wp-json\/wp\/v2\/types\/product"}],"replies":[{"embeddable":true,"href":"https:\/\/www.loopkinglaces.com\/es\/wp-json\/wp\/v2\/comments?post=71322"}],"wp:featuredmedia":[{"embeddable":true,"href":"https:\/\/www.loopkinglaces.com\/es\/wp-json\/wp\/v2\/media\/71329"}],"wp:attachment":[{"href":"https:\/\/www.loopkinglaces.com\/es\/wp-json\/wp\/v2\/media?parent=71322"}],"wp:term":[{"taxonomy":"product_brand","embeddable":true,"href":"https:\/\/www.loopkinglaces.com\/es\/wp-json\/wp\/v2\/product_brand?post=71322"},{"taxonomy":"product_cat","embeddable":true,"href":"https:\/\/www.loopkinglaces.com\/es\/wp-json\/wp\/v2\/product_cat?post=71322"},{"taxonomy":"product_tag","embeddable":true,"href":"https:\/\/www.loopkinglaces.com\/es\/wp-json\/wp\/v2\/product_tag?post=71322"},{"taxonomy":"woo-feed-brand","embeddable":true,"href":"https:\/\/www.loopkinglaces.com\/es\/wp-json\/wp\/v2\/woo-feed-brand?post=71322"}],"curies":[{"name":"wp","href":"https:\/\/api.w.org\/{rel}","templated":true}]}}