{"id":71238,"date":"2023-03-22T16:04:40","date_gmt":"2023-03-22T16:04:40","guid":{"rendered":"https:\/\/www.loopkinglaces.com\/products\/cordones-planos-de-algodon-blanco-con-puntas-doradas\/"},"modified":"2024-10-03T20:47:28","modified_gmt":"2024-10-03T20:47:28","slug":"cordones-planos-de-algodon-blanco-con-puntas-doradas","status":"publish","type":"product","link":"https:\/\/www.loopkinglaces.com\/es\/products\/cordones-planos-de-algodon-blanco-con-puntas-doradas\/","title":{"rendered":"Cordones Planos de Algod\u00f3n Blanco con Puntas Doradas"},"content":{"rendered":"<p>Da un paso hacia el estilo con nuestros elegantes Cordones Planos de Algod\u00f3n Blanco, rematados elegantemente con glamurosas Puntas Doradas: el accesorio definitivo para conquistar el mundo a velocidad r\u00e9cord.<br \/>\nDisfruta del algod\u00f3n suave y superior bajo tus pies, mientras estos vers\u00e1tiles cordones se adaptan sin esfuerzo a tu vers\u00e1til colecci\u00f3n de calzado.<br \/>\nTus nuevos cordones favoritos estar\u00e1n siempre a punto, llevando con estilo tu zancada de un par de zapatos a otro.  <\/p>\n","protected":false},"excerpt":{"rendered":"<p><strong>Cordones<\/strong> Planos de Algod\u00f3n Blanco <strong>con<\/strong> Puntas Doradas Camina con estilo con nuestros emblem\u00e1ticos Cordones Planos de Algod\u00f3n Blanco, con lujosas Puntas Doradas, creados para elevar impecablemente tu din\u00e1mica vida.<br \/>\nDisfruta de un algod\u00f3n suave y de primera calidad mientras tomas las riendas y dominas el mundo.<br \/>\nDesl\u00edzate sin problemas entre botas, zapatos de vestir, zapatillas deportivas y mucho m\u00e1s con estos cordones que combinan armoniosamente con las mejores marcas.<br \/>\nMant\u00e9n tu conjunto suave y flexible con los cordones definitivos que prometen una transici\u00f3n perfecta de un calzado a otro.    Las caracter\u00edsticas principales son:  <\/p>\n<ul>\n<li style=\"font-weight: 400;\" aria-level=\"1\">Materiales de primera calidad<\/li>\n<li style=\"font-weight: 400;\" aria-level=\"1\">Embalaje sellado e impactante<\/li>\n<li style=\"font-weight: 400;\" aria-level=\"1\">Disponibles en varias longitudes<\/li>\n<li style=\"font-weight: 400;\" aria-level=\"1\">Se adapta a las principales marcas (Nike, Adidas, Reebok, Converse, Vans)<\/li>\n<li style=\"font-weight: 400;\" aria-level=\"1\">Puntas doradas en relieve<\/li>\n<li style=\"font-weight: 400;\" aria-level=\"1\">Color blanco premium y cl\u00e1sico<\/li>\n<\/ul>\n","protected":false},"featured_media":71250,"comment_status":"open","ping_status":"closed","template":"","meta":{"_acf_changed":false},"product_brand":[],"product_cat":[1334,1079,1329,1391,1462,1190,1338,1566,1458,1390,1170,995,1153,1468,1186,996,1165,1467,1388,877],"product_tag":[894,899,1009,896,1008,1006,895,893],"woo-feed-brand":[],"class_list":{"0":"post-71238","1":"product","2":"type-product","3":"status-publish","4":"has-post-thumbnail","6":"product_cat-cordones-blancos-jordan-1-burdeos-de-nivel-elite-que-parecen-lujosos","7":"product_cat-cordones-de-algodon-de-primera-calidad-que-superan-a-otras-marcas-en-todos-los-sentidos","8":"product_cat-cordones-de-colores-de-moda-para-zapatillas-deportivas","9":"product_cat-cordones-de-futbol-que-son-algo-mas-que-un-simple-cierre","10":"product_cat-cordones-de-gavi-la-historia-de-los-cordones-desatados-de-la-estrella-de-futbol-del-fc-barcelona","11":"product_cat-cordones-de-kiwi-algo-mas-que-una-tendencia","12":"product_cat-cordones-de-lujo-para-zapatos-rockport-para-anadir-elegancia-y-comodidad","13":"product_cat-cordones-de-raza-humana","14":"product_cat-cordones-de-zapatos-on-cloud-elevando-el-calzado-cordon-a-cordon","15":"product_cat-cordones-nike-blancos-tan-brillantes-como-una-estrella","16":"product_cat-cordones-nike-blazer-para-un-estilo-superior-y-marcar-tendencia","17":"product_cat-cordones-premier-doc-marten-renueva-tus-zapatos","18":"product_cat-cordones-punta-de-oro","19":"product_cat-cordones-union-vamp-up-tu-union-jordan-1","20":"product_cat-eleva-tu-experiencia-hoka-no-solo-cordones-sino-declaraciones-en-tonos-neutros","21":"product_cat-impresionante-coleccion-de-cordones-nmd","22":"product_cat-los-cordones-nike-dunk-perfectos-de-aspecto-increible-y-duraderos","23":"product_cat-mejora-tu-calzado-con-los-cordones-para-botas-columbia","24":"product_cat-seleccion-de-cordones-blancos-clasicos-y-premium","25":"product_cat-todos-los-cordones","26":"product_tag-cordones","27":"product_tag-cordones-punta-de-oro","28":"product_tag-encerado","29":"product_tag-negro","30":"product_tag-plano","31":"product_tag-plano-encerado","32":"product_tag-punta-metalica","33":"product_tag-rey-del-bucle","35":"first","36":"instock","37":"taxable","38":"shipping-taxable","39":"purchasable","40":"product-type-variable"},"acf":[],"yoast_head":"<!-- This site is optimized with the Yoast SEO plugin v27.4 - https:\/\/yoast.com\/product\/yoast-seo-wordpress\/ -->\n<title>Cordones Planos de Algod\u00f3n Blanco con Puntas Doradas<\/title>\n<meta name=\"description\" content=\"Transforma tu calzado en un atuendo cautivador con nuestros cl\u00e1sicos Cordones Planos de Algod\u00f3n Blanco con Puntas Doradas, dise\u00f1ados para ofrecer resistencia y dinamismo.\" \/>\n<meta name=\"robots\" content=\"index, follow, max-snippet:-1, max-image-preview:large, max-video-preview:-1\" \/>\n<link rel=\"canonical\" href=\"https:\/\/www.loopkinglaces.com\/es\/products\/cordones-planos-de-algodon-blanco-con-puntas-doradas\/\" \/>\n<meta property=\"og:locale\" content=\"es_ES\" \/>\n<meta property=\"og:type\" content=\"article\" \/>\n<meta property=\"og:title\" content=\"Cordones Planos de Algod\u00f3n Blanco con Puntas Doradas\" \/>\n<meta property=\"og:description\" content=\"Transforma tu calzado en un atuendo cautivador con nuestros cl\u00e1sicos Cordones Planos de Algod\u00f3n Blanco con Puntas Doradas, dise\u00f1ados para ofrecer resistencia y dinamismo.\" \/>\n<meta property=\"og:url\" content=\"https:\/\/www.loopkinglaces.com\/es\/products\/cordones-planos-de-algodon-blanco-con-puntas-doradas\/\" \/>\n<meta property=\"og:site_name\" content=\"Luxury Gold Tip Shoelaces by Loop King Laces\" \/>\n<meta property=\"article:publisher\" content=\"https:\/\/www.facebook.com\/LoopKingLaces\/\" \/>\n<meta property=\"article:modified_time\" content=\"2024-10-03T20:47:28+00:00\" \/>\n<meta property=\"og:image\" content=\"https:\/\/www.loopkinglaces.com\/wp-content\/uploads\/IMG_2260.jpg\" \/>\n\t<meta property=\"og:image:width\" content=\"900\" \/>\n\t<meta property=\"og:image:height\" content=\"898\" \/>\n\t<meta property=\"og:image:type\" content=\"image\/jpeg\" \/>\n<meta name=\"twitter:card\" content=\"summary_large_image\" \/>\n<meta name=\"twitter:site\" content=\"@loopkinglaces\" \/>\n<script type=\"application\/ld+json\" class=\"yoast-schema-graph\">{\"@context\":\"https:\\\/\\\/schema.org\",\"@graph\":[{\"@type\":[\"WebPage\",\"ItemPage\"],\"@id\":\"https:\\\/\\\/www.loopkinglaces.com\\\/es\\\/products\\\/cordones-planos-de-algodon-blanco-con-puntas-doradas\\\/\",\"url\":\"https:\\\/\\\/www.loopkinglaces.com\\\/es\\\/products\\\/cordones-planos-de-algodon-blanco-con-puntas-doradas\\\/\",\"name\":\"Cordones Planos de Algod\u00f3n Blanco con Puntas Doradas\",\"isPartOf\":{\"@id\":\"https:\\\/\\\/www.loopkinglaces.com\\\/es\\\/#website\"},\"primaryImageOfPage\":{\"@id\":\"https:\\\/\\\/www.loopkinglaces.com\\\/es\\\/products\\\/cordones-planos-de-algodon-blanco-con-puntas-doradas\\\/#primaryimage\"},\"image\":{\"@id\":\"https:\\\/\\\/www.loopkinglaces.com\\\/es\\\/products\\\/cordones-planos-de-algodon-blanco-con-puntas-doradas\\\/#primaryimage\"},\"thumbnailUrl\":\"https:\\\/\\\/www.loopkinglaces.com\\\/wp-content\\\/uploads\\\/IMG_2260.jpg\",\"datePublished\":\"2023-03-22T16:04:40+00:00\",\"dateModified\":\"2024-10-03T20:47:28+00:00\",\"description\":\"Transforma tu calzado en un atuendo cautivador con nuestros cl\u00e1sicos Cordones Planos de Algod\u00f3n Blanco con Puntas Doradas, dise\u00f1ados para ofrecer resistencia y dinamismo.\",\"breadcrumb\":{\"@id\":\"https:\\\/\\\/www.loopkinglaces.com\\\/es\\\/products\\\/cordones-planos-de-algodon-blanco-con-puntas-doradas\\\/#breadcrumb\"},\"inLanguage\":\"es\",\"potentialAction\":[{\"@type\":\"ReadAction\",\"target\":[\"https:\\\/\\\/www.loopkinglaces.com\\\/es\\\/products\\\/cordones-planos-de-algodon-blanco-con-puntas-doradas\\\/\"]}]},{\"@type\":\"ImageObject\",\"inLanguage\":\"es\",\"@id\":\"https:\\\/\\\/www.loopkinglaces.com\\\/es\\\/products\\\/cordones-planos-de-algodon-blanco-con-puntas-doradas\\\/#primaryimage\",\"url\":\"https:\\\/\\\/www.loopkinglaces.com\\\/wp-content\\\/uploads\\\/IMG_2260.jpg\",\"contentUrl\":\"https:\\\/\\\/www.loopkinglaces.com\\\/wp-content\\\/uploads\\\/IMG_2260.jpg\",\"width\":900,\"height\":898},{\"@type\":\"BreadcrumbList\",\"@id\":\"https:\\\/\\\/www.loopkinglaces.com\\\/es\\\/products\\\/cordones-planos-de-algodon-blanco-con-puntas-doradas\\\/#breadcrumb\",\"itemListElement\":[{\"@type\":\"ListItem\",\"position\":1,\"name\":\"Home\",\"item\":\"https:\\\/\\\/www.loopkinglaces.com\\\/es\\\/\"},{\"@type\":\"ListItem\",\"position\":2,\"name\":\"COMPRAR LACAS\",\"item\":\"https:\\\/\\\/www.loopkinglaces.com\\\/es\\\/comprar-lacas\\\/\"},{\"@type\":\"ListItem\",\"position\":3,\"name\":\"Cordones Planos de Algod\u00f3n Blanco con Puntas Doradas\"}]},{\"@type\":\"WebSite\",\"@id\":\"https:\\\/\\\/www.loopkinglaces.com\\\/es\\\/#website\",\"url\":\"https:\\\/\\\/www.loopkinglaces.com\\\/es\\\/\",\"name\":\"Luxury Gold Tip Shoelaces by Loop King Laces\",\"description\":\"Rope Laces, Flat Waxed Laces and Leather Laces. All With Gold Tips.\",\"publisher\":{\"@id\":\"https:\\\/\\\/www.loopkinglaces.com\\\/es\\\/#organization\"},\"potentialAction\":[{\"@type\":\"SearchAction\",\"target\":{\"@type\":\"EntryPoint\",\"urlTemplate\":\"https:\\\/\\\/www.loopkinglaces.com\\\/es\\\/?s={search_term_string}\"},\"query-input\":{\"@type\":\"PropertyValueSpecification\",\"valueRequired\":true,\"valueName\":\"search_term_string\"}}],\"inLanguage\":\"es\"},{\"@type\":\"Organization\",\"@id\":\"https:\\\/\\\/www.loopkinglaces.com\\\/es\\\/#organization\",\"name\":\"Loop King Laces\",\"url\":\"https:\\\/\\\/www.loopkinglaces.com\\\/es\\\/\",\"logo\":{\"@type\":\"ImageObject\",\"inLanguage\":\"es\",\"@id\":\"https:\\\/\\\/www.loopkinglaces.com\\\/es\\\/#\\\/schema\\\/logo\\\/image\\\/\",\"url\":\"https:\\\/\\\/www.loopkinglaces.com\\\/wp-content\\\/uploads\\\/LOOP-KING-LACES.1.1-01-LOGO-HI-RES-OFFICIAL-1.png\",\"contentUrl\":\"https:\\\/\\\/www.loopkinglaces.com\\\/wp-content\\\/uploads\\\/LOOP-KING-LACES.1.1-01-LOGO-HI-RES-OFFICIAL-1.png\",\"width\":128,\"height\":91,\"caption\":\"Loop King Laces\"},\"image\":{\"@id\":\"https:\\\/\\\/www.loopkinglaces.com\\\/es\\\/#\\\/schema\\\/logo\\\/image\\\/\"},\"sameAs\":[\"https:\\\/\\\/www.facebook.com\\\/LoopKingLaces\\\/\",\"https:\\\/\\\/x.com\\\/loopkinglaces\",\"https:\\\/\\\/www.instagram.com\\\/loopkinglaces\\\/\"]}]}<\/script>\n<!-- \/ Yoast SEO plugin. -->","yoast_head_json":{"title":"Cordones Planos de Algod\u00f3n Blanco con Puntas Doradas","description":"Transforma tu calzado en un atuendo cautivador con nuestros cl\u00e1sicos Cordones Planos de Algod\u00f3n Blanco con Puntas Doradas, dise\u00f1ados para ofrecer resistencia y dinamismo.","robots":{"index":"index","follow":"follow","max-snippet":"max-snippet:-1","max-image-preview":"max-image-preview:large","max-video-preview":"max-video-preview:-1"},"canonical":"https:\/\/www.loopkinglaces.com\/es\/products\/cordones-planos-de-algodon-blanco-con-puntas-doradas\/","og_locale":"es_ES","og_type":"article","og_title":"Cordones Planos de Algod\u00f3n Blanco con Puntas Doradas","og_description":"Transforma tu calzado en un atuendo cautivador con nuestros cl\u00e1sicos Cordones Planos de Algod\u00f3n Blanco con Puntas Doradas, dise\u00f1ados para ofrecer resistencia y dinamismo.","og_url":"https:\/\/www.loopkinglaces.com\/es\/products\/cordones-planos-de-algodon-blanco-con-puntas-doradas\/","og_site_name":"Luxury Gold Tip Shoelaces by Loop King Laces","article_publisher":"https:\/\/www.facebook.com\/LoopKingLaces\/","article_modified_time":"2024-10-03T20:47:28+00:00","og_image":[{"width":900,"height":898,"url":"https:\/\/www.loopkinglaces.com\/wp-content\/uploads\/IMG_2260.jpg","type":"image\/jpeg"}],"twitter_card":"summary_large_image","twitter_site":"@loopkinglaces","schema":{"@context":"https:\/\/schema.org","@graph":[{"@type":["WebPage","ItemPage"],"@id":"https:\/\/www.loopkinglaces.com\/es\/products\/cordones-planos-de-algodon-blanco-con-puntas-doradas\/","url":"https:\/\/www.loopkinglaces.com\/es\/products\/cordones-planos-de-algodon-blanco-con-puntas-doradas\/","name":"Cordones Planos de Algod\u00f3n Blanco con Puntas Doradas","isPartOf":{"@id":"https:\/\/www.loopkinglaces.com\/es\/#website"},"primaryImageOfPage":{"@id":"https:\/\/www.loopkinglaces.com\/es\/products\/cordones-planos-de-algodon-blanco-con-puntas-doradas\/#primaryimage"},"image":{"@id":"https:\/\/www.loopkinglaces.com\/es\/products\/cordones-planos-de-algodon-blanco-con-puntas-doradas\/#primaryimage"},"thumbnailUrl":"https:\/\/www.loopkinglaces.com\/wp-content\/uploads\/IMG_2260.jpg","datePublished":"2023-03-22T16:04:40+00:00","dateModified":"2024-10-03T20:47:28+00:00","description":"Transforma tu calzado en un atuendo cautivador con nuestros cl\u00e1sicos Cordones Planos de Algod\u00f3n Blanco con Puntas Doradas, dise\u00f1ados para ofrecer resistencia y dinamismo.","breadcrumb":{"@id":"https:\/\/www.loopkinglaces.com\/es\/products\/cordones-planos-de-algodon-blanco-con-puntas-doradas\/#breadcrumb"},"inLanguage":"es","potentialAction":[{"@type":"ReadAction","target":["https:\/\/www.loopkinglaces.com\/es\/products\/cordones-planos-de-algodon-blanco-con-puntas-doradas\/"]}]},{"@type":"ImageObject","inLanguage":"es","@id":"https:\/\/www.loopkinglaces.com\/es\/products\/cordones-planos-de-algodon-blanco-con-puntas-doradas\/#primaryimage","url":"https:\/\/www.loopkinglaces.com\/wp-content\/uploads\/IMG_2260.jpg","contentUrl":"https:\/\/www.loopkinglaces.com\/wp-content\/uploads\/IMG_2260.jpg","width":900,"height":898},{"@type":"BreadcrumbList","@id":"https:\/\/www.loopkinglaces.com\/es\/products\/cordones-planos-de-algodon-blanco-con-puntas-doradas\/#breadcrumb","itemListElement":[{"@type":"ListItem","position":1,"name":"Home","item":"https:\/\/www.loopkinglaces.com\/es\/"},{"@type":"ListItem","position":2,"name":"COMPRAR LACAS","item":"https:\/\/www.loopkinglaces.com\/es\/comprar-lacas\/"},{"@type":"ListItem","position":3,"name":"Cordones Planos de Algod\u00f3n Blanco con Puntas Doradas"}]},{"@type":"WebSite","@id":"https:\/\/www.loopkinglaces.com\/es\/#website","url":"https:\/\/www.loopkinglaces.com\/es\/","name":"Luxury Gold Tip Shoelaces by Loop King Laces","description":"Rope Laces, Flat Waxed Laces and Leather Laces. All With Gold Tips.","publisher":{"@id":"https:\/\/www.loopkinglaces.com\/es\/#organization"},"potentialAction":[{"@type":"SearchAction","target":{"@type":"EntryPoint","urlTemplate":"https:\/\/www.loopkinglaces.com\/es\/?s={search_term_string}"},"query-input":{"@type":"PropertyValueSpecification","valueRequired":true,"valueName":"search_term_string"}}],"inLanguage":"es"},{"@type":"Organization","@id":"https:\/\/www.loopkinglaces.com\/es\/#organization","name":"Loop King Laces","url":"https:\/\/www.loopkinglaces.com\/es\/","logo":{"@type":"ImageObject","inLanguage":"es","@id":"https:\/\/www.loopkinglaces.com\/es\/#\/schema\/logo\/image\/","url":"https:\/\/www.loopkinglaces.com\/wp-content\/uploads\/LOOP-KING-LACES.1.1-01-LOGO-HI-RES-OFFICIAL-1.png","contentUrl":"https:\/\/www.loopkinglaces.com\/wp-content\/uploads\/LOOP-KING-LACES.1.1-01-LOGO-HI-RES-OFFICIAL-1.png","width":128,"height":91,"caption":"Loop King Laces"},"image":{"@id":"https:\/\/www.loopkinglaces.com\/es\/#\/schema\/logo\/image\/"},"sameAs":["https:\/\/www.facebook.com\/LoopKingLaces\/","https:\/\/x.com\/loopkinglaces","https:\/\/www.instagram.com\/loopkinglaces\/"]}]}},"_links":{"self":[{"href":"https:\/\/www.loopkinglaces.com\/es\/wp-json\/wp\/v2\/product\/71238","targetHints":{"allow":["GET"]}}],"collection":[{"href":"https:\/\/www.loopkinglaces.com\/es\/wp-json\/wp\/v2\/product"}],"about":[{"href":"https:\/\/www.loopkinglaces.com\/es\/wp-json\/wp\/v2\/types\/product"}],"replies":[{"embeddable":true,"href":"https:\/\/www.loopkinglaces.com\/es\/wp-json\/wp\/v2\/comments?post=71238"}],"wp:featuredmedia":[{"embeddable":true,"href":"https:\/\/www.loopkinglaces.com\/es\/wp-json\/wp\/v2\/media\/71250"}],"wp:attachment":[{"href":"https:\/\/www.loopkinglaces.com\/es\/wp-json\/wp\/v2\/media?parent=71238"}],"wp:term":[{"taxonomy":"product_brand","embeddable":true,"href":"https:\/\/www.loopkinglaces.com\/es\/wp-json\/wp\/v2\/product_brand?post=71238"},{"taxonomy":"product_cat","embeddable":true,"href":"https:\/\/www.loopkinglaces.com\/es\/wp-json\/wp\/v2\/product_cat?post=71238"},{"taxonomy":"product_tag","embeddable":true,"href":"https:\/\/www.loopkinglaces.com\/es\/wp-json\/wp\/v2\/product_tag?post=71238"},{"taxonomy":"woo-feed-brand","embeddable":true,"href":"https:\/\/www.loopkinglaces.com\/es\/wp-json\/wp\/v2\/woo-feed-brand?post=71238"}],"curies":[{"name":"wp","href":"https:\/\/api.w.org\/{rel}","templated":true}]}}